{"id":17467,"date":"2025-03-22T10:03:35","date_gmt":"2025-03-22T08:03:35","guid":{"rendered":"https:\/\/skaitytaknyga.lt\/?post_type=product&#038;p=17467"},"modified":"2025-05-13T10:14:39","modified_gmt":"2025-05-13T07:14:39","slug":"mano-laime-ir-pragaras-su-pablo-eskobaru","status":"publish","type":"product","link":"https:\/\/skaitytaknyga.lt\/en\/produktas\/mano-laime-ir-pragaras-su-pablo-eskobaru\/","title":{"rendered":"Mano laim\u0117 ir pragaras su Pablo Eskobaru"},"content":{"rendered":"<p>Po 25-eri\u0173 met\u0173 nuo garsiausio pasaulyje narkobarono\u00a0<strong>Pablo Eskobaro<\/strong>\u00a0mirties paslaptingiausia jo epop\u0117jos heroj\u0117 ir i\u0161tikima bedra\u017eyg\u0117 pasiry\u017eo papasakoti savo istorij\u0105 ir atskleisti, koks buvo tikrasis \u017emogus, slypintis u\u017e legendos. Pristatome tarptautin\u012f bestseler\u012f \u2013 kokaino karaliaus\u00a0<strong>Pablo Escobaro<\/strong>\u00a0na\u0161l\u0117s\u00a0<strong>Victorios Eugenios Henao<\/strong>\u00a0memuarus\u00a0<strong>MANO LAIM\u0116 IR PRAGARAS SU PABLO ESKOBARU<\/strong>\u00a0su niekur anks\u010diau nematytomis asmenin\u0117mis nuotraukomis.<\/p>\n<p><strong>Pablo Escobaro<\/strong>, vieno i\u0161 turtingiausi\u0173, galingiausi\u0173 ir \u017eiauriausi\u0173 vis\u0173 laik\u0173 nusikalt\u0117li\u0173, istorija domina vis\u0105 pasaul\u012f. Ta\u010diau artimiausias jam \u017emogus niekada nekalb\u0117jo \u2013 bent iki \u0161iol.<\/p>\n<p>Trylikamet\u0117 Victoria, kilusi i\u0161 pasiturin\u010dios \u0161eimos, lankiusi priva\u010dias mokyklas, \u012fsimyl\u0117jo neturting\u0105 vaikin\u0105 i\u0161 provincijos, Pablo, ir jau po dvej\u0173 met\u0173 apsigyveno kartu.<\/p>\n<p>Nepaisydama daugyb\u0117s nei\u0161tikimybi\u0173 ir smurto, buvo \u0161alia vyro dar 16 met\u0173 iki pat jo mirties. Tai ji \u012ftikino Pablo sudaryti taikos sutart\u012f su prie\u0161ais ir sugeb\u0117jo susitarti d\u0117l savo ir vaik\u0173 laisv\u0117s po jo mirties.<\/p>\n<p>Tai mil\u017eini\u0161kos aistros, smurto ir pavoj\u0173 istorija.<\/p>\n<p>Jis tur\u0117jo reaktyvini\u0173 l\u0117ktuv\u0173 ir sraigtasparni\u0173 park\u0105 bei daugyb\u0119 dvar\u0173 \u2013 vien\u0105 i\u0161 j\u0173 puo\u0161\u0117 ledo arena ir boulingo al\u0117ja. Sve\u010di\u0173 ir savo d\u017eiaugsmui net buvo \u012fk\u016br\u0119s egzoti\u0161k\u0173 gyv\u016bn\u0173 zoologijos sod\u0105.<\/p>\n<p>Vienu metu, P. Eskobaras rimtai svarst\u0117 u\u017eimti Kolumbijos prezidento post\u0105, o jo \u017emona jau matavosi pirmosios ponios sukneles.<\/p>\n<p>Kolumbijos kokaino karalius kadaise buvo laikomas septintuoju turtingiausiu pasaulio \u017emogumi, ta\u010diau, pasak jo na\u0161l\u0117s, \u0161i\u0105 stulbinam\u0105 prabang\u0105 nuvertino b\u016bdai, kuriais ji buvo pasiekta.<\/p>\n<p>Ta\u010diau ji niekada nepaliko vyro \u2013 ne tik tod\u0117l, kad bijojo, bet ir tod\u0117l, kad myl\u0117jo&#8230;<\/p>\n<ul class=\"about-product d-none d-xl-block mt-4\">\n<li><strong>Autorius:<\/strong>\u00a0Victoria Eugenia Henao<\/li>\n<li><strong>Leid\u0117jas:<\/strong>\u00a0Obuolys<\/li>\n<li><strong>Metai:<\/strong>\u00a02020<\/li>\n<li><strong>Puslapiai:<\/strong>\u00a0512<\/li>\n<li class=\"toggleable type-new-formats \"><strong>ISBN:<\/strong>\u00a09786094840951<\/li>\n<li><strong>Versijos kodas:<\/strong>\u00a0PT.<\/li>\n<li class=\"toggleable type-new-formats \"><strong>Formatas:<\/strong>\u00a014,3 x 20,8 x 4 cm, mink\u0161ti vir\u0161eliai<\/li>\n<li><strong>Kalba:<\/strong>\u00a0Lietuvi\u0173<\/li>\n<li><strong>Vert\u0117jas:<\/strong>\u00a0Ieva Baranauskait\u0117<\/li>\n<\/ul>\n","protected":false},"excerpt":{"rendered":"<p>Po 25-eri\u0173 met\u0173 nuo garsiausio pasaulyje narkobarono\u00a0Pablo Eskobaro\u00a0mirties paslaptingiausia jo epop\u0117jos heroj\u0117 ir i\u0161tikima bedra\u017eyg\u0117 pasiry\u017eo papasakoti savo istorij\u0105 ir atskleisti, koks buvo tikrasis \u017emogus, slypintis u\u017e legendos. Pristatome tarptautin\u012f bestseler\u012f \u2013 kokaino karaliaus\u00a0Pablo Escobaro\u00a0na\u0161l\u0117s\u00a0Victorios Eugenios Henao\u00a0memuarus\u00a0MANO LAIM\u0116 IR PRAGARAS SU PABLO ESKOBARU\u00a0su niekur anks\u010diau nematytomis asmenin\u0117mis nuotraukomis. Pablo Escobaro, vieno i\u0161 turtingiausi\u0173, galingiausi\u0173 ir \u017eiauriausi\u0173 vis\u0173 laik\u0173 nusikalt\u0117li\u0173, istorija domina vis\u0105 pasaul\u012f. Ta\u010diau artimiausias jam \u017emogus niekada nekalb\u0117jo \u2013 bent iki \u0161iol. Trylikamet\u0117 Victoria, kilusi i\u0161 pasiturin\u010dios \u0161eimos, lankiusi priva\u010dias mokyklas, \u012fsimyl\u0117jo neturting\u0105 vaikin\u0105 i\u0161 provincijos, Pablo, ir jau po dvej\u0173 met\u0173 apsigyveno kartu. Nepaisydama daugyb\u0117s nei\u0161tikimybi\u0173 ir smurto, buvo \u0161alia vyro dar 16 met\u0173 iki pat jo mirties. Tai ji \u012ftikino Pablo sudaryti taikos sutart\u012f su prie\u0161ais ir sugeb\u0117jo susitarti d\u0117l savo ir vaik\u0173 laisv\u0117s po jo mirties. Tai mil\u017eini\u0161kos aistros, smurto ir pavoj\u0173 istorija. Jis tur\u0117jo reaktyvini\u0173 l\u0117ktuv\u0173 ir sraigtasparni\u0173 park\u0105 bei daugyb\u0119 dvar\u0173 \u2013 vien\u0105 i\u0161 j\u0173 puo\u0161\u0117 ledo arena ir boulingo al\u0117ja. Sve\u010di\u0173 ir savo d\u017eiaugsmui net buvo \u012fk\u016br\u0119s egzoti\u0161k\u0173 gyv\u016bn\u0173 zoologijos sod\u0105. Vienu metu, P. Eskobaras rimtai svarst\u0117 u\u017eimti Kolumbijos prezidento post\u0105, o jo \u017emona jau matavosi pirmosios ponios sukneles. Kolumbijos kokaino karalius kadaise buvo laikomas septintuoju turtingiausiu pasaulio \u017emogumi, ta\u010diau, pasak jo na\u0161l\u0117s, \u0161i\u0105 stulbinam\u0105 prabang\u0105 nuvertino b\u016bdai, kuriais ji buvo pasiekta. Ta\u010diau ji niekada nepaliko vyro \u2013 ne tik tod\u0117l, kad bijojo, bet ir tod\u0117l, kad myl\u0117jo&#8230; Autorius:\u00a0Victoria Eugenia Henao Leid\u0117jas:\u00a0Obuolys Metai:\u00a02020 Puslapiai:\u00a0512 ISBN:\u00a09786094840951 Versijos kodas:\u00a0PT. Formatas:\u00a014,3 x 20,8 x 4 cm, mink\u0161ti vir\u0161eliai Kalba:\u00a0Lietuvi\u0173 Vert\u0117jas:\u00a0Ieva Baranauskait\u0117<\/p>\n","protected":false},"featured_media":17469,"comment_status":"closed","ping_status":"closed","template":"","meta":{"_acf_changed":false,"site-sidebar-layout":"default","site-content-layout":"","ast-site-content-layout":"default","site-content-style":"default","site-sidebar-style":"default","ast-global-header-display":"","ast-banner-title-visibility":"","ast-main-header-display":"","ast-hfb-above-header-display":"","ast-hfb-below-header-display":"","ast-hfb-mobile-header-display":"","site-post-title":"","ast-breadcrumbs-content":"","ast-featured-img":"","footer-sml-layout":"","ast-disable-related-posts":"","theme-transparent-header-meta":"default","adv-header-id-meta":"","stick-header-meta":"","header-above-stick-meta":"","header-main-stick-meta":"","header-below-stick-meta":"","astra-migrate-meta-layouts":"set","ast-page-background-enabled":"default","ast-page-background-meta":{"desktop":{"background-color":"","background-image":"","background-repeat":"repeat","background-position":"center center","background-size":"auto","background-attachment":"scroll","background-type":"","background-media":"","overlay-type":"","overlay-color":"","overlay-opacity":"","overlay-gradient":""},"tablet":{"background-color":"","background-image":"","background-repeat":"repeat","background-position":"center center","background-size":"auto","background-attachment":"scroll","background-type":"","background-media":"","overlay-type":"","overlay-color":"","overlay-opacity":"","overlay-gradient":""},"mobile":{"background-color":"","background-image":"","background-repeat":"repeat","background-position":"center center","background-size":"auto","background-attachment":"scroll","background-type":"","background-media":"","overlay-type":"","overlay-color":"","overlay-opacity":"","overlay-gradient":""}},"ast-content-background-meta":{"desktop":{"background-color":"var(--ast-global-color-4)","background-image":"","background-repeat":"repeat","background-position":"center center","background-size":"auto","background-attachment":"scroll","background-type":"","background-media":"","overlay-type":"","overlay-color":"","overlay-opacity":"","overlay-gradient":""},"tablet":{"background-color":"var(--ast-global-color-4)","background-image":"","background-repeat":"repeat","background-position":"center center","background-size":"auto","background-attachment":"scroll","background-type":"","background-media":"","overlay-type":"","overlay-color":"","overlay-opacity":"","overlay-gradient":""},"mobile":{"background-color":"var(--ast-global-color-4)","background-image":"","background-repeat":"repeat","background-position":"center center","background-size":"auto","background-attachment":"scroll","background-type":"","background-media":"","overlay-type":"","overlay-color":"","overlay-opacity":"","overlay-gradient":""}}},"product_brand":[],"product_cat":[33],"product_tag":[2115,2117,1227,2116,2118,2114,2113],"class_list":{"0":"post-17467","1":"product","2":"type-product","3":"status-publish","4":"has-post-thumbnail","6":"product_cat-biografijos","7":"product_tag-kolumbija","8":"product_tag-meile-ir-isdavyste","9":"product_tag-memuarai","10":"product_tag-narkotiku-prekyba","11":"product_tag-nusikalteliai","12":"product_tag-pablo-escobar","13":"product_tag-virginia-vallejo","14":"desktop-align-left","15":"tablet-align-left","16":"mobile-align-left","18":"first","19":"instock","20":"shipping-taxable","21":"purchasable","22":"product-type-simple"},"acf":[],"yoast_head":"<!-- This site is optimized with the Yoast SEO plugin v27.4 - https:\/\/yoast.com\/product\/yoast-seo-wordpress\/ -->\n<title>Mano laim\u0117 ir pragaras su Pablo Eskobaru<\/title>\n<meta name=\"description\" content=\"Po 25-eri\u0173 met\u0173 nuo garsiausio pasaulyje narkobarono\u00a0Pablo Eskobaro\u00a0mirties paslaptingiausia jo epop\u0117jos heroj\u0117 ir i\u0161tikima bedra\u017eyg\u0117 pasiry\u017eo papasakoti\" \/>\n<meta name=\"robots\" content=\"index, follow, max-snippet:-1, max-image-preview:large, max-video-preview:-1\" \/>\n<link rel=\"canonical\" href=\"https:\/\/skaitytaknyga.lt\/en\/produktas\/mano-laime-ir-pragaras-su-pablo-eskobaru\/\" \/>\n<meta property=\"og:locale\" content=\"en_GB\" \/>\n<meta property=\"og:locale:alternate\" content=\"lt_LT\" \/>\n<meta property=\"og:type\" content=\"article\" \/>\n<meta property=\"og:title\" content=\"Mano laim\u0117 ir pragaras su Pablo Eskobaru\" \/>\n<meta property=\"og:description\" content=\"Po 25-eri\u0173 met\u0173 nuo garsiausio pasaulyje narkobarono\u00a0Pablo Eskobaro\u00a0mirties paslaptingiausia jo epop\u0117jos heroj\u0117 ir i\u0161tikima bedra\u017eyg\u0117 pasiry\u017eo papasakoti\" \/>\n<meta property=\"og:url\" content=\"https:\/\/skaitytaknyga.lt\/en\/produktas\/mano-laime-ir-pragaras-su-pablo-eskobaru\/\" \/>\n<meta property=\"og:site_name\" content=\"Skaitytaknyga\" \/>\n<meta property=\"article:publisher\" content=\"https:\/\/www.facebook.com\/skaitytaknyga\/\" \/>\n<meta property=\"article:modified_time\" content=\"2025-05-13T07:14:39+00:00\" \/>\n<meta property=\"og:image\" content=\"https:\/\/skaitytaknyga.lt\/wp-content\/uploads\/2025\/03\/Mano-laime-ir-pragaras-su-Pablo-Eskobaru.webp\" \/>\n\t<meta property=\"og:image:width\" content=\"440\" \/>\n\t<meta property=\"og:image:height\" content=\"675\" \/>\n\t<meta property=\"og:image:type\" content=\"image\/webp\" \/>\n<meta name=\"twitter:card\" content=\"summary_large_image\" \/>\n<meta name=\"twitter:label1\" content=\"Estimated reading time\" \/>\n\t<meta name=\"twitter:data1\" content=\"2 minutes\" \/>\n<script type=\"application\/ld+json\" class=\"yoast-schema-graph\">{\"@context\":\"https:\\\/\\\/schema.org\",\"@graph\":[{\"@type\":\"WebPage\",\"@id\":\"https:\\\/\\\/skaitytaknyga.lt\\\/produktas\\\/mano-laime-ir-pragaras-su-pablo-eskobaru\\\/\",\"url\":\"https:\\\/\\\/skaitytaknyga.lt\\\/produktas\\\/mano-laime-ir-pragaras-su-pablo-eskobaru\\\/\",\"name\":\"Mano laim\u0117 ir pragaras su Pablo Eskobaru\",\"isPartOf\":{\"@id\":\"https:\\\/\\\/skaitytaknyga.lt\\\/#website\"},\"primaryImageOfPage\":{\"@id\":\"https:\\\/\\\/skaitytaknyga.lt\\\/produktas\\\/mano-laime-ir-pragaras-su-pablo-eskobaru\\\/#primaryimage\"},\"image\":{\"@id\":\"https:\\\/\\\/skaitytaknyga.lt\\\/produktas\\\/mano-laime-ir-pragaras-su-pablo-eskobaru\\\/#primaryimage\"},\"thumbnailUrl\":\"https:\\\/\\\/skaitytaknyga.lt\\\/wp-content\\\/uploads\\\/2025\\\/03\\\/Mano-laime-ir-pragaras-su-Pablo-Eskobaru.webp\",\"datePublished\":\"2025-03-22T08:03:35+00:00\",\"dateModified\":\"2025-05-13T07:14:39+00:00\",\"description\":\"Po 25-eri\u0173 met\u0173 nuo garsiausio pasaulyje narkobarono\u00a0Pablo Eskobaro\u00a0mirties paslaptingiausia jo epop\u0117jos heroj\u0117 ir i\u0161tikima bedra\u017eyg\u0117 pasiry\u017eo papasakoti\",\"breadcrumb\":{\"@id\":\"https:\\\/\\\/skaitytaknyga.lt\\\/produktas\\\/mano-laime-ir-pragaras-su-pablo-eskobaru\\\/#breadcrumb\"},\"inLanguage\":\"en-GB\",\"potentialAction\":[{\"@type\":\"ReadAction\",\"target\":[\"https:\\\/\\\/skaitytaknyga.lt\\\/produktas\\\/mano-laime-ir-pragaras-su-pablo-eskobaru\\\/\"]}]},{\"@type\":\"ImageObject\",\"inLanguage\":\"en-GB\",\"@id\":\"https:\\\/\\\/skaitytaknyga.lt\\\/produktas\\\/mano-laime-ir-pragaras-su-pablo-eskobaru\\\/#primaryimage\",\"url\":\"https:\\\/\\\/skaitytaknyga.lt\\\/wp-content\\\/uploads\\\/2025\\\/03\\\/Mano-laime-ir-pragaras-su-Pablo-Eskobaru.webp\",\"contentUrl\":\"https:\\\/\\\/skaitytaknyga.lt\\\/wp-content\\\/uploads\\\/2025\\\/03\\\/Mano-laime-ir-pragaras-su-Pablo-Eskobaru.webp\",\"width\":440,\"height\":675,\"caption\":\"Mano laim\u0117 ir pragaras su Pablo Eskobaru\"},{\"@type\":\"BreadcrumbList\",\"@id\":\"https:\\\/\\\/skaitytaknyga.lt\\\/produktas\\\/mano-laime-ir-pragaras-su-pablo-eskobaru\\\/#breadcrumb\",\"itemListElement\":[{\"@type\":\"ListItem\",\"position\":1,\"name\":\"Home\",\"item\":\"https:\\\/\\\/skaitytaknyga.lt\\\/\"},{\"@type\":\"ListItem\",\"position\":2,\"name\":\"Parduotuv\u0117\",\"item\":\"https:\\\/\\\/skaitytaknyga.lt\\\/knygu-parduotuve\\\/\"},{\"@type\":\"ListItem\",\"position\":3,\"name\":\"Mano laim\u0117 ir pragaras su Pablo Eskobaru\"}]},{\"@type\":\"WebSite\",\"@id\":\"https:\\\/\\\/skaitytaknyga.lt\\\/#website\",\"url\":\"https:\\\/\\\/skaitytaknyga.lt\\\/\",\"name\":\"skaitytaknyga.lt\",\"description\":\"Skaitytaknyga.lt \u2013 tai ma\u017eas \u0161eimos verslas, kuris prasid\u0117jo nuo meil\u0117s knygoms ir siekio i\u0161gelb\u0117ti knygas nuo likimo prie konteinerio. Kas vienam nereikalingas daiktas \u2013 kitam lobis, o mes esame tarpininkai, kurie padeda abiems tapti laimingesniems ???? \u017dinome kaip nelengva i\u0161gyventi ma\u017eiems verslams, tad nuo \u0161iol, \u010dia rasite ir kit\u0173, ma\u017e\u0173 \u0161eim\u0173 versl\u0173, rank\u0173 darbo, dovan\u0173 sau ir artimiesiems.\",\"publisher\":{\"@id\":\"https:\\\/\\\/skaitytaknyga.lt\\\/#organization\"},\"potentialAction\":[{\"@type\":\"SearchAction\",\"target\":{\"@type\":\"EntryPoint\",\"urlTemplate\":\"https:\\\/\\\/skaitytaknyga.lt\\\/?s={search_term_string}\"},\"query-input\":{\"@type\":\"PropertyValueSpecification\",\"valueRequired\":true,\"valueName\":\"search_term_string\"}}],\"inLanguage\":\"en-GB\"},{\"@type\":\"Organization\",\"@id\":\"https:\\\/\\\/skaitytaknyga.lt\\\/#organization\",\"name\":\"skaitytaknyga.lt\",\"url\":\"https:\\\/\\\/skaitytaknyga.lt\\\/\",\"logo\":{\"@type\":\"ImageObject\",\"inLanguage\":\"en-GB\",\"@id\":\"https:\\\/\\\/skaitytaknyga.lt\\\/#\\\/schema\\\/logo\\\/image\\\/\",\"url\":\"https:\\\/\\\/skaitytaknyga.lt\\\/wp-content\\\/uploads\\\/2024\\\/05\\\/cropped-cropped-cropped-02_00843_jt3bggkj1j3HLc7SyY6rEUpg.jpeg\",\"contentUrl\":\"https:\\\/\\\/skaitytaknyga.lt\\\/wp-content\\\/uploads\\\/2024\\\/05\\\/cropped-cropped-cropped-02_00843_jt3bggkj1j3HLc7SyY6rEUpg.jpeg\",\"width\":1600,\"height\":1600,\"caption\":\"skaitytaknyga.lt\"},\"image\":{\"@id\":\"https:\\\/\\\/skaitytaknyga.lt\\\/#\\\/schema\\\/logo\\\/image\\\/\"},\"sameAs\":[\"https:\\\/\\\/www.facebook.com\\\/skaitytaknyga\\\/\"]}]}<\/script>\n<!-- \/ Yoast SEO plugin. -->","yoast_head_json":{"title":"Mano laim\u0117 ir pragaras su Pablo Eskobaru","description":"Po 25-eri\u0173 met\u0173 nuo garsiausio pasaulyje narkobarono\u00a0Pablo Eskobaro\u00a0mirties paslaptingiausia jo epop\u0117jos heroj\u0117 ir i\u0161tikima bedra\u017eyg\u0117 pasiry\u017eo papasakoti","robots":{"index":"index","follow":"follow","max-snippet":"max-snippet:-1","max-image-preview":"max-image-preview:large","max-video-preview":"max-video-preview:-1"},"canonical":"https:\/\/skaitytaknyga.lt\/en\/produktas\/mano-laime-ir-pragaras-su-pablo-eskobaru\/","og_locale":"en_GB","og_type":"article","og_title":"[:lt]Mano laim\u0117 ir pragaras su Pablo Eskobaru[:] - Skaitytaknyga","og_description":"Po 25-eri\u0173 met\u0173 nuo garsiausio pasaulyje narkobarono\u00a0Pablo Eskobaro\u00a0mirties paslaptingiausia jo epop\u0117jos heroj\u0117 ir i\u0161tikima bedra\u017eyg\u0117 pasiry\u017eo papasakoti","og_url":"https:\/\/skaitytaknyga.lt\/en\/produktas\/mano-laime-ir-pragaras-su-pablo-eskobaru\/","og_site_name":"Skaitytaknyga","article_publisher":"https:\/\/www.facebook.com\/skaitytaknyga\/","article_modified_time":"2025-05-13T07:14:39+00:00","og_image":[{"width":440,"height":675,"url":"https:\/\/skaitytaknyga.lt\/wp-content\/uploads\/2025\/03\/Mano-laime-ir-pragaras-su-Pablo-Eskobaru.webp","type":"image\/webp"}],"twitter_card":"summary_large_image","twitter_misc":{"Estimated reading time":"2 minutes"},"schema":{"@context":"https:\/\/schema.org","@graph":[{"@type":"WebPage","@id":"https:\/\/skaitytaknyga.lt\/produktas\/mano-laime-ir-pragaras-su-pablo-eskobaru\/","url":"https:\/\/skaitytaknyga.lt\/produktas\/mano-laime-ir-pragaras-su-pablo-eskobaru\/","name":"Mano laim\u0117 ir pragaras su Pablo Eskobaru","isPartOf":{"@id":"https:\/\/skaitytaknyga.lt\/#website"},"primaryImageOfPage":{"@id":"https:\/\/skaitytaknyga.lt\/produktas\/mano-laime-ir-pragaras-su-pablo-eskobaru\/#primaryimage"},"image":{"@id":"https:\/\/skaitytaknyga.lt\/produktas\/mano-laime-ir-pragaras-su-pablo-eskobaru\/#primaryimage"},"thumbnailUrl":"https:\/\/skaitytaknyga.lt\/wp-content\/uploads\/2025\/03\/Mano-laime-ir-pragaras-su-Pablo-Eskobaru.webp","datePublished":"2025-03-22T08:03:35+00:00","dateModified":"2025-05-13T07:14:39+00:00","description":"Po 25-eri\u0173 met\u0173 nuo garsiausio pasaulyje narkobarono\u00a0Pablo Eskobaro\u00a0mirties paslaptingiausia jo epop\u0117jos heroj\u0117 ir i\u0161tikima bedra\u017eyg\u0117 pasiry\u017eo papasakoti","breadcrumb":{"@id":"https:\/\/skaitytaknyga.lt\/produktas\/mano-laime-ir-pragaras-su-pablo-eskobaru\/#breadcrumb"},"inLanguage":"en-GB","potentialAction":[{"@type":"ReadAction","target":["https:\/\/skaitytaknyga.lt\/produktas\/mano-laime-ir-pragaras-su-pablo-eskobaru\/"]}]},{"@type":"ImageObject","inLanguage":"en-GB","@id":"https:\/\/skaitytaknyga.lt\/produktas\/mano-laime-ir-pragaras-su-pablo-eskobaru\/#primaryimage","url":"https:\/\/skaitytaknyga.lt\/wp-content\/uploads\/2025\/03\/Mano-laime-ir-pragaras-su-Pablo-Eskobaru.webp","contentUrl":"https:\/\/skaitytaknyga.lt\/wp-content\/uploads\/2025\/03\/Mano-laime-ir-pragaras-su-Pablo-Eskobaru.webp","width":440,"height":675,"caption":"Mano laim\u0117 ir pragaras su Pablo Eskobaru"},{"@type":"BreadcrumbList","@id":"https:\/\/skaitytaknyga.lt\/produktas\/mano-laime-ir-pragaras-su-pablo-eskobaru\/#breadcrumb","itemListElement":[{"@type":"ListItem","position":1,"name":"Home","item":"https:\/\/skaitytaknyga.lt\/"},{"@type":"ListItem","position":2,"name":"Parduotuv\u0117","item":"https:\/\/skaitytaknyga.lt\/knygu-parduotuve\/"},{"@type":"ListItem","position":3,"name":"Mano laim\u0117 ir pragaras su Pablo Eskobaru"}]},{"@type":"WebSite","@id":"https:\/\/skaitytaknyga.lt\/#website","url":"https:\/\/skaitytaknyga.lt\/","name":"skaitytaknyga.lt","description":"Skaitytaknyga.lt \u2013 tai ma\u017eas \u0161eimos verslas, kuris prasid\u0117jo nuo meil\u0117s knygoms ir siekio i\u0161gelb\u0117ti knygas nuo likimo prie konteinerio. Kas vienam nereikalingas daiktas \u2013 kitam lobis, o mes esame tarpininkai, kurie padeda abiems tapti laimingesniems ???? \u017dinome kaip nelengva i\u0161gyventi ma\u017eiems verslams, tad nuo \u0161iol, \u010dia rasite ir kit\u0173, ma\u017e\u0173 \u0161eim\u0173 versl\u0173, rank\u0173 darbo, dovan\u0173 sau ir artimiesiems.","publisher":{"@id":"https:\/\/skaitytaknyga.lt\/#organization"},"potentialAction":[{"@type":"SearchAction","target":{"@type":"EntryPoint","urlTemplate":"https:\/\/skaitytaknyga.lt\/?s={search_term_string}"},"query-input":{"@type":"PropertyValueSpecification","valueRequired":true,"valueName":"search_term_string"}}],"inLanguage":"en-GB"},{"@type":"Organization","@id":"https:\/\/skaitytaknyga.lt\/#organization","name":"skaitytaknyga.lt","url":"https:\/\/skaitytaknyga.lt\/","logo":{"@type":"ImageObject","inLanguage":"en-GB","@id":"https:\/\/skaitytaknyga.lt\/#\/schema\/logo\/image\/","url":"https:\/\/skaitytaknyga.lt\/wp-content\/uploads\/2024\/05\/cropped-cropped-cropped-02_00843_jt3bggkj1j3HLc7SyY6rEUpg.jpeg","contentUrl":"https:\/\/skaitytaknyga.lt\/wp-content\/uploads\/2024\/05\/cropped-cropped-cropped-02_00843_jt3bggkj1j3HLc7SyY6rEUpg.jpeg","width":1600,"height":1600,"caption":"skaitytaknyga.lt"},"image":{"@id":"https:\/\/skaitytaknyga.lt\/#\/schema\/logo\/image\/"},"sameAs":["https:\/\/www.facebook.com\/skaitytaknyga\/"]}]}},"_links":{"self":[{"href":"https:\/\/skaitytaknyga.lt\/en\/wp-json\/wp\/v2\/product\/17467","targetHints":{"allow":["GET"]}}],"collection":[{"href":"https:\/\/skaitytaknyga.lt\/en\/wp-json\/wp\/v2\/product"}],"about":[{"href":"https:\/\/skaitytaknyga.lt\/en\/wp-json\/wp\/v2\/types\/product"}],"replies":[{"embeddable":true,"href":"https:\/\/skaitytaknyga.lt\/en\/wp-json\/wp\/v2\/comments?post=17467"}],"wp:featuredmedia":[{"embeddable":true,"href":"https:\/\/skaitytaknyga.lt\/en\/wp-json\/wp\/v2\/media\/17469"}],"wp:attachment":[{"href":"https:\/\/skaitytaknyga.lt\/en\/wp-json\/wp\/v2\/media?parent=17467"}],"wp:term":[{"taxonomy":"product_brand","embeddable":true,"href":"https:\/\/skaitytaknyga.lt\/en\/wp-json\/wp\/v2\/product_brand?post=17467"},{"taxonomy":"product_cat","embeddable":true,"href":"https:\/\/skaitytaknyga.lt\/en\/wp-json\/wp\/v2\/product_cat?post=17467"},{"taxonomy":"product_tag","embeddable":true,"href":"https:\/\/skaitytaknyga.lt\/en\/wp-json\/wp\/v2\/product_tag?post=17467"}],"curies":[{"name":"wp","href":"https:\/\/api.w.org\/{rel}","templated":true}]}}