{"id":17465,"date":"2025-03-22T10:01:50","date_gmt":"2025-03-22T08:01:50","guid":{"rendered":"https:\/\/skaitytaknyga.lt\/?post_type=product&#038;p=17465"},"modified":"2026-02-18T22:56:56","modified_gmt":"2026-02-18T20:56:56","slug":"gyvenimas-be-nuostatu-baimes-ir-nerimo","status":"publish","type":"product","link":"https:\/\/skaitytaknyga.lt\/en\/produktas\/gyvenimas-be-nuostatu-baimes-ir-nerimo\/","title":{"rendered":"Gyvenimas be nuostat\u0173, baim\u0117s ir nerimo"},"content":{"rendered":"<p><em>Gyvenimas per trumpas, kad susitaikytum\u0117te su nelaimingais santykiais, dirbtum\u0117te nemiel\u0105 darb\u0105 ar leistum\u0117te laik\u0105 aplinkoje, neteikian\u010dioje pripa\u017einimo ir meil\u0117s, kuri\u0173 esate verti.<\/em><\/p>\n<p>Psichoterapeutas\u00a0<strong>K. Bernhardtas<\/strong>, remdamasis ilgamete savo patirtimi, atskleid\u017eia s\u0117kmingai praktikoje i\u0161bandyt\u0105 metod\u0105, kaip susigr\u0105\u017einti psichologin\u0119 bei fizin\u0119 sveikat\u0105, i\u0161silaisvinti i\u0161 nuostat\u0173 ir neigiam\u0173 emocij\u0173.<\/p>\n<p>Remdamasis \u0161iuolaikiniais smegen\u0173 veiklos tyrimais, autorius kvie\u010dia su\u017einoti, kaip mes galime daryti \u012ftak\u0105 savo savijautai ir elgesiui ir atsisakyti i\u0161ankstini\u0173 \u012fsisen\u0117jusi\u0173 nuostat\u0173.<\/p>\n<p>\u2022 Su\u017einokite, kaip ir kas veikia m\u016bs\u0173 smegenis.<br \/>\n\u2022 Atpa\u017einkite organizmo siun\u010diamus signalus ir i\u0161siai\u0161kinkite tikr\u0105sias prie\u017eastis.<br \/>\n\u2022 I\u0161mokite penkias taisykles, kurios kei\u010dia vidin\u0119 min\u010di\u0173 kalb\u0105, ir pritaikykite tai kasdieniame gyvenime.<br \/>\n\u2022 Pasitik\u0117kite savimi, \u012f\u017evelkite naujas galimybes ir jas i\u0161naudokite.<br \/>\n\u2022 Pad\u0117kite sau, neb\u0117kite nuo poky\u010di\u0173 ir gyvenkite be nuostat\u0173, baim\u0117s ir nerimo!<\/p>\n<p>Love it, leave it or change it. &#8211;<br \/>\nHenry Ford<\/p>\n<ul class=\"about-product d-none d-xl-block mt-4\">\n<li><strong>Originalus pavadinimas:<\/strong>\u00a0Panikattacken und anders Angstst\u00f6rungen loswerden<\/li>\n<li><strong>Autorius:<\/strong>\u00a0Klaus Bernhardt<\/li>\n<li><strong>Leid\u0117jas:<\/strong>\u00a0Alma littera<\/li>\n<li><strong>Metai:<\/strong>\u00a02018<\/li>\n<li><strong>Puslapiai:<\/strong>\u00a0136<\/li>\n<li class=\"toggleable type-new-formats \"><strong>ISBN:<\/strong>\u00a09786090131909<\/li>\n<li><strong>Versijos kodas:<\/strong>\u00a0PT.<\/li>\n<li class=\"toggleable type-new-formats \"><strong>Formatas:<\/strong>\u00a014,3 x 21,3 x 1,8 cm, kieti vir\u0161eliai<\/li>\n<li><strong>Kalba:<\/strong>\u00a0Lietuvi\u0173<\/li>\n<li><strong>Vert\u0117jas:<\/strong>\u00a0Violeta \u017demaitien\u0117<\/li>\n<\/ul>\n","protected":false},"excerpt":{"rendered":"<p>Gyvenimas per trumpas, kad susitaikytum\u0117te su nelaimingais santykiais, dirbtum\u0117te nemiel\u0105 darb\u0105 ar leistum\u0117te laik\u0105 aplinkoje, neteikian\u010dioje pripa\u017einimo ir meil\u0117s, kuri\u0173 esate verti. Psichoterapeutas\u00a0K. Bernhardtas, remdamasis ilgamete savo patirtimi, atskleid\u017eia s\u0117kmingai praktikoje i\u0161bandyt\u0105 metod\u0105, kaip susigr\u0105\u017einti psichologin\u0119 bei fizin\u0119 sveikat\u0105, i\u0161silaisvinti i\u0161 nuostat\u0173 ir neigiam\u0173 emocij\u0173. Remdamasis \u0161iuolaikiniais smegen\u0173 veiklos tyrimais, autorius kvie\u010dia su\u017einoti, kaip mes galime daryti \u012ftak\u0105 savo savijautai ir elgesiui ir atsisakyti i\u0161ankstini\u0173 \u012fsisen\u0117jusi\u0173 nuostat\u0173. \u2022 Su\u017einokite, kaip ir kas veikia m\u016bs\u0173 smegenis. \u2022 Atpa\u017einkite organizmo siun\u010diamus signalus ir i\u0161siai\u0161kinkite tikr\u0105sias prie\u017eastis. \u2022 I\u0161mokite penkias taisykles, kurios kei\u010dia vidin\u0119 min\u010di\u0173 kalb\u0105, ir pritaikykite tai kasdieniame gyvenime. \u2022 Pasitik\u0117kite savimi, \u012f\u017evelkite naujas galimybes ir jas i\u0161naudokite. \u2022 Pad\u0117kite sau, neb\u0117kite nuo poky\u010di\u0173 ir gyvenkite be nuostat\u0173, baim\u0117s ir nerimo! Love it, leave it or change it. &#8211; Henry Ford Originalus pavadinimas:\u00a0Panikattacken und anders Angstst\u00f6rungen loswerden Autorius:\u00a0Klaus Bernhardt Leid\u0117jas:\u00a0Alma littera Metai:\u00a02018 Puslapiai:\u00a0136 ISBN:\u00a09786090131909 Versijos kodas:\u00a0PT. Formatas:\u00a014,3 x 21,3 x 1,8 cm, kieti vir\u0161eliai Kalba:\u00a0Lietuvi\u0173 Vert\u0117jas:\u00a0Violeta \u017demaitien\u0117<\/p>\n","protected":false},"featured_media":17466,"comment_status":"open","ping_status":"closed","template":"","meta":{"_acf_changed":false,"site-sidebar-layout":"default","site-content-layout":"","ast-site-content-layout":"default","site-content-style":"default","site-sidebar-style":"default","ast-global-header-display":"","ast-banner-title-visibility":"","ast-main-header-display":"","ast-hfb-above-header-display":"","ast-hfb-below-header-display":"","ast-hfb-mobile-header-display":"","site-post-title":"","ast-breadcrumbs-content":"","ast-featured-img":"","footer-sml-layout":"","ast-disable-related-posts":"","theme-transparent-header-meta":"default","adv-header-id-meta":"","stick-header-meta":"","header-above-stick-meta":"","header-main-stick-meta":"","header-below-stick-meta":"","astra-migrate-meta-layouts":"set","ast-page-background-enabled":"default","ast-page-background-meta":{"desktop":{"background-color":"","background-image":"","background-repeat":"repeat","background-position":"center center","background-size":"auto","background-attachment":"scroll","background-type":"","background-media":"","overlay-type":"","overlay-color":"","overlay-opacity":"","overlay-gradient":""},"tablet":{"background-color":"","background-image":"","background-repeat":"repeat","background-position":"center center","background-size":"auto","background-attachment":"scroll","background-type":"","background-media":"","overlay-type":"","overlay-color":"","overlay-opacity":"","overlay-gradient":""},"mobile":{"background-color":"","background-image":"","background-repeat":"repeat","background-position":"center center","background-size":"auto","background-attachment":"scroll","background-type":"","background-media":"","overlay-type":"","overlay-color":"","overlay-opacity":"","overlay-gradient":""}},"ast-content-background-meta":{"desktop":{"background-color":"var(--ast-global-color-4)","background-image":"","background-repeat":"repeat","background-position":"center center","background-size":"auto","background-attachment":"scroll","background-type":"","background-media":"","overlay-type":"","overlay-color":"","overlay-opacity":"","overlay-gradient":""},"tablet":{"background-color":"var(--ast-global-color-4)","background-image":"","background-repeat":"repeat","background-position":"center center","background-size":"auto","background-attachment":"scroll","background-type":"","background-media":"","overlay-type":"","overlay-color":"","overlay-opacity":"","overlay-gradient":""},"mobile":{"background-color":"var(--ast-global-color-4)","background-image":"","background-repeat":"repeat","background-position":"center center","background-size":"auto","background-attachment":"scroll","background-type":"","background-media":"","overlay-type":"","overlay-color":"","overlay-opacity":"","overlay-gradient":""}}},"product_brand":[],"product_cat":[15,30],"product_tag":[1399,2298,2296,1669,2297,2299,1392],"class_list":{"0":"post-17465","1":"product","2":"type-product","3":"status-publish","4":"has-post-thumbnail","6":"product_cat-uncategorized","7":"product_cat-psichologija-ir-saviugda","8":"product_tag-asmeninis-tobulejimas","9":"product_tag-baimes-ir-nerimo","10":"product_tag-baimes-iveikimas","11":"product_tag-emocine-sveikata","12":"product_tag-gyvenimas-be-nuostatu","13":"product_tag-klaus-bernhardt","14":"product_tag-psichologija","15":"desktop-align-left","16":"tablet-align-left","17":"mobile-align-left","19":"first","20":"outofstock","21":"shipping-taxable","22":"purchasable","23":"product-type-simple"},"acf":[],"yoast_head":"<!-- This site is optimized with the Yoast SEO plugin v27.0 - https:\/\/yoast.com\/product\/yoast-seo-wordpress\/ -->\n<title>Gyvenimas be nuostat\u0173, baim\u0117s ir nerimo<\/title>\n<meta name=\"description\" content=\"Gyvenimas per trumpas, kad susitaikytum\u0117te su nelaimingais santykiais, dirbtum\u0117te nemiel\u0105 darb\u0105 ar leistum\u0117te laik\u0105 aplinkoje, neteikian\u010dioje pripa\u017einimo\" \/>\n<meta name=\"robots\" content=\"index, follow, max-snippet:-1, max-image-preview:large, max-video-preview:-1\" \/>\n<link rel=\"canonical\" href=\"https:\/\/skaitytaknyga.lt\/en\/produktas\/gyvenimas-be-nuostatu-baimes-ir-nerimo\/\" \/>\n<meta property=\"og:locale\" content=\"en_GB\" \/>\n<meta property=\"og:locale:alternate\" content=\"lt_LT\" \/>\n<meta property=\"og:type\" content=\"article\" \/>\n<meta property=\"og:title\" content=\"Gyvenimas be nuostat\u0173, baim\u0117s ir nerimo\" \/>\n<meta property=\"og:description\" content=\"Gyvenimas per trumpas, kad susitaikytum\u0117te su nelaimingais santykiais, dirbtum\u0117te nemiel\u0105 darb\u0105 ar leistum\u0117te laik\u0105 aplinkoje, neteikian\u010dioje pripa\u017einimo\" \/>\n<meta property=\"og:url\" content=\"https:\/\/skaitytaknyga.lt\/en\/produktas\/gyvenimas-be-nuostatu-baimes-ir-nerimo\/\" \/>\n<meta property=\"og:site_name\" content=\"Skaitytaknyga\" \/>\n<meta property=\"article:publisher\" content=\"https:\/\/www.facebook.com\/skaitytaknyga\/\" \/>\n<meta property=\"article:modified_time\" content=\"2026-02-18T20:56:56+00:00\" \/>\n<meta property=\"og:image\" content=\"https:\/\/skaitytaknyga.lt\/wp-content\/uploads\/2025\/03\/Gyvenimas-be-nuostatu-baimes-ir-nerimo.webp\" \/>\n\t<meta property=\"og:image:width\" content=\"376\" \/>\n\t<meta property=\"og:image:height\" content=\"560\" \/>\n\t<meta property=\"og:image:type\" content=\"image\/webp\" \/>\n<meta name=\"twitter:card\" content=\"summary_large_image\" \/>\n<meta name=\"twitter:label1\" content=\"Estimated reading time\" \/>\n\t<meta name=\"twitter:data1\" content=\"2 minutes\" \/>\n<script type=\"application\/ld+json\" class=\"yoast-schema-graph\">{\"@context\":\"https:\/\/schema.org\",\"@graph\":[{\"@type\":\"WebPage\",\"@id\":\"https:\/\/skaitytaknyga.lt\/produktas\/gyvenimas-be-nuostatu-baimes-ir-nerimo\/\",\"url\":\"https:\/\/skaitytaknyga.lt\/produktas\/gyvenimas-be-nuostatu-baimes-ir-nerimo\/\",\"name\":\"Gyvenimas be nuostat\u0173, baim\u0117s ir nerimo\",\"isPartOf\":{\"@id\":\"https:\/\/skaitytaknyga.lt\/#website\"},\"primaryImageOfPage\":{\"@id\":\"https:\/\/skaitytaknyga.lt\/produktas\/gyvenimas-be-nuostatu-baimes-ir-nerimo\/#primaryimage\"},\"image\":{\"@id\":\"https:\/\/skaitytaknyga.lt\/produktas\/gyvenimas-be-nuostatu-baimes-ir-nerimo\/#primaryimage\"},\"thumbnailUrl\":\"https:\/\/skaitytaknyga.lt\/wp-content\/uploads\/2025\/03\/Gyvenimas-be-nuostatu-baimes-ir-nerimo.webp\",\"datePublished\":\"2025-03-22T08:01:50+00:00\",\"dateModified\":\"2026-02-18T20:56:56+00:00\",\"description\":\"Gyvenimas per trumpas, kad susitaikytum\u0117te su nelaimingais santykiais, dirbtum\u0117te nemiel\u0105 darb\u0105 ar leistum\u0117te laik\u0105 aplinkoje, neteikian\u010dioje pripa\u017einimo\",\"breadcrumb\":{\"@id\":\"https:\/\/skaitytaknyga.lt\/produktas\/gyvenimas-be-nuostatu-baimes-ir-nerimo\/#breadcrumb\"},\"inLanguage\":\"en-GB\",\"potentialAction\":[{\"@type\":\"ReadAction\",\"target\":[\"https:\/\/skaitytaknyga.lt\/produktas\/gyvenimas-be-nuostatu-baimes-ir-nerimo\/\"]}]},{\"@type\":\"ImageObject\",\"inLanguage\":\"en-GB\",\"@id\":\"https:\/\/skaitytaknyga.lt\/produktas\/gyvenimas-be-nuostatu-baimes-ir-nerimo\/#primaryimage\",\"url\":\"https:\/\/skaitytaknyga.lt\/wp-content\/uploads\/2025\/03\/Gyvenimas-be-nuostatu-baimes-ir-nerimo.webp\",\"contentUrl\":\"https:\/\/skaitytaknyga.lt\/wp-content\/uploads\/2025\/03\/Gyvenimas-be-nuostatu-baimes-ir-nerimo.webp\",\"width\":376,\"height\":560,\"caption\":\"Gyvenimas be nuostat\u0173, baim\u0117s ir nerimo\"},{\"@type\":\"BreadcrumbList\",\"@id\":\"https:\/\/skaitytaknyga.lt\/produktas\/gyvenimas-be-nuostatu-baimes-ir-nerimo\/#breadcrumb\",\"itemListElement\":[{\"@type\":\"ListItem\",\"position\":1,\"name\":\"Home\",\"item\":\"https:\/\/skaitytaknyga.lt\/\"},{\"@type\":\"ListItem\",\"position\":2,\"name\":\"Parduotuv\u0117\",\"item\":\"https:\/\/skaitytaknyga.lt\/knygu-parduotuve\/\"},{\"@type\":\"ListItem\",\"position\":3,\"name\":\"Gyvenimas be nuostat\u0173, baim\u0117s ir nerimo\"}]},{\"@type\":\"WebSite\",\"@id\":\"https:\/\/skaitytaknyga.lt\/#website\",\"url\":\"https:\/\/skaitytaknyga.lt\/\",\"name\":\"skaitytaknyga.lt\",\"description\":\"Skaitytaknyga.lt \u2013 tai ma\u017eas \u0161eimos verslas, kuris prasid\u0117jo nuo meil\u0117s knygoms ir siekio i\u0161gelb\u0117ti knygas nuo likimo prie konteinerio. Kas vienam nereikalingas daiktas \u2013 kitam lobis, o mes esame tarpininkai, kurie padeda abiems tapti laimingesniems ???? \u017dinome kaip nelengva i\u0161gyventi ma\u017eiems verslams, tad nuo \u0161iol, \u010dia rasite ir kit\u0173, ma\u017e\u0173 \u0161eim\u0173 versl\u0173, rank\u0173 darbo, dovan\u0173 sau ir artimiesiems.\",\"publisher\":{\"@id\":\"https:\/\/skaitytaknyga.lt\/#organization\"},\"potentialAction\":[{\"@type\":\"SearchAction\",\"target\":{\"@type\":\"EntryPoint\",\"urlTemplate\":\"https:\/\/skaitytaknyga.lt\/?s={search_term_string}\"},\"query-input\":{\"@type\":\"PropertyValueSpecification\",\"valueRequired\":true,\"valueName\":\"search_term_string\"}}],\"inLanguage\":\"en-GB\"},{\"@type\":\"Organization\",\"@id\":\"https:\/\/skaitytaknyga.lt\/#organization\",\"name\":\"skaitytaknyga.lt\",\"url\":\"https:\/\/skaitytaknyga.lt\/\",\"logo\":{\"@type\":\"ImageObject\",\"inLanguage\":\"en-GB\",\"@id\":\"https:\/\/skaitytaknyga.lt\/#\/schema\/logo\/image\/\",\"url\":\"https:\/\/skaitytaknyga.lt\/wp-content\/uploads\/2024\/05\/cropped-cropped-cropped-02_00843_jt3bggkj1j3HLc7SyY6rEUpg.jpeg\",\"contentUrl\":\"https:\/\/skaitytaknyga.lt\/wp-content\/uploads\/2024\/05\/cropped-cropped-cropped-02_00843_jt3bggkj1j3HLc7SyY6rEUpg.jpeg\",\"width\":1600,\"height\":1600,\"caption\":\"skaitytaknyga.lt\"},\"image\":{\"@id\":\"https:\/\/skaitytaknyga.lt\/#\/schema\/logo\/image\/\"},\"sameAs\":[\"https:\/\/www.facebook.com\/skaitytaknyga\/\"]}]}<\/script>\n<!-- \/ Yoast SEO plugin. -->","yoast_head_json":{"title":"Gyvenimas be nuostat\u0173, baim\u0117s ir nerimo","description":"Gyvenimas per trumpas, kad susitaikytum\u0117te su nelaimingais santykiais, dirbtum\u0117te nemiel\u0105 darb\u0105 ar leistum\u0117te laik\u0105 aplinkoje, neteikian\u010dioje pripa\u017einimo","robots":{"index":"index","follow":"follow","max-snippet":"max-snippet:-1","max-image-preview":"max-image-preview:large","max-video-preview":"max-video-preview:-1"},"canonical":"https:\/\/skaitytaknyga.lt\/en\/produktas\/gyvenimas-be-nuostatu-baimes-ir-nerimo\/","og_locale":"en_GB","og_type":"article","og_title":"[:lt]Gyvenimas be nuostat\u0173, baim\u0117s ir nerimo[:] - Skaitytaknyga","og_description":"Gyvenimas per trumpas, kad susitaikytum\u0117te su nelaimingais santykiais, dirbtum\u0117te nemiel\u0105 darb\u0105 ar leistum\u0117te laik\u0105 aplinkoje, neteikian\u010dioje pripa\u017einimo","og_url":"https:\/\/skaitytaknyga.lt\/en\/produktas\/gyvenimas-be-nuostatu-baimes-ir-nerimo\/","og_site_name":"Skaitytaknyga","article_publisher":"https:\/\/www.facebook.com\/skaitytaknyga\/","article_modified_time":"2026-02-18T20:56:56+00:00","og_image":[{"width":376,"height":560,"url":"https:\/\/skaitytaknyga.lt\/wp-content\/uploads\/2025\/03\/Gyvenimas-be-nuostatu-baimes-ir-nerimo.webp","type":"image\/webp"}],"twitter_card":"summary_large_image","twitter_misc":{"Estimated reading time":"2 minutes"},"schema":{"@context":"https:\/\/schema.org","@graph":[{"@type":"WebPage","@id":"https:\/\/skaitytaknyga.lt\/produktas\/gyvenimas-be-nuostatu-baimes-ir-nerimo\/","url":"https:\/\/skaitytaknyga.lt\/produktas\/gyvenimas-be-nuostatu-baimes-ir-nerimo\/","name":"Gyvenimas be nuostat\u0173, baim\u0117s ir nerimo","isPartOf":{"@id":"https:\/\/skaitytaknyga.lt\/#website"},"primaryImageOfPage":{"@id":"https:\/\/skaitytaknyga.lt\/produktas\/gyvenimas-be-nuostatu-baimes-ir-nerimo\/#primaryimage"},"image":{"@id":"https:\/\/skaitytaknyga.lt\/produktas\/gyvenimas-be-nuostatu-baimes-ir-nerimo\/#primaryimage"},"thumbnailUrl":"https:\/\/skaitytaknyga.lt\/wp-content\/uploads\/2025\/03\/Gyvenimas-be-nuostatu-baimes-ir-nerimo.webp","datePublished":"2025-03-22T08:01:50+00:00","dateModified":"2026-02-18T20:56:56+00:00","description":"Gyvenimas per trumpas, kad susitaikytum\u0117te su nelaimingais santykiais, dirbtum\u0117te nemiel\u0105 darb\u0105 ar leistum\u0117te laik\u0105 aplinkoje, neteikian\u010dioje pripa\u017einimo","breadcrumb":{"@id":"https:\/\/skaitytaknyga.lt\/produktas\/gyvenimas-be-nuostatu-baimes-ir-nerimo\/#breadcrumb"},"inLanguage":"en-GB","potentialAction":[{"@type":"ReadAction","target":["https:\/\/skaitytaknyga.lt\/produktas\/gyvenimas-be-nuostatu-baimes-ir-nerimo\/"]}]},{"@type":"ImageObject","inLanguage":"en-GB","@id":"https:\/\/skaitytaknyga.lt\/produktas\/gyvenimas-be-nuostatu-baimes-ir-nerimo\/#primaryimage","url":"https:\/\/skaitytaknyga.lt\/wp-content\/uploads\/2025\/03\/Gyvenimas-be-nuostatu-baimes-ir-nerimo.webp","contentUrl":"https:\/\/skaitytaknyga.lt\/wp-content\/uploads\/2025\/03\/Gyvenimas-be-nuostatu-baimes-ir-nerimo.webp","width":376,"height":560,"caption":"Gyvenimas be nuostat\u0173, baim\u0117s ir nerimo"},{"@type":"BreadcrumbList","@id":"https:\/\/skaitytaknyga.lt\/produktas\/gyvenimas-be-nuostatu-baimes-ir-nerimo\/#breadcrumb","itemListElement":[{"@type":"ListItem","position":1,"name":"Home","item":"https:\/\/skaitytaknyga.lt\/"},{"@type":"ListItem","position":2,"name":"Parduotuv\u0117","item":"https:\/\/skaitytaknyga.lt\/knygu-parduotuve\/"},{"@type":"ListItem","position":3,"name":"Gyvenimas be nuostat\u0173, baim\u0117s ir nerimo"}]},{"@type":"WebSite","@id":"https:\/\/skaitytaknyga.lt\/#website","url":"https:\/\/skaitytaknyga.lt\/","name":"skaitytaknyga.lt","description":"Skaitytaknyga.lt \u2013 tai ma\u017eas \u0161eimos verslas, kuris prasid\u0117jo nuo meil\u0117s knygoms ir siekio i\u0161gelb\u0117ti knygas nuo likimo prie konteinerio. Kas vienam nereikalingas daiktas \u2013 kitam lobis, o mes esame tarpininkai, kurie padeda abiems tapti laimingesniems ???? \u017dinome kaip nelengva i\u0161gyventi ma\u017eiems verslams, tad nuo \u0161iol, \u010dia rasite ir kit\u0173, ma\u017e\u0173 \u0161eim\u0173 versl\u0173, rank\u0173 darbo, dovan\u0173 sau ir artimiesiems.","publisher":{"@id":"https:\/\/skaitytaknyga.lt\/#organization"},"potentialAction":[{"@type":"SearchAction","target":{"@type":"EntryPoint","urlTemplate":"https:\/\/skaitytaknyga.lt\/?s={search_term_string}"},"query-input":{"@type":"PropertyValueSpecification","valueRequired":true,"valueName":"search_term_string"}}],"inLanguage":"en-GB"},{"@type":"Organization","@id":"https:\/\/skaitytaknyga.lt\/#organization","name":"skaitytaknyga.lt","url":"https:\/\/skaitytaknyga.lt\/","logo":{"@type":"ImageObject","inLanguage":"en-GB","@id":"https:\/\/skaitytaknyga.lt\/#\/schema\/logo\/image\/","url":"https:\/\/skaitytaknyga.lt\/wp-content\/uploads\/2024\/05\/cropped-cropped-cropped-02_00843_jt3bggkj1j3HLc7SyY6rEUpg.jpeg","contentUrl":"https:\/\/skaitytaknyga.lt\/wp-content\/uploads\/2024\/05\/cropped-cropped-cropped-02_00843_jt3bggkj1j3HLc7SyY6rEUpg.jpeg","width":1600,"height":1600,"caption":"skaitytaknyga.lt"},"image":{"@id":"https:\/\/skaitytaknyga.lt\/#\/schema\/logo\/image\/"},"sameAs":["https:\/\/www.facebook.com\/skaitytaknyga\/"]}]}},"_links":{"self":[{"href":"https:\/\/skaitytaknyga.lt\/en\/wp-json\/wp\/v2\/product\/17465","targetHints":{"allow":["GET"]}}],"collection":[{"href":"https:\/\/skaitytaknyga.lt\/en\/wp-json\/wp\/v2\/product"}],"about":[{"href":"https:\/\/skaitytaknyga.lt\/en\/wp-json\/wp\/v2\/types\/product"}],"replies":[{"embeddable":true,"href":"https:\/\/skaitytaknyga.lt\/en\/wp-json\/wp\/v2\/comments?post=17465"}],"wp:featuredmedia":[{"embeddable":true,"href":"https:\/\/skaitytaknyga.lt\/en\/wp-json\/wp\/v2\/media\/17466"}],"wp:attachment":[{"href":"https:\/\/skaitytaknyga.lt\/en\/wp-json\/wp\/v2\/media?parent=17465"}],"wp:term":[{"taxonomy":"product_brand","embeddable":true,"href":"https:\/\/skaitytaknyga.lt\/en\/wp-json\/wp\/v2\/product_brand?post=17465"},{"taxonomy":"product_cat","embeddable":true,"href":"https:\/\/skaitytaknyga.lt\/en\/wp-json\/wp\/v2\/product_cat?post=17465"},{"taxonomy":"product_tag","embeddable":true,"href":"https:\/\/skaitytaknyga.lt\/en\/wp-json\/wp\/v2\/product_tag?post=17465"}],"curies":[{"name":"wp","href":"https:\/\/api.w.org\/{rel}","templated":true}]}}