{"id":17462,"date":"2025-03-22T09:47:20","date_gmt":"2025-03-22T07:47:20","guid":{"rendered":"https:\/\/skaitytaknyga.lt\/?post_type=product&#038;p=17462"},"modified":"2025-06-11T08:34:11","modified_gmt":"2025-06-11T05:34:11","slug":"bitininko-dukte","status":"publish","type":"product","link":"https:\/\/skaitytaknyga.lt\/en\/produktas\/bitininko-dukte\/","title":{"rendered":"Bitininko dukt\u0117"},"content":{"rendered":"<p>Populiari Did\u017eiosios Britanijos ra\u0161ytoja\u00a0<strong>Santa Montefiore<\/strong>\u00a0skaitytoj\u0173 m\u0117gstama d\u0117l geb\u0117jimo meistri\u0161kai kurti siu\u017eetus. Ra\u0161ytojos pasakojamos \u012ftraukian\u010dios ir tikrovi\u0161kos istorijos pagauna nuo pirmo puslapio ir nebepaleid\u017eia iki pat knygos pabaigos. Puikus pasirinkimas norintiems pab\u0117gti nuo kasdieni\u0173 r\u016bpes\u010di\u0173 \u012f pasaul\u012f, kupin\u0105 paslap\u010di\u0173 ir romantikos.<\/p>\n<p>Jaunut\u0117s bitininko dukters Greis\u0117s Hamlin ir vaikino i\u0161 gretimo \u016bkio Fred\u017eio Valentaino vestuv\u0117s niekam nebuvo staigmena. Juk juodu nuo vaikyst\u0117s atrod\u0117 esantys geriausi draugai ir dien\u0173 dienas leisdavo kartu. Ir tik i\u0161 \u0161velnaus li\u016bdesio, kartais u\u017epl\u016bstan\u010dio Greis\u0119, gali \u012ftarti, kad giliai \u0161irdyje moteris saugo didel\u0119 paslapt\u012f. Kitados i\u0161vykdama i\u0161 Anglijos ir kartu su Fred\u017eiu \u012fsikurdama tolimojoje Tekanaseto saloje ji tik\u0117josi t\u0105 paslapt\u012f pamir\u0161ti. \u010cia, kaip kadaise jos t\u0117vas, pri\u017ei\u016br\u0117dama \u012fsp\u016bdingus turting\u0173 amerikie\u010di\u0173 sodus ir puosel\u0117dama bites, moteris pama\u017eu susitaiko su likimu \u2013 kol vien\u0105 dien\u0105 kaip perk\u016bnas i\u0161 giedro dangaus trenkia \u017einia apie nauj\u0105j\u012f dukters mylim\u0105j\u012f. Nenustygstanti savyje gra\u017euol\u0117 Triks\u0117 trok\u0161ta gyventi kitok\u012f gyvenim\u0105, nei motinos pasirinktasis, ir nepaisydama joki\u0173 kli\u016b\u010di\u0173 ry\u017etasi eiti paskui savo meil\u0119, kur veda \u0161irdis. Ta\u010diau mergina dar ne\u017eino, kad jos ir motinos likimai susij\u0119 kur kas glaud\u017eiau, nei kas nors gal\u0117t\u0173 numanyti&#8230;<\/p>\n<p>Senoms paslaptims ir prisiminimams bus lemta atgyti, ir motina su dukra galiausiai patirs, kad meilei, did\u017eiausiai dovanai \u017emogaus gyvenime, kartais prireikia did\u017eiul\u0117s dr\u0105sos&#8230;<\/p>\n<ul class=\"about-product d-none d-xl-block mt-4\">\n<li><strong>Originalus pavadinimas:<\/strong>\u00a0The Beekeeper&#8217;s Daughter<\/li>\n<li><strong>Autorius:<\/strong>\u00a0Santa Montefiore<\/li>\n<li><strong>Leid\u0117jas:<\/strong>\u00a0Alma littera<\/li>\n<li><strong>Metai:<\/strong>\u00a02016<\/li>\n<li><strong>Puslapiai:<\/strong>\u00a0336<\/li>\n<li class=\"toggleable type-new-formats \"><strong>ISBN:<\/strong>\u00a09786090123003<\/li>\n<li><strong>Versijos kodas:<\/strong>\u00a0PT.<\/li>\n<li class=\"toggleable type-new-formats \"><strong>Formatas:<\/strong>\u00a014,3 x 23,5 cm, kieti vir\u0161eliai<\/li>\n<li><strong>Kalba:<\/strong>\u00a0Lietuvi\u0173<\/li>\n<\/ul>\n","protected":false},"excerpt":{"rendered":"<p>Populiari Did\u017eiosios Britanijos ra\u0161ytoja\u00a0Santa Montefiore\u00a0skaitytoj\u0173 m\u0117gstama d\u0117l geb\u0117jimo meistri\u0161kai kurti siu\u017eetus. Ra\u0161ytojos pasakojamos \u012ftraukian\u010dios ir tikrovi\u0161kos istorijos pagauna nuo pirmo puslapio ir nebepaleid\u017eia iki pat knygos pabaigos. Puikus pasirinkimas norintiems pab\u0117gti nuo kasdieni\u0173 r\u016bpes\u010di\u0173 \u012f pasaul\u012f, kupin\u0105 paslap\u010di\u0173 ir romantikos. Jaunut\u0117s bitininko dukters Greis\u0117s Hamlin ir vaikino i\u0161 gretimo \u016bkio Fred\u017eio Valentaino vestuv\u0117s niekam nebuvo staigmena. Juk juodu nuo vaikyst\u0117s atrod\u0117 esantys geriausi draugai ir dien\u0173 dienas leisdavo kartu. Ir tik i\u0161 \u0161velnaus li\u016bdesio, kartais u\u017epl\u016bstan\u010dio Greis\u0119, gali \u012ftarti, kad giliai \u0161irdyje moteris saugo didel\u0119 paslapt\u012f. Kitados i\u0161vykdama i\u0161 Anglijos ir kartu su Fred\u017eiu \u012fsikurdama tolimojoje Tekanaseto saloje ji tik\u0117josi t\u0105 paslapt\u012f pamir\u0161ti. \u010cia, kaip kadaise jos t\u0117vas, pri\u017ei\u016br\u0117dama \u012fsp\u016bdingus turting\u0173 amerikie\u010di\u0173 sodus ir puosel\u0117dama bites, moteris pama\u017eu susitaiko su likimu \u2013 kol vien\u0105 dien\u0105 kaip perk\u016bnas i\u0161 giedro dangaus trenkia \u017einia apie nauj\u0105j\u012f dukters mylim\u0105j\u012f. Nenustygstanti savyje gra\u017euol\u0117 Triks\u0117 trok\u0161ta gyventi kitok\u012f gyvenim\u0105, nei motinos pasirinktasis, ir nepaisydama joki\u0173 kli\u016b\u010di\u0173 ry\u017etasi eiti paskui savo meil\u0119, kur veda \u0161irdis. Ta\u010diau mergina dar ne\u017eino, kad jos ir motinos likimai susij\u0119 kur kas glaud\u017eiau, nei kas nors gal\u0117t\u0173 numanyti&#8230; Senoms paslaptims ir prisiminimams bus lemta atgyti, ir motina su dukra galiausiai patirs, kad meilei, did\u017eiausiai dovanai \u017emogaus gyvenime, kartais prireikia did\u017eiul\u0117s dr\u0105sos&#8230; Originalus pavadinimas:\u00a0The Beekeeper&#8217;s Daughter Autorius:\u00a0Santa Montefiore Leid\u0117jas:\u00a0Alma littera Metai:\u00a02016 Puslapiai:\u00a0336 ISBN:\u00a09786090123003 Versijos kodas:\u00a0PT. Formatas:\u00a014,3 x 23,5 cm, kieti vir\u0161eliai Kalba:\u00a0Lietuvi\u0173<\/p>\n","protected":false},"featured_media":17463,"comment_status":"open","ping_status":"closed","template":"","meta":{"_acf_changed":false,"site-sidebar-layout":"default","site-content-layout":"","ast-site-content-layout":"default","site-content-style":"default","site-sidebar-style":"default","ast-global-header-display":"","ast-banner-title-visibility":"","ast-main-header-display":"","ast-hfb-above-header-display":"","ast-hfb-below-header-display":"","ast-hfb-mobile-header-display":"","site-post-title":"","ast-breadcrumbs-content":"","ast-featured-img":"","footer-sml-layout":"","ast-disable-related-posts":"","theme-transparent-header-meta":"default","adv-header-id-meta":"","stick-header-meta":"","header-above-stick-meta":"","header-main-stick-meta":"","header-below-stick-meta":"","astra-migrate-meta-layouts":"set","ast-page-background-enabled":"default","ast-page-background-meta":{"desktop":{"background-color":"","background-image":"","background-repeat":"repeat","background-position":"center center","background-size":"auto","background-attachment":"scroll","background-type":"","background-media":"","overlay-type":"","overlay-color":"","overlay-opacity":"","overlay-gradient":""},"tablet":{"background-color":"","background-image":"","background-repeat":"repeat","background-position":"center center","background-size":"auto","background-attachment":"scroll","background-type":"","background-media":"","overlay-type":"","overlay-color":"","overlay-opacity":"","overlay-gradient":""},"mobile":{"background-color":"","background-image":"","background-repeat":"repeat","background-position":"center center","background-size":"auto","background-attachment":"scroll","background-type":"","background-media":"","overlay-type":"","overlay-color":"","overlay-opacity":"","overlay-gradient":""}},"ast-content-background-meta":{"desktop":{"background-color":"var(--ast-global-color-4)","background-image":"","background-repeat":"repeat","background-position":"center center","background-size":"auto","background-attachment":"scroll","background-type":"","background-media":"","overlay-type":"","overlay-color":"","overlay-opacity":"","overlay-gradient":""},"tablet":{"background-color":"var(--ast-global-color-4)","background-image":"","background-repeat":"repeat","background-position":"center center","background-size":"auto","background-attachment":"scroll","background-type":"","background-media":"","overlay-type":"","overlay-color":"","overlay-opacity":"","overlay-gradient":""},"mobile":{"background-color":"var(--ast-global-color-4)","background-image":"","background-repeat":"repeat","background-position":"center center","background-size":"auto","background-attachment":"scroll","background-type":"","background-media":"","overlay-type":"","overlay-color":"","overlay-opacity":"","overlay-gradient":""}}},"product_brand":[],"product_cat":[31,15],"product_tag":[4825,1796,1478,2129,4824,1646],"class_list":{"0":"post-17462","1":"product","2":"type-product","3":"status-publish","4":"has-post-thumbnail","6":"product_cat-grozine-literatura","7":"product_cat-uncategorized","8":"product_tag-bitininko-dukte","9":"product_tag-meile","10":"product_tag-paslaptys","11":"product_tag-romantika","12":"product_tag-santa-montefiore","13":"product_tag-seima","14":"desktop-align-left","15":"tablet-align-left","16":"mobile-align-left","18":"first","19":"instock","20":"shipping-taxable","21":"purchasable","22":"product-type-simple"},"acf":[],"yoast_head":"<!-- This site is optimized with the Yoast SEO plugin v27.0 - https:\/\/yoast.com\/product\/yoast-seo-wordpress\/ -->\n<title>Bitininko dukt\u0117<\/title>\n<meta name=\"description\" content=\"Populiari Did\u017eiosios Britanijos ra\u0161ytoja\u00a0Santa Montefiore\u00a0skaitytoj\u0173 m\u0117gstama d\u0117l geb\u0117jimo meistri\u0161kai kurti siu\u017eetus. Ra\u0161ytojos pasakojamos \u012ftraukian\u010dios\" \/>\n<meta name=\"robots\" content=\"index, follow, max-snippet:-1, max-image-preview:large, max-video-preview:-1\" \/>\n<link rel=\"canonical\" href=\"https:\/\/skaitytaknyga.lt\/en\/produktas\/bitininko-dukte\/\" \/>\n<meta property=\"og:locale\" content=\"en_GB\" \/>\n<meta property=\"og:locale:alternate\" content=\"lt_LT\" \/>\n<meta property=\"og:type\" content=\"article\" \/>\n<meta property=\"og:title\" content=\"Bitininko dukt\u0117\" \/>\n<meta property=\"og:description\" content=\"Populiari Did\u017eiosios Britanijos ra\u0161ytoja\u00a0Santa Montefiore\u00a0skaitytoj\u0173 m\u0117gstama d\u0117l geb\u0117jimo meistri\u0161kai kurti siu\u017eetus. Ra\u0161ytojos pasakojamos \u012ftraukian\u010dios\" \/>\n<meta property=\"og:url\" content=\"https:\/\/skaitytaknyga.lt\/en\/produktas\/bitininko-dukte\/\" \/>\n<meta property=\"og:site_name\" content=\"Skaitytaknyga\" \/>\n<meta property=\"article:publisher\" content=\"https:\/\/www.facebook.com\/skaitytaknyga\/\" \/>\n<meta property=\"article:modified_time\" content=\"2025-06-11T05:34:11+00:00\" \/>\n<meta property=\"og:image\" content=\"https:\/\/skaitytaknyga.lt\/wp-content\/uploads\/2025\/03\/Bitininko-dukte.webp\" \/>\n\t<meta property=\"og:image:width\" content=\"430\" \/>\n\t<meta property=\"og:image:height\" content=\"701\" \/>\n\t<meta property=\"og:image:type\" content=\"image\/webp\" \/>\n<meta name=\"twitter:card\" content=\"summary_large_image\" \/>\n<meta name=\"twitter:label1\" content=\"Estimated reading time\" \/>\n\t<meta name=\"twitter:data1\" content=\"2 minutes\" \/>\n<script type=\"application\/ld+json\" class=\"yoast-schema-graph\">{\"@context\":\"https:\/\/schema.org\",\"@graph\":[{\"@type\":\"WebPage\",\"@id\":\"https:\/\/skaitytaknyga.lt\/produktas\/bitininko-dukte\/\",\"url\":\"https:\/\/skaitytaknyga.lt\/produktas\/bitininko-dukte\/\",\"name\":\"Bitininko dukt\u0117\",\"isPartOf\":{\"@id\":\"https:\/\/skaitytaknyga.lt\/#website\"},\"primaryImageOfPage\":{\"@id\":\"https:\/\/skaitytaknyga.lt\/produktas\/bitininko-dukte\/#primaryimage\"},\"image\":{\"@id\":\"https:\/\/skaitytaknyga.lt\/produktas\/bitininko-dukte\/#primaryimage\"},\"thumbnailUrl\":\"https:\/\/skaitytaknyga.lt\/wp-content\/uploads\/2025\/03\/Bitininko-dukte.webp\",\"datePublished\":\"2025-03-22T07:47:20+00:00\",\"dateModified\":\"2025-06-11T05:34:11+00:00\",\"description\":\"Populiari Did\u017eiosios Britanijos ra\u0161ytoja\u00a0Santa Montefiore\u00a0skaitytoj\u0173 m\u0117gstama d\u0117l geb\u0117jimo meistri\u0161kai kurti siu\u017eetus. Ra\u0161ytojos pasakojamos \u012ftraukian\u010dios\",\"breadcrumb\":{\"@id\":\"https:\/\/skaitytaknyga.lt\/produktas\/bitininko-dukte\/#breadcrumb\"},\"inLanguage\":\"en-GB\",\"potentialAction\":[{\"@type\":\"ReadAction\",\"target\":[\"https:\/\/skaitytaknyga.lt\/produktas\/bitininko-dukte\/\"]}]},{\"@type\":\"ImageObject\",\"inLanguage\":\"en-GB\",\"@id\":\"https:\/\/skaitytaknyga.lt\/produktas\/bitininko-dukte\/#primaryimage\",\"url\":\"https:\/\/skaitytaknyga.lt\/wp-content\/uploads\/2025\/03\/Bitininko-dukte.webp\",\"contentUrl\":\"https:\/\/skaitytaknyga.lt\/wp-content\/uploads\/2025\/03\/Bitininko-dukte.webp\",\"width\":430,\"height\":701,\"caption\":\"Bitininko dukt\u0117\"},{\"@type\":\"BreadcrumbList\",\"@id\":\"https:\/\/skaitytaknyga.lt\/produktas\/bitininko-dukte\/#breadcrumb\",\"itemListElement\":[{\"@type\":\"ListItem\",\"position\":1,\"name\":\"Home\",\"item\":\"https:\/\/skaitytaknyga.lt\/\"},{\"@type\":\"ListItem\",\"position\":2,\"name\":\"Parduotuv\u0117\",\"item\":\"https:\/\/skaitytaknyga.lt\/knygu-parduotuve\/\"},{\"@type\":\"ListItem\",\"position\":3,\"name\":\"Bitininko dukt\u0117\"}]},{\"@type\":\"WebSite\",\"@id\":\"https:\/\/skaitytaknyga.lt\/#website\",\"url\":\"https:\/\/skaitytaknyga.lt\/\",\"name\":\"skaitytaknyga.lt\",\"description\":\"Skaitytaknyga.lt \u2013 tai ma\u017eas \u0161eimos verslas, kuris prasid\u0117jo nuo meil\u0117s knygoms ir siekio i\u0161gelb\u0117ti knygas nuo likimo prie konteinerio. Kas vienam nereikalingas daiktas \u2013 kitam lobis, o mes esame tarpininkai, kurie padeda abiems tapti laimingesniems ???? \u017dinome kaip nelengva i\u0161gyventi ma\u017eiems verslams, tad nuo \u0161iol, \u010dia rasite ir kit\u0173, ma\u017e\u0173 \u0161eim\u0173 versl\u0173, rank\u0173 darbo, dovan\u0173 sau ir artimiesiems.\",\"publisher\":{\"@id\":\"https:\/\/skaitytaknyga.lt\/#organization\"},\"potentialAction\":[{\"@type\":\"SearchAction\",\"target\":{\"@type\":\"EntryPoint\",\"urlTemplate\":\"https:\/\/skaitytaknyga.lt\/?s={search_term_string}\"},\"query-input\":{\"@type\":\"PropertyValueSpecification\",\"valueRequired\":true,\"valueName\":\"search_term_string\"}}],\"inLanguage\":\"en-GB\"},{\"@type\":\"Organization\",\"@id\":\"https:\/\/skaitytaknyga.lt\/#organization\",\"name\":\"skaitytaknyga.lt\",\"url\":\"https:\/\/skaitytaknyga.lt\/\",\"logo\":{\"@type\":\"ImageObject\",\"inLanguage\":\"en-GB\",\"@id\":\"https:\/\/skaitytaknyga.lt\/#\/schema\/logo\/image\/\",\"url\":\"https:\/\/skaitytaknyga.lt\/wp-content\/uploads\/2024\/05\/cropped-cropped-cropped-02_00843_jt3bggkj1j3HLc7SyY6rEUpg.jpeg\",\"contentUrl\":\"https:\/\/skaitytaknyga.lt\/wp-content\/uploads\/2024\/05\/cropped-cropped-cropped-02_00843_jt3bggkj1j3HLc7SyY6rEUpg.jpeg\",\"width\":1600,\"height\":1600,\"caption\":\"skaitytaknyga.lt\"},\"image\":{\"@id\":\"https:\/\/skaitytaknyga.lt\/#\/schema\/logo\/image\/\"},\"sameAs\":[\"https:\/\/www.facebook.com\/skaitytaknyga\/\"]}]}<\/script>\n<!-- \/ Yoast SEO plugin. -->","yoast_head_json":{"title":"Bitininko dukt\u0117","description":"Populiari Did\u017eiosios Britanijos ra\u0161ytoja\u00a0Santa Montefiore\u00a0skaitytoj\u0173 m\u0117gstama d\u0117l geb\u0117jimo meistri\u0161kai kurti siu\u017eetus. Ra\u0161ytojos pasakojamos \u012ftraukian\u010dios","robots":{"index":"index","follow":"follow","max-snippet":"max-snippet:-1","max-image-preview":"max-image-preview:large","max-video-preview":"max-video-preview:-1"},"canonical":"https:\/\/skaitytaknyga.lt\/en\/produktas\/bitininko-dukte\/","og_locale":"en_GB","og_type":"article","og_title":"[:lt]Bitininko dukt\u0117[:] - Skaitytaknyga","og_description":"Populiari Did\u017eiosios Britanijos ra\u0161ytoja\u00a0Santa Montefiore\u00a0skaitytoj\u0173 m\u0117gstama d\u0117l geb\u0117jimo meistri\u0161kai kurti siu\u017eetus. Ra\u0161ytojos pasakojamos \u012ftraukian\u010dios","og_url":"https:\/\/skaitytaknyga.lt\/en\/produktas\/bitininko-dukte\/","og_site_name":"Skaitytaknyga","article_publisher":"https:\/\/www.facebook.com\/skaitytaknyga\/","article_modified_time":"2025-06-11T05:34:11+00:00","og_image":[{"width":430,"height":701,"url":"https:\/\/skaitytaknyga.lt\/wp-content\/uploads\/2025\/03\/Bitininko-dukte.webp","type":"image\/webp"}],"twitter_card":"summary_large_image","twitter_misc":{"Estimated reading time":"2 minutes"},"schema":{"@context":"https:\/\/schema.org","@graph":[{"@type":"WebPage","@id":"https:\/\/skaitytaknyga.lt\/produktas\/bitininko-dukte\/","url":"https:\/\/skaitytaknyga.lt\/produktas\/bitininko-dukte\/","name":"Bitininko dukt\u0117","isPartOf":{"@id":"https:\/\/skaitytaknyga.lt\/#website"},"primaryImageOfPage":{"@id":"https:\/\/skaitytaknyga.lt\/produktas\/bitininko-dukte\/#primaryimage"},"image":{"@id":"https:\/\/skaitytaknyga.lt\/produktas\/bitininko-dukte\/#primaryimage"},"thumbnailUrl":"https:\/\/skaitytaknyga.lt\/wp-content\/uploads\/2025\/03\/Bitininko-dukte.webp","datePublished":"2025-03-22T07:47:20+00:00","dateModified":"2025-06-11T05:34:11+00:00","description":"Populiari Did\u017eiosios Britanijos ra\u0161ytoja\u00a0Santa Montefiore\u00a0skaitytoj\u0173 m\u0117gstama d\u0117l geb\u0117jimo meistri\u0161kai kurti siu\u017eetus. Ra\u0161ytojos pasakojamos \u012ftraukian\u010dios","breadcrumb":{"@id":"https:\/\/skaitytaknyga.lt\/produktas\/bitininko-dukte\/#breadcrumb"},"inLanguage":"en-GB","potentialAction":[{"@type":"ReadAction","target":["https:\/\/skaitytaknyga.lt\/produktas\/bitininko-dukte\/"]}]},{"@type":"ImageObject","inLanguage":"en-GB","@id":"https:\/\/skaitytaknyga.lt\/produktas\/bitininko-dukte\/#primaryimage","url":"https:\/\/skaitytaknyga.lt\/wp-content\/uploads\/2025\/03\/Bitininko-dukte.webp","contentUrl":"https:\/\/skaitytaknyga.lt\/wp-content\/uploads\/2025\/03\/Bitininko-dukte.webp","width":430,"height":701,"caption":"Bitininko dukt\u0117"},{"@type":"BreadcrumbList","@id":"https:\/\/skaitytaknyga.lt\/produktas\/bitininko-dukte\/#breadcrumb","itemListElement":[{"@type":"ListItem","position":1,"name":"Home","item":"https:\/\/skaitytaknyga.lt\/"},{"@type":"ListItem","position":2,"name":"Parduotuv\u0117","item":"https:\/\/skaitytaknyga.lt\/knygu-parduotuve\/"},{"@type":"ListItem","position":3,"name":"Bitininko dukt\u0117"}]},{"@type":"WebSite","@id":"https:\/\/skaitytaknyga.lt\/#website","url":"https:\/\/skaitytaknyga.lt\/","name":"skaitytaknyga.lt","description":"Skaitytaknyga.lt \u2013 tai ma\u017eas \u0161eimos verslas, kuris prasid\u0117jo nuo meil\u0117s knygoms ir siekio i\u0161gelb\u0117ti knygas nuo likimo prie konteinerio. Kas vienam nereikalingas daiktas \u2013 kitam lobis, o mes esame tarpininkai, kurie padeda abiems tapti laimingesniems ???? \u017dinome kaip nelengva i\u0161gyventi ma\u017eiems verslams, tad nuo \u0161iol, \u010dia rasite ir kit\u0173, ma\u017e\u0173 \u0161eim\u0173 versl\u0173, rank\u0173 darbo, dovan\u0173 sau ir artimiesiems.","publisher":{"@id":"https:\/\/skaitytaknyga.lt\/#organization"},"potentialAction":[{"@type":"SearchAction","target":{"@type":"EntryPoint","urlTemplate":"https:\/\/skaitytaknyga.lt\/?s={search_term_string}"},"query-input":{"@type":"PropertyValueSpecification","valueRequired":true,"valueName":"search_term_string"}}],"inLanguage":"en-GB"},{"@type":"Organization","@id":"https:\/\/skaitytaknyga.lt\/#organization","name":"skaitytaknyga.lt","url":"https:\/\/skaitytaknyga.lt\/","logo":{"@type":"ImageObject","inLanguage":"en-GB","@id":"https:\/\/skaitytaknyga.lt\/#\/schema\/logo\/image\/","url":"https:\/\/skaitytaknyga.lt\/wp-content\/uploads\/2024\/05\/cropped-cropped-cropped-02_00843_jt3bggkj1j3HLc7SyY6rEUpg.jpeg","contentUrl":"https:\/\/skaitytaknyga.lt\/wp-content\/uploads\/2024\/05\/cropped-cropped-cropped-02_00843_jt3bggkj1j3HLc7SyY6rEUpg.jpeg","width":1600,"height":1600,"caption":"skaitytaknyga.lt"},"image":{"@id":"https:\/\/skaitytaknyga.lt\/#\/schema\/logo\/image\/"},"sameAs":["https:\/\/www.facebook.com\/skaitytaknyga\/"]}]}},"_links":{"self":[{"href":"https:\/\/skaitytaknyga.lt\/en\/wp-json\/wp\/v2\/product\/17462","targetHints":{"allow":["GET"]}}],"collection":[{"href":"https:\/\/skaitytaknyga.lt\/en\/wp-json\/wp\/v2\/product"}],"about":[{"href":"https:\/\/skaitytaknyga.lt\/en\/wp-json\/wp\/v2\/types\/product"}],"replies":[{"embeddable":true,"href":"https:\/\/skaitytaknyga.lt\/en\/wp-json\/wp\/v2\/comments?post=17462"}],"wp:featuredmedia":[{"embeddable":true,"href":"https:\/\/skaitytaknyga.lt\/en\/wp-json\/wp\/v2\/media\/17463"}],"wp:attachment":[{"href":"https:\/\/skaitytaknyga.lt\/en\/wp-json\/wp\/v2\/media?parent=17462"}],"wp:term":[{"taxonomy":"product_brand","embeddable":true,"href":"https:\/\/skaitytaknyga.lt\/en\/wp-json\/wp\/v2\/product_brand?post=17462"},{"taxonomy":"product_cat","embeddable":true,"href":"https:\/\/skaitytaknyga.lt\/en\/wp-json\/wp\/v2\/product_cat?post=17462"},{"taxonomy":"product_tag","embeddable":true,"href":"https:\/\/skaitytaknyga.lt\/en\/wp-json\/wp\/v2\/product_tag?post=17462"}],"curies":[{"name":"wp","href":"https:\/\/api.w.org\/{rel}","templated":true}]}}