{"id":17460,"date":"2025-03-22T09:45:39","date_gmt":"2025-03-22T07:45:39","guid":{"rendered":"https:\/\/skaitytaknyga.lt\/?post_type=product&#038;p=17460"},"modified":"2025-08-28T21:22:17","modified_gmt":"2025-08-28T18:22:17","slug":"iprocio-galia-kodel-mes-taip-elgiames-ir-kaip-tai-pakeisti","status":"publish","type":"product","link":"https:\/\/skaitytaknyga.lt\/en\/produktas\/iprocio-galia-kodel-mes-taip-elgiames-ir-kaip-tai-pakeisti\/","title":{"rendered":"\u012epro\u010dio galia. Kod\u0117l mes taip elgiam\u0117s ir kaip tai pakeisti"},"content":{"rendered":"<p>Kaip vienas reklamos paslaptis perprat\u0119s \u017emogus dant\u0173 valym\u0105 pavert\u0117 kasdieniu kone viso pasaulio \u017emoni\u0173 \u012fpro\u010diu?<\/p>\n<p>Kaip kariuomen\u0117s generolas \u012fsteng\u0117 nuraminti \u012ft\u016b\u017eusi\u0105 mini\u0105, perprat\u0119s ry\u0161\u012f tarp riau\u0161i\u0173 ir greitojo maisto?<\/p>\n<p>Kaip plaukikas Michaelis Phelpsas pasiek\u0117 pasaulio rekord\u0105, nieko nematydamas pro vandens prisisunkusius akinius?<\/p>\n<p>Kaip preki\u0173 reklamuotojai nustato, kurios klient\u0117s n\u0117\u0161\u010dios, ir ima reklamuoti joms prekes, nors apie n\u0117\u0161tum\u0105 dar ne\u017eino net j\u0173 \u0161eimos?<\/p>\n<p>Atsakymas yra \u012fpro\u010diai.<\/p>\n<p>Dauguma m\u016bs\u0173 kasdieni\u0173 pasirinkim\u0173 gali atrodyti kaip gerai apgalvoti sprendimai, bet tokie n\u0117ra. Jie t\u0117ra \u012fpro\u010diai. Ir nors kiekvienas \u012fprotis pats savaime rei\u0161kia labai ma\u017eai, ilgainiui valgiai, kuriuos u\u017esisakome, \u017eod\u017eiai, kuriuos kasnakt pasakome vaikams prie\u0161 mieg\u0105, tai, ar taupome, ar leid\u017eiame pinigus, ar da\u017enai sportuojame, min\u010di\u0173 ir darbotvark\u0117s susid\u0117liojimas turi mil\u017eini\u0161k\u0105 \u012ftak\u0105 m\u016bs\u0173 sveikatai, darbo na\u0161umui, finansiniam saugumui ir laimei.<\/p>\n<p>Daugel\u012f \u0161imtme\u010di\u0173 \u017emon\u0117s steng\u0117si perprasti, kod\u0117l egzistuoja \u012fpro\u010diai. Bet tik per pastaruosius du de\u0161imtme\u010dius mokslininkai ir rinkodaros specialistai prad\u0117jo i\u0161 ties\u0173 suprasti, kaip \u012fpro\u010diai veikia &#8211; ir dar svarbiau: kaip jie kei\u010diasi.<\/p>\n<ul class=\"about-product d-none d-xl-block mt-4\">\n<li><strong>Autorius:<\/strong>\u00a0Charles Duhigg<\/li>\n<li><strong>Leid\u0117jas:<\/strong>\u00a0Baltos lankos<\/li>\n<li><strong>Metai:<\/strong>\u00a02014<\/li>\n<li><strong>Puslapiai:<\/strong>\u00a0408<\/li>\n<li class=\"toggleable type-new-formats \"><strong>ISBN:<\/strong>\u00a09789955236238<\/li>\n<li><strong>Versijos kodas:<\/strong>\u00a0PT.<\/li>\n<li class=\"toggleable type-new-formats \"><strong>Formatas:<\/strong>\u00a014,5 x 21 cm, mink\u0161ti vir\u0161eliai<\/li>\n<li><strong>Kalba:<\/strong>\u00a0Lietuvi\u0173<\/li>\n<li><strong>Vert\u0117jas:<\/strong>\u00a0Nida Nork\u016bnien\u0117, Milda \u010cerniauskait\u0117<\/li>\n<\/ul>\n","protected":false},"excerpt":{"rendered":"<p>Kaip vienas reklamos paslaptis perprat\u0119s \u017emogus dant\u0173 valym\u0105 pavert\u0117 kasdieniu kone viso pasaulio \u017emoni\u0173 \u012fpro\u010diu? Kaip kariuomen\u0117s generolas \u012fsteng\u0117 nuraminti \u012ft\u016b\u017eusi\u0105 mini\u0105, perprat\u0119s ry\u0161\u012f tarp riau\u0161i\u0173 ir greitojo maisto? Kaip plaukikas Michaelis Phelpsas pasiek\u0117 pasaulio rekord\u0105, nieko nematydamas pro vandens prisisunkusius akinius? Kaip preki\u0173 reklamuotojai nustato, kurios klient\u0117s n\u0117\u0161\u010dios, ir ima reklamuoti joms prekes, nors apie n\u0117\u0161tum\u0105 dar ne\u017eino net j\u0173 \u0161eimos? Atsakymas yra \u012fpro\u010diai. Dauguma m\u016bs\u0173 kasdieni\u0173 pasirinkim\u0173 gali atrodyti kaip gerai apgalvoti sprendimai, bet tokie n\u0117ra. Jie t\u0117ra \u012fpro\u010diai. Ir nors kiekvienas \u012fprotis pats savaime rei\u0161kia labai ma\u017eai, ilgainiui valgiai, kuriuos u\u017esisakome, \u017eod\u017eiai, kuriuos kasnakt pasakome vaikams prie\u0161 mieg\u0105, tai, ar taupome, ar leid\u017eiame pinigus, ar da\u017enai sportuojame, min\u010di\u0173 ir darbotvark\u0117s susid\u0117liojimas turi mil\u017eini\u0161k\u0105 \u012ftak\u0105 m\u016bs\u0173 sveikatai, darbo na\u0161umui, finansiniam saugumui ir laimei. Daugel\u012f \u0161imtme\u010di\u0173 \u017emon\u0117s steng\u0117si perprasti, kod\u0117l egzistuoja \u012fpro\u010diai. Bet tik per pastaruosius du de\u0161imtme\u010dius mokslininkai ir rinkodaros specialistai prad\u0117jo i\u0161 ties\u0173 suprasti, kaip \u012fpro\u010diai veikia &#8211; ir dar svarbiau: kaip jie kei\u010diasi. Autorius:\u00a0Charles Duhigg Leid\u0117jas:\u00a0Baltos lankos Metai:\u00a02014 Puslapiai:\u00a0408 ISBN:\u00a09789955236238 Versijos kodas:\u00a0PT. Formatas:\u00a014,5 x 21 cm, mink\u0161ti vir\u0161eliai Kalba:\u00a0Lietuvi\u0173 Vert\u0117jas:\u00a0Nida Nork\u016bnien\u0117, Milda \u010cerniauskait\u0117<\/p>\n","protected":false},"featured_media":17461,"comment_status":"open","ping_status":"closed","template":"","meta":{"_acf_changed":false,"site-sidebar-layout":"default","site-content-layout":"","ast-site-content-layout":"default","site-content-style":"default","site-sidebar-style":"default","ast-global-header-display":"","ast-banner-title-visibility":"","ast-main-header-display":"","ast-hfb-above-header-display":"","ast-hfb-below-header-display":"","ast-hfb-mobile-header-display":"","site-post-title":"","ast-breadcrumbs-content":"","ast-featured-img":"","footer-sml-layout":"","ast-disable-related-posts":"","theme-transparent-header-meta":"default","adv-header-id-meta":"","stick-header-meta":"","header-above-stick-meta":"","header-main-stick-meta":"","header-below-stick-meta":"","astra-migrate-meta-layouts":"set","ast-page-background-enabled":"default","ast-page-background-meta":{"desktop":{"background-color":"","background-image":"","background-repeat":"repeat","background-position":"center center","background-size":"auto","background-attachment":"scroll","background-type":"","background-media":"","overlay-type":"","overlay-color":"","overlay-opacity":"","overlay-gradient":""},"tablet":{"background-color":"","background-image":"","background-repeat":"repeat","background-position":"center center","background-size":"auto","background-attachment":"scroll","background-type":"","background-media":"","overlay-type":"","overlay-color":"","overlay-opacity":"","overlay-gradient":""},"mobile":{"background-color":"","background-image":"","background-repeat":"repeat","background-position":"center center","background-size":"auto","background-attachment":"scroll","background-type":"","background-media":"","overlay-type":"","overlay-color":"","overlay-opacity":"","overlay-gradient":""}},"ast-content-background-meta":{"desktop":{"background-color":"var(--ast-global-color-4)","background-image":"","background-repeat":"repeat","background-position":"center center","background-size":"auto","background-attachment":"scroll","background-type":"","background-media":"","overlay-type":"","overlay-color":"","overlay-opacity":"","overlay-gradient":""},"tablet":{"background-color":"var(--ast-global-color-4)","background-image":"","background-repeat":"repeat","background-position":"center center","background-size":"auto","background-attachment":"scroll","background-type":"","background-media":"","overlay-type":"","overlay-color":"","overlay-opacity":"","overlay-gradient":""},"mobile":{"background-color":"var(--ast-global-color-4)","background-image":"","background-repeat":"repeat","background-position":"center center","background-size":"auto","background-attachment":"scroll","background-type":"","background-media":"","overlay-type":"","overlay-color":"","overlay-opacity":"","overlay-gradient":""}}},"product_brand":[],"product_cat":[15,30],"product_tag":[2480,2482,2481,2483,1392,1396],"class_list":{"0":"post-17460","1":"product","2":"type-product","3":"status-publish","4":"has-post-thumbnail","6":"product_cat-uncategorized","7":"product_cat-psichologija-ir-saviugda","8":"product_tag-charles-duhigg","9":"product_tag-elgesio-mokslas","10":"product_tag-iprociai","11":"product_tag-produktyvumas","12":"product_tag-psichologija","13":"product_tag-saviugda","14":"desktop-align-left","15":"tablet-align-left","16":"mobile-align-left","18":"first","19":"instock","20":"shipping-taxable","21":"purchasable","22":"product-type-simple"},"acf":[],"yoast_head":"<!-- This site is optimized with the Yoast SEO plugin v27.0 - https:\/\/yoast.com\/product\/yoast-seo-wordpress\/ -->\n<title>\u012epro\u010dio galia. Kod\u0117l mes taip elgiam\u0117s ir kaip tai pakeisti<\/title>\n<meta name=\"description\" content=\"Kaip vienas reklamos paslaptis perprat\u0119s \u017emogus dant\u0173 valym\u0105 pavert\u0117 kasdieniu kone viso pasaulio \u017emoni\u0173 \u012fpro\u010diu? Kaip kariuomen\u0117s generolas \u012fsteng\u0117\" \/>\n<meta name=\"robots\" content=\"index, follow, max-snippet:-1, max-image-preview:large, max-video-preview:-1\" \/>\n<link rel=\"canonical\" href=\"https:\/\/skaitytaknyga.lt\/en\/produktas\/iprocio-galia-kodel-mes-taip-elgiames-ir-kaip-tai-pakeisti\/\" \/>\n<meta property=\"og:locale\" content=\"en_GB\" \/>\n<meta property=\"og:locale:alternate\" content=\"lt_LT\" \/>\n<meta property=\"og:type\" content=\"article\" \/>\n<meta property=\"og:title\" content=\"\u012epro\u010dio galia. Kod\u0117l mes taip elgiam\u0117s ir kaip tai pakeisti\" \/>\n<meta property=\"og:description\" content=\"Kaip vienas reklamos paslaptis perprat\u0119s \u017emogus dant\u0173 valym\u0105 pavert\u0117 kasdieniu kone viso pasaulio \u017emoni\u0173 \u012fpro\u010diu? Kaip kariuomen\u0117s generolas \u012fsteng\u0117\" \/>\n<meta property=\"og:url\" content=\"https:\/\/skaitytaknyga.lt\/en\/produktas\/iprocio-galia-kodel-mes-taip-elgiames-ir-kaip-tai-pakeisti\/\" \/>\n<meta property=\"og:site_name\" content=\"Skaitytaknyga\" \/>\n<meta property=\"article:publisher\" content=\"https:\/\/www.facebook.com\/skaitytaknyga\/\" \/>\n<meta property=\"article:modified_time\" content=\"2025-08-28T18:22:17+00:00\" \/>\n<meta property=\"og:image\" content=\"https:\/\/skaitytaknyga.lt\/wp-content\/uploads\/2025\/03\/Iprocio-galia.-Kodel-mes-taip-elgiames-ir-kaip-tai-pakeisti.webp\" \/>\n\t<meta property=\"og:image:width\" content=\"451\" \/>\n\t<meta property=\"og:image:height\" content=\"652\" \/>\n\t<meta property=\"og:image:type\" content=\"image\/webp\" \/>\n<meta name=\"twitter:card\" content=\"summary_large_image\" \/>\n<meta name=\"twitter:label1\" content=\"Estimated reading time\" \/>\n\t<meta name=\"twitter:data1\" content=\"2 minutes\" \/>\n<script type=\"application\/ld+json\" class=\"yoast-schema-graph\">{\"@context\":\"https:\/\/schema.org\",\"@graph\":[{\"@type\":\"WebPage\",\"@id\":\"https:\/\/skaitytaknyga.lt\/produktas\/iprocio-galia-kodel-mes-taip-elgiames-ir-kaip-tai-pakeisti\/\",\"url\":\"https:\/\/skaitytaknyga.lt\/produktas\/iprocio-galia-kodel-mes-taip-elgiames-ir-kaip-tai-pakeisti\/\",\"name\":\"\u012epro\u010dio galia. Kod\u0117l mes taip elgiam\u0117s ir kaip tai pakeisti\",\"isPartOf\":{\"@id\":\"https:\/\/skaitytaknyga.lt\/#website\"},\"primaryImageOfPage\":{\"@id\":\"https:\/\/skaitytaknyga.lt\/produktas\/iprocio-galia-kodel-mes-taip-elgiames-ir-kaip-tai-pakeisti\/#primaryimage\"},\"image\":{\"@id\":\"https:\/\/skaitytaknyga.lt\/produktas\/iprocio-galia-kodel-mes-taip-elgiames-ir-kaip-tai-pakeisti\/#primaryimage\"},\"thumbnailUrl\":\"https:\/\/skaitytaknyga.lt\/wp-content\/uploads\/2025\/03\/Iprocio-galia.-Kodel-mes-taip-elgiames-ir-kaip-tai-pakeisti.webp\",\"datePublished\":\"2025-03-22T07:45:39+00:00\",\"dateModified\":\"2025-08-28T18:22:17+00:00\",\"description\":\"Kaip vienas reklamos paslaptis perprat\u0119s \u017emogus dant\u0173 valym\u0105 pavert\u0117 kasdieniu kone viso pasaulio \u017emoni\u0173 \u012fpro\u010diu? Kaip kariuomen\u0117s generolas \u012fsteng\u0117\",\"breadcrumb\":{\"@id\":\"https:\/\/skaitytaknyga.lt\/produktas\/iprocio-galia-kodel-mes-taip-elgiames-ir-kaip-tai-pakeisti\/#breadcrumb\"},\"inLanguage\":\"en-GB\",\"potentialAction\":[{\"@type\":\"ReadAction\",\"target\":[\"https:\/\/skaitytaknyga.lt\/produktas\/iprocio-galia-kodel-mes-taip-elgiames-ir-kaip-tai-pakeisti\/\"]}]},{\"@type\":\"ImageObject\",\"inLanguage\":\"en-GB\",\"@id\":\"https:\/\/skaitytaknyga.lt\/produktas\/iprocio-galia-kodel-mes-taip-elgiames-ir-kaip-tai-pakeisti\/#primaryimage\",\"url\":\"https:\/\/skaitytaknyga.lt\/wp-content\/uploads\/2025\/03\/Iprocio-galia.-Kodel-mes-taip-elgiames-ir-kaip-tai-pakeisti.webp\",\"contentUrl\":\"https:\/\/skaitytaknyga.lt\/wp-content\/uploads\/2025\/03\/Iprocio-galia.-Kodel-mes-taip-elgiames-ir-kaip-tai-pakeisti.webp\",\"width\":451,\"height\":652,\"caption\":\"\u012epro\u010dio galia. Kod\u0117l mes taip elgiam\u0117s ir kaip tai pakeisti\"},{\"@type\":\"BreadcrumbList\",\"@id\":\"https:\/\/skaitytaknyga.lt\/produktas\/iprocio-galia-kodel-mes-taip-elgiames-ir-kaip-tai-pakeisti\/#breadcrumb\",\"itemListElement\":[{\"@type\":\"ListItem\",\"position\":1,\"name\":\"Home\",\"item\":\"https:\/\/skaitytaknyga.lt\/\"},{\"@type\":\"ListItem\",\"position\":2,\"name\":\"Parduotuv\u0117\",\"item\":\"https:\/\/skaitytaknyga.lt\/knygu-parduotuve\/\"},{\"@type\":\"ListItem\",\"position\":3,\"name\":\"\u012epro\u010dio galia. Kod\u0117l mes taip elgiam\u0117s ir kaip tai pakeisti\"}]},{\"@type\":\"WebSite\",\"@id\":\"https:\/\/skaitytaknyga.lt\/#website\",\"url\":\"https:\/\/skaitytaknyga.lt\/\",\"name\":\"skaitytaknyga.lt\",\"description\":\"Skaitytaknyga.lt \u2013 tai ma\u017eas \u0161eimos verslas, kuris prasid\u0117jo nuo meil\u0117s knygoms ir siekio i\u0161gelb\u0117ti knygas nuo likimo prie konteinerio. Kas vienam nereikalingas daiktas \u2013 kitam lobis, o mes esame tarpininkai, kurie padeda abiems tapti laimingesniems ???? \u017dinome kaip nelengva i\u0161gyventi ma\u017eiems verslams, tad nuo \u0161iol, \u010dia rasite ir kit\u0173, ma\u017e\u0173 \u0161eim\u0173 versl\u0173, rank\u0173 darbo, dovan\u0173 sau ir artimiesiems.\",\"publisher\":{\"@id\":\"https:\/\/skaitytaknyga.lt\/#organization\"},\"potentialAction\":[{\"@type\":\"SearchAction\",\"target\":{\"@type\":\"EntryPoint\",\"urlTemplate\":\"https:\/\/skaitytaknyga.lt\/?s={search_term_string}\"},\"query-input\":{\"@type\":\"PropertyValueSpecification\",\"valueRequired\":true,\"valueName\":\"search_term_string\"}}],\"inLanguage\":\"en-GB\"},{\"@type\":\"Organization\",\"@id\":\"https:\/\/skaitytaknyga.lt\/#organization\",\"name\":\"skaitytaknyga.lt\",\"url\":\"https:\/\/skaitytaknyga.lt\/\",\"logo\":{\"@type\":\"ImageObject\",\"inLanguage\":\"en-GB\",\"@id\":\"https:\/\/skaitytaknyga.lt\/#\/schema\/logo\/image\/\",\"url\":\"https:\/\/skaitytaknyga.lt\/wp-content\/uploads\/2024\/05\/cropped-cropped-cropped-02_00843_jt3bggkj1j3HLc7SyY6rEUpg.jpeg\",\"contentUrl\":\"https:\/\/skaitytaknyga.lt\/wp-content\/uploads\/2024\/05\/cropped-cropped-cropped-02_00843_jt3bggkj1j3HLc7SyY6rEUpg.jpeg\",\"width\":1600,\"height\":1600,\"caption\":\"skaitytaknyga.lt\"},\"image\":{\"@id\":\"https:\/\/skaitytaknyga.lt\/#\/schema\/logo\/image\/\"},\"sameAs\":[\"https:\/\/www.facebook.com\/skaitytaknyga\/\"]}]}<\/script>\n<!-- \/ Yoast SEO plugin. -->","yoast_head_json":{"title":"\u012epro\u010dio galia. Kod\u0117l mes taip elgiam\u0117s ir kaip tai pakeisti","description":"Kaip vienas reklamos paslaptis perprat\u0119s \u017emogus dant\u0173 valym\u0105 pavert\u0117 kasdieniu kone viso pasaulio \u017emoni\u0173 \u012fpro\u010diu? Kaip kariuomen\u0117s generolas \u012fsteng\u0117","robots":{"index":"index","follow":"follow","max-snippet":"max-snippet:-1","max-image-preview":"max-image-preview:large","max-video-preview":"max-video-preview:-1"},"canonical":"https:\/\/skaitytaknyga.lt\/en\/produktas\/iprocio-galia-kodel-mes-taip-elgiames-ir-kaip-tai-pakeisti\/","og_locale":"en_GB","og_type":"article","og_title":"[:lt]\u012epro\u010dio galia. Kod\u0117l mes taip elgiam\u0117s ir kaip tai pakeisti[:] - Skaitytaknyga","og_description":"Kaip vienas reklamos paslaptis perprat\u0119s \u017emogus dant\u0173 valym\u0105 pavert\u0117 kasdieniu kone viso pasaulio \u017emoni\u0173 \u012fpro\u010diu? Kaip kariuomen\u0117s generolas \u012fsteng\u0117","og_url":"https:\/\/skaitytaknyga.lt\/en\/produktas\/iprocio-galia-kodel-mes-taip-elgiames-ir-kaip-tai-pakeisti\/","og_site_name":"Skaitytaknyga","article_publisher":"https:\/\/www.facebook.com\/skaitytaknyga\/","article_modified_time":"2025-08-28T18:22:17+00:00","og_image":[{"width":451,"height":652,"url":"https:\/\/skaitytaknyga.lt\/wp-content\/uploads\/2025\/03\/Iprocio-galia.-Kodel-mes-taip-elgiames-ir-kaip-tai-pakeisti.webp","type":"image\/webp"}],"twitter_card":"summary_large_image","twitter_misc":{"Estimated reading time":"2 minutes"},"schema":{"@context":"https:\/\/schema.org","@graph":[{"@type":"WebPage","@id":"https:\/\/skaitytaknyga.lt\/produktas\/iprocio-galia-kodel-mes-taip-elgiames-ir-kaip-tai-pakeisti\/","url":"https:\/\/skaitytaknyga.lt\/produktas\/iprocio-galia-kodel-mes-taip-elgiames-ir-kaip-tai-pakeisti\/","name":"\u012epro\u010dio galia. Kod\u0117l mes taip elgiam\u0117s ir kaip tai pakeisti","isPartOf":{"@id":"https:\/\/skaitytaknyga.lt\/#website"},"primaryImageOfPage":{"@id":"https:\/\/skaitytaknyga.lt\/produktas\/iprocio-galia-kodel-mes-taip-elgiames-ir-kaip-tai-pakeisti\/#primaryimage"},"image":{"@id":"https:\/\/skaitytaknyga.lt\/produktas\/iprocio-galia-kodel-mes-taip-elgiames-ir-kaip-tai-pakeisti\/#primaryimage"},"thumbnailUrl":"https:\/\/skaitytaknyga.lt\/wp-content\/uploads\/2025\/03\/Iprocio-galia.-Kodel-mes-taip-elgiames-ir-kaip-tai-pakeisti.webp","datePublished":"2025-03-22T07:45:39+00:00","dateModified":"2025-08-28T18:22:17+00:00","description":"Kaip vienas reklamos paslaptis perprat\u0119s \u017emogus dant\u0173 valym\u0105 pavert\u0117 kasdieniu kone viso pasaulio \u017emoni\u0173 \u012fpro\u010diu? Kaip kariuomen\u0117s generolas \u012fsteng\u0117","breadcrumb":{"@id":"https:\/\/skaitytaknyga.lt\/produktas\/iprocio-galia-kodel-mes-taip-elgiames-ir-kaip-tai-pakeisti\/#breadcrumb"},"inLanguage":"en-GB","potentialAction":[{"@type":"ReadAction","target":["https:\/\/skaitytaknyga.lt\/produktas\/iprocio-galia-kodel-mes-taip-elgiames-ir-kaip-tai-pakeisti\/"]}]},{"@type":"ImageObject","inLanguage":"en-GB","@id":"https:\/\/skaitytaknyga.lt\/produktas\/iprocio-galia-kodel-mes-taip-elgiames-ir-kaip-tai-pakeisti\/#primaryimage","url":"https:\/\/skaitytaknyga.lt\/wp-content\/uploads\/2025\/03\/Iprocio-galia.-Kodel-mes-taip-elgiames-ir-kaip-tai-pakeisti.webp","contentUrl":"https:\/\/skaitytaknyga.lt\/wp-content\/uploads\/2025\/03\/Iprocio-galia.-Kodel-mes-taip-elgiames-ir-kaip-tai-pakeisti.webp","width":451,"height":652,"caption":"\u012epro\u010dio galia. Kod\u0117l mes taip elgiam\u0117s ir kaip tai pakeisti"},{"@type":"BreadcrumbList","@id":"https:\/\/skaitytaknyga.lt\/produktas\/iprocio-galia-kodel-mes-taip-elgiames-ir-kaip-tai-pakeisti\/#breadcrumb","itemListElement":[{"@type":"ListItem","position":1,"name":"Home","item":"https:\/\/skaitytaknyga.lt\/"},{"@type":"ListItem","position":2,"name":"Parduotuv\u0117","item":"https:\/\/skaitytaknyga.lt\/knygu-parduotuve\/"},{"@type":"ListItem","position":3,"name":"\u012epro\u010dio galia. Kod\u0117l mes taip elgiam\u0117s ir kaip tai pakeisti"}]},{"@type":"WebSite","@id":"https:\/\/skaitytaknyga.lt\/#website","url":"https:\/\/skaitytaknyga.lt\/","name":"skaitytaknyga.lt","description":"Skaitytaknyga.lt \u2013 tai ma\u017eas \u0161eimos verslas, kuris prasid\u0117jo nuo meil\u0117s knygoms ir siekio i\u0161gelb\u0117ti knygas nuo likimo prie konteinerio. Kas vienam nereikalingas daiktas \u2013 kitam lobis, o mes esame tarpininkai, kurie padeda abiems tapti laimingesniems ???? \u017dinome kaip nelengva i\u0161gyventi ma\u017eiems verslams, tad nuo \u0161iol, \u010dia rasite ir kit\u0173, ma\u017e\u0173 \u0161eim\u0173 versl\u0173, rank\u0173 darbo, dovan\u0173 sau ir artimiesiems.","publisher":{"@id":"https:\/\/skaitytaknyga.lt\/#organization"},"potentialAction":[{"@type":"SearchAction","target":{"@type":"EntryPoint","urlTemplate":"https:\/\/skaitytaknyga.lt\/?s={search_term_string}"},"query-input":{"@type":"PropertyValueSpecification","valueRequired":true,"valueName":"search_term_string"}}],"inLanguage":"en-GB"},{"@type":"Organization","@id":"https:\/\/skaitytaknyga.lt\/#organization","name":"skaitytaknyga.lt","url":"https:\/\/skaitytaknyga.lt\/","logo":{"@type":"ImageObject","inLanguage":"en-GB","@id":"https:\/\/skaitytaknyga.lt\/#\/schema\/logo\/image\/","url":"https:\/\/skaitytaknyga.lt\/wp-content\/uploads\/2024\/05\/cropped-cropped-cropped-02_00843_jt3bggkj1j3HLc7SyY6rEUpg.jpeg","contentUrl":"https:\/\/skaitytaknyga.lt\/wp-content\/uploads\/2024\/05\/cropped-cropped-cropped-02_00843_jt3bggkj1j3HLc7SyY6rEUpg.jpeg","width":1600,"height":1600,"caption":"skaitytaknyga.lt"},"image":{"@id":"https:\/\/skaitytaknyga.lt\/#\/schema\/logo\/image\/"},"sameAs":["https:\/\/www.facebook.com\/skaitytaknyga\/"]}]}},"_links":{"self":[{"href":"https:\/\/skaitytaknyga.lt\/en\/wp-json\/wp\/v2\/product\/17460","targetHints":{"allow":["GET"]}}],"collection":[{"href":"https:\/\/skaitytaknyga.lt\/en\/wp-json\/wp\/v2\/product"}],"about":[{"href":"https:\/\/skaitytaknyga.lt\/en\/wp-json\/wp\/v2\/types\/product"}],"replies":[{"embeddable":true,"href":"https:\/\/skaitytaknyga.lt\/en\/wp-json\/wp\/v2\/comments?post=17460"}],"wp:featuredmedia":[{"embeddable":true,"href":"https:\/\/skaitytaknyga.lt\/en\/wp-json\/wp\/v2\/media\/17461"}],"wp:attachment":[{"href":"https:\/\/skaitytaknyga.lt\/en\/wp-json\/wp\/v2\/media?parent=17460"}],"wp:term":[{"taxonomy":"product_brand","embeddable":true,"href":"https:\/\/skaitytaknyga.lt\/en\/wp-json\/wp\/v2\/product_brand?post=17460"},{"taxonomy":"product_cat","embeddable":true,"href":"https:\/\/skaitytaknyga.lt\/en\/wp-json\/wp\/v2\/product_cat?post=17460"},{"taxonomy":"product_tag","embeddable":true,"href":"https:\/\/skaitytaknyga.lt\/en\/wp-json\/wp\/v2\/product_tag?post=17460"}],"curies":[{"name":"wp","href":"https:\/\/api.w.org\/{rel}","templated":true}]}}