{"id":17457,"date":"2025-03-21T21:58:05","date_gmt":"2025-03-21T19:58:05","guid":{"rendered":"https:\/\/skaitytaknyga.lt\/?post_type=product&#038;p=17457"},"modified":"2025-06-11T08:34:11","modified_gmt":"2025-06-11T05:34:11","slug":"santuokos-istorija","status":"publish","type":"product","link":"https:\/\/skaitytaknyga.lt\/en\/produktas\/santuokos-istorija\/","title":{"rendered":"Santuokos istorija: nuo paklusnumo iki intymumo, arba Meil\u0117s pergal\u0117"},"content":{"rendered":"<p>\u0160i knyga apie vedybin\u012f gyvenim\u0105, \u0161eimos istorij\u0105 ir santuok\u0105 nuo seniausi\u0173 laik\u0173 iki \u0161i\u0173 dien\u0173. Pasaulyje kei\u010diasi santuokos formos,vertyb\u0117s ir vedyb\u0173 susitarimai. Autor\u0117 apibendrina gausi\u0105 istorin\u0119 med\u017eiag\u0105, pateikia savo tyrin\u0117jim\u0173 i\u0161vadas. Skaitytojas ras \u012fdomi\u0173 ir pikanti\u0161k\u0173, politin\u0117s santuokos, meil\u0117s i\u0161 i\u0161skai\u010diavimo istorij\u0173 Kokia santuokos ateitis? Autor\u0117 bando atsakyti \u012f \u0161\u012f kausim\u0105.<\/p>\n<ul class=\"about-product d-none d-xl-block mt-4\">\n<li><strong>Originalus pavadinimas:<\/strong>\u00a0Marriage. A History<\/li>\n<li><strong>Autorius:<\/strong>\u00a0Stephanie Coontz<\/li>\n<li><strong>Leid\u0117jas:<\/strong>\u00a0Dajalita<\/li>\n<li><strong>Metai:<\/strong>\u00a02018<\/li>\n<li><strong>Puslapiai:<\/strong>\u00a0384<\/li>\n<li class=\"toggleable type-new-formats \"><strong>ISBN:<\/strong>\u00a09786094241109<\/li>\n<li><strong>Versijos kodas:<\/strong>\u00a010<\/li>\n<li class=\"toggleable type-new-formats \"><strong>Formatas:<\/strong>\u00a014,5 x 21 x 2,8 cm<\/li>\n<li><strong>Kalba:<\/strong>\u00a0Lietuvi\u0173<\/li>\n<li><strong>Vert\u0117jas:<\/strong>\u00a0Regina Bylien\u0117<\/li>\n<\/ul>\n","protected":false},"excerpt":{"rendered":"<p>\u0160i knyga apie vedybin\u012f gyvenim\u0105, \u0161eimos istorij\u0105 ir santuok\u0105 nuo seniausi\u0173 laik\u0173 iki \u0161i\u0173 dien\u0173. Pasaulyje kei\u010diasi santuokos formos,vertyb\u0117s ir vedyb\u0173 susitarimai. Autor\u0117 apibendrina gausi\u0105 istorin\u0119 med\u017eiag\u0105, pateikia savo tyrin\u0117jim\u0173 i\u0161vadas. Skaitytojas ras \u012fdomi\u0173 ir pikanti\u0161k\u0173, politin\u0117s santuokos, meil\u0117s i\u0161 i\u0161skai\u010diavimo istorij\u0173 Kokia santuokos ateitis? Autor\u0117 bando atsakyti \u012f \u0161\u012f kausim\u0105. Originalus pavadinimas:\u00a0Marriage. A History Autorius:\u00a0Stephanie Coontz Leid\u0117jas:\u00a0Dajalita Metai:\u00a02018 Puslapiai:\u00a0384 ISBN:\u00a09786094241109 Versijos kodas:\u00a010 Formatas:\u00a014,5 x 21 x 2,8 cm Kalba:\u00a0Lietuvi\u0173 Vert\u0117jas:\u00a0Regina Bylien\u0117<\/p>\n","protected":false},"featured_media":17458,"comment_status":"closed","ping_status":"closed","template":"","meta":{"_acf_changed":false,"site-sidebar-layout":"default","site-content-layout":"","ast-site-content-layout":"default","site-content-style":"default","site-sidebar-style":"default","ast-global-header-display":"","ast-banner-title-visibility":"","ast-main-header-display":"","ast-hfb-above-header-display":"","ast-hfb-below-header-display":"","ast-hfb-mobile-header-display":"","site-post-title":"","ast-breadcrumbs-content":"","ast-featured-img":"","footer-sml-layout":"","ast-disable-related-posts":"","theme-transparent-header-meta":"default","adv-header-id-meta":"","stick-header-meta":"","header-above-stick-meta":"","header-main-stick-meta":"","header-below-stick-meta":"","astra-migrate-meta-layouts":"set","ast-page-background-enabled":"default","ast-page-background-meta":{"desktop":{"background-color":"","background-image":"","background-repeat":"repeat","background-position":"center center","background-size":"auto","background-attachment":"scroll","background-type":"","background-media":"","overlay-type":"","overlay-color":"","overlay-opacity":"","overlay-gradient":""},"tablet":{"background-color":"","background-image":"","background-repeat":"repeat","background-position":"center center","background-size":"auto","background-attachment":"scroll","background-type":"","background-media":"","overlay-type":"","overlay-color":"","overlay-opacity":"","overlay-gradient":""},"mobile":{"background-color":"","background-image":"","background-repeat":"repeat","background-position":"center center","background-size":"auto","background-attachment":"scroll","background-type":"","background-media":"","overlay-type":"","overlay-color":"","overlay-opacity":"","overlay-gradient":""}},"ast-content-background-meta":{"desktop":{"background-color":"var(--ast-global-color-4)","background-image":"","background-repeat":"repeat","background-position":"center center","background-size":"auto","background-attachment":"scroll","background-type":"","background-media":"","overlay-type":"","overlay-color":"","overlay-opacity":"","overlay-gradient":""},"tablet":{"background-color":"var(--ast-global-color-4)","background-image":"","background-repeat":"repeat","background-position":"center center","background-size":"auto","background-attachment":"scroll","background-type":"","background-media":"","overlay-type":"","overlay-color":"","overlay-opacity":"","overlay-gradient":""},"mobile":{"background-color":"var(--ast-global-color-4)","background-image":"","background-repeat":"repeat","background-position":"center center","background-size":"auto","background-attachment":"scroll","background-type":"","background-media":"","overlay-type":"","overlay-color":"","overlay-opacity":"","overlay-gradient":""}}},"product_brand":[],"product_cat":[174],"product_tag":[2224,1796,4822,1646,4821,4823],"class_list":{"0":"post-17457","1":"product","2":"type-product","3":"status-publish","4":"has-post-thumbnail","6":"product_cat-istorija-ir-politologija","7":"product_tag-istorija","8":"product_tag-meile","9":"product_tag-santuokos-istorija","10":"product_tag-seima","11":"product_tag-stephanie-coontz","12":"product_tag-vedybos","13":"desktop-align-left","14":"tablet-align-left","15":"mobile-align-left","17":"first","18":"instock","19":"shipping-taxable","20":"purchasable","21":"product-type-simple"},"acf":[],"yoast_head":"<!-- This site is optimized with the Yoast SEO plugin v27.0 - https:\/\/yoast.com\/product\/yoast-seo-wordpress\/ -->\n<title>Santuokos istorija: nuo paklusnumo iki intymumo, arba Meil\u0117s pergal\u0117<\/title>\n<meta name=\"description\" content=\"\u0160i knyga apie vedybin\u012f gyvenim\u0105, \u0161eimos istorij\u0105 ir santuok\u0105 nuo seniausi\u0173 laik\u0173 iki \u0161i\u0173 dien\u0173. Pasaulyje kei\u010diasi santuokos formos,vertyb\u0117s ir vedyb\u0173\" \/>\n<meta name=\"robots\" content=\"index, follow, max-snippet:-1, max-image-preview:large, max-video-preview:-1\" \/>\n<link rel=\"canonical\" href=\"https:\/\/skaitytaknyga.lt\/en\/produktas\/santuokos-istorija\/\" \/>\n<meta property=\"og:locale\" content=\"en_GB\" \/>\n<meta property=\"og:locale:alternate\" content=\"lt_LT\" \/>\n<meta property=\"og:type\" content=\"article\" \/>\n<meta property=\"og:title\" content=\"Santuokos istorija: nuo paklusnumo iki intymumo, arba Meil\u0117s pergal\u0117\" \/>\n<meta property=\"og:description\" content=\"\u0160i knyga apie vedybin\u012f gyvenim\u0105, \u0161eimos istorij\u0105 ir santuok\u0105 nuo seniausi\u0173 laik\u0173 iki \u0161i\u0173 dien\u0173. Pasaulyje kei\u010diasi santuokos formos,vertyb\u0117s ir vedyb\u0173\" \/>\n<meta property=\"og:url\" content=\"https:\/\/skaitytaknyga.lt\/en\/produktas\/santuokos-istorija\/\" \/>\n<meta property=\"og:site_name\" content=\"Skaitytaknyga\" \/>\n<meta property=\"article:publisher\" content=\"https:\/\/www.facebook.com\/skaitytaknyga\/\" \/>\n<meta property=\"article:modified_time\" content=\"2025-06-11T05:34:11+00:00\" \/>\n<meta property=\"og:image\" content=\"https:\/\/skaitytaknyga.lt\/wp-content\/uploads\/2025\/03\/Santuokos-istorija-nuo-paklusnumo-iki-intymumo-arba-Meiles-pergale.webp\" \/>\n\t<meta property=\"og:image:width\" content=\"547\" \/>\n\t<meta property=\"og:image:height\" content=\"800\" \/>\n\t<meta property=\"og:image:type\" content=\"image\/webp\" \/>\n<meta name=\"twitter:card\" content=\"summary_large_image\" \/>\n<meta name=\"twitter:label1\" content=\"Estimated reading time\" \/>\n\t<meta name=\"twitter:data1\" content=\"1 minute\" \/>\n<script type=\"application\/ld+json\" class=\"yoast-schema-graph\">{\"@context\":\"https:\/\/schema.org\",\"@graph\":[{\"@type\":\"WebPage\",\"@id\":\"https:\/\/skaitytaknyga.lt\/produktas\/santuokos-istorija\/\",\"url\":\"https:\/\/skaitytaknyga.lt\/produktas\/santuokos-istorija\/\",\"name\":\"Santuokos istorija: nuo paklusnumo iki intymumo, arba Meil\u0117s pergal\u0117\",\"isPartOf\":{\"@id\":\"https:\/\/skaitytaknyga.lt\/#website\"},\"primaryImageOfPage\":{\"@id\":\"https:\/\/skaitytaknyga.lt\/produktas\/santuokos-istorija\/#primaryimage\"},\"image\":{\"@id\":\"https:\/\/skaitytaknyga.lt\/produktas\/santuokos-istorija\/#primaryimage\"},\"thumbnailUrl\":\"https:\/\/skaitytaknyga.lt\/wp-content\/uploads\/2025\/03\/Santuokos-istorija-nuo-paklusnumo-iki-intymumo-arba-Meiles-pergale.webp\",\"datePublished\":\"2025-03-21T19:58:05+00:00\",\"dateModified\":\"2025-06-11T05:34:11+00:00\",\"description\":\"\u0160i knyga apie vedybin\u012f gyvenim\u0105, \u0161eimos istorij\u0105 ir santuok\u0105 nuo seniausi\u0173 laik\u0173 iki \u0161i\u0173 dien\u0173. Pasaulyje kei\u010diasi santuokos formos,vertyb\u0117s ir vedyb\u0173\",\"breadcrumb\":{\"@id\":\"https:\/\/skaitytaknyga.lt\/produktas\/santuokos-istorija\/#breadcrumb\"},\"inLanguage\":\"en-GB\",\"potentialAction\":[{\"@type\":\"ReadAction\",\"target\":[\"https:\/\/skaitytaknyga.lt\/produktas\/santuokos-istorija\/\"]}]},{\"@type\":\"ImageObject\",\"inLanguage\":\"en-GB\",\"@id\":\"https:\/\/skaitytaknyga.lt\/produktas\/santuokos-istorija\/#primaryimage\",\"url\":\"https:\/\/skaitytaknyga.lt\/wp-content\/uploads\/2025\/03\/Santuokos-istorija-nuo-paklusnumo-iki-intymumo-arba-Meiles-pergale.webp\",\"contentUrl\":\"https:\/\/skaitytaknyga.lt\/wp-content\/uploads\/2025\/03\/Santuokos-istorija-nuo-paklusnumo-iki-intymumo-arba-Meiles-pergale.webp\",\"width\":547,\"height\":800,\"caption\":\"Santuokos istorija: nuo paklusnumo iki intymumo, arba Meil\u0117s pergal\u0117\"},{\"@type\":\"BreadcrumbList\",\"@id\":\"https:\/\/skaitytaknyga.lt\/produktas\/santuokos-istorija\/#breadcrumb\",\"itemListElement\":[{\"@type\":\"ListItem\",\"position\":1,\"name\":\"Home\",\"item\":\"https:\/\/skaitytaknyga.lt\/\"},{\"@type\":\"ListItem\",\"position\":2,\"name\":\"Parduotuv\u0117\",\"item\":\"https:\/\/skaitytaknyga.lt\/knygu-parduotuve\/\"},{\"@type\":\"ListItem\",\"position\":3,\"name\":\"Santuokos istorija: nuo paklusnumo iki intymumo, arba Meil\u0117s pergal\u0117\"}]},{\"@type\":\"WebSite\",\"@id\":\"https:\/\/skaitytaknyga.lt\/#website\",\"url\":\"https:\/\/skaitytaknyga.lt\/\",\"name\":\"skaitytaknyga.lt\",\"description\":\"Skaitytaknyga.lt \u2013 tai ma\u017eas \u0161eimos verslas, kuris prasid\u0117jo nuo meil\u0117s knygoms ir siekio i\u0161gelb\u0117ti knygas nuo likimo prie konteinerio. Kas vienam nereikalingas daiktas \u2013 kitam lobis, o mes esame tarpininkai, kurie padeda abiems tapti laimingesniems ???? \u017dinome kaip nelengva i\u0161gyventi ma\u017eiems verslams, tad nuo \u0161iol, \u010dia rasite ir kit\u0173, ma\u017e\u0173 \u0161eim\u0173 versl\u0173, rank\u0173 darbo, dovan\u0173 sau ir artimiesiems.\",\"publisher\":{\"@id\":\"https:\/\/skaitytaknyga.lt\/#organization\"},\"potentialAction\":[{\"@type\":\"SearchAction\",\"target\":{\"@type\":\"EntryPoint\",\"urlTemplate\":\"https:\/\/skaitytaknyga.lt\/?s={search_term_string}\"},\"query-input\":{\"@type\":\"PropertyValueSpecification\",\"valueRequired\":true,\"valueName\":\"search_term_string\"}}],\"inLanguage\":\"en-GB\"},{\"@type\":\"Organization\",\"@id\":\"https:\/\/skaitytaknyga.lt\/#organization\",\"name\":\"skaitytaknyga.lt\",\"url\":\"https:\/\/skaitytaknyga.lt\/\",\"logo\":{\"@type\":\"ImageObject\",\"inLanguage\":\"en-GB\",\"@id\":\"https:\/\/skaitytaknyga.lt\/#\/schema\/logo\/image\/\",\"url\":\"https:\/\/skaitytaknyga.lt\/wp-content\/uploads\/2024\/05\/cropped-cropped-cropped-02_00843_jt3bggkj1j3HLc7SyY6rEUpg.jpeg\",\"contentUrl\":\"https:\/\/skaitytaknyga.lt\/wp-content\/uploads\/2024\/05\/cropped-cropped-cropped-02_00843_jt3bggkj1j3HLc7SyY6rEUpg.jpeg\",\"width\":1600,\"height\":1600,\"caption\":\"skaitytaknyga.lt\"},\"image\":{\"@id\":\"https:\/\/skaitytaknyga.lt\/#\/schema\/logo\/image\/\"},\"sameAs\":[\"https:\/\/www.facebook.com\/skaitytaknyga\/\"]}]}<\/script>\n<!-- \/ Yoast SEO plugin. -->","yoast_head_json":{"title":"Santuokos istorija: nuo paklusnumo iki intymumo, arba Meil\u0117s pergal\u0117","description":"\u0160i knyga apie vedybin\u012f gyvenim\u0105, \u0161eimos istorij\u0105 ir santuok\u0105 nuo seniausi\u0173 laik\u0173 iki \u0161i\u0173 dien\u0173. Pasaulyje kei\u010diasi santuokos formos,vertyb\u0117s ir vedyb\u0173","robots":{"index":"index","follow":"follow","max-snippet":"max-snippet:-1","max-image-preview":"max-image-preview:large","max-video-preview":"max-video-preview:-1"},"canonical":"https:\/\/skaitytaknyga.lt\/en\/produktas\/santuokos-istorija\/","og_locale":"en_GB","og_type":"article","og_title":"[:lt]Santuokos istorija: nuo paklusnumo iki intymumo, arba Meil\u0117s pergal\u0117[:] - Skaitytaknyga","og_description":"\u0160i knyga apie vedybin\u012f gyvenim\u0105, \u0161eimos istorij\u0105 ir santuok\u0105 nuo seniausi\u0173 laik\u0173 iki \u0161i\u0173 dien\u0173. Pasaulyje kei\u010diasi santuokos formos,vertyb\u0117s ir vedyb\u0173","og_url":"https:\/\/skaitytaknyga.lt\/en\/produktas\/santuokos-istorija\/","og_site_name":"Skaitytaknyga","article_publisher":"https:\/\/www.facebook.com\/skaitytaknyga\/","article_modified_time":"2025-06-11T05:34:11+00:00","og_image":[{"width":547,"height":800,"url":"https:\/\/skaitytaknyga.lt\/wp-content\/uploads\/2025\/03\/Santuokos-istorija-nuo-paklusnumo-iki-intymumo-arba-Meiles-pergale.webp","type":"image\/webp"}],"twitter_card":"summary_large_image","twitter_misc":{"Estimated reading time":"1 minute"},"schema":{"@context":"https:\/\/schema.org","@graph":[{"@type":"WebPage","@id":"https:\/\/skaitytaknyga.lt\/produktas\/santuokos-istorija\/","url":"https:\/\/skaitytaknyga.lt\/produktas\/santuokos-istorija\/","name":"Santuokos istorija: nuo paklusnumo iki intymumo, arba Meil\u0117s pergal\u0117","isPartOf":{"@id":"https:\/\/skaitytaknyga.lt\/#website"},"primaryImageOfPage":{"@id":"https:\/\/skaitytaknyga.lt\/produktas\/santuokos-istorija\/#primaryimage"},"image":{"@id":"https:\/\/skaitytaknyga.lt\/produktas\/santuokos-istorija\/#primaryimage"},"thumbnailUrl":"https:\/\/skaitytaknyga.lt\/wp-content\/uploads\/2025\/03\/Santuokos-istorija-nuo-paklusnumo-iki-intymumo-arba-Meiles-pergale.webp","datePublished":"2025-03-21T19:58:05+00:00","dateModified":"2025-06-11T05:34:11+00:00","description":"\u0160i knyga apie vedybin\u012f gyvenim\u0105, \u0161eimos istorij\u0105 ir santuok\u0105 nuo seniausi\u0173 laik\u0173 iki \u0161i\u0173 dien\u0173. Pasaulyje kei\u010diasi santuokos formos,vertyb\u0117s ir vedyb\u0173","breadcrumb":{"@id":"https:\/\/skaitytaknyga.lt\/produktas\/santuokos-istorija\/#breadcrumb"},"inLanguage":"en-GB","potentialAction":[{"@type":"ReadAction","target":["https:\/\/skaitytaknyga.lt\/produktas\/santuokos-istorija\/"]}]},{"@type":"ImageObject","inLanguage":"en-GB","@id":"https:\/\/skaitytaknyga.lt\/produktas\/santuokos-istorija\/#primaryimage","url":"https:\/\/skaitytaknyga.lt\/wp-content\/uploads\/2025\/03\/Santuokos-istorija-nuo-paklusnumo-iki-intymumo-arba-Meiles-pergale.webp","contentUrl":"https:\/\/skaitytaknyga.lt\/wp-content\/uploads\/2025\/03\/Santuokos-istorija-nuo-paklusnumo-iki-intymumo-arba-Meiles-pergale.webp","width":547,"height":800,"caption":"Santuokos istorija: nuo paklusnumo iki intymumo, arba Meil\u0117s pergal\u0117"},{"@type":"BreadcrumbList","@id":"https:\/\/skaitytaknyga.lt\/produktas\/santuokos-istorija\/#breadcrumb","itemListElement":[{"@type":"ListItem","position":1,"name":"Home","item":"https:\/\/skaitytaknyga.lt\/"},{"@type":"ListItem","position":2,"name":"Parduotuv\u0117","item":"https:\/\/skaitytaknyga.lt\/knygu-parduotuve\/"},{"@type":"ListItem","position":3,"name":"Santuokos istorija: nuo paklusnumo iki intymumo, arba Meil\u0117s pergal\u0117"}]},{"@type":"WebSite","@id":"https:\/\/skaitytaknyga.lt\/#website","url":"https:\/\/skaitytaknyga.lt\/","name":"skaitytaknyga.lt","description":"Skaitytaknyga.lt \u2013 tai ma\u017eas \u0161eimos verslas, kuris prasid\u0117jo nuo meil\u0117s knygoms ir siekio i\u0161gelb\u0117ti knygas nuo likimo prie konteinerio. Kas vienam nereikalingas daiktas \u2013 kitam lobis, o mes esame tarpininkai, kurie padeda abiems tapti laimingesniems ???? \u017dinome kaip nelengva i\u0161gyventi ma\u017eiems verslams, tad nuo \u0161iol, \u010dia rasite ir kit\u0173, ma\u017e\u0173 \u0161eim\u0173 versl\u0173, rank\u0173 darbo, dovan\u0173 sau ir artimiesiems.","publisher":{"@id":"https:\/\/skaitytaknyga.lt\/#organization"},"potentialAction":[{"@type":"SearchAction","target":{"@type":"EntryPoint","urlTemplate":"https:\/\/skaitytaknyga.lt\/?s={search_term_string}"},"query-input":{"@type":"PropertyValueSpecification","valueRequired":true,"valueName":"search_term_string"}}],"inLanguage":"en-GB"},{"@type":"Organization","@id":"https:\/\/skaitytaknyga.lt\/#organization","name":"skaitytaknyga.lt","url":"https:\/\/skaitytaknyga.lt\/","logo":{"@type":"ImageObject","inLanguage":"en-GB","@id":"https:\/\/skaitytaknyga.lt\/#\/schema\/logo\/image\/","url":"https:\/\/skaitytaknyga.lt\/wp-content\/uploads\/2024\/05\/cropped-cropped-cropped-02_00843_jt3bggkj1j3HLc7SyY6rEUpg.jpeg","contentUrl":"https:\/\/skaitytaknyga.lt\/wp-content\/uploads\/2024\/05\/cropped-cropped-cropped-02_00843_jt3bggkj1j3HLc7SyY6rEUpg.jpeg","width":1600,"height":1600,"caption":"skaitytaknyga.lt"},"image":{"@id":"https:\/\/skaitytaknyga.lt\/#\/schema\/logo\/image\/"},"sameAs":["https:\/\/www.facebook.com\/skaitytaknyga\/"]}]}},"_links":{"self":[{"href":"https:\/\/skaitytaknyga.lt\/en\/wp-json\/wp\/v2\/product\/17457","targetHints":{"allow":["GET"]}}],"collection":[{"href":"https:\/\/skaitytaknyga.lt\/en\/wp-json\/wp\/v2\/product"}],"about":[{"href":"https:\/\/skaitytaknyga.lt\/en\/wp-json\/wp\/v2\/types\/product"}],"replies":[{"embeddable":true,"href":"https:\/\/skaitytaknyga.lt\/en\/wp-json\/wp\/v2\/comments?post=17457"}],"wp:featuredmedia":[{"embeddable":true,"href":"https:\/\/skaitytaknyga.lt\/en\/wp-json\/wp\/v2\/media\/17458"}],"wp:attachment":[{"href":"https:\/\/skaitytaknyga.lt\/en\/wp-json\/wp\/v2\/media?parent=17457"}],"wp:term":[{"taxonomy":"product_brand","embeddable":true,"href":"https:\/\/skaitytaknyga.lt\/en\/wp-json\/wp\/v2\/product_brand?post=17457"},{"taxonomy":"product_cat","embeddable":true,"href":"https:\/\/skaitytaknyga.lt\/en\/wp-json\/wp\/v2\/product_cat?post=17457"},{"taxonomy":"product_tag","embeddable":true,"href":"https:\/\/skaitytaknyga.lt\/en\/wp-json\/wp\/v2\/product_tag?post=17457"}],"curies":[{"name":"wp","href":"https:\/\/api.w.org\/{rel}","templated":true}]}}