{"id":17455,"date":"2025-03-21T21:55:08","date_gmt":"2025-03-21T19:55:08","guid":{"rendered":"https:\/\/skaitytaknyga.lt\/?post_type=product&#038;p=17455"},"modified":"2025-03-21T21:56:42","modified_gmt":"2025-03-21T19:56:42","slug":"elementai","status":"publish","type":"product","link":"https:\/\/skaitytaknyga.lt\/en\/produktas\/elementai\/","title":{"rendered":"Elementai"},"content":{"rendered":"<p>Visi \u017einome, kad mes patys, kaip ir mus supantys daiktai, esame sudaryti i\u0161 daugyb\u0117s plika akimi nematom\u0173 daleli\u0173. Ta\u010diau ar galite \u012fsivaizduoti, kad j\u016bs\u0173 k\u016bne yra chemini\u0173 element\u0173, kurie atsirado prie\u0161 13,8 milijardo met\u0173 formuojantis Visatai? Ar nutuokiate, i\u0161 kokios chemini\u0173 med\u017eiag\u0173 \u012fvairov\u0117s yra pagamintas j\u016bs\u0173 mobilusis telefonas ir kokiais b\u016bdais jos yra i\u0161gaunamos?<\/p>\n<p>Norveg\u0173 mokslinink\u0117\u00a0<strong>Anja R\u00f8yne<\/strong>\u00a0knygoje<strong>\u00a0\u201eElementai&#8221;<\/strong>\u00a0pateikia i\u0161sam\u0173 m\u016bs\u0173 planetos i\u0161tekli\u0173 \u017eem\u0117lap\u012f ir ap\u017evelgia nuo j\u0173 neabejotinai priklausomos \u017emonijos ateities perspektyvas.<\/p>\n<p>\u2022 Kaip ir kokie cheminiai elementai yra i\u0161gaunami i\u0161 \u017dem\u0117s plutos?<br \/>\n\u2022 Kurie elementai yra gyvybi\u0161kai svarb\u016bs m\u016bs\u0173 civilizacijai, o kuriuos galime pakeisti?<br \/>\n\u2022 Kod\u0117l stingame energijos i\u0161tekli\u0173?<br \/>\n\u2022 Kokia tikimyb\u0117, kad paliksime \u017dem\u0119 ir i\u0161sikelsime \u012f kitas planetas?<\/p>\n<p>Keldama svarbius \u017emonijai klausimus, autor\u0117 apra\u0161o nepertraukiam\u0105 energijos apykait\u0105 tarp \u017emogaus ir gamtos bei \u0161io ry\u0161io pa\u017eeid\u017eiamum\u0105. Egzistuosime tol, kol gausime b\u016btin\u0173 statybini\u0173 med\u017eiag\u0173 i\u0161 maisto, vandens ir oro, tod\u0117l turime spr\u0119sti planetos i\u0161tekli\u0173 suvartojimo ir aplinkos u\u017eter\u0161tumo problemas, antraip ateities kartoms teks susidurti su katastrofi\u0161komis pasekm\u0117mis.<\/p>\n<ul class=\"about-product d-none d-xl-block mt-4\">\n<li><strong>Originalus pavadinimas:<\/strong>\u00a0MENNESKETS GRUNNSTOFFER. Byggeklossene vi og verden er laget av<\/li>\n<li><strong>Autorius:<\/strong>\u00a0Anja R\u00f8yne<\/li>\n<li><strong>Leid\u0117jas:<\/strong>\u00a0Alma littera<\/li>\n<li><strong>Metai:<\/strong>\u00a02020<\/li>\n<li><strong>Puslapiai:<\/strong>\u00a0224<\/li>\n<li class=\"toggleable type-new-formats \"><strong>ISBN:<\/strong>\u00a09786090141076<\/li>\n<li><strong>Versijos kodas:<\/strong>\u00a0PT.<\/li>\n<li class=\"toggleable type-new-formats \"><strong>Formatas:<\/strong>\u00a014,3 x 21,3 x 2 cm, kieti vir\u0161eliai<\/li>\n<li><strong>Kalba:<\/strong>\u00a0Lietuvi\u0173<\/li>\n<li><strong>Vert\u0117jas:<\/strong>\u00a0Nora Strikauskait\u0117<\/li>\n<\/ul>\n","protected":false},"excerpt":{"rendered":"<p>Visi \u017einome, kad mes patys, kaip ir mus supantys daiktai, esame sudaryti i\u0161 daugyb\u0117s plika akimi nematom\u0173 daleli\u0173. Ta\u010diau ar galite \u012fsivaizduoti, kad j\u016bs\u0173 k\u016bne yra chemini\u0173 element\u0173, kurie atsirado prie\u0161 13,8 milijardo met\u0173 formuojantis Visatai? Ar nutuokiate, i\u0161 kokios chemini\u0173 med\u017eiag\u0173 \u012fvairov\u0117s yra pagamintas j\u016bs\u0173 mobilusis telefonas ir kokiais b\u016bdais jos yra i\u0161gaunamos? Norveg\u0173 mokslinink\u0117\u00a0Anja R\u00f8yne\u00a0knygoje\u00a0\u201eElementai&#8221;\u00a0pateikia i\u0161sam\u0173 m\u016bs\u0173 planetos i\u0161tekli\u0173 \u017eem\u0117lap\u012f ir ap\u017evelgia nuo j\u0173 neabejotinai priklausomos \u017emonijos ateities perspektyvas. \u2022 Kaip ir kokie cheminiai elementai yra i\u0161gaunami i\u0161 \u017dem\u0117s plutos? \u2022 Kurie elementai yra gyvybi\u0161kai svarb\u016bs m\u016bs\u0173 civilizacijai, o kuriuos galime pakeisti? \u2022 Kod\u0117l stingame energijos i\u0161tekli\u0173? \u2022 Kokia tikimyb\u0117, kad paliksime \u017dem\u0119 ir i\u0161sikelsime \u012f kitas planetas? Keldama svarbius \u017emonijai klausimus, autor\u0117 apra\u0161o nepertraukiam\u0105 energijos apykait\u0105 tarp \u017emogaus ir gamtos bei \u0161io ry\u0161io pa\u017eeid\u017eiamum\u0105. Egzistuosime tol, kol gausime b\u016btin\u0173 statybini\u0173 med\u017eiag\u0173 i\u0161 maisto, vandens ir oro, tod\u0117l turime spr\u0119sti planetos i\u0161tekli\u0173 suvartojimo ir aplinkos u\u017eter\u0161tumo problemas, antraip ateities kartoms teks susidurti su katastrofi\u0161komis pasekm\u0117mis. Originalus pavadinimas:\u00a0MENNESKETS GRUNNSTOFFER. Byggeklossene vi og verden er laget av Autorius:\u00a0Anja R\u00f8yne Leid\u0117jas:\u00a0Alma littera Metai:\u00a02020 Puslapiai:\u00a0224 ISBN:\u00a09786090141076 Versijos kodas:\u00a0PT. Formatas:\u00a014,3 x 21,3 x 2 cm, kieti vir\u0161eliai Kalba:\u00a0Lietuvi\u0173 Vert\u0117jas:\u00a0Nora Strikauskait\u0117<\/p>\n","protected":false},"featured_media":17456,"comment_status":"open","ping_status":"closed","template":"","meta":{"_acf_changed":false,"site-sidebar-layout":"default","site-content-layout":"","ast-site-content-layout":"default","site-content-style":"default","site-sidebar-style":"default","ast-global-header-display":"","ast-banner-title-visibility":"","ast-main-header-display":"","ast-hfb-above-header-display":"","ast-hfb-below-header-display":"","ast-hfb-mobile-header-display":"","site-post-title":"","ast-breadcrumbs-content":"","ast-featured-img":"","footer-sml-layout":"","ast-disable-related-posts":"","theme-transparent-header-meta":"default","adv-header-id-meta":"","stick-header-meta":"","header-above-stick-meta":"","header-main-stick-meta":"","header-below-stick-meta":"","astra-migrate-meta-layouts":"set","ast-page-background-enabled":"default","ast-page-background-meta":{"desktop":{"background-color":"","background-image":"","background-repeat":"repeat","background-position":"center center","background-size":"auto","background-attachment":"scroll","background-type":"","background-media":"","overlay-type":"","overlay-color":"","overlay-opacity":"","overlay-gradient":""},"tablet":{"background-color":"","background-image":"","background-repeat":"repeat","background-position":"center center","background-size":"auto","background-attachment":"scroll","background-type":"","background-media":"","overlay-type":"","overlay-color":"","overlay-opacity":"","overlay-gradient":""},"mobile":{"background-color":"","background-image":"","background-repeat":"repeat","background-position":"center center","background-size":"auto","background-attachment":"scroll","background-type":"","background-media":"","overlay-type":"","overlay-color":"","overlay-opacity":"","overlay-gradient":""}},"ast-content-background-meta":{"desktop":{"background-color":"var(--ast-global-color-4)","background-image":"","background-repeat":"repeat","background-position":"center center","background-size":"auto","background-attachment":"scroll","background-type":"","background-media":"","overlay-type":"","overlay-color":"","overlay-opacity":"","overlay-gradient":""},"tablet":{"background-color":"var(--ast-global-color-4)","background-image":"","background-repeat":"repeat","background-position":"center center","background-size":"auto","background-attachment":"scroll","background-type":"","background-media":"","overlay-type":"","overlay-color":"","overlay-opacity":"","overlay-gradient":""},"mobile":{"background-color":"var(--ast-global-color-4)","background-image":"","background-repeat":"repeat","background-position":"center center","background-size":"auto","background-attachment":"scroll","background-type":"","background-media":"","overlay-type":"","overlay-color":"","overlay-opacity":"","overlay-gradient":""}}},"product_brand":[],"product_cat":[269,15],"product_tag":[],"class_list":{"0":"post-17455","1":"product","2":"type-product","3":"status-publish","4":"has-post-thumbnail","6":"product_cat-gamtos-mokslai","7":"product_cat-uncategorized","8":"desktop-align-left","9":"tablet-align-left","10":"mobile-align-left","12":"first","13":"instock","14":"shipping-taxable","15":"purchasable","16":"product-type-simple"},"acf":[],"yoast_head":"<!-- This site is optimized with the Yoast SEO plugin v27.4 - https:\/\/yoast.com\/product\/yoast-seo-wordpress\/ -->\n<title>Elementai<\/title>\n<meta name=\"description\" content=\"Visi \u017einome, kad mes patys, kaip ir mus supantys daiktai, esame sudaryti i\u0161 daugyb\u0117s plika akimi nematom\u0173 daleli\u0173. Ta\u010diau ar galite \u012fsivaizduoti, kad j\u016bs\u0173\" \/>\n<meta name=\"robots\" content=\"index, follow, max-snippet:-1, max-image-preview:large, max-video-preview:-1\" \/>\n<link rel=\"canonical\" href=\"https:\/\/skaitytaknyga.lt\/en\/produktas\/elementai\/\" \/>\n<meta property=\"og:locale\" content=\"en_GB\" \/>\n<meta property=\"og:locale:alternate\" content=\"lt_LT\" \/>\n<meta property=\"og:type\" content=\"article\" \/>\n<meta property=\"og:title\" content=\"Elementai\" \/>\n<meta property=\"og:description\" content=\"Visi \u017einome, kad mes patys, kaip ir mus supantys daiktai, esame sudaryti i\u0161 daugyb\u0117s plika akimi nematom\u0173 daleli\u0173. Ta\u010diau ar galite \u012fsivaizduoti, kad j\u016bs\u0173\" \/>\n<meta property=\"og:url\" content=\"https:\/\/skaitytaknyga.lt\/en\/produktas\/elementai\/\" \/>\n<meta property=\"og:site_name\" content=\"Skaitytaknyga\" \/>\n<meta property=\"article:publisher\" content=\"https:\/\/www.facebook.com\/skaitytaknyga\/\" \/>\n<meta property=\"article:modified_time\" content=\"2025-03-21T19:56:42+00:00\" \/>\n<meta property=\"og:image\" content=\"https:\/\/skaitytaknyga.lt\/wp-content\/uploads\/2025\/03\/1584713555_elementai.webp\" \/>\n\t<meta property=\"og:image:width\" content=\"403\" \/>\n\t<meta property=\"og:image:height\" content=\"600\" \/>\n\t<meta property=\"og:image:type\" content=\"image\/webp\" \/>\n<meta name=\"twitter:card\" content=\"summary_large_image\" \/>\n<meta name=\"twitter:label1\" content=\"Estimated reading time\" \/>\n\t<meta name=\"twitter:data1\" content=\"2 minutes\" \/>\n<script type=\"application\/ld+json\" class=\"yoast-schema-graph\">{\"@context\":\"https:\\\/\\\/schema.org\",\"@graph\":[{\"@type\":\"WebPage\",\"@id\":\"https:\\\/\\\/skaitytaknyga.lt\\\/produktas\\\/elementai\\\/\",\"url\":\"https:\\\/\\\/skaitytaknyga.lt\\\/produktas\\\/elementai\\\/\",\"name\":\"Elementai\",\"isPartOf\":{\"@id\":\"https:\\\/\\\/skaitytaknyga.lt\\\/#website\"},\"primaryImageOfPage\":{\"@id\":\"https:\\\/\\\/skaitytaknyga.lt\\\/produktas\\\/elementai\\\/#primaryimage\"},\"image\":{\"@id\":\"https:\\\/\\\/skaitytaknyga.lt\\\/produktas\\\/elementai\\\/#primaryimage\"},\"thumbnailUrl\":\"https:\\\/\\\/skaitytaknyga.lt\\\/wp-content\\\/uploads\\\/2025\\\/03\\\/1584713555_elementai.webp\",\"datePublished\":\"2025-03-21T19:55:08+00:00\",\"dateModified\":\"2025-03-21T19:56:42+00:00\",\"description\":\"Visi \u017einome, kad mes patys, kaip ir mus supantys daiktai, esame sudaryti i\u0161 daugyb\u0117s plika akimi nematom\u0173 daleli\u0173. Ta\u010diau ar galite \u012fsivaizduoti, kad j\u016bs\u0173\",\"breadcrumb\":{\"@id\":\"https:\\\/\\\/skaitytaknyga.lt\\\/produktas\\\/elementai\\\/#breadcrumb\"},\"inLanguage\":\"en-GB\",\"potentialAction\":[{\"@type\":\"ReadAction\",\"target\":[\"https:\\\/\\\/skaitytaknyga.lt\\\/produktas\\\/elementai\\\/\"]}]},{\"@type\":\"ImageObject\",\"inLanguage\":\"en-GB\",\"@id\":\"https:\\\/\\\/skaitytaknyga.lt\\\/produktas\\\/elementai\\\/#primaryimage\",\"url\":\"https:\\\/\\\/skaitytaknyga.lt\\\/wp-content\\\/uploads\\\/2025\\\/03\\\/1584713555_elementai.webp\",\"contentUrl\":\"https:\\\/\\\/skaitytaknyga.lt\\\/wp-content\\\/uploads\\\/2025\\\/03\\\/1584713555_elementai.webp\",\"width\":403,\"height\":600,\"caption\":\"\u017duvintas ir jo gyventojai\"},{\"@type\":\"BreadcrumbList\",\"@id\":\"https:\\\/\\\/skaitytaknyga.lt\\\/produktas\\\/elementai\\\/#breadcrumb\",\"itemListElement\":[{\"@type\":\"ListItem\",\"position\":1,\"name\":\"Home\",\"item\":\"https:\\\/\\\/skaitytaknyga.lt\\\/\"},{\"@type\":\"ListItem\",\"position\":2,\"name\":\"Parduotuv\u0117\",\"item\":\"https:\\\/\\\/skaitytaknyga.lt\\\/knygu-parduotuve\\\/\"},{\"@type\":\"ListItem\",\"position\":3,\"name\":\"Elementai\"}]},{\"@type\":\"WebSite\",\"@id\":\"https:\\\/\\\/skaitytaknyga.lt\\\/#website\",\"url\":\"https:\\\/\\\/skaitytaknyga.lt\\\/\",\"name\":\"skaitytaknyga.lt\",\"description\":\"Skaitytaknyga.lt \u2013 tai ma\u017eas \u0161eimos verslas, kuris prasid\u0117jo nuo meil\u0117s knygoms ir siekio i\u0161gelb\u0117ti knygas nuo likimo prie konteinerio. Kas vienam nereikalingas daiktas \u2013 kitam lobis, o mes esame tarpininkai, kurie padeda abiems tapti laimingesniems ???? \u017dinome kaip nelengva i\u0161gyventi ma\u017eiems verslams, tad nuo \u0161iol, \u010dia rasite ir kit\u0173, ma\u017e\u0173 \u0161eim\u0173 versl\u0173, rank\u0173 darbo, dovan\u0173 sau ir artimiesiems.\",\"publisher\":{\"@id\":\"https:\\\/\\\/skaitytaknyga.lt\\\/#organization\"},\"potentialAction\":[{\"@type\":\"SearchAction\",\"target\":{\"@type\":\"EntryPoint\",\"urlTemplate\":\"https:\\\/\\\/skaitytaknyga.lt\\\/?s={search_term_string}\"},\"query-input\":{\"@type\":\"PropertyValueSpecification\",\"valueRequired\":true,\"valueName\":\"search_term_string\"}}],\"inLanguage\":\"en-GB\"},{\"@type\":\"Organization\",\"@id\":\"https:\\\/\\\/skaitytaknyga.lt\\\/#organization\",\"name\":\"skaitytaknyga.lt\",\"url\":\"https:\\\/\\\/skaitytaknyga.lt\\\/\",\"logo\":{\"@type\":\"ImageObject\",\"inLanguage\":\"en-GB\",\"@id\":\"https:\\\/\\\/skaitytaknyga.lt\\\/#\\\/schema\\\/logo\\\/image\\\/\",\"url\":\"https:\\\/\\\/skaitytaknyga.lt\\\/wp-content\\\/uploads\\\/2024\\\/05\\\/cropped-cropped-cropped-02_00843_jt3bggkj1j3HLc7SyY6rEUpg.jpeg\",\"contentUrl\":\"https:\\\/\\\/skaitytaknyga.lt\\\/wp-content\\\/uploads\\\/2024\\\/05\\\/cropped-cropped-cropped-02_00843_jt3bggkj1j3HLc7SyY6rEUpg.jpeg\",\"width\":1600,\"height\":1600,\"caption\":\"skaitytaknyga.lt\"},\"image\":{\"@id\":\"https:\\\/\\\/skaitytaknyga.lt\\\/#\\\/schema\\\/logo\\\/image\\\/\"},\"sameAs\":[\"https:\\\/\\\/www.facebook.com\\\/skaitytaknyga\\\/\"]}]}<\/script>\n<!-- \/ Yoast SEO plugin. -->","yoast_head_json":{"title":"Elementai","description":"Visi \u017einome, kad mes patys, kaip ir mus supantys daiktai, esame sudaryti i\u0161 daugyb\u0117s plika akimi nematom\u0173 daleli\u0173. Ta\u010diau ar galite \u012fsivaizduoti, kad j\u016bs\u0173","robots":{"index":"index","follow":"follow","max-snippet":"max-snippet:-1","max-image-preview":"max-image-preview:large","max-video-preview":"max-video-preview:-1"},"canonical":"https:\/\/skaitytaknyga.lt\/en\/produktas\/elementai\/","og_locale":"en_GB","og_type":"article","og_title":"[:lt]Elementai[:] - Skaitytaknyga","og_description":"Visi \u017einome, kad mes patys, kaip ir mus supantys daiktai, esame sudaryti i\u0161 daugyb\u0117s plika akimi nematom\u0173 daleli\u0173. Ta\u010diau ar galite \u012fsivaizduoti, kad j\u016bs\u0173","og_url":"https:\/\/skaitytaknyga.lt\/en\/produktas\/elementai\/","og_site_name":"Skaitytaknyga","article_publisher":"https:\/\/www.facebook.com\/skaitytaknyga\/","article_modified_time":"2025-03-21T19:56:42+00:00","og_image":[{"width":403,"height":600,"url":"https:\/\/skaitytaknyga.lt\/wp-content\/uploads\/2025\/03\/1584713555_elementai.webp","type":"image\/webp"}],"twitter_card":"summary_large_image","twitter_misc":{"Estimated reading time":"2 minutes"},"schema":{"@context":"https:\/\/schema.org","@graph":[{"@type":"WebPage","@id":"https:\/\/skaitytaknyga.lt\/produktas\/elementai\/","url":"https:\/\/skaitytaknyga.lt\/produktas\/elementai\/","name":"Elementai","isPartOf":{"@id":"https:\/\/skaitytaknyga.lt\/#website"},"primaryImageOfPage":{"@id":"https:\/\/skaitytaknyga.lt\/produktas\/elementai\/#primaryimage"},"image":{"@id":"https:\/\/skaitytaknyga.lt\/produktas\/elementai\/#primaryimage"},"thumbnailUrl":"https:\/\/skaitytaknyga.lt\/wp-content\/uploads\/2025\/03\/1584713555_elementai.webp","datePublished":"2025-03-21T19:55:08+00:00","dateModified":"2025-03-21T19:56:42+00:00","description":"Visi \u017einome, kad mes patys, kaip ir mus supantys daiktai, esame sudaryti i\u0161 daugyb\u0117s plika akimi nematom\u0173 daleli\u0173. Ta\u010diau ar galite \u012fsivaizduoti, kad j\u016bs\u0173","breadcrumb":{"@id":"https:\/\/skaitytaknyga.lt\/produktas\/elementai\/#breadcrumb"},"inLanguage":"en-GB","potentialAction":[{"@type":"ReadAction","target":["https:\/\/skaitytaknyga.lt\/produktas\/elementai\/"]}]},{"@type":"ImageObject","inLanguage":"en-GB","@id":"https:\/\/skaitytaknyga.lt\/produktas\/elementai\/#primaryimage","url":"https:\/\/skaitytaknyga.lt\/wp-content\/uploads\/2025\/03\/1584713555_elementai.webp","contentUrl":"https:\/\/skaitytaknyga.lt\/wp-content\/uploads\/2025\/03\/1584713555_elementai.webp","width":403,"height":600,"caption":"\u017duvintas ir jo gyventojai"},{"@type":"BreadcrumbList","@id":"https:\/\/skaitytaknyga.lt\/produktas\/elementai\/#breadcrumb","itemListElement":[{"@type":"ListItem","position":1,"name":"Home","item":"https:\/\/skaitytaknyga.lt\/"},{"@type":"ListItem","position":2,"name":"Parduotuv\u0117","item":"https:\/\/skaitytaknyga.lt\/knygu-parduotuve\/"},{"@type":"ListItem","position":3,"name":"Elementai"}]},{"@type":"WebSite","@id":"https:\/\/skaitytaknyga.lt\/#website","url":"https:\/\/skaitytaknyga.lt\/","name":"skaitytaknyga.lt","description":"Skaitytaknyga.lt \u2013 tai ma\u017eas \u0161eimos verslas, kuris prasid\u0117jo nuo meil\u0117s knygoms ir siekio i\u0161gelb\u0117ti knygas nuo likimo prie konteinerio. Kas vienam nereikalingas daiktas \u2013 kitam lobis, o mes esame tarpininkai, kurie padeda abiems tapti laimingesniems ???? \u017dinome kaip nelengva i\u0161gyventi ma\u017eiems verslams, tad nuo \u0161iol, \u010dia rasite ir kit\u0173, ma\u017e\u0173 \u0161eim\u0173 versl\u0173, rank\u0173 darbo, dovan\u0173 sau ir artimiesiems.","publisher":{"@id":"https:\/\/skaitytaknyga.lt\/#organization"},"potentialAction":[{"@type":"SearchAction","target":{"@type":"EntryPoint","urlTemplate":"https:\/\/skaitytaknyga.lt\/?s={search_term_string}"},"query-input":{"@type":"PropertyValueSpecification","valueRequired":true,"valueName":"search_term_string"}}],"inLanguage":"en-GB"},{"@type":"Organization","@id":"https:\/\/skaitytaknyga.lt\/#organization","name":"skaitytaknyga.lt","url":"https:\/\/skaitytaknyga.lt\/","logo":{"@type":"ImageObject","inLanguage":"en-GB","@id":"https:\/\/skaitytaknyga.lt\/#\/schema\/logo\/image\/","url":"https:\/\/skaitytaknyga.lt\/wp-content\/uploads\/2024\/05\/cropped-cropped-cropped-02_00843_jt3bggkj1j3HLc7SyY6rEUpg.jpeg","contentUrl":"https:\/\/skaitytaknyga.lt\/wp-content\/uploads\/2024\/05\/cropped-cropped-cropped-02_00843_jt3bggkj1j3HLc7SyY6rEUpg.jpeg","width":1600,"height":1600,"caption":"skaitytaknyga.lt"},"image":{"@id":"https:\/\/skaitytaknyga.lt\/#\/schema\/logo\/image\/"},"sameAs":["https:\/\/www.facebook.com\/skaitytaknyga\/"]}]}},"_links":{"self":[{"href":"https:\/\/skaitytaknyga.lt\/en\/wp-json\/wp\/v2\/product\/17455","targetHints":{"allow":["GET"]}}],"collection":[{"href":"https:\/\/skaitytaknyga.lt\/en\/wp-json\/wp\/v2\/product"}],"about":[{"href":"https:\/\/skaitytaknyga.lt\/en\/wp-json\/wp\/v2\/types\/product"}],"replies":[{"embeddable":true,"href":"https:\/\/skaitytaknyga.lt\/en\/wp-json\/wp\/v2\/comments?post=17455"}],"wp:featuredmedia":[{"embeddable":true,"href":"https:\/\/skaitytaknyga.lt\/en\/wp-json\/wp\/v2\/media\/17456"}],"wp:attachment":[{"href":"https:\/\/skaitytaknyga.lt\/en\/wp-json\/wp\/v2\/media?parent=17455"}],"wp:term":[{"taxonomy":"product_brand","embeddable":true,"href":"https:\/\/skaitytaknyga.lt\/en\/wp-json\/wp\/v2\/product_brand?post=17455"},{"taxonomy":"product_cat","embeddable":true,"href":"https:\/\/skaitytaknyga.lt\/en\/wp-json\/wp\/v2\/product_cat?post=17455"},{"taxonomy":"product_tag","embeddable":true,"href":"https:\/\/skaitytaknyga.lt\/en\/wp-json\/wp\/v2\/product_tag?post=17455"}],"curies":[{"name":"wp","href":"https:\/\/api.w.org\/{rel}","templated":true}]}}