{"id":17453,"date":"2025-03-21T21:21:05","date_gmt":"2025-03-21T19:21:05","guid":{"rendered":"https:\/\/skaitytaknyga.lt\/?post_type=product&#038;p=17453"},"modified":"2025-05-15T10:10:09","modified_gmt":"2025-05-15T07:10:09","slug":"musu-gyvenimo-spalvos","status":"publish","type":"product","link":"https:\/\/skaitytaknyga.lt\/en\/produktas\/musu-gyvenimo-spalvos\/","title":{"rendered":"M\u016bs\u0173 gyvenimo spalvos"},"content":{"rendered":"<p>Knyga tiems, kurie regi \u0161irdimi.<\/p>\n<p>Pirmiausia \u017dem\u0117je dingsta geltona spalva. Saul\u0117 ima \u0161vyt\u0117ti drumzlinai. Taksistai neatpa\u017e\u012fsta savo automobili\u0173. Pama\u017eu nyksta ir kitos spalvos. Kyla panika. Vaikai parke tyli, gird\u0117ti tik pauk\u0161\u010di\u0173 balsai. Bespalviai maisto produktai ne\u017eadina apetito.<\/p>\n<p>Krik\u0161\u010dionims \u2013 tai i\u0161prana\u0161auta Dievo bausm\u0117. Imamai kalba apie bausm\u0119 u\u017e tai, kad moterys vie\u0161ai ne\u0161iojo spalvotus drabu\u017eius&#8230; Visus kamuoja klausimas \u2013 kas gi atsitiko?<\/p>\n<p>Gelb\u0117ti bespalvio pasaulio u\u017esimoja ne\u012fprasta pora. Gyvenimu nusivyl\u0119s pie\u0161tuk\u0173 fabriko darbininkas Arturas ir \u0160arlot\u0117, nuo gimimo akla mokslinink\u0117, tyrin\u0117janti spalvas, nors pati j\u0173 niekada n\u0117ra reg\u0117jusi.<\/p>\n<p><strong>Jeanas-Gabrielis Causse<\/strong>\u00a0\u2013 pranc\u016bz\u0173 ra\u0161ytojas, dizaineris, spalv\u0173 teorijos specialistas, savo k\u016bryboje ypa\u010d akcentuojantis estetinio vertinimo principus. Jo originali studija \u201eNuostabi spalv\u0173 galia&#8221; (2014) sulauk\u0117 didel\u0117s s\u0117km\u0117s.<\/p>\n<ul class=\"about-product d-none d-xl-block mt-4\">\n<li><strong>Autorius:<\/strong>\u00a0Jean Gabriel Causse<\/li>\n<li><strong>Leid\u0117jas:<\/strong>\u00a0Lietuvos ra\u0161ytoj\u0173 s\u0105jungos leidykla<\/li>\n<li><strong>Metai:<\/strong>\u00a02018<\/li>\n<li><strong>Puslapiai:<\/strong>\u00a0320<\/li>\n<li class=\"toggleable type-new-formats \"><strong>ISBN:<\/strong>\u00a09786094800184<\/li>\n<li><strong>Versijos kodas:<\/strong>\u00a0PT.<\/li>\n<li class=\"toggleable type-new-formats \"><strong>Formatas:<\/strong>\u00a013,5 x 21 x 3,5 cm, kieti vir\u0161eliai<\/li>\n<li><strong>Kalba:<\/strong>\u00a0Lietuvi\u0173<\/li>\n<li><strong>Vert\u0117jas:<\/strong>\u00a0Donata Ple\u0161kevi\u010dien\u0117<\/li>\n<\/ul>\n","protected":false},"excerpt":{"rendered":"<p>Knyga tiems, kurie regi \u0161irdimi. Pirmiausia \u017dem\u0117je dingsta geltona spalva. Saul\u0117 ima \u0161vyt\u0117ti drumzlinai. Taksistai neatpa\u017e\u012fsta savo automobili\u0173. Pama\u017eu nyksta ir kitos spalvos. Kyla panika. Vaikai parke tyli, gird\u0117ti tik pauk\u0161\u010di\u0173 balsai. Bespalviai maisto produktai ne\u017eadina apetito. Krik\u0161\u010dionims \u2013 tai i\u0161prana\u0161auta Dievo bausm\u0117. Imamai kalba apie bausm\u0119 u\u017e tai, kad moterys vie\u0161ai ne\u0161iojo spalvotus drabu\u017eius&#8230; Visus kamuoja klausimas \u2013 kas gi atsitiko? Gelb\u0117ti bespalvio pasaulio u\u017esimoja ne\u012fprasta pora. Gyvenimu nusivyl\u0119s pie\u0161tuk\u0173 fabriko darbininkas Arturas ir \u0160arlot\u0117, nuo gimimo akla mokslinink\u0117, tyrin\u0117janti spalvas, nors pati j\u0173 niekada n\u0117ra reg\u0117jusi. Jeanas-Gabrielis Causse\u00a0\u2013 pranc\u016bz\u0173 ra\u0161ytojas, dizaineris, spalv\u0173 teorijos specialistas, savo k\u016bryboje ypa\u010d akcentuojantis estetinio vertinimo principus. Jo originali studija \u201eNuostabi spalv\u0173 galia&#8221; (2014) sulauk\u0117 didel\u0117s s\u0117km\u0117s. Autorius:\u00a0Jean Gabriel Causse Leid\u0117jas:\u00a0Lietuvos ra\u0161ytoj\u0173 s\u0105jungos leidykla Metai:\u00a02018 Puslapiai:\u00a0320 ISBN:\u00a09786094800184 Versijos kodas:\u00a0PT. Formatas:\u00a013,5 x 21 x 3,5 cm, kieti vir\u0161eliai Kalba:\u00a0Lietuvi\u0173 Vert\u0117jas:\u00a0Donata Ple\u0161kevi\u010dien\u0117<\/p>\n","protected":false},"featured_media":17454,"comment_status":"open","ping_status":"closed","template":"","meta":{"_acf_changed":false,"site-sidebar-layout":"default","site-content-layout":"","ast-site-content-layout":"default","site-content-style":"default","site-sidebar-style":"default","ast-global-header-display":"","ast-banner-title-visibility":"","ast-main-header-display":"","ast-hfb-above-header-display":"","ast-hfb-below-header-display":"","ast-hfb-mobile-header-display":"","site-post-title":"","ast-breadcrumbs-content":"","ast-featured-img":"","footer-sml-layout":"","ast-disable-related-posts":"","theme-transparent-header-meta":"default","adv-header-id-meta":"","stick-header-meta":"","header-above-stick-meta":"","header-main-stick-meta":"","header-below-stick-meta":"","astra-migrate-meta-layouts":"set","ast-page-background-enabled":"default","ast-page-background-meta":{"desktop":{"background-color":"","background-image":"","background-repeat":"repeat","background-position":"center center","background-size":"auto","background-attachment":"scroll","background-type":"","background-media":"","overlay-type":"","overlay-color":"","overlay-opacity":"","overlay-gradient":""},"tablet":{"background-color":"","background-image":"","background-repeat":"repeat","background-position":"center center","background-size":"auto","background-attachment":"scroll","background-type":"","background-media":"","overlay-type":"","overlay-color":"","overlay-opacity":"","overlay-gradient":""},"mobile":{"background-color":"","background-image":"","background-repeat":"repeat","background-position":"center center","background-size":"auto","background-attachment":"scroll","background-type":"","background-media":"","overlay-type":"","overlay-color":"","overlay-opacity":"","overlay-gradient":""}},"ast-content-background-meta":{"desktop":{"background-color":"var(--ast-global-color-4)","background-image":"","background-repeat":"repeat","background-position":"center center","background-size":"auto","background-attachment":"scroll","background-type":"","background-media":"","overlay-type":"","overlay-color":"","overlay-opacity":"","overlay-gradient":""},"tablet":{"background-color":"var(--ast-global-color-4)","background-image":"","background-repeat":"repeat","background-position":"center center","background-size":"auto","background-attachment":"scroll","background-type":"","background-media":"","overlay-type":"","overlay-color":"","overlay-opacity":"","overlay-gradient":""},"mobile":{"background-color":"var(--ast-global-color-4)","background-image":"","background-repeat":"repeat","background-position":"center center","background-size":"auto","background-attachment":"scroll","background-type":"","background-media":"","overlay-type":"","overlay-color":"","overlay-opacity":"","overlay-gradient":""}}},"product_brand":[],"product_cat":[31,15],"product_tag":[2915,2913,2673,1761,1712,1711,2914],"class_list":{"0":"post-17453","1":"product","2":"type-product","3":"status-publish","4":"has-post-thumbnail","6":"product_cat-grozine-literatura","7":"product_cat-uncategorized","8":"product_tag-estetikos-poveikis","9":"product_tag-jean-gabriel-causse","10":"product_tag-kasdienybe","11":"product_tag-prancuzu-literatura","12":"product_tag-psichologinis-romanas","13":"product_tag-siuolaikine-proza","14":"product_tag-spalvu-reiksme","15":"desktop-align-left","16":"tablet-align-left","17":"mobile-align-left","19":"first","20":"instock","21":"shipping-taxable","22":"purchasable","23":"product-type-simple"},"acf":[],"yoast_head":"<!-- This site is optimized with the Yoast SEO plugin v27.0 - https:\/\/yoast.com\/product\/yoast-seo-wordpress\/ -->\n<title>M\u016bs\u0173 gyvenimo spalvos<\/title>\n<meta name=\"description\" content=\"Knyga tiems, kurie regi \u0161irdimi. Pirmiausia \u017dem\u0117je dingsta geltona spalva. Saul\u0117 ima \u0161vyt\u0117ti drumzlinai. Taksistai neatpa\u017e\u012fsta savo automobili\u0173. Pama\u017eu\" \/>\n<meta name=\"robots\" content=\"index, follow, max-snippet:-1, max-image-preview:large, max-video-preview:-1\" \/>\n<link rel=\"canonical\" href=\"https:\/\/skaitytaknyga.lt\/en\/produktas\/musu-gyvenimo-spalvos\/\" \/>\n<meta property=\"og:locale\" content=\"en_GB\" \/>\n<meta property=\"og:locale:alternate\" content=\"lt_LT\" \/>\n<meta property=\"og:type\" content=\"article\" \/>\n<meta property=\"og:title\" content=\"M\u016bs\u0173 gyvenimo spalvos\" \/>\n<meta property=\"og:description\" content=\"Knyga tiems, kurie regi \u0161irdimi. Pirmiausia \u017dem\u0117je dingsta geltona spalva. Saul\u0117 ima \u0161vyt\u0117ti drumzlinai. Taksistai neatpa\u017e\u012fsta savo automobili\u0173. Pama\u017eu\" \/>\n<meta property=\"og:url\" content=\"https:\/\/skaitytaknyga.lt\/en\/produktas\/musu-gyvenimo-spalvos\/\" \/>\n<meta property=\"og:site_name\" content=\"Skaitytaknyga\" \/>\n<meta property=\"article:publisher\" content=\"https:\/\/www.facebook.com\/skaitytaknyga\/\" \/>\n<meta property=\"article:modified_time\" content=\"2025-05-15T07:10:09+00:00\" \/>\n<meta property=\"og:image\" content=\"https:\/\/skaitytaknyga.lt\/wp-content\/uploads\/2025\/03\/Musu-gyvenimo-spalvos.webp\" \/>\n\t<meta property=\"og:image:width\" content=\"324\" \/>\n\t<meta property=\"og:image:height\" content=\"495\" \/>\n\t<meta property=\"og:image:type\" content=\"image\/webp\" \/>\n<meta name=\"twitter:card\" content=\"summary_large_image\" \/>\n<meta name=\"twitter:label1\" content=\"Estimated reading time\" \/>\n\t<meta name=\"twitter:data1\" content=\"1 minute\" \/>\n<script type=\"application\/ld+json\" class=\"yoast-schema-graph\">{\"@context\":\"https:\/\/schema.org\",\"@graph\":[{\"@type\":\"WebPage\",\"@id\":\"https:\/\/skaitytaknyga.lt\/produktas\/musu-gyvenimo-spalvos\/\",\"url\":\"https:\/\/skaitytaknyga.lt\/produktas\/musu-gyvenimo-spalvos\/\",\"name\":\"M\u016bs\u0173 gyvenimo spalvos\",\"isPartOf\":{\"@id\":\"https:\/\/skaitytaknyga.lt\/#website\"},\"primaryImageOfPage\":{\"@id\":\"https:\/\/skaitytaknyga.lt\/produktas\/musu-gyvenimo-spalvos\/#primaryimage\"},\"image\":{\"@id\":\"https:\/\/skaitytaknyga.lt\/produktas\/musu-gyvenimo-spalvos\/#primaryimage\"},\"thumbnailUrl\":\"https:\/\/skaitytaknyga.lt\/wp-content\/uploads\/2025\/03\/Musu-gyvenimo-spalvos.webp\",\"datePublished\":\"2025-03-21T19:21:05+00:00\",\"dateModified\":\"2025-05-15T07:10:09+00:00\",\"description\":\"Knyga tiems, kurie regi \u0161irdimi. Pirmiausia \u017dem\u0117je dingsta geltona spalva. Saul\u0117 ima \u0161vyt\u0117ti drumzlinai. Taksistai neatpa\u017e\u012fsta savo automobili\u0173. Pama\u017eu\",\"breadcrumb\":{\"@id\":\"https:\/\/skaitytaknyga.lt\/produktas\/musu-gyvenimo-spalvos\/#breadcrumb\"},\"inLanguage\":\"en-GB\",\"potentialAction\":[{\"@type\":\"ReadAction\",\"target\":[\"https:\/\/skaitytaknyga.lt\/produktas\/musu-gyvenimo-spalvos\/\"]}]},{\"@type\":\"ImageObject\",\"inLanguage\":\"en-GB\",\"@id\":\"https:\/\/skaitytaknyga.lt\/produktas\/musu-gyvenimo-spalvos\/#primaryimage\",\"url\":\"https:\/\/skaitytaknyga.lt\/wp-content\/uploads\/2025\/03\/Musu-gyvenimo-spalvos.webp\",\"contentUrl\":\"https:\/\/skaitytaknyga.lt\/wp-content\/uploads\/2025\/03\/Musu-gyvenimo-spalvos.webp\",\"width\":324,\"height\":495,\"caption\":\"M\u016bs\u0173 gyvenimo spalvos\"},{\"@type\":\"BreadcrumbList\",\"@id\":\"https:\/\/skaitytaknyga.lt\/produktas\/musu-gyvenimo-spalvos\/#breadcrumb\",\"itemListElement\":[{\"@type\":\"ListItem\",\"position\":1,\"name\":\"Home\",\"item\":\"https:\/\/skaitytaknyga.lt\/\"},{\"@type\":\"ListItem\",\"position\":2,\"name\":\"Parduotuv\u0117\",\"item\":\"https:\/\/skaitytaknyga.lt\/knygu-parduotuve\/\"},{\"@type\":\"ListItem\",\"position\":3,\"name\":\"M\u016bs\u0173 gyvenimo spalvos\"}]},{\"@type\":\"WebSite\",\"@id\":\"https:\/\/skaitytaknyga.lt\/#website\",\"url\":\"https:\/\/skaitytaknyga.lt\/\",\"name\":\"skaitytaknyga.lt\",\"description\":\"Skaitytaknyga.lt \u2013 tai ma\u017eas \u0161eimos verslas, kuris prasid\u0117jo nuo meil\u0117s knygoms ir siekio i\u0161gelb\u0117ti knygas nuo likimo prie konteinerio. Kas vienam nereikalingas daiktas \u2013 kitam lobis, o mes esame tarpininkai, kurie padeda abiems tapti laimingesniems ???? \u017dinome kaip nelengva i\u0161gyventi ma\u017eiems verslams, tad nuo \u0161iol, \u010dia rasite ir kit\u0173, ma\u017e\u0173 \u0161eim\u0173 versl\u0173, rank\u0173 darbo, dovan\u0173 sau ir artimiesiems.\",\"publisher\":{\"@id\":\"https:\/\/skaitytaknyga.lt\/#organization\"},\"potentialAction\":[{\"@type\":\"SearchAction\",\"target\":{\"@type\":\"EntryPoint\",\"urlTemplate\":\"https:\/\/skaitytaknyga.lt\/?s={search_term_string}\"},\"query-input\":{\"@type\":\"PropertyValueSpecification\",\"valueRequired\":true,\"valueName\":\"search_term_string\"}}],\"inLanguage\":\"en-GB\"},{\"@type\":\"Organization\",\"@id\":\"https:\/\/skaitytaknyga.lt\/#organization\",\"name\":\"skaitytaknyga.lt\",\"url\":\"https:\/\/skaitytaknyga.lt\/\",\"logo\":{\"@type\":\"ImageObject\",\"inLanguage\":\"en-GB\",\"@id\":\"https:\/\/skaitytaknyga.lt\/#\/schema\/logo\/image\/\",\"url\":\"https:\/\/skaitytaknyga.lt\/wp-content\/uploads\/2024\/05\/cropped-cropped-cropped-02_00843_jt3bggkj1j3HLc7SyY6rEUpg.jpeg\",\"contentUrl\":\"https:\/\/skaitytaknyga.lt\/wp-content\/uploads\/2024\/05\/cropped-cropped-cropped-02_00843_jt3bggkj1j3HLc7SyY6rEUpg.jpeg\",\"width\":1600,\"height\":1600,\"caption\":\"skaitytaknyga.lt\"},\"image\":{\"@id\":\"https:\/\/skaitytaknyga.lt\/#\/schema\/logo\/image\/\"},\"sameAs\":[\"https:\/\/www.facebook.com\/skaitytaknyga\/\"]}]}<\/script>\n<!-- \/ Yoast SEO plugin. -->","yoast_head_json":{"title":"M\u016bs\u0173 gyvenimo spalvos","description":"Knyga tiems, kurie regi \u0161irdimi. Pirmiausia \u017dem\u0117je dingsta geltona spalva. Saul\u0117 ima \u0161vyt\u0117ti drumzlinai. Taksistai neatpa\u017e\u012fsta savo automobili\u0173. Pama\u017eu","robots":{"index":"index","follow":"follow","max-snippet":"max-snippet:-1","max-image-preview":"max-image-preview:large","max-video-preview":"max-video-preview:-1"},"canonical":"https:\/\/skaitytaknyga.lt\/en\/produktas\/musu-gyvenimo-spalvos\/","og_locale":"en_GB","og_type":"article","og_title":"[:lt]M\u016bs\u0173 gyvenimo spalvos[:] - Skaitytaknyga","og_description":"Knyga tiems, kurie regi \u0161irdimi. Pirmiausia \u017dem\u0117je dingsta geltona spalva. Saul\u0117 ima \u0161vyt\u0117ti drumzlinai. Taksistai neatpa\u017e\u012fsta savo automobili\u0173. Pama\u017eu","og_url":"https:\/\/skaitytaknyga.lt\/en\/produktas\/musu-gyvenimo-spalvos\/","og_site_name":"Skaitytaknyga","article_publisher":"https:\/\/www.facebook.com\/skaitytaknyga\/","article_modified_time":"2025-05-15T07:10:09+00:00","og_image":[{"width":324,"height":495,"url":"https:\/\/skaitytaknyga.lt\/wp-content\/uploads\/2025\/03\/Musu-gyvenimo-spalvos.webp","type":"image\/webp"}],"twitter_card":"summary_large_image","twitter_misc":{"Estimated reading time":"1 minute"},"schema":{"@context":"https:\/\/schema.org","@graph":[{"@type":"WebPage","@id":"https:\/\/skaitytaknyga.lt\/produktas\/musu-gyvenimo-spalvos\/","url":"https:\/\/skaitytaknyga.lt\/produktas\/musu-gyvenimo-spalvos\/","name":"M\u016bs\u0173 gyvenimo spalvos","isPartOf":{"@id":"https:\/\/skaitytaknyga.lt\/#website"},"primaryImageOfPage":{"@id":"https:\/\/skaitytaknyga.lt\/produktas\/musu-gyvenimo-spalvos\/#primaryimage"},"image":{"@id":"https:\/\/skaitytaknyga.lt\/produktas\/musu-gyvenimo-spalvos\/#primaryimage"},"thumbnailUrl":"https:\/\/skaitytaknyga.lt\/wp-content\/uploads\/2025\/03\/Musu-gyvenimo-spalvos.webp","datePublished":"2025-03-21T19:21:05+00:00","dateModified":"2025-05-15T07:10:09+00:00","description":"Knyga tiems, kurie regi \u0161irdimi. Pirmiausia \u017dem\u0117je dingsta geltona spalva. Saul\u0117 ima \u0161vyt\u0117ti drumzlinai. Taksistai neatpa\u017e\u012fsta savo automobili\u0173. Pama\u017eu","breadcrumb":{"@id":"https:\/\/skaitytaknyga.lt\/produktas\/musu-gyvenimo-spalvos\/#breadcrumb"},"inLanguage":"en-GB","potentialAction":[{"@type":"ReadAction","target":["https:\/\/skaitytaknyga.lt\/produktas\/musu-gyvenimo-spalvos\/"]}]},{"@type":"ImageObject","inLanguage":"en-GB","@id":"https:\/\/skaitytaknyga.lt\/produktas\/musu-gyvenimo-spalvos\/#primaryimage","url":"https:\/\/skaitytaknyga.lt\/wp-content\/uploads\/2025\/03\/Musu-gyvenimo-spalvos.webp","contentUrl":"https:\/\/skaitytaknyga.lt\/wp-content\/uploads\/2025\/03\/Musu-gyvenimo-spalvos.webp","width":324,"height":495,"caption":"M\u016bs\u0173 gyvenimo spalvos"},{"@type":"BreadcrumbList","@id":"https:\/\/skaitytaknyga.lt\/produktas\/musu-gyvenimo-spalvos\/#breadcrumb","itemListElement":[{"@type":"ListItem","position":1,"name":"Home","item":"https:\/\/skaitytaknyga.lt\/"},{"@type":"ListItem","position":2,"name":"Parduotuv\u0117","item":"https:\/\/skaitytaknyga.lt\/knygu-parduotuve\/"},{"@type":"ListItem","position":3,"name":"M\u016bs\u0173 gyvenimo spalvos"}]},{"@type":"WebSite","@id":"https:\/\/skaitytaknyga.lt\/#website","url":"https:\/\/skaitytaknyga.lt\/","name":"skaitytaknyga.lt","description":"Skaitytaknyga.lt \u2013 tai ma\u017eas \u0161eimos verslas, kuris prasid\u0117jo nuo meil\u0117s knygoms ir siekio i\u0161gelb\u0117ti knygas nuo likimo prie konteinerio. Kas vienam nereikalingas daiktas \u2013 kitam lobis, o mes esame tarpininkai, kurie padeda abiems tapti laimingesniems ???? \u017dinome kaip nelengva i\u0161gyventi ma\u017eiems verslams, tad nuo \u0161iol, \u010dia rasite ir kit\u0173, ma\u017e\u0173 \u0161eim\u0173 versl\u0173, rank\u0173 darbo, dovan\u0173 sau ir artimiesiems.","publisher":{"@id":"https:\/\/skaitytaknyga.lt\/#organization"},"potentialAction":[{"@type":"SearchAction","target":{"@type":"EntryPoint","urlTemplate":"https:\/\/skaitytaknyga.lt\/?s={search_term_string}"},"query-input":{"@type":"PropertyValueSpecification","valueRequired":true,"valueName":"search_term_string"}}],"inLanguage":"en-GB"},{"@type":"Organization","@id":"https:\/\/skaitytaknyga.lt\/#organization","name":"skaitytaknyga.lt","url":"https:\/\/skaitytaknyga.lt\/","logo":{"@type":"ImageObject","inLanguage":"en-GB","@id":"https:\/\/skaitytaknyga.lt\/#\/schema\/logo\/image\/","url":"https:\/\/skaitytaknyga.lt\/wp-content\/uploads\/2024\/05\/cropped-cropped-cropped-02_00843_jt3bggkj1j3HLc7SyY6rEUpg.jpeg","contentUrl":"https:\/\/skaitytaknyga.lt\/wp-content\/uploads\/2024\/05\/cropped-cropped-cropped-02_00843_jt3bggkj1j3HLc7SyY6rEUpg.jpeg","width":1600,"height":1600,"caption":"skaitytaknyga.lt"},"image":{"@id":"https:\/\/skaitytaknyga.lt\/#\/schema\/logo\/image\/"},"sameAs":["https:\/\/www.facebook.com\/skaitytaknyga\/"]}]}},"_links":{"self":[{"href":"https:\/\/skaitytaknyga.lt\/en\/wp-json\/wp\/v2\/product\/17453","targetHints":{"allow":["GET"]}}],"collection":[{"href":"https:\/\/skaitytaknyga.lt\/en\/wp-json\/wp\/v2\/product"}],"about":[{"href":"https:\/\/skaitytaknyga.lt\/en\/wp-json\/wp\/v2\/types\/product"}],"replies":[{"embeddable":true,"href":"https:\/\/skaitytaknyga.lt\/en\/wp-json\/wp\/v2\/comments?post=17453"}],"wp:featuredmedia":[{"embeddable":true,"href":"https:\/\/skaitytaknyga.lt\/en\/wp-json\/wp\/v2\/media\/17454"}],"wp:attachment":[{"href":"https:\/\/skaitytaknyga.lt\/en\/wp-json\/wp\/v2\/media?parent=17453"}],"wp:term":[{"taxonomy":"product_brand","embeddable":true,"href":"https:\/\/skaitytaknyga.lt\/en\/wp-json\/wp\/v2\/product_brand?post=17453"},{"taxonomy":"product_cat","embeddable":true,"href":"https:\/\/skaitytaknyga.lt\/en\/wp-json\/wp\/v2\/product_cat?post=17453"},{"taxonomy":"product_tag","embeddable":true,"href":"https:\/\/skaitytaknyga.lt\/en\/wp-json\/wp\/v2\/product_tag?post=17453"}],"curies":[{"name":"wp","href":"https:\/\/api.w.org\/{rel}","templated":true}]}}