{"id":17451,"date":"2025-03-21T21:17:58","date_gmt":"2025-03-21T19:17:58","guid":{"rendered":"https:\/\/skaitytaknyga.lt\/?post_type=product&#038;p=17451"},"modified":"2026-03-24T21:00:19","modified_gmt":"2026-03-24T19:00:19","slug":"kaip-auginti-berniukus-xxi-amziuje","status":"publish","type":"product","link":"https:\/\/skaitytaknyga.lt\/en\/produktas\/kaip-auginti-berniukus-xxi-amziuje\/","title":{"rendered":"Kaip Auginti Berniukus XXI Am\u017eiuje"},"content":{"rendered":"<p>Jeigu norime tinkamai i\u0161aukl\u0117ti berniukus, kad jie tapt\u0173 nuo\u0161ird\u017eiais, maloniais, patikimais ir kilniais vyrais, turime suprasti ypatingus j\u0173 poreikius. \u012eprastoje aplinkoje augantys berniukai, kaip ir mergait\u0117s, susiduria su specifiniais rizikos veiksniais\u00a0\u2012 nuo kasdieni\u0173 problem\u0173 iki tikrai siaubing\u0173 dalyk\u0173, nuo nenoro eiti \u012f mokykl\u0105 iki fakto, kad berniukams gresia tris kartus didesnis pavojus mirti paauglyst\u0117je (da\u017eniausiai \u017e\u016bti automobili\u0173 avarijose, mirti smurtine mirtimi ar nusi\u017eudyti). Tikimyb\u0117 atsidurti kal\u0117jime berniukams yra devynis kartus didesn\u0117 negu mergait\u0117ms. Tai ne smulkmenos. Jeigu suprasime, kuo ypatingi m\u016bs\u0173 berniukai, ir mok\u0117sime juos tinkamai myl\u0117ti, jie s\u0117kmingai u\u017eaugs.<\/p>\n<p><strong>Berniukai taps vyrais. Ta\u010diau kokiais? Jei norite, kad j\u016bs\u0173 s\u016bnus u\u017eaugt\u0173 nuo\u0161irdus, geras, stiprus ir kupinas gyvenimo d\u017eiaugsmo, veikti turite prad\u0117ti dabar. Nesvarbu, auginate k\u016bdik\u012f, vos prad\u0117jus\u012f vaik\u0161\u010dioti ma\u017eyl\u012f, mokyklinuk\u0105 ar paaugl\u012f \u2013 \u0161ioje knygoje yra visa reikalinga informacija.<\/strong><\/p>\n<p>\u010cia rasite naujausius mokslini\u0173 tyrim\u0173 duomenis, su\u017einosite, kaip brendimo laikotarp\u012f galima paversti pozityviu gyvenimo etapu, ir perskaitysite galyb\u0119 praktini\u0173 patarim\u0173.<\/p>\n<ul>\n<li>Kaip pirmaisiais gyvenimo metais patirtas stresas gali sukelti aktyvumo ir d\u0117mesio sutrikim\u0105.<\/li>\n<li>Ar berniukai turi prad\u0117ti lankyti mokykl\u0105 v\u0117liau negu mergait\u0117s.<\/li>\n<li>Kod\u0117l svarbu leisti berniukams verkti ir kaip verkimas padeda i\u0161vengti smurto, savi\u017eudybi\u0173 ir rizikingo elgesio.<\/li>\n<li>Du visi\u0161kai nauji berniuk\u0173 augimo etapai, apie kuriuos ne\u017einojome: ENERGINGIEJI KETURME\u010cIAI ir EMOCIONALIEJI A\u0160TUONME\u010cIAI.<\/li>\n<li>Pagalba vieni\u0161oms mamoms, auginan\u010dioms s\u016bnus.<\/li>\n<li>Kaip pasirinkti sporto \u0161ak\u0105, kuri b\u016bt\u0173 i\u0161 ties\u0173 naudinga.<\/li>\n<li>K\u0105 daryti, kad berniukai nepiktnaud\u017eiaut\u0173 alkoholiu.<\/li>\n<\/ul>\n<p>\u017dem\u0117je nerastum\u0117te dviej\u0173 vienod\u0173 berniuk\u0173, tod\u0117l turite pa\u017einti unikal\u0173 savo vaik\u0105. Mintis, kad \u201esuprasdami juos gal\u0117sime pad\u0117ti&#8221;, i\u0161populiarino \u0161i\u0105 knyg\u0105 ir peln\u0117 milijon\u0173 \u0161eim\u0173 pasitik\u0117jim\u0105 visame pasaulyje.<\/p>\n<ul class=\"about-product d-none d-xl-block mt-4\">\n<li><strong>Originalus pavadinimas:<\/strong>\u00a0Raising Boys in the 21st Century<\/li>\n<li><strong>Autorius:<\/strong>\u00a0Steve Biddulph<\/li>\n<li><strong>Leid\u0117jas:<\/strong>\u00a0BALTO leidybos namai<\/li>\n<li><strong>Metai:<\/strong>\u00a02020<\/li>\n<li><strong>Puslapiai:<\/strong>\u00a0256<\/li>\n<li class=\"toggleable type-new-formats \"><strong>ISBN:<\/strong>\u00a09786098233766<\/li>\n<li><strong>Versijos kodas:<\/strong>\u00a026<\/li>\n<li class=\"toggleable type-new-formats \"><strong>Formatas:<\/strong>\u00a015,5 x 21,5 x 1,5 cm, mink\u0161ti vir\u0161eliai<\/li>\n<li><strong>Kalba:<\/strong>\u00a0Lietuvi\u0173<\/li>\n<li><strong>Vert\u0117jas:<\/strong>\u00a0J\u016brat\u0117 Pavlovi\u010dien\u0117<\/li>\n<\/ul>\n","protected":false},"excerpt":{"rendered":"<p>Jeigu norime tinkamai i\u0161aukl\u0117ti berniukus, kad jie tapt\u0173 nuo\u0161ird\u017eiais, maloniais, patikimais ir kilniais vyrais, turime suprasti ypatingus j\u0173 poreikius. \u012eprastoje aplinkoje augantys berniukai, kaip ir mergait\u0117s, susiduria su specifiniais rizikos veiksniais\u00a0\u2012 nuo kasdieni\u0173 problem\u0173 iki tikrai siaubing\u0173 dalyk\u0173, nuo nenoro eiti \u012f mokykl\u0105 iki fakto, kad berniukams gresia tris kartus didesnis pavojus mirti paauglyst\u0117je (da\u017eniausiai \u017e\u016bti automobili\u0173 avarijose, mirti smurtine mirtimi ar nusi\u017eudyti). Tikimyb\u0117 atsidurti kal\u0117jime berniukams yra devynis kartus didesn\u0117 negu mergait\u0117ms. Tai ne smulkmenos. Jeigu suprasime, kuo ypatingi m\u016bs\u0173 berniukai, ir mok\u0117sime juos tinkamai myl\u0117ti, jie s\u0117kmingai u\u017eaugs. Berniukai taps vyrais. Ta\u010diau kokiais? Jei norite, kad j\u016bs\u0173 s\u016bnus u\u017eaugt\u0173 nuo\u0161irdus, geras, stiprus ir kupinas gyvenimo d\u017eiaugsmo, veikti turite prad\u0117ti dabar. Nesvarbu, auginate k\u016bdik\u012f, vos prad\u0117jus\u012f vaik\u0161\u010dioti ma\u017eyl\u012f, mokyklinuk\u0105 ar paaugl\u012f \u2013 \u0161ioje knygoje yra visa reikalinga informacija. \u010cia rasite naujausius mokslini\u0173 tyrim\u0173 duomenis, su\u017einosite, kaip brendimo laikotarp\u012f galima paversti pozityviu gyvenimo etapu, ir perskaitysite galyb\u0119 praktini\u0173 patarim\u0173. Kaip pirmaisiais gyvenimo metais patirtas stresas gali sukelti aktyvumo ir d\u0117mesio sutrikim\u0105. Ar berniukai turi prad\u0117ti lankyti mokykl\u0105 v\u0117liau negu mergait\u0117s. Kod\u0117l svarbu leisti berniukams verkti ir kaip verkimas padeda i\u0161vengti smurto, savi\u017eudybi\u0173 ir rizikingo elgesio. Du visi\u0161kai nauji berniuk\u0173 augimo etapai, apie kuriuos ne\u017einojome: ENERGINGIEJI KETURME\u010cIAI ir EMOCIONALIEJI A\u0160TUONME\u010cIAI. Pagalba vieni\u0161oms mamoms, auginan\u010dioms s\u016bnus. Kaip pasirinkti sporto \u0161ak\u0105, kuri b\u016bt\u0173 i\u0161 ties\u0173 naudinga. K\u0105 daryti, kad berniukai nepiktnaud\u017eiaut\u0173 alkoholiu. \u017dem\u0117je nerastum\u0117te dviej\u0173 vienod\u0173 berniuk\u0173, tod\u0117l turite pa\u017einti unikal\u0173 savo vaik\u0105. Mintis, kad \u201esuprasdami juos gal\u0117sime pad\u0117ti&#8221;, i\u0161populiarino \u0161i\u0105 knyg\u0105 ir peln\u0117 milijon\u0173 \u0161eim\u0173 pasitik\u0117jim\u0105 visame pasaulyje. Originalus pavadinimas:\u00a0Raising Boys in the 21st Century Autorius:\u00a0Steve Biddulph Leid\u0117jas:\u00a0BALTO leidybos namai Metai:\u00a02020 Puslapiai:\u00a0256 ISBN:\u00a09786098233766 Versijos kodas:\u00a026 Formatas:\u00a015,5 x 21,5 x 1,5 cm, mink\u0161ti vir\u0161eliai Kalba:\u00a0Lietuvi\u0173 Vert\u0117jas:\u00a0J\u016brat\u0117 Pavlovi\u010dien\u0117<\/p>\n","protected":false},"featured_media":17452,"comment_status":"open","ping_status":"closed","template":"","meta":{"_acf_changed":false,"site-sidebar-layout":"default","site-content-layout":"","ast-site-content-layout":"default","site-content-style":"default","site-sidebar-style":"default","ast-global-header-display":"","ast-banner-title-visibility":"","ast-main-header-display":"","ast-hfb-above-header-display":"","ast-hfb-below-header-display":"","ast-hfb-mobile-header-display":"","site-post-title":"","ast-breadcrumbs-content":"","ast-featured-img":"","footer-sml-layout":"","ast-disable-related-posts":"","theme-transparent-header-meta":"default","adv-header-id-meta":"","stick-header-meta":"","header-above-stick-meta":"","header-main-stick-meta":"","header-below-stick-meta":"","astra-migrate-meta-layouts":"set","ast-page-background-enabled":"default","ast-page-background-meta":{"desktop":{"background-color":"","background-image":"","background-repeat":"repeat","background-position":"center center","background-size":"auto","background-attachment":"scroll","background-type":"","background-media":"","overlay-type":"","overlay-color":"","overlay-opacity":"","overlay-gradient":""},"tablet":{"background-color":"","background-image":"","background-repeat":"repeat","background-position":"center center","background-size":"auto","background-attachment":"scroll","background-type":"","background-media":"","overlay-type":"","overlay-color":"","overlay-opacity":"","overlay-gradient":""},"mobile":{"background-color":"","background-image":"","background-repeat":"repeat","background-position":"center center","background-size":"auto","background-attachment":"scroll","background-type":"","background-media":"","overlay-type":"","overlay-color":"","overlay-opacity":"","overlay-gradient":""}},"ast-content-background-meta":{"desktop":{"background-color":"var(--ast-global-color-4)","background-image":"","background-repeat":"repeat","background-position":"center center","background-size":"auto","background-attachment":"scroll","background-type":"","background-media":"","overlay-type":"","overlay-color":"","overlay-opacity":"","overlay-gradient":""},"tablet":{"background-color":"var(--ast-global-color-4)","background-image":"","background-repeat":"repeat","background-position":"center center","background-size":"auto","background-attachment":"scroll","background-type":"","background-media":"","overlay-type":"","overlay-color":"","overlay-opacity":"","overlay-gradient":""},"mobile":{"background-color":"var(--ast-global-color-4)","background-image":"","background-repeat":"repeat","background-position":"center center","background-size":"auto","background-attachment":"scroll","background-type":"","background-media":"","overlay-type":"","overlay-color":"","overlay-opacity":"","overlay-gradient":""}}},"product_brand":[],"product_cat":[37,30,15],"product_tag":[],"class_list":{"0":"post-17451","1":"product","2":"type-product","3":"status-publish","4":"has-post-thumbnail","6":"product_cat-nestumas-ir-vaiku-prieziura-bei-auklejimas","7":"product_cat-psichologija-ir-saviugda","8":"product_cat-uncategorized","9":"desktop-align-left","10":"tablet-align-left","11":"mobile-align-left","13":"first","14":"outofstock","15":"shipping-taxable","16":"purchasable","17":"product-type-simple"},"acf":[],"yoast_head":"<!-- This site is optimized with the Yoast SEO plugin v27.4 - https:\/\/yoast.com\/product\/yoast-seo-wordpress\/ -->\n<title>Kaip Auginti Berniukus XXI Am\u017eiuje<\/title>\n<meta name=\"description\" content=\"Jeigu norime tinkamai i\u0161aukl\u0117ti berniukus, kad jie tapt\u0173 nuo\u0161ird\u017eiais, maloniais, patikimais ir kilniais vyrais, turime suprasti ypatingus j\u0173 poreikius.\" \/>\n<meta name=\"robots\" content=\"index, follow, max-snippet:-1, max-image-preview:large, max-video-preview:-1\" \/>\n<link rel=\"canonical\" href=\"https:\/\/skaitytaknyga.lt\/en\/produktas\/kaip-auginti-berniukus-xxi-amziuje\/\" \/>\n<meta property=\"og:locale\" content=\"en_GB\" \/>\n<meta property=\"og:locale:alternate\" content=\"lt_LT\" \/>\n<meta property=\"og:type\" content=\"article\" \/>\n<meta property=\"og:title\" content=\"Kaip Auginti Berniukus XXI Am\u017eiuje\" \/>\n<meta property=\"og:description\" content=\"Jeigu norime tinkamai i\u0161aukl\u0117ti berniukus, kad jie tapt\u0173 nuo\u0161ird\u017eiais, maloniais, patikimais ir kilniais vyrais, turime suprasti ypatingus j\u0173 poreikius.\" \/>\n<meta property=\"og:url\" content=\"https:\/\/skaitytaknyga.lt\/en\/produktas\/kaip-auginti-berniukus-xxi-amziuje\/\" \/>\n<meta property=\"og:site_name\" content=\"Skaitytaknyga\" \/>\n<meta property=\"article:publisher\" content=\"https:\/\/www.facebook.com\/skaitytaknyga\/\" \/>\n<meta property=\"article:modified_time\" content=\"2026-03-24T19:00:19+00:00\" \/>\n<meta property=\"og:image\" content=\"https:\/\/skaitytaknyga.lt\/wp-content\/uploads\/2025\/03\/Kaip-Auginti-Berniukus-Xxi-Amziuje.webp\" \/>\n\t<meta property=\"og:image:width\" content=\"547\" \/>\n\t<meta property=\"og:image:height\" content=\"800\" \/>\n\t<meta property=\"og:image:type\" content=\"image\/webp\" \/>\n<meta name=\"twitter:card\" content=\"summary_large_image\" \/>\n<meta name=\"twitter:label1\" content=\"Estimated reading time\" \/>\n\t<meta name=\"twitter:data1\" content=\"2 minutes\" \/>\n<script type=\"application\/ld+json\" class=\"yoast-schema-graph\">{\"@context\":\"https:\\\/\\\/schema.org\",\"@graph\":[{\"@type\":\"WebPage\",\"@id\":\"https:\\\/\\\/skaitytaknyga.lt\\\/produktas\\\/kaip-auginti-berniukus-xxi-amziuje\\\/\",\"url\":\"https:\\\/\\\/skaitytaknyga.lt\\\/produktas\\\/kaip-auginti-berniukus-xxi-amziuje\\\/\",\"name\":\"Kaip Auginti Berniukus XXI Am\u017eiuje\",\"isPartOf\":{\"@id\":\"https:\\\/\\\/skaitytaknyga.lt\\\/#website\"},\"primaryImageOfPage\":{\"@id\":\"https:\\\/\\\/skaitytaknyga.lt\\\/produktas\\\/kaip-auginti-berniukus-xxi-amziuje\\\/#primaryimage\"},\"image\":{\"@id\":\"https:\\\/\\\/skaitytaknyga.lt\\\/produktas\\\/kaip-auginti-berniukus-xxi-amziuje\\\/#primaryimage\"},\"thumbnailUrl\":\"https:\\\/\\\/skaitytaknyga.lt\\\/wp-content\\\/uploads\\\/2025\\\/03\\\/Kaip-Auginti-Berniukus-Xxi-Amziuje.webp\",\"datePublished\":\"2025-03-21T19:17:58+00:00\",\"dateModified\":\"2026-03-24T19:00:19+00:00\",\"description\":\"Jeigu norime tinkamai i\u0161aukl\u0117ti berniukus, kad jie tapt\u0173 nuo\u0161ird\u017eiais, maloniais, patikimais ir kilniais vyrais, turime suprasti ypatingus j\u0173 poreikius.\",\"breadcrumb\":{\"@id\":\"https:\\\/\\\/skaitytaknyga.lt\\\/produktas\\\/kaip-auginti-berniukus-xxi-amziuje\\\/#breadcrumb\"},\"inLanguage\":\"en-GB\",\"potentialAction\":[{\"@type\":\"ReadAction\",\"target\":[\"https:\\\/\\\/skaitytaknyga.lt\\\/produktas\\\/kaip-auginti-berniukus-xxi-amziuje\\\/\"]}]},{\"@type\":\"ImageObject\",\"inLanguage\":\"en-GB\",\"@id\":\"https:\\\/\\\/skaitytaknyga.lt\\\/produktas\\\/kaip-auginti-berniukus-xxi-amziuje\\\/#primaryimage\",\"url\":\"https:\\\/\\\/skaitytaknyga.lt\\\/wp-content\\\/uploads\\\/2025\\\/03\\\/Kaip-Auginti-Berniukus-Xxi-Amziuje.webp\",\"contentUrl\":\"https:\\\/\\\/skaitytaknyga.lt\\\/wp-content\\\/uploads\\\/2025\\\/03\\\/Kaip-Auginti-Berniukus-Xxi-Amziuje.webp\",\"width\":547,\"height\":800,\"caption\":\"Kaip Auginti Berniukus Xxi Am\u017eiuje\"},{\"@type\":\"BreadcrumbList\",\"@id\":\"https:\\\/\\\/skaitytaknyga.lt\\\/produktas\\\/kaip-auginti-berniukus-xxi-amziuje\\\/#breadcrumb\",\"itemListElement\":[{\"@type\":\"ListItem\",\"position\":1,\"name\":\"Home\",\"item\":\"https:\\\/\\\/skaitytaknyga.lt\\\/\"},{\"@type\":\"ListItem\",\"position\":2,\"name\":\"Parduotuv\u0117\",\"item\":\"https:\\\/\\\/skaitytaknyga.lt\\\/knygu-parduotuve\\\/\"},{\"@type\":\"ListItem\",\"position\":3,\"name\":\"Kaip Auginti Berniukus XXI Am\u017eiuje\"}]},{\"@type\":\"WebSite\",\"@id\":\"https:\\\/\\\/skaitytaknyga.lt\\\/#website\",\"url\":\"https:\\\/\\\/skaitytaknyga.lt\\\/\",\"name\":\"skaitytaknyga.lt\",\"description\":\"Skaitytaknyga.lt \u2013 tai ma\u017eas \u0161eimos verslas, kuris prasid\u0117jo nuo meil\u0117s knygoms ir siekio i\u0161gelb\u0117ti knygas nuo likimo prie konteinerio. Kas vienam nereikalingas daiktas \u2013 kitam lobis, o mes esame tarpininkai, kurie padeda abiems tapti laimingesniems ???? \u017dinome kaip nelengva i\u0161gyventi ma\u017eiems verslams, tad nuo \u0161iol, \u010dia rasite ir kit\u0173, ma\u017e\u0173 \u0161eim\u0173 versl\u0173, rank\u0173 darbo, dovan\u0173 sau ir artimiesiems.\",\"publisher\":{\"@id\":\"https:\\\/\\\/skaitytaknyga.lt\\\/#organization\"},\"potentialAction\":[{\"@type\":\"SearchAction\",\"target\":{\"@type\":\"EntryPoint\",\"urlTemplate\":\"https:\\\/\\\/skaitytaknyga.lt\\\/?s={search_term_string}\"},\"query-input\":{\"@type\":\"PropertyValueSpecification\",\"valueRequired\":true,\"valueName\":\"search_term_string\"}}],\"inLanguage\":\"en-GB\"},{\"@type\":\"Organization\",\"@id\":\"https:\\\/\\\/skaitytaknyga.lt\\\/#organization\",\"name\":\"skaitytaknyga.lt\",\"url\":\"https:\\\/\\\/skaitytaknyga.lt\\\/\",\"logo\":{\"@type\":\"ImageObject\",\"inLanguage\":\"en-GB\",\"@id\":\"https:\\\/\\\/skaitytaknyga.lt\\\/#\\\/schema\\\/logo\\\/image\\\/\",\"url\":\"https:\\\/\\\/skaitytaknyga.lt\\\/wp-content\\\/uploads\\\/2024\\\/05\\\/cropped-cropped-cropped-02_00843_jt3bggkj1j3HLc7SyY6rEUpg.jpeg\",\"contentUrl\":\"https:\\\/\\\/skaitytaknyga.lt\\\/wp-content\\\/uploads\\\/2024\\\/05\\\/cropped-cropped-cropped-02_00843_jt3bggkj1j3HLc7SyY6rEUpg.jpeg\",\"width\":1600,\"height\":1600,\"caption\":\"skaitytaknyga.lt\"},\"image\":{\"@id\":\"https:\\\/\\\/skaitytaknyga.lt\\\/#\\\/schema\\\/logo\\\/image\\\/\"},\"sameAs\":[\"https:\\\/\\\/www.facebook.com\\\/skaitytaknyga\\\/\"]}]}<\/script>\n<!-- \/ Yoast SEO plugin. -->","yoast_head_json":{"title":"Kaip Auginti Berniukus XXI Am\u017eiuje","description":"Jeigu norime tinkamai i\u0161aukl\u0117ti berniukus, kad jie tapt\u0173 nuo\u0161ird\u017eiais, maloniais, patikimais ir kilniais vyrais, turime suprasti ypatingus j\u0173 poreikius.","robots":{"index":"index","follow":"follow","max-snippet":"max-snippet:-1","max-image-preview":"max-image-preview:large","max-video-preview":"max-video-preview:-1"},"canonical":"https:\/\/skaitytaknyga.lt\/en\/produktas\/kaip-auginti-berniukus-xxi-amziuje\/","og_locale":"en_GB","og_type":"article","og_title":"[:lt]Kaip Auginti Berniukus XXI Am\u017eiuje[:] - Skaitytaknyga","og_description":"Jeigu norime tinkamai i\u0161aukl\u0117ti berniukus, kad jie tapt\u0173 nuo\u0161ird\u017eiais, maloniais, patikimais ir kilniais vyrais, turime suprasti ypatingus j\u0173 poreikius.","og_url":"https:\/\/skaitytaknyga.lt\/en\/produktas\/kaip-auginti-berniukus-xxi-amziuje\/","og_site_name":"Skaitytaknyga","article_publisher":"https:\/\/www.facebook.com\/skaitytaknyga\/","article_modified_time":"2026-03-24T19:00:19+00:00","og_image":[{"width":547,"height":800,"url":"https:\/\/skaitytaknyga.lt\/wp-content\/uploads\/2025\/03\/Kaip-Auginti-Berniukus-Xxi-Amziuje.webp","type":"image\/webp"}],"twitter_card":"summary_large_image","twitter_misc":{"Estimated reading time":"2 minutes"},"schema":{"@context":"https:\/\/schema.org","@graph":[{"@type":"WebPage","@id":"https:\/\/skaitytaknyga.lt\/produktas\/kaip-auginti-berniukus-xxi-amziuje\/","url":"https:\/\/skaitytaknyga.lt\/produktas\/kaip-auginti-berniukus-xxi-amziuje\/","name":"Kaip Auginti Berniukus XXI Am\u017eiuje","isPartOf":{"@id":"https:\/\/skaitytaknyga.lt\/#website"},"primaryImageOfPage":{"@id":"https:\/\/skaitytaknyga.lt\/produktas\/kaip-auginti-berniukus-xxi-amziuje\/#primaryimage"},"image":{"@id":"https:\/\/skaitytaknyga.lt\/produktas\/kaip-auginti-berniukus-xxi-amziuje\/#primaryimage"},"thumbnailUrl":"https:\/\/skaitytaknyga.lt\/wp-content\/uploads\/2025\/03\/Kaip-Auginti-Berniukus-Xxi-Amziuje.webp","datePublished":"2025-03-21T19:17:58+00:00","dateModified":"2026-03-24T19:00:19+00:00","description":"Jeigu norime tinkamai i\u0161aukl\u0117ti berniukus, kad jie tapt\u0173 nuo\u0161ird\u017eiais, maloniais, patikimais ir kilniais vyrais, turime suprasti ypatingus j\u0173 poreikius.","breadcrumb":{"@id":"https:\/\/skaitytaknyga.lt\/produktas\/kaip-auginti-berniukus-xxi-amziuje\/#breadcrumb"},"inLanguage":"en-GB","potentialAction":[{"@type":"ReadAction","target":["https:\/\/skaitytaknyga.lt\/produktas\/kaip-auginti-berniukus-xxi-amziuje\/"]}]},{"@type":"ImageObject","inLanguage":"en-GB","@id":"https:\/\/skaitytaknyga.lt\/produktas\/kaip-auginti-berniukus-xxi-amziuje\/#primaryimage","url":"https:\/\/skaitytaknyga.lt\/wp-content\/uploads\/2025\/03\/Kaip-Auginti-Berniukus-Xxi-Amziuje.webp","contentUrl":"https:\/\/skaitytaknyga.lt\/wp-content\/uploads\/2025\/03\/Kaip-Auginti-Berniukus-Xxi-Amziuje.webp","width":547,"height":800,"caption":"Kaip Auginti Berniukus Xxi Am\u017eiuje"},{"@type":"BreadcrumbList","@id":"https:\/\/skaitytaknyga.lt\/produktas\/kaip-auginti-berniukus-xxi-amziuje\/#breadcrumb","itemListElement":[{"@type":"ListItem","position":1,"name":"Home","item":"https:\/\/skaitytaknyga.lt\/"},{"@type":"ListItem","position":2,"name":"Parduotuv\u0117","item":"https:\/\/skaitytaknyga.lt\/knygu-parduotuve\/"},{"@type":"ListItem","position":3,"name":"Kaip Auginti Berniukus XXI Am\u017eiuje"}]},{"@type":"WebSite","@id":"https:\/\/skaitytaknyga.lt\/#website","url":"https:\/\/skaitytaknyga.lt\/","name":"skaitytaknyga.lt","description":"Skaitytaknyga.lt \u2013 tai ma\u017eas \u0161eimos verslas, kuris prasid\u0117jo nuo meil\u0117s knygoms ir siekio i\u0161gelb\u0117ti knygas nuo likimo prie konteinerio. Kas vienam nereikalingas daiktas \u2013 kitam lobis, o mes esame tarpininkai, kurie padeda abiems tapti laimingesniems ???? \u017dinome kaip nelengva i\u0161gyventi ma\u017eiems verslams, tad nuo \u0161iol, \u010dia rasite ir kit\u0173, ma\u017e\u0173 \u0161eim\u0173 versl\u0173, rank\u0173 darbo, dovan\u0173 sau ir artimiesiems.","publisher":{"@id":"https:\/\/skaitytaknyga.lt\/#organization"},"potentialAction":[{"@type":"SearchAction","target":{"@type":"EntryPoint","urlTemplate":"https:\/\/skaitytaknyga.lt\/?s={search_term_string}"},"query-input":{"@type":"PropertyValueSpecification","valueRequired":true,"valueName":"search_term_string"}}],"inLanguage":"en-GB"},{"@type":"Organization","@id":"https:\/\/skaitytaknyga.lt\/#organization","name":"skaitytaknyga.lt","url":"https:\/\/skaitytaknyga.lt\/","logo":{"@type":"ImageObject","inLanguage":"en-GB","@id":"https:\/\/skaitytaknyga.lt\/#\/schema\/logo\/image\/","url":"https:\/\/skaitytaknyga.lt\/wp-content\/uploads\/2024\/05\/cropped-cropped-cropped-02_00843_jt3bggkj1j3HLc7SyY6rEUpg.jpeg","contentUrl":"https:\/\/skaitytaknyga.lt\/wp-content\/uploads\/2024\/05\/cropped-cropped-cropped-02_00843_jt3bggkj1j3HLc7SyY6rEUpg.jpeg","width":1600,"height":1600,"caption":"skaitytaknyga.lt"},"image":{"@id":"https:\/\/skaitytaknyga.lt\/#\/schema\/logo\/image\/"},"sameAs":["https:\/\/www.facebook.com\/skaitytaknyga\/"]}]}},"_links":{"self":[{"href":"https:\/\/skaitytaknyga.lt\/en\/wp-json\/wp\/v2\/product\/17451","targetHints":{"allow":["GET"]}}],"collection":[{"href":"https:\/\/skaitytaknyga.lt\/en\/wp-json\/wp\/v2\/product"}],"about":[{"href":"https:\/\/skaitytaknyga.lt\/en\/wp-json\/wp\/v2\/types\/product"}],"replies":[{"embeddable":true,"href":"https:\/\/skaitytaknyga.lt\/en\/wp-json\/wp\/v2\/comments?post=17451"}],"wp:featuredmedia":[{"embeddable":true,"href":"https:\/\/skaitytaknyga.lt\/en\/wp-json\/wp\/v2\/media\/17452"}],"wp:attachment":[{"href":"https:\/\/skaitytaknyga.lt\/en\/wp-json\/wp\/v2\/media?parent=17451"}],"wp:term":[{"taxonomy":"product_brand","embeddable":true,"href":"https:\/\/skaitytaknyga.lt\/en\/wp-json\/wp\/v2\/product_brand?post=17451"},{"taxonomy":"product_cat","embeddable":true,"href":"https:\/\/skaitytaknyga.lt\/en\/wp-json\/wp\/v2\/product_cat?post=17451"},{"taxonomy":"product_tag","embeddable":true,"href":"https:\/\/skaitytaknyga.lt\/en\/wp-json\/wp\/v2\/product_tag?post=17451"}],"curies":[{"name":"wp","href":"https:\/\/api.w.org\/{rel}","templated":true}]}}