{"id":17449,"date":"2025-03-21T21:14:09","date_gmt":"2025-03-21T19:14:09","guid":{"rendered":"https:\/\/skaitytaknyga.lt\/?post_type=product&#038;p=17449"},"modified":"2025-05-19T15:06:06","modified_gmt":"2025-05-19T12:06:06","slug":"virusas-galvoje","status":"publish","type":"product","link":"https:\/\/skaitytaknyga.lt\/en\/produktas\/virusas-galvoje\/","title":{"rendered":"Virusas galvoje"},"content":{"rendered":"<p>Tarptautini\u0173 bestseleri\u0173 autoriaus Richard Brodie mokslo populiarinimo knyga\u00a0<b>\u201eVirusas galvoje\u201c<\/b>\u00a0kalba apie nauj\u0105 teorij\u0105 \u2013 memetik\u0105. Tai disciplina, kuri apjungia biologijos, psichologijos ir kognityvini\u0173 moksl\u0173 \u017einias ir nagrin\u0117ja memus, tai yra psichikos virusus, kurie plinta po pasaul\u012f ir nulemia m\u016bs\u0173 elges\u012f, pasirinkimus bei \u012fvairius sprendimus.<\/p>\n<p>\u017dmon\u0117s da\u017enai net nesusim\u0105sto, kad tam tikrus sprendimus priima ne d\u0117l to, kad patys taip sugalvojo, o d\u0117l to, kad \u201eu\u017esikr\u0117t\u0117\u201c nuo aplinkini\u0173. Mes trok\u0161tame b\u016btent tos ir ne kitos prek\u0117s, b\u016btent tos ir ne kitos paslaugos, taip pat m\u016bs\u0173 galvoje daug stereotip\u0173, kaip turi elgtis vienas ar kitas \u017emogus, priklausantis \u012fvairioms socialin\u0117ms, tautin\u0117ms ar am\u017eiaus grup\u0117ms. Ar tikrai rutin\u0105, pagal kuri\u0105 gyvenate, sugalvojote patys? Daugel\u012f min\u010di\u0173 ir suformuot\u0173 kli\u0161i\u0173 nul\u0117m\u0117 manipuliacija m\u016bs\u0173 psichika, arba kitaip tariant \u012fvairios virusin\u0117s mintys, knygoje vadinamos memais. B\u016btent jas ir nagrin\u0117ja memetika.<\/p>\n<p>Autorius Richard Brodie knygoje \u201eVirusas galvoje\u201c teigia, kad memai gali gerokai pakenkti psichikai, ta\u010diau kuo geriau pa\u017einsime save ir memetik\u0105, tuo geriau atsispirsime manipuliacijomis ir tapsime sunkiau valdomi.<\/p>\n<p>Mokslo populiarinimo knyga \u201eVirusas galvoje\u201c pasakoja apie pa\u010di\u0105 mem\u0173 koncepcij\u0105, m\u016bs\u0173 elges\u012f ir s\u0105mon\u0119, taip pat psichini\u0173 virus\u0173 istorin\u0119 raid\u0105 ir kaip mes galime apsaugoti smegenis nuo \u201eu\u017esikr\u0117timo\u201c. Knyga yra kvietimas analizuoti gaunam\u0105 informacij\u0105, atsakingai apgalvoti, kas nulemia m\u016bs\u0173 sprendimus ir daugiau kontrol\u0117s paimti \u012f savo rankas.Autorius: Richard Brodie<\/p>\n<p>Leid\u0117jas: Luceo<br \/>\nI\u0161leidimo metai: 2020<br \/>\nKnygos puslapi\u0173 skai\u010dius: 304<br \/>\nFormatas: 15&#215;21, kieti vir\u0161eliai<br \/>\nISBN ar kodas: 9786098247268<\/p>\n","protected":false},"excerpt":{"rendered":"<p>Tarptautini\u0173 bestseleri\u0173 autoriaus Richard Brodie mokslo populiarinimo knyga\u00a0\u201eVirusas galvoje\u201c\u00a0kalba apie nauj\u0105 teorij\u0105 \u2013 memetik\u0105. Tai disciplina, kuri apjungia biologijos, psichologijos ir kognityvini\u0173 moksl\u0173 \u017einias ir nagrin\u0117ja memus, tai yra psichikos virusus, kurie plinta po pasaul\u012f ir nulemia m\u016bs\u0173 elges\u012f, pasirinkimus bei \u012fvairius sprendimus. \u017dmon\u0117s da\u017enai net nesusim\u0105sto, kad tam tikrus sprendimus priima ne d\u0117l to, kad patys taip sugalvojo, o d\u0117l to, kad \u201eu\u017esikr\u0117t\u0117\u201c nuo aplinkini\u0173. Mes trok\u0161tame b\u016btent tos ir ne kitos prek\u0117s, b\u016btent tos ir ne kitos paslaugos, taip pat m\u016bs\u0173 galvoje daug stereotip\u0173, kaip turi elgtis vienas ar kitas \u017emogus, priklausantis \u012fvairioms socialin\u0117ms, tautin\u0117ms ar am\u017eiaus grup\u0117ms. Ar tikrai rutin\u0105, pagal kuri\u0105 gyvenate, sugalvojote patys? Daugel\u012f min\u010di\u0173 ir suformuot\u0173 kli\u0161i\u0173 nul\u0117m\u0117 manipuliacija m\u016bs\u0173 psichika, arba kitaip tariant \u012fvairios virusin\u0117s mintys, knygoje vadinamos memais. B\u016btent jas ir nagrin\u0117ja memetika. Autorius Richard Brodie knygoje \u201eVirusas galvoje\u201c teigia, kad memai gali gerokai pakenkti psichikai, ta\u010diau kuo geriau pa\u017einsime save ir memetik\u0105, tuo geriau atsispirsime manipuliacijomis ir tapsime sunkiau valdomi. Mokslo populiarinimo knyga \u201eVirusas galvoje\u201c pasakoja apie pa\u010di\u0105 mem\u0173 koncepcij\u0105, m\u016bs\u0173 elges\u012f ir s\u0105mon\u0119, taip pat psichini\u0173 virus\u0173 istorin\u0119 raid\u0105 ir kaip mes galime apsaugoti smegenis nuo \u201eu\u017esikr\u0117timo\u201c. Knyga yra kvietimas analizuoti gaunam\u0105 informacij\u0105, atsakingai apgalvoti, kas nulemia m\u016bs\u0173 sprendimus ir daugiau kontrol\u0117s paimti \u012f savo rankas.Autorius: Richard Brodie Leid\u0117jas: Luceo I\u0161leidimo metai: 2020 Knygos puslapi\u0173 skai\u010dius: 304 Formatas: 15&#215;21, kieti vir\u0161eliai ISBN ar kodas: 9786098247268<\/p>\n","protected":false},"featured_media":17450,"comment_status":"open","ping_status":"closed","template":"","meta":{"_acf_changed":false,"site-sidebar-layout":"default","site-content-layout":"","ast-site-content-layout":"default","site-content-style":"default","site-sidebar-style":"default","ast-global-header-display":"","ast-banner-title-visibility":"","ast-main-header-display":"","ast-hfb-above-header-display":"","ast-hfb-below-header-display":"","ast-hfb-mobile-header-display":"","site-post-title":"","ast-breadcrumbs-content":"","ast-featured-img":"","footer-sml-layout":"","ast-disable-related-posts":"","theme-transparent-header-meta":"default","adv-header-id-meta":"","stick-header-meta":"","header-above-stick-meta":"","header-main-stick-meta":"","header-below-stick-meta":"","astra-migrate-meta-layouts":"set","ast-page-background-enabled":"default","ast-page-background-meta":{"desktop":{"background-color":"","background-image":"","background-repeat":"repeat","background-position":"center center","background-size":"auto","background-attachment":"scroll","background-type":"","background-media":"","overlay-type":"","overlay-color":"","overlay-opacity":"","overlay-gradient":""},"tablet":{"background-color":"","background-image":"","background-repeat":"repeat","background-position":"center center","background-size":"auto","background-attachment":"scroll","background-type":"","background-media":"","overlay-type":"","overlay-color":"","overlay-opacity":"","overlay-gradient":""},"mobile":{"background-color":"","background-image":"","background-repeat":"repeat","background-position":"center center","background-size":"auto","background-attachment":"scroll","background-type":"","background-media":"","overlay-type":"","overlay-color":"","overlay-opacity":"","overlay-gradient":""}},"ast-content-background-meta":{"desktop":{"background-color":"var(--ast-global-color-4)","background-image":"","background-repeat":"repeat","background-position":"center center","background-size":"auto","background-attachment":"scroll","background-type":"","background-media":"","overlay-type":"","overlay-color":"","overlay-opacity":"","overlay-gradient":""},"tablet":{"background-color":"var(--ast-global-color-4)","background-image":"","background-repeat":"repeat","background-position":"center center","background-size":"auto","background-attachment":"scroll","background-type":"","background-media":"","overlay-type":"","overlay-color":"","overlay-opacity":"","overlay-gradient":""},"mobile":{"background-color":"var(--ast-global-color-4)","background-image":"","background-repeat":"repeat","background-position":"center center","background-size":"auto","background-attachment":"scroll","background-type":"","background-media":"","overlay-type":"","overlay-color":"","overlay-opacity":"","overlay-gradient":""}}},"product_brand":[],"product_cat":[30,15],"product_tag":[],"class_list":{"0":"post-17449","1":"product","2":"type-product","3":"status-publish","4":"has-post-thumbnail","6":"product_cat-psichologija-ir-saviugda","7":"product_cat-uncategorized","8":"desktop-align-left","9":"tablet-align-left","10":"mobile-align-left","12":"first","13":"instock","14":"shipping-taxable","15":"purchasable","16":"product-type-simple"},"acf":[],"yoast_head":"<!-- This site is optimized with the Yoast SEO plugin v27.4 - https:\/\/yoast.com\/product\/yoast-seo-wordpress\/ -->\n<title>Virusas galvoje<\/title>\n<meta name=\"description\" content=\"Tarptautini\u0173 bestseleri\u0173 autoriaus Richard Brodie mokslo populiarinimo knyga\u00a0\u201eVirusas galvoje\u201c\u00a0kalba apie nauj\u0105 teorij\u0105 \u2013 memetik\u0105. Tai disciplina, kuri\" \/>\n<meta name=\"robots\" content=\"index, follow, max-snippet:-1, max-image-preview:large, max-video-preview:-1\" \/>\n<link rel=\"canonical\" href=\"https:\/\/skaitytaknyga.lt\/en\/produktas\/virusas-galvoje\/\" \/>\n<meta property=\"og:locale\" content=\"en_GB\" \/>\n<meta property=\"og:locale:alternate\" content=\"lt_LT\" \/>\n<meta property=\"og:type\" content=\"article\" \/>\n<meta property=\"og:title\" content=\"Virusas galvoje\" \/>\n<meta property=\"og:description\" content=\"Tarptautini\u0173 bestseleri\u0173 autoriaus Richard Brodie mokslo populiarinimo knyga\u00a0\u201eVirusas galvoje\u201c\u00a0kalba apie nauj\u0105 teorij\u0105 \u2013 memetik\u0105. Tai disciplina, kuri\" \/>\n<meta property=\"og:url\" content=\"https:\/\/skaitytaknyga.lt\/en\/produktas\/virusas-galvoje\/\" \/>\n<meta property=\"og:site_name\" content=\"Skaitytaknyga\" \/>\n<meta property=\"article:publisher\" content=\"https:\/\/www.facebook.com\/skaitytaknyga\/\" \/>\n<meta property=\"article:modified_time\" content=\"2025-05-19T12:06:06+00:00\" \/>\n<meta property=\"og:image\" content=\"https:\/\/skaitytaknyga.lt\/wp-content\/uploads\/2025\/03\/Virusas-galvoje.jpg\" \/>\n\t<meta property=\"og:image:width\" content=\"600\" \/>\n\t<meta property=\"og:image:height\" content=\"871\" \/>\n\t<meta property=\"og:image:type\" content=\"image\/jpeg\" \/>\n<meta name=\"twitter:card\" content=\"summary_large_image\" \/>\n<meta name=\"twitter:label1\" content=\"Estimated reading time\" \/>\n\t<meta name=\"twitter:data1\" content=\"2 minutes\" \/>\n<script type=\"application\/ld+json\" class=\"yoast-schema-graph\">{\"@context\":\"https:\\\/\\\/schema.org\",\"@graph\":[{\"@type\":\"WebPage\",\"@id\":\"https:\\\/\\\/skaitytaknyga.lt\\\/produktas\\\/virusas-galvoje\\\/\",\"url\":\"https:\\\/\\\/skaitytaknyga.lt\\\/produktas\\\/virusas-galvoje\\\/\",\"name\":\"Virusas galvoje\",\"isPartOf\":{\"@id\":\"https:\\\/\\\/skaitytaknyga.lt\\\/#website\"},\"primaryImageOfPage\":{\"@id\":\"https:\\\/\\\/skaitytaknyga.lt\\\/produktas\\\/virusas-galvoje\\\/#primaryimage\"},\"image\":{\"@id\":\"https:\\\/\\\/skaitytaknyga.lt\\\/produktas\\\/virusas-galvoje\\\/#primaryimage\"},\"thumbnailUrl\":\"https:\\\/\\\/skaitytaknyga.lt\\\/wp-content\\\/uploads\\\/2025\\\/03\\\/Virusas-galvoje.jpg\",\"datePublished\":\"2025-03-21T19:14:09+00:00\",\"dateModified\":\"2025-05-19T12:06:06+00:00\",\"description\":\"Tarptautini\u0173 bestseleri\u0173 autoriaus Richard Brodie mokslo populiarinimo knyga\u00a0\u201eVirusas galvoje\u201c\u00a0kalba apie nauj\u0105 teorij\u0105 \u2013 memetik\u0105. Tai disciplina, kuri\",\"breadcrumb\":{\"@id\":\"https:\\\/\\\/skaitytaknyga.lt\\\/produktas\\\/virusas-galvoje\\\/#breadcrumb\"},\"inLanguage\":\"en-GB\",\"potentialAction\":[{\"@type\":\"ReadAction\",\"target\":[\"https:\\\/\\\/skaitytaknyga.lt\\\/produktas\\\/virusas-galvoje\\\/\"]}]},{\"@type\":\"ImageObject\",\"inLanguage\":\"en-GB\",\"@id\":\"https:\\\/\\\/skaitytaknyga.lt\\\/produktas\\\/virusas-galvoje\\\/#primaryimage\",\"url\":\"https:\\\/\\\/skaitytaknyga.lt\\\/wp-content\\\/uploads\\\/2025\\\/03\\\/Virusas-galvoje.jpg\",\"contentUrl\":\"https:\\\/\\\/skaitytaknyga.lt\\\/wp-content\\\/uploads\\\/2025\\\/03\\\/Virusas-galvoje.jpg\",\"width\":600,\"height\":871,\"caption\":\"Virusas galvoje\"},{\"@type\":\"BreadcrumbList\",\"@id\":\"https:\\\/\\\/skaitytaknyga.lt\\\/produktas\\\/virusas-galvoje\\\/#breadcrumb\",\"itemListElement\":[{\"@type\":\"ListItem\",\"position\":1,\"name\":\"Home\",\"item\":\"https:\\\/\\\/skaitytaknyga.lt\\\/\"},{\"@type\":\"ListItem\",\"position\":2,\"name\":\"Parduotuv\u0117\",\"item\":\"https:\\\/\\\/skaitytaknyga.lt\\\/knygu-parduotuve\\\/\"},{\"@type\":\"ListItem\",\"position\":3,\"name\":\"Virusas galvoje\"}]},{\"@type\":\"WebSite\",\"@id\":\"https:\\\/\\\/skaitytaknyga.lt\\\/#website\",\"url\":\"https:\\\/\\\/skaitytaknyga.lt\\\/\",\"name\":\"skaitytaknyga.lt\",\"description\":\"Skaitytaknyga.lt \u2013 tai ma\u017eas \u0161eimos verslas, kuris prasid\u0117jo nuo meil\u0117s knygoms ir siekio i\u0161gelb\u0117ti knygas nuo likimo prie konteinerio. Kas vienam nereikalingas daiktas \u2013 kitam lobis, o mes esame tarpininkai, kurie padeda abiems tapti laimingesniems ???? \u017dinome kaip nelengva i\u0161gyventi ma\u017eiems verslams, tad nuo \u0161iol, \u010dia rasite ir kit\u0173, ma\u017e\u0173 \u0161eim\u0173 versl\u0173, rank\u0173 darbo, dovan\u0173 sau ir artimiesiems.\",\"publisher\":{\"@id\":\"https:\\\/\\\/skaitytaknyga.lt\\\/#organization\"},\"potentialAction\":[{\"@type\":\"SearchAction\",\"target\":{\"@type\":\"EntryPoint\",\"urlTemplate\":\"https:\\\/\\\/skaitytaknyga.lt\\\/?s={search_term_string}\"},\"query-input\":{\"@type\":\"PropertyValueSpecification\",\"valueRequired\":true,\"valueName\":\"search_term_string\"}}],\"inLanguage\":\"en-GB\"},{\"@type\":\"Organization\",\"@id\":\"https:\\\/\\\/skaitytaknyga.lt\\\/#organization\",\"name\":\"skaitytaknyga.lt\",\"url\":\"https:\\\/\\\/skaitytaknyga.lt\\\/\",\"logo\":{\"@type\":\"ImageObject\",\"inLanguage\":\"en-GB\",\"@id\":\"https:\\\/\\\/skaitytaknyga.lt\\\/#\\\/schema\\\/logo\\\/image\\\/\",\"url\":\"https:\\\/\\\/skaitytaknyga.lt\\\/wp-content\\\/uploads\\\/2024\\\/05\\\/cropped-cropped-cropped-02_00843_jt3bggkj1j3HLc7SyY6rEUpg.jpeg\",\"contentUrl\":\"https:\\\/\\\/skaitytaknyga.lt\\\/wp-content\\\/uploads\\\/2024\\\/05\\\/cropped-cropped-cropped-02_00843_jt3bggkj1j3HLc7SyY6rEUpg.jpeg\",\"width\":1600,\"height\":1600,\"caption\":\"skaitytaknyga.lt\"},\"image\":{\"@id\":\"https:\\\/\\\/skaitytaknyga.lt\\\/#\\\/schema\\\/logo\\\/image\\\/\"},\"sameAs\":[\"https:\\\/\\\/www.facebook.com\\\/skaitytaknyga\\\/\"]}]}<\/script>\n<!-- \/ Yoast SEO plugin. -->","yoast_head_json":{"title":"Virusas galvoje","description":"Tarptautini\u0173 bestseleri\u0173 autoriaus Richard Brodie mokslo populiarinimo knyga\u00a0\u201eVirusas galvoje\u201c\u00a0kalba apie nauj\u0105 teorij\u0105 \u2013 memetik\u0105. Tai disciplina, kuri","robots":{"index":"index","follow":"follow","max-snippet":"max-snippet:-1","max-image-preview":"max-image-preview:large","max-video-preview":"max-video-preview:-1"},"canonical":"https:\/\/skaitytaknyga.lt\/en\/produktas\/virusas-galvoje\/","og_locale":"en_GB","og_type":"article","og_title":"[:lt]Virusas galvoje[:] - Skaitytaknyga","og_description":"Tarptautini\u0173 bestseleri\u0173 autoriaus Richard Brodie mokslo populiarinimo knyga\u00a0\u201eVirusas galvoje\u201c\u00a0kalba apie nauj\u0105 teorij\u0105 \u2013 memetik\u0105. Tai disciplina, kuri","og_url":"https:\/\/skaitytaknyga.lt\/en\/produktas\/virusas-galvoje\/","og_site_name":"Skaitytaknyga","article_publisher":"https:\/\/www.facebook.com\/skaitytaknyga\/","article_modified_time":"2025-05-19T12:06:06+00:00","og_image":[{"width":600,"height":871,"url":"https:\/\/skaitytaknyga.lt\/wp-content\/uploads\/2025\/03\/Virusas-galvoje.jpg","type":"image\/jpeg"}],"twitter_card":"summary_large_image","twitter_misc":{"Estimated reading time":"2 minutes"},"schema":{"@context":"https:\/\/schema.org","@graph":[{"@type":"WebPage","@id":"https:\/\/skaitytaknyga.lt\/produktas\/virusas-galvoje\/","url":"https:\/\/skaitytaknyga.lt\/produktas\/virusas-galvoje\/","name":"Virusas galvoje","isPartOf":{"@id":"https:\/\/skaitytaknyga.lt\/#website"},"primaryImageOfPage":{"@id":"https:\/\/skaitytaknyga.lt\/produktas\/virusas-galvoje\/#primaryimage"},"image":{"@id":"https:\/\/skaitytaknyga.lt\/produktas\/virusas-galvoje\/#primaryimage"},"thumbnailUrl":"https:\/\/skaitytaknyga.lt\/wp-content\/uploads\/2025\/03\/Virusas-galvoje.jpg","datePublished":"2025-03-21T19:14:09+00:00","dateModified":"2025-05-19T12:06:06+00:00","description":"Tarptautini\u0173 bestseleri\u0173 autoriaus Richard Brodie mokslo populiarinimo knyga\u00a0\u201eVirusas galvoje\u201c\u00a0kalba apie nauj\u0105 teorij\u0105 \u2013 memetik\u0105. Tai disciplina, kuri","breadcrumb":{"@id":"https:\/\/skaitytaknyga.lt\/produktas\/virusas-galvoje\/#breadcrumb"},"inLanguage":"en-GB","potentialAction":[{"@type":"ReadAction","target":["https:\/\/skaitytaknyga.lt\/produktas\/virusas-galvoje\/"]}]},{"@type":"ImageObject","inLanguage":"en-GB","@id":"https:\/\/skaitytaknyga.lt\/produktas\/virusas-galvoje\/#primaryimage","url":"https:\/\/skaitytaknyga.lt\/wp-content\/uploads\/2025\/03\/Virusas-galvoje.jpg","contentUrl":"https:\/\/skaitytaknyga.lt\/wp-content\/uploads\/2025\/03\/Virusas-galvoje.jpg","width":600,"height":871,"caption":"Virusas galvoje"},{"@type":"BreadcrumbList","@id":"https:\/\/skaitytaknyga.lt\/produktas\/virusas-galvoje\/#breadcrumb","itemListElement":[{"@type":"ListItem","position":1,"name":"Home","item":"https:\/\/skaitytaknyga.lt\/"},{"@type":"ListItem","position":2,"name":"Parduotuv\u0117","item":"https:\/\/skaitytaknyga.lt\/knygu-parduotuve\/"},{"@type":"ListItem","position":3,"name":"Virusas galvoje"}]},{"@type":"WebSite","@id":"https:\/\/skaitytaknyga.lt\/#website","url":"https:\/\/skaitytaknyga.lt\/","name":"skaitytaknyga.lt","description":"Skaitytaknyga.lt \u2013 tai ma\u017eas \u0161eimos verslas, kuris prasid\u0117jo nuo meil\u0117s knygoms ir siekio i\u0161gelb\u0117ti knygas nuo likimo prie konteinerio. Kas vienam nereikalingas daiktas \u2013 kitam lobis, o mes esame tarpininkai, kurie padeda abiems tapti laimingesniems ???? \u017dinome kaip nelengva i\u0161gyventi ma\u017eiems verslams, tad nuo \u0161iol, \u010dia rasite ir kit\u0173, ma\u017e\u0173 \u0161eim\u0173 versl\u0173, rank\u0173 darbo, dovan\u0173 sau ir artimiesiems.","publisher":{"@id":"https:\/\/skaitytaknyga.lt\/#organization"},"potentialAction":[{"@type":"SearchAction","target":{"@type":"EntryPoint","urlTemplate":"https:\/\/skaitytaknyga.lt\/?s={search_term_string}"},"query-input":{"@type":"PropertyValueSpecification","valueRequired":true,"valueName":"search_term_string"}}],"inLanguage":"en-GB"},{"@type":"Organization","@id":"https:\/\/skaitytaknyga.lt\/#organization","name":"skaitytaknyga.lt","url":"https:\/\/skaitytaknyga.lt\/","logo":{"@type":"ImageObject","inLanguage":"en-GB","@id":"https:\/\/skaitytaknyga.lt\/#\/schema\/logo\/image\/","url":"https:\/\/skaitytaknyga.lt\/wp-content\/uploads\/2024\/05\/cropped-cropped-cropped-02_00843_jt3bggkj1j3HLc7SyY6rEUpg.jpeg","contentUrl":"https:\/\/skaitytaknyga.lt\/wp-content\/uploads\/2024\/05\/cropped-cropped-cropped-02_00843_jt3bggkj1j3HLc7SyY6rEUpg.jpeg","width":1600,"height":1600,"caption":"skaitytaknyga.lt"},"image":{"@id":"https:\/\/skaitytaknyga.lt\/#\/schema\/logo\/image\/"},"sameAs":["https:\/\/www.facebook.com\/skaitytaknyga\/"]}]}},"_links":{"self":[{"href":"https:\/\/skaitytaknyga.lt\/en\/wp-json\/wp\/v2\/product\/17449","targetHints":{"allow":["GET"]}}],"collection":[{"href":"https:\/\/skaitytaknyga.lt\/en\/wp-json\/wp\/v2\/product"}],"about":[{"href":"https:\/\/skaitytaknyga.lt\/en\/wp-json\/wp\/v2\/types\/product"}],"replies":[{"embeddable":true,"href":"https:\/\/skaitytaknyga.lt\/en\/wp-json\/wp\/v2\/comments?post=17449"}],"wp:featuredmedia":[{"embeddable":true,"href":"https:\/\/skaitytaknyga.lt\/en\/wp-json\/wp\/v2\/media\/17450"}],"wp:attachment":[{"href":"https:\/\/skaitytaknyga.lt\/en\/wp-json\/wp\/v2\/media?parent=17449"}],"wp:term":[{"taxonomy":"product_brand","embeddable":true,"href":"https:\/\/skaitytaknyga.lt\/en\/wp-json\/wp\/v2\/product_brand?post=17449"},{"taxonomy":"product_cat","embeddable":true,"href":"https:\/\/skaitytaknyga.lt\/en\/wp-json\/wp\/v2\/product_cat?post=17449"},{"taxonomy":"product_tag","embeddable":true,"href":"https:\/\/skaitytaknyga.lt\/en\/wp-json\/wp\/v2\/product_tag?post=17449"}],"curies":[{"name":"wp","href":"https:\/\/api.w.org\/{rel}","templated":true}]}}