{"id":17175,"date":"2025-03-18T20:24:07","date_gmt":"2025-03-18T18:24:07","guid":{"rendered":"https:\/\/skaitytaknyga.lt\/?post_type=product&#038;p=17175"},"modified":"2025-05-19T15:06:06","modified_gmt":"2025-05-19T12:06:06","slug":"stebuklu-metas-kaip-tikejimo-galia-prisaukti-sekme","status":"publish","type":"product","link":"https:\/\/skaitytaknyga.lt\/en\/produktas\/stebuklu-metas-kaip-tikejimo-galia-prisaukti-sekme\/","title":{"rendered":"Stebukl\u0173 metas. Kaip tik\u0117jimo galia pri\u0161aukti s\u0117km\u0119 (yra skaitymo \u017eymi\u0173)"},"content":{"rendered":"<p><strong>Joe Vitale<\/strong>\u00a0knygoje\u00a0<strong>\u201eStebukl\u0173 metas\u201c<\/strong>\u00a0pateikiami prakti\u0161ki patarimai, kuriais pasinaudoj\u0119 visi\u0161kai pakeisite ankstesn\u012f po\u017ei\u016br\u012f \u012f pasaul\u012f ir pamatysite gausyb\u0119 nauj\u0173 galimybi\u0173 ten, kur n\u0117 ne\u012fsivaizdavote esant.<\/p>\n<p>Jei esate nelaimingas, galite i\u0161mokti b\u016bti laimingas.<\/p>\n<p>Jei nesate tam tikros srities specialistas, galite mokytis ir juo tapti.<\/p>\n<p>Jei neturite i\u0161lavinto talento, galite i\u0161lavinti savo geb\u0117jimus.<\/p>\n<p>Jei patik\u0117site, kad jums sekasi \u2013 tai i\u0161 tikr\u0173j\u0173 ims pildytis!<\/p>\n<p><strong>Joe Vitale<\/strong>, amerikie\u010di\u0173 saviugdos guru, teigia, kad \u0161iandieniniame pasaulyje raginimas tik\u0117ti stebuklais gali b\u016bti palaikytas beprotyste, nes esame u\u017eprogramuoti \u017einiasklaidos skleid\u017eiamos neigiamos informacijos. Ta\u010diau netur\u0117tume persiimti negatyvumu, kur\u012f bruka populiarioji kult\u016bra. Jam atsispirti pad\u0117t\u0173 \u0161ie principai:<\/p>\n<p>1. B\u016bkime atsakingi u\u017e savo mintis.<\/p>\n<p>2. Perprogramuokime m\u0105stym\u0105.<\/p>\n<p>3. Galvokime apie teigiamus dalykus ir atsiribokime nuo neigiam\u0173.<\/p>\n<ul class=\"about-product d-none d-xl-block mt-4\">\n<li><strong>Autorius:<\/strong>\u00a0Joe Vitale<\/li>\n<li><strong>Leid\u0117jas:<\/strong>\u00a0Alma littera<\/li>\n<li><strong>Metai:<\/strong>\u00a02014<\/li>\n<li><strong>Puslapiai:<\/strong>\u00a0280<\/li>\n<li class=\"toggleable type-new-formats \"><strong>ISBN:<\/strong>\u00a09786090114322<\/li>\n<li><strong>Versijos kodas:<\/strong>\u00a0PT.<\/li>\n<li class=\"toggleable type-new-formats \"><strong>Formatas:<\/strong>\u00a014 x 22 cm, kieti vir\u0161eliai<\/li>\n<li><strong>Kalba:<\/strong>\u00a0Lietuvi\u0173<\/li>\n<li><strong>Vert\u0117jas:<\/strong>\u00a0Lina Baltrukonien\u0117, Daumantas Gadeikis<\/li>\n<\/ul>\n","protected":false},"excerpt":{"rendered":"<p>Joe Vitale\u00a0knygoje\u00a0\u201eStebukl\u0173 metas\u201c\u00a0pateikiami prakti\u0161ki patarimai, kuriais pasinaudoj\u0119 visi\u0161kai pakeisite ankstesn\u012f po\u017ei\u016br\u012f \u012f pasaul\u012f ir pamatysite gausyb\u0119 nauj\u0173 galimybi\u0173 ten, kur n\u0117 ne\u012fsivaizdavote esant. Jei esate nelaimingas, galite i\u0161mokti b\u016bti laimingas. Jei nesate tam tikros srities specialistas, galite mokytis ir juo tapti. Jei neturite i\u0161lavinto talento, galite i\u0161lavinti savo geb\u0117jimus. Jei patik\u0117site, kad jums sekasi \u2013 tai i\u0161 tikr\u0173j\u0173 ims pildytis! Joe Vitale, amerikie\u010di\u0173 saviugdos guru, teigia, kad \u0161iandieniniame pasaulyje raginimas tik\u0117ti stebuklais gali b\u016bti palaikytas beprotyste, nes esame u\u017eprogramuoti \u017einiasklaidos skleid\u017eiamos neigiamos informacijos. Ta\u010diau netur\u0117tume persiimti negatyvumu, kur\u012f bruka populiarioji kult\u016bra. Jam atsispirti pad\u0117t\u0173 \u0161ie principai: 1. B\u016bkime atsakingi u\u017e savo mintis. 2. Perprogramuokime m\u0105stym\u0105. 3. Galvokime apie teigiamus dalykus ir atsiribokime nuo neigiam\u0173. Autorius:\u00a0Joe Vitale Leid\u0117jas:\u00a0Alma littera Metai:\u00a02014 Puslapiai:\u00a0280 ISBN:\u00a09786090114322 Versijos kodas:\u00a0PT. Formatas:\u00a014 x 22 cm, kieti vir\u0161eliai Kalba:\u00a0Lietuvi\u0173 Vert\u0117jas:\u00a0Lina Baltrukonien\u0117, Daumantas Gadeikis<\/p>\n","protected":false},"featured_media":17176,"comment_status":"open","ping_status":"closed","template":"","meta":{"_acf_changed":false,"site-sidebar-layout":"default","site-content-layout":"","ast-site-content-layout":"default","site-content-style":"default","site-sidebar-style":"default","ast-global-header-display":"","ast-banner-title-visibility":"","ast-main-header-display":"","ast-hfb-above-header-display":"","ast-hfb-below-header-display":"","ast-hfb-mobile-header-display":"","site-post-title":"","ast-breadcrumbs-content":"","ast-featured-img":"","footer-sml-layout":"","ast-disable-related-posts":"","theme-transparent-header-meta":"default","adv-header-id-meta":"","stick-header-meta":"","header-above-stick-meta":"","header-main-stick-meta":"","header-below-stick-meta":"","astra-migrate-meta-layouts":"set","ast-page-background-enabled":"default","ast-page-background-meta":{"desktop":{"background-color":"","background-image":"","background-repeat":"repeat","background-position":"center center","background-size":"auto","background-attachment":"scroll","background-type":"","background-media":"","overlay-type":"","overlay-color":"","overlay-opacity":"","overlay-gradient":""},"tablet":{"background-color":"","background-image":"","background-repeat":"repeat","background-position":"center center","background-size":"auto","background-attachment":"scroll","background-type":"","background-media":"","overlay-type":"","overlay-color":"","overlay-opacity":"","overlay-gradient":""},"mobile":{"background-color":"","background-image":"","background-repeat":"repeat","background-position":"center center","background-size":"auto","background-attachment":"scroll","background-type":"","background-media":"","overlay-type":"","overlay-color":"","overlay-opacity":"","overlay-gradient":""}},"ast-content-background-meta":{"desktop":{"background-color":"var(--ast-global-color-4)","background-image":"","background-repeat":"repeat","background-position":"center center","background-size":"auto","background-attachment":"scroll","background-type":"","background-media":"","overlay-type":"","overlay-color":"","overlay-opacity":"","overlay-gradient":""},"tablet":{"background-color":"var(--ast-global-color-4)","background-image":"","background-repeat":"repeat","background-position":"center center","background-size":"auto","background-attachment":"scroll","background-type":"","background-media":"","overlay-type":"","overlay-color":"","overlay-opacity":"","overlay-gradient":""},"mobile":{"background-color":"var(--ast-global-color-4)","background-image":"","background-repeat":"repeat","background-position":"center center","background-size":"auto","background-attachment":"scroll","background-type":"","background-media":"","overlay-type":"","overlay-color":"","overlay-opacity":"","overlay-gradient":""}}},"product_brand":[],"product_cat":[165,15],"product_tag":[],"class_list":{"0":"post-17175","1":"product","2":"type-product","3":"status-publish","4":"has-post-thumbnail","6":"product_cat-religija-filosofija-ir-ezoterika","7":"product_cat-uncategorized","8":"desktop-align-left","9":"tablet-align-left","10":"mobile-align-left","12":"first","13":"instock","14":"shipping-taxable","15":"purchasable","16":"product-type-simple"},"acf":[],"yoast_head":"<!-- This site is optimized with the Yoast SEO plugin v27.4 - https:\/\/yoast.com\/product\/yoast-seo-wordpress\/ -->\n<title>Stebukl\u0173 metas. Kaip tik\u0117jimo galia pri\u0161aukti s\u0117km\u0119 (yra skaitymo \u017eymi\u0173)<\/title>\n<meta name=\"description\" content=\"Joe Vitale\u00a0knygoje\u00a0\u201eStebukl\u0173 metas\u201c\u00a0pateikiami prakti\u0161ki patarimai, kuriais pasinaudoj\u0119 visi\u0161kai pakeisite ankstesn\u012f po\u017ei\u016br\u012f \u012f pasaul\u012f ir pamatysite\" \/>\n<meta name=\"robots\" content=\"index, follow, max-snippet:-1, max-image-preview:large, max-video-preview:-1\" \/>\n<link rel=\"canonical\" href=\"https:\/\/skaitytaknyga.lt\/en\/produktas\/stebuklu-metas-kaip-tikejimo-galia-prisaukti-sekme\/\" \/>\n<meta property=\"og:locale\" content=\"en_GB\" \/>\n<meta property=\"og:locale:alternate\" content=\"lt_LT\" \/>\n<meta property=\"og:type\" content=\"article\" \/>\n<meta property=\"og:title\" content=\"Stebukl\u0173 metas. Kaip tik\u0117jimo galia pri\u0161aukti s\u0117km\u0119 (yra skaitymo \u017eymi\u0173)\" \/>\n<meta property=\"og:description\" content=\"Joe Vitale\u00a0knygoje\u00a0\u201eStebukl\u0173 metas\u201c\u00a0pateikiami prakti\u0161ki patarimai, kuriais pasinaudoj\u0119 visi\u0161kai pakeisite ankstesn\u012f po\u017ei\u016br\u012f \u012f pasaul\u012f ir pamatysite\" \/>\n<meta property=\"og:url\" content=\"https:\/\/skaitytaknyga.lt\/en\/produktas\/stebuklu-metas-kaip-tikejimo-galia-prisaukti-sekme\/\" \/>\n<meta property=\"og:site_name\" content=\"Skaitytaknyga\" \/>\n<meta property=\"article:publisher\" content=\"https:\/\/www.facebook.com\/skaitytaknyga\/\" \/>\n<meta property=\"article:modified_time\" content=\"2025-05-19T12:06:06+00:00\" \/>\n<meta property=\"og:image\" content=\"https:\/\/skaitytaknyga.lt\/wp-content\/uploads\/2025\/03\/Stebuklu-metas.-Kaip-tikejimo-galia-prisaukti-sekme.webp\" \/>\n\t<meta property=\"og:image:width\" content=\"500\" \/>\n\t<meta property=\"og:image:height\" content=\"745\" \/>\n\t<meta property=\"og:image:type\" content=\"image\/webp\" \/>\n<meta name=\"twitter:card\" content=\"summary_large_image\" \/>\n<meta name=\"twitter:label1\" content=\"Estimated reading time\" \/>\n\t<meta name=\"twitter:data1\" content=\"1 minute\" \/>\n<script type=\"application\/ld+json\" class=\"yoast-schema-graph\">{\"@context\":\"https:\\\/\\\/schema.org\",\"@graph\":[{\"@type\":\"WebPage\",\"@id\":\"https:\\\/\\\/skaitytaknyga.lt\\\/produktas\\\/stebuklu-metas-kaip-tikejimo-galia-prisaukti-sekme\\\/\",\"url\":\"https:\\\/\\\/skaitytaknyga.lt\\\/produktas\\\/stebuklu-metas-kaip-tikejimo-galia-prisaukti-sekme\\\/\",\"name\":\"Stebukl\u0173 metas. Kaip tik\u0117jimo galia pri\u0161aukti s\u0117km\u0119 (yra skaitymo \u017eymi\u0173)\",\"isPartOf\":{\"@id\":\"https:\\\/\\\/skaitytaknyga.lt\\\/#website\"},\"primaryImageOfPage\":{\"@id\":\"https:\\\/\\\/skaitytaknyga.lt\\\/produktas\\\/stebuklu-metas-kaip-tikejimo-galia-prisaukti-sekme\\\/#primaryimage\"},\"image\":{\"@id\":\"https:\\\/\\\/skaitytaknyga.lt\\\/produktas\\\/stebuklu-metas-kaip-tikejimo-galia-prisaukti-sekme\\\/#primaryimage\"},\"thumbnailUrl\":\"https:\\\/\\\/skaitytaknyga.lt\\\/wp-content\\\/uploads\\\/2025\\\/03\\\/Stebuklu-metas.-Kaip-tikejimo-galia-prisaukti-sekme.webp\",\"datePublished\":\"2025-03-18T18:24:07+00:00\",\"dateModified\":\"2025-05-19T12:06:06+00:00\",\"description\":\"Joe Vitale\u00a0knygoje\u00a0\u201eStebukl\u0173 metas\u201c\u00a0pateikiami prakti\u0161ki patarimai, kuriais pasinaudoj\u0119 visi\u0161kai pakeisite ankstesn\u012f po\u017ei\u016br\u012f \u012f pasaul\u012f ir pamatysite\",\"breadcrumb\":{\"@id\":\"https:\\\/\\\/skaitytaknyga.lt\\\/produktas\\\/stebuklu-metas-kaip-tikejimo-galia-prisaukti-sekme\\\/#breadcrumb\"},\"inLanguage\":\"en-GB\",\"potentialAction\":[{\"@type\":\"ReadAction\",\"target\":[\"https:\\\/\\\/skaitytaknyga.lt\\\/produktas\\\/stebuklu-metas-kaip-tikejimo-galia-prisaukti-sekme\\\/\"]}]},{\"@type\":\"ImageObject\",\"inLanguage\":\"en-GB\",\"@id\":\"https:\\\/\\\/skaitytaknyga.lt\\\/produktas\\\/stebuklu-metas-kaip-tikejimo-galia-prisaukti-sekme\\\/#primaryimage\",\"url\":\"https:\\\/\\\/skaitytaknyga.lt\\\/wp-content\\\/uploads\\\/2025\\\/03\\\/Stebuklu-metas.-Kaip-tikejimo-galia-prisaukti-sekme.webp\",\"contentUrl\":\"https:\\\/\\\/skaitytaknyga.lt\\\/wp-content\\\/uploads\\\/2025\\\/03\\\/Stebuklu-metas.-Kaip-tikejimo-galia-prisaukti-sekme.webp\",\"width\":500,\"height\":745,\"caption\":\"Stebukl\u0173 metas. Kaip tik\u0117jimo galia pri\u0161aukti s\u0117km\u0119\"},{\"@type\":\"BreadcrumbList\",\"@id\":\"https:\\\/\\\/skaitytaknyga.lt\\\/produktas\\\/stebuklu-metas-kaip-tikejimo-galia-prisaukti-sekme\\\/#breadcrumb\",\"itemListElement\":[{\"@type\":\"ListItem\",\"position\":1,\"name\":\"Home\",\"item\":\"https:\\\/\\\/skaitytaknyga.lt\\\/\"},{\"@type\":\"ListItem\",\"position\":2,\"name\":\"Parduotuv\u0117\",\"item\":\"https:\\\/\\\/skaitytaknyga.lt\\\/knygu-parduotuve\\\/\"},{\"@type\":\"ListItem\",\"position\":3,\"name\":\"Stebukl\u0173 metas. Kaip tik\u0117jimo galia pri\u0161aukti s\u0117km\u0119 (yra skaitymo \u017eymi\u0173)\"}]},{\"@type\":\"WebSite\",\"@id\":\"https:\\\/\\\/skaitytaknyga.lt\\\/#website\",\"url\":\"https:\\\/\\\/skaitytaknyga.lt\\\/\",\"name\":\"skaitytaknyga.lt\",\"description\":\"Skaitytaknyga.lt \u2013 tai ma\u017eas \u0161eimos verslas, kuris prasid\u0117jo nuo meil\u0117s knygoms ir siekio i\u0161gelb\u0117ti knygas nuo likimo prie konteinerio. Kas vienam nereikalingas daiktas \u2013 kitam lobis, o mes esame tarpininkai, kurie padeda abiems tapti laimingesniems ???? \u017dinome kaip nelengva i\u0161gyventi ma\u017eiems verslams, tad nuo \u0161iol, \u010dia rasite ir kit\u0173, ma\u017e\u0173 \u0161eim\u0173 versl\u0173, rank\u0173 darbo, dovan\u0173 sau ir artimiesiems.\",\"publisher\":{\"@id\":\"https:\\\/\\\/skaitytaknyga.lt\\\/#organization\"},\"potentialAction\":[{\"@type\":\"SearchAction\",\"target\":{\"@type\":\"EntryPoint\",\"urlTemplate\":\"https:\\\/\\\/skaitytaknyga.lt\\\/?s={search_term_string}\"},\"query-input\":{\"@type\":\"PropertyValueSpecification\",\"valueRequired\":true,\"valueName\":\"search_term_string\"}}],\"inLanguage\":\"en-GB\"},{\"@type\":\"Organization\",\"@id\":\"https:\\\/\\\/skaitytaknyga.lt\\\/#organization\",\"name\":\"skaitytaknyga.lt\",\"url\":\"https:\\\/\\\/skaitytaknyga.lt\\\/\",\"logo\":{\"@type\":\"ImageObject\",\"inLanguage\":\"en-GB\",\"@id\":\"https:\\\/\\\/skaitytaknyga.lt\\\/#\\\/schema\\\/logo\\\/image\\\/\",\"url\":\"https:\\\/\\\/skaitytaknyga.lt\\\/wp-content\\\/uploads\\\/2024\\\/05\\\/cropped-cropped-cropped-02_00843_jt3bggkj1j3HLc7SyY6rEUpg.jpeg\",\"contentUrl\":\"https:\\\/\\\/skaitytaknyga.lt\\\/wp-content\\\/uploads\\\/2024\\\/05\\\/cropped-cropped-cropped-02_00843_jt3bggkj1j3HLc7SyY6rEUpg.jpeg\",\"width\":1600,\"height\":1600,\"caption\":\"skaitytaknyga.lt\"},\"image\":{\"@id\":\"https:\\\/\\\/skaitytaknyga.lt\\\/#\\\/schema\\\/logo\\\/image\\\/\"},\"sameAs\":[\"https:\\\/\\\/www.facebook.com\\\/skaitytaknyga\\\/\"]}]}<\/script>\n<!-- \/ Yoast SEO plugin. -->","yoast_head_json":{"title":"Stebukl\u0173 metas. Kaip tik\u0117jimo galia pri\u0161aukti s\u0117km\u0119 (yra skaitymo \u017eymi\u0173)","description":"Joe Vitale\u00a0knygoje\u00a0\u201eStebukl\u0173 metas\u201c\u00a0pateikiami prakti\u0161ki patarimai, kuriais pasinaudoj\u0119 visi\u0161kai pakeisite ankstesn\u012f po\u017ei\u016br\u012f \u012f pasaul\u012f ir pamatysite","robots":{"index":"index","follow":"follow","max-snippet":"max-snippet:-1","max-image-preview":"max-image-preview:large","max-video-preview":"max-video-preview:-1"},"canonical":"https:\/\/skaitytaknyga.lt\/en\/produktas\/stebuklu-metas-kaip-tikejimo-galia-prisaukti-sekme\/","og_locale":"en_GB","og_type":"article","og_title":"[:lt]Stebukl\u0173 metas. Kaip tik\u0117jimo galia pri\u0161aukti s\u0117km\u0119 (yra skaitymo \u017eymi\u0173)[:] - Skaitytaknyga","og_description":"Joe Vitale\u00a0knygoje\u00a0\u201eStebukl\u0173 metas\u201c\u00a0pateikiami prakti\u0161ki patarimai, kuriais pasinaudoj\u0119 visi\u0161kai pakeisite ankstesn\u012f po\u017ei\u016br\u012f \u012f pasaul\u012f ir pamatysite","og_url":"https:\/\/skaitytaknyga.lt\/en\/produktas\/stebuklu-metas-kaip-tikejimo-galia-prisaukti-sekme\/","og_site_name":"Skaitytaknyga","article_publisher":"https:\/\/www.facebook.com\/skaitytaknyga\/","article_modified_time":"2025-05-19T12:06:06+00:00","og_image":[{"width":500,"height":745,"url":"https:\/\/skaitytaknyga.lt\/wp-content\/uploads\/2025\/03\/Stebuklu-metas.-Kaip-tikejimo-galia-prisaukti-sekme.webp","type":"image\/webp"}],"twitter_card":"summary_large_image","twitter_misc":{"Estimated reading time":"1 minute"},"schema":{"@context":"https:\/\/schema.org","@graph":[{"@type":"WebPage","@id":"https:\/\/skaitytaknyga.lt\/produktas\/stebuklu-metas-kaip-tikejimo-galia-prisaukti-sekme\/","url":"https:\/\/skaitytaknyga.lt\/produktas\/stebuklu-metas-kaip-tikejimo-galia-prisaukti-sekme\/","name":"Stebukl\u0173 metas. Kaip tik\u0117jimo galia pri\u0161aukti s\u0117km\u0119 (yra skaitymo \u017eymi\u0173)","isPartOf":{"@id":"https:\/\/skaitytaknyga.lt\/#website"},"primaryImageOfPage":{"@id":"https:\/\/skaitytaknyga.lt\/produktas\/stebuklu-metas-kaip-tikejimo-galia-prisaukti-sekme\/#primaryimage"},"image":{"@id":"https:\/\/skaitytaknyga.lt\/produktas\/stebuklu-metas-kaip-tikejimo-galia-prisaukti-sekme\/#primaryimage"},"thumbnailUrl":"https:\/\/skaitytaknyga.lt\/wp-content\/uploads\/2025\/03\/Stebuklu-metas.-Kaip-tikejimo-galia-prisaukti-sekme.webp","datePublished":"2025-03-18T18:24:07+00:00","dateModified":"2025-05-19T12:06:06+00:00","description":"Joe Vitale\u00a0knygoje\u00a0\u201eStebukl\u0173 metas\u201c\u00a0pateikiami prakti\u0161ki patarimai, kuriais pasinaudoj\u0119 visi\u0161kai pakeisite ankstesn\u012f po\u017ei\u016br\u012f \u012f pasaul\u012f ir pamatysite","breadcrumb":{"@id":"https:\/\/skaitytaknyga.lt\/produktas\/stebuklu-metas-kaip-tikejimo-galia-prisaukti-sekme\/#breadcrumb"},"inLanguage":"en-GB","potentialAction":[{"@type":"ReadAction","target":["https:\/\/skaitytaknyga.lt\/produktas\/stebuklu-metas-kaip-tikejimo-galia-prisaukti-sekme\/"]}]},{"@type":"ImageObject","inLanguage":"en-GB","@id":"https:\/\/skaitytaknyga.lt\/produktas\/stebuklu-metas-kaip-tikejimo-galia-prisaukti-sekme\/#primaryimage","url":"https:\/\/skaitytaknyga.lt\/wp-content\/uploads\/2025\/03\/Stebuklu-metas.-Kaip-tikejimo-galia-prisaukti-sekme.webp","contentUrl":"https:\/\/skaitytaknyga.lt\/wp-content\/uploads\/2025\/03\/Stebuklu-metas.-Kaip-tikejimo-galia-prisaukti-sekme.webp","width":500,"height":745,"caption":"Stebukl\u0173 metas. Kaip tik\u0117jimo galia pri\u0161aukti s\u0117km\u0119"},{"@type":"BreadcrumbList","@id":"https:\/\/skaitytaknyga.lt\/produktas\/stebuklu-metas-kaip-tikejimo-galia-prisaukti-sekme\/#breadcrumb","itemListElement":[{"@type":"ListItem","position":1,"name":"Home","item":"https:\/\/skaitytaknyga.lt\/"},{"@type":"ListItem","position":2,"name":"Parduotuv\u0117","item":"https:\/\/skaitytaknyga.lt\/knygu-parduotuve\/"},{"@type":"ListItem","position":3,"name":"Stebukl\u0173 metas. Kaip tik\u0117jimo galia pri\u0161aukti s\u0117km\u0119 (yra skaitymo \u017eymi\u0173)"}]},{"@type":"WebSite","@id":"https:\/\/skaitytaknyga.lt\/#website","url":"https:\/\/skaitytaknyga.lt\/","name":"skaitytaknyga.lt","description":"Skaitytaknyga.lt \u2013 tai ma\u017eas \u0161eimos verslas, kuris prasid\u0117jo nuo meil\u0117s knygoms ir siekio i\u0161gelb\u0117ti knygas nuo likimo prie konteinerio. Kas vienam nereikalingas daiktas \u2013 kitam lobis, o mes esame tarpininkai, kurie padeda abiems tapti laimingesniems ???? \u017dinome kaip nelengva i\u0161gyventi ma\u017eiems verslams, tad nuo \u0161iol, \u010dia rasite ir kit\u0173, ma\u017e\u0173 \u0161eim\u0173 versl\u0173, rank\u0173 darbo, dovan\u0173 sau ir artimiesiems.","publisher":{"@id":"https:\/\/skaitytaknyga.lt\/#organization"},"potentialAction":[{"@type":"SearchAction","target":{"@type":"EntryPoint","urlTemplate":"https:\/\/skaitytaknyga.lt\/?s={search_term_string}"},"query-input":{"@type":"PropertyValueSpecification","valueRequired":true,"valueName":"search_term_string"}}],"inLanguage":"en-GB"},{"@type":"Organization","@id":"https:\/\/skaitytaknyga.lt\/#organization","name":"skaitytaknyga.lt","url":"https:\/\/skaitytaknyga.lt\/","logo":{"@type":"ImageObject","inLanguage":"en-GB","@id":"https:\/\/skaitytaknyga.lt\/#\/schema\/logo\/image\/","url":"https:\/\/skaitytaknyga.lt\/wp-content\/uploads\/2024\/05\/cropped-cropped-cropped-02_00843_jt3bggkj1j3HLc7SyY6rEUpg.jpeg","contentUrl":"https:\/\/skaitytaknyga.lt\/wp-content\/uploads\/2024\/05\/cropped-cropped-cropped-02_00843_jt3bggkj1j3HLc7SyY6rEUpg.jpeg","width":1600,"height":1600,"caption":"skaitytaknyga.lt"},"image":{"@id":"https:\/\/skaitytaknyga.lt\/#\/schema\/logo\/image\/"},"sameAs":["https:\/\/www.facebook.com\/skaitytaknyga\/"]}]}},"_links":{"self":[{"href":"https:\/\/skaitytaknyga.lt\/en\/wp-json\/wp\/v2\/product\/17175","targetHints":{"allow":["GET"]}}],"collection":[{"href":"https:\/\/skaitytaknyga.lt\/en\/wp-json\/wp\/v2\/product"}],"about":[{"href":"https:\/\/skaitytaknyga.lt\/en\/wp-json\/wp\/v2\/types\/product"}],"replies":[{"embeddable":true,"href":"https:\/\/skaitytaknyga.lt\/en\/wp-json\/wp\/v2\/comments?post=17175"}],"wp:featuredmedia":[{"embeddable":true,"href":"https:\/\/skaitytaknyga.lt\/en\/wp-json\/wp\/v2\/media\/17176"}],"wp:attachment":[{"href":"https:\/\/skaitytaknyga.lt\/en\/wp-json\/wp\/v2\/media?parent=17175"}],"wp:term":[{"taxonomy":"product_brand","embeddable":true,"href":"https:\/\/skaitytaknyga.lt\/en\/wp-json\/wp\/v2\/product_brand?post=17175"},{"taxonomy":"product_cat","embeddable":true,"href":"https:\/\/skaitytaknyga.lt\/en\/wp-json\/wp\/v2\/product_cat?post=17175"},{"taxonomy":"product_tag","embeddable":true,"href":"https:\/\/skaitytaknyga.lt\/en\/wp-json\/wp\/v2\/product_tag?post=17175"}],"curies":[{"name":"wp","href":"https:\/\/api.w.org\/{rel}","templated":true}]}}