{"id":17110,"date":"2025-03-06T11:14:48","date_gmt":"2025-03-06T09:14:48","guid":{"rendered":"https:\/\/skaitytaknyga.lt\/?post_type=product&#038;p=17110"},"modified":"2026-03-17T11:49:04","modified_gmt":"2026-03-17T09:49:04","slug":"sicilietis","status":"publish","type":"product","link":"https:\/\/skaitytaknyga.lt\/en\/produktas\/sicilietis\/","title":{"rendered":"Sicilietis"},"content":{"rendered":"<p><strong>Mario Puzo meistri\u0161ka saga apie mafij\u0105 ir blog\u012f, pakerinti kraupia mafijos pasaulio magija.<\/strong><\/p>\n<p>\u201eSicilietis\u201d \u2013 romanas apie legendin\u012f Sicilijos didvyr\u012f, paprast\u0173 sicilie\u010di\u0173 gyn\u0117j\u0105 Tur\u012f Giljan\u0105 ir jo bendra\u017eygius. Romanas apie Sicilijos mafij\u0105 ir jos vadus.<\/p>\n<p>Maiklui Korleonei baig\u0117si dvej\u0173 met\u0173 tremtis Sicilijoje, ta\u010diau krik\u0161tat\u0117vis paskyr\u0117 jam nauj\u0105 u\u017eduot\u012f: negr\u012f\u017eti \u012f Amerik\u0105 be \u017emogaus, vardu Salvator\u0117 Giljano.<\/p>\n<p>Giljano \u2013 legenda, vakar\u0173 Sicilijos valstie\u010di\u0173 vadeiva, banditas, kovojantis su korumpuota Italijos vald\u017eia. Ta\u010diau did\u017eiausias jo prie\u0161as \u2013 donas Kro\u010d\u0117, \u017eiaurus mafijos vadas. Pasiprie\u0161inti dono valiai \u2013 vadinasi, paskelbti jam kar\u0105, kuriame pralaim\u0117jusiojo neabejotinai laukia mirtis. \u012e \u0161\u012f aistr\u0173 ir i\u0161davys\u010di\u0173 s\u016bkur\u012f ir pakli\u016bva Maiklas Korleon\u0117. Paslaptis, kuri\u0105 jis netrukus su\u017eino, gali atne\u0161ti net nesvajot\u0105 s\u0117km\u0119, bet ir gresia baisiausiu pavojumi.<\/p>\n<p>Ir v\u0117l Mario Puzo suk\u016br\u0117 meistri\u0161k\u0105 sag\u0105 apie blog\u012f, pakerin\u010di\u0105 kraupia mafijos pasaulio magija.<\/p>\n<ul>\n<li style=\"list-style-type: none;\">\n<ul class=\"about-product d-none d-xl-block mt-4\">\n<li><strong>Autorius:<\/strong>\u00a0Mario Puzo<\/li>\n<li><strong>Leid\u0117jas:<\/strong>\u00a0Alma littera<\/li>\n<li><strong>Metai:<\/strong>\u00a01993<\/li>\n<li><strong>Puslapiai:<\/strong>\u00a0328<\/li>\n<li class=\"toggleable type-new-formats \"><strong>Formatas:<\/strong>\u00a013 x 20 cm, kieti vir\u0161eliai<\/li>\n<li><strong>Kalba:<\/strong>\u00a0Lietuvi\u0173<\/li>\n<li><strong>Vert\u0117jas:<\/strong>\u00a0Vytautas Petrukaitis<\/li>\n<\/ul>\n<\/li>\n<\/ul>\n","protected":false},"excerpt":{"rendered":"<p><strong>Mario Puzo meistri\u0161ka saga apie mafij\u0105 ir blog\u012f, pakerinti kraupia mafijos pasaulio magija.<\/strong><\/p>\n<p>\u201eSicilietis\u201d \u2013 romanas apie legendin\u012f Sicilijos didvyr\u012f, paprast\u0173 sicilie\u010di\u0173 gyn\u0117j\u0105 Tur\u012f Giljan\u0105 ir jo bendra\u017eygius. Romanas apie Sicilijos mafij\u0105 ir jos vadus.<\/p>\n<p>Maiklui Korleonei baig\u0117si dvej\u0173 met\u0173 tremtis Sicilijoje, ta\u010diau krik\u0161tat\u0117vis paskyr\u0117 jam nauj\u0105 u\u017eduot\u012f: negr\u012f\u017eti \u012f Amerik\u0105 be \u017emogaus, vardu Salvator\u0117 Giljano.<\/p>\n<p>Giljano \u2013 legenda, vakar\u0173 Sicilijos valstie\u010di\u0173 vadeiva, banditas, kovojantis su korumpuota Italijos vald\u017eia. Ta\u010diau did\u017eiausias jo prie\u0161as \u2013 donas Kro\u010d\u0117, \u017eiaurus mafijos vadas. Pasiprie\u0161inti dono valiai \u2013 vadinasi, paskelbti jam kar\u0105, kuriame pralaim\u0117jusiojo neabejotinai laukia mirtis. \u012e \u0161\u012f aistr\u0173 ir i\u0161davys\u010di\u0173 s\u016bkur\u012f ir pakli\u016bva Maiklas Korleon\u0117. Paslaptis, kuri\u0105 jis netrukus su\u017eino, gali atne\u0161ti net nesvajot\u0105 s\u0117km\u0119, bet ir gresia baisiausiu pavojumi.<\/p>\n<p>Ir v\u0117l Mario Puzo suk\u016br\u0117 meistri\u0161k\u0105 sag\u0105 apie blog\u012f, pakerin\u010di\u0105 kraupia mafijos pasaulio magija.<\/p>\n","protected":false},"featured_media":17111,"comment_status":"closed","ping_status":"closed","template":"","meta":{"_acf_changed":false,"site-sidebar-layout":"default","site-content-layout":"","ast-site-content-layout":"default","site-content-style":"default","site-sidebar-style":"default","ast-global-header-display":"","ast-banner-title-visibility":"","ast-main-header-display":"","ast-hfb-above-header-display":"","ast-hfb-below-header-display":"","ast-hfb-mobile-header-display":"","site-post-title":"","ast-breadcrumbs-content":"","ast-featured-img":"","footer-sml-layout":"","ast-disable-related-posts":"","theme-transparent-header-meta":"default","adv-header-id-meta":"","stick-header-meta":"","header-above-stick-meta":"","header-main-stick-meta":"","header-below-stick-meta":"","astra-migrate-meta-layouts":"set","ast-page-background-enabled":"default","ast-page-background-meta":{"desktop":{"background-color":"","background-image":"","background-repeat":"repeat","background-position":"center center","background-size":"auto","background-attachment":"scroll","background-type":"","background-media":"","overlay-type":"","overlay-color":"","overlay-opacity":"","overlay-gradient":""},"tablet":{"background-color":"","background-image":"","background-repeat":"repeat","background-position":"center center","background-size":"auto","background-attachment":"scroll","background-type":"","background-media":"","overlay-type":"","overlay-color":"","overlay-opacity":"","overlay-gradient":""},"mobile":{"background-color":"","background-image":"","background-repeat":"repeat","background-position":"center center","background-size":"auto","background-attachment":"scroll","background-type":"","background-media":"","overlay-type":"","overlay-color":"","overlay-opacity":"","overlay-gradient":""}},"ast-content-background-meta":{"desktop":{"background-color":"var(--ast-global-color-4)","background-image":"","background-repeat":"repeat","background-position":"center center","background-size":"auto","background-attachment":"scroll","background-type":"","background-media":"","overlay-type":"","overlay-color":"","overlay-opacity":"","overlay-gradient":""},"tablet":{"background-color":"var(--ast-global-color-4)","background-image":"","background-repeat":"repeat","background-position":"center center","background-size":"auto","background-attachment":"scroll","background-type":"","background-media":"","overlay-type":"","overlay-color":"","overlay-opacity":"","overlay-gradient":""},"mobile":{"background-color":"var(--ast-global-color-4)","background-image":"","background-repeat":"repeat","background-position":"center center","background-size":"auto","background-attachment":"scroll","background-type":"","background-media":"","overlay-type":"","overlay-color":"","overlay-opacity":"","overlay-gradient":""}}},"product_brand":[],"product_cat":[9734],"product_tag":[3164,1728,4027,4028],"class_list":{"0":"post-17110","1":"product","2":"type-product","3":"status-publish","4":"has-post-thumbnail","6":"product_cat-romanai","7":"product_tag-kriminaline-drama","8":"product_tag-mafija","9":"product_tag-mario-puzo","10":"product_tag-saga","11":"desktop-align-left","12":"tablet-align-left","13":"mobile-align-left","15":"first","16":"instock","17":"shipping-taxable","18":"purchasable","19":"product-type-simple"},"acf":[],"yoast_head":"<!-- This site is optimized with the Yoast SEO plugin v27.0 - https:\/\/yoast.com\/product\/yoast-seo-wordpress\/ -->\n<title>Sicilietis<\/title>\n<meta name=\"description\" content=\"Mario Puzo meistri\u0161ka saga apie mafij\u0105 ir blog\u012f, pakerinti kraupia mafijos pasaulio magija.  \u201eSicilietis\u201d \u2013 romanas apie legendin\u012f Sicilijos didvyr\u012f, paprast\u0173 sicilie\u010di\u0173 gyn\u0117j\u0105 Tur\u012f Giljan\u0105 ir jo bendra\u017eygius. Romanas apie Sicilijos mafij\u0105 ir jos vadus.  Maiklui Korleonei baig\u0117si dvej\u0173 met\u0173 tremtis Sicilijoje, ta\u010diau krik\u0161tat\u0117vis paskyr\u0117 jam nauj\u0105 u\u017eduot\u012f: negr\u012f\u017eti \u012f Amerik\u0105 be \u017emogaus, vardu Salvator\u0117 Giljano.  Giljano \u2013 legenda, vakar\u0173 Sicilijos valstie\u010di\u0173 vadeiva, banditas, kovojantis su korumpuota Italijos vald\u017eia. Ta\u010diau did\u017eiausias jo prie\u0161as \u2013 donas Kro\u010d\u0117, \u017eiaurus mafijos vadas. Pasiprie\u0161inti dono valiai \u2013 vadinasi, paskelbti jam kar\u0105, kuriame pralaim\u0117jusiojo neabejotinai laukia mirtis. \u012e \u0161\u012f aistr\u0173 ir i\u0161davys\u010di\u0173 s\u016bkur\u012f ir pakli\u016bva Maiklas Korleon\u0117. Paslaptis, kuri\u0105 jis netrukus su\u017eino, gali atne\u0161ti net nesvajot\u0105 s\u0117km\u0119, bet ir gresia baisiausiu pavojumi.  Ir v\u0117l Mario Puzo suk\u016br\u0117 meistri\u0161k\u0105 sag\u0105 apie blog\u012f, pakerin\u010di\u0105 kraupia mafijos pasaulio magija.\" \/>\n<meta name=\"robots\" content=\"index, follow, max-snippet:-1, max-image-preview:large, max-video-preview:-1\" \/>\n<link rel=\"canonical\" href=\"https:\/\/skaitytaknyga.lt\/en\/produktas\/sicilietis\/\" \/>\n<meta property=\"og:locale\" content=\"en_GB\" \/>\n<meta property=\"og:locale:alternate\" content=\"lt_LT\" \/>\n<meta property=\"og:type\" content=\"article\" \/>\n<meta property=\"og:title\" content=\"Sicilietis\" \/>\n<meta property=\"og:description\" content=\"Mario Puzo meistri\u0161ka saga apie mafij\u0105 ir blog\u012f, pakerinti kraupia mafijos pasaulio magija.  \u201eSicilietis\u201d \u2013 romanas apie legendin\u012f Sicilijos didvyr\u012f, paprast\u0173 sicilie\u010di\u0173 gyn\u0117j\u0105 Tur\u012f Giljan\u0105 ir jo bendra\u017eygius. Romanas apie Sicilijos mafij\u0105 ir jos vadus.  Maiklui Korleonei baig\u0117si dvej\u0173 met\u0173 tremtis Sicilijoje, ta\u010diau krik\u0161tat\u0117vis paskyr\u0117 jam nauj\u0105 u\u017eduot\u012f: negr\u012f\u017eti \u012f Amerik\u0105 be \u017emogaus, vardu Salvator\u0117 Giljano.  Giljano \u2013 legenda, vakar\u0173 Sicilijos valstie\u010di\u0173 vadeiva, banditas, kovojantis su korumpuota Italijos vald\u017eia. Ta\u010diau did\u017eiausias jo prie\u0161as \u2013 donas Kro\u010d\u0117, \u017eiaurus mafijos vadas. Pasiprie\u0161inti dono valiai \u2013 vadinasi, paskelbti jam kar\u0105, kuriame pralaim\u0117jusiojo neabejotinai laukia mirtis. \u012e \u0161\u012f aistr\u0173 ir i\u0161davys\u010di\u0173 s\u016bkur\u012f ir pakli\u016bva Maiklas Korleon\u0117. Paslaptis, kuri\u0105 jis netrukus su\u017eino, gali atne\u0161ti net nesvajot\u0105 s\u0117km\u0119, bet ir gresia baisiausiu pavojumi.  Ir v\u0117l Mario Puzo suk\u016br\u0117 meistri\u0161k\u0105 sag\u0105 apie blog\u012f, pakerin\u010di\u0105 kraupia mafijos pasaulio magija.\" \/>\n<meta property=\"og:url\" content=\"https:\/\/skaitytaknyga.lt\/en\/produktas\/sicilietis\/\" \/>\n<meta property=\"og:site_name\" content=\"Skaitytaknyga\" \/>\n<meta property=\"article:publisher\" content=\"https:\/\/www.facebook.com\/skaitytaknyga\/\" \/>\n<meta property=\"article:modified_time\" content=\"2026-03-17T09:49:04+00:00\" \/>\n<meta property=\"og:image\" content=\"https:\/\/skaitytaknyga.lt\/wp-content\/uploads\/2025\/03\/Sicilietis.webp\" \/>\n\t<meta property=\"og:image:width\" content=\"510\" \/>\n\t<meta property=\"og:image:height\" content=\"800\" \/>\n\t<meta property=\"og:image:type\" content=\"image\/webp\" \/>\n<meta name=\"twitter:card\" content=\"summary_large_image\" \/>\n<meta name=\"twitter:label1\" content=\"Estimated reading time\" \/>\n\t<meta name=\"twitter:data1\" content=\"2 minutes\" \/>\n<script type=\"application\/ld+json\" class=\"yoast-schema-graph\">{\"@context\":\"https:\/\/schema.org\",\"@graph\":[{\"@type\":\"WebPage\",\"@id\":\"https:\/\/skaitytaknyga.lt\/produktas\/sicilietis\/\",\"url\":\"https:\/\/skaitytaknyga.lt\/produktas\/sicilietis\/\",\"name\":\"Sicilietis\",\"isPartOf\":{\"@id\":\"https:\/\/skaitytaknyga.lt\/#website\"},\"primaryImageOfPage\":{\"@id\":\"https:\/\/skaitytaknyga.lt\/produktas\/sicilietis\/#primaryimage\"},\"image\":{\"@id\":\"https:\/\/skaitytaknyga.lt\/produktas\/sicilietis\/#primaryimage\"},\"thumbnailUrl\":\"https:\/\/skaitytaknyga.lt\/wp-content\/uploads\/2025\/03\/Sicilietis.webp\",\"datePublished\":\"2025-03-06T09:14:48+00:00\",\"dateModified\":\"2026-03-17T09:49:04+00:00\",\"description\":\"Mario Puzo meistri\u0161ka saga apie mafij\u0105 ir blog\u012f, pakerinti kraupia mafijos pasaulio magija. \u201eSicilietis\u201d \u2013 romanas apie legendin\u012f Sicilijos didvyr\u012f, paprast\u0173 sicilie\u010di\u0173 gyn\u0117j\u0105 Tur\u012f Giljan\u0105 ir jo bendra\u017eygius. Romanas apie Sicilijos mafij\u0105 ir jos vadus. Maiklui Korleonei baig\u0117si dvej\u0173 met\u0173 tremtis Sicilijoje, ta\u010diau krik\u0161tat\u0117vis paskyr\u0117 jam nauj\u0105 u\u017eduot\u012f: negr\u012f\u017eti \u012f Amerik\u0105 be \u017emogaus, vardu Salvator\u0117 Giljano. Giljano \u2013 legenda, vakar\u0173 Sicilijos valstie\u010di\u0173 vadeiva, banditas, kovojantis su korumpuota Italijos vald\u017eia. Ta\u010diau did\u017eiausias jo prie\u0161as \u2013 donas Kro\u010d\u0117, \u017eiaurus mafijos vadas. Pasiprie\u0161inti dono valiai \u2013 vadinasi, paskelbti jam kar\u0105, kuriame pralaim\u0117jusiojo neabejotinai laukia mirtis. \u012e \u0161\u012f aistr\u0173 ir i\u0161davys\u010di\u0173 s\u016bkur\u012f ir pakli\u016bva Maiklas Korleon\u0117. Paslaptis, kuri\u0105 jis netrukus su\u017eino, gali atne\u0161ti net nesvajot\u0105 s\u0117km\u0119, bet ir gresia baisiausiu pavojumi. Ir v\u0117l Mario Puzo suk\u016br\u0117 meistri\u0161k\u0105 sag\u0105 apie blog\u012f, pakerin\u010di\u0105 kraupia mafijos pasaulio magija.\",\"breadcrumb\":{\"@id\":\"https:\/\/skaitytaknyga.lt\/produktas\/sicilietis\/#breadcrumb\"},\"inLanguage\":\"en-GB\",\"potentialAction\":[{\"@type\":\"ReadAction\",\"target\":[\"https:\/\/skaitytaknyga.lt\/produktas\/sicilietis\/\"]}]},{\"@type\":\"ImageObject\",\"inLanguage\":\"en-GB\",\"@id\":\"https:\/\/skaitytaknyga.lt\/produktas\/sicilietis\/#primaryimage\",\"url\":\"https:\/\/skaitytaknyga.lt\/wp-content\/uploads\/2025\/03\/Sicilietis.webp\",\"contentUrl\":\"https:\/\/skaitytaknyga.lt\/wp-content\/uploads\/2025\/03\/Sicilietis.webp\",\"width\":510,\"height\":800,\"caption\":\"Sicilietis\"},{\"@type\":\"BreadcrumbList\",\"@id\":\"https:\/\/skaitytaknyga.lt\/produktas\/sicilietis\/#breadcrumb\",\"itemListElement\":[{\"@type\":\"ListItem\",\"position\":1,\"name\":\"Home\",\"item\":\"https:\/\/skaitytaknyga.lt\/\"},{\"@type\":\"ListItem\",\"position\":2,\"name\":\"Parduotuv\u0117\",\"item\":\"https:\/\/skaitytaknyga.lt\/knygu-parduotuve\/\"},{\"@type\":\"ListItem\",\"position\":3,\"name\":\"Sicilietis\"}]},{\"@type\":\"WebSite\",\"@id\":\"https:\/\/skaitytaknyga.lt\/#website\",\"url\":\"https:\/\/skaitytaknyga.lt\/\",\"name\":\"skaitytaknyga.lt\",\"description\":\"Skaitytaknyga.lt \u2013 tai ma\u017eas \u0161eimos verslas, kuris prasid\u0117jo nuo meil\u0117s knygoms ir siekio i\u0161gelb\u0117ti knygas nuo likimo prie konteinerio. Kas vienam nereikalingas daiktas \u2013 kitam lobis, o mes esame tarpininkai, kurie padeda abiems tapti laimingesniems ???? \u017dinome kaip nelengva i\u0161gyventi ma\u017eiems verslams, tad nuo \u0161iol, \u010dia rasite ir kit\u0173, ma\u017e\u0173 \u0161eim\u0173 versl\u0173, rank\u0173 darbo, dovan\u0173 sau ir artimiesiems.\",\"publisher\":{\"@id\":\"https:\/\/skaitytaknyga.lt\/#organization\"},\"potentialAction\":[{\"@type\":\"SearchAction\",\"target\":{\"@type\":\"EntryPoint\",\"urlTemplate\":\"https:\/\/skaitytaknyga.lt\/?s={search_term_string}\"},\"query-input\":{\"@type\":\"PropertyValueSpecification\",\"valueRequired\":true,\"valueName\":\"search_term_string\"}}],\"inLanguage\":\"en-GB\"},{\"@type\":\"Organization\",\"@id\":\"https:\/\/skaitytaknyga.lt\/#organization\",\"name\":\"skaitytaknyga.lt\",\"url\":\"https:\/\/skaitytaknyga.lt\/\",\"logo\":{\"@type\":\"ImageObject\",\"inLanguage\":\"en-GB\",\"@id\":\"https:\/\/skaitytaknyga.lt\/#\/schema\/logo\/image\/\",\"url\":\"https:\/\/skaitytaknyga.lt\/wp-content\/uploads\/2024\/05\/cropped-cropped-cropped-02_00843_jt3bggkj1j3HLc7SyY6rEUpg.jpeg\",\"contentUrl\":\"https:\/\/skaitytaknyga.lt\/wp-content\/uploads\/2024\/05\/cropped-cropped-cropped-02_00843_jt3bggkj1j3HLc7SyY6rEUpg.jpeg\",\"width\":1600,\"height\":1600,\"caption\":\"skaitytaknyga.lt\"},\"image\":{\"@id\":\"https:\/\/skaitytaknyga.lt\/#\/schema\/logo\/image\/\"},\"sameAs\":[\"https:\/\/www.facebook.com\/skaitytaknyga\/\"]}]}<\/script>\n<!-- \/ Yoast SEO plugin. -->","yoast_head_json":{"title":"Sicilietis","description":"Mario Puzo meistri\u0161ka saga apie mafij\u0105 ir blog\u012f, pakerinti kraupia mafijos pasaulio magija.  \u201eSicilietis\u201d \u2013 romanas apie legendin\u012f Sicilijos didvyr\u012f, paprast\u0173 sicilie\u010di\u0173 gyn\u0117j\u0105 Tur\u012f Giljan\u0105 ir jo bendra\u017eygius. Romanas apie Sicilijos mafij\u0105 ir jos vadus.  Maiklui Korleonei baig\u0117si dvej\u0173 met\u0173 tremtis Sicilijoje, ta\u010diau krik\u0161tat\u0117vis paskyr\u0117 jam nauj\u0105 u\u017eduot\u012f: negr\u012f\u017eti \u012f Amerik\u0105 be \u017emogaus, vardu Salvator\u0117 Giljano.  Giljano \u2013 legenda, vakar\u0173 Sicilijos valstie\u010di\u0173 vadeiva, banditas, kovojantis su korumpuota Italijos vald\u017eia. Ta\u010diau did\u017eiausias jo prie\u0161as \u2013 donas Kro\u010d\u0117, \u017eiaurus mafijos vadas. Pasiprie\u0161inti dono valiai \u2013 vadinasi, paskelbti jam kar\u0105, kuriame pralaim\u0117jusiojo neabejotinai laukia mirtis. \u012e \u0161\u012f aistr\u0173 ir i\u0161davys\u010di\u0173 s\u016bkur\u012f ir pakli\u016bva Maiklas Korleon\u0117. Paslaptis, kuri\u0105 jis netrukus su\u017eino, gali atne\u0161ti net nesvajot\u0105 s\u0117km\u0119, bet ir gresia baisiausiu pavojumi.  Ir v\u0117l Mario Puzo suk\u016br\u0117 meistri\u0161k\u0105 sag\u0105 apie blog\u012f, pakerin\u010di\u0105 kraupia mafijos pasaulio magija.","robots":{"index":"index","follow":"follow","max-snippet":"max-snippet:-1","max-image-preview":"max-image-preview:large","max-video-preview":"max-video-preview:-1"},"canonical":"https:\/\/skaitytaknyga.lt\/en\/produktas\/sicilietis\/","og_locale":"en_GB","og_type":"article","og_title":"[:lt]Sicilietis[:] - Skaitytaknyga","og_description":"Mario Puzo meistri\u0161ka saga apie mafij\u0105 ir blog\u012f, pakerinti kraupia mafijos pasaulio magija.  \u201eSicilietis\u201d \u2013 romanas apie legendin\u012f Sicilijos didvyr\u012f, paprast\u0173 sicilie\u010di\u0173 gyn\u0117j\u0105 Tur\u012f Giljan\u0105 ir jo bendra\u017eygius. Romanas apie Sicilijos mafij\u0105 ir jos vadus.  Maiklui Korleonei baig\u0117si dvej\u0173 met\u0173 tremtis Sicilijoje, ta\u010diau krik\u0161tat\u0117vis paskyr\u0117 jam nauj\u0105 u\u017eduot\u012f: negr\u012f\u017eti \u012f Amerik\u0105 be \u017emogaus, vardu Salvator\u0117 Giljano.  Giljano \u2013 legenda, vakar\u0173 Sicilijos valstie\u010di\u0173 vadeiva, banditas, kovojantis su korumpuota Italijos vald\u017eia. Ta\u010diau did\u017eiausias jo prie\u0161as \u2013 donas Kro\u010d\u0117, \u017eiaurus mafijos vadas. Pasiprie\u0161inti dono valiai \u2013 vadinasi, paskelbti jam kar\u0105, kuriame pralaim\u0117jusiojo neabejotinai laukia mirtis. \u012e \u0161\u012f aistr\u0173 ir i\u0161davys\u010di\u0173 s\u016bkur\u012f ir pakli\u016bva Maiklas Korleon\u0117. Paslaptis, kuri\u0105 jis netrukus su\u017eino, gali atne\u0161ti net nesvajot\u0105 s\u0117km\u0119, bet ir gresia baisiausiu pavojumi.  Ir v\u0117l Mario Puzo suk\u016br\u0117 meistri\u0161k\u0105 sag\u0105 apie blog\u012f, pakerin\u010di\u0105 kraupia mafijos pasaulio magija.","og_url":"https:\/\/skaitytaknyga.lt\/en\/produktas\/sicilietis\/","og_site_name":"Skaitytaknyga","article_publisher":"https:\/\/www.facebook.com\/skaitytaknyga\/","article_modified_time":"2026-03-17T09:49:04+00:00","og_image":[{"width":510,"height":800,"url":"https:\/\/skaitytaknyga.lt\/wp-content\/uploads\/2025\/03\/Sicilietis.webp","type":"image\/webp"}],"twitter_card":"summary_large_image","twitter_misc":{"Estimated reading time":"2 minutes"},"schema":{"@context":"https:\/\/schema.org","@graph":[{"@type":"WebPage","@id":"https:\/\/skaitytaknyga.lt\/produktas\/sicilietis\/","url":"https:\/\/skaitytaknyga.lt\/produktas\/sicilietis\/","name":"Sicilietis","isPartOf":{"@id":"https:\/\/skaitytaknyga.lt\/#website"},"primaryImageOfPage":{"@id":"https:\/\/skaitytaknyga.lt\/produktas\/sicilietis\/#primaryimage"},"image":{"@id":"https:\/\/skaitytaknyga.lt\/produktas\/sicilietis\/#primaryimage"},"thumbnailUrl":"https:\/\/skaitytaknyga.lt\/wp-content\/uploads\/2025\/03\/Sicilietis.webp","datePublished":"2025-03-06T09:14:48+00:00","dateModified":"2026-03-17T09:49:04+00:00","description":"Mario Puzo meistri\u0161ka saga apie mafij\u0105 ir blog\u012f, pakerinti kraupia mafijos pasaulio magija. \u201eSicilietis\u201d \u2013 romanas apie legendin\u012f Sicilijos didvyr\u012f, paprast\u0173 sicilie\u010di\u0173 gyn\u0117j\u0105 Tur\u012f Giljan\u0105 ir jo bendra\u017eygius. Romanas apie Sicilijos mafij\u0105 ir jos vadus. Maiklui Korleonei baig\u0117si dvej\u0173 met\u0173 tremtis Sicilijoje, ta\u010diau krik\u0161tat\u0117vis paskyr\u0117 jam nauj\u0105 u\u017eduot\u012f: negr\u012f\u017eti \u012f Amerik\u0105 be \u017emogaus, vardu Salvator\u0117 Giljano. Giljano \u2013 legenda, vakar\u0173 Sicilijos valstie\u010di\u0173 vadeiva, banditas, kovojantis su korumpuota Italijos vald\u017eia. Ta\u010diau did\u017eiausias jo prie\u0161as \u2013 donas Kro\u010d\u0117, \u017eiaurus mafijos vadas. Pasiprie\u0161inti dono valiai \u2013 vadinasi, paskelbti jam kar\u0105, kuriame pralaim\u0117jusiojo neabejotinai laukia mirtis. \u012e \u0161\u012f aistr\u0173 ir i\u0161davys\u010di\u0173 s\u016bkur\u012f ir pakli\u016bva Maiklas Korleon\u0117. Paslaptis, kuri\u0105 jis netrukus su\u017eino, gali atne\u0161ti net nesvajot\u0105 s\u0117km\u0119, bet ir gresia baisiausiu pavojumi. Ir v\u0117l Mario Puzo suk\u016br\u0117 meistri\u0161k\u0105 sag\u0105 apie blog\u012f, pakerin\u010di\u0105 kraupia mafijos pasaulio magija.","breadcrumb":{"@id":"https:\/\/skaitytaknyga.lt\/produktas\/sicilietis\/#breadcrumb"},"inLanguage":"en-GB","potentialAction":[{"@type":"ReadAction","target":["https:\/\/skaitytaknyga.lt\/produktas\/sicilietis\/"]}]},{"@type":"ImageObject","inLanguage":"en-GB","@id":"https:\/\/skaitytaknyga.lt\/produktas\/sicilietis\/#primaryimage","url":"https:\/\/skaitytaknyga.lt\/wp-content\/uploads\/2025\/03\/Sicilietis.webp","contentUrl":"https:\/\/skaitytaknyga.lt\/wp-content\/uploads\/2025\/03\/Sicilietis.webp","width":510,"height":800,"caption":"Sicilietis"},{"@type":"BreadcrumbList","@id":"https:\/\/skaitytaknyga.lt\/produktas\/sicilietis\/#breadcrumb","itemListElement":[{"@type":"ListItem","position":1,"name":"Home","item":"https:\/\/skaitytaknyga.lt\/"},{"@type":"ListItem","position":2,"name":"Parduotuv\u0117","item":"https:\/\/skaitytaknyga.lt\/knygu-parduotuve\/"},{"@type":"ListItem","position":3,"name":"Sicilietis"}]},{"@type":"WebSite","@id":"https:\/\/skaitytaknyga.lt\/#website","url":"https:\/\/skaitytaknyga.lt\/","name":"skaitytaknyga.lt","description":"Skaitytaknyga.lt \u2013 tai ma\u017eas \u0161eimos verslas, kuris prasid\u0117jo nuo meil\u0117s knygoms ir siekio i\u0161gelb\u0117ti knygas nuo likimo prie konteinerio. Kas vienam nereikalingas daiktas \u2013 kitam lobis, o mes esame tarpininkai, kurie padeda abiems tapti laimingesniems ???? \u017dinome kaip nelengva i\u0161gyventi ma\u017eiems verslams, tad nuo \u0161iol, \u010dia rasite ir kit\u0173, ma\u017e\u0173 \u0161eim\u0173 versl\u0173, rank\u0173 darbo, dovan\u0173 sau ir artimiesiems.","publisher":{"@id":"https:\/\/skaitytaknyga.lt\/#organization"},"potentialAction":[{"@type":"SearchAction","target":{"@type":"EntryPoint","urlTemplate":"https:\/\/skaitytaknyga.lt\/?s={search_term_string}"},"query-input":{"@type":"PropertyValueSpecification","valueRequired":true,"valueName":"search_term_string"}}],"inLanguage":"en-GB"},{"@type":"Organization","@id":"https:\/\/skaitytaknyga.lt\/#organization","name":"skaitytaknyga.lt","url":"https:\/\/skaitytaknyga.lt\/","logo":{"@type":"ImageObject","inLanguage":"en-GB","@id":"https:\/\/skaitytaknyga.lt\/#\/schema\/logo\/image\/","url":"https:\/\/skaitytaknyga.lt\/wp-content\/uploads\/2024\/05\/cropped-cropped-cropped-02_00843_jt3bggkj1j3HLc7SyY6rEUpg.jpeg","contentUrl":"https:\/\/skaitytaknyga.lt\/wp-content\/uploads\/2024\/05\/cropped-cropped-cropped-02_00843_jt3bggkj1j3HLc7SyY6rEUpg.jpeg","width":1600,"height":1600,"caption":"skaitytaknyga.lt"},"image":{"@id":"https:\/\/skaitytaknyga.lt\/#\/schema\/logo\/image\/"},"sameAs":["https:\/\/www.facebook.com\/skaitytaknyga\/"]}]}},"_links":{"self":[{"href":"https:\/\/skaitytaknyga.lt\/en\/wp-json\/wp\/v2\/product\/17110","targetHints":{"allow":["GET"]}}],"collection":[{"href":"https:\/\/skaitytaknyga.lt\/en\/wp-json\/wp\/v2\/product"}],"about":[{"href":"https:\/\/skaitytaknyga.lt\/en\/wp-json\/wp\/v2\/types\/product"}],"replies":[{"embeddable":true,"href":"https:\/\/skaitytaknyga.lt\/en\/wp-json\/wp\/v2\/comments?post=17110"}],"wp:featuredmedia":[{"embeddable":true,"href":"https:\/\/skaitytaknyga.lt\/en\/wp-json\/wp\/v2\/media\/17111"}],"wp:attachment":[{"href":"https:\/\/skaitytaknyga.lt\/en\/wp-json\/wp\/v2\/media?parent=17110"}],"wp:term":[{"taxonomy":"product_brand","embeddable":true,"href":"https:\/\/skaitytaknyga.lt\/en\/wp-json\/wp\/v2\/product_brand?post=17110"},{"taxonomy":"product_cat","embeddable":true,"href":"https:\/\/skaitytaknyga.lt\/en\/wp-json\/wp\/v2\/product_cat?post=17110"},{"taxonomy":"product_tag","embeddable":true,"href":"https:\/\/skaitytaknyga.lt\/en\/wp-json\/wp\/v2\/product_tag?post=17110"}],"curies":[{"name":"wp","href":"https:\/\/api.w.org\/{rel}","templated":true}]}}