{"id":17098,"date":"2025-03-06T10:59:50","date_gmt":"2025-03-06T08:59:50","guid":{"rendered":"https:\/\/skaitytaknyga.lt\/?post_type=product&#038;p=17098"},"modified":"2025-04-30T14:53:24","modified_gmt":"2025-04-30T11:53:24","slug":"zmogaus-kunas","status":"publish","type":"product","link":"https:\/\/skaitytaknyga.lt\/en\/produktas\/zmogaus-kunas\/","title":{"rendered":"\u017dmogaus k\u016bnas"},"content":{"rendered":"<p><strong>Kas yra \u0161eima? Kod\u0117l kyla karas? Kaip tampama kareiviu?<\/strong><\/p>\n<p>Vir\u0161ila Antonijus Ren\u0117 vadovauja vaikin\u0173 b\u016briui. Vos dvide\u0161imties ser\u017eantas Robertas Jietris \u2013 vienas jauniausi\u0173. Misija Afganistane jam ir daugeliui kit\u0173 pirmas didelis gyvenimo i\u0161bandymas.<\/p>\n<p>I\u0161sek\u0119 nuo kar\u0161\u010dio, kankinami nuobodulio, baim\u0117s ir nuolatin\u0117s gr\u0117sm\u0117s, nors \u0161ioji kasdien atrodo vis ne\u012ftikimesn\u0117, baz\u0117je kareiviai kuria savo gyvenim\u0105: mezga draugystes, veliasi \u012f konfliktus, \u012fsimyli ir visaip stengiasi prasibla\u0161kyti.<\/p>\n<p><strong>Ir tiktai naktimis, i\u0161sities\u0119 ant gult\u0173, jie vis dar nustebinami prisiminim\u0173 i\u0161 ano \u2013 taikaus gyvenimo. Visi\u0161koje tyloje, tiek civilizacijos, tiek gamtos, girdi, kaip plaka j\u0173 \u0161irdis, kaip \u016b\u017eia kiti vidaus organai \u2013 kaip nepaliaujamai veikia\u00a0<\/strong><strong><em>\u017emogaus k\u016bnas<\/em><\/strong><strong>.<\/strong><\/p>\n<p>Jie dar ne\u017eino, kad yra atsi\u0173sti \u012f vien\u0105 pavojingiausi\u0173 konflikto zon\u0173: \u201esm\u0117lio d\u0117\u017e\u0119, kurioje nuolat nutinka nelaimi\u0173\u201c, kur, regis, nieko n\u0117ra, vien dulk\u0117s, kur dienos \u0161viesa tokia ry\u0161ki, jog sukelia konjunktyvit\u0105, o naktimis lempos nedegamos, kad neb\u016btum ap\u0161audytas i\u0161 minosvaid\u017ei\u0173.<\/p>\n<p>\u012e\u017eeng\u0119 \u012f prie\u0161o teritorij\u0105, jie priims sprendimus, nulemsian\u010dius tragi\u0161kus \u012fvykius, ir tie, kas liks gyvi, d\u0117l j\u0173 vis\u0105 gyvenim\u0105 jaus kalt\u0119. Sl\u0117nyje patirtas siaubas traumuos ir jau niekas nebebus kaip anks\u010diau. N\u0117 vienas i\u0161 j\u0173 nepamir\u0161, kas ir kod\u0117l t\u0105dien nutiko dykumoje. Gr\u012f\u017e\u0119 i\u0161 u\u017eduoties, jie nei\u0161vengiamai bus kirt\u0119 linij\u0105, skirian\u010di\u0105 jaunyst\u0119 ir brand\u0105.<\/p>\n<p><strong>Paolo Giordano<\/strong>\u00a0(Paolas D\u017eordanas) i\u0161gars\u0117jo debiutiniu romanu \u201ePirmini\u0173 skai\u010di\u0173 vienatv\u0117\u201c (\u201eAlma littera\u201c, 2011 m.). Knyga greitai i\u0161populiar\u0117jo, buvo i\u0161spausdinta daugiau nei keturiasde\u0161imtyje \u0161ali\u0173. \u0160i knyga ekranizuota, filmas rodytas ir \u201eKino pavasario\u201c festivalyje Lietuvoje.<\/p>\n","protected":false},"excerpt":{"rendered":"<p>Kas yra \u0161eima? Kod\u0117l kyla karas? Kaip tampama kareiviu? Vir\u0161ila Antonijus Ren\u0117 vadovauja vaikin\u0173 b\u016briui. Vos dvide\u0161imties ser\u017eantas Robertas Jietris \u2013 vienas jauniausi\u0173. Misija Afganistane jam ir daugeliui kit\u0173 pirmas didelis gyvenimo i\u0161bandymas. I\u0161sek\u0119 nuo kar\u0161\u010dio, kankinami nuobodulio, baim\u0117s ir nuolatin\u0117s gr\u0117sm\u0117s, nors \u0161ioji kasdien atrodo vis ne\u012ftikimesn\u0117, baz\u0117je kareiviai kuria savo gyvenim\u0105: mezga draugystes, veliasi \u012f konfliktus, \u012fsimyli ir visaip stengiasi prasibla\u0161kyti. Ir tiktai naktimis, i\u0161sities\u0119 ant gult\u0173, jie vis dar nustebinami prisiminim\u0173 i\u0161 ano \u2013 taikaus gyvenimo. Visi\u0161koje tyloje, tiek civilizacijos, tiek gamtos, girdi, kaip plaka j\u0173 \u0161irdis, kaip \u016b\u017eia kiti vidaus organai \u2013 kaip nepaliaujamai veikia\u00a0\u017emogaus k\u016bnas. Jie dar ne\u017eino, kad yra atsi\u0173sti \u012f vien\u0105 pavojingiausi\u0173 konflikto zon\u0173: \u201esm\u0117lio d\u0117\u017e\u0119, kurioje nuolat nutinka nelaimi\u0173\u201c, kur, regis, nieko n\u0117ra, vien dulk\u0117s, kur dienos \u0161viesa tokia ry\u0161ki, jog sukelia konjunktyvit\u0105, o naktimis lempos nedegamos, kad neb\u016btum ap\u0161audytas i\u0161 minosvaid\u017ei\u0173. \u012e\u017eeng\u0119 \u012f prie\u0161o teritorij\u0105, jie priims sprendimus, nulemsian\u010dius tragi\u0161kus \u012fvykius, ir tie, kas liks gyvi, d\u0117l j\u0173 vis\u0105 gyvenim\u0105 jaus kalt\u0119. Sl\u0117nyje patirtas siaubas traumuos ir jau niekas nebebus kaip anks\u010diau. N\u0117 vienas i\u0161 j\u0173 nepamir\u0161, kas ir kod\u0117l t\u0105dien nutiko dykumoje. Gr\u012f\u017e\u0119 i\u0161 u\u017eduoties, jie nei\u0161vengiamai bus kirt\u0119 linij\u0105, skirian\u010di\u0105 jaunyst\u0119 ir brand\u0105. Paolo Giordano\u00a0(Paolas D\u017eordanas) i\u0161gars\u0117jo debiutiniu romanu \u201ePirmini\u0173 skai\u010di\u0173 vienatv\u0117\u201c (\u201eAlma littera\u201c, 2011 m.). Knyga greitai i\u0161populiar\u0117jo, buvo i\u0161spausdinta daugiau nei keturiasde\u0161imtyje \u0161ali\u0173. \u0160i knyga ekranizuota, filmas rodytas ir \u201eKino pavasario\u201c festivalyje Lietuvoje.<\/p>\n","protected":false},"featured_media":17099,"comment_status":"open","ping_status":"closed","template":"","meta":{"_acf_changed":false,"site-sidebar-layout":"default","site-content-layout":"","ast-site-content-layout":"default","site-content-style":"default","site-sidebar-style":"default","ast-global-header-display":"","ast-banner-title-visibility":"","ast-main-header-display":"","ast-hfb-above-header-display":"","ast-hfb-below-header-display":"","ast-hfb-mobile-header-display":"","site-post-title":"","ast-breadcrumbs-content":"","ast-featured-img":"","footer-sml-layout":"","ast-disable-related-posts":"","theme-transparent-header-meta":"default","adv-header-id-meta":"","stick-header-meta":"","header-above-stick-meta":"","header-main-stick-meta":"","header-below-stick-meta":"","astra-migrate-meta-layouts":"set","ast-page-background-enabled":"default","ast-page-background-meta":{"desktop":{"background-color":"","background-image":"","background-repeat":"repeat","background-position":"center center","background-size":"auto","background-attachment":"scroll","background-type":"","background-media":"","overlay-type":"","overlay-color":"","overlay-opacity":"","overlay-gradient":""},"tablet":{"background-color":"","background-image":"","background-repeat":"repeat","background-position":"center center","background-size":"auto","background-attachment":"scroll","background-type":"","background-media":"","overlay-type":"","overlay-color":"","overlay-opacity":"","overlay-gradient":""},"mobile":{"background-color":"","background-image":"","background-repeat":"repeat","background-position":"center center","background-size":"auto","background-attachment":"scroll","background-type":"","background-media":"","overlay-type":"","overlay-color":"","overlay-opacity":"","overlay-gradient":""}},"ast-content-background-meta":{"desktop":{"background-color":"var(--ast-global-color-4)","background-image":"","background-repeat":"repeat","background-position":"center center","background-size":"auto","background-attachment":"scroll","background-type":"","background-media":"","overlay-type":"","overlay-color":"","overlay-opacity":"","overlay-gradient":""},"tablet":{"background-color":"var(--ast-global-color-4)","background-image":"","background-repeat":"repeat","background-position":"center center","background-size":"auto","background-attachment":"scroll","background-type":"","background-media":"","overlay-type":"","overlay-color":"","overlay-opacity":"","overlay-gradient":""},"mobile":{"background-color":"var(--ast-global-color-4)","background-image":"","background-repeat":"repeat","background-position":"center center","background-size":"auto","background-attachment":"scroll","background-type":"","background-media":"","overlay-type":"","overlay-color":"","overlay-opacity":"","overlay-gradient":""}}},"product_brand":[],"product_cat":[31,15],"product_tag":[1273],"class_list":{"0":"post-17098","1":"product","2":"type-product","3":"status-publish","4":"has-post-thumbnail","6":"product_cat-grozine-literatura","7":"product_cat-uncategorized","8":"product_tag-paolo-giordano","9":"desktop-align-left","10":"tablet-align-left","11":"mobile-align-left","13":"first","14":"instock","15":"shipping-taxable","16":"purchasable","17":"product-type-simple"},"acf":[],"yoast_head":"<!-- This site is optimized with the Yoast SEO plugin v27.0 - https:\/\/yoast.com\/product\/yoast-seo-wordpress\/ -->\n<title>\u017dmogaus k\u016bnas<\/title>\n<meta name=\"description\" content=\"Kas yra \u0161eima? Kod\u0117l kyla karas? Kaip tampama kareiviu? Vir\u0161ila Antonijus Ren\u0117 vadovauja vaikin\u0173 b\u016briui. Vos dvide\u0161imties ser\u017eantas Robertas Jietris \u2013\" \/>\n<meta name=\"robots\" content=\"index, follow, max-snippet:-1, max-image-preview:large, max-video-preview:-1\" \/>\n<link rel=\"canonical\" href=\"https:\/\/skaitytaknyga.lt\/en\/produktas\/zmogaus-kunas\/\" \/>\n<meta property=\"og:locale\" content=\"en_GB\" \/>\n<meta property=\"og:locale:alternate\" content=\"lt_LT\" \/>\n<meta property=\"og:type\" content=\"article\" \/>\n<meta property=\"og:title\" content=\"\u017dmogaus k\u016bnas\" \/>\n<meta property=\"og:description\" content=\"Kas yra \u0161eima? Kod\u0117l kyla karas? Kaip tampama kareiviu? Vir\u0161ila Antonijus Ren\u0117 vadovauja vaikin\u0173 b\u016briui. Vos dvide\u0161imties ser\u017eantas Robertas Jietris \u2013\" \/>\n<meta property=\"og:url\" content=\"https:\/\/skaitytaknyga.lt\/en\/produktas\/zmogaus-kunas\/\" \/>\n<meta property=\"og:site_name\" content=\"Skaitytaknyga\" \/>\n<meta property=\"article:publisher\" content=\"https:\/\/www.facebook.com\/skaitytaknyga\/\" \/>\n<meta property=\"article:modified_time\" content=\"2025-04-30T11:53:24+00:00\" \/>\n<meta property=\"og:image\" content=\"https:\/\/skaitytaknyga.lt\/wp-content\/uploads\/2025\/03\/Zmogaus-kunas.webp\" \/>\n\t<meta property=\"og:image:width\" content=\"500\" \/>\n\t<meta property=\"og:image:height\" content=\"745\" \/>\n\t<meta property=\"og:image:type\" content=\"image\/webp\" \/>\n<meta name=\"twitter:card\" content=\"summary_large_image\" \/>\n<meta name=\"twitter:label1\" content=\"Estimated reading time\" \/>\n\t<meta name=\"twitter:data1\" content=\"2 minutes\" \/>\n<script type=\"application\/ld+json\" class=\"yoast-schema-graph\">{\"@context\":\"https:\/\/schema.org\",\"@graph\":[{\"@type\":\"WebPage\",\"@id\":\"https:\/\/skaitytaknyga.lt\/produktas\/zmogaus-kunas\/\",\"url\":\"https:\/\/skaitytaknyga.lt\/produktas\/zmogaus-kunas\/\",\"name\":\"\u017dmogaus k\u016bnas\",\"isPartOf\":{\"@id\":\"https:\/\/skaitytaknyga.lt\/#website\"},\"primaryImageOfPage\":{\"@id\":\"https:\/\/skaitytaknyga.lt\/produktas\/zmogaus-kunas\/#primaryimage\"},\"image\":{\"@id\":\"https:\/\/skaitytaknyga.lt\/produktas\/zmogaus-kunas\/#primaryimage\"},\"thumbnailUrl\":\"https:\/\/skaitytaknyga.lt\/wp-content\/uploads\/2025\/03\/Zmogaus-kunas.webp\",\"datePublished\":\"2025-03-06T08:59:50+00:00\",\"dateModified\":\"2025-04-30T11:53:24+00:00\",\"description\":\"Kas yra \u0161eima? Kod\u0117l kyla karas? Kaip tampama kareiviu? Vir\u0161ila Antonijus Ren\u0117 vadovauja vaikin\u0173 b\u016briui. Vos dvide\u0161imties ser\u017eantas Robertas Jietris \u2013\",\"breadcrumb\":{\"@id\":\"https:\/\/skaitytaknyga.lt\/produktas\/zmogaus-kunas\/#breadcrumb\"},\"inLanguage\":\"en-GB\",\"potentialAction\":[{\"@type\":\"ReadAction\",\"target\":[\"https:\/\/skaitytaknyga.lt\/produktas\/zmogaus-kunas\/\"]}]},{\"@type\":\"ImageObject\",\"inLanguage\":\"en-GB\",\"@id\":\"https:\/\/skaitytaknyga.lt\/produktas\/zmogaus-kunas\/#primaryimage\",\"url\":\"https:\/\/skaitytaknyga.lt\/wp-content\/uploads\/2025\/03\/Zmogaus-kunas.webp\",\"contentUrl\":\"https:\/\/skaitytaknyga.lt\/wp-content\/uploads\/2025\/03\/Zmogaus-kunas.webp\",\"width\":500,\"height\":745,\"caption\":\"\u017dmogaus k\u016bnas\"},{\"@type\":\"BreadcrumbList\",\"@id\":\"https:\/\/skaitytaknyga.lt\/produktas\/zmogaus-kunas\/#breadcrumb\",\"itemListElement\":[{\"@type\":\"ListItem\",\"position\":1,\"name\":\"Home\",\"item\":\"https:\/\/skaitytaknyga.lt\/\"},{\"@type\":\"ListItem\",\"position\":2,\"name\":\"Parduotuv\u0117\",\"item\":\"https:\/\/skaitytaknyga.lt\/knygu-parduotuve\/\"},{\"@type\":\"ListItem\",\"position\":3,\"name\":\"\u017dmogaus k\u016bnas\"}]},{\"@type\":\"WebSite\",\"@id\":\"https:\/\/skaitytaknyga.lt\/#website\",\"url\":\"https:\/\/skaitytaknyga.lt\/\",\"name\":\"skaitytaknyga.lt\",\"description\":\"Skaitytaknyga.lt \u2013 tai ma\u017eas \u0161eimos verslas, kuris prasid\u0117jo nuo meil\u0117s knygoms ir siekio i\u0161gelb\u0117ti knygas nuo likimo prie konteinerio. Kas vienam nereikalingas daiktas \u2013 kitam lobis, o mes esame tarpininkai, kurie padeda abiems tapti laimingesniems ???? \u017dinome kaip nelengva i\u0161gyventi ma\u017eiems verslams, tad nuo \u0161iol, \u010dia rasite ir kit\u0173, ma\u017e\u0173 \u0161eim\u0173 versl\u0173, rank\u0173 darbo, dovan\u0173 sau ir artimiesiems.\",\"publisher\":{\"@id\":\"https:\/\/skaitytaknyga.lt\/#organization\"},\"potentialAction\":[{\"@type\":\"SearchAction\",\"target\":{\"@type\":\"EntryPoint\",\"urlTemplate\":\"https:\/\/skaitytaknyga.lt\/?s={search_term_string}\"},\"query-input\":{\"@type\":\"PropertyValueSpecification\",\"valueRequired\":true,\"valueName\":\"search_term_string\"}}],\"inLanguage\":\"en-GB\"},{\"@type\":\"Organization\",\"@id\":\"https:\/\/skaitytaknyga.lt\/#organization\",\"name\":\"skaitytaknyga.lt\",\"url\":\"https:\/\/skaitytaknyga.lt\/\",\"logo\":{\"@type\":\"ImageObject\",\"inLanguage\":\"en-GB\",\"@id\":\"https:\/\/skaitytaknyga.lt\/#\/schema\/logo\/image\/\",\"url\":\"https:\/\/skaitytaknyga.lt\/wp-content\/uploads\/2024\/05\/cropped-cropped-cropped-02_00843_jt3bggkj1j3HLc7SyY6rEUpg.jpeg\",\"contentUrl\":\"https:\/\/skaitytaknyga.lt\/wp-content\/uploads\/2024\/05\/cropped-cropped-cropped-02_00843_jt3bggkj1j3HLc7SyY6rEUpg.jpeg\",\"width\":1600,\"height\":1600,\"caption\":\"skaitytaknyga.lt\"},\"image\":{\"@id\":\"https:\/\/skaitytaknyga.lt\/#\/schema\/logo\/image\/\"},\"sameAs\":[\"https:\/\/www.facebook.com\/skaitytaknyga\/\"]}]}<\/script>\n<!-- \/ Yoast SEO plugin. -->","yoast_head_json":{"title":"\u017dmogaus k\u016bnas","description":"Kas yra \u0161eima? Kod\u0117l kyla karas? Kaip tampama kareiviu? Vir\u0161ila Antonijus Ren\u0117 vadovauja vaikin\u0173 b\u016briui. Vos dvide\u0161imties ser\u017eantas Robertas Jietris \u2013","robots":{"index":"index","follow":"follow","max-snippet":"max-snippet:-1","max-image-preview":"max-image-preview:large","max-video-preview":"max-video-preview:-1"},"canonical":"https:\/\/skaitytaknyga.lt\/en\/produktas\/zmogaus-kunas\/","og_locale":"en_GB","og_type":"article","og_title":"[:lt]\u017dmogaus k\u016bnas[:] - Skaitytaknyga","og_description":"Kas yra \u0161eima? Kod\u0117l kyla karas? Kaip tampama kareiviu? Vir\u0161ila Antonijus Ren\u0117 vadovauja vaikin\u0173 b\u016briui. Vos dvide\u0161imties ser\u017eantas Robertas Jietris \u2013","og_url":"https:\/\/skaitytaknyga.lt\/en\/produktas\/zmogaus-kunas\/","og_site_name":"Skaitytaknyga","article_publisher":"https:\/\/www.facebook.com\/skaitytaknyga\/","article_modified_time":"2025-04-30T11:53:24+00:00","og_image":[{"width":500,"height":745,"url":"https:\/\/skaitytaknyga.lt\/wp-content\/uploads\/2025\/03\/Zmogaus-kunas.webp","type":"image\/webp"}],"twitter_card":"summary_large_image","twitter_misc":{"Estimated reading time":"2 minutes"},"schema":{"@context":"https:\/\/schema.org","@graph":[{"@type":"WebPage","@id":"https:\/\/skaitytaknyga.lt\/produktas\/zmogaus-kunas\/","url":"https:\/\/skaitytaknyga.lt\/produktas\/zmogaus-kunas\/","name":"\u017dmogaus k\u016bnas","isPartOf":{"@id":"https:\/\/skaitytaknyga.lt\/#website"},"primaryImageOfPage":{"@id":"https:\/\/skaitytaknyga.lt\/produktas\/zmogaus-kunas\/#primaryimage"},"image":{"@id":"https:\/\/skaitytaknyga.lt\/produktas\/zmogaus-kunas\/#primaryimage"},"thumbnailUrl":"https:\/\/skaitytaknyga.lt\/wp-content\/uploads\/2025\/03\/Zmogaus-kunas.webp","datePublished":"2025-03-06T08:59:50+00:00","dateModified":"2025-04-30T11:53:24+00:00","description":"Kas yra \u0161eima? Kod\u0117l kyla karas? Kaip tampama kareiviu? Vir\u0161ila Antonijus Ren\u0117 vadovauja vaikin\u0173 b\u016briui. Vos dvide\u0161imties ser\u017eantas Robertas Jietris \u2013","breadcrumb":{"@id":"https:\/\/skaitytaknyga.lt\/produktas\/zmogaus-kunas\/#breadcrumb"},"inLanguage":"en-GB","potentialAction":[{"@type":"ReadAction","target":["https:\/\/skaitytaknyga.lt\/produktas\/zmogaus-kunas\/"]}]},{"@type":"ImageObject","inLanguage":"en-GB","@id":"https:\/\/skaitytaknyga.lt\/produktas\/zmogaus-kunas\/#primaryimage","url":"https:\/\/skaitytaknyga.lt\/wp-content\/uploads\/2025\/03\/Zmogaus-kunas.webp","contentUrl":"https:\/\/skaitytaknyga.lt\/wp-content\/uploads\/2025\/03\/Zmogaus-kunas.webp","width":500,"height":745,"caption":"\u017dmogaus k\u016bnas"},{"@type":"BreadcrumbList","@id":"https:\/\/skaitytaknyga.lt\/produktas\/zmogaus-kunas\/#breadcrumb","itemListElement":[{"@type":"ListItem","position":1,"name":"Home","item":"https:\/\/skaitytaknyga.lt\/"},{"@type":"ListItem","position":2,"name":"Parduotuv\u0117","item":"https:\/\/skaitytaknyga.lt\/knygu-parduotuve\/"},{"@type":"ListItem","position":3,"name":"\u017dmogaus k\u016bnas"}]},{"@type":"WebSite","@id":"https:\/\/skaitytaknyga.lt\/#website","url":"https:\/\/skaitytaknyga.lt\/","name":"skaitytaknyga.lt","description":"Skaitytaknyga.lt \u2013 tai ma\u017eas \u0161eimos verslas, kuris prasid\u0117jo nuo meil\u0117s knygoms ir siekio i\u0161gelb\u0117ti knygas nuo likimo prie konteinerio. Kas vienam nereikalingas daiktas \u2013 kitam lobis, o mes esame tarpininkai, kurie padeda abiems tapti laimingesniems ???? \u017dinome kaip nelengva i\u0161gyventi ma\u017eiems verslams, tad nuo \u0161iol, \u010dia rasite ir kit\u0173, ma\u017e\u0173 \u0161eim\u0173 versl\u0173, rank\u0173 darbo, dovan\u0173 sau ir artimiesiems.","publisher":{"@id":"https:\/\/skaitytaknyga.lt\/#organization"},"potentialAction":[{"@type":"SearchAction","target":{"@type":"EntryPoint","urlTemplate":"https:\/\/skaitytaknyga.lt\/?s={search_term_string}"},"query-input":{"@type":"PropertyValueSpecification","valueRequired":true,"valueName":"search_term_string"}}],"inLanguage":"en-GB"},{"@type":"Organization","@id":"https:\/\/skaitytaknyga.lt\/#organization","name":"skaitytaknyga.lt","url":"https:\/\/skaitytaknyga.lt\/","logo":{"@type":"ImageObject","inLanguage":"en-GB","@id":"https:\/\/skaitytaknyga.lt\/#\/schema\/logo\/image\/","url":"https:\/\/skaitytaknyga.lt\/wp-content\/uploads\/2024\/05\/cropped-cropped-cropped-02_00843_jt3bggkj1j3HLc7SyY6rEUpg.jpeg","contentUrl":"https:\/\/skaitytaknyga.lt\/wp-content\/uploads\/2024\/05\/cropped-cropped-cropped-02_00843_jt3bggkj1j3HLc7SyY6rEUpg.jpeg","width":1600,"height":1600,"caption":"skaitytaknyga.lt"},"image":{"@id":"https:\/\/skaitytaknyga.lt\/#\/schema\/logo\/image\/"},"sameAs":["https:\/\/www.facebook.com\/skaitytaknyga\/"]}]}},"_links":{"self":[{"href":"https:\/\/skaitytaknyga.lt\/en\/wp-json\/wp\/v2\/product\/17098","targetHints":{"allow":["GET"]}}],"collection":[{"href":"https:\/\/skaitytaknyga.lt\/en\/wp-json\/wp\/v2\/product"}],"about":[{"href":"https:\/\/skaitytaknyga.lt\/en\/wp-json\/wp\/v2\/types\/product"}],"replies":[{"embeddable":true,"href":"https:\/\/skaitytaknyga.lt\/en\/wp-json\/wp\/v2\/comments?post=17098"}],"wp:featuredmedia":[{"embeddable":true,"href":"https:\/\/skaitytaknyga.lt\/en\/wp-json\/wp\/v2\/media\/17099"}],"wp:attachment":[{"href":"https:\/\/skaitytaknyga.lt\/en\/wp-json\/wp\/v2\/media?parent=17098"}],"wp:term":[{"taxonomy":"product_brand","embeddable":true,"href":"https:\/\/skaitytaknyga.lt\/en\/wp-json\/wp\/v2\/product_brand?post=17098"},{"taxonomy":"product_cat","embeddable":true,"href":"https:\/\/skaitytaknyga.lt\/en\/wp-json\/wp\/v2\/product_cat?post=17098"},{"taxonomy":"product_tag","embeddable":true,"href":"https:\/\/skaitytaknyga.lt\/en\/wp-json\/wp\/v2\/product_tag?post=17098"}],"curies":[{"name":"wp","href":"https:\/\/api.w.org\/{rel}","templated":true}]}}