{"id":17087,"date":"2025-03-06T10:48:19","date_gmt":"2025-03-06T08:48:19","guid":{"rendered":"https:\/\/skaitytaknyga.lt\/?post_type=product&#038;p=17087"},"modified":"2026-03-17T11:49:04","modified_gmt":"2026-03-17T09:49:04","slug":"dievo-namai","status":"publish","type":"product","link":"https:\/\/skaitytaknyga.lt\/en\/produktas\/dievo-namai\/","title":{"rendered":"Dievo namai"},"content":{"rendered":"<p>\u201eNe\u012ftikimas paradoksas: gydytojo profesija taip nu\u017emogina, bet j\u0105 taip did\u017eiai vertina visuomen\u0117.&#8221;<\/p>\n<p><strong>Samuelis Shemas<\/strong>\u00a0(tikroji pavard\u0117\u00a0<strong>Steve&#8217;as Bergmanas<\/strong>) studijavo medicin\u0105 Harvarde ir Oksforde, o 1978 m. i\u0161leido autenti\u0161ka patirtimi Bostono ligonin\u0117je paremt\u0105 roman\u0105\u00a0<strong>\u201eDievo namai&#8221;<\/strong>.<\/p>\n<p>Romanas, i\u0161 prad\u017ei\u0173 sutiktas mirtina tyla, netruko sukelti tikr\u0105 nuomoni\u0173 audr\u0105 ir virto milijoniniu bestseleriu Amerikoje ir Europoje.<strong>\u00a0\u201eDievo namai&#8221;<\/strong>\u00a0&#8211; amerikie\u010di\u0173 literat\u016bros klasika, ir t\u016bkstan\u010diai medik\u0173 sako: \u201eNeperskait\u0119s \u0161ios knygos, negali stoti \u012f medicinos mokykl\u0105, o \u012fstojusiems (vis d\u0117lto) ji &#8211; medik\u0173 biblija&#8221;.<\/p>\n<p>Tai knyga, demitologizuojanti \u0161iuolaikin\u0119 medicin\u0105 ir atskleid\u017eianti operacini\u0173 u\u017ekulisius. Tai gilus pj\u016bvis, kartu &#8211; labai juokingas, jaudinantis pasakojimas apie gydytoj\u0173 intern\u0173 pirmuosius savaranki\u0161ko darbo metus. Internai i\u0161 studij\u0173 vir\u0161\u016bn\u0117s nusileid\u017eia \u012f ligonini\u0173 apa\u010dias; jie \u012fsivaizdavo es\u0105 visagaliai, o pal\u016b\u017eta susid\u016br\u0119 su ne\u012fsivaizduota realybe. Ir gydytojai, ir ligoniai tampa aukomis imperatyvo: \u201eKas gali b\u016bti daroma, turi b\u016bti daroma, nes t\u0105 galima padaryti&#8221;.<\/p>\n<p><strong>S. Bergmanas<\/strong>\u00a0po\u00a0<strong>\u201eDievo nam\u0173&#8221;<\/strong>\u00a0triumfo i\u0161\u0117jo \u012f vie\u0161um\u0105, skait\u0117 paskaitas tema \u201eKaip i\u0161likti \u017emogi\u0161kam medicinoje&#8221; ir iki \u0161iol audrina visuomen\u0119 atviru po\u017ei\u016briu \u012f gydymo etikos problemas, gydytojo ir paciento santykius. Pastaraisiais metais skaito psichiatrijos kurs\u0105 Harvarde, dirba praktin\u012f darb\u0105 (specializuojasi gydyti alkoholikus) ir kartu su \u017emona ra\u0161o itin populiarias pjeses teatrui \u201eoff-Broadway&#8221;. Apie save sako: \u201eDid\u017eiausia dovana, koki\u0105 esu gav\u0119s kaip ra\u0161ytojas, yra geb\u0117jimas priversti juoktis&#8221;.<\/p>\n<ul class=\"about-product d-none d-xl-block mt-4\">\n<li><strong>Originalus pavadinimas:<\/strong>\u00a0The House of God<\/li>\n<li><strong>Autorius:<\/strong>\u00a0Samuelis Shemas<\/li>\n<li><strong>Leid\u0117jas:<\/strong>\u00a0Tyto alba<\/li>\n<li><strong>Metai:<\/strong>\u00a02016<\/li>\n<li><strong>Puslapiai:<\/strong>\u00a0432<\/li>\n<li class=\"toggleable type-new-formats \"><strong>ISBN:<\/strong>\u00a09786094661556<\/li>\n<li><strong>Versijos kodas:<\/strong>\u00a0PT.<\/li>\n<li class=\"toggleable type-new-formats \"><strong>Formatas:<\/strong>\u00a014,8 x 22,1 cm, kieti vir\u0161eliai<\/li>\n<li><strong>Kalba:<\/strong>\u00a0Lietuvi\u0173<\/li>\n<li><strong>Vert\u0117jas:<\/strong>\u00a0Vytautas Petrukaitis<\/li>\n<\/ul>\n","protected":false},"excerpt":{"rendered":"<p>\u201eNe\u012ftikimas paradoksas: gydytojo profesija taip nu\u017emogina, bet j\u0105 taip did\u017eiai vertina visuomen\u0117.&#8221; Samuelis Shemas\u00a0(tikroji pavard\u0117\u00a0Steve&#8217;as Bergmanas) studijavo medicin\u0105 Harvarde ir Oksforde, o 1978 m. i\u0161leido autenti\u0161ka patirtimi Bostono ligonin\u0117je paremt\u0105 roman\u0105\u00a0\u201eDievo namai&#8221;. Romanas, i\u0161 prad\u017ei\u0173 sutiktas mirtina tyla, netruko sukelti tikr\u0105 nuomoni\u0173 audr\u0105 ir virto milijoniniu bestseleriu Amerikoje ir Europoje.\u00a0\u201eDievo namai&#8221;\u00a0&#8211; amerikie\u010di\u0173 literat\u016bros klasika, ir t\u016bkstan\u010diai medik\u0173 sako: \u201eNeperskait\u0119s \u0161ios knygos, negali stoti \u012f medicinos mokykl\u0105, o \u012fstojusiems (vis d\u0117lto) ji &#8211; medik\u0173 biblija&#8221;. Tai knyga, demitologizuojanti \u0161iuolaikin\u0119 medicin\u0105 ir atskleid\u017eianti operacini\u0173 u\u017ekulisius. Tai gilus pj\u016bvis, kartu &#8211; labai juokingas, jaudinantis pasakojimas apie gydytoj\u0173 intern\u0173 pirmuosius savaranki\u0161ko darbo metus. Internai i\u0161 studij\u0173 vir\u0161\u016bn\u0117s nusileid\u017eia \u012f ligonini\u0173 apa\u010dias; jie \u012fsivaizdavo es\u0105 visagaliai, o pal\u016b\u017eta susid\u016br\u0119 su ne\u012fsivaizduota realybe. Ir gydytojai, ir ligoniai tampa aukomis imperatyvo: \u201eKas gali b\u016bti daroma, turi b\u016bti daroma, nes t\u0105 galima padaryti&#8221;. S. Bergmanas\u00a0po\u00a0\u201eDievo nam\u0173&#8221;\u00a0triumfo i\u0161\u0117jo \u012f vie\u0161um\u0105, skait\u0117 paskaitas tema \u201eKaip i\u0161likti \u017emogi\u0161kam medicinoje&#8221; ir iki \u0161iol audrina visuomen\u0119 atviru po\u017ei\u016briu \u012f gydymo etikos problemas, gydytojo ir paciento santykius. Pastaraisiais metais skaito psichiatrijos kurs\u0105 Harvarde, dirba praktin\u012f darb\u0105 (specializuojasi gydyti alkoholikus) ir kartu su \u017emona ra\u0161o itin populiarias pjeses teatrui \u201eoff-Broadway&#8221;. Apie save sako: \u201eDid\u017eiausia dovana, koki\u0105 esu gav\u0119s kaip ra\u0161ytojas, yra geb\u0117jimas priversti juoktis&#8221;. Originalus pavadinimas:\u00a0The House of God Autorius:\u00a0Samuelis Shemas Leid\u0117jas:\u00a0Tyto alba Metai:\u00a02016 Puslapiai:\u00a0432 ISBN:\u00a09786094661556 Versijos kodas:\u00a0PT. Formatas:\u00a014,8 x 22,1 cm, kieti vir\u0161eliai Kalba:\u00a0Lietuvi\u0173 Vert\u0117jas:\u00a0Vytautas Petrukaitis<\/p>\n","protected":false},"featured_media":17088,"comment_status":"open","ping_status":"closed","template":"","meta":{"_acf_changed":false,"site-sidebar-layout":"default","site-content-layout":"","ast-site-content-layout":"default","site-content-style":"default","site-sidebar-style":"default","ast-global-header-display":"","ast-banner-title-visibility":"","ast-main-header-display":"","ast-hfb-above-header-display":"","ast-hfb-below-header-display":"","ast-hfb-mobile-header-display":"","site-post-title":"","ast-breadcrumbs-content":"","ast-featured-img":"","footer-sml-layout":"","ast-disable-related-posts":"","theme-transparent-header-meta":"default","adv-header-id-meta":"","stick-header-meta":"","header-above-stick-meta":"","header-main-stick-meta":"","header-below-stick-meta":"","astra-migrate-meta-layouts":"set","ast-page-background-enabled":"default","ast-page-background-meta":{"desktop":{"background-color":"","background-image":"","background-repeat":"repeat","background-position":"center center","background-size":"auto","background-attachment":"scroll","background-type":"","background-media":"","overlay-type":"","overlay-color":"","overlay-opacity":"","overlay-gradient":""},"tablet":{"background-color":"","background-image":"","background-repeat":"repeat","background-position":"center center","background-size":"auto","background-attachment":"scroll","background-type":"","background-media":"","overlay-type":"","overlay-color":"","overlay-opacity":"","overlay-gradient":""},"mobile":{"background-color":"","background-image":"","background-repeat":"repeat","background-position":"center center","background-size":"auto","background-attachment":"scroll","background-type":"","background-media":"","overlay-type":"","overlay-color":"","overlay-opacity":"","overlay-gradient":""}},"ast-content-background-meta":{"desktop":{"background-color":"var(--ast-global-color-4)","background-image":"","background-repeat":"repeat","background-position":"center center","background-size":"auto","background-attachment":"scroll","background-type":"","background-media":"","overlay-type":"","overlay-color":"","overlay-opacity":"","overlay-gradient":""},"tablet":{"background-color":"var(--ast-global-color-4)","background-image":"","background-repeat":"repeat","background-position":"center center","background-size":"auto","background-attachment":"scroll","background-type":"","background-media":"","overlay-type":"","overlay-color":"","overlay-opacity":"","overlay-gradient":""},"mobile":{"background-color":"var(--ast-global-color-4)","background-image":"","background-repeat":"repeat","background-position":"center center","background-size":"auto","background-attachment":"scroll","background-type":"","background-media":"","overlay-type":"","overlay-color":"","overlay-opacity":"","overlay-gradient":""}}},"product_brand":[],"product_cat":[9734],"product_tag":[2256],"class_list":{"0":"post-17087","1":"product","2":"type-product","3":"status-publish","4":"has-post-thumbnail","6":"product_cat-romanai","7":"product_tag-samuelis-shemas","8":"desktop-align-left","9":"tablet-align-left","10":"mobile-align-left","12":"first","13":"outofstock","14":"shipping-taxable","15":"purchasable","16":"product-type-simple"},"acf":[],"yoast_head":"<!-- This site is optimized with the Yoast SEO plugin v27.4 - https:\/\/yoast.com\/product\/yoast-seo-wordpress\/ -->\n<title>Dievo namai<\/title>\n<meta name=\"description\" content=\"\u201eNe\u012ftikimas paradoksas: gydytojo profesija taip nu\u017emogina, bet j\u0105 taip did\u017eiai vertina visuomen\u0117.&quot; Samuelis Shemas\u00a0(tikroji pavard\u0117\u00a0Steve&#039;as Bergmanas)\" \/>\n<meta name=\"robots\" content=\"index, follow, max-snippet:-1, max-image-preview:large, max-video-preview:-1\" \/>\n<link rel=\"canonical\" href=\"https:\/\/skaitytaknyga.lt\/en\/produktas\/dievo-namai\/\" \/>\n<meta property=\"og:locale\" content=\"en_GB\" \/>\n<meta property=\"og:locale:alternate\" content=\"lt_LT\" \/>\n<meta property=\"og:type\" content=\"article\" \/>\n<meta property=\"og:title\" content=\"Dievo namai\" \/>\n<meta property=\"og:description\" content=\"\u201eNe\u012ftikimas paradoksas: gydytojo profesija taip nu\u017emogina, bet j\u0105 taip did\u017eiai vertina visuomen\u0117.&quot; Samuelis Shemas\u00a0(tikroji pavard\u0117\u00a0Steve&#039;as Bergmanas)\" \/>\n<meta property=\"og:url\" content=\"https:\/\/skaitytaknyga.lt\/en\/produktas\/dievo-namai\/\" \/>\n<meta property=\"og:site_name\" content=\"Skaitytaknyga\" \/>\n<meta property=\"article:publisher\" content=\"https:\/\/www.facebook.com\/skaitytaknyga\/\" \/>\n<meta property=\"article:modified_time\" content=\"2026-03-17T09:49:04+00:00\" \/>\n<meta property=\"og:image\" content=\"https:\/\/skaitytaknyga.lt\/wp-content\/uploads\/2025\/03\/Dievo-namai.webp\" \/>\n\t<meta property=\"og:image:width\" content=\"533\" \/>\n\t<meta property=\"og:image:height\" content=\"800\" \/>\n\t<meta property=\"og:image:type\" content=\"image\/webp\" \/>\n<meta name=\"twitter:card\" content=\"summary_large_image\" \/>\n<meta name=\"twitter:label1\" content=\"Estimated reading time\" \/>\n\t<meta name=\"twitter:data1\" content=\"2 minutes\" \/>\n<script type=\"application\/ld+json\" class=\"yoast-schema-graph\">{\"@context\":\"https:\\\/\\\/schema.org\",\"@graph\":[{\"@type\":\"WebPage\",\"@id\":\"https:\\\/\\\/skaitytaknyga.lt\\\/produktas\\\/dievo-namai\\\/\",\"url\":\"https:\\\/\\\/skaitytaknyga.lt\\\/produktas\\\/dievo-namai\\\/\",\"name\":\"Dievo namai\",\"isPartOf\":{\"@id\":\"https:\\\/\\\/skaitytaknyga.lt\\\/#website\"},\"primaryImageOfPage\":{\"@id\":\"https:\\\/\\\/skaitytaknyga.lt\\\/produktas\\\/dievo-namai\\\/#primaryimage\"},\"image\":{\"@id\":\"https:\\\/\\\/skaitytaknyga.lt\\\/produktas\\\/dievo-namai\\\/#primaryimage\"},\"thumbnailUrl\":\"https:\\\/\\\/skaitytaknyga.lt\\\/wp-content\\\/uploads\\\/2025\\\/03\\\/Dievo-namai.webp\",\"datePublished\":\"2025-03-06T08:48:19+00:00\",\"dateModified\":\"2026-03-17T09:49:04+00:00\",\"description\":\"\u201eNe\u012ftikimas paradoksas: gydytojo profesija taip nu\u017emogina, bet j\u0105 taip did\u017eiai vertina visuomen\u0117.\\\" Samuelis Shemas\u00a0(tikroji pavard\u0117\u00a0Steve'as Bergmanas)\",\"breadcrumb\":{\"@id\":\"https:\\\/\\\/skaitytaknyga.lt\\\/produktas\\\/dievo-namai\\\/#breadcrumb\"},\"inLanguage\":\"en-GB\",\"potentialAction\":[{\"@type\":\"ReadAction\",\"target\":[\"https:\\\/\\\/skaitytaknyga.lt\\\/produktas\\\/dievo-namai\\\/\"]}]},{\"@type\":\"ImageObject\",\"inLanguage\":\"en-GB\",\"@id\":\"https:\\\/\\\/skaitytaknyga.lt\\\/produktas\\\/dievo-namai\\\/#primaryimage\",\"url\":\"https:\\\/\\\/skaitytaknyga.lt\\\/wp-content\\\/uploads\\\/2025\\\/03\\\/Dievo-namai.webp\",\"contentUrl\":\"https:\\\/\\\/skaitytaknyga.lt\\\/wp-content\\\/uploads\\\/2025\\\/03\\\/Dievo-namai.webp\",\"width\":533,\"height\":800,\"caption\":\"Dievo namai\"},{\"@type\":\"BreadcrumbList\",\"@id\":\"https:\\\/\\\/skaitytaknyga.lt\\\/produktas\\\/dievo-namai\\\/#breadcrumb\",\"itemListElement\":[{\"@type\":\"ListItem\",\"position\":1,\"name\":\"Home\",\"item\":\"https:\\\/\\\/skaitytaknyga.lt\\\/\"},{\"@type\":\"ListItem\",\"position\":2,\"name\":\"Parduotuv\u0117\",\"item\":\"https:\\\/\\\/skaitytaknyga.lt\\\/knygu-parduotuve\\\/\"},{\"@type\":\"ListItem\",\"position\":3,\"name\":\"Dievo namai\"}]},{\"@type\":\"WebSite\",\"@id\":\"https:\\\/\\\/skaitytaknyga.lt\\\/#website\",\"url\":\"https:\\\/\\\/skaitytaknyga.lt\\\/\",\"name\":\"skaitytaknyga.lt\",\"description\":\"Skaitytaknyga.lt \u2013 tai ma\u017eas \u0161eimos verslas, kuris prasid\u0117jo nuo meil\u0117s knygoms ir siekio i\u0161gelb\u0117ti knygas nuo likimo prie konteinerio. Kas vienam nereikalingas daiktas \u2013 kitam lobis, o mes esame tarpininkai, kurie padeda abiems tapti laimingesniems ???? \u017dinome kaip nelengva i\u0161gyventi ma\u017eiems verslams, tad nuo \u0161iol, \u010dia rasite ir kit\u0173, ma\u017e\u0173 \u0161eim\u0173 versl\u0173, rank\u0173 darbo, dovan\u0173 sau ir artimiesiems.\",\"publisher\":{\"@id\":\"https:\\\/\\\/skaitytaknyga.lt\\\/#organization\"},\"potentialAction\":[{\"@type\":\"SearchAction\",\"target\":{\"@type\":\"EntryPoint\",\"urlTemplate\":\"https:\\\/\\\/skaitytaknyga.lt\\\/?s={search_term_string}\"},\"query-input\":{\"@type\":\"PropertyValueSpecification\",\"valueRequired\":true,\"valueName\":\"search_term_string\"}}],\"inLanguage\":\"en-GB\"},{\"@type\":\"Organization\",\"@id\":\"https:\\\/\\\/skaitytaknyga.lt\\\/#organization\",\"name\":\"skaitytaknyga.lt\",\"url\":\"https:\\\/\\\/skaitytaknyga.lt\\\/\",\"logo\":{\"@type\":\"ImageObject\",\"inLanguage\":\"en-GB\",\"@id\":\"https:\\\/\\\/skaitytaknyga.lt\\\/#\\\/schema\\\/logo\\\/image\\\/\",\"url\":\"https:\\\/\\\/skaitytaknyga.lt\\\/wp-content\\\/uploads\\\/2024\\\/05\\\/cropped-cropped-cropped-02_00843_jt3bggkj1j3HLc7SyY6rEUpg.jpeg\",\"contentUrl\":\"https:\\\/\\\/skaitytaknyga.lt\\\/wp-content\\\/uploads\\\/2024\\\/05\\\/cropped-cropped-cropped-02_00843_jt3bggkj1j3HLc7SyY6rEUpg.jpeg\",\"width\":1600,\"height\":1600,\"caption\":\"skaitytaknyga.lt\"},\"image\":{\"@id\":\"https:\\\/\\\/skaitytaknyga.lt\\\/#\\\/schema\\\/logo\\\/image\\\/\"},\"sameAs\":[\"https:\\\/\\\/www.facebook.com\\\/skaitytaknyga\\\/\"]}]}<\/script>\n<!-- \/ Yoast SEO plugin. -->","yoast_head_json":{"title":"Dievo namai","description":"\u201eNe\u012ftikimas paradoksas: gydytojo profesija taip nu\u017emogina, bet j\u0105 taip did\u017eiai vertina visuomen\u0117.\" Samuelis Shemas\u00a0(tikroji pavard\u0117\u00a0Steve'as Bergmanas)","robots":{"index":"index","follow":"follow","max-snippet":"max-snippet:-1","max-image-preview":"max-image-preview:large","max-video-preview":"max-video-preview:-1"},"canonical":"https:\/\/skaitytaknyga.lt\/en\/produktas\/dievo-namai\/","og_locale":"en_GB","og_type":"article","og_title":"[:lt]Dievo namai[:] - Skaitytaknyga","og_description":"\u201eNe\u012ftikimas paradoksas: gydytojo profesija taip nu\u017emogina, bet j\u0105 taip did\u017eiai vertina visuomen\u0117.\" Samuelis Shemas\u00a0(tikroji pavard\u0117\u00a0Steve'as Bergmanas)","og_url":"https:\/\/skaitytaknyga.lt\/en\/produktas\/dievo-namai\/","og_site_name":"Skaitytaknyga","article_publisher":"https:\/\/www.facebook.com\/skaitytaknyga\/","article_modified_time":"2026-03-17T09:49:04+00:00","og_image":[{"width":533,"height":800,"url":"https:\/\/skaitytaknyga.lt\/wp-content\/uploads\/2025\/03\/Dievo-namai.webp","type":"image\/webp"}],"twitter_card":"summary_large_image","twitter_misc":{"Estimated reading time":"2 minutes"},"schema":{"@context":"https:\/\/schema.org","@graph":[{"@type":"WebPage","@id":"https:\/\/skaitytaknyga.lt\/produktas\/dievo-namai\/","url":"https:\/\/skaitytaknyga.lt\/produktas\/dievo-namai\/","name":"Dievo namai","isPartOf":{"@id":"https:\/\/skaitytaknyga.lt\/#website"},"primaryImageOfPage":{"@id":"https:\/\/skaitytaknyga.lt\/produktas\/dievo-namai\/#primaryimage"},"image":{"@id":"https:\/\/skaitytaknyga.lt\/produktas\/dievo-namai\/#primaryimage"},"thumbnailUrl":"https:\/\/skaitytaknyga.lt\/wp-content\/uploads\/2025\/03\/Dievo-namai.webp","datePublished":"2025-03-06T08:48:19+00:00","dateModified":"2026-03-17T09:49:04+00:00","description":"\u201eNe\u012ftikimas paradoksas: gydytojo profesija taip nu\u017emogina, bet j\u0105 taip did\u017eiai vertina visuomen\u0117.\" Samuelis Shemas\u00a0(tikroji pavard\u0117\u00a0Steve'as Bergmanas)","breadcrumb":{"@id":"https:\/\/skaitytaknyga.lt\/produktas\/dievo-namai\/#breadcrumb"},"inLanguage":"en-GB","potentialAction":[{"@type":"ReadAction","target":["https:\/\/skaitytaknyga.lt\/produktas\/dievo-namai\/"]}]},{"@type":"ImageObject","inLanguage":"en-GB","@id":"https:\/\/skaitytaknyga.lt\/produktas\/dievo-namai\/#primaryimage","url":"https:\/\/skaitytaknyga.lt\/wp-content\/uploads\/2025\/03\/Dievo-namai.webp","contentUrl":"https:\/\/skaitytaknyga.lt\/wp-content\/uploads\/2025\/03\/Dievo-namai.webp","width":533,"height":800,"caption":"Dievo namai"},{"@type":"BreadcrumbList","@id":"https:\/\/skaitytaknyga.lt\/produktas\/dievo-namai\/#breadcrumb","itemListElement":[{"@type":"ListItem","position":1,"name":"Home","item":"https:\/\/skaitytaknyga.lt\/"},{"@type":"ListItem","position":2,"name":"Parduotuv\u0117","item":"https:\/\/skaitytaknyga.lt\/knygu-parduotuve\/"},{"@type":"ListItem","position":3,"name":"Dievo namai"}]},{"@type":"WebSite","@id":"https:\/\/skaitytaknyga.lt\/#website","url":"https:\/\/skaitytaknyga.lt\/","name":"skaitytaknyga.lt","description":"Skaitytaknyga.lt \u2013 tai ma\u017eas \u0161eimos verslas, kuris prasid\u0117jo nuo meil\u0117s knygoms ir siekio i\u0161gelb\u0117ti knygas nuo likimo prie konteinerio. Kas vienam nereikalingas daiktas \u2013 kitam lobis, o mes esame tarpininkai, kurie padeda abiems tapti laimingesniems ???? \u017dinome kaip nelengva i\u0161gyventi ma\u017eiems verslams, tad nuo \u0161iol, \u010dia rasite ir kit\u0173, ma\u017e\u0173 \u0161eim\u0173 versl\u0173, rank\u0173 darbo, dovan\u0173 sau ir artimiesiems.","publisher":{"@id":"https:\/\/skaitytaknyga.lt\/#organization"},"potentialAction":[{"@type":"SearchAction","target":{"@type":"EntryPoint","urlTemplate":"https:\/\/skaitytaknyga.lt\/?s={search_term_string}"},"query-input":{"@type":"PropertyValueSpecification","valueRequired":true,"valueName":"search_term_string"}}],"inLanguage":"en-GB"},{"@type":"Organization","@id":"https:\/\/skaitytaknyga.lt\/#organization","name":"skaitytaknyga.lt","url":"https:\/\/skaitytaknyga.lt\/","logo":{"@type":"ImageObject","inLanguage":"en-GB","@id":"https:\/\/skaitytaknyga.lt\/#\/schema\/logo\/image\/","url":"https:\/\/skaitytaknyga.lt\/wp-content\/uploads\/2024\/05\/cropped-cropped-cropped-02_00843_jt3bggkj1j3HLc7SyY6rEUpg.jpeg","contentUrl":"https:\/\/skaitytaknyga.lt\/wp-content\/uploads\/2024\/05\/cropped-cropped-cropped-02_00843_jt3bggkj1j3HLc7SyY6rEUpg.jpeg","width":1600,"height":1600,"caption":"skaitytaknyga.lt"},"image":{"@id":"https:\/\/skaitytaknyga.lt\/#\/schema\/logo\/image\/"},"sameAs":["https:\/\/www.facebook.com\/skaitytaknyga\/"]}]}},"_links":{"self":[{"href":"https:\/\/skaitytaknyga.lt\/en\/wp-json\/wp\/v2\/product\/17087","targetHints":{"allow":["GET"]}}],"collection":[{"href":"https:\/\/skaitytaknyga.lt\/en\/wp-json\/wp\/v2\/product"}],"about":[{"href":"https:\/\/skaitytaknyga.lt\/en\/wp-json\/wp\/v2\/types\/product"}],"replies":[{"embeddable":true,"href":"https:\/\/skaitytaknyga.lt\/en\/wp-json\/wp\/v2\/comments?post=17087"}],"wp:featuredmedia":[{"embeddable":true,"href":"https:\/\/skaitytaknyga.lt\/en\/wp-json\/wp\/v2\/media\/17088"}],"wp:attachment":[{"href":"https:\/\/skaitytaknyga.lt\/en\/wp-json\/wp\/v2\/media?parent=17087"}],"wp:term":[{"taxonomy":"product_brand","embeddable":true,"href":"https:\/\/skaitytaknyga.lt\/en\/wp-json\/wp\/v2\/product_brand?post=17087"},{"taxonomy":"product_cat","embeddable":true,"href":"https:\/\/skaitytaknyga.lt\/en\/wp-json\/wp\/v2\/product_cat?post=17087"},{"taxonomy":"product_tag","embeddable":true,"href":"https:\/\/skaitytaknyga.lt\/en\/wp-json\/wp\/v2\/product_tag?post=17087"}],"curies":[{"name":"wp","href":"https:\/\/api.w.org\/{rel}","templated":true}]}}