{"id":17081,"date":"2025-03-06T10:26:14","date_gmt":"2025-03-06T08:26:14","guid":{"rendered":"https:\/\/skaitytaknyga.lt\/?post_type=product&#038;p=17081"},"modified":"2026-03-18T12:59:40","modified_gmt":"2026-03-18T10:59:40","slug":"aukstosios-matematikos-praktikumas-i-dalis","status":"publish","type":"product","link":"https:\/\/skaitytaknyga.lt\/en\/produktas\/aukstosios-matematikos-praktikumas-i-dalis\/","title":{"rendered":"Auk\u0161tosios matematikos praktikumas I dalis"},"content":{"rendered":"<p>Auk\u0161tosios matematikos pagrindai i\u0161d\u0117styti \u0161ioje mokymo priemon\u0117je, kurios tikslas \u2013 pad\u0117ti \u012fvairi\u0173 specialybi\u0173 studentams i\u0161mokti savaranki\u0161kai spr\u0119sti auk\u0161tosios matematikos u\u017edavinius. Ji bus naudinga ir d\u0117stytojams, turintiems teorinius ir praktinius u\u017esi\u0117mimus. Pagrindinis \u0161ios mokymo priemon\u0117s tikslas \u2013 glaustai pateikti teorij\u0105, did\u017eiausi\u0105 d\u0117mes\u012f skiriant u\u017edavini\u0173 sprendimui.<\/p>\n<ul class=\"about-product d-none d-xl-block mt-4\">\n<li><strong>Autorius:<\/strong>\u00a0Donatas \u0160vitra<\/li>\n<li><strong>Metai:<\/strong>\u00a02005<\/li>\n<li><strong>Puslapiai:<\/strong>\u00a0195<\/li>\n<li class=\"toggleable type-new-formats \"><strong>ISBN-10:<\/strong>\u00a09955491914<\/li>\n<li class=\"toggleable type-new-formats \"><strong>ISBN-13:<\/strong>\u00a09789955491910<\/li>\n<li class=\"toggleable type-new-formats \"><strong>Formatas:<\/strong>\u00a017 x 21 cm, mink\u0161ti vir\u0161eliai<\/li>\n<li><strong>Kalba:<\/strong>\u00a0Lietuvi\u0173<\/li>\n<\/ul>\n","protected":false},"excerpt":{"rendered":"<p>Auk\u0161tosios matematikos pagrindai i\u0161d\u0117styti \u0161ioje mokymo priemon\u0117je, kurios tikslas \u2013 pad\u0117ti \u012fvairi\u0173 specialybi\u0173 studentams i\u0161mokti savaranki\u0161kai spr\u0119sti auk\u0161tosios matematikos u\u017edavinius. Ji bus naudinga ir d\u0117stytojams, turintiems teorinius ir praktinius u\u017esi\u0117mimus. Pagrindinis \u0161ios mokymo priemon\u0117s tikslas \u2013 glaustai pateikti teorij\u0105, did\u017eiausi\u0105 d\u0117mes\u012f skiriant u\u017edavini\u0173 sprendimui. Autorius:\u00a0Donatas \u0160vitra Metai:\u00a02005 Puslapiai:\u00a0195 ISBN-10:\u00a09955491914 ISBN-13:\u00a09789955491910 Formatas:\u00a017 x 21 cm, mink\u0161ti vir\u0161eliai Kalba:\u00a0Lietuvi\u0173<\/p>\n","protected":false},"featured_media":17082,"comment_status":"open","ping_status":"closed","template":"","meta":{"_acf_changed":false,"site-sidebar-layout":"default","site-content-layout":"","ast-site-content-layout":"default","site-content-style":"default","site-sidebar-style":"default","ast-global-header-display":"","ast-banner-title-visibility":"","ast-main-header-display":"","ast-hfb-above-header-display":"","ast-hfb-below-header-display":"","ast-hfb-mobile-header-display":"","site-post-title":"","ast-breadcrumbs-content":"","ast-featured-img":"","footer-sml-layout":"","ast-disable-related-posts":"","theme-transparent-header-meta":"default","adv-header-id-meta":"","stick-header-meta":"","header-above-stick-meta":"","header-main-stick-meta":"","header-below-stick-meta":"","astra-migrate-meta-layouts":"set","ast-page-background-enabled":"default","ast-page-background-meta":{"desktop":{"background-color":"","background-image":"","background-repeat":"repeat","background-position":"center center","background-size":"auto","background-attachment":"scroll","background-type":"","background-media":"","overlay-type":"","overlay-color":"","overlay-opacity":"","overlay-gradient":""},"tablet":{"background-color":"","background-image":"","background-repeat":"repeat","background-position":"center center","background-size":"auto","background-attachment":"scroll","background-type":"","background-media":"","overlay-type":"","overlay-color":"","overlay-opacity":"","overlay-gradient":""},"mobile":{"background-color":"","background-image":"","background-repeat":"repeat","background-position":"center center","background-size":"auto","background-attachment":"scroll","background-type":"","background-media":"","overlay-type":"","overlay-color":"","overlay-opacity":"","overlay-gradient":""}},"ast-content-background-meta":{"desktop":{"background-color":"var(--ast-global-color-4)","background-image":"","background-repeat":"repeat","background-position":"center center","background-size":"auto","background-attachment":"scroll","background-type":"","background-media":"","overlay-type":"","overlay-color":"","overlay-opacity":"","overlay-gradient":""},"tablet":{"background-color":"var(--ast-global-color-4)","background-image":"","background-repeat":"repeat","background-position":"center center","background-size":"auto","background-attachment":"scroll","background-type":"","background-media":"","overlay-type":"","overlay-color":"","overlay-opacity":"","overlay-gradient":""},"mobile":{"background-color":"var(--ast-global-color-4)","background-image":"","background-repeat":"repeat","background-position":"center center","background-size":"auto","background-attachment":"scroll","background-type":"","background-media":"","overlay-type":"","overlay-color":"","overlay-opacity":"","overlay-gradient":""}}},"product_brand":[],"product_cat":[9850,269,15],"product_tag":[],"class_list":{"0":"post-17081","1":"product","2":"type-product","3":"status-publish","4":"has-post-thumbnail","6":"product_cat-fizika-chemija-matematika","7":"product_cat-gamtos-mokslai","8":"product_cat-uncategorized","9":"desktop-align-left","10":"tablet-align-left","11":"mobile-align-left","13":"first","14":"instock","15":"shipping-taxable","16":"purchasable","17":"product-type-simple"},"acf":[],"yoast_head":"<!-- This site is optimized with the Yoast SEO plugin v27.4 - https:\/\/yoast.com\/product\/yoast-seo-wordpress\/ -->\n<title>Auk\u0161tosios matematikos praktikumas I dalis<\/title>\n<meta name=\"description\" content=\"Auk\u0161tosios matematikos pagrindai i\u0161d\u0117styti \u0161ioje mokymo priemon\u0117je, kurios tikslas \u2013 pad\u0117ti \u012fvairi\u0173 specialybi\u0173 studentams i\u0161mokti savaranki\u0161kai spr\u0119sti\" \/>\n<meta name=\"robots\" content=\"index, follow, max-snippet:-1, max-image-preview:large, max-video-preview:-1\" \/>\n<link rel=\"canonical\" href=\"https:\/\/skaitytaknyga.lt\/en\/produktas\/aukstosios-matematikos-praktikumas-i-dalis\/\" \/>\n<meta property=\"og:locale\" content=\"en_GB\" \/>\n<meta property=\"og:locale:alternate\" content=\"lt_LT\" \/>\n<meta property=\"og:type\" content=\"article\" \/>\n<meta property=\"og:title\" content=\"Auk\u0161tosios matematikos praktikumas I dalis\" \/>\n<meta property=\"og:description\" content=\"Auk\u0161tosios matematikos pagrindai i\u0161d\u0117styti \u0161ioje mokymo priemon\u0117je, kurios tikslas \u2013 pad\u0117ti \u012fvairi\u0173 specialybi\u0173 studentams i\u0161mokti savaranki\u0161kai spr\u0119sti\" \/>\n<meta property=\"og:url\" content=\"https:\/\/skaitytaknyga.lt\/en\/produktas\/aukstosios-matematikos-praktikumas-i-dalis\/\" \/>\n<meta property=\"og:site_name\" content=\"Skaitytaknyga\" \/>\n<meta property=\"article:publisher\" content=\"https:\/\/www.facebook.com\/skaitytaknyga\/\" \/>\n<meta property=\"article:modified_time\" content=\"2026-03-18T10:59:40+00:00\" \/>\n<meta property=\"og:image\" content=\"https:\/\/skaitytaknyga.lt\/wp-content\/uploads\/2025\/03\/Aukstosios-matematikos-praktikumas-I-dalis.webp\" \/>\n\t<meta property=\"og:image:width\" content=\"418\" \/>\n\t<meta property=\"og:image:height\" content=\"600\" \/>\n\t<meta property=\"og:image:type\" content=\"image\/webp\" \/>\n<meta name=\"twitter:card\" content=\"summary_large_image\" \/>\n<meta name=\"twitter:label1\" content=\"Estimated reading time\" \/>\n\t<meta name=\"twitter:data1\" content=\"1 minute\" \/>\n<script type=\"application\/ld+json\" class=\"yoast-schema-graph\">{\"@context\":\"https:\\\/\\\/schema.org\",\"@graph\":[{\"@type\":\"WebPage\",\"@id\":\"https:\\\/\\\/skaitytaknyga.lt\\\/produktas\\\/aukstosios-matematikos-praktikumas-i-dalis\\\/\",\"url\":\"https:\\\/\\\/skaitytaknyga.lt\\\/produktas\\\/aukstosios-matematikos-praktikumas-i-dalis\\\/\",\"name\":\"Auk\u0161tosios matematikos praktikumas I dalis\",\"isPartOf\":{\"@id\":\"https:\\\/\\\/skaitytaknyga.lt\\\/#website\"},\"primaryImageOfPage\":{\"@id\":\"https:\\\/\\\/skaitytaknyga.lt\\\/produktas\\\/aukstosios-matematikos-praktikumas-i-dalis\\\/#primaryimage\"},\"image\":{\"@id\":\"https:\\\/\\\/skaitytaknyga.lt\\\/produktas\\\/aukstosios-matematikos-praktikumas-i-dalis\\\/#primaryimage\"},\"thumbnailUrl\":\"https:\\\/\\\/skaitytaknyga.lt\\\/wp-content\\\/uploads\\\/2025\\\/03\\\/Aukstosios-matematikos-praktikumas-I-dalis.webp\",\"datePublished\":\"2025-03-06T08:26:14+00:00\",\"dateModified\":\"2026-03-18T10:59:40+00:00\",\"description\":\"Auk\u0161tosios matematikos pagrindai i\u0161d\u0117styti \u0161ioje mokymo priemon\u0117je, kurios tikslas \u2013 pad\u0117ti \u012fvairi\u0173 specialybi\u0173 studentams i\u0161mokti savaranki\u0161kai spr\u0119sti\",\"breadcrumb\":{\"@id\":\"https:\\\/\\\/skaitytaknyga.lt\\\/produktas\\\/aukstosios-matematikos-praktikumas-i-dalis\\\/#breadcrumb\"},\"inLanguage\":\"en-GB\",\"potentialAction\":[{\"@type\":\"ReadAction\",\"target\":[\"https:\\\/\\\/skaitytaknyga.lt\\\/produktas\\\/aukstosios-matematikos-praktikumas-i-dalis\\\/\"]}]},{\"@type\":\"ImageObject\",\"inLanguage\":\"en-GB\",\"@id\":\"https:\\\/\\\/skaitytaknyga.lt\\\/produktas\\\/aukstosios-matematikos-praktikumas-i-dalis\\\/#primaryimage\",\"url\":\"https:\\\/\\\/skaitytaknyga.lt\\\/wp-content\\\/uploads\\\/2025\\\/03\\\/Aukstosios-matematikos-praktikumas-I-dalis.webp\",\"contentUrl\":\"https:\\\/\\\/skaitytaknyga.lt\\\/wp-content\\\/uploads\\\/2025\\\/03\\\/Aukstosios-matematikos-praktikumas-I-dalis.webp\",\"width\":418,\"height\":600,\"caption\":\"Auk\u0161tosios matematikos praktikumas I dalis\"},{\"@type\":\"BreadcrumbList\",\"@id\":\"https:\\\/\\\/skaitytaknyga.lt\\\/produktas\\\/aukstosios-matematikos-praktikumas-i-dalis\\\/#breadcrumb\",\"itemListElement\":[{\"@type\":\"ListItem\",\"position\":1,\"name\":\"Home\",\"item\":\"https:\\\/\\\/skaitytaknyga.lt\\\/\"},{\"@type\":\"ListItem\",\"position\":2,\"name\":\"Parduotuv\u0117\",\"item\":\"https:\\\/\\\/skaitytaknyga.lt\\\/knygu-parduotuve\\\/\"},{\"@type\":\"ListItem\",\"position\":3,\"name\":\"Auk\u0161tosios matematikos praktikumas I dalis\"}]},{\"@type\":\"WebSite\",\"@id\":\"https:\\\/\\\/skaitytaknyga.lt\\\/#website\",\"url\":\"https:\\\/\\\/skaitytaknyga.lt\\\/\",\"name\":\"skaitytaknyga.lt\",\"description\":\"Skaitytaknyga.lt \u2013 tai ma\u017eas \u0161eimos verslas, kuris prasid\u0117jo nuo meil\u0117s knygoms ir siekio i\u0161gelb\u0117ti knygas nuo likimo prie konteinerio. Kas vienam nereikalingas daiktas \u2013 kitam lobis, o mes esame tarpininkai, kurie padeda abiems tapti laimingesniems ???? \u017dinome kaip nelengva i\u0161gyventi ma\u017eiems verslams, tad nuo \u0161iol, \u010dia rasite ir kit\u0173, ma\u017e\u0173 \u0161eim\u0173 versl\u0173, rank\u0173 darbo, dovan\u0173 sau ir artimiesiems.\",\"publisher\":{\"@id\":\"https:\\\/\\\/skaitytaknyga.lt\\\/#organization\"},\"potentialAction\":[{\"@type\":\"SearchAction\",\"target\":{\"@type\":\"EntryPoint\",\"urlTemplate\":\"https:\\\/\\\/skaitytaknyga.lt\\\/?s={search_term_string}\"},\"query-input\":{\"@type\":\"PropertyValueSpecification\",\"valueRequired\":true,\"valueName\":\"search_term_string\"}}],\"inLanguage\":\"en-GB\"},{\"@type\":\"Organization\",\"@id\":\"https:\\\/\\\/skaitytaknyga.lt\\\/#organization\",\"name\":\"skaitytaknyga.lt\",\"url\":\"https:\\\/\\\/skaitytaknyga.lt\\\/\",\"logo\":{\"@type\":\"ImageObject\",\"inLanguage\":\"en-GB\",\"@id\":\"https:\\\/\\\/skaitytaknyga.lt\\\/#\\\/schema\\\/logo\\\/image\\\/\",\"url\":\"https:\\\/\\\/skaitytaknyga.lt\\\/wp-content\\\/uploads\\\/2024\\\/05\\\/cropped-cropped-cropped-02_00843_jt3bggkj1j3HLc7SyY6rEUpg.jpeg\",\"contentUrl\":\"https:\\\/\\\/skaitytaknyga.lt\\\/wp-content\\\/uploads\\\/2024\\\/05\\\/cropped-cropped-cropped-02_00843_jt3bggkj1j3HLc7SyY6rEUpg.jpeg\",\"width\":1600,\"height\":1600,\"caption\":\"skaitytaknyga.lt\"},\"image\":{\"@id\":\"https:\\\/\\\/skaitytaknyga.lt\\\/#\\\/schema\\\/logo\\\/image\\\/\"},\"sameAs\":[\"https:\\\/\\\/www.facebook.com\\\/skaitytaknyga\\\/\"]}]}<\/script>\n<!-- \/ Yoast SEO plugin. -->","yoast_head_json":{"title":"Auk\u0161tosios matematikos praktikumas I dalis","description":"Auk\u0161tosios matematikos pagrindai i\u0161d\u0117styti \u0161ioje mokymo priemon\u0117je, kurios tikslas \u2013 pad\u0117ti \u012fvairi\u0173 specialybi\u0173 studentams i\u0161mokti savaranki\u0161kai spr\u0119sti","robots":{"index":"index","follow":"follow","max-snippet":"max-snippet:-1","max-image-preview":"max-image-preview:large","max-video-preview":"max-video-preview:-1"},"canonical":"https:\/\/skaitytaknyga.lt\/en\/produktas\/aukstosios-matematikos-praktikumas-i-dalis\/","og_locale":"en_GB","og_type":"article","og_title":"[:lt]Auk\u0161tosios matematikos praktikumas I dalis[:] - Skaitytaknyga","og_description":"Auk\u0161tosios matematikos pagrindai i\u0161d\u0117styti \u0161ioje mokymo priemon\u0117je, kurios tikslas \u2013 pad\u0117ti \u012fvairi\u0173 specialybi\u0173 studentams i\u0161mokti savaranki\u0161kai spr\u0119sti","og_url":"https:\/\/skaitytaknyga.lt\/en\/produktas\/aukstosios-matematikos-praktikumas-i-dalis\/","og_site_name":"Skaitytaknyga","article_publisher":"https:\/\/www.facebook.com\/skaitytaknyga\/","article_modified_time":"2026-03-18T10:59:40+00:00","og_image":[{"width":418,"height":600,"url":"https:\/\/skaitytaknyga.lt\/wp-content\/uploads\/2025\/03\/Aukstosios-matematikos-praktikumas-I-dalis.webp","type":"image\/webp"}],"twitter_card":"summary_large_image","twitter_misc":{"Estimated reading time":"1 minute"},"schema":{"@context":"https:\/\/schema.org","@graph":[{"@type":"WebPage","@id":"https:\/\/skaitytaknyga.lt\/produktas\/aukstosios-matematikos-praktikumas-i-dalis\/","url":"https:\/\/skaitytaknyga.lt\/produktas\/aukstosios-matematikos-praktikumas-i-dalis\/","name":"Auk\u0161tosios matematikos praktikumas I dalis","isPartOf":{"@id":"https:\/\/skaitytaknyga.lt\/#website"},"primaryImageOfPage":{"@id":"https:\/\/skaitytaknyga.lt\/produktas\/aukstosios-matematikos-praktikumas-i-dalis\/#primaryimage"},"image":{"@id":"https:\/\/skaitytaknyga.lt\/produktas\/aukstosios-matematikos-praktikumas-i-dalis\/#primaryimage"},"thumbnailUrl":"https:\/\/skaitytaknyga.lt\/wp-content\/uploads\/2025\/03\/Aukstosios-matematikos-praktikumas-I-dalis.webp","datePublished":"2025-03-06T08:26:14+00:00","dateModified":"2026-03-18T10:59:40+00:00","description":"Auk\u0161tosios matematikos pagrindai i\u0161d\u0117styti \u0161ioje mokymo priemon\u0117je, kurios tikslas \u2013 pad\u0117ti \u012fvairi\u0173 specialybi\u0173 studentams i\u0161mokti savaranki\u0161kai spr\u0119sti","breadcrumb":{"@id":"https:\/\/skaitytaknyga.lt\/produktas\/aukstosios-matematikos-praktikumas-i-dalis\/#breadcrumb"},"inLanguage":"en-GB","potentialAction":[{"@type":"ReadAction","target":["https:\/\/skaitytaknyga.lt\/produktas\/aukstosios-matematikos-praktikumas-i-dalis\/"]}]},{"@type":"ImageObject","inLanguage":"en-GB","@id":"https:\/\/skaitytaknyga.lt\/produktas\/aukstosios-matematikos-praktikumas-i-dalis\/#primaryimage","url":"https:\/\/skaitytaknyga.lt\/wp-content\/uploads\/2025\/03\/Aukstosios-matematikos-praktikumas-I-dalis.webp","contentUrl":"https:\/\/skaitytaknyga.lt\/wp-content\/uploads\/2025\/03\/Aukstosios-matematikos-praktikumas-I-dalis.webp","width":418,"height":600,"caption":"Auk\u0161tosios matematikos praktikumas I dalis"},{"@type":"BreadcrumbList","@id":"https:\/\/skaitytaknyga.lt\/produktas\/aukstosios-matematikos-praktikumas-i-dalis\/#breadcrumb","itemListElement":[{"@type":"ListItem","position":1,"name":"Home","item":"https:\/\/skaitytaknyga.lt\/"},{"@type":"ListItem","position":2,"name":"Parduotuv\u0117","item":"https:\/\/skaitytaknyga.lt\/knygu-parduotuve\/"},{"@type":"ListItem","position":3,"name":"Auk\u0161tosios matematikos praktikumas I dalis"}]},{"@type":"WebSite","@id":"https:\/\/skaitytaknyga.lt\/#website","url":"https:\/\/skaitytaknyga.lt\/","name":"skaitytaknyga.lt","description":"Skaitytaknyga.lt \u2013 tai ma\u017eas \u0161eimos verslas, kuris prasid\u0117jo nuo meil\u0117s knygoms ir siekio i\u0161gelb\u0117ti knygas nuo likimo prie konteinerio. Kas vienam nereikalingas daiktas \u2013 kitam lobis, o mes esame tarpininkai, kurie padeda abiems tapti laimingesniems ???? \u017dinome kaip nelengva i\u0161gyventi ma\u017eiems verslams, tad nuo \u0161iol, \u010dia rasite ir kit\u0173, ma\u017e\u0173 \u0161eim\u0173 versl\u0173, rank\u0173 darbo, dovan\u0173 sau ir artimiesiems.","publisher":{"@id":"https:\/\/skaitytaknyga.lt\/#organization"},"potentialAction":[{"@type":"SearchAction","target":{"@type":"EntryPoint","urlTemplate":"https:\/\/skaitytaknyga.lt\/?s={search_term_string}"},"query-input":{"@type":"PropertyValueSpecification","valueRequired":true,"valueName":"search_term_string"}}],"inLanguage":"en-GB"},{"@type":"Organization","@id":"https:\/\/skaitytaknyga.lt\/#organization","name":"skaitytaknyga.lt","url":"https:\/\/skaitytaknyga.lt\/","logo":{"@type":"ImageObject","inLanguage":"en-GB","@id":"https:\/\/skaitytaknyga.lt\/#\/schema\/logo\/image\/","url":"https:\/\/skaitytaknyga.lt\/wp-content\/uploads\/2024\/05\/cropped-cropped-cropped-02_00843_jt3bggkj1j3HLc7SyY6rEUpg.jpeg","contentUrl":"https:\/\/skaitytaknyga.lt\/wp-content\/uploads\/2024\/05\/cropped-cropped-cropped-02_00843_jt3bggkj1j3HLc7SyY6rEUpg.jpeg","width":1600,"height":1600,"caption":"skaitytaknyga.lt"},"image":{"@id":"https:\/\/skaitytaknyga.lt\/#\/schema\/logo\/image\/"},"sameAs":["https:\/\/www.facebook.com\/skaitytaknyga\/"]}]}},"_links":{"self":[{"href":"https:\/\/skaitytaknyga.lt\/en\/wp-json\/wp\/v2\/product\/17081","targetHints":{"allow":["GET"]}}],"collection":[{"href":"https:\/\/skaitytaknyga.lt\/en\/wp-json\/wp\/v2\/product"}],"about":[{"href":"https:\/\/skaitytaknyga.lt\/en\/wp-json\/wp\/v2\/types\/product"}],"replies":[{"embeddable":true,"href":"https:\/\/skaitytaknyga.lt\/en\/wp-json\/wp\/v2\/comments?post=17081"}],"wp:featuredmedia":[{"embeddable":true,"href":"https:\/\/skaitytaknyga.lt\/en\/wp-json\/wp\/v2\/media\/17082"}],"wp:attachment":[{"href":"https:\/\/skaitytaknyga.lt\/en\/wp-json\/wp\/v2\/media?parent=17081"}],"wp:term":[{"taxonomy":"product_brand","embeddable":true,"href":"https:\/\/skaitytaknyga.lt\/en\/wp-json\/wp\/v2\/product_brand?post=17081"},{"taxonomy":"product_cat","embeddable":true,"href":"https:\/\/skaitytaknyga.lt\/en\/wp-json\/wp\/v2\/product_cat?post=17081"},{"taxonomy":"product_tag","embeddable":true,"href":"https:\/\/skaitytaknyga.lt\/en\/wp-json\/wp\/v2\/product_tag?post=17081"}],"curies":[{"name":"wp","href":"https:\/\/api.w.org\/{rel}","templated":true}]}}