{"id":17079,"date":"2025-03-06T09:44:51","date_gmt":"2025-03-06T07:44:51","guid":{"rendered":"https:\/\/skaitytaknyga.lt\/?post_type=product&#038;p=17079"},"modified":"2025-03-06T09:45:27","modified_gmt":"2025-03-06T07:45:27","slug":"uz-auksiniu-grotu-as-gimiau-hareme","status":"publish","type":"product","link":"https:\/\/skaitytaknyga.lt\/en\/produktas\/uz-auksiniu-grotu-as-gimiau-hareme\/","title":{"rendered":"U\u017e auksini\u0173 grot\u0173. A\u0161 gimiau hareme"},"content":{"rendered":"<p><strong>Sukre\u010dianti moters, gimusios hareme, gyvenimo istorija<\/strong><\/p>\n<p>Baltaod\u0117 42-ej\u0173 vokiet\u0117 Lisa Hofmayer kelion\u0117s po Nigerij\u0105 metu leid\u017eiasi \u012f avanti\u016br\u0105: netik\u0117tai \u012fsimyli nigeriet\u012f ir u\u017e jo i\u0161teka. Nutraukusi santykius su savo \u0161eima Vokietijoje, Lisa tampa trisde\u0161imt tre\u010di\u0105ja turtingo afrikie\u010dio \u017emona ir apsigyvena jo prabangiame hareme. Didel\u0117je naujoje \u0161eimoje moteris pagaliau pasijunta saugi ir laiminga.<\/p>\n<p>Netrukus gimsta dukrel\u0117 Choga Regina. Mergait\u0117 smagiai auga apsupta daugyb\u0117s sesi\u0173 ir pri\u017ei\u016brima daugyb\u0117s mam\u0173, ta\u010diau kai sulaukia \u0161e\u0161iolikos, jos gyvenimas virsta ko\u0161maru&#8230;<\/p>\n<p>\u0160i knyga \u2013 tai Chogos Reginos gyvenimo istorija, papasakota jos pa\u010dios.<\/p>\n<p>Choga Regina Egbeme gim\u0117 1976 metais Lagose, Nigerijoje. Vaikyst\u0119 ir jaunyst\u0119 praleido hareme. \u0160i knyga \u2013 tai sukre\u010dianti jos gyvenimo istorija: liudijimas apie paslapting\u0105 gyvenim\u0105 u\u017e aklin\u0173 prabangaus haremo sien\u0173 ir i\u0161bandym\u0173 kupin\u0105 kov\u0105 u\u017e b\u016bv\u012f.<\/p>\n<ul class=\"about-product d-none d-xl-block mt-4\">\n<li><strong>Originalus pavadinimas:<\/strong>\u00a0Hinter goldenen Gittern. Ich wurde im Harem geboren<\/li>\n<li><strong>Autorius:<\/strong>\u00a0Choga Regina Egbeme<\/li>\n<li><strong>Leid\u0117jas:<\/strong>\u00a0Alma littera<\/li>\n<li><strong>Metai:<\/strong>\u00a02014<\/li>\n<li><strong>Puslapiai:<\/strong>\u00a0232<\/li>\n<li class=\"toggleable type-new-formats \"><strong>ISBN:<\/strong>\u00a09786090113455<\/li>\n<li><strong>Versijos kodas:<\/strong>\u00a0PT.<\/li>\n<li class=\"toggleable type-new-formats \"><strong>Formatas:<\/strong>\u00a024,2 x 15 x 2 cm, kieti vir\u0161eliai<\/li>\n<li><strong>Kalba:<\/strong>\u00a0Lietuvi\u0173<\/li>\n<li><strong>Vert\u0117jas:<\/strong>\u00a0Angel\u0117 Barkauskien\u0117<\/li>\n<\/ul>\n","protected":false},"excerpt":{"rendered":"<p>Sukre\u010dianti moters, gimusios hareme, gyvenimo istorija Baltaod\u0117 42-ej\u0173 vokiet\u0117 Lisa Hofmayer kelion\u0117s po Nigerij\u0105 metu leid\u017eiasi \u012f avanti\u016br\u0105: netik\u0117tai \u012fsimyli nigeriet\u012f ir u\u017e jo i\u0161teka. Nutraukusi santykius su savo \u0161eima Vokietijoje, Lisa tampa trisde\u0161imt tre\u010di\u0105ja turtingo afrikie\u010dio \u017emona ir apsigyvena jo prabangiame hareme. Didel\u0117je naujoje \u0161eimoje moteris pagaliau pasijunta saugi ir laiminga. Netrukus gimsta dukrel\u0117 Choga Regina. Mergait\u0117 smagiai auga apsupta daugyb\u0117s sesi\u0173 ir pri\u017ei\u016brima daugyb\u0117s mam\u0173, ta\u010diau kai sulaukia \u0161e\u0161iolikos, jos gyvenimas virsta ko\u0161maru&#8230; \u0160i knyga \u2013 tai Chogos Reginos gyvenimo istorija, papasakota jos pa\u010dios. Choga Regina Egbeme gim\u0117 1976 metais Lagose, Nigerijoje. Vaikyst\u0119 ir jaunyst\u0119 praleido hareme. \u0160i knyga \u2013 tai sukre\u010dianti jos gyvenimo istorija: liudijimas apie paslapting\u0105 gyvenim\u0105 u\u017e aklin\u0173 prabangaus haremo sien\u0173 ir i\u0161bandym\u0173 kupin\u0105 kov\u0105 u\u017e b\u016bv\u012f. Originalus pavadinimas:\u00a0Hinter goldenen Gittern. Ich wurde im Harem geboren Autorius:\u00a0Choga Regina Egbeme Leid\u0117jas:\u00a0Alma littera Metai:\u00a02014 Puslapiai:\u00a0232 ISBN:\u00a09786090113455 Versijos kodas:\u00a0PT. Formatas:\u00a024,2 x 15 x 2 cm, kieti vir\u0161eliai Kalba:\u00a0Lietuvi\u0173 Vert\u0117jas:\u00a0Angel\u0117 Barkauskien\u0117<\/p>\n","protected":false},"featured_media":17080,"comment_status":"open","ping_status":"closed","template":"","meta":{"_acf_changed":false,"site-sidebar-layout":"default","site-content-layout":"","ast-site-content-layout":"default","site-content-style":"default","site-sidebar-style":"default","ast-global-header-display":"","ast-banner-title-visibility":"","ast-main-header-display":"","ast-hfb-above-header-display":"","ast-hfb-below-header-display":"","ast-hfb-mobile-header-display":"","site-post-title":"","ast-breadcrumbs-content":"","ast-featured-img":"","footer-sml-layout":"","ast-disable-related-posts":"","theme-transparent-header-meta":"default","adv-header-id-meta":"","stick-header-meta":"","header-above-stick-meta":"","header-main-stick-meta":"","header-below-stick-meta":"","astra-migrate-meta-layouts":"set","ast-page-background-enabled":"default","ast-page-background-meta":{"desktop":{"background-color":"","background-image":"","background-repeat":"repeat","background-position":"center center","background-size":"auto","background-attachment":"scroll","background-type":"","background-media":"","overlay-type":"","overlay-color":"","overlay-opacity":"","overlay-gradient":""},"tablet":{"background-color":"","background-image":"","background-repeat":"repeat","background-position":"center center","background-size":"auto","background-attachment":"scroll","background-type":"","background-media":"","overlay-type":"","overlay-color":"","overlay-opacity":"","overlay-gradient":""},"mobile":{"background-color":"","background-image":"","background-repeat":"repeat","background-position":"center center","background-size":"auto","background-attachment":"scroll","background-type":"","background-media":"","overlay-type":"","overlay-color":"","overlay-opacity":"","overlay-gradient":""}},"ast-content-background-meta":{"desktop":{"background-color":"var(--ast-global-color-4)","background-image":"","background-repeat":"repeat","background-position":"center center","background-size":"auto","background-attachment":"scroll","background-type":"","background-media":"","overlay-type":"","overlay-color":"","overlay-opacity":"","overlay-gradient":""},"tablet":{"background-color":"var(--ast-global-color-4)","background-image":"","background-repeat":"repeat","background-position":"center center","background-size":"auto","background-attachment":"scroll","background-type":"","background-media":"","overlay-type":"","overlay-color":"","overlay-opacity":"","overlay-gradient":""},"mobile":{"background-color":"var(--ast-global-color-4)","background-image":"","background-repeat":"repeat","background-position":"center center","background-size":"auto","background-attachment":"scroll","background-type":"","background-media":"","overlay-type":"","overlay-color":"","overlay-opacity":"","overlay-gradient":""}}},"product_brand":[],"product_cat":[31,15],"product_tag":[],"class_list":{"0":"post-17079","1":"product","2":"type-product","3":"status-publish","4":"has-post-thumbnail","6":"product_cat-grozine-literatura","7":"product_cat-uncategorized","8":"desktop-align-left","9":"tablet-align-left","10":"mobile-align-left","12":"first","13":"instock","14":"shipping-taxable","15":"purchasable","16":"product-type-simple"},"acf":[],"yoast_head":"<!-- This site is optimized with the Yoast SEO plugin v27.4 - https:\/\/yoast.com\/product\/yoast-seo-wordpress\/ -->\n<title>U\u017e auksini\u0173 grot\u0173. A\u0161 gimiau hareme<\/title>\n<meta name=\"description\" content=\"Sukre\u010dianti moters, gimusios hareme, gyvenimo istorija Baltaod\u0117 42-ej\u0173 vokiet\u0117 Lisa Hofmayer kelion\u0117s po Nigerij\u0105 metu leid\u017eiasi \u012f avanti\u016br\u0105: netik\u0117tai\" \/>\n<meta name=\"robots\" content=\"index, follow, max-snippet:-1, max-image-preview:large, max-video-preview:-1\" \/>\n<link rel=\"canonical\" href=\"https:\/\/skaitytaknyga.lt\/en\/produktas\/uz-auksiniu-grotu-as-gimiau-hareme\/\" \/>\n<meta property=\"og:locale\" content=\"en_GB\" \/>\n<meta property=\"og:locale:alternate\" content=\"lt_LT\" \/>\n<meta property=\"og:type\" content=\"article\" \/>\n<meta property=\"og:title\" content=\"U\u017e auksini\u0173 grot\u0173. A\u0161 gimiau hareme\" \/>\n<meta property=\"og:description\" content=\"Sukre\u010dianti moters, gimusios hareme, gyvenimo istorija Baltaod\u0117 42-ej\u0173 vokiet\u0117 Lisa Hofmayer kelion\u0117s po Nigerij\u0105 metu leid\u017eiasi \u012f avanti\u016br\u0105: netik\u0117tai\" \/>\n<meta property=\"og:url\" content=\"https:\/\/skaitytaknyga.lt\/en\/produktas\/uz-auksiniu-grotu-as-gimiau-hareme\/\" \/>\n<meta property=\"og:site_name\" content=\"Skaitytaknyga\" \/>\n<meta property=\"article:publisher\" content=\"https:\/\/www.facebook.com\/skaitytaknyga\/\" \/>\n<meta property=\"article:modified_time\" content=\"2025-03-06T07:45:27+00:00\" \/>\n<meta property=\"og:image\" content=\"https:\/\/skaitytaknyga.lt\/wp-content\/uploads\/2025\/03\/Uz-auksiniu-grotu.-As-gimiau-hareme.webp\" \/>\n\t<meta property=\"og:image:width\" content=\"491\" \/>\n\t<meta property=\"og:image:height\" content=\"800\" \/>\n\t<meta property=\"og:image:type\" content=\"image\/webp\" \/>\n<meta name=\"twitter:card\" content=\"summary_large_image\" \/>\n<meta name=\"twitter:label1\" content=\"Estimated reading time\" \/>\n\t<meta name=\"twitter:data1\" content=\"2 minutes\" \/>\n<script type=\"application\/ld+json\" class=\"yoast-schema-graph\">{\"@context\":\"https:\\\/\\\/schema.org\",\"@graph\":[{\"@type\":\"WebPage\",\"@id\":\"https:\\\/\\\/skaitytaknyga.lt\\\/produktas\\\/uz-auksiniu-grotu-as-gimiau-hareme\\\/\",\"url\":\"https:\\\/\\\/skaitytaknyga.lt\\\/produktas\\\/uz-auksiniu-grotu-as-gimiau-hareme\\\/\",\"name\":\"U\u017e auksini\u0173 grot\u0173. A\u0161 gimiau hareme\",\"isPartOf\":{\"@id\":\"https:\\\/\\\/skaitytaknyga.lt\\\/#website\"},\"primaryImageOfPage\":{\"@id\":\"https:\\\/\\\/skaitytaknyga.lt\\\/produktas\\\/uz-auksiniu-grotu-as-gimiau-hareme\\\/#primaryimage\"},\"image\":{\"@id\":\"https:\\\/\\\/skaitytaknyga.lt\\\/produktas\\\/uz-auksiniu-grotu-as-gimiau-hareme\\\/#primaryimage\"},\"thumbnailUrl\":\"https:\\\/\\\/skaitytaknyga.lt\\\/wp-content\\\/uploads\\\/2025\\\/03\\\/Uz-auksiniu-grotu.-As-gimiau-hareme.webp\",\"datePublished\":\"2025-03-06T07:44:51+00:00\",\"dateModified\":\"2025-03-06T07:45:27+00:00\",\"description\":\"Sukre\u010dianti moters, gimusios hareme, gyvenimo istorija Baltaod\u0117 42-ej\u0173 vokiet\u0117 Lisa Hofmayer kelion\u0117s po Nigerij\u0105 metu leid\u017eiasi \u012f avanti\u016br\u0105: netik\u0117tai\",\"breadcrumb\":{\"@id\":\"https:\\\/\\\/skaitytaknyga.lt\\\/produktas\\\/uz-auksiniu-grotu-as-gimiau-hareme\\\/#breadcrumb\"},\"inLanguage\":\"en-GB\",\"potentialAction\":[{\"@type\":\"ReadAction\",\"target\":[\"https:\\\/\\\/skaitytaknyga.lt\\\/produktas\\\/uz-auksiniu-grotu-as-gimiau-hareme\\\/\"]}]},{\"@type\":\"ImageObject\",\"inLanguage\":\"en-GB\",\"@id\":\"https:\\\/\\\/skaitytaknyga.lt\\\/produktas\\\/uz-auksiniu-grotu-as-gimiau-hareme\\\/#primaryimage\",\"url\":\"https:\\\/\\\/skaitytaknyga.lt\\\/wp-content\\\/uploads\\\/2025\\\/03\\\/Uz-auksiniu-grotu.-As-gimiau-hareme.webp\",\"contentUrl\":\"https:\\\/\\\/skaitytaknyga.lt\\\/wp-content\\\/uploads\\\/2025\\\/03\\\/Uz-auksiniu-grotu.-As-gimiau-hareme.webp\",\"width\":491,\"height\":800,\"caption\":\"U\u017e auksini\u0173 grot\u0173. A\u0161 gimiau hareme\"},{\"@type\":\"BreadcrumbList\",\"@id\":\"https:\\\/\\\/skaitytaknyga.lt\\\/produktas\\\/uz-auksiniu-grotu-as-gimiau-hareme\\\/#breadcrumb\",\"itemListElement\":[{\"@type\":\"ListItem\",\"position\":1,\"name\":\"Home\",\"item\":\"https:\\\/\\\/skaitytaknyga.lt\\\/\"},{\"@type\":\"ListItem\",\"position\":2,\"name\":\"Parduotuv\u0117\",\"item\":\"https:\\\/\\\/skaitytaknyga.lt\\\/knygu-parduotuve\\\/\"},{\"@type\":\"ListItem\",\"position\":3,\"name\":\"U\u017e auksini\u0173 grot\u0173. A\u0161 gimiau hareme\"}]},{\"@type\":\"WebSite\",\"@id\":\"https:\\\/\\\/skaitytaknyga.lt\\\/#website\",\"url\":\"https:\\\/\\\/skaitytaknyga.lt\\\/\",\"name\":\"skaitytaknyga.lt\",\"description\":\"Skaitytaknyga.lt \u2013 tai ma\u017eas \u0161eimos verslas, kuris prasid\u0117jo nuo meil\u0117s knygoms ir siekio i\u0161gelb\u0117ti knygas nuo likimo prie konteinerio. Kas vienam nereikalingas daiktas \u2013 kitam lobis, o mes esame tarpininkai, kurie padeda abiems tapti laimingesniems ???? \u017dinome kaip nelengva i\u0161gyventi ma\u017eiems verslams, tad nuo \u0161iol, \u010dia rasite ir kit\u0173, ma\u017e\u0173 \u0161eim\u0173 versl\u0173, rank\u0173 darbo, dovan\u0173 sau ir artimiesiems.\",\"publisher\":{\"@id\":\"https:\\\/\\\/skaitytaknyga.lt\\\/#organization\"},\"potentialAction\":[{\"@type\":\"SearchAction\",\"target\":{\"@type\":\"EntryPoint\",\"urlTemplate\":\"https:\\\/\\\/skaitytaknyga.lt\\\/?s={search_term_string}\"},\"query-input\":{\"@type\":\"PropertyValueSpecification\",\"valueRequired\":true,\"valueName\":\"search_term_string\"}}],\"inLanguage\":\"en-GB\"},{\"@type\":\"Organization\",\"@id\":\"https:\\\/\\\/skaitytaknyga.lt\\\/#organization\",\"name\":\"skaitytaknyga.lt\",\"url\":\"https:\\\/\\\/skaitytaknyga.lt\\\/\",\"logo\":{\"@type\":\"ImageObject\",\"inLanguage\":\"en-GB\",\"@id\":\"https:\\\/\\\/skaitytaknyga.lt\\\/#\\\/schema\\\/logo\\\/image\\\/\",\"url\":\"https:\\\/\\\/skaitytaknyga.lt\\\/wp-content\\\/uploads\\\/2024\\\/05\\\/cropped-cropped-cropped-02_00843_jt3bggkj1j3HLc7SyY6rEUpg.jpeg\",\"contentUrl\":\"https:\\\/\\\/skaitytaknyga.lt\\\/wp-content\\\/uploads\\\/2024\\\/05\\\/cropped-cropped-cropped-02_00843_jt3bggkj1j3HLc7SyY6rEUpg.jpeg\",\"width\":1600,\"height\":1600,\"caption\":\"skaitytaknyga.lt\"},\"image\":{\"@id\":\"https:\\\/\\\/skaitytaknyga.lt\\\/#\\\/schema\\\/logo\\\/image\\\/\"},\"sameAs\":[\"https:\\\/\\\/www.facebook.com\\\/skaitytaknyga\\\/\"]}]}<\/script>\n<!-- \/ Yoast SEO plugin. -->","yoast_head_json":{"title":"U\u017e auksini\u0173 grot\u0173. A\u0161 gimiau hareme","description":"Sukre\u010dianti moters, gimusios hareme, gyvenimo istorija Baltaod\u0117 42-ej\u0173 vokiet\u0117 Lisa Hofmayer kelion\u0117s po Nigerij\u0105 metu leid\u017eiasi \u012f avanti\u016br\u0105: netik\u0117tai","robots":{"index":"index","follow":"follow","max-snippet":"max-snippet:-1","max-image-preview":"max-image-preview:large","max-video-preview":"max-video-preview:-1"},"canonical":"https:\/\/skaitytaknyga.lt\/en\/produktas\/uz-auksiniu-grotu-as-gimiau-hareme\/","og_locale":"en_GB","og_type":"article","og_title":"[:lt]U\u017e auksini\u0173 grot\u0173. A\u0161 gimiau hareme[:] - Skaitytaknyga","og_description":"Sukre\u010dianti moters, gimusios hareme, gyvenimo istorija Baltaod\u0117 42-ej\u0173 vokiet\u0117 Lisa Hofmayer kelion\u0117s po Nigerij\u0105 metu leid\u017eiasi \u012f avanti\u016br\u0105: netik\u0117tai","og_url":"https:\/\/skaitytaknyga.lt\/en\/produktas\/uz-auksiniu-grotu-as-gimiau-hareme\/","og_site_name":"Skaitytaknyga","article_publisher":"https:\/\/www.facebook.com\/skaitytaknyga\/","article_modified_time":"2025-03-06T07:45:27+00:00","og_image":[{"width":491,"height":800,"url":"https:\/\/skaitytaknyga.lt\/wp-content\/uploads\/2025\/03\/Uz-auksiniu-grotu.-As-gimiau-hareme.webp","type":"image\/webp"}],"twitter_card":"summary_large_image","twitter_misc":{"Estimated reading time":"2 minutes"},"schema":{"@context":"https:\/\/schema.org","@graph":[{"@type":"WebPage","@id":"https:\/\/skaitytaknyga.lt\/produktas\/uz-auksiniu-grotu-as-gimiau-hareme\/","url":"https:\/\/skaitytaknyga.lt\/produktas\/uz-auksiniu-grotu-as-gimiau-hareme\/","name":"U\u017e auksini\u0173 grot\u0173. A\u0161 gimiau hareme","isPartOf":{"@id":"https:\/\/skaitytaknyga.lt\/#website"},"primaryImageOfPage":{"@id":"https:\/\/skaitytaknyga.lt\/produktas\/uz-auksiniu-grotu-as-gimiau-hareme\/#primaryimage"},"image":{"@id":"https:\/\/skaitytaknyga.lt\/produktas\/uz-auksiniu-grotu-as-gimiau-hareme\/#primaryimage"},"thumbnailUrl":"https:\/\/skaitytaknyga.lt\/wp-content\/uploads\/2025\/03\/Uz-auksiniu-grotu.-As-gimiau-hareme.webp","datePublished":"2025-03-06T07:44:51+00:00","dateModified":"2025-03-06T07:45:27+00:00","description":"Sukre\u010dianti moters, gimusios hareme, gyvenimo istorija Baltaod\u0117 42-ej\u0173 vokiet\u0117 Lisa Hofmayer kelion\u0117s po Nigerij\u0105 metu leid\u017eiasi \u012f avanti\u016br\u0105: netik\u0117tai","breadcrumb":{"@id":"https:\/\/skaitytaknyga.lt\/produktas\/uz-auksiniu-grotu-as-gimiau-hareme\/#breadcrumb"},"inLanguage":"en-GB","potentialAction":[{"@type":"ReadAction","target":["https:\/\/skaitytaknyga.lt\/produktas\/uz-auksiniu-grotu-as-gimiau-hareme\/"]}]},{"@type":"ImageObject","inLanguage":"en-GB","@id":"https:\/\/skaitytaknyga.lt\/produktas\/uz-auksiniu-grotu-as-gimiau-hareme\/#primaryimage","url":"https:\/\/skaitytaknyga.lt\/wp-content\/uploads\/2025\/03\/Uz-auksiniu-grotu.-As-gimiau-hareme.webp","contentUrl":"https:\/\/skaitytaknyga.lt\/wp-content\/uploads\/2025\/03\/Uz-auksiniu-grotu.-As-gimiau-hareme.webp","width":491,"height":800,"caption":"U\u017e auksini\u0173 grot\u0173. A\u0161 gimiau hareme"},{"@type":"BreadcrumbList","@id":"https:\/\/skaitytaknyga.lt\/produktas\/uz-auksiniu-grotu-as-gimiau-hareme\/#breadcrumb","itemListElement":[{"@type":"ListItem","position":1,"name":"Home","item":"https:\/\/skaitytaknyga.lt\/"},{"@type":"ListItem","position":2,"name":"Parduotuv\u0117","item":"https:\/\/skaitytaknyga.lt\/knygu-parduotuve\/"},{"@type":"ListItem","position":3,"name":"U\u017e auksini\u0173 grot\u0173. A\u0161 gimiau hareme"}]},{"@type":"WebSite","@id":"https:\/\/skaitytaknyga.lt\/#website","url":"https:\/\/skaitytaknyga.lt\/","name":"skaitytaknyga.lt","description":"Skaitytaknyga.lt \u2013 tai ma\u017eas \u0161eimos verslas, kuris prasid\u0117jo nuo meil\u0117s knygoms ir siekio i\u0161gelb\u0117ti knygas nuo likimo prie konteinerio. Kas vienam nereikalingas daiktas \u2013 kitam lobis, o mes esame tarpininkai, kurie padeda abiems tapti laimingesniems ???? \u017dinome kaip nelengva i\u0161gyventi ma\u017eiems verslams, tad nuo \u0161iol, \u010dia rasite ir kit\u0173, ma\u017e\u0173 \u0161eim\u0173 versl\u0173, rank\u0173 darbo, dovan\u0173 sau ir artimiesiems.","publisher":{"@id":"https:\/\/skaitytaknyga.lt\/#organization"},"potentialAction":[{"@type":"SearchAction","target":{"@type":"EntryPoint","urlTemplate":"https:\/\/skaitytaknyga.lt\/?s={search_term_string}"},"query-input":{"@type":"PropertyValueSpecification","valueRequired":true,"valueName":"search_term_string"}}],"inLanguage":"en-GB"},{"@type":"Organization","@id":"https:\/\/skaitytaknyga.lt\/#organization","name":"skaitytaknyga.lt","url":"https:\/\/skaitytaknyga.lt\/","logo":{"@type":"ImageObject","inLanguage":"en-GB","@id":"https:\/\/skaitytaknyga.lt\/#\/schema\/logo\/image\/","url":"https:\/\/skaitytaknyga.lt\/wp-content\/uploads\/2024\/05\/cropped-cropped-cropped-02_00843_jt3bggkj1j3HLc7SyY6rEUpg.jpeg","contentUrl":"https:\/\/skaitytaknyga.lt\/wp-content\/uploads\/2024\/05\/cropped-cropped-cropped-02_00843_jt3bggkj1j3HLc7SyY6rEUpg.jpeg","width":1600,"height":1600,"caption":"skaitytaknyga.lt"},"image":{"@id":"https:\/\/skaitytaknyga.lt\/#\/schema\/logo\/image\/"},"sameAs":["https:\/\/www.facebook.com\/skaitytaknyga\/"]}]}},"_links":{"self":[{"href":"https:\/\/skaitytaknyga.lt\/en\/wp-json\/wp\/v2\/product\/17079","targetHints":{"allow":["GET"]}}],"collection":[{"href":"https:\/\/skaitytaknyga.lt\/en\/wp-json\/wp\/v2\/product"}],"about":[{"href":"https:\/\/skaitytaknyga.lt\/en\/wp-json\/wp\/v2\/types\/product"}],"replies":[{"embeddable":true,"href":"https:\/\/skaitytaknyga.lt\/en\/wp-json\/wp\/v2\/comments?post=17079"}],"wp:featuredmedia":[{"embeddable":true,"href":"https:\/\/skaitytaknyga.lt\/en\/wp-json\/wp\/v2\/media\/17080"}],"wp:attachment":[{"href":"https:\/\/skaitytaknyga.lt\/en\/wp-json\/wp\/v2\/media?parent=17079"}],"wp:term":[{"taxonomy":"product_brand","embeddable":true,"href":"https:\/\/skaitytaknyga.lt\/en\/wp-json\/wp\/v2\/product_brand?post=17079"},{"taxonomy":"product_cat","embeddable":true,"href":"https:\/\/skaitytaknyga.lt\/en\/wp-json\/wp\/v2\/product_cat?post=17079"},{"taxonomy":"product_tag","embeddable":true,"href":"https:\/\/skaitytaknyga.lt\/en\/wp-json\/wp\/v2\/product_tag?post=17079"}],"curies":[{"name":"wp","href":"https:\/\/api.w.org\/{rel}","templated":true}]}}