{"id":17063,"date":"2025-03-05T09:02:21","date_gmt":"2025-03-05T07:02:21","guid":{"rendered":"https:\/\/skaitytaknyga.lt\/?post_type=product&#038;p=17063"},"modified":"2026-03-18T11:09:41","modified_gmt":"2026-03-18T09:09:41","slug":"zmoniu-karaliene","status":"publish","type":"product","link":"https:\/\/skaitytaknyga.lt\/en\/produktas\/zmoniu-karaliene\/","title":{"rendered":"\u017dmoni\u0173 karalien\u0117"},"content":{"rendered":"<p>Ji buvo Saul\u0117s Karalien\u0117&#8230;<\/p>\n<p>O kaip ji \u0161vyt\u0117jo vilk\u0117dama nuostabi\u0105 perlais siuvin\u0117t\u0105 sukni\u0105, apsisiautusi aukso spalvos Venecijos skraiste. Ji dalyvaudavo visose karaliaus r\u016bm\u0173 \u0161vent\u0117se, s\u0117d\u0117davo \u0161alia karaliaus Eduardo III, savo meilu\u017eio. Alisa Perers, varg\u0161\u0117 na\u0161lait\u0117 i\u0161 Esekso, b\u016bdama be galo sumani ir d\u0117l karaliaus dosnumo tapo viena turtingiausi\u0173 dvarininki\u0173 tuometin\u0117je Anglijoje.<\/p>\n<p>XIV am\u017eiaus pabaigoje per maro epidemij\u0105 krito tre\u010ddalis Anglijos gyventoj\u0173. Karaliaus sostas bra\u0161ka \u2013 vis daugiau vald\u017eios \u012fgauna Parlamentas ir Si\u010dio prekybininkai. Nors Eduardas III ilgai did\u017eiavosi \u0161love, jis jau nusen\u0119s ir prasiskolin\u0119s. Tad karaliaus sosto \u0161alininkai rezga planus, kaip susidoroti su naujais prie\u0161ininkais ir veikli\u0105ja Alisa, jau tapusia vos ne tikr\u0105ja \u0161alies valdove.<\/p>\n<p>Naujas\u00a0<strong>Vanoros Bennett<\/strong>\u00a0romanas \u2013 vaizdingas ir dramati\u0161kas pasakojimas apie viduram\u017ei\u0173 Anglij\u0105. Jame daug spalving\u0173 persona\u017e\u0173: valstie\u010di\u0173 ir poet\u0173, pirkli\u0173 ir laisvai samdom\u0173 kari\u0173, mai\u0161taujan\u010di\u0173 kunig\u0173 ir princ\u0173. Pagrindiniai romano herojai \u2013 \u017eavi energinga moteris ir taurios sielos vyras. Alisa liko gyva per maro epidemij\u0105, nusine\u0161usi\u0105 \u012f kapus vis\u0105 jos \u0161eim\u0105. Ji patik\u0117jo esanti nelie\u010diama. Ta\u010diau dideli siekiai ir s\u0105\u017ein\u0117 ne visada eina i\u0161vien.<\/p>\n<p>Autorius: Vanora Bennett<br \/>\nLeid\u0117jas: Alma littera<br \/>\nMetai: 2011<br \/>\nPuslapiai: 592<br \/>\nISBN: 9786090101407<br \/>\nVersijos kodas: PT.<br \/>\nFormatas: 14,5 x 21 cm, kieti vir\u0161eliai<br \/>\nKalba: Lietuvi\u0173<br \/>\nVert\u0117jas: Regina \u0160e\u0161kuvien\u0117<\/p>\n","protected":false},"excerpt":{"rendered":"<p>Ji buvo Saul\u0117s Karalien\u0117&#8230; O kaip ji \u0161vyt\u0117jo vilk\u0117dama nuostabi\u0105 perlais siuvin\u0117t\u0105 sukni\u0105, apsisiautusi aukso spalvos Venecijos skraiste. Ji dalyvaudavo visose karaliaus r\u016bm\u0173 \u0161vent\u0117se, s\u0117d\u0117davo \u0161alia karaliaus Eduardo III, savo meilu\u017eio. Alisa Perers, varg\u0161\u0117 na\u0161lait\u0117 i\u0161 Esekso, b\u016bdama be galo sumani ir d\u0117l karaliaus dosnumo tapo viena turtingiausi\u0173 dvarininki\u0173 tuometin\u0117je Anglijoje. XIV am\u017eiaus pabaigoje per maro epidemij\u0105 krito tre\u010ddalis Anglijos gyventoj\u0173. Karaliaus sostas bra\u0161ka \u2013 vis daugiau vald\u017eios \u012fgauna Parlamentas ir Si\u010dio prekybininkai. Nors Eduardas III ilgai did\u017eiavosi \u0161love, jis jau nusen\u0119s ir prasiskolin\u0119s. Tad karaliaus sosto \u0161alininkai rezga planus, kaip susidoroti su naujais prie\u0161ininkais ir veikli\u0105ja Alisa, jau tapusia vos ne tikr\u0105ja \u0161alies valdove. Naujas\u00a0Vanoros Bennett\u00a0romanas \u2013 vaizdingas ir dramati\u0161kas pasakojimas apie viduram\u017ei\u0173 Anglij\u0105. Jame daug spalving\u0173 persona\u017e\u0173: valstie\u010di\u0173 ir poet\u0173, pirkli\u0173 ir laisvai samdom\u0173 kari\u0173, mai\u0161taujan\u010di\u0173 kunig\u0173 ir princ\u0173. Pagrindiniai romano herojai \u2013 \u017eavi energinga moteris ir taurios sielos vyras. Alisa liko gyva per maro epidemij\u0105, nusine\u0161usi\u0105 \u012f kapus vis\u0105 jos \u0161eim\u0105. Ji patik\u0117jo esanti nelie\u010diama. Ta\u010diau dideli siekiai ir s\u0105\u017ein\u0117 ne visada eina i\u0161vien. Autorius: Vanora Bennett Leid\u0117jas: Alma littera Metai: 2011 Puslapiai: 592 ISBN: 9786090101407 Versijos kodas: PT. Formatas: 14,5 x 21 cm, kieti vir\u0161eliai Kalba: Lietuvi\u0173 Vert\u0117jas: Regina \u0160e\u0161kuvien\u0117<\/p>\n","protected":false},"featured_media":17069,"comment_status":"open","ping_status":"closed","template":"","meta":{"_acf_changed":false,"site-sidebar-layout":"default","site-content-layout":"","ast-site-content-layout":"default","site-content-style":"default","site-sidebar-style":"default","ast-global-header-display":"","ast-banner-title-visibility":"","ast-main-header-display":"","ast-hfb-above-header-display":"","ast-hfb-below-header-display":"","ast-hfb-mobile-header-display":"","site-post-title":"","ast-breadcrumbs-content":"","ast-featured-img":"","footer-sml-layout":"","ast-disable-related-posts":"","theme-transparent-header-meta":"default","adv-header-id-meta":"","stick-header-meta":"","header-above-stick-meta":"","header-main-stick-meta":"","header-below-stick-meta":"","astra-migrate-meta-layouts":"set","ast-page-background-enabled":"default","ast-page-background-meta":{"desktop":{"background-color":"","background-image":"","background-repeat":"repeat","background-position":"center center","background-size":"auto","background-attachment":"scroll","background-type":"","background-media":"","overlay-type":"","overlay-color":"","overlay-opacity":"","overlay-gradient":""},"tablet":{"background-color":"","background-image":"","background-repeat":"repeat","background-position":"center center","background-size":"auto","background-attachment":"scroll","background-type":"","background-media":"","overlay-type":"","overlay-color":"","overlay-opacity":"","overlay-gradient":""},"mobile":{"background-color":"","background-image":"","background-repeat":"repeat","background-position":"center center","background-size":"auto","background-attachment":"scroll","background-type":"","background-media":"","overlay-type":"","overlay-color":"","overlay-opacity":"","overlay-gradient":""}},"ast-content-background-meta":{"desktop":{"background-color":"var(--ast-global-color-4)","background-image":"","background-repeat":"repeat","background-position":"center center","background-size":"auto","background-attachment":"scroll","background-type":"","background-media":"","overlay-type":"","overlay-color":"","overlay-opacity":"","overlay-gradient":""},"tablet":{"background-color":"var(--ast-global-color-4)","background-image":"","background-repeat":"repeat","background-position":"center center","background-size":"auto","background-attachment":"scroll","background-type":"","background-media":"","overlay-type":"","overlay-color":"","overlay-opacity":"","overlay-gradient":""},"mobile":{"background-color":"var(--ast-global-color-4)","background-image":"","background-repeat":"repeat","background-position":"center center","background-size":"auto","background-attachment":"scroll","background-type":"","background-media":"","overlay-type":"","overlay-color":"","overlay-opacity":"","overlay-gradient":""}}},"product_brand":[],"product_cat":[9618],"product_tag":[4509,2224,1796,2395,4819,3040,4820],"class_list":{"0":"post-17063","1":"product","2":"type-product","3":"status-publish","4":"has-post-thumbnail","6":"product_cat-istoriniai-romanai","7":"product_tag-anglija","8":"product_tag-istorija","9":"product_tag-meile","10":"product_tag-politika","11":"product_tag-vanora-bennett","12":"product_tag-viduramziai","13":"product_tag-zmoniu-karaliene","14":"desktop-align-left","15":"tablet-align-left","16":"mobile-align-left","18":"first","19":"instock","20":"shipping-taxable","21":"purchasable","22":"product-type-simple"},"acf":[],"yoast_head":"<!-- This site is optimized with the Yoast SEO plugin v27.0 - https:\/\/yoast.com\/product\/yoast-seo-wordpress\/ -->\n<title>\u017dmoni\u0173 karalien\u0117<\/title>\n<meta name=\"description\" content=\"Ji buvo Saul\u0117s Karalien\u0117... O kaip ji \u0161vyt\u0117jo vilk\u0117dama nuostabi\u0105 perlais siuvin\u0117t\u0105 sukni\u0105, apsisiautusi aukso spalvos Venecijos skraiste. Ji dalyvaudavo\" \/>\n<meta name=\"robots\" content=\"index, follow, max-snippet:-1, max-image-preview:large, max-video-preview:-1\" \/>\n<link rel=\"canonical\" href=\"https:\/\/skaitytaknyga.lt\/en\/produktas\/zmoniu-karaliene\/\" \/>\n<meta property=\"og:locale\" content=\"en_GB\" \/>\n<meta property=\"og:locale:alternate\" content=\"lt_LT\" \/>\n<meta property=\"og:type\" content=\"article\" \/>\n<meta property=\"og:title\" content=\"\u017dmoni\u0173 karalien\u0117\" \/>\n<meta property=\"og:description\" content=\"Ji buvo Saul\u0117s Karalien\u0117... O kaip ji \u0161vyt\u0117jo vilk\u0117dama nuostabi\u0105 perlais siuvin\u0117t\u0105 sukni\u0105, apsisiautusi aukso spalvos Venecijos skraiste. Ji dalyvaudavo\" \/>\n<meta property=\"og:url\" content=\"https:\/\/skaitytaknyga.lt\/en\/produktas\/zmoniu-karaliene\/\" \/>\n<meta property=\"og:site_name\" content=\"Skaitytaknyga\" \/>\n<meta property=\"article:publisher\" content=\"https:\/\/www.facebook.com\/skaitytaknyga\/\" \/>\n<meta property=\"article:modified_time\" content=\"2026-03-18T09:09:41+00:00\" \/>\n<meta property=\"og:image\" content=\"https:\/\/skaitytaknyga.lt\/wp-content\/uploads\/2025\/03\/Zmoniu-karaliene.webp\" \/>\n\t<meta property=\"og:image:width\" content=\"354\" \/>\n\t<meta property=\"og:image:height\" content=\"582\" \/>\n\t<meta property=\"og:image:type\" content=\"image\/webp\" \/>\n<meta name=\"twitter:card\" content=\"summary_large_image\" \/>\n<meta name=\"twitter:label1\" content=\"Estimated reading time\" \/>\n\t<meta name=\"twitter:data1\" content=\"2 minutes\" \/>\n<script type=\"application\/ld+json\" class=\"yoast-schema-graph\">{\"@context\":\"https:\/\/schema.org\",\"@graph\":[{\"@type\":\"WebPage\",\"@id\":\"https:\/\/skaitytaknyga.lt\/produktas\/zmoniu-karaliene\/\",\"url\":\"https:\/\/skaitytaknyga.lt\/produktas\/zmoniu-karaliene\/\",\"name\":\"\u017dmoni\u0173 karalien\u0117\",\"isPartOf\":{\"@id\":\"https:\/\/skaitytaknyga.lt\/#website\"},\"primaryImageOfPage\":{\"@id\":\"https:\/\/skaitytaknyga.lt\/produktas\/zmoniu-karaliene\/#primaryimage\"},\"image\":{\"@id\":\"https:\/\/skaitytaknyga.lt\/produktas\/zmoniu-karaliene\/#primaryimage\"},\"thumbnailUrl\":\"https:\/\/skaitytaknyga.lt\/wp-content\/uploads\/2025\/03\/Zmoniu-karaliene.webp\",\"datePublished\":\"2025-03-05T07:02:21+00:00\",\"dateModified\":\"2026-03-18T09:09:41+00:00\",\"description\":\"Ji buvo Saul\u0117s Karalien\u0117... O kaip ji \u0161vyt\u0117jo vilk\u0117dama nuostabi\u0105 perlais siuvin\u0117t\u0105 sukni\u0105, apsisiautusi aukso spalvos Venecijos skraiste. Ji dalyvaudavo\",\"breadcrumb\":{\"@id\":\"https:\/\/skaitytaknyga.lt\/produktas\/zmoniu-karaliene\/#breadcrumb\"},\"inLanguage\":\"en-GB\",\"potentialAction\":[{\"@type\":\"ReadAction\",\"target\":[\"https:\/\/skaitytaknyga.lt\/produktas\/zmoniu-karaliene\/\"]}]},{\"@type\":\"ImageObject\",\"inLanguage\":\"en-GB\",\"@id\":\"https:\/\/skaitytaknyga.lt\/produktas\/zmoniu-karaliene\/#primaryimage\",\"url\":\"https:\/\/skaitytaknyga.lt\/wp-content\/uploads\/2025\/03\/Zmoniu-karaliene.webp\",\"contentUrl\":\"https:\/\/skaitytaknyga.lt\/wp-content\/uploads\/2025\/03\/Zmoniu-karaliene.webp\",\"width\":354,\"height\":582,\"caption\":\"\u017dmoni\u0173 karalien\u0117\"},{\"@type\":\"BreadcrumbList\",\"@id\":\"https:\/\/skaitytaknyga.lt\/produktas\/zmoniu-karaliene\/#breadcrumb\",\"itemListElement\":[{\"@type\":\"ListItem\",\"position\":1,\"name\":\"Home\",\"item\":\"https:\/\/skaitytaknyga.lt\/\"},{\"@type\":\"ListItem\",\"position\":2,\"name\":\"Parduotuv\u0117\",\"item\":\"https:\/\/skaitytaknyga.lt\/knygu-parduotuve\/\"},{\"@type\":\"ListItem\",\"position\":3,\"name\":\"\u017dmoni\u0173 karalien\u0117\"}]},{\"@type\":\"WebSite\",\"@id\":\"https:\/\/skaitytaknyga.lt\/#website\",\"url\":\"https:\/\/skaitytaknyga.lt\/\",\"name\":\"skaitytaknyga.lt\",\"description\":\"Skaitytaknyga.lt \u2013 tai ma\u017eas \u0161eimos verslas, kuris prasid\u0117jo nuo meil\u0117s knygoms ir siekio i\u0161gelb\u0117ti knygas nuo likimo prie konteinerio. Kas vienam nereikalingas daiktas \u2013 kitam lobis, o mes esame tarpininkai, kurie padeda abiems tapti laimingesniems ???? \u017dinome kaip nelengva i\u0161gyventi ma\u017eiems verslams, tad nuo \u0161iol, \u010dia rasite ir kit\u0173, ma\u017e\u0173 \u0161eim\u0173 versl\u0173, rank\u0173 darbo, dovan\u0173 sau ir artimiesiems.\",\"publisher\":{\"@id\":\"https:\/\/skaitytaknyga.lt\/#organization\"},\"potentialAction\":[{\"@type\":\"SearchAction\",\"target\":{\"@type\":\"EntryPoint\",\"urlTemplate\":\"https:\/\/skaitytaknyga.lt\/?s={search_term_string}\"},\"query-input\":{\"@type\":\"PropertyValueSpecification\",\"valueRequired\":true,\"valueName\":\"search_term_string\"}}],\"inLanguage\":\"en-GB\"},{\"@type\":\"Organization\",\"@id\":\"https:\/\/skaitytaknyga.lt\/#organization\",\"name\":\"skaitytaknyga.lt\",\"url\":\"https:\/\/skaitytaknyga.lt\/\",\"logo\":{\"@type\":\"ImageObject\",\"inLanguage\":\"en-GB\",\"@id\":\"https:\/\/skaitytaknyga.lt\/#\/schema\/logo\/image\/\",\"url\":\"https:\/\/skaitytaknyga.lt\/wp-content\/uploads\/2024\/05\/cropped-cropped-cropped-02_00843_jt3bggkj1j3HLc7SyY6rEUpg.jpeg\",\"contentUrl\":\"https:\/\/skaitytaknyga.lt\/wp-content\/uploads\/2024\/05\/cropped-cropped-cropped-02_00843_jt3bggkj1j3HLc7SyY6rEUpg.jpeg\",\"width\":1600,\"height\":1600,\"caption\":\"skaitytaknyga.lt\"},\"image\":{\"@id\":\"https:\/\/skaitytaknyga.lt\/#\/schema\/logo\/image\/\"},\"sameAs\":[\"https:\/\/www.facebook.com\/skaitytaknyga\/\"]}]}<\/script>\n<!-- \/ Yoast SEO plugin. -->","yoast_head_json":{"title":"\u017dmoni\u0173 karalien\u0117","description":"Ji buvo Saul\u0117s Karalien\u0117... O kaip ji \u0161vyt\u0117jo vilk\u0117dama nuostabi\u0105 perlais siuvin\u0117t\u0105 sukni\u0105, apsisiautusi aukso spalvos Venecijos skraiste. Ji dalyvaudavo","robots":{"index":"index","follow":"follow","max-snippet":"max-snippet:-1","max-image-preview":"max-image-preview:large","max-video-preview":"max-video-preview:-1"},"canonical":"https:\/\/skaitytaknyga.lt\/en\/produktas\/zmoniu-karaliene\/","og_locale":"en_GB","og_type":"article","og_title":"[:lt]\u017dmoni\u0173 karalien\u0117[:] - Skaitytaknyga","og_description":"Ji buvo Saul\u0117s Karalien\u0117... O kaip ji \u0161vyt\u0117jo vilk\u0117dama nuostabi\u0105 perlais siuvin\u0117t\u0105 sukni\u0105, apsisiautusi aukso spalvos Venecijos skraiste. Ji dalyvaudavo","og_url":"https:\/\/skaitytaknyga.lt\/en\/produktas\/zmoniu-karaliene\/","og_site_name":"Skaitytaknyga","article_publisher":"https:\/\/www.facebook.com\/skaitytaknyga\/","article_modified_time":"2026-03-18T09:09:41+00:00","og_image":[{"width":354,"height":582,"url":"https:\/\/skaitytaknyga.lt\/wp-content\/uploads\/2025\/03\/Zmoniu-karaliene.webp","type":"image\/webp"}],"twitter_card":"summary_large_image","twitter_misc":{"Estimated reading time":"2 minutes"},"schema":{"@context":"https:\/\/schema.org","@graph":[{"@type":"WebPage","@id":"https:\/\/skaitytaknyga.lt\/produktas\/zmoniu-karaliene\/","url":"https:\/\/skaitytaknyga.lt\/produktas\/zmoniu-karaliene\/","name":"\u017dmoni\u0173 karalien\u0117","isPartOf":{"@id":"https:\/\/skaitytaknyga.lt\/#website"},"primaryImageOfPage":{"@id":"https:\/\/skaitytaknyga.lt\/produktas\/zmoniu-karaliene\/#primaryimage"},"image":{"@id":"https:\/\/skaitytaknyga.lt\/produktas\/zmoniu-karaliene\/#primaryimage"},"thumbnailUrl":"https:\/\/skaitytaknyga.lt\/wp-content\/uploads\/2025\/03\/Zmoniu-karaliene.webp","datePublished":"2025-03-05T07:02:21+00:00","dateModified":"2026-03-18T09:09:41+00:00","description":"Ji buvo Saul\u0117s Karalien\u0117... O kaip ji \u0161vyt\u0117jo vilk\u0117dama nuostabi\u0105 perlais siuvin\u0117t\u0105 sukni\u0105, apsisiautusi aukso spalvos Venecijos skraiste. Ji dalyvaudavo","breadcrumb":{"@id":"https:\/\/skaitytaknyga.lt\/produktas\/zmoniu-karaliene\/#breadcrumb"},"inLanguage":"en-GB","potentialAction":[{"@type":"ReadAction","target":["https:\/\/skaitytaknyga.lt\/produktas\/zmoniu-karaliene\/"]}]},{"@type":"ImageObject","inLanguage":"en-GB","@id":"https:\/\/skaitytaknyga.lt\/produktas\/zmoniu-karaliene\/#primaryimage","url":"https:\/\/skaitytaknyga.lt\/wp-content\/uploads\/2025\/03\/Zmoniu-karaliene.webp","contentUrl":"https:\/\/skaitytaknyga.lt\/wp-content\/uploads\/2025\/03\/Zmoniu-karaliene.webp","width":354,"height":582,"caption":"\u017dmoni\u0173 karalien\u0117"},{"@type":"BreadcrumbList","@id":"https:\/\/skaitytaknyga.lt\/produktas\/zmoniu-karaliene\/#breadcrumb","itemListElement":[{"@type":"ListItem","position":1,"name":"Home","item":"https:\/\/skaitytaknyga.lt\/"},{"@type":"ListItem","position":2,"name":"Parduotuv\u0117","item":"https:\/\/skaitytaknyga.lt\/knygu-parduotuve\/"},{"@type":"ListItem","position":3,"name":"\u017dmoni\u0173 karalien\u0117"}]},{"@type":"WebSite","@id":"https:\/\/skaitytaknyga.lt\/#website","url":"https:\/\/skaitytaknyga.lt\/","name":"skaitytaknyga.lt","description":"Skaitytaknyga.lt \u2013 tai ma\u017eas \u0161eimos verslas, kuris prasid\u0117jo nuo meil\u0117s knygoms ir siekio i\u0161gelb\u0117ti knygas nuo likimo prie konteinerio. Kas vienam nereikalingas daiktas \u2013 kitam lobis, o mes esame tarpininkai, kurie padeda abiems tapti laimingesniems ???? \u017dinome kaip nelengva i\u0161gyventi ma\u017eiems verslams, tad nuo \u0161iol, \u010dia rasite ir kit\u0173, ma\u017e\u0173 \u0161eim\u0173 versl\u0173, rank\u0173 darbo, dovan\u0173 sau ir artimiesiems.","publisher":{"@id":"https:\/\/skaitytaknyga.lt\/#organization"},"potentialAction":[{"@type":"SearchAction","target":{"@type":"EntryPoint","urlTemplate":"https:\/\/skaitytaknyga.lt\/?s={search_term_string}"},"query-input":{"@type":"PropertyValueSpecification","valueRequired":true,"valueName":"search_term_string"}}],"inLanguage":"en-GB"},{"@type":"Organization","@id":"https:\/\/skaitytaknyga.lt\/#organization","name":"skaitytaknyga.lt","url":"https:\/\/skaitytaknyga.lt\/","logo":{"@type":"ImageObject","inLanguage":"en-GB","@id":"https:\/\/skaitytaknyga.lt\/#\/schema\/logo\/image\/","url":"https:\/\/skaitytaknyga.lt\/wp-content\/uploads\/2024\/05\/cropped-cropped-cropped-02_00843_jt3bggkj1j3HLc7SyY6rEUpg.jpeg","contentUrl":"https:\/\/skaitytaknyga.lt\/wp-content\/uploads\/2024\/05\/cropped-cropped-cropped-02_00843_jt3bggkj1j3HLc7SyY6rEUpg.jpeg","width":1600,"height":1600,"caption":"skaitytaknyga.lt"},"image":{"@id":"https:\/\/skaitytaknyga.lt\/#\/schema\/logo\/image\/"},"sameAs":["https:\/\/www.facebook.com\/skaitytaknyga\/"]}]}},"_links":{"self":[{"href":"https:\/\/skaitytaknyga.lt\/en\/wp-json\/wp\/v2\/product\/17063","targetHints":{"allow":["GET"]}}],"collection":[{"href":"https:\/\/skaitytaknyga.lt\/en\/wp-json\/wp\/v2\/product"}],"about":[{"href":"https:\/\/skaitytaknyga.lt\/en\/wp-json\/wp\/v2\/types\/product"}],"replies":[{"embeddable":true,"href":"https:\/\/skaitytaknyga.lt\/en\/wp-json\/wp\/v2\/comments?post=17063"}],"wp:featuredmedia":[{"embeddable":true,"href":"https:\/\/skaitytaknyga.lt\/en\/wp-json\/wp\/v2\/media\/17069"}],"wp:attachment":[{"href":"https:\/\/skaitytaknyga.lt\/en\/wp-json\/wp\/v2\/media?parent=17063"}],"wp:term":[{"taxonomy":"product_brand","embeddable":true,"href":"https:\/\/skaitytaknyga.lt\/en\/wp-json\/wp\/v2\/product_brand?post=17063"},{"taxonomy":"product_cat","embeddable":true,"href":"https:\/\/skaitytaknyga.lt\/en\/wp-json\/wp\/v2\/product_cat?post=17063"},{"taxonomy":"product_tag","embeddable":true,"href":"https:\/\/skaitytaknyga.lt\/en\/wp-json\/wp\/v2\/product_tag?post=17063"}],"curies":[{"name":"wp","href":"https:\/\/api.w.org\/{rel}","templated":true}]}}