{"id":17056,"date":"2025-03-05T09:02:20","date_gmt":"2025-03-05T07:02:20","guid":{"rendered":"https:\/\/skaitytaknyga.lt\/?post_type=product&#038;p=17056"},"modified":"2025-06-11T08:50:17","modified_gmt":"2025-06-11T05:50:17","slug":"moteris-kuri-turi-plana-gyvenimas-kupinas-nuotykiu-dziaugsmo-ir-grozio","status":"publish","type":"product","link":"https:\/\/skaitytaknyga.lt\/en\/produktas\/moteris-kuri-turi-plana-gyvenimas-kupinas-nuotykiu-dziaugsmo-ir-grozio\/","title":{"rendered":"Moteris, kuri turi plan\u0105: gyvenimas kupinas nuotyki\u0173, d\u017eiaugsmo ir gro\u017eio"},"content":{"rendered":"<p>Turite pati nuspr\u0119sti, kada norite b\u016bti laiminga. Kada tai nutiks? Kam atid\u0117lioti karjeros poky\u010dius, r\u016bpinim\u0105si sveikata, laiming\u0105 \u0161eim\u0105, draugus, meil\u0119 gyvenimui? B\u016bdavo akimirk\u0173, kai nemaniau, jog kada nors tapsiu laiminga. Niekada! Ir tuomet sugalvodavau plan\u0105, kaip i\u0161 ten i\u0161tr\u016bkti, nes neverta skend\u0117ti nuolatiniame li\u016bdesyje. Tad kurkite savo plan\u0105 dabar.<br \/>\n\u2014 MAYE MUSK<\/p>\n<p>MAYE MUSK, tarptautinis supermodelis, licencijuota dietolog\u0117 ir mitybos specialist\u0117, knygoje\u00a0<strong>\u201eMoteris, kuri turi plan\u0105\u201c<\/strong>\u00a0atvirai dalijasi savo gyvenimo patirtimi ir pateikia praktini\u0173 patarim\u0173 apie karjer\u0105 (kuo daugiau dirbsi, tuo daugiau s\u0117km\u0117s sulauksi), \u0161eim\u0105 (leisk tiems, kuriuos myli, rinktis savo keli\u0105), sveikat\u0105 (n\u0117ra stebuklingos tablet\u0117s), nuotykius (rask erdv\u0117s atradimams, bet visuomet b\u016bk pasiruo\u0161usi netik\u0117tumams) ir dar daugiau.<\/p>\n<p>J\u016bs negalite kontroliuoti visko, kas nutinka, bet galite susikurti laimingesn\u012f, sveikesn\u012f ir smagesn\u012f gyvenim\u0105 b\u016bdama bet kokio am\u017eiaus. Viskas, ko reikia, \u2013 tur\u0117ti plan\u0105.<\/p>\n<p>\u0160ilta, nuo\u0161irdi ir tikra \u2013 knyga\u00a0<strong>\u201eMoteris, kuri turi plan\u0105\u201c<\/strong>\u00a0kupina \u012f\u017evalg\u0173, nestokojanti humoro, si\u016blanti skaitytojams sunkiai per gyvenim\u0105 sukaupt\u0105 i\u0161mint\u012f ir patarimus. Maye Musk yra savo laiko valdov\u0117, \u017einanti, kad gyvenimas pilnas staigmen\u0173, ir mokanti jomis naudotis!<br \/>\n\u2014 DIANE VON FURSTENBERG, LEGENDIN\u0116 MADOS DIZAINER\u0116<\/p>\n<p>Originalus pavadinimas: A Woman Makes a Plan: Advice for Lifetime of Adventure, Beauty, and Success<br \/>\nAutorius: Maye Musk<br \/>\nLeid\u0117jas: Alma littera<br \/>\nMetai: 2021<br \/>\nPuslapiai: 240<br \/>\nISBN: 9786090146583<br \/>\nVersijos kodas: P.<br \/>\nFormatas: 14,3 x 21,3 x 2,5 cm, kieti vir\u0161eliai<br \/>\nKalba: Lietuvi\u0173<br \/>\nVert\u0117jas: Inga B\u016bdvytyt\u0117<\/p>\n","protected":false},"excerpt":{"rendered":"<p>Turite pati nuspr\u0119sti, kada norite b\u016bti laiminga. Kada tai nutiks? Kam atid\u0117lioti karjeros poky\u010dius, r\u016bpinim\u0105si sveikata, laiming\u0105 \u0161eim\u0105, draugus, meil\u0119 gyvenimui? B\u016bdavo akimirk\u0173, kai nemaniau, jog kada nors tapsiu laiminga. Niekada! Ir tuomet sugalvodavau plan\u0105, kaip i\u0161 ten i\u0161tr\u016bkti, nes neverta skend\u0117ti nuolatiniame li\u016bdesyje. Tad kurkite savo plan\u0105 dabar. \u2014 MAYE MUSK MAYE MUSK, tarptautinis supermodelis, licencijuota dietolog\u0117 ir mitybos specialist\u0117, knygoje\u00a0\u201eMoteris, kuri turi plan\u0105\u201c\u00a0atvirai dalijasi savo gyvenimo patirtimi ir pateikia praktini\u0173 patarim\u0173 apie karjer\u0105 (kuo daugiau dirbsi, tuo daugiau s\u0117km\u0117s sulauksi), \u0161eim\u0105 (leisk tiems, kuriuos myli, rinktis savo keli\u0105), sveikat\u0105 (n\u0117ra stebuklingos tablet\u0117s), nuotykius (rask erdv\u0117s atradimams, bet visuomet b\u016bk pasiruo\u0161usi netik\u0117tumams) ir dar daugiau. J\u016bs negalite kontroliuoti visko, kas nutinka, bet galite susikurti laimingesn\u012f, sveikesn\u012f ir smagesn\u012f gyvenim\u0105 b\u016bdama bet kokio am\u017eiaus. Viskas, ko reikia, \u2013 tur\u0117ti plan\u0105. \u0160ilta, nuo\u0161irdi ir tikra \u2013 knyga\u00a0\u201eMoteris, kuri turi plan\u0105\u201c\u00a0kupina \u012f\u017evalg\u0173, nestokojanti humoro, si\u016blanti skaitytojams sunkiai per gyvenim\u0105 sukaupt\u0105 i\u0161mint\u012f ir patarimus. Maye Musk yra savo laiko valdov\u0117, \u017einanti, kad gyvenimas pilnas staigmen\u0173, ir mokanti jomis naudotis! \u2014 DIANE VON FURSTENBERG, LEGENDIN\u0116 MADOS DIZAINER\u0116 Originalus pavadinimas: A Woman Makes a Plan: Advice for Lifetime of Adventure, Beauty, and Success Autorius: Maye Musk Leid\u0117jas: Alma littera Metai: 2021 Puslapiai: 240 ISBN: 9786090146583 Versijos kodas: P. Formatas: 14,3 x 21,3 x 2,5 cm, kieti vir\u0161eliai Kalba: Lietuvi\u0173 Vert\u0117jas: Inga B\u016bdvytyt\u0117<\/p>\n","protected":false},"featured_media":17076,"comment_status":"open","ping_status":"closed","template":"","meta":{"_acf_changed":false,"site-sidebar-layout":"default","site-content-layout":"","ast-site-content-layout":"default","site-content-style":"default","site-sidebar-style":"default","ast-global-header-display":"","ast-banner-title-visibility":"","ast-main-header-display":"","ast-hfb-above-header-display":"","ast-hfb-below-header-display":"","ast-hfb-mobile-header-display":"","site-post-title":"","ast-breadcrumbs-content":"","ast-featured-img":"","footer-sml-layout":"","ast-disable-related-posts":"","theme-transparent-header-meta":"default","adv-header-id-meta":"","stick-header-meta":"","header-above-stick-meta":"","header-main-stick-meta":"","header-below-stick-meta":"","astra-migrate-meta-layouts":"set","ast-page-background-enabled":"default","ast-page-background-meta":{"desktop":{"background-color":"","background-image":"","background-repeat":"repeat","background-position":"center center","background-size":"auto","background-attachment":"scroll","background-type":"","background-media":"","overlay-type":"","overlay-color":"","overlay-opacity":"","overlay-gradient":""},"tablet":{"background-color":"","background-image":"","background-repeat":"repeat","background-position":"center center","background-size":"auto","background-attachment":"scroll","background-type":"","background-media":"","overlay-type":"","overlay-color":"","overlay-opacity":"","overlay-gradient":""},"mobile":{"background-color":"","background-image":"","background-repeat":"repeat","background-position":"center center","background-size":"auto","background-attachment":"scroll","background-type":"","background-media":"","overlay-type":"","overlay-color":"","overlay-opacity":"","overlay-gradient":""}},"ast-content-background-meta":{"desktop":{"background-color":"var(--ast-global-color-4)","background-image":"","background-repeat":"repeat","background-position":"center center","background-size":"auto","background-attachment":"scroll","background-type":"","background-media":"","overlay-type":"","overlay-color":"","overlay-opacity":"","overlay-gradient":""},"tablet":{"background-color":"var(--ast-global-color-4)","background-image":"","background-repeat":"repeat","background-position":"center center","background-size":"auto","background-attachment":"scroll","background-type":"","background-media":"","overlay-type":"","overlay-color":"","overlay-opacity":"","overlay-gradient":""},"mobile":{"background-color":"var(--ast-global-color-4)","background-image":"","background-repeat":"repeat","background-position":"center center","background-size":"auto","background-attachment":"scroll","background-type":"","background-media":"","overlay-type":"","overlay-color":"","overlay-opacity":"","overlay-gradient":""}}},"product_brand":[],"product_cat":[15,30],"product_tag":[4874,2426,4875,4872,3263,2160,1970,4871,2196,3198,1703,1409,1451,1396,1646,2411,4873,1680],"class_list":{"0":"post-17056","1":"product","2":"type-product","3":"status-publish","4":"has-post-thumbnail","6":"product_cat-uncategorized","7":"product_cat-psichologija-ir-saviugda","8":"product_tag-dietologe","9":"product_tag-gyvenimo-kokybe","10":"product_tag-gyvenimo-patarimai","11":"product_tag-gyvenimo-planas","12":"product_tag-izvalgos","13":"product_tag-karjera","14":"product_tag-laime","15":"product_tag-maye-musk","16":"product_tag-mityba","17":"product_tag-moteris","18":"product_tag-moteru-literatura","19":"product_tag-motyvacija","20":"product_tag-nuotykiai","21":"product_tag-saviugda","22":"product_tag-seima","23":"product_tag-sekme","24":"product_tag-supermodelis","25":"product_tag-sveikata","26":"desktop-align-left","27":"tablet-align-left","28":"mobile-align-left","30":"first","31":"instock","32":"shipping-taxable","33":"purchasable","34":"product-type-simple"},"acf":[],"yoast_head":"<!-- This site is optimized with the Yoast SEO plugin v27.0 - https:\/\/yoast.com\/product\/yoast-seo-wordpress\/ -->\n<title>Moteris, kuri turi plan\u0105: gyvenimas kupinas nuotyki\u0173, d\u017eiaugsmo ir gro\u017eio<\/title>\n<meta name=\"description\" content=\"Turite pati nuspr\u0119sti, kada norite b\u016bti laiminga. Kada tai nutiks? Kam atid\u0117lioti karjeros poky\u010dius, r\u016bpinim\u0105si sveikata, laiming\u0105 \u0161eim\u0105, draugus, meil\u0119\" \/>\n<meta name=\"robots\" content=\"index, follow, max-snippet:-1, max-image-preview:large, max-video-preview:-1\" \/>\n<link rel=\"canonical\" href=\"https:\/\/skaitytaknyga.lt\/en\/produktas\/moteris-kuri-turi-plana-gyvenimas-kupinas-nuotykiu-dziaugsmo-ir-grozio\/\" \/>\n<meta property=\"og:locale\" content=\"en_GB\" \/>\n<meta property=\"og:locale:alternate\" content=\"lt_LT\" \/>\n<meta property=\"og:type\" content=\"article\" \/>\n<meta property=\"og:title\" content=\"Moteris, kuri turi plan\u0105: gyvenimas kupinas nuotyki\u0173, d\u017eiaugsmo ir gro\u017eio\" \/>\n<meta property=\"og:description\" content=\"Turite pati nuspr\u0119sti, kada norite b\u016bti laiminga. Kada tai nutiks? Kam atid\u0117lioti karjeros poky\u010dius, r\u016bpinim\u0105si sveikata, laiming\u0105 \u0161eim\u0105, draugus, meil\u0119\" \/>\n<meta property=\"og:url\" content=\"https:\/\/skaitytaknyga.lt\/en\/produktas\/moteris-kuri-turi-plana-gyvenimas-kupinas-nuotykiu-dziaugsmo-ir-grozio\/\" \/>\n<meta property=\"og:site_name\" content=\"Skaitytaknyga\" \/>\n<meta property=\"article:publisher\" content=\"https:\/\/www.facebook.com\/skaitytaknyga\/\" \/>\n<meta property=\"article:modified_time\" content=\"2025-06-11T05:50:17+00:00\" \/>\n<meta property=\"og:image\" content=\"https:\/\/skaitytaknyga.lt\/wp-content\/uploads\/2025\/03\/Moteris-kuri-turi-plana-gyvenimas-kupinas-nuotykiu-dziaugsmo-ir-grozio.jpg\" \/>\n\t<meta property=\"og:image:width\" content=\"403\" \/>\n\t<meta property=\"og:image:height\" content=\"600\" \/>\n\t<meta property=\"og:image:type\" content=\"image\/jpeg\" \/>\n<meta name=\"twitter:card\" content=\"summary_large_image\" \/>\n<meta name=\"twitter:label1\" content=\"Estimated reading time\" \/>\n\t<meta name=\"twitter:data1\" content=\"2 minutes\" \/>\n<script type=\"application\/ld+json\" class=\"yoast-schema-graph\">{\"@context\":\"https:\/\/schema.org\",\"@graph\":[{\"@type\":\"WebPage\",\"@id\":\"https:\/\/skaitytaknyga.lt\/produktas\/moteris-kuri-turi-plana-gyvenimas-kupinas-nuotykiu-dziaugsmo-ir-grozio\/\",\"url\":\"https:\/\/skaitytaknyga.lt\/produktas\/moteris-kuri-turi-plana-gyvenimas-kupinas-nuotykiu-dziaugsmo-ir-grozio\/\",\"name\":\"Moteris, kuri turi plan\u0105: gyvenimas kupinas nuotyki\u0173, d\u017eiaugsmo ir gro\u017eio\",\"isPartOf\":{\"@id\":\"https:\/\/skaitytaknyga.lt\/#website\"},\"primaryImageOfPage\":{\"@id\":\"https:\/\/skaitytaknyga.lt\/produktas\/moteris-kuri-turi-plana-gyvenimas-kupinas-nuotykiu-dziaugsmo-ir-grozio\/#primaryimage\"},\"image\":{\"@id\":\"https:\/\/skaitytaknyga.lt\/produktas\/moteris-kuri-turi-plana-gyvenimas-kupinas-nuotykiu-dziaugsmo-ir-grozio\/#primaryimage\"},\"thumbnailUrl\":\"https:\/\/skaitytaknyga.lt\/wp-content\/uploads\/2025\/03\/Moteris-kuri-turi-plana-gyvenimas-kupinas-nuotykiu-dziaugsmo-ir-grozio.jpg\",\"datePublished\":\"2025-03-05T07:02:20+00:00\",\"dateModified\":\"2025-06-11T05:50:17+00:00\",\"description\":\"Turite pati nuspr\u0119sti, kada norite b\u016bti laiminga. Kada tai nutiks? Kam atid\u0117lioti karjeros poky\u010dius, r\u016bpinim\u0105si sveikata, laiming\u0105 \u0161eim\u0105, draugus, meil\u0119\",\"breadcrumb\":{\"@id\":\"https:\/\/skaitytaknyga.lt\/produktas\/moteris-kuri-turi-plana-gyvenimas-kupinas-nuotykiu-dziaugsmo-ir-grozio\/#breadcrumb\"},\"inLanguage\":\"en-GB\",\"potentialAction\":[{\"@type\":\"ReadAction\",\"target\":[\"https:\/\/skaitytaknyga.lt\/produktas\/moteris-kuri-turi-plana-gyvenimas-kupinas-nuotykiu-dziaugsmo-ir-grozio\/\"]}]},{\"@type\":\"ImageObject\",\"inLanguage\":\"en-GB\",\"@id\":\"https:\/\/skaitytaknyga.lt\/produktas\/moteris-kuri-turi-plana-gyvenimas-kupinas-nuotykiu-dziaugsmo-ir-grozio\/#primaryimage\",\"url\":\"https:\/\/skaitytaknyga.lt\/wp-content\/uploads\/2025\/03\/Moteris-kuri-turi-plana-gyvenimas-kupinas-nuotykiu-dziaugsmo-ir-grozio.jpg\",\"contentUrl\":\"https:\/\/skaitytaknyga.lt\/wp-content\/uploads\/2025\/03\/Moteris-kuri-turi-plana-gyvenimas-kupinas-nuotykiu-dziaugsmo-ir-grozio.jpg\",\"width\":403,\"height\":600,\"caption\":\"Moteris, kuri turi plan\u0105: gyvenimas kupinas nuotyki\u0173, d\u017eiaugsmo ir gro\u017eio\"},{\"@type\":\"BreadcrumbList\",\"@id\":\"https:\/\/skaitytaknyga.lt\/produktas\/moteris-kuri-turi-plana-gyvenimas-kupinas-nuotykiu-dziaugsmo-ir-grozio\/#breadcrumb\",\"itemListElement\":[{\"@type\":\"ListItem\",\"position\":1,\"name\":\"Home\",\"item\":\"https:\/\/skaitytaknyga.lt\/\"},{\"@type\":\"ListItem\",\"position\":2,\"name\":\"Parduotuv\u0117\",\"item\":\"https:\/\/skaitytaknyga.lt\/knygu-parduotuve\/\"},{\"@type\":\"ListItem\",\"position\":3,\"name\":\"Moteris, kuri turi plan\u0105: gyvenimas kupinas nuotyki\u0173, d\u017eiaugsmo ir gro\u017eio\"}]},{\"@type\":\"WebSite\",\"@id\":\"https:\/\/skaitytaknyga.lt\/#website\",\"url\":\"https:\/\/skaitytaknyga.lt\/\",\"name\":\"skaitytaknyga.lt\",\"description\":\"Skaitytaknyga.lt \u2013 tai ma\u017eas \u0161eimos verslas, kuris prasid\u0117jo nuo meil\u0117s knygoms ir siekio i\u0161gelb\u0117ti knygas nuo likimo prie konteinerio. Kas vienam nereikalingas daiktas \u2013 kitam lobis, o mes esame tarpininkai, kurie padeda abiems tapti laimingesniems ???? \u017dinome kaip nelengva i\u0161gyventi ma\u017eiems verslams, tad nuo \u0161iol, \u010dia rasite ir kit\u0173, ma\u017e\u0173 \u0161eim\u0173 versl\u0173, rank\u0173 darbo, dovan\u0173 sau ir artimiesiems.\",\"publisher\":{\"@id\":\"https:\/\/skaitytaknyga.lt\/#organization\"},\"potentialAction\":[{\"@type\":\"SearchAction\",\"target\":{\"@type\":\"EntryPoint\",\"urlTemplate\":\"https:\/\/skaitytaknyga.lt\/?s={search_term_string}\"},\"query-input\":{\"@type\":\"PropertyValueSpecification\",\"valueRequired\":true,\"valueName\":\"search_term_string\"}}],\"inLanguage\":\"en-GB\"},{\"@type\":\"Organization\",\"@id\":\"https:\/\/skaitytaknyga.lt\/#organization\",\"name\":\"skaitytaknyga.lt\",\"url\":\"https:\/\/skaitytaknyga.lt\/\",\"logo\":{\"@type\":\"ImageObject\",\"inLanguage\":\"en-GB\",\"@id\":\"https:\/\/skaitytaknyga.lt\/#\/schema\/logo\/image\/\",\"url\":\"https:\/\/skaitytaknyga.lt\/wp-content\/uploads\/2024\/05\/cropped-cropped-cropped-02_00843_jt3bggkj1j3HLc7SyY6rEUpg.jpeg\",\"contentUrl\":\"https:\/\/skaitytaknyga.lt\/wp-content\/uploads\/2024\/05\/cropped-cropped-cropped-02_00843_jt3bggkj1j3HLc7SyY6rEUpg.jpeg\",\"width\":1600,\"height\":1600,\"caption\":\"skaitytaknyga.lt\"},\"image\":{\"@id\":\"https:\/\/skaitytaknyga.lt\/#\/schema\/logo\/image\/\"},\"sameAs\":[\"https:\/\/www.facebook.com\/skaitytaknyga\/\"]}]}<\/script>\n<!-- \/ Yoast SEO plugin. -->","yoast_head_json":{"title":"Moteris, kuri turi plan\u0105: gyvenimas kupinas nuotyki\u0173, d\u017eiaugsmo ir gro\u017eio","description":"Turite pati nuspr\u0119sti, kada norite b\u016bti laiminga. Kada tai nutiks? Kam atid\u0117lioti karjeros poky\u010dius, r\u016bpinim\u0105si sveikata, laiming\u0105 \u0161eim\u0105, draugus, meil\u0119","robots":{"index":"index","follow":"follow","max-snippet":"max-snippet:-1","max-image-preview":"max-image-preview:large","max-video-preview":"max-video-preview:-1"},"canonical":"https:\/\/skaitytaknyga.lt\/en\/produktas\/moteris-kuri-turi-plana-gyvenimas-kupinas-nuotykiu-dziaugsmo-ir-grozio\/","og_locale":"en_GB","og_type":"article","og_title":"[:lt]Moteris, kuri turi plan\u0105: gyvenimas kupinas nuotyki\u0173, d\u017eiaugsmo ir gro\u017eio[:] - Skaitytaknyga","og_description":"Turite pati nuspr\u0119sti, kada norite b\u016bti laiminga. Kada tai nutiks? Kam atid\u0117lioti karjeros poky\u010dius, r\u016bpinim\u0105si sveikata, laiming\u0105 \u0161eim\u0105, draugus, meil\u0119","og_url":"https:\/\/skaitytaknyga.lt\/en\/produktas\/moteris-kuri-turi-plana-gyvenimas-kupinas-nuotykiu-dziaugsmo-ir-grozio\/","og_site_name":"Skaitytaknyga","article_publisher":"https:\/\/www.facebook.com\/skaitytaknyga\/","article_modified_time":"2025-06-11T05:50:17+00:00","og_image":[{"width":403,"height":600,"url":"https:\/\/skaitytaknyga.lt\/wp-content\/uploads\/2025\/03\/Moteris-kuri-turi-plana-gyvenimas-kupinas-nuotykiu-dziaugsmo-ir-grozio.jpg","type":"image\/jpeg"}],"twitter_card":"summary_large_image","twitter_misc":{"Estimated reading time":"2 minutes"},"schema":{"@context":"https:\/\/schema.org","@graph":[{"@type":"WebPage","@id":"https:\/\/skaitytaknyga.lt\/produktas\/moteris-kuri-turi-plana-gyvenimas-kupinas-nuotykiu-dziaugsmo-ir-grozio\/","url":"https:\/\/skaitytaknyga.lt\/produktas\/moteris-kuri-turi-plana-gyvenimas-kupinas-nuotykiu-dziaugsmo-ir-grozio\/","name":"Moteris, kuri turi plan\u0105: gyvenimas kupinas nuotyki\u0173, d\u017eiaugsmo ir gro\u017eio","isPartOf":{"@id":"https:\/\/skaitytaknyga.lt\/#website"},"primaryImageOfPage":{"@id":"https:\/\/skaitytaknyga.lt\/produktas\/moteris-kuri-turi-plana-gyvenimas-kupinas-nuotykiu-dziaugsmo-ir-grozio\/#primaryimage"},"image":{"@id":"https:\/\/skaitytaknyga.lt\/produktas\/moteris-kuri-turi-plana-gyvenimas-kupinas-nuotykiu-dziaugsmo-ir-grozio\/#primaryimage"},"thumbnailUrl":"https:\/\/skaitytaknyga.lt\/wp-content\/uploads\/2025\/03\/Moteris-kuri-turi-plana-gyvenimas-kupinas-nuotykiu-dziaugsmo-ir-grozio.jpg","datePublished":"2025-03-05T07:02:20+00:00","dateModified":"2025-06-11T05:50:17+00:00","description":"Turite pati nuspr\u0119sti, kada norite b\u016bti laiminga. Kada tai nutiks? Kam atid\u0117lioti karjeros poky\u010dius, r\u016bpinim\u0105si sveikata, laiming\u0105 \u0161eim\u0105, draugus, meil\u0119","breadcrumb":{"@id":"https:\/\/skaitytaknyga.lt\/produktas\/moteris-kuri-turi-plana-gyvenimas-kupinas-nuotykiu-dziaugsmo-ir-grozio\/#breadcrumb"},"inLanguage":"en-GB","potentialAction":[{"@type":"ReadAction","target":["https:\/\/skaitytaknyga.lt\/produktas\/moteris-kuri-turi-plana-gyvenimas-kupinas-nuotykiu-dziaugsmo-ir-grozio\/"]}]},{"@type":"ImageObject","inLanguage":"en-GB","@id":"https:\/\/skaitytaknyga.lt\/produktas\/moteris-kuri-turi-plana-gyvenimas-kupinas-nuotykiu-dziaugsmo-ir-grozio\/#primaryimage","url":"https:\/\/skaitytaknyga.lt\/wp-content\/uploads\/2025\/03\/Moteris-kuri-turi-plana-gyvenimas-kupinas-nuotykiu-dziaugsmo-ir-grozio.jpg","contentUrl":"https:\/\/skaitytaknyga.lt\/wp-content\/uploads\/2025\/03\/Moteris-kuri-turi-plana-gyvenimas-kupinas-nuotykiu-dziaugsmo-ir-grozio.jpg","width":403,"height":600,"caption":"Moteris, kuri turi plan\u0105: gyvenimas kupinas nuotyki\u0173, d\u017eiaugsmo ir gro\u017eio"},{"@type":"BreadcrumbList","@id":"https:\/\/skaitytaknyga.lt\/produktas\/moteris-kuri-turi-plana-gyvenimas-kupinas-nuotykiu-dziaugsmo-ir-grozio\/#breadcrumb","itemListElement":[{"@type":"ListItem","position":1,"name":"Home","item":"https:\/\/skaitytaknyga.lt\/"},{"@type":"ListItem","position":2,"name":"Parduotuv\u0117","item":"https:\/\/skaitytaknyga.lt\/knygu-parduotuve\/"},{"@type":"ListItem","position":3,"name":"Moteris, kuri turi plan\u0105: gyvenimas kupinas nuotyki\u0173, d\u017eiaugsmo ir gro\u017eio"}]},{"@type":"WebSite","@id":"https:\/\/skaitytaknyga.lt\/#website","url":"https:\/\/skaitytaknyga.lt\/","name":"skaitytaknyga.lt","description":"Skaitytaknyga.lt \u2013 tai ma\u017eas \u0161eimos verslas, kuris prasid\u0117jo nuo meil\u0117s knygoms ir siekio i\u0161gelb\u0117ti knygas nuo likimo prie konteinerio. Kas vienam nereikalingas daiktas \u2013 kitam lobis, o mes esame tarpininkai, kurie padeda abiems tapti laimingesniems ???? \u017dinome kaip nelengva i\u0161gyventi ma\u017eiems verslams, tad nuo \u0161iol, \u010dia rasite ir kit\u0173, ma\u017e\u0173 \u0161eim\u0173 versl\u0173, rank\u0173 darbo, dovan\u0173 sau ir artimiesiems.","publisher":{"@id":"https:\/\/skaitytaknyga.lt\/#organization"},"potentialAction":[{"@type":"SearchAction","target":{"@type":"EntryPoint","urlTemplate":"https:\/\/skaitytaknyga.lt\/?s={search_term_string}"},"query-input":{"@type":"PropertyValueSpecification","valueRequired":true,"valueName":"search_term_string"}}],"inLanguage":"en-GB"},{"@type":"Organization","@id":"https:\/\/skaitytaknyga.lt\/#organization","name":"skaitytaknyga.lt","url":"https:\/\/skaitytaknyga.lt\/","logo":{"@type":"ImageObject","inLanguage":"en-GB","@id":"https:\/\/skaitytaknyga.lt\/#\/schema\/logo\/image\/","url":"https:\/\/skaitytaknyga.lt\/wp-content\/uploads\/2024\/05\/cropped-cropped-cropped-02_00843_jt3bggkj1j3HLc7SyY6rEUpg.jpeg","contentUrl":"https:\/\/skaitytaknyga.lt\/wp-content\/uploads\/2024\/05\/cropped-cropped-cropped-02_00843_jt3bggkj1j3HLc7SyY6rEUpg.jpeg","width":1600,"height":1600,"caption":"skaitytaknyga.lt"},"image":{"@id":"https:\/\/skaitytaknyga.lt\/#\/schema\/logo\/image\/"},"sameAs":["https:\/\/www.facebook.com\/skaitytaknyga\/"]}]}},"_links":{"self":[{"href":"https:\/\/skaitytaknyga.lt\/en\/wp-json\/wp\/v2\/product\/17056","targetHints":{"allow":["GET"]}}],"collection":[{"href":"https:\/\/skaitytaknyga.lt\/en\/wp-json\/wp\/v2\/product"}],"about":[{"href":"https:\/\/skaitytaknyga.lt\/en\/wp-json\/wp\/v2\/types\/product"}],"replies":[{"embeddable":true,"href":"https:\/\/skaitytaknyga.lt\/en\/wp-json\/wp\/v2\/comments?post=17056"}],"wp:featuredmedia":[{"embeddable":true,"href":"https:\/\/skaitytaknyga.lt\/en\/wp-json\/wp\/v2\/media\/17076"}],"wp:attachment":[{"href":"https:\/\/skaitytaknyga.lt\/en\/wp-json\/wp\/v2\/media?parent=17056"}],"wp:term":[{"taxonomy":"product_brand","embeddable":true,"href":"https:\/\/skaitytaknyga.lt\/en\/wp-json\/wp\/v2\/product_brand?post=17056"},{"taxonomy":"product_cat","embeddable":true,"href":"https:\/\/skaitytaknyga.lt\/en\/wp-json\/wp\/v2\/product_cat?post=17056"},{"taxonomy":"product_tag","embeddable":true,"href":"https:\/\/skaitytaknyga.lt\/en\/wp-json\/wp\/v2\/product_tag?post=17056"}],"curies":[{"name":"wp","href":"https:\/\/api.w.org\/{rel}","templated":true}]}}