{"id":17054,"date":"2025-03-05T08:58:51","date_gmt":"2025-03-05T06:58:51","guid":{"rendered":"https:\/\/skaitytaknyga.lt\/?post_type=product&#038;p=17054"},"modified":"2025-07-11T16:38:56","modified_gmt":"2025-07-11T13:38:56","slug":"kaip-atkurti-hormonu-pusiausvyra","status":"publish","type":"product","link":"https:\/\/skaitytaknyga.lt\/en\/produktas\/kaip-atkurti-hormonu-pusiausvyra\/","title":{"rendered":"Kaip atkurti hormon\u0173 pusiausvyr\u0105"},"content":{"rendered":"<p>Kai m\u016bs\u0173 endokrinin\u0117 sistema i\u0161siderina, jau\u010diam\u0117s sudirgusios, pavargusios ir nelaimingos. Visgi da\u017enas tradicin\u0117s medicinos atstovas tokios savijautos prie\u017eas\u010di\u0173 ie\u0161ko kitur. Neretai varginan\u010diais simptomais \u2013 nemiga, nuolatiniu nerimu, padid\u0117jusia juosmens apimtimi ir suma\u017e\u0117jusiu lytiniu potraukiu \u2013 besiskund\u017eian\u010dioms moterims skiriamas kalnas table\u010di\u0173 ar netgi tvirtinama, kad \u0161ie poky\u010diai, sulaukus tam tikro am\u017eiaus, yra nat\u016bral\u016bs. \u0160ios knygos autor\u0117 Sara Gottfried su tuo kategori\u0161kai nesutinka. Ji si\u016blo konkre\u010diais metodais paremt\u0105 plan\u0105, leisiant\u012f jums atkurti hormon\u0173 pusiausvyr\u0105, susigr\u0105\u017einti ger\u0105 savijaut\u0105 ir gyvenimo d\u017eiaugsm\u0105.<\/p>\n<p>Derindama nat\u016bralius ir mokslo pripa\u017eintus gydymo metodus, autor\u0117 t\u016bkstan\u010diams moter\u0173 visame pasaulyje pad\u0117jo i\u0161vengti l\u0117tini\u0173 lig\u0173, v\u0117l pasijusti gyvybingoms, ver\u017elioms ir jausmingoms. \u0160i knyga kvie\u010dia \u012f nuotaiking\u0105 kelion\u0119 po slap\u010diausias hormon\u0173 pasaulio kerteles. Joje rasite i\u0161samius klausimynus, skirtus hormon\u0173 disbalanso prie\u017eastims nustatyti, ir geros savijautos plan\u0105 kiekvienai, kuri, siekdama atkurti hormon\u0173 pusiausvyr\u0105, ie\u0161ko patikimo vadovo ir draugi\u0161ko patarimo.<\/p>\n<p>Knygoje aptariama:<br \/>\n\u2022 Kas yra hormonai, kaip jie veikia ir kas lemia hormon\u0173 pusiausvyros sutrikimus.<br \/>\n\u2022 Kaip nat\u016braliai, nevartojant receptini\u0173 vaist\u0173 pakoreguoti sutrikusi\u0105 hormon\u0173 pusiausvyr\u0105.<br \/>\n\u2022 Kaip pasirengti, i\u0161gyventi perimenopauz\u0117s laikotarp\u012f ir pasitikti menopauz\u0119, jau\u010diantis laimingoms bei sveikoms.<br \/>\n\u2022 Koki\u0173 prevencini\u0173 priemoni\u0173 ir gyvensenos poky\u010di\u0173 imtis, siekiant i\u0161vengti hormon\u0173 pusiausvyros sutrikim\u0173 bei l\u0117tini\u0173 degeneracini\u0173 lig\u0173.<\/p>\n<ul class=\"about-product d-none d-xl-block mt-4\">\n<li><strong>Originalus pavadinimas:<\/strong>\u00a0The Hormone Cure: Reclaim Balance, Sleep, Sex Drive, and Vitality Naturally with the Gottfried Protocol<\/li>\n<li><strong>Autorius:<\/strong>\u00a0Sara Gottfried<\/li>\n<li><strong>Leid\u0117jas:<\/strong>\u00a0Sofoklis<\/li>\n<li><strong>Metai:<\/strong>\u00a02023<\/li>\n<li><strong>Puslapiai:<\/strong>\u00a0512<\/li>\n<li class=\"toggleable type-new-formats \"><strong>ISBN:<\/strong>\u00a09786094445064<\/li>\n<li><strong>Versijos kodas:<\/strong>\u00a014<\/li>\n<li class=\"toggleable type-new-formats \"><strong>Formatas:<\/strong>\u00a014 x 21 x 3,5 cm, kieti vir\u0161eliai<\/li>\n<li><strong>Kalba:<\/strong>\u00a0Lietuvi\u0173<\/li>\n<li><strong>Vert\u0117jas:<\/strong>\u00a0Michailas Aizenas<\/li>\n<\/ul>\n","protected":false},"excerpt":{"rendered":"<p>Kai m\u016bs\u0173 endokrinin\u0117 sistema i\u0161siderina, jau\u010diam\u0117s sudirgusios, pavargusios ir nelaimingos. Visgi da\u017enas tradicin\u0117s medicinos atstovas tokios savijautos prie\u017eas\u010di\u0173 ie\u0161ko kitur. Neretai varginan\u010diais simptomais \u2013 nemiga, nuolatiniu nerimu, padid\u0117jusia juosmens apimtimi ir suma\u017e\u0117jusiu lytiniu potraukiu \u2013 besiskund\u017eian\u010dioms moterims skiriamas kalnas table\u010di\u0173 ar netgi tvirtinama, kad \u0161ie poky\u010diai, sulaukus tam tikro am\u017eiaus, yra nat\u016bral\u016bs. \u0160ios knygos autor\u0117 Sara Gottfried su tuo kategori\u0161kai nesutinka. Ji si\u016blo konkre\u010diais metodais paremt\u0105 plan\u0105, leisiant\u012f jums atkurti hormon\u0173 pusiausvyr\u0105, susigr\u0105\u017einti ger\u0105 savijaut\u0105 ir gyvenimo d\u017eiaugsm\u0105. Derindama nat\u016bralius ir mokslo pripa\u017eintus gydymo metodus, autor\u0117 t\u016bkstan\u010diams moter\u0173 visame pasaulyje pad\u0117jo i\u0161vengti l\u0117tini\u0173 lig\u0173, v\u0117l pasijusti gyvybingoms, ver\u017elioms ir jausmingoms. \u0160i knyga kvie\u010dia \u012f nuotaiking\u0105 kelion\u0119 po slap\u010diausias hormon\u0173 pasaulio kerteles. Joje rasite i\u0161samius klausimynus, skirtus hormon\u0173 disbalanso prie\u017eastims nustatyti, ir geros savijautos plan\u0105 kiekvienai, kuri, siekdama atkurti hormon\u0173 pusiausvyr\u0105, ie\u0161ko patikimo vadovo ir draugi\u0161ko patarimo. Knygoje aptariama: \u2022 Kas yra hormonai, kaip jie veikia ir kas lemia hormon\u0173 pusiausvyros sutrikimus. \u2022 Kaip nat\u016braliai, nevartojant receptini\u0173 vaist\u0173 pakoreguoti sutrikusi\u0105 hormon\u0173 pusiausvyr\u0105. \u2022 Kaip pasirengti, i\u0161gyventi perimenopauz\u0117s laikotarp\u012f ir pasitikti menopauz\u0119, jau\u010diantis laimingoms bei sveikoms. \u2022 Koki\u0173 prevencini\u0173 priemoni\u0173 ir gyvensenos poky\u010di\u0173 imtis, siekiant i\u0161vengti hormon\u0173 pusiausvyros sutrikim\u0173 bei l\u0117tini\u0173 degeneracini\u0173 lig\u0173. Originalus pavadinimas:\u00a0The Hormone Cure: Reclaim Balance, Sleep, Sex Drive, and Vitality Naturally with the Gottfried Protocol Autorius:\u00a0Sara Gottfried Leid\u0117jas:\u00a0Sofoklis Metai:\u00a02023 Puslapiai:\u00a0512 ISBN:\u00a09786094445064 Versijos kodas:\u00a014 Formatas:\u00a014 x 21 x 3,5 cm, kieti vir\u0161eliai Kalba:\u00a0Lietuvi\u0173 Vert\u0117jas:\u00a0Michailas Aizenas<\/p>\n","protected":false},"featured_media":17055,"comment_status":"open","ping_status":"closed","template":"","meta":{"_acf_changed":false,"site-sidebar-layout":"default","site-content-layout":"","ast-site-content-layout":"default","site-content-style":"default","site-sidebar-style":"default","ast-global-header-display":"","ast-banner-title-visibility":"","ast-main-header-display":"","ast-hfb-above-header-display":"","ast-hfb-below-header-display":"","ast-hfb-mobile-header-display":"","site-post-title":"","ast-breadcrumbs-content":"","ast-featured-img":"","footer-sml-layout":"","ast-disable-related-posts":"","theme-transparent-header-meta":"default","adv-header-id-meta":"","stick-header-meta":"","header-above-stick-meta":"","header-main-stick-meta":"","header-below-stick-meta":"","astra-migrate-meta-layouts":"set","ast-page-background-enabled":"default","ast-page-background-meta":{"desktop":{"background-color":"","background-image":"","background-repeat":"repeat","background-position":"center center","background-size":"auto","background-attachment":"scroll","background-type":"","background-media":"","overlay-type":"","overlay-color":"","overlay-opacity":"","overlay-gradient":""},"tablet":{"background-color":"","background-image":"","background-repeat":"repeat","background-position":"center center","background-size":"auto","background-attachment":"scroll","background-type":"","background-media":"","overlay-type":"","overlay-color":"","overlay-opacity":"","overlay-gradient":""},"mobile":{"background-color":"","background-image":"","background-repeat":"repeat","background-position":"center center","background-size":"auto","background-attachment":"scroll","background-type":"","background-media":"","overlay-type":"","overlay-color":"","overlay-opacity":"","overlay-gradient":""}},"ast-content-background-meta":{"desktop":{"background-color":"var(--ast-global-color-4)","background-image":"","background-repeat":"repeat","background-position":"center center","background-size":"auto","background-attachment":"scroll","background-type":"","background-media":"","overlay-type":"","overlay-color":"","overlay-opacity":"","overlay-gradient":""},"tablet":{"background-color":"var(--ast-global-color-4)","background-image":"","background-repeat":"repeat","background-position":"center center","background-size":"auto","background-attachment":"scroll","background-type":"","background-media":"","overlay-type":"","overlay-color":"","overlay-opacity":"","overlay-gradient":""},"mobile":{"background-color":"var(--ast-global-color-4)","background-image":"","background-repeat":"repeat","background-position":"center center","background-size":"auto","background-attachment":"scroll","background-type":"","background-media":"","overlay-type":"","overlay-color":"","overlay-opacity":"","overlay-gradient":""}}},"product_brand":[],"product_cat":[55],"product_tag":[],"class_list":{"0":"post-17054","1":"product","2":"type-product","3":"status-publish","4":"has-post-thumbnail","6":"product_cat-sveikata-ir-sveika-mityba","7":"desktop-align-left","8":"tablet-align-left","9":"mobile-align-left","11":"first","12":"outofstock","13":"shipping-taxable","14":"purchasable","15":"product-type-simple"},"acf":[],"yoast_head":"<!-- This site is optimized with the Yoast SEO plugin v27.4 - https:\/\/yoast.com\/product\/yoast-seo-wordpress\/ -->\n<title>Kaip atkurti hormon\u0173 pusiausvyr\u0105<\/title>\n<meta name=\"description\" content=\"Kai m\u016bs\u0173 endokrinin\u0117 sistema i\u0161siderina, jau\u010diam\u0117s sudirgusios, pavargusios ir nelaimingos. Visgi da\u017enas tradicin\u0117s medicinos atstovas tokios savijautos\" \/>\n<meta name=\"robots\" content=\"index, follow, max-snippet:-1, max-image-preview:large, max-video-preview:-1\" \/>\n<link rel=\"canonical\" href=\"https:\/\/skaitytaknyga.lt\/en\/produktas\/kaip-atkurti-hormonu-pusiausvyra\/\" \/>\n<meta property=\"og:locale\" content=\"en_GB\" \/>\n<meta property=\"og:locale:alternate\" content=\"lt_LT\" \/>\n<meta property=\"og:type\" content=\"article\" \/>\n<meta property=\"og:title\" content=\"Kaip atkurti hormon\u0173 pusiausvyr\u0105\" \/>\n<meta property=\"og:description\" content=\"Kai m\u016bs\u0173 endokrinin\u0117 sistema i\u0161siderina, jau\u010diam\u0117s sudirgusios, pavargusios ir nelaimingos. Visgi da\u017enas tradicin\u0117s medicinos atstovas tokios savijautos\" \/>\n<meta property=\"og:url\" content=\"https:\/\/skaitytaknyga.lt\/en\/produktas\/kaip-atkurti-hormonu-pusiausvyra\/\" \/>\n<meta property=\"og:site_name\" content=\"Skaitytaknyga\" \/>\n<meta property=\"article:publisher\" content=\"https:\/\/www.facebook.com\/skaitytaknyga\/\" \/>\n<meta property=\"article:modified_time\" content=\"2025-07-11T13:38:56+00:00\" \/>\n<meta property=\"og:image\" content=\"https:\/\/skaitytaknyga.lt\/wp-content\/uploads\/2025\/03\/Kaip-atkurti-hormonu-pusiausvyra.webp\" \/>\n\t<meta property=\"og:image:width\" content=\"533\" \/>\n\t<meta property=\"og:image:height\" content=\"800\" \/>\n\t<meta property=\"og:image:type\" content=\"image\/webp\" \/>\n<meta name=\"twitter:card\" content=\"summary_large_image\" \/>\n<meta name=\"twitter:label1\" content=\"Estimated reading time\" \/>\n\t<meta name=\"twitter:data1\" content=\"2 minutes\" \/>\n<script type=\"application\/ld+json\" class=\"yoast-schema-graph\">{\"@context\":\"https:\\\/\\\/schema.org\",\"@graph\":[{\"@type\":\"WebPage\",\"@id\":\"https:\\\/\\\/skaitytaknyga.lt\\\/produktas\\\/kaip-atkurti-hormonu-pusiausvyra\\\/\",\"url\":\"https:\\\/\\\/skaitytaknyga.lt\\\/produktas\\\/kaip-atkurti-hormonu-pusiausvyra\\\/\",\"name\":\"Kaip atkurti hormon\u0173 pusiausvyr\u0105\",\"isPartOf\":{\"@id\":\"https:\\\/\\\/skaitytaknyga.lt\\\/#website\"},\"primaryImageOfPage\":{\"@id\":\"https:\\\/\\\/skaitytaknyga.lt\\\/produktas\\\/kaip-atkurti-hormonu-pusiausvyra\\\/#primaryimage\"},\"image\":{\"@id\":\"https:\\\/\\\/skaitytaknyga.lt\\\/produktas\\\/kaip-atkurti-hormonu-pusiausvyra\\\/#primaryimage\"},\"thumbnailUrl\":\"https:\\\/\\\/skaitytaknyga.lt\\\/wp-content\\\/uploads\\\/2025\\\/03\\\/Kaip-atkurti-hormonu-pusiausvyra.webp\",\"datePublished\":\"2025-03-05T06:58:51+00:00\",\"dateModified\":\"2025-07-11T13:38:56+00:00\",\"description\":\"Kai m\u016bs\u0173 endokrinin\u0117 sistema i\u0161siderina, jau\u010diam\u0117s sudirgusios, pavargusios ir nelaimingos. Visgi da\u017enas tradicin\u0117s medicinos atstovas tokios savijautos\",\"breadcrumb\":{\"@id\":\"https:\\\/\\\/skaitytaknyga.lt\\\/produktas\\\/kaip-atkurti-hormonu-pusiausvyra\\\/#breadcrumb\"},\"inLanguage\":\"en-GB\",\"potentialAction\":[{\"@type\":\"ReadAction\",\"target\":[\"https:\\\/\\\/skaitytaknyga.lt\\\/produktas\\\/kaip-atkurti-hormonu-pusiausvyra\\\/\"]}]},{\"@type\":\"ImageObject\",\"inLanguage\":\"en-GB\",\"@id\":\"https:\\\/\\\/skaitytaknyga.lt\\\/produktas\\\/kaip-atkurti-hormonu-pusiausvyra\\\/#primaryimage\",\"url\":\"https:\\\/\\\/skaitytaknyga.lt\\\/wp-content\\\/uploads\\\/2025\\\/03\\\/Kaip-atkurti-hormonu-pusiausvyra.webp\",\"contentUrl\":\"https:\\\/\\\/skaitytaknyga.lt\\\/wp-content\\\/uploads\\\/2025\\\/03\\\/Kaip-atkurti-hormonu-pusiausvyra.webp\",\"width\":533,\"height\":800,\"caption\":\"Kaip atkurti hormon\u0173 pusiausvyr\u0105\"},{\"@type\":\"BreadcrumbList\",\"@id\":\"https:\\\/\\\/skaitytaknyga.lt\\\/produktas\\\/kaip-atkurti-hormonu-pusiausvyra\\\/#breadcrumb\",\"itemListElement\":[{\"@type\":\"ListItem\",\"position\":1,\"name\":\"Home\",\"item\":\"https:\\\/\\\/skaitytaknyga.lt\\\/\"},{\"@type\":\"ListItem\",\"position\":2,\"name\":\"Parduotuv\u0117\",\"item\":\"https:\\\/\\\/skaitytaknyga.lt\\\/knygu-parduotuve\\\/\"},{\"@type\":\"ListItem\",\"position\":3,\"name\":\"Kaip atkurti hormon\u0173 pusiausvyr\u0105\"}]},{\"@type\":\"WebSite\",\"@id\":\"https:\\\/\\\/skaitytaknyga.lt\\\/#website\",\"url\":\"https:\\\/\\\/skaitytaknyga.lt\\\/\",\"name\":\"skaitytaknyga.lt\",\"description\":\"Skaitytaknyga.lt \u2013 tai ma\u017eas \u0161eimos verslas, kuris prasid\u0117jo nuo meil\u0117s knygoms ir siekio i\u0161gelb\u0117ti knygas nuo likimo prie konteinerio. Kas vienam nereikalingas daiktas \u2013 kitam lobis, o mes esame tarpininkai, kurie padeda abiems tapti laimingesniems ???? \u017dinome kaip nelengva i\u0161gyventi ma\u017eiems verslams, tad nuo \u0161iol, \u010dia rasite ir kit\u0173, ma\u017e\u0173 \u0161eim\u0173 versl\u0173, rank\u0173 darbo, dovan\u0173 sau ir artimiesiems.\",\"publisher\":{\"@id\":\"https:\\\/\\\/skaitytaknyga.lt\\\/#organization\"},\"potentialAction\":[{\"@type\":\"SearchAction\",\"target\":{\"@type\":\"EntryPoint\",\"urlTemplate\":\"https:\\\/\\\/skaitytaknyga.lt\\\/?s={search_term_string}\"},\"query-input\":{\"@type\":\"PropertyValueSpecification\",\"valueRequired\":true,\"valueName\":\"search_term_string\"}}],\"inLanguage\":\"en-GB\"},{\"@type\":\"Organization\",\"@id\":\"https:\\\/\\\/skaitytaknyga.lt\\\/#organization\",\"name\":\"skaitytaknyga.lt\",\"url\":\"https:\\\/\\\/skaitytaknyga.lt\\\/\",\"logo\":{\"@type\":\"ImageObject\",\"inLanguage\":\"en-GB\",\"@id\":\"https:\\\/\\\/skaitytaknyga.lt\\\/#\\\/schema\\\/logo\\\/image\\\/\",\"url\":\"https:\\\/\\\/skaitytaknyga.lt\\\/wp-content\\\/uploads\\\/2024\\\/05\\\/cropped-cropped-cropped-02_00843_jt3bggkj1j3HLc7SyY6rEUpg.jpeg\",\"contentUrl\":\"https:\\\/\\\/skaitytaknyga.lt\\\/wp-content\\\/uploads\\\/2024\\\/05\\\/cropped-cropped-cropped-02_00843_jt3bggkj1j3HLc7SyY6rEUpg.jpeg\",\"width\":1600,\"height\":1600,\"caption\":\"skaitytaknyga.lt\"},\"image\":{\"@id\":\"https:\\\/\\\/skaitytaknyga.lt\\\/#\\\/schema\\\/logo\\\/image\\\/\"},\"sameAs\":[\"https:\\\/\\\/www.facebook.com\\\/skaitytaknyga\\\/\"]}]}<\/script>\n<!-- \/ Yoast SEO plugin. -->","yoast_head_json":{"title":"Kaip atkurti hormon\u0173 pusiausvyr\u0105","description":"Kai m\u016bs\u0173 endokrinin\u0117 sistema i\u0161siderina, jau\u010diam\u0117s sudirgusios, pavargusios ir nelaimingos. Visgi da\u017enas tradicin\u0117s medicinos atstovas tokios savijautos","robots":{"index":"index","follow":"follow","max-snippet":"max-snippet:-1","max-image-preview":"max-image-preview:large","max-video-preview":"max-video-preview:-1"},"canonical":"https:\/\/skaitytaknyga.lt\/en\/produktas\/kaip-atkurti-hormonu-pusiausvyra\/","og_locale":"en_GB","og_type":"article","og_title":"[:lt]Kaip atkurti hormon\u0173 pusiausvyr\u0105[:] - Skaitytaknyga","og_description":"Kai m\u016bs\u0173 endokrinin\u0117 sistema i\u0161siderina, jau\u010diam\u0117s sudirgusios, pavargusios ir nelaimingos. Visgi da\u017enas tradicin\u0117s medicinos atstovas tokios savijautos","og_url":"https:\/\/skaitytaknyga.lt\/en\/produktas\/kaip-atkurti-hormonu-pusiausvyra\/","og_site_name":"Skaitytaknyga","article_publisher":"https:\/\/www.facebook.com\/skaitytaknyga\/","article_modified_time":"2025-07-11T13:38:56+00:00","og_image":[{"width":533,"height":800,"url":"https:\/\/skaitytaknyga.lt\/wp-content\/uploads\/2025\/03\/Kaip-atkurti-hormonu-pusiausvyra.webp","type":"image\/webp"}],"twitter_card":"summary_large_image","twitter_misc":{"Estimated reading time":"2 minutes"},"schema":{"@context":"https:\/\/schema.org","@graph":[{"@type":"WebPage","@id":"https:\/\/skaitytaknyga.lt\/produktas\/kaip-atkurti-hormonu-pusiausvyra\/","url":"https:\/\/skaitytaknyga.lt\/produktas\/kaip-atkurti-hormonu-pusiausvyra\/","name":"Kaip atkurti hormon\u0173 pusiausvyr\u0105","isPartOf":{"@id":"https:\/\/skaitytaknyga.lt\/#website"},"primaryImageOfPage":{"@id":"https:\/\/skaitytaknyga.lt\/produktas\/kaip-atkurti-hormonu-pusiausvyra\/#primaryimage"},"image":{"@id":"https:\/\/skaitytaknyga.lt\/produktas\/kaip-atkurti-hormonu-pusiausvyra\/#primaryimage"},"thumbnailUrl":"https:\/\/skaitytaknyga.lt\/wp-content\/uploads\/2025\/03\/Kaip-atkurti-hormonu-pusiausvyra.webp","datePublished":"2025-03-05T06:58:51+00:00","dateModified":"2025-07-11T13:38:56+00:00","description":"Kai m\u016bs\u0173 endokrinin\u0117 sistema i\u0161siderina, jau\u010diam\u0117s sudirgusios, pavargusios ir nelaimingos. Visgi da\u017enas tradicin\u0117s medicinos atstovas tokios savijautos","breadcrumb":{"@id":"https:\/\/skaitytaknyga.lt\/produktas\/kaip-atkurti-hormonu-pusiausvyra\/#breadcrumb"},"inLanguage":"en-GB","potentialAction":[{"@type":"ReadAction","target":["https:\/\/skaitytaknyga.lt\/produktas\/kaip-atkurti-hormonu-pusiausvyra\/"]}]},{"@type":"ImageObject","inLanguage":"en-GB","@id":"https:\/\/skaitytaknyga.lt\/produktas\/kaip-atkurti-hormonu-pusiausvyra\/#primaryimage","url":"https:\/\/skaitytaknyga.lt\/wp-content\/uploads\/2025\/03\/Kaip-atkurti-hormonu-pusiausvyra.webp","contentUrl":"https:\/\/skaitytaknyga.lt\/wp-content\/uploads\/2025\/03\/Kaip-atkurti-hormonu-pusiausvyra.webp","width":533,"height":800,"caption":"Kaip atkurti hormon\u0173 pusiausvyr\u0105"},{"@type":"BreadcrumbList","@id":"https:\/\/skaitytaknyga.lt\/produktas\/kaip-atkurti-hormonu-pusiausvyra\/#breadcrumb","itemListElement":[{"@type":"ListItem","position":1,"name":"Home","item":"https:\/\/skaitytaknyga.lt\/"},{"@type":"ListItem","position":2,"name":"Parduotuv\u0117","item":"https:\/\/skaitytaknyga.lt\/knygu-parduotuve\/"},{"@type":"ListItem","position":3,"name":"Kaip atkurti hormon\u0173 pusiausvyr\u0105"}]},{"@type":"WebSite","@id":"https:\/\/skaitytaknyga.lt\/#website","url":"https:\/\/skaitytaknyga.lt\/","name":"skaitytaknyga.lt","description":"Skaitytaknyga.lt \u2013 tai ma\u017eas \u0161eimos verslas, kuris prasid\u0117jo nuo meil\u0117s knygoms ir siekio i\u0161gelb\u0117ti knygas nuo likimo prie konteinerio. Kas vienam nereikalingas daiktas \u2013 kitam lobis, o mes esame tarpininkai, kurie padeda abiems tapti laimingesniems ???? \u017dinome kaip nelengva i\u0161gyventi ma\u017eiems verslams, tad nuo \u0161iol, \u010dia rasite ir kit\u0173, ma\u017e\u0173 \u0161eim\u0173 versl\u0173, rank\u0173 darbo, dovan\u0173 sau ir artimiesiems.","publisher":{"@id":"https:\/\/skaitytaknyga.lt\/#organization"},"potentialAction":[{"@type":"SearchAction","target":{"@type":"EntryPoint","urlTemplate":"https:\/\/skaitytaknyga.lt\/?s={search_term_string}"},"query-input":{"@type":"PropertyValueSpecification","valueRequired":true,"valueName":"search_term_string"}}],"inLanguage":"en-GB"},{"@type":"Organization","@id":"https:\/\/skaitytaknyga.lt\/#organization","name":"skaitytaknyga.lt","url":"https:\/\/skaitytaknyga.lt\/","logo":{"@type":"ImageObject","inLanguage":"en-GB","@id":"https:\/\/skaitytaknyga.lt\/#\/schema\/logo\/image\/","url":"https:\/\/skaitytaknyga.lt\/wp-content\/uploads\/2024\/05\/cropped-cropped-cropped-02_00843_jt3bggkj1j3HLc7SyY6rEUpg.jpeg","contentUrl":"https:\/\/skaitytaknyga.lt\/wp-content\/uploads\/2024\/05\/cropped-cropped-cropped-02_00843_jt3bggkj1j3HLc7SyY6rEUpg.jpeg","width":1600,"height":1600,"caption":"skaitytaknyga.lt"},"image":{"@id":"https:\/\/skaitytaknyga.lt\/#\/schema\/logo\/image\/"},"sameAs":["https:\/\/www.facebook.com\/skaitytaknyga\/"]}]}},"_links":{"self":[{"href":"https:\/\/skaitytaknyga.lt\/en\/wp-json\/wp\/v2\/product\/17054","targetHints":{"allow":["GET"]}}],"collection":[{"href":"https:\/\/skaitytaknyga.lt\/en\/wp-json\/wp\/v2\/product"}],"about":[{"href":"https:\/\/skaitytaknyga.lt\/en\/wp-json\/wp\/v2\/types\/product"}],"replies":[{"embeddable":true,"href":"https:\/\/skaitytaknyga.lt\/en\/wp-json\/wp\/v2\/comments?post=17054"}],"wp:featuredmedia":[{"embeddable":true,"href":"https:\/\/skaitytaknyga.lt\/en\/wp-json\/wp\/v2\/media\/17055"}],"wp:attachment":[{"href":"https:\/\/skaitytaknyga.lt\/en\/wp-json\/wp\/v2\/media?parent=17054"}],"wp:term":[{"taxonomy":"product_brand","embeddable":true,"href":"https:\/\/skaitytaknyga.lt\/en\/wp-json\/wp\/v2\/product_brand?post=17054"},{"taxonomy":"product_cat","embeddable":true,"href":"https:\/\/skaitytaknyga.lt\/en\/wp-json\/wp\/v2\/product_cat?post=17054"},{"taxonomy":"product_tag","embeddable":true,"href":"https:\/\/skaitytaknyga.lt\/en\/wp-json\/wp\/v2\/product_tag?post=17054"}],"curies":[{"name":"wp","href":"https:\/\/api.w.org\/{rel}","templated":true}]}}