{"id":17052,"date":"2025-03-05T08:56:26","date_gmt":"2025-03-05T06:56:26","guid":{"rendered":"https:\/\/skaitytaknyga.lt\/?post_type=product&#038;p=17052"},"modified":"2025-03-05T08:57:15","modified_gmt":"2025-03-05T06:57:15","slug":"ir-kaip-ji-viska-istveria","status":"publish","type":"product","link":"https:\/\/skaitytaknyga.lt\/en\/produktas\/ir-kaip-ji-viska-istveria\/","title":{"rendered":"Ir kaip ji visk\u0105 i\u0161tveria?"},"content":{"rendered":"<p>Pirmas Allison Pearson romanas \u201eIr kaip ji visk\u0105 susp\u0117ja?&#8221; tapo tarptautiniu bestseleriu, buvo i\u0161leistas 4 mln. egzempliori\u0173 tira\u017eu, pagal j\u012f sukurtas filmas. Oprah Winfrey pavadino \u0161i\u0105 knyg\u0105 dirban\u010dios moters Biblija.<\/p>\n<p>I\u0161sik\u0117lusi \u0161\u012f tiksl\u0105 nusprend\u017eiau, kad manoji pusam\u017eio sukaktis bus sutikta ramiai, be joki\u0173 linksmybi\u0173. Nerodysiu mane ap\u0117musio siaubo. Susikaupusi trauksiu jos link, vengdama staigi\u0173 pos\u016bki\u0173 ir kelio duobi\u0173.<\/p>\n<p>Toks buvo sumanymas&#8230;<\/p>\n<p>Keit\u0117 Redi skai\u010diuoja dienas iki penkiasde\u0161imtojo gimtadienio, kankinama hormon\u0173 audr\u0173 ir turinti vyr\u0105, kuris patiria vidurio am\u017eiaus kriz\u0119. Ji reikalinga savo vaikams paaugliams, nors \u0161ie su ja nesi\u0161neka, mamai ir ligotiems nesavaranki\u0161kiems uo\u0161viams. Da\u017enai jau\u010diasi atsid\u016brusi sumu\u0161tinio viduryje, o \u0161iaip n\u0117 sumu\u0161tinio negali sau leisti, nes skai\u010diuoja kalorijas.<\/p>\n<p>Po ilgos pertraukos moteris gr\u012f\u017eta \u012f darb\u0105, deja, Londono finans\u0173 sektoriui&#8230; ji papras\u010diausiai per sena. Nors problemos tokio dyd\u017eio kaip tas dangorai\u017eis, kuriame dirba Keit\u0117, ji neketina pasiduoti. Bet pasirod\u017eius jos buvusiam klientui ir mylimajam D\u017eekui, viskas dar labiau komplikuojasi.<\/p>\n<p>\u201eIr kaip ji visk\u0105 i\u0161tveria?&#8221; \u2013 nuostabi istorija \u012fvairaus am\u017eiaus skaitytojams. Pasitelkdama s\u0105moj\u012f, i\u0161mint\u012f ir nuo\u0161irdum\u0105, Allison Pearson moko, kaip svarbu i\u0161likti savimi gyvenimo lenktyn\u0117se. Versdami lap\u0105 po lapo pajusite, kad kiekviename m\u016bs\u0173 gl\u016bdi Keit\u0117 Redi.<\/p>\n<p>\u201eJi mane prajuokino, privert\u0117 g\u016b\u017etis, suvirpino \u0161ird\u012f ir i\u0161spaud\u0117 a\u0161ar\u0105!&#8221; \u2013 Sophie Kinsella.<\/p>\n<ul class=\"about-product d-none d-xl-block mt-4\">\n<li><strong>Originalus pavadinimas:<\/strong>\u00a0HOW HARD CAN IT BE?<\/li>\n<li><strong>Autorius:<\/strong>\u00a0Allison Pearson<\/li>\n<li><strong>Leid\u0117jas:<\/strong>\u00a0Alma littera<\/li>\n<li><strong>Metai:<\/strong>\u00a02019<\/li>\n<li><strong>Puslapiai:<\/strong>\u00a0464<\/li>\n<li class=\"toggleable type-new-formats \"><strong>ISBN:<\/strong>\u00a09786090135785<\/li>\n<li><strong>Versijos kodas:<\/strong>\u00a0PT.<\/li>\n<li class=\"toggleable type-new-formats \"><strong>Formatas:<\/strong>\u00a014,3 x 23,5 x 3,2 cm, kieti vir\u0161eliai<\/li>\n<li><strong>Kalba:<\/strong>\u00a0Lietuvi\u0173<\/li>\n<li><strong>Vert\u0117jas:<\/strong>\u00a0Viktorija Uz\u0117lait\u0117<\/li>\n<\/ul>\n","protected":false},"excerpt":{"rendered":"<p>Pirmas Allison Pearson romanas \u201eIr kaip ji visk\u0105 susp\u0117ja?&#8221; tapo tarptautiniu bestseleriu, buvo i\u0161leistas 4 mln. egzempliori\u0173 tira\u017eu, pagal j\u012f sukurtas filmas. Oprah Winfrey pavadino \u0161i\u0105 knyg\u0105 dirban\u010dios moters Biblija. I\u0161sik\u0117lusi \u0161\u012f tiksl\u0105 nusprend\u017eiau, kad manoji pusam\u017eio sukaktis bus sutikta ramiai, be joki\u0173 linksmybi\u0173. Nerodysiu mane ap\u0117musio siaubo. Susikaupusi trauksiu jos link, vengdama staigi\u0173 pos\u016bki\u0173 ir kelio duobi\u0173. Toks buvo sumanymas&#8230; Keit\u0117 Redi skai\u010diuoja dienas iki penkiasde\u0161imtojo gimtadienio, kankinama hormon\u0173 audr\u0173 ir turinti vyr\u0105, kuris patiria vidurio am\u017eiaus kriz\u0119. Ji reikalinga savo vaikams paaugliams, nors \u0161ie su ja nesi\u0161neka, mamai ir ligotiems nesavaranki\u0161kiems uo\u0161viams. Da\u017enai jau\u010diasi atsid\u016brusi sumu\u0161tinio viduryje, o \u0161iaip n\u0117 sumu\u0161tinio negali sau leisti, nes skai\u010diuoja kalorijas. Po ilgos pertraukos moteris gr\u012f\u017eta \u012f darb\u0105, deja, Londono finans\u0173 sektoriui&#8230; ji papras\u010diausiai per sena. Nors problemos tokio dyd\u017eio kaip tas dangorai\u017eis, kuriame dirba Keit\u0117, ji neketina pasiduoti. Bet pasirod\u017eius jos buvusiam klientui ir mylimajam D\u017eekui, viskas dar labiau komplikuojasi. \u201eIr kaip ji visk\u0105 i\u0161tveria?&#8221; \u2013 nuostabi istorija \u012fvairaus am\u017eiaus skaitytojams. Pasitelkdama s\u0105moj\u012f, i\u0161mint\u012f ir nuo\u0161irdum\u0105, Allison Pearson moko, kaip svarbu i\u0161likti savimi gyvenimo lenktyn\u0117se. Versdami lap\u0105 po lapo pajusite, kad kiekviename m\u016bs\u0173 gl\u016bdi Keit\u0117 Redi. \u201eJi mane prajuokino, privert\u0117 g\u016b\u017etis, suvirpino \u0161ird\u012f ir i\u0161spaud\u0117 a\u0161ar\u0105!&#8221; \u2013 Sophie Kinsella. Originalus pavadinimas:\u00a0HOW HARD CAN IT BE? Autorius:\u00a0Allison Pearson Leid\u0117jas:\u00a0Alma littera Metai:\u00a02019 Puslapiai:\u00a0464 ISBN:\u00a09786090135785 Versijos kodas:\u00a0PT. Formatas:\u00a014,3 x 23,5 x 3,2 cm, kieti vir\u0161eliai Kalba:\u00a0Lietuvi\u0173 Vert\u0117jas:\u00a0Viktorija Uz\u0117lait\u0117<\/p>\n","protected":false},"featured_media":17053,"comment_status":"closed","ping_status":"closed","template":"","meta":{"_acf_changed":false,"site-sidebar-layout":"default","site-content-layout":"","ast-site-content-layout":"default","site-content-style":"default","site-sidebar-style":"default","ast-global-header-display":"","ast-banner-title-visibility":"","ast-main-header-display":"","ast-hfb-above-header-display":"","ast-hfb-below-header-display":"","ast-hfb-mobile-header-display":"","site-post-title":"","ast-breadcrumbs-content":"","ast-featured-img":"","footer-sml-layout":"","ast-disable-related-posts":"","theme-transparent-header-meta":"default","adv-header-id-meta":"","stick-header-meta":"","header-above-stick-meta":"","header-main-stick-meta":"","header-below-stick-meta":"","astra-migrate-meta-layouts":"set","ast-page-background-enabled":"default","ast-page-background-meta":{"desktop":{"background-color":"","background-image":"","background-repeat":"repeat","background-position":"center center","background-size":"auto","background-attachment":"scroll","background-type":"","background-media":"","overlay-type":"","overlay-color":"","overlay-opacity":"","overlay-gradient":""},"tablet":{"background-color":"","background-image":"","background-repeat":"repeat","background-position":"center center","background-size":"auto","background-attachment":"scroll","background-type":"","background-media":"","overlay-type":"","overlay-color":"","overlay-opacity":"","overlay-gradient":""},"mobile":{"background-color":"","background-image":"","background-repeat":"repeat","background-position":"center center","background-size":"auto","background-attachment":"scroll","background-type":"","background-media":"","overlay-type":"","overlay-color":"","overlay-opacity":"","overlay-gradient":""}},"ast-content-background-meta":{"desktop":{"background-color":"var(--ast-global-color-4)","background-image":"","background-repeat":"repeat","background-position":"center center","background-size":"auto","background-attachment":"scroll","background-type":"","background-media":"","overlay-type":"","overlay-color":"","overlay-opacity":"","overlay-gradient":""},"tablet":{"background-color":"var(--ast-global-color-4)","background-image":"","background-repeat":"repeat","background-position":"center center","background-size":"auto","background-attachment":"scroll","background-type":"","background-media":"","overlay-type":"","overlay-color":"","overlay-opacity":"","overlay-gradient":""},"mobile":{"background-color":"var(--ast-global-color-4)","background-image":"","background-repeat":"repeat","background-position":"center center","background-size":"auto","background-attachment":"scroll","background-type":"","background-media":"","overlay-type":"","overlay-color":"","overlay-opacity":"","overlay-gradient":""}}},"product_brand":[],"product_cat":[31],"product_tag":[],"class_list":{"0":"post-17052","1":"product","2":"type-product","3":"status-publish","4":"has-post-thumbnail","6":"product_cat-grozine-literatura","7":"desktop-align-left","8":"tablet-align-left","9":"mobile-align-left","11":"first","12":"instock","13":"shipping-taxable","14":"purchasable","15":"product-type-simple"},"acf":[],"yoast_head":"<!-- This site is optimized with the Yoast SEO plugin v27.4 - https:\/\/yoast.com\/product\/yoast-seo-wordpress\/ -->\n<title>Ir kaip ji visk\u0105 i\u0161tveria?<\/title>\n<meta name=\"description\" content=\"Pirmas Allison Pearson romanas \u201eIr kaip ji visk\u0105 susp\u0117ja?&quot; tapo tarptautiniu bestseleriu, buvo i\u0161leistas 4 mln. egzempliori\u0173 tira\u017eu, pagal j\u012f sukurtas\" \/>\n<meta name=\"robots\" content=\"index, follow, max-snippet:-1, max-image-preview:large, max-video-preview:-1\" \/>\n<link rel=\"canonical\" href=\"https:\/\/skaitytaknyga.lt\/en\/produktas\/ir-kaip-ji-viska-istveria\/\" \/>\n<meta property=\"og:locale\" content=\"en_GB\" \/>\n<meta property=\"og:locale:alternate\" content=\"lt_LT\" \/>\n<meta property=\"og:type\" content=\"article\" \/>\n<meta property=\"og:title\" content=\"Ir kaip ji visk\u0105 i\u0161tveria?\" \/>\n<meta property=\"og:description\" content=\"Pirmas Allison Pearson romanas \u201eIr kaip ji visk\u0105 susp\u0117ja?&quot; tapo tarptautiniu bestseleriu, buvo i\u0161leistas 4 mln. egzempliori\u0173 tira\u017eu, pagal j\u012f sukurtas\" \/>\n<meta property=\"og:url\" content=\"https:\/\/skaitytaknyga.lt\/en\/produktas\/ir-kaip-ji-viska-istveria\/\" \/>\n<meta property=\"og:site_name\" content=\"Skaitytaknyga\" \/>\n<meta property=\"article:publisher\" content=\"https:\/\/www.facebook.com\/skaitytaknyga\/\" \/>\n<meta property=\"article:modified_time\" content=\"2025-03-05T06:57:15+00:00\" \/>\n<meta property=\"og:image\" content=\"https:\/\/skaitytaknyga.lt\/wp-content\/uploads\/2025\/03\/Ir-kaip-ji-viska-istveria.webp\" \/>\n\t<meta property=\"og:image:width\" content=\"366\" \/>\n\t<meta property=\"og:image:height\" content=\"600\" \/>\n\t<meta property=\"og:image:type\" content=\"image\/webp\" \/>\n<meta name=\"twitter:card\" content=\"summary_large_image\" \/>\n<meta name=\"twitter:label1\" content=\"Estimated reading time\" \/>\n\t<meta name=\"twitter:data1\" content=\"2 minutes\" \/>\n<script type=\"application\/ld+json\" class=\"yoast-schema-graph\">{\"@context\":\"https:\\\/\\\/schema.org\",\"@graph\":[{\"@type\":\"WebPage\",\"@id\":\"https:\\\/\\\/skaitytaknyga.lt\\\/produktas\\\/ir-kaip-ji-viska-istveria\\\/\",\"url\":\"https:\\\/\\\/skaitytaknyga.lt\\\/produktas\\\/ir-kaip-ji-viska-istveria\\\/\",\"name\":\"Ir kaip ji visk\u0105 i\u0161tveria?\",\"isPartOf\":{\"@id\":\"https:\\\/\\\/skaitytaknyga.lt\\\/#website\"},\"primaryImageOfPage\":{\"@id\":\"https:\\\/\\\/skaitytaknyga.lt\\\/produktas\\\/ir-kaip-ji-viska-istveria\\\/#primaryimage\"},\"image\":{\"@id\":\"https:\\\/\\\/skaitytaknyga.lt\\\/produktas\\\/ir-kaip-ji-viska-istveria\\\/#primaryimage\"},\"thumbnailUrl\":\"https:\\\/\\\/skaitytaknyga.lt\\\/wp-content\\\/uploads\\\/2025\\\/03\\\/Ir-kaip-ji-viska-istveria.webp\",\"datePublished\":\"2025-03-05T06:56:26+00:00\",\"dateModified\":\"2025-03-05T06:57:15+00:00\",\"description\":\"Pirmas Allison Pearson romanas \u201eIr kaip ji visk\u0105 susp\u0117ja?\\\" tapo tarptautiniu bestseleriu, buvo i\u0161leistas 4 mln. egzempliori\u0173 tira\u017eu, pagal j\u012f sukurtas\",\"breadcrumb\":{\"@id\":\"https:\\\/\\\/skaitytaknyga.lt\\\/produktas\\\/ir-kaip-ji-viska-istveria\\\/#breadcrumb\"},\"inLanguage\":\"en-GB\",\"potentialAction\":[{\"@type\":\"ReadAction\",\"target\":[\"https:\\\/\\\/skaitytaknyga.lt\\\/produktas\\\/ir-kaip-ji-viska-istveria\\\/\"]}]},{\"@type\":\"ImageObject\",\"inLanguage\":\"en-GB\",\"@id\":\"https:\\\/\\\/skaitytaknyga.lt\\\/produktas\\\/ir-kaip-ji-viska-istveria\\\/#primaryimage\",\"url\":\"https:\\\/\\\/skaitytaknyga.lt\\\/wp-content\\\/uploads\\\/2025\\\/03\\\/Ir-kaip-ji-viska-istveria.webp\",\"contentUrl\":\"https:\\\/\\\/skaitytaknyga.lt\\\/wp-content\\\/uploads\\\/2025\\\/03\\\/Ir-kaip-ji-viska-istveria.webp\",\"width\":366,\"height\":600,\"caption\":\"Ir kaip ji visk\u0105 i\u0161tveria?\"},{\"@type\":\"BreadcrumbList\",\"@id\":\"https:\\\/\\\/skaitytaknyga.lt\\\/produktas\\\/ir-kaip-ji-viska-istveria\\\/#breadcrumb\",\"itemListElement\":[{\"@type\":\"ListItem\",\"position\":1,\"name\":\"Home\",\"item\":\"https:\\\/\\\/skaitytaknyga.lt\\\/\"},{\"@type\":\"ListItem\",\"position\":2,\"name\":\"Parduotuv\u0117\",\"item\":\"https:\\\/\\\/skaitytaknyga.lt\\\/knygu-parduotuve\\\/\"},{\"@type\":\"ListItem\",\"position\":3,\"name\":\"Ir kaip ji visk\u0105 i\u0161tveria?\"}]},{\"@type\":\"WebSite\",\"@id\":\"https:\\\/\\\/skaitytaknyga.lt\\\/#website\",\"url\":\"https:\\\/\\\/skaitytaknyga.lt\\\/\",\"name\":\"skaitytaknyga.lt\",\"description\":\"Skaitytaknyga.lt \u2013 tai ma\u017eas \u0161eimos verslas, kuris prasid\u0117jo nuo meil\u0117s knygoms ir siekio i\u0161gelb\u0117ti knygas nuo likimo prie konteinerio. Kas vienam nereikalingas daiktas \u2013 kitam lobis, o mes esame tarpininkai, kurie padeda abiems tapti laimingesniems ???? \u017dinome kaip nelengva i\u0161gyventi ma\u017eiems verslams, tad nuo \u0161iol, \u010dia rasite ir kit\u0173, ma\u017e\u0173 \u0161eim\u0173 versl\u0173, rank\u0173 darbo, dovan\u0173 sau ir artimiesiems.\",\"publisher\":{\"@id\":\"https:\\\/\\\/skaitytaknyga.lt\\\/#organization\"},\"potentialAction\":[{\"@type\":\"SearchAction\",\"target\":{\"@type\":\"EntryPoint\",\"urlTemplate\":\"https:\\\/\\\/skaitytaknyga.lt\\\/?s={search_term_string}\"},\"query-input\":{\"@type\":\"PropertyValueSpecification\",\"valueRequired\":true,\"valueName\":\"search_term_string\"}}],\"inLanguage\":\"en-GB\"},{\"@type\":\"Organization\",\"@id\":\"https:\\\/\\\/skaitytaknyga.lt\\\/#organization\",\"name\":\"skaitytaknyga.lt\",\"url\":\"https:\\\/\\\/skaitytaknyga.lt\\\/\",\"logo\":{\"@type\":\"ImageObject\",\"inLanguage\":\"en-GB\",\"@id\":\"https:\\\/\\\/skaitytaknyga.lt\\\/#\\\/schema\\\/logo\\\/image\\\/\",\"url\":\"https:\\\/\\\/skaitytaknyga.lt\\\/wp-content\\\/uploads\\\/2024\\\/05\\\/cropped-cropped-cropped-02_00843_jt3bggkj1j3HLc7SyY6rEUpg.jpeg\",\"contentUrl\":\"https:\\\/\\\/skaitytaknyga.lt\\\/wp-content\\\/uploads\\\/2024\\\/05\\\/cropped-cropped-cropped-02_00843_jt3bggkj1j3HLc7SyY6rEUpg.jpeg\",\"width\":1600,\"height\":1600,\"caption\":\"skaitytaknyga.lt\"},\"image\":{\"@id\":\"https:\\\/\\\/skaitytaknyga.lt\\\/#\\\/schema\\\/logo\\\/image\\\/\"},\"sameAs\":[\"https:\\\/\\\/www.facebook.com\\\/skaitytaknyga\\\/\"]}]}<\/script>\n<!-- \/ Yoast SEO plugin. -->","yoast_head_json":{"title":"Ir kaip ji visk\u0105 i\u0161tveria?","description":"Pirmas Allison Pearson romanas \u201eIr kaip ji visk\u0105 susp\u0117ja?\" tapo tarptautiniu bestseleriu, buvo i\u0161leistas 4 mln. egzempliori\u0173 tira\u017eu, pagal j\u012f sukurtas","robots":{"index":"index","follow":"follow","max-snippet":"max-snippet:-1","max-image-preview":"max-image-preview:large","max-video-preview":"max-video-preview:-1"},"canonical":"https:\/\/skaitytaknyga.lt\/en\/produktas\/ir-kaip-ji-viska-istveria\/","og_locale":"en_GB","og_type":"article","og_title":"[:lt]Ir kaip ji visk\u0105 i\u0161tveria?[:] - Skaitytaknyga","og_description":"Pirmas Allison Pearson romanas \u201eIr kaip ji visk\u0105 susp\u0117ja?\" tapo tarptautiniu bestseleriu, buvo i\u0161leistas 4 mln. egzempliori\u0173 tira\u017eu, pagal j\u012f sukurtas","og_url":"https:\/\/skaitytaknyga.lt\/en\/produktas\/ir-kaip-ji-viska-istveria\/","og_site_name":"Skaitytaknyga","article_publisher":"https:\/\/www.facebook.com\/skaitytaknyga\/","article_modified_time":"2025-03-05T06:57:15+00:00","og_image":[{"width":366,"height":600,"url":"https:\/\/skaitytaknyga.lt\/wp-content\/uploads\/2025\/03\/Ir-kaip-ji-viska-istveria.webp","type":"image\/webp"}],"twitter_card":"summary_large_image","twitter_misc":{"Estimated reading time":"2 minutes"},"schema":{"@context":"https:\/\/schema.org","@graph":[{"@type":"WebPage","@id":"https:\/\/skaitytaknyga.lt\/produktas\/ir-kaip-ji-viska-istveria\/","url":"https:\/\/skaitytaknyga.lt\/produktas\/ir-kaip-ji-viska-istveria\/","name":"Ir kaip ji visk\u0105 i\u0161tveria?","isPartOf":{"@id":"https:\/\/skaitytaknyga.lt\/#website"},"primaryImageOfPage":{"@id":"https:\/\/skaitytaknyga.lt\/produktas\/ir-kaip-ji-viska-istveria\/#primaryimage"},"image":{"@id":"https:\/\/skaitytaknyga.lt\/produktas\/ir-kaip-ji-viska-istveria\/#primaryimage"},"thumbnailUrl":"https:\/\/skaitytaknyga.lt\/wp-content\/uploads\/2025\/03\/Ir-kaip-ji-viska-istveria.webp","datePublished":"2025-03-05T06:56:26+00:00","dateModified":"2025-03-05T06:57:15+00:00","description":"Pirmas Allison Pearson romanas \u201eIr kaip ji visk\u0105 susp\u0117ja?\" tapo tarptautiniu bestseleriu, buvo i\u0161leistas 4 mln. egzempliori\u0173 tira\u017eu, pagal j\u012f sukurtas","breadcrumb":{"@id":"https:\/\/skaitytaknyga.lt\/produktas\/ir-kaip-ji-viska-istveria\/#breadcrumb"},"inLanguage":"en-GB","potentialAction":[{"@type":"ReadAction","target":["https:\/\/skaitytaknyga.lt\/produktas\/ir-kaip-ji-viska-istveria\/"]}]},{"@type":"ImageObject","inLanguage":"en-GB","@id":"https:\/\/skaitytaknyga.lt\/produktas\/ir-kaip-ji-viska-istveria\/#primaryimage","url":"https:\/\/skaitytaknyga.lt\/wp-content\/uploads\/2025\/03\/Ir-kaip-ji-viska-istveria.webp","contentUrl":"https:\/\/skaitytaknyga.lt\/wp-content\/uploads\/2025\/03\/Ir-kaip-ji-viska-istveria.webp","width":366,"height":600,"caption":"Ir kaip ji visk\u0105 i\u0161tveria?"},{"@type":"BreadcrumbList","@id":"https:\/\/skaitytaknyga.lt\/produktas\/ir-kaip-ji-viska-istveria\/#breadcrumb","itemListElement":[{"@type":"ListItem","position":1,"name":"Home","item":"https:\/\/skaitytaknyga.lt\/"},{"@type":"ListItem","position":2,"name":"Parduotuv\u0117","item":"https:\/\/skaitytaknyga.lt\/knygu-parduotuve\/"},{"@type":"ListItem","position":3,"name":"Ir kaip ji visk\u0105 i\u0161tveria?"}]},{"@type":"WebSite","@id":"https:\/\/skaitytaknyga.lt\/#website","url":"https:\/\/skaitytaknyga.lt\/","name":"skaitytaknyga.lt","description":"Skaitytaknyga.lt \u2013 tai ma\u017eas \u0161eimos verslas, kuris prasid\u0117jo nuo meil\u0117s knygoms ir siekio i\u0161gelb\u0117ti knygas nuo likimo prie konteinerio. Kas vienam nereikalingas daiktas \u2013 kitam lobis, o mes esame tarpininkai, kurie padeda abiems tapti laimingesniems ???? \u017dinome kaip nelengva i\u0161gyventi ma\u017eiems verslams, tad nuo \u0161iol, \u010dia rasite ir kit\u0173, ma\u017e\u0173 \u0161eim\u0173 versl\u0173, rank\u0173 darbo, dovan\u0173 sau ir artimiesiems.","publisher":{"@id":"https:\/\/skaitytaknyga.lt\/#organization"},"potentialAction":[{"@type":"SearchAction","target":{"@type":"EntryPoint","urlTemplate":"https:\/\/skaitytaknyga.lt\/?s={search_term_string}"},"query-input":{"@type":"PropertyValueSpecification","valueRequired":true,"valueName":"search_term_string"}}],"inLanguage":"en-GB"},{"@type":"Organization","@id":"https:\/\/skaitytaknyga.lt\/#organization","name":"skaitytaknyga.lt","url":"https:\/\/skaitytaknyga.lt\/","logo":{"@type":"ImageObject","inLanguage":"en-GB","@id":"https:\/\/skaitytaknyga.lt\/#\/schema\/logo\/image\/","url":"https:\/\/skaitytaknyga.lt\/wp-content\/uploads\/2024\/05\/cropped-cropped-cropped-02_00843_jt3bggkj1j3HLc7SyY6rEUpg.jpeg","contentUrl":"https:\/\/skaitytaknyga.lt\/wp-content\/uploads\/2024\/05\/cropped-cropped-cropped-02_00843_jt3bggkj1j3HLc7SyY6rEUpg.jpeg","width":1600,"height":1600,"caption":"skaitytaknyga.lt"},"image":{"@id":"https:\/\/skaitytaknyga.lt\/#\/schema\/logo\/image\/"},"sameAs":["https:\/\/www.facebook.com\/skaitytaknyga\/"]}]}},"_links":{"self":[{"href":"https:\/\/skaitytaknyga.lt\/en\/wp-json\/wp\/v2\/product\/17052","targetHints":{"allow":["GET"]}}],"collection":[{"href":"https:\/\/skaitytaknyga.lt\/en\/wp-json\/wp\/v2\/product"}],"about":[{"href":"https:\/\/skaitytaknyga.lt\/en\/wp-json\/wp\/v2\/types\/product"}],"replies":[{"embeddable":true,"href":"https:\/\/skaitytaknyga.lt\/en\/wp-json\/wp\/v2\/comments?post=17052"}],"wp:featuredmedia":[{"embeddable":true,"href":"https:\/\/skaitytaknyga.lt\/en\/wp-json\/wp\/v2\/media\/17053"}],"wp:attachment":[{"href":"https:\/\/skaitytaknyga.lt\/en\/wp-json\/wp\/v2\/media?parent=17052"}],"wp:term":[{"taxonomy":"product_brand","embeddable":true,"href":"https:\/\/skaitytaknyga.lt\/en\/wp-json\/wp\/v2\/product_brand?post=17052"},{"taxonomy":"product_cat","embeddable":true,"href":"https:\/\/skaitytaknyga.lt\/en\/wp-json\/wp\/v2\/product_cat?post=17052"},{"taxonomy":"product_tag","embeddable":true,"href":"https:\/\/skaitytaknyga.lt\/en\/wp-json\/wp\/v2\/product_tag?post=17052"}],"curies":[{"name":"wp","href":"https:\/\/api.w.org\/{rel}","templated":true}]}}