{"id":17045,"date":"2025-03-02T16:53:25","date_gmt":"2025-03-02T14:53:25","guid":{"rendered":"https:\/\/skaitytaknyga.lt\/?post_type=product&#038;p=17045"},"modified":"2025-09-02T21:19:34","modified_gmt":"2025-09-02T18:19:34","slug":"cingizas-aitmatovas-ilga-kaip-simtmeciai-diena-kopija","status":"publish","type":"product","link":"https:\/\/skaitytaknyga.lt\/en\/produktas\/cingizas-aitmatovas-ilga-kaip-simtmeciai-diena-kopija\/","title":{"rendered":"Ilga kaip \u0161imtme\u010diai diena"},"content":{"rendered":"<p>Kirgiz\u0173 tarybinis ra\u0161ytojas, Lenino premijos laureatas \u010c. Atimatovas \u0161iame veikale kelia esminius \u017emogaus b\u016bties klausimus, \u012fsakmiai primena \u017emon\u0117ms, kad jie atsakingi u\u017e m\u016bs\u0173 \u017dem\u0117s likim\u0105, u\u017e \u017emonijos pa\u017eang\u0105.<\/p>\n<p>Romane pasakojama eilinio gele\u017einkelie\u010dio Jedig\u0117jaus, m\u0105stan\u010dio, tvirtos dvasios \u017emogaus, kovotojo d\u0117l teisyb\u0117s, gyvenimo istorija, kurioje atsispindi daugelis svarbi\u0173 pokarinio laikotarpio \u012fvyki\u0173.<\/p>\n<ul class=\"about-product d-none d-xl-block mt-4\">\n<li><strong>Autorius:<\/strong>\u00a0\u010cingizas Aitmatovas<\/li>\n<li><strong>Leid\u0117jas:<\/strong>\u00a0Vaga<\/li>\n<li><strong>Metai:<\/strong>\u00a01987<\/li>\n<li><strong>Puslapiai:<\/strong>\u00a0334<\/li>\n<li class=\"toggleable type-new-formats \"><strong>Formatas:<\/strong>\u00a013 x 20 cm, kieti vir\u0161eliai<\/li>\n<li><strong>Kalba:<\/strong>\u00a0Lietuvi\u0173<\/li>\n<li><strong>Vert\u0117jas:<\/strong>\u00a0Juozas Vaitkus<\/li>\n<\/ul>\n","protected":false},"excerpt":{"rendered":"<p>Kirgiz\u0173 tarybinis ra\u0161ytojas, Lenino premijos laureatas \u010c. Atimatovas \u0161iame veikale kelia esminius \u017emogaus b\u016bties klausimus, \u012fsakmiai primena \u017emon\u0117ms, kad jie atsakingi u\u017e m\u016bs\u0173 \u017dem\u0117s likim\u0105, u\u017e \u017emonijos pa\u017eang\u0105. Romane pasakojama eilinio gele\u017einkelie\u010dio Jedig\u0117jaus, m\u0105stan\u010dio, tvirtos dvasios \u017emogaus, kovotojo d\u0117l teisyb\u0117s, gyvenimo istorija, kurioje atsispindi daugelis svarbi\u0173 pokarinio laikotarpio \u012fvyki\u0173. Autorius:\u00a0\u010cingizas Aitmatovas Leid\u0117jas:\u00a0Vaga Metai:\u00a01987 Puslapiai:\u00a0334 Formatas:\u00a013 x 20 cm, kieti vir\u0161eliai Kalba:\u00a0Lietuvi\u0173 Vert\u0117jas:\u00a0Juozas Vaitkus<\/p>\n","protected":false},"featured_media":17046,"comment_status":"closed","ping_status":"closed","template":"","meta":{"_acf_changed":false,"site-sidebar-layout":"default","site-content-layout":"","ast-site-content-layout":"default","site-content-style":"default","site-sidebar-style":"default","ast-global-header-display":"","ast-banner-title-visibility":"","ast-main-header-display":"","ast-hfb-above-header-display":"","ast-hfb-below-header-display":"","ast-hfb-mobile-header-display":"","site-post-title":"","ast-breadcrumbs-content":"","ast-featured-img":"","footer-sml-layout":"","ast-disable-related-posts":"","theme-transparent-header-meta":"default","adv-header-id-meta":"","stick-header-meta":"","header-above-stick-meta":"","header-main-stick-meta":"","header-below-stick-meta":"","astra-migrate-meta-layouts":"set","ast-page-background-enabled":"default","ast-page-background-meta":{"desktop":{"background-color":"","background-image":"","background-repeat":"repeat","background-position":"center center","background-size":"auto","background-attachment":"scroll","background-type":"","background-media":"","overlay-type":"","overlay-color":"","overlay-opacity":"","overlay-gradient":""},"tablet":{"background-color":"","background-image":"","background-repeat":"repeat","background-position":"center center","background-size":"auto","background-attachment":"scroll","background-type":"","background-media":"","overlay-type":"","overlay-color":"","overlay-opacity":"","overlay-gradient":""},"mobile":{"background-color":"","background-image":"","background-repeat":"repeat","background-position":"center center","background-size":"auto","background-attachment":"scroll","background-type":"","background-media":"","overlay-type":"","overlay-color":"","overlay-opacity":"","overlay-gradient":""}},"ast-content-background-meta":{"desktop":{"background-color":"var(--ast-global-color-4)","background-image":"","background-repeat":"repeat","background-position":"center center","background-size":"auto","background-attachment":"scroll","background-type":"","background-media":"","overlay-type":"","overlay-color":"","overlay-opacity":"","overlay-gradient":""},"tablet":{"background-color":"var(--ast-global-color-4)","background-image":"","background-repeat":"repeat","background-position":"center center","background-size":"auto","background-attachment":"scroll","background-type":"","background-media":"","overlay-type":"","overlay-color":"","overlay-opacity":"","overlay-gradient":""},"mobile":{"background-color":"var(--ast-global-color-4)","background-image":"","background-repeat":"repeat","background-position":"center center","background-size":"auto","background-attachment":"scroll","background-type":"","background-media":"","overlay-type":"","overlay-color":"","overlay-opacity":"","overlay-gradient":""}}},"product_brand":[],"product_cat":[31],"product_tag":[5741,2224,5744,5742,5745,5743],"class_list":{"0":"post-17045","1":"product","2":"type-product","3":"status-publish","4":"has-post-thumbnail","6":"product_cat-grozine-literatura","7":"product_tag-cingizas-aitmatovas","8":"product_tag-istorija","9":"product_tag-kovotojas","10":"product_tag-tarybine-literatura","11":"product_tag-teisybe","12":"product_tag-zmogaus-buties-klausimai","13":"desktop-align-left","14":"tablet-align-left","15":"mobile-align-left","17":"first","18":"instock","19":"shipping-taxable","20":"purchasable","21":"product-type-simple"},"acf":[],"yoast_head":"<!-- This site is optimized with the Yoast SEO plugin v27.0 - https:\/\/yoast.com\/product\/yoast-seo-wordpress\/ -->\n<title>Ilga kaip \u0161imtme\u010diai diena<\/title>\n<meta name=\"description\" content=\"Kirgiz\u0173 tarybinis ra\u0161ytojas, Lenino premijos laureatas \u010c. Atimatovas \u0161iame veikale kelia esminius \u017emogaus b\u016bties klausimus, \u012fsakmiai primena \u017emon\u0117ms, kad\" \/>\n<meta name=\"robots\" content=\"index, follow, max-snippet:-1, max-image-preview:large, max-video-preview:-1\" \/>\n<link rel=\"canonical\" href=\"https:\/\/skaitytaknyga.lt\/en\/produktas\/cingizas-aitmatovas-ilga-kaip-simtmeciai-diena-kopija\/\" \/>\n<meta property=\"og:locale\" content=\"en_GB\" \/>\n<meta property=\"og:locale:alternate\" content=\"lt_LT\" \/>\n<meta property=\"og:type\" content=\"article\" \/>\n<meta property=\"og:title\" content=\"Ilga kaip \u0161imtme\u010diai diena\" \/>\n<meta property=\"og:description\" content=\"Kirgiz\u0173 tarybinis ra\u0161ytojas, Lenino premijos laureatas \u010c. Atimatovas \u0161iame veikale kelia esminius \u017emogaus b\u016bties klausimus, \u012fsakmiai primena \u017emon\u0117ms, kad\" \/>\n<meta property=\"og:url\" content=\"https:\/\/skaitytaknyga.lt\/en\/produktas\/cingizas-aitmatovas-ilga-kaip-simtmeciai-diena-kopija\/\" \/>\n<meta property=\"og:site_name\" content=\"Skaitytaknyga\" \/>\n<meta property=\"article:publisher\" content=\"https:\/\/www.facebook.com\/skaitytaknyga\/\" \/>\n<meta property=\"article:modified_time\" content=\"2025-09-02T18:19:34+00:00\" \/>\n<meta property=\"og:image\" content=\"https:\/\/skaitytaknyga.lt\/wp-content\/uploads\/2025\/03\/Cingizas-Aitmatovas-\u201eIlga-kaip-simtmeciai-diena.webp\" \/>\n\t<meta property=\"og:image:width\" content=\"509\" \/>\n\t<meta property=\"og:image:height\" content=\"800\" \/>\n\t<meta property=\"og:image:type\" content=\"image\/webp\" \/>\n<meta name=\"twitter:card\" content=\"summary_large_image\" \/>\n<meta name=\"twitter:label1\" content=\"Estimated reading time\" \/>\n\t<meta name=\"twitter:data1\" content=\"1 minute\" \/>\n<script type=\"application\/ld+json\" class=\"yoast-schema-graph\">{\"@context\":\"https:\/\/schema.org\",\"@graph\":[{\"@type\":\"WebPage\",\"@id\":\"https:\/\/skaitytaknyga.lt\/produktas\/cingizas-aitmatovas-ilga-kaip-simtmeciai-diena-kopija\/\",\"url\":\"https:\/\/skaitytaknyga.lt\/produktas\/cingizas-aitmatovas-ilga-kaip-simtmeciai-diena-kopija\/\",\"name\":\"Ilga kaip \u0161imtme\u010diai diena\",\"isPartOf\":{\"@id\":\"https:\/\/skaitytaknyga.lt\/#website\"},\"primaryImageOfPage\":{\"@id\":\"https:\/\/skaitytaknyga.lt\/produktas\/cingizas-aitmatovas-ilga-kaip-simtmeciai-diena-kopija\/#primaryimage\"},\"image\":{\"@id\":\"https:\/\/skaitytaknyga.lt\/produktas\/cingizas-aitmatovas-ilga-kaip-simtmeciai-diena-kopija\/#primaryimage\"},\"thumbnailUrl\":\"https:\/\/skaitytaknyga.lt\/wp-content\/uploads\/2025\/03\/Cingizas-Aitmatovas-\u201eIlga-kaip-simtmeciai-diena.webp\",\"datePublished\":\"2025-03-02T14:53:25+00:00\",\"dateModified\":\"2025-09-02T18:19:34+00:00\",\"description\":\"Kirgiz\u0173 tarybinis ra\u0161ytojas, Lenino premijos laureatas \u010c. Atimatovas \u0161iame veikale kelia esminius \u017emogaus b\u016bties klausimus, \u012fsakmiai primena \u017emon\u0117ms, kad\",\"breadcrumb\":{\"@id\":\"https:\/\/skaitytaknyga.lt\/produktas\/cingizas-aitmatovas-ilga-kaip-simtmeciai-diena-kopija\/#breadcrumb\"},\"inLanguage\":\"en-GB\",\"potentialAction\":[{\"@type\":\"ReadAction\",\"target\":[\"https:\/\/skaitytaknyga.lt\/produktas\/cingizas-aitmatovas-ilga-kaip-simtmeciai-diena-kopija\/\"]}]},{\"@type\":\"ImageObject\",\"inLanguage\":\"en-GB\",\"@id\":\"https:\/\/skaitytaknyga.lt\/produktas\/cingizas-aitmatovas-ilga-kaip-simtmeciai-diena-kopija\/#primaryimage\",\"url\":\"https:\/\/skaitytaknyga.lt\/wp-content\/uploads\/2025\/03\/Cingizas-Aitmatovas-\u201eIlga-kaip-simtmeciai-diena.webp\",\"contentUrl\":\"https:\/\/skaitytaknyga.lt\/wp-content\/uploads\/2025\/03\/Cingizas-Aitmatovas-\u201eIlga-kaip-simtmeciai-diena.webp\",\"width\":509,\"height\":800,\"caption\":\"\u010cingizas Aitmatovas \u201eIlga kaip \u0161imtme\u010diai diena\u201c\"},{\"@type\":\"BreadcrumbList\",\"@id\":\"https:\/\/skaitytaknyga.lt\/produktas\/cingizas-aitmatovas-ilga-kaip-simtmeciai-diena-kopija\/#breadcrumb\",\"itemListElement\":[{\"@type\":\"ListItem\",\"position\":1,\"name\":\"Home\",\"item\":\"https:\/\/skaitytaknyga.lt\/\"},{\"@type\":\"ListItem\",\"position\":2,\"name\":\"Parduotuv\u0117\",\"item\":\"https:\/\/skaitytaknyga.lt\/knygu-parduotuve\/\"},{\"@type\":\"ListItem\",\"position\":3,\"name\":\"Ilga kaip \u0161imtme\u010diai diena\"}]},{\"@type\":\"WebSite\",\"@id\":\"https:\/\/skaitytaknyga.lt\/#website\",\"url\":\"https:\/\/skaitytaknyga.lt\/\",\"name\":\"skaitytaknyga.lt\",\"description\":\"Skaitytaknyga.lt \u2013 tai ma\u017eas \u0161eimos verslas, kuris prasid\u0117jo nuo meil\u0117s knygoms ir siekio i\u0161gelb\u0117ti knygas nuo likimo prie konteinerio. Kas vienam nereikalingas daiktas \u2013 kitam lobis, o mes esame tarpininkai, kurie padeda abiems tapti laimingesniems ???? \u017dinome kaip nelengva i\u0161gyventi ma\u017eiems verslams, tad nuo \u0161iol, \u010dia rasite ir kit\u0173, ma\u017e\u0173 \u0161eim\u0173 versl\u0173, rank\u0173 darbo, dovan\u0173 sau ir artimiesiems.\",\"publisher\":{\"@id\":\"https:\/\/skaitytaknyga.lt\/#organization\"},\"potentialAction\":[{\"@type\":\"SearchAction\",\"target\":{\"@type\":\"EntryPoint\",\"urlTemplate\":\"https:\/\/skaitytaknyga.lt\/?s={search_term_string}\"},\"query-input\":{\"@type\":\"PropertyValueSpecification\",\"valueRequired\":true,\"valueName\":\"search_term_string\"}}],\"inLanguage\":\"en-GB\"},{\"@type\":\"Organization\",\"@id\":\"https:\/\/skaitytaknyga.lt\/#organization\",\"name\":\"skaitytaknyga.lt\",\"url\":\"https:\/\/skaitytaknyga.lt\/\",\"logo\":{\"@type\":\"ImageObject\",\"inLanguage\":\"en-GB\",\"@id\":\"https:\/\/skaitytaknyga.lt\/#\/schema\/logo\/image\/\",\"url\":\"https:\/\/skaitytaknyga.lt\/wp-content\/uploads\/2024\/05\/cropped-cropped-cropped-02_00843_jt3bggkj1j3HLc7SyY6rEUpg.jpeg\",\"contentUrl\":\"https:\/\/skaitytaknyga.lt\/wp-content\/uploads\/2024\/05\/cropped-cropped-cropped-02_00843_jt3bggkj1j3HLc7SyY6rEUpg.jpeg\",\"width\":1600,\"height\":1600,\"caption\":\"skaitytaknyga.lt\"},\"image\":{\"@id\":\"https:\/\/skaitytaknyga.lt\/#\/schema\/logo\/image\/\"},\"sameAs\":[\"https:\/\/www.facebook.com\/skaitytaknyga\/\"]}]}<\/script>\n<!-- \/ Yoast SEO plugin. -->","yoast_head_json":{"title":"Ilga kaip \u0161imtme\u010diai diena","description":"Kirgiz\u0173 tarybinis ra\u0161ytojas, Lenino premijos laureatas \u010c. Atimatovas \u0161iame veikale kelia esminius \u017emogaus b\u016bties klausimus, \u012fsakmiai primena \u017emon\u0117ms, kad","robots":{"index":"index","follow":"follow","max-snippet":"max-snippet:-1","max-image-preview":"max-image-preview:large","max-video-preview":"max-video-preview:-1"},"canonical":"https:\/\/skaitytaknyga.lt\/en\/produktas\/cingizas-aitmatovas-ilga-kaip-simtmeciai-diena-kopija\/","og_locale":"en_GB","og_type":"article","og_title":"[:lt]Ilga kaip \u0161imtme\u010diai diena[:] - Skaitytaknyga","og_description":"Kirgiz\u0173 tarybinis ra\u0161ytojas, Lenino premijos laureatas \u010c. Atimatovas \u0161iame veikale kelia esminius \u017emogaus b\u016bties klausimus, \u012fsakmiai primena \u017emon\u0117ms, kad","og_url":"https:\/\/skaitytaknyga.lt\/en\/produktas\/cingizas-aitmatovas-ilga-kaip-simtmeciai-diena-kopija\/","og_site_name":"Skaitytaknyga","article_publisher":"https:\/\/www.facebook.com\/skaitytaknyga\/","article_modified_time":"2025-09-02T18:19:34+00:00","og_image":[{"width":509,"height":800,"url":"https:\/\/skaitytaknyga.lt\/wp-content\/uploads\/2025\/03\/Cingizas-Aitmatovas-\u201eIlga-kaip-simtmeciai-diena.webp","type":"image\/webp"}],"twitter_card":"summary_large_image","twitter_misc":{"Estimated reading time":"1 minute"},"schema":{"@context":"https:\/\/schema.org","@graph":[{"@type":"WebPage","@id":"https:\/\/skaitytaknyga.lt\/produktas\/cingizas-aitmatovas-ilga-kaip-simtmeciai-diena-kopija\/","url":"https:\/\/skaitytaknyga.lt\/produktas\/cingizas-aitmatovas-ilga-kaip-simtmeciai-diena-kopija\/","name":"Ilga kaip \u0161imtme\u010diai diena","isPartOf":{"@id":"https:\/\/skaitytaknyga.lt\/#website"},"primaryImageOfPage":{"@id":"https:\/\/skaitytaknyga.lt\/produktas\/cingizas-aitmatovas-ilga-kaip-simtmeciai-diena-kopija\/#primaryimage"},"image":{"@id":"https:\/\/skaitytaknyga.lt\/produktas\/cingizas-aitmatovas-ilga-kaip-simtmeciai-diena-kopija\/#primaryimage"},"thumbnailUrl":"https:\/\/skaitytaknyga.lt\/wp-content\/uploads\/2025\/03\/Cingizas-Aitmatovas-\u201eIlga-kaip-simtmeciai-diena.webp","datePublished":"2025-03-02T14:53:25+00:00","dateModified":"2025-09-02T18:19:34+00:00","description":"Kirgiz\u0173 tarybinis ra\u0161ytojas, Lenino premijos laureatas \u010c. Atimatovas \u0161iame veikale kelia esminius \u017emogaus b\u016bties klausimus, \u012fsakmiai primena \u017emon\u0117ms, kad","breadcrumb":{"@id":"https:\/\/skaitytaknyga.lt\/produktas\/cingizas-aitmatovas-ilga-kaip-simtmeciai-diena-kopija\/#breadcrumb"},"inLanguage":"en-GB","potentialAction":[{"@type":"ReadAction","target":["https:\/\/skaitytaknyga.lt\/produktas\/cingizas-aitmatovas-ilga-kaip-simtmeciai-diena-kopija\/"]}]},{"@type":"ImageObject","inLanguage":"en-GB","@id":"https:\/\/skaitytaknyga.lt\/produktas\/cingizas-aitmatovas-ilga-kaip-simtmeciai-diena-kopija\/#primaryimage","url":"https:\/\/skaitytaknyga.lt\/wp-content\/uploads\/2025\/03\/Cingizas-Aitmatovas-\u201eIlga-kaip-simtmeciai-diena.webp","contentUrl":"https:\/\/skaitytaknyga.lt\/wp-content\/uploads\/2025\/03\/Cingizas-Aitmatovas-\u201eIlga-kaip-simtmeciai-diena.webp","width":509,"height":800,"caption":"\u010cingizas Aitmatovas \u201eIlga kaip \u0161imtme\u010diai diena\u201c"},{"@type":"BreadcrumbList","@id":"https:\/\/skaitytaknyga.lt\/produktas\/cingizas-aitmatovas-ilga-kaip-simtmeciai-diena-kopija\/#breadcrumb","itemListElement":[{"@type":"ListItem","position":1,"name":"Home","item":"https:\/\/skaitytaknyga.lt\/"},{"@type":"ListItem","position":2,"name":"Parduotuv\u0117","item":"https:\/\/skaitytaknyga.lt\/knygu-parduotuve\/"},{"@type":"ListItem","position":3,"name":"Ilga kaip \u0161imtme\u010diai diena"}]},{"@type":"WebSite","@id":"https:\/\/skaitytaknyga.lt\/#website","url":"https:\/\/skaitytaknyga.lt\/","name":"skaitytaknyga.lt","description":"Skaitytaknyga.lt \u2013 tai ma\u017eas \u0161eimos verslas, kuris prasid\u0117jo nuo meil\u0117s knygoms ir siekio i\u0161gelb\u0117ti knygas nuo likimo prie konteinerio. Kas vienam nereikalingas daiktas \u2013 kitam lobis, o mes esame tarpininkai, kurie padeda abiems tapti laimingesniems ???? \u017dinome kaip nelengva i\u0161gyventi ma\u017eiems verslams, tad nuo \u0161iol, \u010dia rasite ir kit\u0173, ma\u017e\u0173 \u0161eim\u0173 versl\u0173, rank\u0173 darbo, dovan\u0173 sau ir artimiesiems.","publisher":{"@id":"https:\/\/skaitytaknyga.lt\/#organization"},"potentialAction":[{"@type":"SearchAction","target":{"@type":"EntryPoint","urlTemplate":"https:\/\/skaitytaknyga.lt\/?s={search_term_string}"},"query-input":{"@type":"PropertyValueSpecification","valueRequired":true,"valueName":"search_term_string"}}],"inLanguage":"en-GB"},{"@type":"Organization","@id":"https:\/\/skaitytaknyga.lt\/#organization","name":"skaitytaknyga.lt","url":"https:\/\/skaitytaknyga.lt\/","logo":{"@type":"ImageObject","inLanguage":"en-GB","@id":"https:\/\/skaitytaknyga.lt\/#\/schema\/logo\/image\/","url":"https:\/\/skaitytaknyga.lt\/wp-content\/uploads\/2024\/05\/cropped-cropped-cropped-02_00843_jt3bggkj1j3HLc7SyY6rEUpg.jpeg","contentUrl":"https:\/\/skaitytaknyga.lt\/wp-content\/uploads\/2024\/05\/cropped-cropped-cropped-02_00843_jt3bggkj1j3HLc7SyY6rEUpg.jpeg","width":1600,"height":1600,"caption":"skaitytaknyga.lt"},"image":{"@id":"https:\/\/skaitytaknyga.lt\/#\/schema\/logo\/image\/"},"sameAs":["https:\/\/www.facebook.com\/skaitytaknyga\/"]}]}},"_links":{"self":[{"href":"https:\/\/skaitytaknyga.lt\/en\/wp-json\/wp\/v2\/product\/17045","targetHints":{"allow":["GET"]}}],"collection":[{"href":"https:\/\/skaitytaknyga.lt\/en\/wp-json\/wp\/v2\/product"}],"about":[{"href":"https:\/\/skaitytaknyga.lt\/en\/wp-json\/wp\/v2\/types\/product"}],"replies":[{"embeddable":true,"href":"https:\/\/skaitytaknyga.lt\/en\/wp-json\/wp\/v2\/comments?post=17045"}],"wp:featuredmedia":[{"embeddable":true,"href":"https:\/\/skaitytaknyga.lt\/en\/wp-json\/wp\/v2\/media\/17046"}],"wp:attachment":[{"href":"https:\/\/skaitytaknyga.lt\/en\/wp-json\/wp\/v2\/media?parent=17045"}],"wp:term":[{"taxonomy":"product_brand","embeddable":true,"href":"https:\/\/skaitytaknyga.lt\/en\/wp-json\/wp\/v2\/product_brand?post=17045"},{"taxonomy":"product_cat","embeddable":true,"href":"https:\/\/skaitytaknyga.lt\/en\/wp-json\/wp\/v2\/product_cat?post=17045"},{"taxonomy":"product_tag","embeddable":true,"href":"https:\/\/skaitytaknyga.lt\/en\/wp-json\/wp\/v2\/product_tag?post=17045"}],"curies":[{"name":"wp","href":"https:\/\/api.w.org\/{rel}","templated":true}]}}