{"id":17023,"date":"2025-03-02T15:37:45","date_gmt":"2025-03-02T13:37:45","guid":{"rendered":"https:\/\/skaitytaknyga.lt\/?post_type=product&#038;p=17023"},"modified":"2025-03-02T15:38:36","modified_gmt":"2025-03-02T13:38:36","slug":"velyku-sventes","status":"publish","type":"product","link":"https:\/\/skaitytaknyga.lt\/en\/produktas\/velyku-sventes\/","title":{"rendered":"Velyk\u0173 \u0161vent\u0117s"},"content":{"rendered":"<p>Velykos \u2013 viena did\u017ei\u0173j\u0173 krik\u0161\u010dioni\u0173 \u0161ven\u010di\u0173. \u0160\u012f laikotarp\u012f lydi daugyb\u0117 liaudies papro\u010di\u0173. Pasekime paskui \u017emones, i\u0161 vis\u0173 Lietuvos ba\u017eny\u010di\u0173 velykini\u0173 \u0161ven\u010di\u0173 dienomis skuban\u010dius su verb\u0173 puok\u0161t\u0117mis, \u0161ventinta ugnimi, vandeniu ir valgi\u0173 kraitel\u0117mis \u012f namus, pa\u017ei\u016br\u0117kime, k\u0105 jie savo namuose veikia, ir pamatykime, kokius jie turi gyvenimo tikslus, viltis, kokie j\u0173 d\u017eiaugsmai \u2013 ra\u0161o autorius \u201ePratarm\u0117je\u201c.<\/p>\n<p>Autorius: Juozas Kudirka<br \/>\nLeid\u0117jas: Mintis<br \/>\nMetai: 1990<br \/>\nPuslapiai: 70<br \/>\nISBN: 5417005495<br \/>\nFormatas: 13 x 16,5 cm, mink\u0161ti vir\u0161eliai<br \/>\nKalba: Lietuvi\u0173<\/p>\n","protected":false},"excerpt":{"rendered":"<p>Velykos \u2013 viena did\u017ei\u0173j\u0173 krik\u0161\u010dioni\u0173 \u0161ven\u010di\u0173. \u0160\u012f laikotarp\u012f lydi daugyb\u0117 liaudies papro\u010di\u0173. Pasekime paskui \u017emones, i\u0161 vis\u0173 Lietuvos ba\u017eny\u010di\u0173 velykini\u0173 \u0161ven\u010di\u0173 dienomis skuban\u010dius su verb\u0173 puok\u0161t\u0117mis, \u0161ventinta ugnimi, vandeniu ir valgi\u0173 kraitel\u0117mis \u012f namus, pa\u017ei\u016br\u0117kime, k\u0105 jie savo namuose veikia, ir pamatykime, kokius jie turi gyvenimo tikslus, viltis, kokie j\u0173 d\u017eiaugsmai \u2013 ra\u0161o autorius \u201ePratarm\u0117je\u201c. Autorius: Juozas Kudirka Leid\u0117jas: Mintis Metai: 1990 Puslapiai: 70 ISBN: 5417005495 Formatas: 13 x 16,5 cm, mink\u0161ti vir\u0161eliai Kalba: Lietuvi\u0173<\/p>\n","protected":false},"featured_media":17024,"comment_status":"closed","ping_status":"closed","template":"","meta":{"_acf_changed":false,"site-sidebar-layout":"default","site-content-layout":"","ast-site-content-layout":"default","site-content-style":"default","site-sidebar-style":"default","ast-global-header-display":"","ast-banner-title-visibility":"","ast-main-header-display":"","ast-hfb-above-header-display":"","ast-hfb-below-header-display":"","ast-hfb-mobile-header-display":"","site-post-title":"","ast-breadcrumbs-content":"","ast-featured-img":"","footer-sml-layout":"","ast-disable-related-posts":"","theme-transparent-header-meta":"default","adv-header-id-meta":"","stick-header-meta":"","header-above-stick-meta":"","header-main-stick-meta":"","header-below-stick-meta":"","astra-migrate-meta-layouts":"set","ast-page-background-enabled":"default","ast-page-background-meta":{"desktop":{"background-color":"","background-image":"","background-repeat":"repeat","background-position":"center center","background-size":"auto","background-attachment":"scroll","background-type":"","background-media":"","overlay-type":"","overlay-color":"","overlay-opacity":"","overlay-gradient":""},"tablet":{"background-color":"","background-image":"","background-repeat":"repeat","background-position":"center center","background-size":"auto","background-attachment":"scroll","background-type":"","background-media":"","overlay-type":"","overlay-color":"","overlay-opacity":"","overlay-gradient":""},"mobile":{"background-color":"","background-image":"","background-repeat":"repeat","background-position":"center center","background-size":"auto","background-attachment":"scroll","background-type":"","background-media":"","overlay-type":"","overlay-color":"","overlay-opacity":"","overlay-gradient":""}},"ast-content-background-meta":{"desktop":{"background-color":"var(--ast-global-color-4)","background-image":"","background-repeat":"repeat","background-position":"center center","background-size":"auto","background-attachment":"scroll","background-type":"","background-media":"","overlay-type":"","overlay-color":"","overlay-opacity":"","overlay-gradient":""},"tablet":{"background-color":"var(--ast-global-color-4)","background-image":"","background-repeat":"repeat","background-position":"center center","background-size":"auto","background-attachment":"scroll","background-type":"","background-media":"","overlay-type":"","overlay-color":"","overlay-opacity":"","overlay-gradient":""},"mobile":{"background-color":"var(--ast-global-color-4)","background-image":"","background-repeat":"repeat","background-position":"center center","background-size":"auto","background-attachment":"scroll","background-type":"","background-media":"","overlay-type":"","overlay-color":"","overlay-opacity":"","overlay-gradient":""}}},"product_brand":[],"product_cat":[293,57],"product_tag":[],"class_list":{"0":"post-17023","1":"product","2":"type-product","3":"status-publish","4":"has-post-thumbnail","6":"product_cat-etnografija-liaudies-kuryba","7":"product_cat-menas-ir-albumai","8":"desktop-align-left","9":"tablet-align-left","10":"mobile-align-left","12":"first","13":"instock","14":"shipping-taxable","15":"purchasable","16":"product-type-simple"},"acf":[],"yoast_head":"<!-- This site is optimized with the Yoast SEO plugin v27.4 - https:\/\/yoast.com\/product\/yoast-seo-wordpress\/ -->\n<title>Velyk\u0173 \u0161vent\u0117s<\/title>\n<meta name=\"description\" content=\"Velykos \u2013 viena did\u017ei\u0173j\u0173 krik\u0161\u010dioni\u0173 \u0161ven\u010di\u0173. \u0160\u012f laikotarp\u012f lydi daugyb\u0117 liaudies papro\u010di\u0173. Pasekime paskui \u017emones, i\u0161 vis\u0173 Lietuvos ba\u017eny\u010di\u0173 velykini\u0173\" \/>\n<meta name=\"robots\" content=\"index, follow, max-snippet:-1, max-image-preview:large, max-video-preview:-1\" \/>\n<link rel=\"canonical\" href=\"https:\/\/skaitytaknyga.lt\/en\/produktas\/velyku-sventes\/\" \/>\n<meta property=\"og:locale\" content=\"en_GB\" \/>\n<meta property=\"og:locale:alternate\" content=\"lt_LT\" \/>\n<meta property=\"og:type\" content=\"article\" \/>\n<meta property=\"og:title\" content=\"Velyk\u0173 \u0161vent\u0117s\" \/>\n<meta property=\"og:description\" content=\"Velykos \u2013 viena did\u017ei\u0173j\u0173 krik\u0161\u010dioni\u0173 \u0161ven\u010di\u0173. \u0160\u012f laikotarp\u012f lydi daugyb\u0117 liaudies papro\u010di\u0173. Pasekime paskui \u017emones, i\u0161 vis\u0173 Lietuvos ba\u017eny\u010di\u0173 velykini\u0173\" \/>\n<meta property=\"og:url\" content=\"https:\/\/skaitytaknyga.lt\/en\/produktas\/velyku-sventes\/\" \/>\n<meta property=\"og:site_name\" content=\"Skaitytaknyga\" \/>\n<meta property=\"article:publisher\" content=\"https:\/\/www.facebook.com\/skaitytaknyga\/\" \/>\n<meta property=\"article:modified_time\" content=\"2025-03-02T13:38:36+00:00\" \/>\n<meta property=\"og:image\" content=\"https:\/\/skaitytaknyga.lt\/wp-content\/uploads\/2025\/03\/Velyku-sventes.webp\" \/>\n\t<meta property=\"og:image:width\" content=\"609\" \/>\n\t<meta property=\"og:image:height\" content=\"800\" \/>\n\t<meta property=\"og:image:type\" content=\"image\/webp\" \/>\n<meta name=\"twitter:card\" content=\"summary_large_image\" \/>\n<meta name=\"twitter:label1\" content=\"Estimated reading time\" \/>\n\t<meta name=\"twitter:data1\" content=\"1 minute\" \/>\n<script type=\"application\/ld+json\" class=\"yoast-schema-graph\">{\"@context\":\"https:\\\/\\\/schema.org\",\"@graph\":[{\"@type\":\"WebPage\",\"@id\":\"https:\\\/\\\/skaitytaknyga.lt\\\/produktas\\\/velyku-sventes\\\/\",\"url\":\"https:\\\/\\\/skaitytaknyga.lt\\\/produktas\\\/velyku-sventes\\\/\",\"name\":\"Velyk\u0173 \u0161vent\u0117s\",\"isPartOf\":{\"@id\":\"https:\\\/\\\/skaitytaknyga.lt\\\/#website\"},\"primaryImageOfPage\":{\"@id\":\"https:\\\/\\\/skaitytaknyga.lt\\\/produktas\\\/velyku-sventes\\\/#primaryimage\"},\"image\":{\"@id\":\"https:\\\/\\\/skaitytaknyga.lt\\\/produktas\\\/velyku-sventes\\\/#primaryimage\"},\"thumbnailUrl\":\"https:\\\/\\\/skaitytaknyga.lt\\\/wp-content\\\/uploads\\\/2025\\\/03\\\/Velyku-sventes.webp\",\"datePublished\":\"2025-03-02T13:37:45+00:00\",\"dateModified\":\"2025-03-02T13:38:36+00:00\",\"description\":\"Velykos \u2013 viena did\u017ei\u0173j\u0173 krik\u0161\u010dioni\u0173 \u0161ven\u010di\u0173. \u0160\u012f laikotarp\u012f lydi daugyb\u0117 liaudies papro\u010di\u0173. Pasekime paskui \u017emones, i\u0161 vis\u0173 Lietuvos ba\u017eny\u010di\u0173 velykini\u0173\",\"breadcrumb\":{\"@id\":\"https:\\\/\\\/skaitytaknyga.lt\\\/produktas\\\/velyku-sventes\\\/#breadcrumb\"},\"inLanguage\":\"en-GB\",\"potentialAction\":[{\"@type\":\"ReadAction\",\"target\":[\"https:\\\/\\\/skaitytaknyga.lt\\\/produktas\\\/velyku-sventes\\\/\"]}]},{\"@type\":\"ImageObject\",\"inLanguage\":\"en-GB\",\"@id\":\"https:\\\/\\\/skaitytaknyga.lt\\\/produktas\\\/velyku-sventes\\\/#primaryimage\",\"url\":\"https:\\\/\\\/skaitytaknyga.lt\\\/wp-content\\\/uploads\\\/2025\\\/03\\\/Velyku-sventes.webp\",\"contentUrl\":\"https:\\\/\\\/skaitytaknyga.lt\\\/wp-content\\\/uploads\\\/2025\\\/03\\\/Velyku-sventes.webp\",\"width\":609,\"height\":800,\"caption\":\"Velyk\u0173 \u0161vent\u0117s\"},{\"@type\":\"BreadcrumbList\",\"@id\":\"https:\\\/\\\/skaitytaknyga.lt\\\/produktas\\\/velyku-sventes\\\/#breadcrumb\",\"itemListElement\":[{\"@type\":\"ListItem\",\"position\":1,\"name\":\"Home\",\"item\":\"https:\\\/\\\/skaitytaknyga.lt\\\/\"},{\"@type\":\"ListItem\",\"position\":2,\"name\":\"Parduotuv\u0117\",\"item\":\"https:\\\/\\\/skaitytaknyga.lt\\\/knygu-parduotuve\\\/\"},{\"@type\":\"ListItem\",\"position\":3,\"name\":\"Velyk\u0173 \u0161vent\u0117s\"}]},{\"@type\":\"WebSite\",\"@id\":\"https:\\\/\\\/skaitytaknyga.lt\\\/#website\",\"url\":\"https:\\\/\\\/skaitytaknyga.lt\\\/\",\"name\":\"skaitytaknyga.lt\",\"description\":\"Skaitytaknyga.lt \u2013 tai ma\u017eas \u0161eimos verslas, kuris prasid\u0117jo nuo meil\u0117s knygoms ir siekio i\u0161gelb\u0117ti knygas nuo likimo prie konteinerio. Kas vienam nereikalingas daiktas \u2013 kitam lobis, o mes esame tarpininkai, kurie padeda abiems tapti laimingesniems ???? \u017dinome kaip nelengva i\u0161gyventi ma\u017eiems verslams, tad nuo \u0161iol, \u010dia rasite ir kit\u0173, ma\u017e\u0173 \u0161eim\u0173 versl\u0173, rank\u0173 darbo, dovan\u0173 sau ir artimiesiems.\",\"publisher\":{\"@id\":\"https:\\\/\\\/skaitytaknyga.lt\\\/#organization\"},\"potentialAction\":[{\"@type\":\"SearchAction\",\"target\":{\"@type\":\"EntryPoint\",\"urlTemplate\":\"https:\\\/\\\/skaitytaknyga.lt\\\/?s={search_term_string}\"},\"query-input\":{\"@type\":\"PropertyValueSpecification\",\"valueRequired\":true,\"valueName\":\"search_term_string\"}}],\"inLanguage\":\"en-GB\"},{\"@type\":\"Organization\",\"@id\":\"https:\\\/\\\/skaitytaknyga.lt\\\/#organization\",\"name\":\"skaitytaknyga.lt\",\"url\":\"https:\\\/\\\/skaitytaknyga.lt\\\/\",\"logo\":{\"@type\":\"ImageObject\",\"inLanguage\":\"en-GB\",\"@id\":\"https:\\\/\\\/skaitytaknyga.lt\\\/#\\\/schema\\\/logo\\\/image\\\/\",\"url\":\"https:\\\/\\\/skaitytaknyga.lt\\\/wp-content\\\/uploads\\\/2024\\\/05\\\/cropped-cropped-cropped-02_00843_jt3bggkj1j3HLc7SyY6rEUpg.jpeg\",\"contentUrl\":\"https:\\\/\\\/skaitytaknyga.lt\\\/wp-content\\\/uploads\\\/2024\\\/05\\\/cropped-cropped-cropped-02_00843_jt3bggkj1j3HLc7SyY6rEUpg.jpeg\",\"width\":1600,\"height\":1600,\"caption\":\"skaitytaknyga.lt\"},\"image\":{\"@id\":\"https:\\\/\\\/skaitytaknyga.lt\\\/#\\\/schema\\\/logo\\\/image\\\/\"},\"sameAs\":[\"https:\\\/\\\/www.facebook.com\\\/skaitytaknyga\\\/\"]}]}<\/script>\n<!-- \/ Yoast SEO plugin. -->","yoast_head_json":{"title":"Velyk\u0173 \u0161vent\u0117s","description":"Velykos \u2013 viena did\u017ei\u0173j\u0173 krik\u0161\u010dioni\u0173 \u0161ven\u010di\u0173. \u0160\u012f laikotarp\u012f lydi daugyb\u0117 liaudies papro\u010di\u0173. Pasekime paskui \u017emones, i\u0161 vis\u0173 Lietuvos ba\u017eny\u010di\u0173 velykini\u0173","robots":{"index":"index","follow":"follow","max-snippet":"max-snippet:-1","max-image-preview":"max-image-preview:large","max-video-preview":"max-video-preview:-1"},"canonical":"https:\/\/skaitytaknyga.lt\/en\/produktas\/velyku-sventes\/","og_locale":"en_GB","og_type":"article","og_title":"[:lt]Velyk\u0173 \u0161vent\u0117s[:] - Skaitytaknyga","og_description":"Velykos \u2013 viena did\u017ei\u0173j\u0173 krik\u0161\u010dioni\u0173 \u0161ven\u010di\u0173. \u0160\u012f laikotarp\u012f lydi daugyb\u0117 liaudies papro\u010di\u0173. Pasekime paskui \u017emones, i\u0161 vis\u0173 Lietuvos ba\u017eny\u010di\u0173 velykini\u0173","og_url":"https:\/\/skaitytaknyga.lt\/en\/produktas\/velyku-sventes\/","og_site_name":"Skaitytaknyga","article_publisher":"https:\/\/www.facebook.com\/skaitytaknyga\/","article_modified_time":"2025-03-02T13:38:36+00:00","og_image":[{"width":609,"height":800,"url":"https:\/\/skaitytaknyga.lt\/wp-content\/uploads\/2025\/03\/Velyku-sventes.webp","type":"image\/webp"}],"twitter_card":"summary_large_image","twitter_misc":{"Estimated reading time":"1 minute"},"schema":{"@context":"https:\/\/schema.org","@graph":[{"@type":"WebPage","@id":"https:\/\/skaitytaknyga.lt\/produktas\/velyku-sventes\/","url":"https:\/\/skaitytaknyga.lt\/produktas\/velyku-sventes\/","name":"Velyk\u0173 \u0161vent\u0117s","isPartOf":{"@id":"https:\/\/skaitytaknyga.lt\/#website"},"primaryImageOfPage":{"@id":"https:\/\/skaitytaknyga.lt\/produktas\/velyku-sventes\/#primaryimage"},"image":{"@id":"https:\/\/skaitytaknyga.lt\/produktas\/velyku-sventes\/#primaryimage"},"thumbnailUrl":"https:\/\/skaitytaknyga.lt\/wp-content\/uploads\/2025\/03\/Velyku-sventes.webp","datePublished":"2025-03-02T13:37:45+00:00","dateModified":"2025-03-02T13:38:36+00:00","description":"Velykos \u2013 viena did\u017ei\u0173j\u0173 krik\u0161\u010dioni\u0173 \u0161ven\u010di\u0173. \u0160\u012f laikotarp\u012f lydi daugyb\u0117 liaudies papro\u010di\u0173. Pasekime paskui \u017emones, i\u0161 vis\u0173 Lietuvos ba\u017eny\u010di\u0173 velykini\u0173","breadcrumb":{"@id":"https:\/\/skaitytaknyga.lt\/produktas\/velyku-sventes\/#breadcrumb"},"inLanguage":"en-GB","potentialAction":[{"@type":"ReadAction","target":["https:\/\/skaitytaknyga.lt\/produktas\/velyku-sventes\/"]}]},{"@type":"ImageObject","inLanguage":"en-GB","@id":"https:\/\/skaitytaknyga.lt\/produktas\/velyku-sventes\/#primaryimage","url":"https:\/\/skaitytaknyga.lt\/wp-content\/uploads\/2025\/03\/Velyku-sventes.webp","contentUrl":"https:\/\/skaitytaknyga.lt\/wp-content\/uploads\/2025\/03\/Velyku-sventes.webp","width":609,"height":800,"caption":"Velyk\u0173 \u0161vent\u0117s"},{"@type":"BreadcrumbList","@id":"https:\/\/skaitytaknyga.lt\/produktas\/velyku-sventes\/#breadcrumb","itemListElement":[{"@type":"ListItem","position":1,"name":"Home","item":"https:\/\/skaitytaknyga.lt\/"},{"@type":"ListItem","position":2,"name":"Parduotuv\u0117","item":"https:\/\/skaitytaknyga.lt\/knygu-parduotuve\/"},{"@type":"ListItem","position":3,"name":"Velyk\u0173 \u0161vent\u0117s"}]},{"@type":"WebSite","@id":"https:\/\/skaitytaknyga.lt\/#website","url":"https:\/\/skaitytaknyga.lt\/","name":"skaitytaknyga.lt","description":"Skaitytaknyga.lt \u2013 tai ma\u017eas \u0161eimos verslas, kuris prasid\u0117jo nuo meil\u0117s knygoms ir siekio i\u0161gelb\u0117ti knygas nuo likimo prie konteinerio. Kas vienam nereikalingas daiktas \u2013 kitam lobis, o mes esame tarpininkai, kurie padeda abiems tapti laimingesniems ???? \u017dinome kaip nelengva i\u0161gyventi ma\u017eiems verslams, tad nuo \u0161iol, \u010dia rasite ir kit\u0173, ma\u017e\u0173 \u0161eim\u0173 versl\u0173, rank\u0173 darbo, dovan\u0173 sau ir artimiesiems.","publisher":{"@id":"https:\/\/skaitytaknyga.lt\/#organization"},"potentialAction":[{"@type":"SearchAction","target":{"@type":"EntryPoint","urlTemplate":"https:\/\/skaitytaknyga.lt\/?s={search_term_string}"},"query-input":{"@type":"PropertyValueSpecification","valueRequired":true,"valueName":"search_term_string"}}],"inLanguage":"en-GB"},{"@type":"Organization","@id":"https:\/\/skaitytaknyga.lt\/#organization","name":"skaitytaknyga.lt","url":"https:\/\/skaitytaknyga.lt\/","logo":{"@type":"ImageObject","inLanguage":"en-GB","@id":"https:\/\/skaitytaknyga.lt\/#\/schema\/logo\/image\/","url":"https:\/\/skaitytaknyga.lt\/wp-content\/uploads\/2024\/05\/cropped-cropped-cropped-02_00843_jt3bggkj1j3HLc7SyY6rEUpg.jpeg","contentUrl":"https:\/\/skaitytaknyga.lt\/wp-content\/uploads\/2024\/05\/cropped-cropped-cropped-02_00843_jt3bggkj1j3HLc7SyY6rEUpg.jpeg","width":1600,"height":1600,"caption":"skaitytaknyga.lt"},"image":{"@id":"https:\/\/skaitytaknyga.lt\/#\/schema\/logo\/image\/"},"sameAs":["https:\/\/www.facebook.com\/skaitytaknyga\/"]}]}},"_links":{"self":[{"href":"https:\/\/skaitytaknyga.lt\/en\/wp-json\/wp\/v2\/product\/17023","targetHints":{"allow":["GET"]}}],"collection":[{"href":"https:\/\/skaitytaknyga.lt\/en\/wp-json\/wp\/v2\/product"}],"about":[{"href":"https:\/\/skaitytaknyga.lt\/en\/wp-json\/wp\/v2\/types\/product"}],"replies":[{"embeddable":true,"href":"https:\/\/skaitytaknyga.lt\/en\/wp-json\/wp\/v2\/comments?post=17023"}],"wp:featuredmedia":[{"embeddable":true,"href":"https:\/\/skaitytaknyga.lt\/en\/wp-json\/wp\/v2\/media\/17024"}],"wp:attachment":[{"href":"https:\/\/skaitytaknyga.lt\/en\/wp-json\/wp\/v2\/media?parent=17023"}],"wp:term":[{"taxonomy":"product_brand","embeddable":true,"href":"https:\/\/skaitytaknyga.lt\/en\/wp-json\/wp\/v2\/product_brand?post=17023"},{"taxonomy":"product_cat","embeddable":true,"href":"https:\/\/skaitytaknyga.lt\/en\/wp-json\/wp\/v2\/product_cat?post=17023"},{"taxonomy":"product_tag","embeddable":true,"href":"https:\/\/skaitytaknyga.lt\/en\/wp-json\/wp\/v2\/product_tag?post=17023"}],"curies":[{"name":"wp","href":"https:\/\/api.w.org\/{rel}","templated":true}]}}