{"id":17018,"date":"2025-03-02T14:08:18","date_gmt":"2025-03-02T12:08:18","guid":{"rendered":"https:\/\/skaitytaknyga.lt\/?post_type=product&#038;p=17018"},"modified":"2026-03-18T14:59:48","modified_gmt":"2026-03-18T12:59:48","slug":"geografines-keliones-ir-atradimai","status":"publish","type":"product","link":"https:\/\/skaitytaknyga.lt\/en\/produktas\/geografines-keliones-ir-atradimai\/","title":{"rendered":"Geografin\u0117s kelion\u0117s ir atradimai"},"content":{"rendered":"<p>Knygoje \u010c. Kudaba pateikia \u017eini\u0173 apie geografinio \u017dem\u0117s pa\u017einimo keli\u0105 iki Did\u017ei\u0173j\u0173 geografini\u0173 kelioni\u0173 laikotarpio. Joje trumpai palie\u010diami svarbesni geografijos mokslo laim\u0117jimai, apra\u0161omos kelion\u0117s, kurioms kitose knygose buvo skiriama ma\u017eai d\u0117mesio, kin\u0173 kelion\u0117s aplink Pietry\u010di\u0173 Azij\u0105, arab\u0173 kelion\u0117s \u012f \u0161iaur\u0119.<\/p>\n<p>Knygoje yra skyrius apie Lietuvos geografin\u012f akirat\u012f iki XV am\u017eiaus.<\/p>\n<p>Autorius: \u010ceslovas Kudaba<br \/>\nLeid\u0117jas: Mokslas<br \/>\nMetai: 1980<br \/>\nPuslapiai: 292<br \/>\nFormatas: 15 x 24 cm, kieti vir\u0161eliai<br \/>\nKalba: Lietuvi\u0173<\/p>\n","protected":false},"excerpt":{"rendered":"<p>Knygoje \u010c. Kudaba pateikia \u017eini\u0173 apie geografinio \u017dem\u0117s pa\u017einimo keli\u0105 iki Did\u017ei\u0173j\u0173 geografini\u0173 kelioni\u0173 laikotarpio. Joje trumpai palie\u010diami svarbesni geografijos mokslo laim\u0117jimai, apra\u0161omos kelion\u0117s, kurioms kitose knygose buvo skiriama ma\u017eai d\u0117mesio, kin\u0173 kelion\u0117s aplink Pietry\u010di\u0173 Azij\u0105, arab\u0173 kelion\u0117s \u012f \u0161iaur\u0119. Knygoje yra skyrius apie Lietuvos geografin\u012f akirat\u012f iki XV am\u017eiaus. Autorius: \u010ceslovas Kudaba Leid\u0117jas: Mokslas Metai: 1980 Puslapiai: 292 Formatas: 15 x 24 cm, kieti vir\u0161eliai Kalba: Lietuvi\u0173<\/p>\n","protected":false},"featured_media":17019,"comment_status":"closed","ping_status":"closed","template":"","meta":{"_acf_changed":false,"site-sidebar-layout":"default","site-content-layout":"","ast-site-content-layout":"default","site-content-style":"default","site-sidebar-style":"default","ast-global-header-display":"","ast-banner-title-visibility":"","ast-main-header-display":"","ast-hfb-above-header-display":"","ast-hfb-below-header-display":"","ast-hfb-mobile-header-display":"","site-post-title":"","ast-breadcrumbs-content":"","ast-featured-img":"","footer-sml-layout":"","ast-disable-related-posts":"","theme-transparent-header-meta":"default","adv-header-id-meta":"","stick-header-meta":"","header-above-stick-meta":"","header-main-stick-meta":"","header-below-stick-meta":"","astra-migrate-meta-layouts":"set","ast-page-background-enabled":"default","ast-page-background-meta":{"desktop":{"background-color":"","background-image":"","background-repeat":"repeat","background-position":"center center","background-size":"auto","background-attachment":"scroll","background-type":"","background-media":"","overlay-type":"","overlay-color":"","overlay-opacity":"","overlay-gradient":""},"tablet":{"background-color":"","background-image":"","background-repeat":"repeat","background-position":"center center","background-size":"auto","background-attachment":"scroll","background-type":"","background-media":"","overlay-type":"","overlay-color":"","overlay-opacity":"","overlay-gradient":""},"mobile":{"background-color":"","background-image":"","background-repeat":"repeat","background-position":"center center","background-size":"auto","background-attachment":"scroll","background-type":"","background-media":"","overlay-type":"","overlay-color":"","overlay-opacity":"","overlay-gradient":""}},"ast-content-background-meta":{"desktop":{"background-color":"var(--ast-global-color-4)","background-image":"","background-repeat":"repeat","background-position":"center center","background-size":"auto","background-attachment":"scroll","background-type":"","background-media":"","overlay-type":"","overlay-color":"","overlay-opacity":"","overlay-gradient":""},"tablet":{"background-color":"var(--ast-global-color-4)","background-image":"","background-repeat":"repeat","background-position":"center center","background-size":"auto","background-attachment":"scroll","background-type":"","background-media":"","overlay-type":"","overlay-color":"","overlay-opacity":"","overlay-gradient":""},"mobile":{"background-color":"var(--ast-global-color-4)","background-image":"","background-repeat":"repeat","background-position":"center center","background-size":"auto","background-attachment":"scroll","background-type":"","background-media":"","overlay-type":"","overlay-color":"","overlay-opacity":"","overlay-gradient":""}}},"product_brand":[],"product_cat":[174,9862],"product_tag":[],"class_list":{"0":"post-17018","1":"product","2":"type-product","3":"status-publish","4":"has-post-thumbnail","6":"product_cat-istorija-ir-politologija","7":"product_cat-lietuvos-istorija","8":"desktop-align-left","9":"tablet-align-left","10":"mobile-align-left","12":"first","13":"instock","14":"shipping-taxable","15":"purchasable","16":"product-type-simple"},"acf":[],"yoast_head":"<!-- This site is optimized with the Yoast SEO plugin v27.4 - https:\/\/yoast.com\/product\/yoast-seo-wordpress\/ -->\n<title>Geografin\u0117s kelion\u0117s ir atradimai<\/title>\n<meta name=\"description\" content=\"Knygoje \u010c. Kudaba pateikia \u017eini\u0173 apie geografinio \u017dem\u0117s pa\u017einimo keli\u0105 iki Did\u017ei\u0173j\u0173 geografini\u0173 kelioni\u0173 laikotarpio. Joje trumpai palie\u010diami svarbesni\" \/>\n<meta name=\"robots\" content=\"index, follow, max-snippet:-1, max-image-preview:large, max-video-preview:-1\" \/>\n<link rel=\"canonical\" href=\"https:\/\/skaitytaknyga.lt\/en\/produktas\/geografines-keliones-ir-atradimai\/\" \/>\n<meta property=\"og:locale\" content=\"en_GB\" \/>\n<meta property=\"og:locale:alternate\" content=\"lt_LT\" \/>\n<meta property=\"og:type\" content=\"article\" \/>\n<meta property=\"og:title\" content=\"Geografin\u0117s kelion\u0117s ir atradimai\" \/>\n<meta property=\"og:description\" content=\"Knygoje \u010c. Kudaba pateikia \u017eini\u0173 apie geografinio \u017dem\u0117s pa\u017einimo keli\u0105 iki Did\u017ei\u0173j\u0173 geografini\u0173 kelioni\u0173 laikotarpio. Joje trumpai palie\u010diami svarbesni\" \/>\n<meta property=\"og:url\" content=\"https:\/\/skaitytaknyga.lt\/en\/produktas\/geografines-keliones-ir-atradimai\/\" \/>\n<meta property=\"og:site_name\" content=\"Skaitytaknyga\" \/>\n<meta property=\"article:publisher\" content=\"https:\/\/www.facebook.com\/skaitytaknyga\/\" \/>\n<meta property=\"article:modified_time\" content=\"2026-03-18T12:59:48+00:00\" \/>\n<meta property=\"og:image\" content=\"https:\/\/skaitytaknyga.lt\/wp-content\/uploads\/2025\/03\/Geografines-keliones-ir-atradimai.webp\" \/>\n\t<meta property=\"og:image:width\" content=\"331\" \/>\n\t<meta property=\"og:image:height\" content=\"509\" \/>\n\t<meta property=\"og:image:type\" content=\"image\/webp\" \/>\n<meta name=\"twitter:card\" content=\"summary_large_image\" \/>\n<meta name=\"twitter:label1\" content=\"Estimated reading time\" \/>\n\t<meta name=\"twitter:data1\" content=\"1 minute\" \/>\n<script type=\"application\/ld+json\" class=\"yoast-schema-graph\">{\"@context\":\"https:\\\/\\\/schema.org\",\"@graph\":[{\"@type\":\"WebPage\",\"@id\":\"https:\\\/\\\/skaitytaknyga.lt\\\/produktas\\\/geografines-keliones-ir-atradimai\\\/\",\"url\":\"https:\\\/\\\/skaitytaknyga.lt\\\/produktas\\\/geografines-keliones-ir-atradimai\\\/\",\"name\":\"Geografin\u0117s kelion\u0117s ir atradimai\",\"isPartOf\":{\"@id\":\"https:\\\/\\\/skaitytaknyga.lt\\\/#website\"},\"primaryImageOfPage\":{\"@id\":\"https:\\\/\\\/skaitytaknyga.lt\\\/produktas\\\/geografines-keliones-ir-atradimai\\\/#primaryimage\"},\"image\":{\"@id\":\"https:\\\/\\\/skaitytaknyga.lt\\\/produktas\\\/geografines-keliones-ir-atradimai\\\/#primaryimage\"},\"thumbnailUrl\":\"https:\\\/\\\/skaitytaknyga.lt\\\/wp-content\\\/uploads\\\/2025\\\/03\\\/Geografines-keliones-ir-atradimai.webp\",\"datePublished\":\"2025-03-02T12:08:18+00:00\",\"dateModified\":\"2026-03-18T12:59:48+00:00\",\"description\":\"Knygoje \u010c. Kudaba pateikia \u017eini\u0173 apie geografinio \u017dem\u0117s pa\u017einimo keli\u0105 iki Did\u017ei\u0173j\u0173 geografini\u0173 kelioni\u0173 laikotarpio. Joje trumpai palie\u010diami svarbesni\",\"breadcrumb\":{\"@id\":\"https:\\\/\\\/skaitytaknyga.lt\\\/produktas\\\/geografines-keliones-ir-atradimai\\\/#breadcrumb\"},\"inLanguage\":\"en-GB\",\"potentialAction\":[{\"@type\":\"ReadAction\",\"target\":[\"https:\\\/\\\/skaitytaknyga.lt\\\/produktas\\\/geografines-keliones-ir-atradimai\\\/\"]}]},{\"@type\":\"ImageObject\",\"inLanguage\":\"en-GB\",\"@id\":\"https:\\\/\\\/skaitytaknyga.lt\\\/produktas\\\/geografines-keliones-ir-atradimai\\\/#primaryimage\",\"url\":\"https:\\\/\\\/skaitytaknyga.lt\\\/wp-content\\\/uploads\\\/2025\\\/03\\\/Geografines-keliones-ir-atradimai.webp\",\"contentUrl\":\"https:\\\/\\\/skaitytaknyga.lt\\\/wp-content\\\/uploads\\\/2025\\\/03\\\/Geografines-keliones-ir-atradimai.webp\",\"width\":331,\"height\":509,\"caption\":\"Geografin\u0117s kelion\u0117s ir atradimai\"},{\"@type\":\"BreadcrumbList\",\"@id\":\"https:\\\/\\\/skaitytaknyga.lt\\\/produktas\\\/geografines-keliones-ir-atradimai\\\/#breadcrumb\",\"itemListElement\":[{\"@type\":\"ListItem\",\"position\":1,\"name\":\"Home\",\"item\":\"https:\\\/\\\/skaitytaknyga.lt\\\/\"},{\"@type\":\"ListItem\",\"position\":2,\"name\":\"Parduotuv\u0117\",\"item\":\"https:\\\/\\\/skaitytaknyga.lt\\\/knygu-parduotuve\\\/\"},{\"@type\":\"ListItem\",\"position\":3,\"name\":\"Geografin\u0117s kelion\u0117s ir atradimai\"}]},{\"@type\":\"WebSite\",\"@id\":\"https:\\\/\\\/skaitytaknyga.lt\\\/#website\",\"url\":\"https:\\\/\\\/skaitytaknyga.lt\\\/\",\"name\":\"skaitytaknyga.lt\",\"description\":\"Skaitytaknyga.lt \u2013 tai ma\u017eas \u0161eimos verslas, kuris prasid\u0117jo nuo meil\u0117s knygoms ir siekio i\u0161gelb\u0117ti knygas nuo likimo prie konteinerio. Kas vienam nereikalingas daiktas \u2013 kitam lobis, o mes esame tarpininkai, kurie padeda abiems tapti laimingesniems ???? \u017dinome kaip nelengva i\u0161gyventi ma\u017eiems verslams, tad nuo \u0161iol, \u010dia rasite ir kit\u0173, ma\u017e\u0173 \u0161eim\u0173 versl\u0173, rank\u0173 darbo, dovan\u0173 sau ir artimiesiems.\",\"publisher\":{\"@id\":\"https:\\\/\\\/skaitytaknyga.lt\\\/#organization\"},\"potentialAction\":[{\"@type\":\"SearchAction\",\"target\":{\"@type\":\"EntryPoint\",\"urlTemplate\":\"https:\\\/\\\/skaitytaknyga.lt\\\/?s={search_term_string}\"},\"query-input\":{\"@type\":\"PropertyValueSpecification\",\"valueRequired\":true,\"valueName\":\"search_term_string\"}}],\"inLanguage\":\"en-GB\"},{\"@type\":\"Organization\",\"@id\":\"https:\\\/\\\/skaitytaknyga.lt\\\/#organization\",\"name\":\"skaitytaknyga.lt\",\"url\":\"https:\\\/\\\/skaitytaknyga.lt\\\/\",\"logo\":{\"@type\":\"ImageObject\",\"inLanguage\":\"en-GB\",\"@id\":\"https:\\\/\\\/skaitytaknyga.lt\\\/#\\\/schema\\\/logo\\\/image\\\/\",\"url\":\"https:\\\/\\\/skaitytaknyga.lt\\\/wp-content\\\/uploads\\\/2024\\\/05\\\/cropped-cropped-cropped-02_00843_jt3bggkj1j3HLc7SyY6rEUpg.jpeg\",\"contentUrl\":\"https:\\\/\\\/skaitytaknyga.lt\\\/wp-content\\\/uploads\\\/2024\\\/05\\\/cropped-cropped-cropped-02_00843_jt3bggkj1j3HLc7SyY6rEUpg.jpeg\",\"width\":1600,\"height\":1600,\"caption\":\"skaitytaknyga.lt\"},\"image\":{\"@id\":\"https:\\\/\\\/skaitytaknyga.lt\\\/#\\\/schema\\\/logo\\\/image\\\/\"},\"sameAs\":[\"https:\\\/\\\/www.facebook.com\\\/skaitytaknyga\\\/\"]}]}<\/script>\n<!-- \/ Yoast SEO plugin. -->","yoast_head_json":{"title":"Geografin\u0117s kelion\u0117s ir atradimai","description":"Knygoje \u010c. Kudaba pateikia \u017eini\u0173 apie geografinio \u017dem\u0117s pa\u017einimo keli\u0105 iki Did\u017ei\u0173j\u0173 geografini\u0173 kelioni\u0173 laikotarpio. Joje trumpai palie\u010diami svarbesni","robots":{"index":"index","follow":"follow","max-snippet":"max-snippet:-1","max-image-preview":"max-image-preview:large","max-video-preview":"max-video-preview:-1"},"canonical":"https:\/\/skaitytaknyga.lt\/en\/produktas\/geografines-keliones-ir-atradimai\/","og_locale":"en_GB","og_type":"article","og_title":"[:lt]Geografin\u0117s kelion\u0117s ir atradimai[:] - Skaitytaknyga","og_description":"Knygoje \u010c. Kudaba pateikia \u017eini\u0173 apie geografinio \u017dem\u0117s pa\u017einimo keli\u0105 iki Did\u017ei\u0173j\u0173 geografini\u0173 kelioni\u0173 laikotarpio. Joje trumpai palie\u010diami svarbesni","og_url":"https:\/\/skaitytaknyga.lt\/en\/produktas\/geografines-keliones-ir-atradimai\/","og_site_name":"Skaitytaknyga","article_publisher":"https:\/\/www.facebook.com\/skaitytaknyga\/","article_modified_time":"2026-03-18T12:59:48+00:00","og_image":[{"width":331,"height":509,"url":"https:\/\/skaitytaknyga.lt\/wp-content\/uploads\/2025\/03\/Geografines-keliones-ir-atradimai.webp","type":"image\/webp"}],"twitter_card":"summary_large_image","twitter_misc":{"Estimated reading time":"1 minute"},"schema":{"@context":"https:\/\/schema.org","@graph":[{"@type":"WebPage","@id":"https:\/\/skaitytaknyga.lt\/produktas\/geografines-keliones-ir-atradimai\/","url":"https:\/\/skaitytaknyga.lt\/produktas\/geografines-keliones-ir-atradimai\/","name":"Geografin\u0117s kelion\u0117s ir atradimai","isPartOf":{"@id":"https:\/\/skaitytaknyga.lt\/#website"},"primaryImageOfPage":{"@id":"https:\/\/skaitytaknyga.lt\/produktas\/geografines-keliones-ir-atradimai\/#primaryimage"},"image":{"@id":"https:\/\/skaitytaknyga.lt\/produktas\/geografines-keliones-ir-atradimai\/#primaryimage"},"thumbnailUrl":"https:\/\/skaitytaknyga.lt\/wp-content\/uploads\/2025\/03\/Geografines-keliones-ir-atradimai.webp","datePublished":"2025-03-02T12:08:18+00:00","dateModified":"2026-03-18T12:59:48+00:00","description":"Knygoje \u010c. Kudaba pateikia \u017eini\u0173 apie geografinio \u017dem\u0117s pa\u017einimo keli\u0105 iki Did\u017ei\u0173j\u0173 geografini\u0173 kelioni\u0173 laikotarpio. Joje trumpai palie\u010diami svarbesni","breadcrumb":{"@id":"https:\/\/skaitytaknyga.lt\/produktas\/geografines-keliones-ir-atradimai\/#breadcrumb"},"inLanguage":"en-GB","potentialAction":[{"@type":"ReadAction","target":["https:\/\/skaitytaknyga.lt\/produktas\/geografines-keliones-ir-atradimai\/"]}]},{"@type":"ImageObject","inLanguage":"en-GB","@id":"https:\/\/skaitytaknyga.lt\/produktas\/geografines-keliones-ir-atradimai\/#primaryimage","url":"https:\/\/skaitytaknyga.lt\/wp-content\/uploads\/2025\/03\/Geografines-keliones-ir-atradimai.webp","contentUrl":"https:\/\/skaitytaknyga.lt\/wp-content\/uploads\/2025\/03\/Geografines-keliones-ir-atradimai.webp","width":331,"height":509,"caption":"Geografin\u0117s kelion\u0117s ir atradimai"},{"@type":"BreadcrumbList","@id":"https:\/\/skaitytaknyga.lt\/produktas\/geografines-keliones-ir-atradimai\/#breadcrumb","itemListElement":[{"@type":"ListItem","position":1,"name":"Home","item":"https:\/\/skaitytaknyga.lt\/"},{"@type":"ListItem","position":2,"name":"Parduotuv\u0117","item":"https:\/\/skaitytaknyga.lt\/knygu-parduotuve\/"},{"@type":"ListItem","position":3,"name":"Geografin\u0117s kelion\u0117s ir atradimai"}]},{"@type":"WebSite","@id":"https:\/\/skaitytaknyga.lt\/#website","url":"https:\/\/skaitytaknyga.lt\/","name":"skaitytaknyga.lt","description":"Skaitytaknyga.lt \u2013 tai ma\u017eas \u0161eimos verslas, kuris prasid\u0117jo nuo meil\u0117s knygoms ir siekio i\u0161gelb\u0117ti knygas nuo likimo prie konteinerio. Kas vienam nereikalingas daiktas \u2013 kitam lobis, o mes esame tarpininkai, kurie padeda abiems tapti laimingesniems ???? \u017dinome kaip nelengva i\u0161gyventi ma\u017eiems verslams, tad nuo \u0161iol, \u010dia rasite ir kit\u0173, ma\u017e\u0173 \u0161eim\u0173 versl\u0173, rank\u0173 darbo, dovan\u0173 sau ir artimiesiems.","publisher":{"@id":"https:\/\/skaitytaknyga.lt\/#organization"},"potentialAction":[{"@type":"SearchAction","target":{"@type":"EntryPoint","urlTemplate":"https:\/\/skaitytaknyga.lt\/?s={search_term_string}"},"query-input":{"@type":"PropertyValueSpecification","valueRequired":true,"valueName":"search_term_string"}}],"inLanguage":"en-GB"},{"@type":"Organization","@id":"https:\/\/skaitytaknyga.lt\/#organization","name":"skaitytaknyga.lt","url":"https:\/\/skaitytaknyga.lt\/","logo":{"@type":"ImageObject","inLanguage":"en-GB","@id":"https:\/\/skaitytaknyga.lt\/#\/schema\/logo\/image\/","url":"https:\/\/skaitytaknyga.lt\/wp-content\/uploads\/2024\/05\/cropped-cropped-cropped-02_00843_jt3bggkj1j3HLc7SyY6rEUpg.jpeg","contentUrl":"https:\/\/skaitytaknyga.lt\/wp-content\/uploads\/2024\/05\/cropped-cropped-cropped-02_00843_jt3bggkj1j3HLc7SyY6rEUpg.jpeg","width":1600,"height":1600,"caption":"skaitytaknyga.lt"},"image":{"@id":"https:\/\/skaitytaknyga.lt\/#\/schema\/logo\/image\/"},"sameAs":["https:\/\/www.facebook.com\/skaitytaknyga\/"]}]}},"_links":{"self":[{"href":"https:\/\/skaitytaknyga.lt\/en\/wp-json\/wp\/v2\/product\/17018","targetHints":{"allow":["GET"]}}],"collection":[{"href":"https:\/\/skaitytaknyga.lt\/en\/wp-json\/wp\/v2\/product"}],"about":[{"href":"https:\/\/skaitytaknyga.lt\/en\/wp-json\/wp\/v2\/types\/product"}],"replies":[{"embeddable":true,"href":"https:\/\/skaitytaknyga.lt\/en\/wp-json\/wp\/v2\/comments?post=17018"}],"wp:featuredmedia":[{"embeddable":true,"href":"https:\/\/skaitytaknyga.lt\/en\/wp-json\/wp\/v2\/media\/17019"}],"wp:attachment":[{"href":"https:\/\/skaitytaknyga.lt\/en\/wp-json\/wp\/v2\/media?parent=17018"}],"wp:term":[{"taxonomy":"product_brand","embeddable":true,"href":"https:\/\/skaitytaknyga.lt\/en\/wp-json\/wp\/v2\/product_brand?post=17018"},{"taxonomy":"product_cat","embeddable":true,"href":"https:\/\/skaitytaknyga.lt\/en\/wp-json\/wp\/v2\/product_cat?post=17018"},{"taxonomy":"product_tag","embeddable":true,"href":"https:\/\/skaitytaknyga.lt\/en\/wp-json\/wp\/v2\/product_tag?post=17018"}],"curies":[{"name":"wp","href":"https:\/\/api.w.org\/{rel}","templated":true}]}}