{"id":17004,"date":"2025-03-01T16:47:51","date_gmt":"2025-03-01T14:47:51","guid":{"rendered":"https:\/\/skaitytaknyga.lt\/?post_type=product&#038;p=17004"},"modified":"2026-03-18T17:53:30","modified_gmt":"2026-03-18T15:53:30","slug":"vienintelis-isgyvenes","status":"publish","type":"product","link":"https:\/\/skaitytaknyga.lt\/en\/produktas\/vienintelis-isgyvenes\/","title":{"rendered":"Vienintelis i\u0161gyven\u0119s"},"content":{"rendered":"<p>Vien\u0105 giedr\u0105 2005 m. bir\u017eelio nakt\u012f keturi Jungtini\u0173 Amerikos Valstij\u0173 karinio j\u016br\u0173 laivyno speciali\u0173j\u0173 paj\u0117g\u0173 (SEAL) kariai paliko baz\u0119 \u0160iaur\u0117s Afganistane ir patrauk\u0117 \u012f kalnuot\u0105 Pakistano pasien\u012f. J\u0173 u\u017eduotis \u2013 paimti \u012f nelaisv\u0119 arba likviduoti vien\u0105 Talibano lyderi\u0173, saugom\u0105 nedideli\u0173, bet gerai ginkluot\u0173 paj\u0117g\u0173. Ma\u017eiau nei po 24 valand\u0173 tik vienas speciali\u0173j\u0173 paj\u0117g\u0173 karys buvo gyvas.Tai tikras pasakojimas apie SEAL kar\u012f Marcus\u0105 Luttrell\u0105, vienintel\u012f i\u0161gyvenus\u012f operacij\u0105 \u201eRedwings\u201c, apie desperati\u0161k\u0105 m\u016b\u0161\u012f kalnuose ir did\u017eiausi\u0105 kari\u0173 netekt\u012f SEAL istorijoje.<\/p>\n<p>Kariai didvyri\u0161kai kovojo vienas \u0161alia kito, kol liko vienintelis, granatsvaid\u017eio sviedinio sprogimo nublok\u0161tas, be s\u0105mon\u0117s ant uol\u0173 gulintis, ta\u010diau vis dar ginkluotas ir kv\u0117puojantis Marcusas. Kitas keturias dienas stipriai su\u017eeistas Luttrellas kovojo su \u0161e\u0161iais specialiai j\u012f pribaigti pasi\u0173stais talib\u0173 \u017eudikais. Nebepaj\u0117gdamas eiti, SEAL karys \u0161liau\u017ete \u0161liau\u017e\u0117 kalnais, kol j\u012f kaimelyje priglaud\u0117 ir pasl\u0117p\u0117 vietiniai pu\u0161t\u016bnai. Autorius detaliai pasakoja apie lemtingos operacijos eig\u0105, nuolat leid\u017eiasi \u012f svarstymus apie karo prasm\u0119. Ar sunaikinus visus talibus pasaulis taps geresnis? Ar principas \u201etikslas pateisina priemones\u201c i\u0161 ties\u0173 veikia m\u016b\u0161io lauke? Vienintelis i\u0161gyven\u0119s rado savo atsakymus. \u201eNesu didvyris. A\u0161 tiesiog patriotas.\u201c<\/p>\n<p>Pagal \u0161i\u0105 knyg\u0105 sukurtas filmas, nominuotas dviem \u201eOskaro\u201c apdovanojimams.<\/p>\n<ul class=\"about-product d-none d-xl-block mt-4\">\n<li><strong>Originalus pavadinimas:<\/strong>\u00a0Lone Survivor<\/li>\n<li><strong>Autorius:<\/strong>\u00a0Marcus Luttrell<\/li>\n<li><strong>Leid\u0117jas:<\/strong>\u00a0Briedis<\/li>\n<li><strong>Metai:<\/strong>\u00a02020<\/li>\n<li><strong>Puslapiai:<\/strong>\u00a0344<\/li>\n<li class=\"toggleable type-new-formats \"><strong>ISBN:<\/strong>\u00a09789955267164<\/li>\n<li><strong>Versijos kodas:<\/strong>\u00a0PT.<\/li>\n<li class=\"toggleable type-new-formats \"><strong>Formatas:<\/strong>\u00a017,5 x 24,5 x 2,5 cm, kieti vir\u0161eliai<\/li>\n<li><strong>Kalba:<\/strong>\u00a0Lietuvi\u0173<\/li>\n<li><strong>Vert\u0117jas:<\/strong>\u00a0Jurga Grunskien\u0117<\/li>\n<\/ul>\n","protected":false},"excerpt":{"rendered":"<p>Vien\u0105 giedr\u0105 2005 m. bir\u017eelio nakt\u012f keturi Jungtini\u0173 Amerikos Valstij\u0173 karinio j\u016br\u0173 laivyno speciali\u0173j\u0173 paj\u0117g\u0173 (SEAL) kariai paliko baz\u0119 \u0160iaur\u0117s Afganistane ir patrauk\u0117 \u012f kalnuot\u0105 Pakistano pasien\u012f. J\u0173 u\u017eduotis \u2013 paimti \u012f nelaisv\u0119 arba likviduoti vien\u0105 Talibano lyderi\u0173, saugom\u0105 nedideli\u0173, bet gerai ginkluot\u0173 paj\u0117g\u0173. Ma\u017eiau nei po 24 valand\u0173 tik vienas speciali\u0173j\u0173 paj\u0117g\u0173 karys buvo gyvas.Tai tikras pasakojimas apie SEAL kar\u012f Marcus\u0105 Luttrell\u0105, vienintel\u012f i\u0161gyvenus\u012f operacij\u0105 \u201eRedwings\u201c, apie desperati\u0161k\u0105 m\u016b\u0161\u012f kalnuose ir did\u017eiausi\u0105 kari\u0173 netekt\u012f SEAL istorijoje. Kariai didvyri\u0161kai kovojo vienas \u0161alia kito, kol liko vienintelis, granatsvaid\u017eio sviedinio sprogimo nublok\u0161tas, be s\u0105mon\u0117s ant uol\u0173 gulintis, ta\u010diau vis dar ginkluotas ir kv\u0117puojantis Marcusas. Kitas keturias dienas stipriai su\u017eeistas Luttrellas kovojo su \u0161e\u0161iais specialiai j\u012f pribaigti pasi\u0173stais talib\u0173 \u017eudikais. Nebepaj\u0117gdamas eiti, SEAL karys \u0161liau\u017ete \u0161liau\u017e\u0117 kalnais, kol j\u012f kaimelyje priglaud\u0117 ir pasl\u0117p\u0117 vietiniai pu\u0161t\u016bnai. Autorius detaliai pasakoja apie lemtingos operacijos eig\u0105, nuolat leid\u017eiasi \u012f svarstymus apie karo prasm\u0119. Ar sunaikinus visus talibus pasaulis taps geresnis? Ar principas \u201etikslas pateisina priemones\u201c i\u0161 ties\u0173 veikia m\u016b\u0161io lauke? Vienintelis i\u0161gyven\u0119s rado savo atsakymus. \u201eNesu didvyris. A\u0161 tiesiog patriotas.\u201c Pagal \u0161i\u0105 knyg\u0105 sukurtas filmas, nominuotas dviem \u201eOskaro\u201c apdovanojimams. Originalus pavadinimas:\u00a0Lone Survivor Autorius:\u00a0Marcus Luttrell Leid\u0117jas:\u00a0Briedis Metai:\u00a02020 Puslapiai:\u00a0344 ISBN:\u00a09789955267164 Versijos kodas:\u00a0PT. Formatas:\u00a017,5 x 24,5 x 2,5 cm, kieti vir\u0161eliai Kalba:\u00a0Lietuvi\u0173 Vert\u0117jas:\u00a0Jurga Grunskien\u0117<\/p>\n","protected":false},"featured_media":17005,"comment_status":"closed","ping_status":"closed","template":"","meta":{"_acf_changed":false,"site-sidebar-layout":"default","site-content-layout":"","ast-site-content-layout":"default","site-content-style":"default","site-sidebar-style":"default","ast-global-header-display":"","ast-banner-title-visibility":"","ast-main-header-display":"","ast-hfb-above-header-display":"","ast-hfb-below-header-display":"","ast-hfb-mobile-header-display":"","site-post-title":"","ast-breadcrumbs-content":"","ast-featured-img":"","footer-sml-layout":"","ast-disable-related-posts":"","theme-transparent-header-meta":"default","adv-header-id-meta":"","stick-header-meta":"","header-above-stick-meta":"","header-main-stick-meta":"","header-below-stick-meta":"","astra-migrate-meta-layouts":"set","ast-page-background-enabled":"default","ast-page-background-meta":{"desktop":{"background-color":"","background-image":"","background-repeat":"repeat","background-position":"center center","background-size":"auto","background-attachment":"scroll","background-type":"","background-media":"","overlay-type":"","overlay-color":"","overlay-opacity":"","overlay-gradient":""},"tablet":{"background-color":"","background-image":"","background-repeat":"repeat","background-position":"center center","background-size":"auto","background-attachment":"scroll","background-type":"","background-media":"","overlay-type":"","overlay-color":"","overlay-opacity":"","overlay-gradient":""},"mobile":{"background-color":"","background-image":"","background-repeat":"repeat","background-position":"center center","background-size":"auto","background-attachment":"scroll","background-type":"","background-media":"","overlay-type":"","overlay-color":"","overlay-opacity":"","overlay-gradient":""}},"ast-content-background-meta":{"desktop":{"background-color":"var(--ast-global-color-4)","background-image":"","background-repeat":"repeat","background-position":"center center","background-size":"auto","background-attachment":"scroll","background-type":"","background-media":"","overlay-type":"","overlay-color":"","overlay-opacity":"","overlay-gradient":""},"tablet":{"background-color":"var(--ast-global-color-4)","background-image":"","background-repeat":"repeat","background-position":"center center","background-size":"auto","background-attachment":"scroll","background-type":"","background-media":"","overlay-type":"","overlay-color":"","overlay-opacity":"","overlay-gradient":""},"mobile":{"background-color":"var(--ast-global-color-4)","background-image":"","background-repeat":"repeat","background-position":"center center","background-size":"auto","background-attachment":"scroll","background-type":"","background-media":"","overlay-type":"","overlay-color":"","overlay-opacity":"","overlay-gradient":""}}},"product_brand":[],"product_cat":[174],"product_tag":[],"class_list":{"0":"post-17004","1":"product","2":"type-product","3":"status-publish","4":"has-post-thumbnail","6":"product_cat-istorija-ir-politologija","7":"desktop-align-left","8":"tablet-align-left","9":"mobile-align-left","11":"first","12":"outofstock","13":"shipping-taxable","14":"purchasable","15":"product-type-simple"},"acf":[],"yoast_head":"<!-- This site is optimized with the Yoast SEO plugin v27.4 - https:\/\/yoast.com\/product\/yoast-seo-wordpress\/ -->\n<title>Vienintelis i\u0161gyven\u0119s<\/title>\n<meta name=\"description\" content=\"Vien\u0105 giedr\u0105 2005 m. bir\u017eelio nakt\u012f keturi Jungtini\u0173 Amerikos Valstij\u0173 karinio j\u016br\u0173 laivyno speciali\u0173j\u0173 paj\u0117g\u0173 (SEAL) kariai paliko baz\u0119 \u0160iaur\u0117s\" \/>\n<meta name=\"robots\" content=\"index, follow, max-snippet:-1, max-image-preview:large, max-video-preview:-1\" \/>\n<link rel=\"canonical\" href=\"https:\/\/skaitytaknyga.lt\/en\/produktas\/vienintelis-isgyvenes\/\" \/>\n<meta property=\"og:locale\" content=\"en_GB\" \/>\n<meta property=\"og:locale:alternate\" content=\"lt_LT\" \/>\n<meta property=\"og:type\" content=\"article\" \/>\n<meta property=\"og:title\" content=\"Vienintelis i\u0161gyven\u0119s\" \/>\n<meta property=\"og:description\" content=\"Vien\u0105 giedr\u0105 2005 m. bir\u017eelio nakt\u012f keturi Jungtini\u0173 Amerikos Valstij\u0173 karinio j\u016br\u0173 laivyno speciali\u0173j\u0173 paj\u0117g\u0173 (SEAL) kariai paliko baz\u0119 \u0160iaur\u0117s\" \/>\n<meta property=\"og:url\" content=\"https:\/\/skaitytaknyga.lt\/en\/produktas\/vienintelis-isgyvenes\/\" \/>\n<meta property=\"og:site_name\" content=\"Skaitytaknyga\" \/>\n<meta property=\"article:publisher\" content=\"https:\/\/www.facebook.com\/skaitytaknyga\/\" \/>\n<meta property=\"article:modified_time\" content=\"2026-03-18T15:53:30+00:00\" \/>\n<meta property=\"og:image\" content=\"https:\/\/skaitytaknyga.lt\/wp-content\/uploads\/2025\/03\/Vienintelis-isgyvenes.webp\" \/>\n\t<meta property=\"og:image:width\" content=\"351\" \/>\n\t<meta property=\"og:image:height\" content=\"500\" \/>\n\t<meta property=\"og:image:type\" content=\"image\/webp\" \/>\n<meta name=\"twitter:card\" content=\"summary_large_image\" \/>\n<meta name=\"twitter:label1\" content=\"Estimated reading time\" \/>\n\t<meta name=\"twitter:data1\" content=\"2 minutes\" \/>\n<script type=\"application\/ld+json\" class=\"yoast-schema-graph\">{\"@context\":\"https:\\\/\\\/schema.org\",\"@graph\":[{\"@type\":\"WebPage\",\"@id\":\"https:\\\/\\\/skaitytaknyga.lt\\\/produktas\\\/vienintelis-isgyvenes\\\/\",\"url\":\"https:\\\/\\\/skaitytaknyga.lt\\\/produktas\\\/vienintelis-isgyvenes\\\/\",\"name\":\"Vienintelis i\u0161gyven\u0119s\",\"isPartOf\":{\"@id\":\"https:\\\/\\\/skaitytaknyga.lt\\\/#website\"},\"primaryImageOfPage\":{\"@id\":\"https:\\\/\\\/skaitytaknyga.lt\\\/produktas\\\/vienintelis-isgyvenes\\\/#primaryimage\"},\"image\":{\"@id\":\"https:\\\/\\\/skaitytaknyga.lt\\\/produktas\\\/vienintelis-isgyvenes\\\/#primaryimage\"},\"thumbnailUrl\":\"https:\\\/\\\/skaitytaknyga.lt\\\/wp-content\\\/uploads\\\/2025\\\/03\\\/Vienintelis-isgyvenes.webp\",\"datePublished\":\"2025-03-01T14:47:51+00:00\",\"dateModified\":\"2026-03-18T15:53:30+00:00\",\"description\":\"Vien\u0105 giedr\u0105 2005 m. bir\u017eelio nakt\u012f keturi Jungtini\u0173 Amerikos Valstij\u0173 karinio j\u016br\u0173 laivyno speciali\u0173j\u0173 paj\u0117g\u0173 (SEAL) kariai paliko baz\u0119 \u0160iaur\u0117s\",\"breadcrumb\":{\"@id\":\"https:\\\/\\\/skaitytaknyga.lt\\\/produktas\\\/vienintelis-isgyvenes\\\/#breadcrumb\"},\"inLanguage\":\"en-GB\",\"potentialAction\":[{\"@type\":\"ReadAction\",\"target\":[\"https:\\\/\\\/skaitytaknyga.lt\\\/produktas\\\/vienintelis-isgyvenes\\\/\"]}]},{\"@type\":\"ImageObject\",\"inLanguage\":\"en-GB\",\"@id\":\"https:\\\/\\\/skaitytaknyga.lt\\\/produktas\\\/vienintelis-isgyvenes\\\/#primaryimage\",\"url\":\"https:\\\/\\\/skaitytaknyga.lt\\\/wp-content\\\/uploads\\\/2025\\\/03\\\/Vienintelis-isgyvenes.webp\",\"contentUrl\":\"https:\\\/\\\/skaitytaknyga.lt\\\/wp-content\\\/uploads\\\/2025\\\/03\\\/Vienintelis-isgyvenes.webp\",\"width\":351,\"height\":500,\"caption\":\"Vienintelis i\u0161gyven\u0119s\"},{\"@type\":\"BreadcrumbList\",\"@id\":\"https:\\\/\\\/skaitytaknyga.lt\\\/produktas\\\/vienintelis-isgyvenes\\\/#breadcrumb\",\"itemListElement\":[{\"@type\":\"ListItem\",\"position\":1,\"name\":\"Home\",\"item\":\"https:\\\/\\\/skaitytaknyga.lt\\\/\"},{\"@type\":\"ListItem\",\"position\":2,\"name\":\"Parduotuv\u0117\",\"item\":\"https:\\\/\\\/skaitytaknyga.lt\\\/knygu-parduotuve\\\/\"},{\"@type\":\"ListItem\",\"position\":3,\"name\":\"Vienintelis i\u0161gyven\u0119s\"}]},{\"@type\":\"WebSite\",\"@id\":\"https:\\\/\\\/skaitytaknyga.lt\\\/#website\",\"url\":\"https:\\\/\\\/skaitytaknyga.lt\\\/\",\"name\":\"skaitytaknyga.lt\",\"description\":\"Skaitytaknyga.lt \u2013 tai ma\u017eas \u0161eimos verslas, kuris prasid\u0117jo nuo meil\u0117s knygoms ir siekio i\u0161gelb\u0117ti knygas nuo likimo prie konteinerio. Kas vienam nereikalingas daiktas \u2013 kitam lobis, o mes esame tarpininkai, kurie padeda abiems tapti laimingesniems ???? \u017dinome kaip nelengva i\u0161gyventi ma\u017eiems verslams, tad nuo \u0161iol, \u010dia rasite ir kit\u0173, ma\u017e\u0173 \u0161eim\u0173 versl\u0173, rank\u0173 darbo, dovan\u0173 sau ir artimiesiems.\",\"publisher\":{\"@id\":\"https:\\\/\\\/skaitytaknyga.lt\\\/#organization\"},\"potentialAction\":[{\"@type\":\"SearchAction\",\"target\":{\"@type\":\"EntryPoint\",\"urlTemplate\":\"https:\\\/\\\/skaitytaknyga.lt\\\/?s={search_term_string}\"},\"query-input\":{\"@type\":\"PropertyValueSpecification\",\"valueRequired\":true,\"valueName\":\"search_term_string\"}}],\"inLanguage\":\"en-GB\"},{\"@type\":\"Organization\",\"@id\":\"https:\\\/\\\/skaitytaknyga.lt\\\/#organization\",\"name\":\"skaitytaknyga.lt\",\"url\":\"https:\\\/\\\/skaitytaknyga.lt\\\/\",\"logo\":{\"@type\":\"ImageObject\",\"inLanguage\":\"en-GB\",\"@id\":\"https:\\\/\\\/skaitytaknyga.lt\\\/#\\\/schema\\\/logo\\\/image\\\/\",\"url\":\"https:\\\/\\\/skaitytaknyga.lt\\\/wp-content\\\/uploads\\\/2024\\\/05\\\/cropped-cropped-cropped-02_00843_jt3bggkj1j3HLc7SyY6rEUpg.jpeg\",\"contentUrl\":\"https:\\\/\\\/skaitytaknyga.lt\\\/wp-content\\\/uploads\\\/2024\\\/05\\\/cropped-cropped-cropped-02_00843_jt3bggkj1j3HLc7SyY6rEUpg.jpeg\",\"width\":1600,\"height\":1600,\"caption\":\"skaitytaknyga.lt\"},\"image\":{\"@id\":\"https:\\\/\\\/skaitytaknyga.lt\\\/#\\\/schema\\\/logo\\\/image\\\/\"},\"sameAs\":[\"https:\\\/\\\/www.facebook.com\\\/skaitytaknyga\\\/\"]}]}<\/script>\n<!-- \/ Yoast SEO plugin. -->","yoast_head_json":{"title":"Vienintelis i\u0161gyven\u0119s","description":"Vien\u0105 giedr\u0105 2005 m. bir\u017eelio nakt\u012f keturi Jungtini\u0173 Amerikos Valstij\u0173 karinio j\u016br\u0173 laivyno speciali\u0173j\u0173 paj\u0117g\u0173 (SEAL) kariai paliko baz\u0119 \u0160iaur\u0117s","robots":{"index":"index","follow":"follow","max-snippet":"max-snippet:-1","max-image-preview":"max-image-preview:large","max-video-preview":"max-video-preview:-1"},"canonical":"https:\/\/skaitytaknyga.lt\/en\/produktas\/vienintelis-isgyvenes\/","og_locale":"en_GB","og_type":"article","og_title":"[:lt]Vienintelis i\u0161gyven\u0119s[:] - Skaitytaknyga","og_description":"Vien\u0105 giedr\u0105 2005 m. bir\u017eelio nakt\u012f keturi Jungtini\u0173 Amerikos Valstij\u0173 karinio j\u016br\u0173 laivyno speciali\u0173j\u0173 paj\u0117g\u0173 (SEAL) kariai paliko baz\u0119 \u0160iaur\u0117s","og_url":"https:\/\/skaitytaknyga.lt\/en\/produktas\/vienintelis-isgyvenes\/","og_site_name":"Skaitytaknyga","article_publisher":"https:\/\/www.facebook.com\/skaitytaknyga\/","article_modified_time":"2026-03-18T15:53:30+00:00","og_image":[{"width":351,"height":500,"url":"https:\/\/skaitytaknyga.lt\/wp-content\/uploads\/2025\/03\/Vienintelis-isgyvenes.webp","type":"image\/webp"}],"twitter_card":"summary_large_image","twitter_misc":{"Estimated reading time":"2 minutes"},"schema":{"@context":"https:\/\/schema.org","@graph":[{"@type":"WebPage","@id":"https:\/\/skaitytaknyga.lt\/produktas\/vienintelis-isgyvenes\/","url":"https:\/\/skaitytaknyga.lt\/produktas\/vienintelis-isgyvenes\/","name":"Vienintelis i\u0161gyven\u0119s","isPartOf":{"@id":"https:\/\/skaitytaknyga.lt\/#website"},"primaryImageOfPage":{"@id":"https:\/\/skaitytaknyga.lt\/produktas\/vienintelis-isgyvenes\/#primaryimage"},"image":{"@id":"https:\/\/skaitytaknyga.lt\/produktas\/vienintelis-isgyvenes\/#primaryimage"},"thumbnailUrl":"https:\/\/skaitytaknyga.lt\/wp-content\/uploads\/2025\/03\/Vienintelis-isgyvenes.webp","datePublished":"2025-03-01T14:47:51+00:00","dateModified":"2026-03-18T15:53:30+00:00","description":"Vien\u0105 giedr\u0105 2005 m. bir\u017eelio nakt\u012f keturi Jungtini\u0173 Amerikos Valstij\u0173 karinio j\u016br\u0173 laivyno speciali\u0173j\u0173 paj\u0117g\u0173 (SEAL) kariai paliko baz\u0119 \u0160iaur\u0117s","breadcrumb":{"@id":"https:\/\/skaitytaknyga.lt\/produktas\/vienintelis-isgyvenes\/#breadcrumb"},"inLanguage":"en-GB","potentialAction":[{"@type":"ReadAction","target":["https:\/\/skaitytaknyga.lt\/produktas\/vienintelis-isgyvenes\/"]}]},{"@type":"ImageObject","inLanguage":"en-GB","@id":"https:\/\/skaitytaknyga.lt\/produktas\/vienintelis-isgyvenes\/#primaryimage","url":"https:\/\/skaitytaknyga.lt\/wp-content\/uploads\/2025\/03\/Vienintelis-isgyvenes.webp","contentUrl":"https:\/\/skaitytaknyga.lt\/wp-content\/uploads\/2025\/03\/Vienintelis-isgyvenes.webp","width":351,"height":500,"caption":"Vienintelis i\u0161gyven\u0119s"},{"@type":"BreadcrumbList","@id":"https:\/\/skaitytaknyga.lt\/produktas\/vienintelis-isgyvenes\/#breadcrumb","itemListElement":[{"@type":"ListItem","position":1,"name":"Home","item":"https:\/\/skaitytaknyga.lt\/"},{"@type":"ListItem","position":2,"name":"Parduotuv\u0117","item":"https:\/\/skaitytaknyga.lt\/knygu-parduotuve\/"},{"@type":"ListItem","position":3,"name":"Vienintelis i\u0161gyven\u0119s"}]},{"@type":"WebSite","@id":"https:\/\/skaitytaknyga.lt\/#website","url":"https:\/\/skaitytaknyga.lt\/","name":"skaitytaknyga.lt","description":"Skaitytaknyga.lt \u2013 tai ma\u017eas \u0161eimos verslas, kuris prasid\u0117jo nuo meil\u0117s knygoms ir siekio i\u0161gelb\u0117ti knygas nuo likimo prie konteinerio. Kas vienam nereikalingas daiktas \u2013 kitam lobis, o mes esame tarpininkai, kurie padeda abiems tapti laimingesniems ???? \u017dinome kaip nelengva i\u0161gyventi ma\u017eiems verslams, tad nuo \u0161iol, \u010dia rasite ir kit\u0173, ma\u017e\u0173 \u0161eim\u0173 versl\u0173, rank\u0173 darbo, dovan\u0173 sau ir artimiesiems.","publisher":{"@id":"https:\/\/skaitytaknyga.lt\/#organization"},"potentialAction":[{"@type":"SearchAction","target":{"@type":"EntryPoint","urlTemplate":"https:\/\/skaitytaknyga.lt\/?s={search_term_string}"},"query-input":{"@type":"PropertyValueSpecification","valueRequired":true,"valueName":"search_term_string"}}],"inLanguage":"en-GB"},{"@type":"Organization","@id":"https:\/\/skaitytaknyga.lt\/#organization","name":"skaitytaknyga.lt","url":"https:\/\/skaitytaknyga.lt\/","logo":{"@type":"ImageObject","inLanguage":"en-GB","@id":"https:\/\/skaitytaknyga.lt\/#\/schema\/logo\/image\/","url":"https:\/\/skaitytaknyga.lt\/wp-content\/uploads\/2024\/05\/cropped-cropped-cropped-02_00843_jt3bggkj1j3HLc7SyY6rEUpg.jpeg","contentUrl":"https:\/\/skaitytaknyga.lt\/wp-content\/uploads\/2024\/05\/cropped-cropped-cropped-02_00843_jt3bggkj1j3HLc7SyY6rEUpg.jpeg","width":1600,"height":1600,"caption":"skaitytaknyga.lt"},"image":{"@id":"https:\/\/skaitytaknyga.lt\/#\/schema\/logo\/image\/"},"sameAs":["https:\/\/www.facebook.com\/skaitytaknyga\/"]}]}},"_links":{"self":[{"href":"https:\/\/skaitytaknyga.lt\/en\/wp-json\/wp\/v2\/product\/17004","targetHints":{"allow":["GET"]}}],"collection":[{"href":"https:\/\/skaitytaknyga.lt\/en\/wp-json\/wp\/v2\/product"}],"about":[{"href":"https:\/\/skaitytaknyga.lt\/en\/wp-json\/wp\/v2\/types\/product"}],"replies":[{"embeddable":true,"href":"https:\/\/skaitytaknyga.lt\/en\/wp-json\/wp\/v2\/comments?post=17004"}],"wp:featuredmedia":[{"embeddable":true,"href":"https:\/\/skaitytaknyga.lt\/en\/wp-json\/wp\/v2\/media\/17005"}],"wp:attachment":[{"href":"https:\/\/skaitytaknyga.lt\/en\/wp-json\/wp\/v2\/media?parent=17004"}],"wp:term":[{"taxonomy":"product_brand","embeddable":true,"href":"https:\/\/skaitytaknyga.lt\/en\/wp-json\/wp\/v2\/product_brand?post=17004"},{"taxonomy":"product_cat","embeddable":true,"href":"https:\/\/skaitytaknyga.lt\/en\/wp-json\/wp\/v2\/product_cat?post=17004"},{"taxonomy":"product_tag","embeddable":true,"href":"https:\/\/skaitytaknyga.lt\/en\/wp-json\/wp\/v2\/product_tag?post=17004"}],"curies":[{"name":"wp","href":"https:\/\/api.w.org\/{rel}","templated":true}]}}