{"id":16998,"date":"2025-02-27T21:48:06","date_gmt":"2025-02-27T19:48:06","guid":{"rendered":"https:\/\/skaitytaknyga.lt\/?post_type=product&#038;p=16998"},"modified":"2026-03-05T13:41:14","modified_gmt":"2026-03-05T11:41:14","slug":"zmogzudyste-golfo-lauke","status":"publish","type":"product","link":"https:\/\/skaitytaknyga.lt\/en\/produktas\/zmogzudyste-golfo-lauke\/","title":{"rendered":"\u017dmog\u017eudyst\u0117 golfo lauke"},"content":{"rendered":"<p>Papra\u0161ytas skubiai pad\u0117ti, Puaro atvyksta \u012f Pranc\u016bzij\u0105. Deja, jis nebesp\u0117ja pagelb\u0117ti savo klientui, kurio k\u016bnas su kraupiai styran\u010diu peiliu nugaroje dabar guli kni\u016bps\u010dias negilioje duob\u0117je golfo aik\u0161t\u0117je. Ta\u010diau kod\u0117l nu\u017eudytasis apsivilk\u0119s savo s\u016bnaus apsiaustu? Ir kam buvo skirtas jausmingas meil\u0117s lai\u0161kas, aptiktas jo ki\u0161en\u0117je? Puaro dar nesp\u0117jus atsakyti \u012f \u0161iuos klausimus, vis\u0105 byl\u0105 auk\u0161tyn kojomis apver\u010dia aptiktas antras lygiai taip pat nu\u017eudyto \u017emogaus lavonas&#8230;<\/p>\n<ul class=\"about-product d-none d-xl-block mt-4\">\n<li><strong>Autorius:<\/strong>\u00a0Agatha Christie<\/li>\n<li><strong>Leid\u0117jas:<\/strong>\u00a0Sirokas<\/li>\n<li><strong>Metai:<\/strong>\u00a02008<\/li>\n<li><strong>Puslapiai:<\/strong>\u00a0216<\/li>\n<li class=\"toggleable type-new-formats \"><strong>ISBN:<\/strong>\u00a09789955740087<\/li>\n<li><strong>Versijos kodas:<\/strong>\u00a0PT.<\/li>\n<li class=\"toggleable type-new-formats \"><strong>Formatas:<\/strong>\u00a010 x 18 cm, mink\u0161ti vir\u0161eliai<\/li>\n<li><strong>Kalba:<\/strong>\u00a0Lietuvi\u0173<\/li>\n<li><strong>Vert\u0117jas:<\/strong>\u00a0Virginija Rimkut\u0117<\/li>\n<\/ul>\n","protected":false},"excerpt":{"rendered":"<p>Papra\u0161ytas skubiai pad\u0117ti, Puaro atvyksta \u012f Pranc\u016bzij\u0105. Deja, jis nebesp\u0117ja pagelb\u0117ti savo klientui, kurio k\u016bnas su kraupiai styran\u010diu peiliu nugaroje dabar guli kni\u016bps\u010dias negilioje duob\u0117je golfo aik\u0161t\u0117je. Ta\u010diau kod\u0117l nu\u017eudytasis apsivilk\u0119s savo s\u016bnaus apsiaustu? Ir kam buvo skirtas jausmingas meil\u0117s lai\u0161kas, aptiktas jo ki\u0161en\u0117je? Puaro dar nesp\u0117jus atsakyti \u012f \u0161iuos klausimus, vis\u0105 byl\u0105 auk\u0161tyn kojomis apver\u010dia aptiktas antras lygiai taip pat nu\u017eudyto \u017emogaus lavonas&#8230; Autorius:\u00a0Agatha Christie Leid\u0117jas:\u00a0Sirokas Metai:\u00a02008 Puslapiai:\u00a0216 ISBN:\u00a09789955740087 Versijos kodas:\u00a0PT. Formatas:\u00a010 x 18 cm, mink\u0161ti vir\u0161eliai Kalba:\u00a0Lietuvi\u0173 Vert\u0117jas:\u00a0Virginija Rimkut\u0117<\/p>\n","protected":false},"featured_media":16999,"comment_status":"closed","ping_status":"closed","template":"","meta":{"_acf_changed":false,"site-sidebar-layout":"default","site-content-layout":"","ast-site-content-layout":"default","site-content-style":"default","site-sidebar-style":"default","ast-global-header-display":"","ast-banner-title-visibility":"","ast-main-header-display":"","ast-hfb-above-header-display":"","ast-hfb-below-header-display":"","ast-hfb-mobile-header-display":"","site-post-title":"","ast-breadcrumbs-content":"","ast-featured-img":"","footer-sml-layout":"","ast-disable-related-posts":"","theme-transparent-header-meta":"default","adv-header-id-meta":"","stick-header-meta":"","header-above-stick-meta":"","header-main-stick-meta":"","header-below-stick-meta":"","astra-migrate-meta-layouts":"set","ast-page-background-enabled":"default","ast-page-background-meta":{"desktop":{"background-color":"","background-image":"","background-repeat":"repeat","background-position":"center center","background-size":"auto","background-attachment":"scroll","background-type":"","background-media":"","overlay-type":"","overlay-color":"","overlay-opacity":"","overlay-gradient":""},"tablet":{"background-color":"","background-image":"","background-repeat":"repeat","background-position":"center center","background-size":"auto","background-attachment":"scroll","background-type":"","background-media":"","overlay-type":"","overlay-color":"","overlay-opacity":"","overlay-gradient":""},"mobile":{"background-color":"","background-image":"","background-repeat":"repeat","background-position":"center center","background-size":"auto","background-attachment":"scroll","background-type":"","background-media":"","overlay-type":"","overlay-color":"","overlay-opacity":"","overlay-gradient":""}},"ast-content-background-meta":{"desktop":{"background-color":"var(--ast-global-color-4)","background-image":"","background-repeat":"repeat","background-position":"center center","background-size":"auto","background-attachment":"scroll","background-type":"","background-media":"","overlay-type":"","overlay-color":"","overlay-opacity":"","overlay-gradient":""},"tablet":{"background-color":"var(--ast-global-color-4)","background-image":"","background-repeat":"repeat","background-position":"center center","background-size":"auto","background-attachment":"scroll","background-type":"","background-media":"","overlay-type":"","overlay-color":"","overlay-opacity":"","overlay-gradient":""},"mobile":{"background-color":"var(--ast-global-color-4)","background-image":"","background-repeat":"repeat","background-position":"center center","background-size":"auto","background-attachment":"scroll","background-type":"","background-media":"","overlay-type":"","overlay-color":"","overlay-opacity":"","overlay-gradient":""}}},"product_brand":[],"product_cat":[9581],"product_tag":[4877,4876,1476,4880,1588,4881,1451,1478,2831,4879,1587,4878],"class_list":{"0":"post-16998","1":"product","2":"type-product","3":"status-publish","4":"has-post-thumbnail","6":"product_cat-kriminaliniai-romanai","7":"product_tag-a-kristi","8":"product_tag-agatha-christie","9":"product_tag-detektyvas","10":"product_tag-golfo-aikste","11":"product_tag-kriminalinis-romanas","12":"product_tag-meiles-laiskas","13":"product_tag-nuotykiai","14":"product_tag-paslaptys","15":"product_tag-prancuzija","16":"product_tag-puaro","17":"product_tag-trileris","18":"product_tag-zudynes","19":"desktop-align-left","20":"tablet-align-left","21":"mobile-align-left","23":"first","24":"instock","25":"shipping-taxable","26":"purchasable","27":"product-type-simple"},"acf":[],"yoast_head":"<!-- This site is optimized with the Yoast SEO plugin v27.0 - https:\/\/yoast.com\/product\/yoast-seo-wordpress\/ -->\n<title>\u017dmog\u017eudyst\u0117 golfo lauke<\/title>\n<meta name=\"description\" content=\"Papra\u0161ytas skubiai pad\u0117ti, Puaro atvyksta \u012f Pranc\u016bzij\u0105. Deja, jis nebesp\u0117ja pagelb\u0117ti savo klientui, kurio k\u016bnas su kraupiai styran\u010diu peiliu nugaroje\" \/>\n<meta name=\"robots\" content=\"index, follow, max-snippet:-1, max-image-preview:large, max-video-preview:-1\" \/>\n<link rel=\"canonical\" href=\"https:\/\/skaitytaknyga.lt\/en\/produktas\/zmogzudyste-golfo-lauke\/\" \/>\n<meta property=\"og:locale\" content=\"en_GB\" \/>\n<meta property=\"og:locale:alternate\" content=\"lt_LT\" \/>\n<meta property=\"og:type\" content=\"article\" \/>\n<meta property=\"og:title\" content=\"\u017dmog\u017eudyst\u0117 golfo lauke\" \/>\n<meta property=\"og:description\" content=\"Papra\u0161ytas skubiai pad\u0117ti, Puaro atvyksta \u012f Pranc\u016bzij\u0105. Deja, jis nebesp\u0117ja pagelb\u0117ti savo klientui, kurio k\u016bnas su kraupiai styran\u010diu peiliu nugaroje\" \/>\n<meta property=\"og:url\" content=\"https:\/\/skaitytaknyga.lt\/en\/produktas\/zmogzudyste-golfo-lauke\/\" \/>\n<meta property=\"og:site_name\" content=\"Skaitytaknyga\" \/>\n<meta property=\"article:publisher\" content=\"https:\/\/www.facebook.com\/skaitytaknyga\/\" \/>\n<meta property=\"article:modified_time\" content=\"2026-03-05T11:41:14+00:00\" \/>\n<meta property=\"og:image\" content=\"https:\/\/skaitytaknyga.lt\/wp-content\/uploads\/2025\/02\/Zmogzudyste-golfo-lauke.webp\" \/>\n\t<meta property=\"og:image:width\" content=\"449\" \/>\n\t<meta property=\"og:image:height\" content=\"800\" \/>\n\t<meta property=\"og:image:type\" content=\"image\/webp\" \/>\n<meta name=\"twitter:card\" content=\"summary_large_image\" \/>\n<meta name=\"twitter:label1\" content=\"Estimated reading time\" \/>\n\t<meta name=\"twitter:data1\" content=\"1 minute\" \/>\n<script type=\"application\/ld+json\" class=\"yoast-schema-graph\">{\"@context\":\"https:\/\/schema.org\",\"@graph\":[{\"@type\":\"WebPage\",\"@id\":\"https:\/\/skaitytaknyga.lt\/produktas\/zmogzudyste-golfo-lauke\/\",\"url\":\"https:\/\/skaitytaknyga.lt\/produktas\/zmogzudyste-golfo-lauke\/\",\"name\":\"\u017dmog\u017eudyst\u0117 golfo lauke\",\"isPartOf\":{\"@id\":\"https:\/\/skaitytaknyga.lt\/#website\"},\"primaryImageOfPage\":{\"@id\":\"https:\/\/skaitytaknyga.lt\/produktas\/zmogzudyste-golfo-lauke\/#primaryimage\"},\"image\":{\"@id\":\"https:\/\/skaitytaknyga.lt\/produktas\/zmogzudyste-golfo-lauke\/#primaryimage\"},\"thumbnailUrl\":\"https:\/\/skaitytaknyga.lt\/wp-content\/uploads\/2025\/02\/Zmogzudyste-golfo-lauke.webp\",\"datePublished\":\"2025-02-27T19:48:06+00:00\",\"dateModified\":\"2026-03-05T11:41:14+00:00\",\"description\":\"Papra\u0161ytas skubiai pad\u0117ti, Puaro atvyksta \u012f Pranc\u016bzij\u0105. Deja, jis nebesp\u0117ja pagelb\u0117ti savo klientui, kurio k\u016bnas su kraupiai styran\u010diu peiliu nugaroje\",\"breadcrumb\":{\"@id\":\"https:\/\/skaitytaknyga.lt\/produktas\/zmogzudyste-golfo-lauke\/#breadcrumb\"},\"inLanguage\":\"en-GB\",\"potentialAction\":[{\"@type\":\"ReadAction\",\"target\":[\"https:\/\/skaitytaknyga.lt\/produktas\/zmogzudyste-golfo-lauke\/\"]}]},{\"@type\":\"ImageObject\",\"inLanguage\":\"en-GB\",\"@id\":\"https:\/\/skaitytaknyga.lt\/produktas\/zmogzudyste-golfo-lauke\/#primaryimage\",\"url\":\"https:\/\/skaitytaknyga.lt\/wp-content\/uploads\/2025\/02\/Zmogzudyste-golfo-lauke.webp\",\"contentUrl\":\"https:\/\/skaitytaknyga.lt\/wp-content\/uploads\/2025\/02\/Zmogzudyste-golfo-lauke.webp\",\"width\":449,\"height\":800,\"caption\":\"\u017dmog\u017eudyst\u0117 golfo lauke\"},{\"@type\":\"BreadcrumbList\",\"@id\":\"https:\/\/skaitytaknyga.lt\/produktas\/zmogzudyste-golfo-lauke\/#breadcrumb\",\"itemListElement\":[{\"@type\":\"ListItem\",\"position\":1,\"name\":\"Home\",\"item\":\"https:\/\/skaitytaknyga.lt\/\"},{\"@type\":\"ListItem\",\"position\":2,\"name\":\"Parduotuv\u0117\",\"item\":\"https:\/\/skaitytaknyga.lt\/knygu-parduotuve\/\"},{\"@type\":\"ListItem\",\"position\":3,\"name\":\"\u017dmog\u017eudyst\u0117 golfo lauke\"}]},{\"@type\":\"WebSite\",\"@id\":\"https:\/\/skaitytaknyga.lt\/#website\",\"url\":\"https:\/\/skaitytaknyga.lt\/\",\"name\":\"skaitytaknyga.lt\",\"description\":\"Skaitytaknyga.lt \u2013 tai ma\u017eas \u0161eimos verslas, kuris prasid\u0117jo nuo meil\u0117s knygoms ir siekio i\u0161gelb\u0117ti knygas nuo likimo prie konteinerio. Kas vienam nereikalingas daiktas \u2013 kitam lobis, o mes esame tarpininkai, kurie padeda abiems tapti laimingesniems ???? \u017dinome kaip nelengva i\u0161gyventi ma\u017eiems verslams, tad nuo \u0161iol, \u010dia rasite ir kit\u0173, ma\u017e\u0173 \u0161eim\u0173 versl\u0173, rank\u0173 darbo, dovan\u0173 sau ir artimiesiems.\",\"publisher\":{\"@id\":\"https:\/\/skaitytaknyga.lt\/#organization\"},\"potentialAction\":[{\"@type\":\"SearchAction\",\"target\":{\"@type\":\"EntryPoint\",\"urlTemplate\":\"https:\/\/skaitytaknyga.lt\/?s={search_term_string}\"},\"query-input\":{\"@type\":\"PropertyValueSpecification\",\"valueRequired\":true,\"valueName\":\"search_term_string\"}}],\"inLanguage\":\"en-GB\"},{\"@type\":\"Organization\",\"@id\":\"https:\/\/skaitytaknyga.lt\/#organization\",\"name\":\"skaitytaknyga.lt\",\"url\":\"https:\/\/skaitytaknyga.lt\/\",\"logo\":{\"@type\":\"ImageObject\",\"inLanguage\":\"en-GB\",\"@id\":\"https:\/\/skaitytaknyga.lt\/#\/schema\/logo\/image\/\",\"url\":\"https:\/\/skaitytaknyga.lt\/wp-content\/uploads\/2024\/05\/cropped-cropped-cropped-02_00843_jt3bggkj1j3HLc7SyY6rEUpg.jpeg\",\"contentUrl\":\"https:\/\/skaitytaknyga.lt\/wp-content\/uploads\/2024\/05\/cropped-cropped-cropped-02_00843_jt3bggkj1j3HLc7SyY6rEUpg.jpeg\",\"width\":1600,\"height\":1600,\"caption\":\"skaitytaknyga.lt\"},\"image\":{\"@id\":\"https:\/\/skaitytaknyga.lt\/#\/schema\/logo\/image\/\"},\"sameAs\":[\"https:\/\/www.facebook.com\/skaitytaknyga\/\"]}]}<\/script>\n<!-- \/ Yoast SEO plugin. -->","yoast_head_json":{"title":"\u017dmog\u017eudyst\u0117 golfo lauke","description":"Papra\u0161ytas skubiai pad\u0117ti, Puaro atvyksta \u012f Pranc\u016bzij\u0105. Deja, jis nebesp\u0117ja pagelb\u0117ti savo klientui, kurio k\u016bnas su kraupiai styran\u010diu peiliu nugaroje","robots":{"index":"index","follow":"follow","max-snippet":"max-snippet:-1","max-image-preview":"max-image-preview:large","max-video-preview":"max-video-preview:-1"},"canonical":"https:\/\/skaitytaknyga.lt\/en\/produktas\/zmogzudyste-golfo-lauke\/","og_locale":"en_GB","og_type":"article","og_title":"[:lt]\u017dmog\u017eudyst\u0117 golfo lauke[:] - Skaitytaknyga","og_description":"Papra\u0161ytas skubiai pad\u0117ti, Puaro atvyksta \u012f Pranc\u016bzij\u0105. Deja, jis nebesp\u0117ja pagelb\u0117ti savo klientui, kurio k\u016bnas su kraupiai styran\u010diu peiliu nugaroje","og_url":"https:\/\/skaitytaknyga.lt\/en\/produktas\/zmogzudyste-golfo-lauke\/","og_site_name":"Skaitytaknyga","article_publisher":"https:\/\/www.facebook.com\/skaitytaknyga\/","article_modified_time":"2026-03-05T11:41:14+00:00","og_image":[{"width":449,"height":800,"url":"https:\/\/skaitytaknyga.lt\/wp-content\/uploads\/2025\/02\/Zmogzudyste-golfo-lauke.webp","type":"image\/webp"}],"twitter_card":"summary_large_image","twitter_misc":{"Estimated reading time":"1 minute"},"schema":{"@context":"https:\/\/schema.org","@graph":[{"@type":"WebPage","@id":"https:\/\/skaitytaknyga.lt\/produktas\/zmogzudyste-golfo-lauke\/","url":"https:\/\/skaitytaknyga.lt\/produktas\/zmogzudyste-golfo-lauke\/","name":"\u017dmog\u017eudyst\u0117 golfo lauke","isPartOf":{"@id":"https:\/\/skaitytaknyga.lt\/#website"},"primaryImageOfPage":{"@id":"https:\/\/skaitytaknyga.lt\/produktas\/zmogzudyste-golfo-lauke\/#primaryimage"},"image":{"@id":"https:\/\/skaitytaknyga.lt\/produktas\/zmogzudyste-golfo-lauke\/#primaryimage"},"thumbnailUrl":"https:\/\/skaitytaknyga.lt\/wp-content\/uploads\/2025\/02\/Zmogzudyste-golfo-lauke.webp","datePublished":"2025-02-27T19:48:06+00:00","dateModified":"2026-03-05T11:41:14+00:00","description":"Papra\u0161ytas skubiai pad\u0117ti, Puaro atvyksta \u012f Pranc\u016bzij\u0105. Deja, jis nebesp\u0117ja pagelb\u0117ti savo klientui, kurio k\u016bnas su kraupiai styran\u010diu peiliu nugaroje","breadcrumb":{"@id":"https:\/\/skaitytaknyga.lt\/produktas\/zmogzudyste-golfo-lauke\/#breadcrumb"},"inLanguage":"en-GB","potentialAction":[{"@type":"ReadAction","target":["https:\/\/skaitytaknyga.lt\/produktas\/zmogzudyste-golfo-lauke\/"]}]},{"@type":"ImageObject","inLanguage":"en-GB","@id":"https:\/\/skaitytaknyga.lt\/produktas\/zmogzudyste-golfo-lauke\/#primaryimage","url":"https:\/\/skaitytaknyga.lt\/wp-content\/uploads\/2025\/02\/Zmogzudyste-golfo-lauke.webp","contentUrl":"https:\/\/skaitytaknyga.lt\/wp-content\/uploads\/2025\/02\/Zmogzudyste-golfo-lauke.webp","width":449,"height":800,"caption":"\u017dmog\u017eudyst\u0117 golfo lauke"},{"@type":"BreadcrumbList","@id":"https:\/\/skaitytaknyga.lt\/produktas\/zmogzudyste-golfo-lauke\/#breadcrumb","itemListElement":[{"@type":"ListItem","position":1,"name":"Home","item":"https:\/\/skaitytaknyga.lt\/"},{"@type":"ListItem","position":2,"name":"Parduotuv\u0117","item":"https:\/\/skaitytaknyga.lt\/knygu-parduotuve\/"},{"@type":"ListItem","position":3,"name":"\u017dmog\u017eudyst\u0117 golfo lauke"}]},{"@type":"WebSite","@id":"https:\/\/skaitytaknyga.lt\/#website","url":"https:\/\/skaitytaknyga.lt\/","name":"skaitytaknyga.lt","description":"Skaitytaknyga.lt \u2013 tai ma\u017eas \u0161eimos verslas, kuris prasid\u0117jo nuo meil\u0117s knygoms ir siekio i\u0161gelb\u0117ti knygas nuo likimo prie konteinerio. Kas vienam nereikalingas daiktas \u2013 kitam lobis, o mes esame tarpininkai, kurie padeda abiems tapti laimingesniems ???? \u017dinome kaip nelengva i\u0161gyventi ma\u017eiems verslams, tad nuo \u0161iol, \u010dia rasite ir kit\u0173, ma\u017e\u0173 \u0161eim\u0173 versl\u0173, rank\u0173 darbo, dovan\u0173 sau ir artimiesiems.","publisher":{"@id":"https:\/\/skaitytaknyga.lt\/#organization"},"potentialAction":[{"@type":"SearchAction","target":{"@type":"EntryPoint","urlTemplate":"https:\/\/skaitytaknyga.lt\/?s={search_term_string}"},"query-input":{"@type":"PropertyValueSpecification","valueRequired":true,"valueName":"search_term_string"}}],"inLanguage":"en-GB"},{"@type":"Organization","@id":"https:\/\/skaitytaknyga.lt\/#organization","name":"skaitytaknyga.lt","url":"https:\/\/skaitytaknyga.lt\/","logo":{"@type":"ImageObject","inLanguage":"en-GB","@id":"https:\/\/skaitytaknyga.lt\/#\/schema\/logo\/image\/","url":"https:\/\/skaitytaknyga.lt\/wp-content\/uploads\/2024\/05\/cropped-cropped-cropped-02_00843_jt3bggkj1j3HLc7SyY6rEUpg.jpeg","contentUrl":"https:\/\/skaitytaknyga.lt\/wp-content\/uploads\/2024\/05\/cropped-cropped-cropped-02_00843_jt3bggkj1j3HLc7SyY6rEUpg.jpeg","width":1600,"height":1600,"caption":"skaitytaknyga.lt"},"image":{"@id":"https:\/\/skaitytaknyga.lt\/#\/schema\/logo\/image\/"},"sameAs":["https:\/\/www.facebook.com\/skaitytaknyga\/"]}]}},"_links":{"self":[{"href":"https:\/\/skaitytaknyga.lt\/en\/wp-json\/wp\/v2\/product\/16998","targetHints":{"allow":["GET"]}}],"collection":[{"href":"https:\/\/skaitytaknyga.lt\/en\/wp-json\/wp\/v2\/product"}],"about":[{"href":"https:\/\/skaitytaknyga.lt\/en\/wp-json\/wp\/v2\/types\/product"}],"replies":[{"embeddable":true,"href":"https:\/\/skaitytaknyga.lt\/en\/wp-json\/wp\/v2\/comments?post=16998"}],"wp:featuredmedia":[{"embeddable":true,"href":"https:\/\/skaitytaknyga.lt\/en\/wp-json\/wp\/v2\/media\/16999"}],"wp:attachment":[{"href":"https:\/\/skaitytaknyga.lt\/en\/wp-json\/wp\/v2\/media?parent=16998"}],"wp:term":[{"taxonomy":"product_brand","embeddable":true,"href":"https:\/\/skaitytaknyga.lt\/en\/wp-json\/wp\/v2\/product_brand?post=16998"},{"taxonomy":"product_cat","embeddable":true,"href":"https:\/\/skaitytaknyga.lt\/en\/wp-json\/wp\/v2\/product_cat?post=16998"},{"taxonomy":"product_tag","embeddable":true,"href":"https:\/\/skaitytaknyga.lt\/en\/wp-json\/wp\/v2\/product_tag?post=16998"}],"curies":[{"name":"wp","href":"https:\/\/api.w.org\/{rel}","templated":true}]}}