{"id":16990,"date":"2025-02-26T22:03:05","date_gmt":"2025-02-26T20:03:05","guid":{"rendered":"https:\/\/skaitytaknyga.lt\/?post_type=product&#038;p=16990"},"modified":"2025-02-26T22:04:11","modified_gmt":"2025-02-26T20:04:11","slug":"you-are-a-badass","status":"publish","type":"product","link":"https:\/\/skaitytaknyga.lt\/en\/produktas\/you-are-a-badass\/","title":{"rendered":"You are a badass (yra skaitymo \u017eymi\u0173)"},"content":{"rendered":"<p>B\u016bti visada nuolankiam, priimti visk\u0105, kaip yra, ir laukti, kol likimas visas problemas i\u0161spr\u0119s u\u017e jus, \u2013 nelabai efektyvu, tiesa? O k\u0105, jei imtum\u0117t ir stipriai papurtytum\u0117t save u\u017e pe\u010di\u0173, kad pagaliau atsibustum\u0117t i\u0161 Did\u017eiojo sn\u016bdo, i\u0161 \u0161imtu procent\u0173 j\u016bs\u0173 netenkinan\u010dios dabarties?<\/p>\n<p>Patik\u0117kite \u2013 viskas \u012fmanoma! Reikia tik i\u0161dr\u012fsti daryti tai, ko iki \u0161iol nesate dar\u0119: ne nor\u0117ti keisti savo gyvenim\u0105, o tvirtai nuspr\u0119sti tai padaryti.<\/p>\n<p>Tad ko i\u0161moksite perskait\u0119 \u0161i\u0105 \u0161maik\u0161\u010di\u0105, vienu kitu keiksma\u017eod\u017eiu pagardint\u0105 savigalbos knyg\u0105? Vis\u0173 pirma suprasite, kaip atpa\u017einti ir \u012fveikti \u012fsitikinimus, kurie \u017elugdo svajones. Antra, i\u0161moksite susikurti tok\u012f gyvenim\u0105, kokio visada nor\u0117jote. Ir ne kada nors v\u0117liau, o DABAR. Ir, po galais, pagaliau u\u017esidirbsite pinig\u0173. Tiek daug, kiek net nesvajojote!<\/p>\n<ul class=\"about-product d-none d-xl-block mt-4\">\n<li><strong>Autorius:<\/strong>\u00a0Jen Sincero<\/li>\n<li><strong>Leid\u0117jas:<\/strong>\u00a0Baltos lankos<\/li>\n<li><strong>Metai:<\/strong>\u00a02018<\/li>\n<li><strong>Puslapiai:<\/strong>\u00a0248<\/li>\n<li class=\"toggleable type-new-formats \"><strong>ISBN:<\/strong>\u00a09786094791475<\/li>\n<li><strong>Versijos kodas:<\/strong>\u00a02<\/li>\n<li class=\"toggleable type-new-formats \"><strong>Formatas:<\/strong>\u00a014,5 x 21 x 2 cm, kieti vir\u0161eliai<\/li>\n<li><strong>Kalba:<\/strong>\u00a0Lietuvi\u0173<\/li>\n<li><strong>Vert\u0117jas:<\/strong>\u00a0Karina Juodelyt\u0117-Moliboga<\/li>\n<\/ul>\n","protected":false},"excerpt":{"rendered":"<p>B\u016bti visada nuolankiam, priimti visk\u0105, kaip yra, ir laukti, kol likimas visas problemas i\u0161spr\u0119s u\u017e jus, \u2013 nelabai efektyvu, tiesa? O k\u0105, jei imtum\u0117t ir stipriai papurtytum\u0117t save u\u017e pe\u010di\u0173, kad pagaliau atsibustum\u0117t i\u0161 Did\u017eiojo sn\u016bdo, i\u0161 \u0161imtu procent\u0173 j\u016bs\u0173 netenkinan\u010dios dabarties? Patik\u0117kite \u2013 viskas \u012fmanoma! Reikia tik i\u0161dr\u012fsti daryti tai, ko iki \u0161iol nesate dar\u0119: ne nor\u0117ti keisti savo gyvenim\u0105, o tvirtai nuspr\u0119sti tai padaryti. Tad ko i\u0161moksite perskait\u0119 \u0161i\u0105 \u0161maik\u0161\u010di\u0105, vienu kitu keiksma\u017eod\u017eiu pagardint\u0105 savigalbos knyg\u0105? Vis\u0173 pirma suprasite, kaip atpa\u017einti ir \u012fveikti \u012fsitikinimus, kurie \u017elugdo svajones. Antra, i\u0161moksite susikurti tok\u012f gyvenim\u0105, kokio visada nor\u0117jote. Ir ne kada nors v\u0117liau, o DABAR. Ir, po galais, pagaliau u\u017esidirbsite pinig\u0173. Tiek daug, kiek net nesvajojote! Autorius:\u00a0Jen Sincero Leid\u0117jas:\u00a0Baltos lankos Metai:\u00a02018 Puslapiai:\u00a0248 ISBN:\u00a09786094791475 Versijos kodas:\u00a02 Formatas:\u00a014,5 x 21 x 2 cm, kieti vir\u0161eliai Kalba:\u00a0Lietuvi\u0173 Vert\u0117jas:\u00a0Karina Juodelyt\u0117-Moliboga<\/p>\n","protected":false},"featured_media":16991,"comment_status":"open","ping_status":"closed","template":"","meta":{"_acf_changed":false,"site-sidebar-layout":"default","site-content-layout":"","ast-site-content-layout":"default","site-content-style":"default","site-sidebar-style":"default","ast-global-header-display":"","ast-banner-title-visibility":"","ast-main-header-display":"","ast-hfb-above-header-display":"","ast-hfb-below-header-display":"","ast-hfb-mobile-header-display":"","site-post-title":"","ast-breadcrumbs-content":"","ast-featured-img":"","footer-sml-layout":"","ast-disable-related-posts":"","theme-transparent-header-meta":"default","adv-header-id-meta":"","stick-header-meta":"","header-above-stick-meta":"","header-main-stick-meta":"","header-below-stick-meta":"","astra-migrate-meta-layouts":"set","ast-page-background-enabled":"default","ast-page-background-meta":{"desktop":{"background-color":"","background-image":"","background-repeat":"repeat","background-position":"center center","background-size":"auto","background-attachment":"scroll","background-type":"","background-media":"","overlay-type":"","overlay-color":"","overlay-opacity":"","overlay-gradient":""},"tablet":{"background-color":"","background-image":"","background-repeat":"repeat","background-position":"center center","background-size":"auto","background-attachment":"scroll","background-type":"","background-media":"","overlay-type":"","overlay-color":"","overlay-opacity":"","overlay-gradient":""},"mobile":{"background-color":"","background-image":"","background-repeat":"repeat","background-position":"center center","background-size":"auto","background-attachment":"scroll","background-type":"","background-media":"","overlay-type":"","overlay-color":"","overlay-opacity":"","overlay-gradient":""}},"ast-content-background-meta":{"desktop":{"background-color":"var(--ast-global-color-4)","background-image":"","background-repeat":"repeat","background-position":"center center","background-size":"auto","background-attachment":"scroll","background-type":"","background-media":"","overlay-type":"","overlay-color":"","overlay-opacity":"","overlay-gradient":""},"tablet":{"background-color":"var(--ast-global-color-4)","background-image":"","background-repeat":"repeat","background-position":"center center","background-size":"auto","background-attachment":"scroll","background-type":"","background-media":"","overlay-type":"","overlay-color":"","overlay-opacity":"","overlay-gradient":""},"mobile":{"background-color":"var(--ast-global-color-4)","background-image":"","background-repeat":"repeat","background-position":"center center","background-size":"auto","background-attachment":"scroll","background-type":"","background-media":"","overlay-type":"","overlay-color":"","overlay-opacity":"","overlay-gradient":""}}},"product_brand":[],"product_cat":[30,15],"product_tag":[],"class_list":{"0":"post-16990","1":"product","2":"type-product","3":"status-publish","4":"has-post-thumbnail","6":"product_cat-psichologija-ir-saviugda","7":"product_cat-uncategorized","8":"desktop-align-left","9":"tablet-align-left","10":"mobile-align-left","12":"first","13":"instock","14":"shipping-taxable","15":"purchasable","16":"product-type-simple"},"acf":[],"yoast_head":"<!-- This site is optimized with the Yoast SEO plugin v27.4 - https:\/\/yoast.com\/product\/yoast-seo-wordpress\/ -->\n<title>You are a badass (yra skaitymo \u017eymi\u0173)<\/title>\n<meta name=\"description\" content=\"B\u016bti visada nuolankiam, priimti visk\u0105, kaip yra, ir laukti, kol likimas visas problemas i\u0161spr\u0119s u\u017e jus, \u2013 nelabai efektyvu, tiesa? O k\u0105, jei imtum\u0117t ir\" \/>\n<meta name=\"robots\" content=\"index, follow, max-snippet:-1, max-image-preview:large, max-video-preview:-1\" \/>\n<link rel=\"canonical\" href=\"https:\/\/skaitytaknyga.lt\/en\/produktas\/you-are-a-badass\/\" \/>\n<meta property=\"og:locale\" content=\"en_GB\" \/>\n<meta property=\"og:locale:alternate\" content=\"lt_LT\" \/>\n<meta property=\"og:type\" content=\"article\" \/>\n<meta property=\"og:title\" content=\"You are a badass (yra skaitymo \u017eymi\u0173)\" \/>\n<meta property=\"og:description\" content=\"B\u016bti visada nuolankiam, priimti visk\u0105, kaip yra, ir laukti, kol likimas visas problemas i\u0161spr\u0119s u\u017e jus, \u2013 nelabai efektyvu, tiesa? O k\u0105, jei imtum\u0117t ir\" \/>\n<meta property=\"og:url\" content=\"https:\/\/skaitytaknyga.lt\/en\/produktas\/you-are-a-badass\/\" \/>\n<meta property=\"og:site_name\" content=\"Skaitytaknyga\" \/>\n<meta property=\"article:publisher\" content=\"https:\/\/www.facebook.com\/skaitytaknyga\/\" \/>\n<meta property=\"article:modified_time\" content=\"2025-02-26T20:04:11+00:00\" \/>\n<meta property=\"og:image\" content=\"https:\/\/skaitytaknyga.lt\/wp-content\/uploads\/2025\/02\/You-are-a-badass.webp\" \/>\n\t<meta property=\"og:image:width\" content=\"451\" \/>\n\t<meta property=\"og:image:height\" content=\"652\" \/>\n\t<meta property=\"og:image:type\" content=\"image\/webp\" \/>\n<meta name=\"twitter:card\" content=\"summary_large_image\" \/>\n<meta name=\"twitter:label1\" content=\"Estimated reading time\" \/>\n\t<meta name=\"twitter:data1\" content=\"1 minute\" \/>\n<script type=\"application\/ld+json\" class=\"yoast-schema-graph\">{\"@context\":\"https:\\\/\\\/schema.org\",\"@graph\":[{\"@type\":\"WebPage\",\"@id\":\"https:\\\/\\\/skaitytaknyga.lt\\\/produktas\\\/you-are-a-badass\\\/\",\"url\":\"https:\\\/\\\/skaitytaknyga.lt\\\/produktas\\\/you-are-a-badass\\\/\",\"name\":\"You are a badass (yra skaitymo \u017eymi\u0173)\",\"isPartOf\":{\"@id\":\"https:\\\/\\\/skaitytaknyga.lt\\\/#website\"},\"primaryImageOfPage\":{\"@id\":\"https:\\\/\\\/skaitytaknyga.lt\\\/produktas\\\/you-are-a-badass\\\/#primaryimage\"},\"image\":{\"@id\":\"https:\\\/\\\/skaitytaknyga.lt\\\/produktas\\\/you-are-a-badass\\\/#primaryimage\"},\"thumbnailUrl\":\"https:\\\/\\\/skaitytaknyga.lt\\\/wp-content\\\/uploads\\\/2025\\\/02\\\/You-are-a-badass.webp\",\"datePublished\":\"2025-02-26T20:03:05+00:00\",\"dateModified\":\"2025-02-26T20:04:11+00:00\",\"description\":\"B\u016bti visada nuolankiam, priimti visk\u0105, kaip yra, ir laukti, kol likimas visas problemas i\u0161spr\u0119s u\u017e jus, \u2013 nelabai efektyvu, tiesa? O k\u0105, jei imtum\u0117t ir\",\"breadcrumb\":{\"@id\":\"https:\\\/\\\/skaitytaknyga.lt\\\/produktas\\\/you-are-a-badass\\\/#breadcrumb\"},\"inLanguage\":\"en-GB\",\"potentialAction\":[{\"@type\":\"ReadAction\",\"target\":[\"https:\\\/\\\/skaitytaknyga.lt\\\/produktas\\\/you-are-a-badass\\\/\"]}]},{\"@type\":\"ImageObject\",\"inLanguage\":\"en-GB\",\"@id\":\"https:\\\/\\\/skaitytaknyga.lt\\\/produktas\\\/you-are-a-badass\\\/#primaryimage\",\"url\":\"https:\\\/\\\/skaitytaknyga.lt\\\/wp-content\\\/uploads\\\/2025\\\/02\\\/You-are-a-badass.webp\",\"contentUrl\":\"https:\\\/\\\/skaitytaknyga.lt\\\/wp-content\\\/uploads\\\/2025\\\/02\\\/You-are-a-badass.webp\",\"width\":451,\"height\":652,\"caption\":\"You are a badass\"},{\"@type\":\"BreadcrumbList\",\"@id\":\"https:\\\/\\\/skaitytaknyga.lt\\\/produktas\\\/you-are-a-badass\\\/#breadcrumb\",\"itemListElement\":[{\"@type\":\"ListItem\",\"position\":1,\"name\":\"Home\",\"item\":\"https:\\\/\\\/skaitytaknyga.lt\\\/\"},{\"@type\":\"ListItem\",\"position\":2,\"name\":\"Parduotuv\u0117\",\"item\":\"https:\\\/\\\/skaitytaknyga.lt\\\/knygu-parduotuve\\\/\"},{\"@type\":\"ListItem\",\"position\":3,\"name\":\"You are a badass (yra skaitymo \u017eymi\u0173)\"}]},{\"@type\":\"WebSite\",\"@id\":\"https:\\\/\\\/skaitytaknyga.lt\\\/#website\",\"url\":\"https:\\\/\\\/skaitytaknyga.lt\\\/\",\"name\":\"skaitytaknyga.lt\",\"description\":\"Skaitytaknyga.lt \u2013 tai ma\u017eas \u0161eimos verslas, kuris prasid\u0117jo nuo meil\u0117s knygoms ir siekio i\u0161gelb\u0117ti knygas nuo likimo prie konteinerio. Kas vienam nereikalingas daiktas \u2013 kitam lobis, o mes esame tarpininkai, kurie padeda abiems tapti laimingesniems ???? \u017dinome kaip nelengva i\u0161gyventi ma\u017eiems verslams, tad nuo \u0161iol, \u010dia rasite ir kit\u0173, ma\u017e\u0173 \u0161eim\u0173 versl\u0173, rank\u0173 darbo, dovan\u0173 sau ir artimiesiems.\",\"publisher\":{\"@id\":\"https:\\\/\\\/skaitytaknyga.lt\\\/#organization\"},\"potentialAction\":[{\"@type\":\"SearchAction\",\"target\":{\"@type\":\"EntryPoint\",\"urlTemplate\":\"https:\\\/\\\/skaitytaknyga.lt\\\/?s={search_term_string}\"},\"query-input\":{\"@type\":\"PropertyValueSpecification\",\"valueRequired\":true,\"valueName\":\"search_term_string\"}}],\"inLanguage\":\"en-GB\"},{\"@type\":\"Organization\",\"@id\":\"https:\\\/\\\/skaitytaknyga.lt\\\/#organization\",\"name\":\"skaitytaknyga.lt\",\"url\":\"https:\\\/\\\/skaitytaknyga.lt\\\/\",\"logo\":{\"@type\":\"ImageObject\",\"inLanguage\":\"en-GB\",\"@id\":\"https:\\\/\\\/skaitytaknyga.lt\\\/#\\\/schema\\\/logo\\\/image\\\/\",\"url\":\"https:\\\/\\\/skaitytaknyga.lt\\\/wp-content\\\/uploads\\\/2024\\\/05\\\/cropped-cropped-cropped-02_00843_jt3bggkj1j3HLc7SyY6rEUpg.jpeg\",\"contentUrl\":\"https:\\\/\\\/skaitytaknyga.lt\\\/wp-content\\\/uploads\\\/2024\\\/05\\\/cropped-cropped-cropped-02_00843_jt3bggkj1j3HLc7SyY6rEUpg.jpeg\",\"width\":1600,\"height\":1600,\"caption\":\"skaitytaknyga.lt\"},\"image\":{\"@id\":\"https:\\\/\\\/skaitytaknyga.lt\\\/#\\\/schema\\\/logo\\\/image\\\/\"},\"sameAs\":[\"https:\\\/\\\/www.facebook.com\\\/skaitytaknyga\\\/\"]}]}<\/script>\n<!-- \/ Yoast SEO plugin. -->","yoast_head_json":{"title":"You are a badass (yra skaitymo \u017eymi\u0173)","description":"B\u016bti visada nuolankiam, priimti visk\u0105, kaip yra, ir laukti, kol likimas visas problemas i\u0161spr\u0119s u\u017e jus, \u2013 nelabai efektyvu, tiesa? O k\u0105, jei imtum\u0117t ir","robots":{"index":"index","follow":"follow","max-snippet":"max-snippet:-1","max-image-preview":"max-image-preview:large","max-video-preview":"max-video-preview:-1"},"canonical":"https:\/\/skaitytaknyga.lt\/en\/produktas\/you-are-a-badass\/","og_locale":"en_GB","og_type":"article","og_title":"[:lt]You are a badass (yra skaitymo \u017eymi\u0173)[:] - Skaitytaknyga","og_description":"B\u016bti visada nuolankiam, priimti visk\u0105, kaip yra, ir laukti, kol likimas visas problemas i\u0161spr\u0119s u\u017e jus, \u2013 nelabai efektyvu, tiesa? O k\u0105, jei imtum\u0117t ir","og_url":"https:\/\/skaitytaknyga.lt\/en\/produktas\/you-are-a-badass\/","og_site_name":"Skaitytaknyga","article_publisher":"https:\/\/www.facebook.com\/skaitytaknyga\/","article_modified_time":"2025-02-26T20:04:11+00:00","og_image":[{"width":451,"height":652,"url":"https:\/\/skaitytaknyga.lt\/wp-content\/uploads\/2025\/02\/You-are-a-badass.webp","type":"image\/webp"}],"twitter_card":"summary_large_image","twitter_misc":{"Estimated reading time":"1 minute"},"schema":{"@context":"https:\/\/schema.org","@graph":[{"@type":"WebPage","@id":"https:\/\/skaitytaknyga.lt\/produktas\/you-are-a-badass\/","url":"https:\/\/skaitytaknyga.lt\/produktas\/you-are-a-badass\/","name":"You are a badass (yra skaitymo \u017eymi\u0173)","isPartOf":{"@id":"https:\/\/skaitytaknyga.lt\/#website"},"primaryImageOfPage":{"@id":"https:\/\/skaitytaknyga.lt\/produktas\/you-are-a-badass\/#primaryimage"},"image":{"@id":"https:\/\/skaitytaknyga.lt\/produktas\/you-are-a-badass\/#primaryimage"},"thumbnailUrl":"https:\/\/skaitytaknyga.lt\/wp-content\/uploads\/2025\/02\/You-are-a-badass.webp","datePublished":"2025-02-26T20:03:05+00:00","dateModified":"2025-02-26T20:04:11+00:00","description":"B\u016bti visada nuolankiam, priimti visk\u0105, kaip yra, ir laukti, kol likimas visas problemas i\u0161spr\u0119s u\u017e jus, \u2013 nelabai efektyvu, tiesa? O k\u0105, jei imtum\u0117t ir","breadcrumb":{"@id":"https:\/\/skaitytaknyga.lt\/produktas\/you-are-a-badass\/#breadcrumb"},"inLanguage":"en-GB","potentialAction":[{"@type":"ReadAction","target":["https:\/\/skaitytaknyga.lt\/produktas\/you-are-a-badass\/"]}]},{"@type":"ImageObject","inLanguage":"en-GB","@id":"https:\/\/skaitytaknyga.lt\/produktas\/you-are-a-badass\/#primaryimage","url":"https:\/\/skaitytaknyga.lt\/wp-content\/uploads\/2025\/02\/You-are-a-badass.webp","contentUrl":"https:\/\/skaitytaknyga.lt\/wp-content\/uploads\/2025\/02\/You-are-a-badass.webp","width":451,"height":652,"caption":"You are a badass"},{"@type":"BreadcrumbList","@id":"https:\/\/skaitytaknyga.lt\/produktas\/you-are-a-badass\/#breadcrumb","itemListElement":[{"@type":"ListItem","position":1,"name":"Home","item":"https:\/\/skaitytaknyga.lt\/"},{"@type":"ListItem","position":2,"name":"Parduotuv\u0117","item":"https:\/\/skaitytaknyga.lt\/knygu-parduotuve\/"},{"@type":"ListItem","position":3,"name":"You are a badass (yra skaitymo \u017eymi\u0173)"}]},{"@type":"WebSite","@id":"https:\/\/skaitytaknyga.lt\/#website","url":"https:\/\/skaitytaknyga.lt\/","name":"skaitytaknyga.lt","description":"Skaitytaknyga.lt \u2013 tai ma\u017eas \u0161eimos verslas, kuris prasid\u0117jo nuo meil\u0117s knygoms ir siekio i\u0161gelb\u0117ti knygas nuo likimo prie konteinerio. Kas vienam nereikalingas daiktas \u2013 kitam lobis, o mes esame tarpininkai, kurie padeda abiems tapti laimingesniems ???? \u017dinome kaip nelengva i\u0161gyventi ma\u017eiems verslams, tad nuo \u0161iol, \u010dia rasite ir kit\u0173, ma\u017e\u0173 \u0161eim\u0173 versl\u0173, rank\u0173 darbo, dovan\u0173 sau ir artimiesiems.","publisher":{"@id":"https:\/\/skaitytaknyga.lt\/#organization"},"potentialAction":[{"@type":"SearchAction","target":{"@type":"EntryPoint","urlTemplate":"https:\/\/skaitytaknyga.lt\/?s={search_term_string}"},"query-input":{"@type":"PropertyValueSpecification","valueRequired":true,"valueName":"search_term_string"}}],"inLanguage":"en-GB"},{"@type":"Organization","@id":"https:\/\/skaitytaknyga.lt\/#organization","name":"skaitytaknyga.lt","url":"https:\/\/skaitytaknyga.lt\/","logo":{"@type":"ImageObject","inLanguage":"en-GB","@id":"https:\/\/skaitytaknyga.lt\/#\/schema\/logo\/image\/","url":"https:\/\/skaitytaknyga.lt\/wp-content\/uploads\/2024\/05\/cropped-cropped-cropped-02_00843_jt3bggkj1j3HLc7SyY6rEUpg.jpeg","contentUrl":"https:\/\/skaitytaknyga.lt\/wp-content\/uploads\/2024\/05\/cropped-cropped-cropped-02_00843_jt3bggkj1j3HLc7SyY6rEUpg.jpeg","width":1600,"height":1600,"caption":"skaitytaknyga.lt"},"image":{"@id":"https:\/\/skaitytaknyga.lt\/#\/schema\/logo\/image\/"},"sameAs":["https:\/\/www.facebook.com\/skaitytaknyga\/"]}]}},"_links":{"self":[{"href":"https:\/\/skaitytaknyga.lt\/en\/wp-json\/wp\/v2\/product\/16990","targetHints":{"allow":["GET"]}}],"collection":[{"href":"https:\/\/skaitytaknyga.lt\/en\/wp-json\/wp\/v2\/product"}],"about":[{"href":"https:\/\/skaitytaknyga.lt\/en\/wp-json\/wp\/v2\/types\/product"}],"replies":[{"embeddable":true,"href":"https:\/\/skaitytaknyga.lt\/en\/wp-json\/wp\/v2\/comments?post=16990"}],"wp:featuredmedia":[{"embeddable":true,"href":"https:\/\/skaitytaknyga.lt\/en\/wp-json\/wp\/v2\/media\/16991"}],"wp:attachment":[{"href":"https:\/\/skaitytaknyga.lt\/en\/wp-json\/wp\/v2\/media?parent=16990"}],"wp:term":[{"taxonomy":"product_brand","embeddable":true,"href":"https:\/\/skaitytaknyga.lt\/en\/wp-json\/wp\/v2\/product_brand?post=16990"},{"taxonomy":"product_cat","embeddable":true,"href":"https:\/\/skaitytaknyga.lt\/en\/wp-json\/wp\/v2\/product_cat?post=16990"},{"taxonomy":"product_tag","embeddable":true,"href":"https:\/\/skaitytaknyga.lt\/en\/wp-json\/wp\/v2\/product_tag?post=16990"}],"curies":[{"name":"wp","href":"https:\/\/api.w.org\/{rel}","templated":true}]}}