{"id":16988,"date":"2025-02-26T22:00:24","date_gmt":"2025-02-26T20:00:24","guid":{"rendered":"https:\/\/skaitytaknyga.lt\/?post_type=product&#038;p=16988"},"modified":"2025-09-30T11:16:12","modified_gmt":"2025-09-30T08:16:12","slug":"p-coelho-alchemikas-2-2","status":"publish","type":"product","link":"https:\/\/skaitytaknyga.lt\/en\/produktas\/p-coelho-alchemikas-2-2\/","title":{"rendered":"Alchemikas"},"content":{"rendered":"<p><strong>\u201eAlchemikas\u201c<\/strong>\u00a0\u2013 tai Ryt\u0173 i\u0161minties ir gyvenimo kupina istorija apie kelion\u0119 \u012f pasaulio Siel\u0105 ir tapim\u0105 savimi.<\/p>\n<p>Fenomenalios s\u0117km\u0117s sulaukusi prie\u0161 20 met\u0173 sukurta brazil\u0173 ra\u0161ytojo\u00a0<strong>Paulo Coelho<\/strong>\u00a0knyga \u201eAlchemikas\u201c vis dar laikosi perkamiausi\u0173 pasaulio knyg\u0173 s\u0105ra\u0161uose. Parduota vir\u0161 65 milijon\u0173 knygos egzempliori\u0173, pagal \u0161i\u0105 knyg\u0105 kuriamas filmas, o pats autorius Paulo Coelho \u012ftrauktas \u012f Gineso rekord\u0173 knyg\u0105 u\u017e tai, kad \u201eAlchemikas\u201c pripa\u017eintas romanu, i\u0161verstu \u012f daugiausiai pasaulio kalb\u0173.<\/p>\n<p>Paulo Coelho knygoje \u201eAlchemikas\u201c pasakojama apie jaun\u0105 Andal\u016bzijos piemen\u012f Santjag\u0105, kuris palieka gimtuosius namus Ispanijoje ir i\u0161keliauja \u012f Egipt\u0105, tik\u0117damasis ten surasti lob\u012f. Keliaudamas jis sutinka paslapting\u0105 alchemik\u0105, atranda gyvenimo ir s\u0117km\u0117s paslaptis, pasiekia savo svajon\u0119 ir sutinka did\u017ei\u0105j\u0105 meil\u0119.<\/p>\n<p>Pirm\u0105 kart\u0105 lietuvi\u0161kai romanas \u201eAlchemikas\u201c buvo i\u0161leistas dar 1996 metais ir jau a\u0161tuoniolika met\u0173 tira\u017eai nuolat kartojami, o \u0161ios knygos skaitytoj\u0173 ir gerb\u0117j\u0173 ratas nesiliauja pl\u0117t\u0119sis.<\/p>\n","protected":false},"excerpt":{"rendered":"<p>\u201eAlchemikas\u201c\u00a0\u2013 tai Ryt\u0173 i\u0161minties ir gyvenimo kupina istorija apie kelion\u0119 \u012f pasaulio Siel\u0105 ir tapim\u0105 savimi. Fenomenalios s\u0117km\u0117s sulaukusi prie\u0161 20 met\u0173 sukurta brazil\u0173 ra\u0161ytojo\u00a0Paulo Coelho\u00a0knyga \u201eAlchemikas\u201c vis dar laikosi perkamiausi\u0173 pasaulio knyg\u0173 s\u0105ra\u0161uose. Parduota vir\u0161 65 milijon\u0173 knygos egzempliori\u0173, pagal \u0161i\u0105 knyg\u0105 kuriamas filmas, o pats autorius Paulo Coelho \u012ftrauktas \u012f Gineso rekord\u0173 knyg\u0105 u\u017e tai, kad \u201eAlchemikas\u201c pripa\u017eintas romanu, i\u0161verstu \u012f daugiausiai pasaulio kalb\u0173. Paulo Coelho knygoje \u201eAlchemikas\u201c pasakojama apie jaun\u0105 Andal\u016bzijos piemen\u012f Santjag\u0105, kuris palieka gimtuosius namus Ispanijoje ir i\u0161keliauja \u012f Egipt\u0105, tik\u0117damasis ten surasti lob\u012f. Keliaudamas jis sutinka paslapting\u0105 alchemik\u0105, atranda gyvenimo ir s\u0117km\u0117s paslaptis, pasiekia savo svajon\u0119 ir sutinka did\u017ei\u0105j\u0105 meil\u0119. Pirm\u0105 kart\u0105 lietuvi\u0161kai romanas \u201eAlchemikas\u201c buvo i\u0161leistas dar 1996 metais ir jau a\u0161tuoniolika met\u0173 tira\u017eai nuolat kartojami, o \u0161ios knygos skaitytoj\u0173 ir gerb\u0117j\u0173 ratas nesiliauja pl\u0117t\u0119sis.<\/p>\n","protected":false},"featured_media":16989,"comment_status":"closed","ping_status":"closed","template":"","meta":{"_acf_changed":false,"site-sidebar-layout":"default","site-content-layout":"","ast-site-content-layout":"default","site-content-style":"default","site-sidebar-style":"default","ast-global-header-display":"","ast-banner-title-visibility":"","ast-main-header-display":"","ast-hfb-above-header-display":"","ast-hfb-below-header-display":"","ast-hfb-mobile-header-display":"","site-post-title":"","ast-breadcrumbs-content":"","ast-featured-img":"","footer-sml-layout":"","ast-disable-related-posts":"","theme-transparent-header-meta":"default","adv-header-id-meta":"","stick-header-meta":"","header-above-stick-meta":"","header-main-stick-meta":"","header-below-stick-meta":"","astra-migrate-meta-layouts":"set","ast-page-background-enabled":"default","ast-page-background-meta":{"desktop":{"background-color":"","background-image":"","background-repeat":"repeat","background-position":"center center","background-size":"auto","background-attachment":"scroll","background-type":"","background-media":"","overlay-type":"","overlay-color":"","overlay-opacity":"","overlay-gradient":""},"tablet":{"background-color":"","background-image":"","background-repeat":"repeat","background-position":"center center","background-size":"auto","background-attachment":"scroll","background-type":"","background-media":"","overlay-type":"","overlay-color":"","overlay-opacity":"","overlay-gradient":""},"mobile":{"background-color":"","background-image":"","background-repeat":"repeat","background-position":"center center","background-size":"auto","background-attachment":"scroll","background-type":"","background-media":"","overlay-type":"","overlay-color":"","overlay-opacity":"","overlay-gradient":""}},"ast-content-background-meta":{"desktop":{"background-color":"var(--ast-global-color-4)","background-image":"","background-repeat":"repeat","background-position":"center center","background-size":"auto","background-attachment":"scroll","background-type":"","background-media":"","overlay-type":"","overlay-color":"","overlay-opacity":"","overlay-gradient":""},"tablet":{"background-color":"var(--ast-global-color-4)","background-image":"","background-repeat":"repeat","background-position":"center center","background-size":"auto","background-attachment":"scroll","background-type":"","background-media":"","overlay-type":"","overlay-color":"","overlay-opacity":"","overlay-gradient":""},"mobile":{"background-color":"var(--ast-global-color-4)","background-image":"","background-repeat":"repeat","background-position":"center center","background-size":"auto","background-attachment":"scroll","background-type":"","background-media":"","overlay-type":"","overlay-color":"","overlay-opacity":"","overlay-gradient":""}}},"product_brand":[],"product_cat":[31],"product_tag":[1986,2586,1627,3113],"class_list":{"0":"post-16988","1":"product","2":"type-product","3":"status-publish","4":"has-post-thumbnail","6":"product_cat-grozine-literatura","7":"product_tag-dvasine-kelione","8":"product_tag-filosofinis-romanas","9":"product_tag-gyvenimo-prasme","10":"product_tag-paulo-coelho","11":"pa_leidimo-metai-1286","12":"desktop-align-left","13":"tablet-align-left","14":"mobile-align-left","16":"first","17":"outofstock","18":"shipping-taxable","19":"purchasable","20":"product-type-simple"},"acf":[],"yoast_head":"<!-- This site is optimized with the Yoast SEO plugin v27.0 - https:\/\/yoast.com\/product\/yoast-seo-wordpress\/ -->\n<title>Alchemikas<\/title>\n<meta name=\"description\" content=\"\u201eAlchemikas\u201c\u00a0\u2013 tai Ryt\u0173 i\u0161minties ir gyvenimo kupina istorija apie kelion\u0119 \u012f pasaulio Siel\u0105 ir tapim\u0105 savimi. Fenomenalios s\u0117km\u0117s sulaukusi prie\u0161 20 met\u0173\" \/>\n<meta name=\"robots\" content=\"index, follow, max-snippet:-1, max-image-preview:large, max-video-preview:-1\" \/>\n<link rel=\"canonical\" href=\"https:\/\/skaitytaknyga.lt\/en\/produktas\/p-coelho-alchemikas-2-2\/\" \/>\n<meta property=\"og:locale\" content=\"en_GB\" \/>\n<meta property=\"og:locale:alternate\" content=\"lt_LT\" \/>\n<meta property=\"og:type\" content=\"article\" \/>\n<meta property=\"og:title\" content=\"Alchemikas\" \/>\n<meta property=\"og:description\" content=\"\u201eAlchemikas\u201c\u00a0\u2013 tai Ryt\u0173 i\u0161minties ir gyvenimo kupina istorija apie kelion\u0119 \u012f pasaulio Siel\u0105 ir tapim\u0105 savimi. Fenomenalios s\u0117km\u0117s sulaukusi prie\u0161 20 met\u0173\" \/>\n<meta property=\"og:url\" content=\"https:\/\/skaitytaknyga.lt\/en\/produktas\/p-coelho-alchemikas-2-2\/\" \/>\n<meta property=\"og:site_name\" content=\"Skaitytaknyga\" \/>\n<meta property=\"article:publisher\" content=\"https:\/\/www.facebook.com\/skaitytaknyga\/\" \/>\n<meta property=\"article:modified_time\" content=\"2025-09-30T08:16:12+00:00\" \/>\n<meta property=\"og:image\" content=\"https:\/\/skaitytaknyga.lt\/wp-content\/uploads\/2025\/02\/Alchemikas.webp\" \/>\n\t<meta property=\"og:image:width\" content=\"494\" \/>\n\t<meta property=\"og:image:height\" content=\"800\" \/>\n\t<meta property=\"og:image:type\" content=\"image\/webp\" \/>\n<meta name=\"twitter:card\" content=\"summary_large_image\" \/>\n<meta name=\"twitter:label1\" content=\"Estimated reading time\" \/>\n\t<meta name=\"twitter:data1\" content=\"1 minute\" \/>\n<script type=\"application\/ld+json\" class=\"yoast-schema-graph\">{\"@context\":\"https:\/\/schema.org\",\"@graph\":[{\"@type\":\"WebPage\",\"@id\":\"https:\/\/skaitytaknyga.lt\/produktas\/p-coelho-alchemikas-2-2\/\",\"url\":\"https:\/\/skaitytaknyga.lt\/produktas\/p-coelho-alchemikas-2-2\/\",\"name\":\"Alchemikas\",\"isPartOf\":{\"@id\":\"https:\/\/skaitytaknyga.lt\/#website\"},\"primaryImageOfPage\":{\"@id\":\"https:\/\/skaitytaknyga.lt\/produktas\/p-coelho-alchemikas-2-2\/#primaryimage\"},\"image\":{\"@id\":\"https:\/\/skaitytaknyga.lt\/produktas\/p-coelho-alchemikas-2-2\/#primaryimage\"},\"thumbnailUrl\":\"https:\/\/skaitytaknyga.lt\/wp-content\/uploads\/2025\/02\/Alchemikas.webp\",\"datePublished\":\"2025-02-26T20:00:24+00:00\",\"dateModified\":\"2025-09-30T08:16:12+00:00\",\"description\":\"\u201eAlchemikas\u201c\u00a0\u2013 tai Ryt\u0173 i\u0161minties ir gyvenimo kupina istorija apie kelion\u0119 \u012f pasaulio Siel\u0105 ir tapim\u0105 savimi. Fenomenalios s\u0117km\u0117s sulaukusi prie\u0161 20 met\u0173\",\"breadcrumb\":{\"@id\":\"https:\/\/skaitytaknyga.lt\/produktas\/p-coelho-alchemikas-2-2\/#breadcrumb\"},\"inLanguage\":\"en-GB\",\"potentialAction\":[{\"@type\":\"ReadAction\",\"target\":[\"https:\/\/skaitytaknyga.lt\/produktas\/p-coelho-alchemikas-2-2\/\"]}]},{\"@type\":\"ImageObject\",\"inLanguage\":\"en-GB\",\"@id\":\"https:\/\/skaitytaknyga.lt\/produktas\/p-coelho-alchemikas-2-2\/#primaryimage\",\"url\":\"https:\/\/skaitytaknyga.lt\/wp-content\/uploads\/2025\/02\/Alchemikas.webp\",\"contentUrl\":\"https:\/\/skaitytaknyga.lt\/wp-content\/uploads\/2025\/02\/Alchemikas.webp\",\"width\":494,\"height\":800,\"caption\":\"Alchemikas\"},{\"@type\":\"BreadcrumbList\",\"@id\":\"https:\/\/skaitytaknyga.lt\/produktas\/p-coelho-alchemikas-2-2\/#breadcrumb\",\"itemListElement\":[{\"@type\":\"ListItem\",\"position\":1,\"name\":\"Home\",\"item\":\"https:\/\/skaitytaknyga.lt\/\"},{\"@type\":\"ListItem\",\"position\":2,\"name\":\"Parduotuv\u0117\",\"item\":\"https:\/\/skaitytaknyga.lt\/knygu-parduotuve\/\"},{\"@type\":\"ListItem\",\"position\":3,\"name\":\"Alchemikas\"}]},{\"@type\":\"WebSite\",\"@id\":\"https:\/\/skaitytaknyga.lt\/#website\",\"url\":\"https:\/\/skaitytaknyga.lt\/\",\"name\":\"skaitytaknyga.lt\",\"description\":\"Skaitytaknyga.lt \u2013 tai ma\u017eas \u0161eimos verslas, kuris prasid\u0117jo nuo meil\u0117s knygoms ir siekio i\u0161gelb\u0117ti knygas nuo likimo prie konteinerio. Kas vienam nereikalingas daiktas \u2013 kitam lobis, o mes esame tarpininkai, kurie padeda abiems tapti laimingesniems ???? \u017dinome kaip nelengva i\u0161gyventi ma\u017eiems verslams, tad nuo \u0161iol, \u010dia rasite ir kit\u0173, ma\u017e\u0173 \u0161eim\u0173 versl\u0173, rank\u0173 darbo, dovan\u0173 sau ir artimiesiems.\",\"publisher\":{\"@id\":\"https:\/\/skaitytaknyga.lt\/#organization\"},\"potentialAction\":[{\"@type\":\"SearchAction\",\"target\":{\"@type\":\"EntryPoint\",\"urlTemplate\":\"https:\/\/skaitytaknyga.lt\/?s={search_term_string}\"},\"query-input\":{\"@type\":\"PropertyValueSpecification\",\"valueRequired\":true,\"valueName\":\"search_term_string\"}}],\"inLanguage\":\"en-GB\"},{\"@type\":\"Organization\",\"@id\":\"https:\/\/skaitytaknyga.lt\/#organization\",\"name\":\"skaitytaknyga.lt\",\"url\":\"https:\/\/skaitytaknyga.lt\/\",\"logo\":{\"@type\":\"ImageObject\",\"inLanguage\":\"en-GB\",\"@id\":\"https:\/\/skaitytaknyga.lt\/#\/schema\/logo\/image\/\",\"url\":\"https:\/\/skaitytaknyga.lt\/wp-content\/uploads\/2024\/05\/cropped-cropped-cropped-02_00843_jt3bggkj1j3HLc7SyY6rEUpg.jpeg\",\"contentUrl\":\"https:\/\/skaitytaknyga.lt\/wp-content\/uploads\/2024\/05\/cropped-cropped-cropped-02_00843_jt3bggkj1j3HLc7SyY6rEUpg.jpeg\",\"width\":1600,\"height\":1600,\"caption\":\"skaitytaknyga.lt\"},\"image\":{\"@id\":\"https:\/\/skaitytaknyga.lt\/#\/schema\/logo\/image\/\"},\"sameAs\":[\"https:\/\/www.facebook.com\/skaitytaknyga\/\"]}]}<\/script>\n<!-- \/ Yoast SEO plugin. -->","yoast_head_json":{"title":"Alchemikas","description":"\u201eAlchemikas\u201c\u00a0\u2013 tai Ryt\u0173 i\u0161minties ir gyvenimo kupina istorija apie kelion\u0119 \u012f pasaulio Siel\u0105 ir tapim\u0105 savimi. Fenomenalios s\u0117km\u0117s sulaukusi prie\u0161 20 met\u0173","robots":{"index":"index","follow":"follow","max-snippet":"max-snippet:-1","max-image-preview":"max-image-preview:large","max-video-preview":"max-video-preview:-1"},"canonical":"https:\/\/skaitytaknyga.lt\/en\/produktas\/p-coelho-alchemikas-2-2\/","og_locale":"en_GB","og_type":"article","og_title":"[:lt]Alchemikas[:] - Skaitytaknyga","og_description":"\u201eAlchemikas\u201c\u00a0\u2013 tai Ryt\u0173 i\u0161minties ir gyvenimo kupina istorija apie kelion\u0119 \u012f pasaulio Siel\u0105 ir tapim\u0105 savimi. Fenomenalios s\u0117km\u0117s sulaukusi prie\u0161 20 met\u0173","og_url":"https:\/\/skaitytaknyga.lt\/en\/produktas\/p-coelho-alchemikas-2-2\/","og_site_name":"Skaitytaknyga","article_publisher":"https:\/\/www.facebook.com\/skaitytaknyga\/","article_modified_time":"2025-09-30T08:16:12+00:00","og_image":[{"width":494,"height":800,"url":"https:\/\/skaitytaknyga.lt\/wp-content\/uploads\/2025\/02\/Alchemikas.webp","type":"image\/webp"}],"twitter_card":"summary_large_image","twitter_misc":{"Estimated reading time":"1 minute"},"schema":{"@context":"https:\/\/schema.org","@graph":[{"@type":"WebPage","@id":"https:\/\/skaitytaknyga.lt\/produktas\/p-coelho-alchemikas-2-2\/","url":"https:\/\/skaitytaknyga.lt\/produktas\/p-coelho-alchemikas-2-2\/","name":"Alchemikas","isPartOf":{"@id":"https:\/\/skaitytaknyga.lt\/#website"},"primaryImageOfPage":{"@id":"https:\/\/skaitytaknyga.lt\/produktas\/p-coelho-alchemikas-2-2\/#primaryimage"},"image":{"@id":"https:\/\/skaitytaknyga.lt\/produktas\/p-coelho-alchemikas-2-2\/#primaryimage"},"thumbnailUrl":"https:\/\/skaitytaknyga.lt\/wp-content\/uploads\/2025\/02\/Alchemikas.webp","datePublished":"2025-02-26T20:00:24+00:00","dateModified":"2025-09-30T08:16:12+00:00","description":"\u201eAlchemikas\u201c\u00a0\u2013 tai Ryt\u0173 i\u0161minties ir gyvenimo kupina istorija apie kelion\u0119 \u012f pasaulio Siel\u0105 ir tapim\u0105 savimi. Fenomenalios s\u0117km\u0117s sulaukusi prie\u0161 20 met\u0173","breadcrumb":{"@id":"https:\/\/skaitytaknyga.lt\/produktas\/p-coelho-alchemikas-2-2\/#breadcrumb"},"inLanguage":"en-GB","potentialAction":[{"@type":"ReadAction","target":["https:\/\/skaitytaknyga.lt\/produktas\/p-coelho-alchemikas-2-2\/"]}]},{"@type":"ImageObject","inLanguage":"en-GB","@id":"https:\/\/skaitytaknyga.lt\/produktas\/p-coelho-alchemikas-2-2\/#primaryimage","url":"https:\/\/skaitytaknyga.lt\/wp-content\/uploads\/2025\/02\/Alchemikas.webp","contentUrl":"https:\/\/skaitytaknyga.lt\/wp-content\/uploads\/2025\/02\/Alchemikas.webp","width":494,"height":800,"caption":"Alchemikas"},{"@type":"BreadcrumbList","@id":"https:\/\/skaitytaknyga.lt\/produktas\/p-coelho-alchemikas-2-2\/#breadcrumb","itemListElement":[{"@type":"ListItem","position":1,"name":"Home","item":"https:\/\/skaitytaknyga.lt\/"},{"@type":"ListItem","position":2,"name":"Parduotuv\u0117","item":"https:\/\/skaitytaknyga.lt\/knygu-parduotuve\/"},{"@type":"ListItem","position":3,"name":"Alchemikas"}]},{"@type":"WebSite","@id":"https:\/\/skaitytaknyga.lt\/#website","url":"https:\/\/skaitytaknyga.lt\/","name":"skaitytaknyga.lt","description":"Skaitytaknyga.lt \u2013 tai ma\u017eas \u0161eimos verslas, kuris prasid\u0117jo nuo meil\u0117s knygoms ir siekio i\u0161gelb\u0117ti knygas nuo likimo prie konteinerio. Kas vienam nereikalingas daiktas \u2013 kitam lobis, o mes esame tarpininkai, kurie padeda abiems tapti laimingesniems ???? \u017dinome kaip nelengva i\u0161gyventi ma\u017eiems verslams, tad nuo \u0161iol, \u010dia rasite ir kit\u0173, ma\u017e\u0173 \u0161eim\u0173 versl\u0173, rank\u0173 darbo, dovan\u0173 sau ir artimiesiems.","publisher":{"@id":"https:\/\/skaitytaknyga.lt\/#organization"},"potentialAction":[{"@type":"SearchAction","target":{"@type":"EntryPoint","urlTemplate":"https:\/\/skaitytaknyga.lt\/?s={search_term_string}"},"query-input":{"@type":"PropertyValueSpecification","valueRequired":true,"valueName":"search_term_string"}}],"inLanguage":"en-GB"},{"@type":"Organization","@id":"https:\/\/skaitytaknyga.lt\/#organization","name":"skaitytaknyga.lt","url":"https:\/\/skaitytaknyga.lt\/","logo":{"@type":"ImageObject","inLanguage":"en-GB","@id":"https:\/\/skaitytaknyga.lt\/#\/schema\/logo\/image\/","url":"https:\/\/skaitytaknyga.lt\/wp-content\/uploads\/2024\/05\/cropped-cropped-cropped-02_00843_jt3bggkj1j3HLc7SyY6rEUpg.jpeg","contentUrl":"https:\/\/skaitytaknyga.lt\/wp-content\/uploads\/2024\/05\/cropped-cropped-cropped-02_00843_jt3bggkj1j3HLc7SyY6rEUpg.jpeg","width":1600,"height":1600,"caption":"skaitytaknyga.lt"},"image":{"@id":"https:\/\/skaitytaknyga.lt\/#\/schema\/logo\/image\/"},"sameAs":["https:\/\/www.facebook.com\/skaitytaknyga\/"]}]}},"_links":{"self":[{"href":"https:\/\/skaitytaknyga.lt\/en\/wp-json\/wp\/v2\/product\/16988","targetHints":{"allow":["GET"]}}],"collection":[{"href":"https:\/\/skaitytaknyga.lt\/en\/wp-json\/wp\/v2\/product"}],"about":[{"href":"https:\/\/skaitytaknyga.lt\/en\/wp-json\/wp\/v2\/types\/product"}],"replies":[{"embeddable":true,"href":"https:\/\/skaitytaknyga.lt\/en\/wp-json\/wp\/v2\/comments?post=16988"}],"wp:featuredmedia":[{"embeddable":true,"href":"https:\/\/skaitytaknyga.lt\/en\/wp-json\/wp\/v2\/media\/16989"}],"wp:attachment":[{"href":"https:\/\/skaitytaknyga.lt\/en\/wp-json\/wp\/v2\/media?parent=16988"}],"wp:term":[{"taxonomy":"product_brand","embeddable":true,"href":"https:\/\/skaitytaknyga.lt\/en\/wp-json\/wp\/v2\/product_brand?post=16988"},{"taxonomy":"product_cat","embeddable":true,"href":"https:\/\/skaitytaknyga.lt\/en\/wp-json\/wp\/v2\/product_cat?post=16988"},{"taxonomy":"product_tag","embeddable":true,"href":"https:\/\/skaitytaknyga.lt\/en\/wp-json\/wp\/v2\/product_tag?post=16988"}],"curies":[{"name":"wp","href":"https:\/\/api.w.org\/{rel}","templated":true}]}}