{"id":16982,"date":"2025-02-26T11:34:05","date_gmt":"2025-02-26T09:34:05","guid":{"rendered":"https:\/\/skaitytaknyga.lt\/?post_type=product&#038;p=16982"},"modified":"2026-03-18T12:54:18","modified_gmt":"2026-03-18T10:54:18","slug":"kaip-sunys-mus-myli","status":"publish","type":"product","link":"https:\/\/skaitytaknyga.lt\/en\/produktas\/kaip-sunys-mus-myli\/","title":{"rendered":"Kaip \u0161unys mus myli"},"content":{"rendered":"<p>\u017dmon\u0117s labai vertina su \u0161unimis u\u017esimezgant\u012f stipr\u0173 ry\u0161\u012f. \u0160is i\u0161tikimas, paklusnus ir meilus gyv\u016bnas neabejotinai yra geriausias \u017emogaus draugas. Bet ar ir \u0161unys mus myli taip, kaip mes juos? Pasitelk\u0119s magnetinio rezonanso tyrimus, Emorio universiteto neuromokslininkas\u00a0<strong>Gregoris Bernsas<\/strong>\u00a0(Gregory Berns) de\u0161imtme\u010dius tyrin\u0117jo \u017emogaus smegenis. Ir ramyb\u0117s jam vis nedav\u0117 dar vienas klausimas:<em>\u00a0o k\u0105 galvoja mano \u0161uo?<\/em><\/p>\n<p>\u0160eimynyk\u0161\u010diams i\u0161 prieglaudos pa\u0117mus Kel\u0119, drovi\u0105 ir lies\u0105 terjero mi\u0161r\u016bn\u0119, mokslininkas nusprend\u0117, kad t\u0117ra vienas b\u016bdas atsakyti \u012f \u0161\u012f klausim\u0105 \u2013 nuskaityti \u0161uns smegenis MRT aparatu. Kolegos \u0161iai min\u010diai nepritar\u0117. Visi \u017einojo, kad imantis toki\u0173 tyrim\u0173 gyv\u016bnus reikia priri\u0161ti ar apraminti vaistais. Bet jei kariuomen\u0117je tarnaujantys keturkojai i\u0161mokomi ramiai reaguoti net ir sud\u0117tingiausiomis s\u0105lygomis, tikrai galima rasti b\u016bd\u0173 i\u0161dresuoti juos gul\u0117ti tomografe.<\/p>\n<p>Tuo \u012fsitikin\u0119s, autorius su savo augintine leidosi \u012f i\u0161skirtin\u0119 kelion\u0119, kurios metu pirmasis i\u0161vydo, kaip funkcionuoja \u0161uns smegenys. Drauge su savo augintine Kele jis sunkiai dirbo, stengdamasis \u012fveikti begal\u0119 technini\u0173, teisini\u0173 ir dres\u016bros kli\u016b\u010di\u0173. Su savo komanda atlik\u0119s tyrimus,\u00a0<strong>Gregoris Bernsas<\/strong>\u00a0pateik\u0117 stulbinan\u010dias \u012f\u017evalgas, kaip \u0161unys atspindi \u017emoni\u0173 emocijas, kaip jie mus myli, kod\u0117l \u0161un\u0173 ir \u017emoni\u0173 draugyst\u0117 individ\u0173 karalyst\u0117je yra bene ypatingiausia.<\/p>\n<ul class=\"about-product d-none d-xl-block mt-4\">\n<li><strong>Originalus pavadinimas:<\/strong>\u00a0How Dogs Love Us: A Neuroscientist and His Adopted Dog Decode the Canine Brain<\/li>\n<li><strong>Autorius:<\/strong>\u00a0Gregory Berns<\/li>\n<li><strong>Leid\u0117jas:<\/strong>\u00a0Li\u016btai ne avys<\/li>\n<li><strong>Metai:<\/strong>\u00a02020<\/li>\n<li><strong>Puslapiai:<\/strong>\u00a0320<\/li>\n<li class=\"toggleable type-new-formats \"><strong>ISBN:<\/strong>\u00a09786098254266<\/li>\n<li><strong>Versijos kodas:<\/strong>\u00a06<\/li>\n<li class=\"toggleable type-new-formats \"><strong>Formatas:<\/strong>\u00a015 x 21,5 x 2,5 cm, kieti vir\u0161eliai<\/li>\n<li><strong>Kalba:<\/strong>\u00a0Lietuvi\u0173<\/li>\n<li><strong>Vert\u0117jas:<\/strong>\u00a0Indr\u0117 Kairyt\u0117<\/li>\n<\/ul>\n","protected":false},"excerpt":{"rendered":"<p>\u017dmon\u0117s labai vertina su \u0161unimis u\u017esimezgant\u012f stipr\u0173 ry\u0161\u012f. \u0160is i\u0161tikimas, paklusnus ir meilus gyv\u016bnas neabejotinai yra geriausias \u017emogaus draugas. Bet ar ir \u0161unys mus myli taip, kaip mes juos? Pasitelk\u0119s magnetinio rezonanso tyrimus, Emorio universiteto neuromokslininkas\u00a0Gregoris Bernsas\u00a0(Gregory Berns) de\u0161imtme\u010dius tyrin\u0117jo \u017emogaus smegenis. Ir ramyb\u0117s jam vis nedav\u0117 dar vienas klausimas:\u00a0o k\u0105 galvoja mano \u0161uo? \u0160eimynyk\u0161\u010diams i\u0161 prieglaudos pa\u0117mus Kel\u0119, drovi\u0105 ir lies\u0105 terjero mi\u0161r\u016bn\u0119, mokslininkas nusprend\u0117, kad t\u0117ra vienas b\u016bdas atsakyti \u012f \u0161\u012f klausim\u0105 \u2013 nuskaityti \u0161uns smegenis MRT aparatu. Kolegos \u0161iai min\u010diai nepritar\u0117. Visi \u017einojo, kad imantis toki\u0173 tyrim\u0173 gyv\u016bnus reikia priri\u0161ti ar apraminti vaistais. Bet jei kariuomen\u0117je tarnaujantys keturkojai i\u0161mokomi ramiai reaguoti net ir sud\u0117tingiausiomis s\u0105lygomis, tikrai galima rasti b\u016bd\u0173 i\u0161dresuoti juos gul\u0117ti tomografe. Tuo \u012fsitikin\u0119s, autorius su savo augintine leidosi \u012f i\u0161skirtin\u0119 kelion\u0119, kurios metu pirmasis i\u0161vydo, kaip funkcionuoja \u0161uns smegenys. Drauge su savo augintine Kele jis sunkiai dirbo, stengdamasis \u012fveikti begal\u0119 technini\u0173, teisini\u0173 ir dres\u016bros kli\u016b\u010di\u0173. Su savo komanda atlik\u0119s tyrimus,\u00a0Gregoris Bernsas\u00a0pateik\u0117 stulbinan\u010dias \u012f\u017evalgas, kaip \u0161unys atspindi \u017emoni\u0173 emocijas, kaip jie mus myli, kod\u0117l \u0161un\u0173 ir \u017emoni\u0173 draugyst\u0117 individ\u0173 karalyst\u0117je yra bene ypatingiausia. Originalus pavadinimas:\u00a0How Dogs Love Us: A Neuroscientist and His Adopted Dog Decode the Canine Brain Autorius:\u00a0Gregory Berns Leid\u0117jas:\u00a0Li\u016btai ne avys Metai:\u00a02020 Puslapiai:\u00a0320 ISBN:\u00a09786098254266 Versijos kodas:\u00a06 Formatas:\u00a015 x 21,5 x 2,5 cm, kieti vir\u0161eliai Kalba:\u00a0Lietuvi\u0173 Vert\u0117jas:\u00a0Indr\u0117 Kairyt\u0117<\/p>\n","protected":false},"featured_media":16983,"comment_status":"closed","ping_status":"closed","template":"","meta":{"_acf_changed":false,"site-sidebar-layout":"default","site-content-layout":"","ast-site-content-layout":"default","site-content-style":"default","site-sidebar-style":"default","ast-global-header-display":"","ast-banner-title-visibility":"","ast-main-header-display":"","ast-hfb-above-header-display":"","ast-hfb-below-header-display":"","ast-hfb-mobile-header-display":"","site-post-title":"","ast-breadcrumbs-content":"","ast-featured-img":"","footer-sml-layout":"","ast-disable-related-posts":"","theme-transparent-header-meta":"default","adv-header-id-meta":"","stick-header-meta":"","header-above-stick-meta":"","header-main-stick-meta":"","header-below-stick-meta":"","astra-migrate-meta-layouts":"set","ast-page-background-enabled":"default","ast-page-background-meta":{"desktop":{"background-color":"","background-image":"","background-repeat":"repeat","background-position":"center center","background-size":"auto","background-attachment":"scroll","background-type":"","background-media":"","overlay-type":"","overlay-color":"","overlay-opacity":"","overlay-gradient":""},"tablet":{"background-color":"","background-image":"","background-repeat":"repeat","background-position":"center center","background-size":"auto","background-attachment":"scroll","background-type":"","background-media":"","overlay-type":"","overlay-color":"","overlay-opacity":"","overlay-gradient":""},"mobile":{"background-color":"","background-image":"","background-repeat":"repeat","background-position":"center center","background-size":"auto","background-attachment":"scroll","background-type":"","background-media":"","overlay-type":"","overlay-color":"","overlay-opacity":"","overlay-gradient":""}},"ast-content-background-meta":{"desktop":{"background-color":"var(--ast-global-color-4)","background-image":"","background-repeat":"repeat","background-position":"center center","background-size":"auto","background-attachment":"scroll","background-type":"","background-media":"","overlay-type":"","overlay-color":"","overlay-opacity":"","overlay-gradient":""},"tablet":{"background-color":"var(--ast-global-color-4)","background-image":"","background-repeat":"repeat","background-position":"center center","background-size":"auto","background-attachment":"scroll","background-type":"","background-media":"","overlay-type":"","overlay-color":"","overlay-opacity":"","overlay-gradient":""},"mobile":{"background-color":"var(--ast-global-color-4)","background-image":"","background-repeat":"repeat","background-position":"center center","background-size":"auto","background-attachment":"scroll","background-type":"","background-media":"","overlay-type":"","overlay-color":"","overlay-opacity":"","overlay-gradient":""}}},"product_brand":[],"product_cat":[9849,269],"product_tag":[1525,1526,1523,1524,1520,1521,1522],"class_list":{"0":"post-16982","1":"product","2":"type-product","3":"status-publish","4":"has-post-thumbnail","6":"product_cat-gyvunai","7":"product_cat-gamtos-mokslai","8":"product_tag-emocijos","9":"product_tag-gregory-berns","10":"product_tag-gyvunu-pazinimas","11":"product_tag-mokslas","12":"product_tag-neuromokslas","13":"product_tag-sunu-elgsena","14":"product_tag-zmogaus-ir-gyvuno-rysys","15":"desktop-align-left","16":"tablet-align-left","17":"mobile-align-left","19":"first","20":"instock","21":"shipping-taxable","22":"purchasable","23":"product-type-simple"},"acf":[],"yoast_head":"<!-- This site is optimized with the Yoast SEO plugin v27.0 - https:\/\/yoast.com\/product\/yoast-seo-wordpress\/ -->\n<title>Kaip \u0161unys mus myli<\/title>\n<meta name=\"description\" content=\"\u017dmon\u0117s labai vertina su \u0161unimis u\u017esimezgant\u012f stipr\u0173 ry\u0161\u012f. \u0160is i\u0161tikimas, paklusnus ir meilus gyv\u016bnas neabejotinai yra geriausias \u017emogaus draugas. Bet ar\" \/>\n<meta name=\"robots\" content=\"index, follow, max-snippet:-1, max-image-preview:large, max-video-preview:-1\" \/>\n<link rel=\"canonical\" href=\"https:\/\/skaitytaknyga.lt\/en\/produktas\/kaip-sunys-mus-myli\/\" \/>\n<meta property=\"og:locale\" content=\"en_GB\" \/>\n<meta property=\"og:locale:alternate\" content=\"lt_LT\" \/>\n<meta property=\"og:type\" content=\"article\" \/>\n<meta property=\"og:title\" content=\"Kaip \u0161unys mus myli\" \/>\n<meta property=\"og:description\" content=\"\u017dmon\u0117s labai vertina su \u0161unimis u\u017esimezgant\u012f stipr\u0173 ry\u0161\u012f. \u0160is i\u0161tikimas, paklusnus ir meilus gyv\u016bnas neabejotinai yra geriausias \u017emogaus draugas. Bet ar\" \/>\n<meta property=\"og:url\" content=\"https:\/\/skaitytaknyga.lt\/en\/produktas\/kaip-sunys-mus-myli\/\" \/>\n<meta property=\"og:site_name\" content=\"Skaitytaknyga\" \/>\n<meta property=\"article:publisher\" content=\"https:\/\/www.facebook.com\/skaitytaknyga\/\" \/>\n<meta property=\"article:modified_time\" content=\"2026-03-18T10:54:18+00:00\" \/>\n<meta property=\"og:image\" content=\"https:\/\/skaitytaknyga.lt\/wp-content\/uploads\/2025\/02\/Kaip-sunys-mus-myli.webp\" \/>\n\t<meta property=\"og:image:width\" content=\"537\" \/>\n\t<meta property=\"og:image:height\" content=\"800\" \/>\n\t<meta property=\"og:image:type\" content=\"image\/webp\" \/>\n<meta name=\"twitter:card\" content=\"summary_large_image\" \/>\n<meta name=\"twitter:label1\" content=\"Estimated reading time\" \/>\n\t<meta name=\"twitter:data1\" content=\"2 minutes\" \/>\n<script type=\"application\/ld+json\" class=\"yoast-schema-graph\">{\"@context\":\"https:\/\/schema.org\",\"@graph\":[{\"@type\":\"WebPage\",\"@id\":\"https:\/\/skaitytaknyga.lt\/produktas\/kaip-sunys-mus-myli\/\",\"url\":\"https:\/\/skaitytaknyga.lt\/produktas\/kaip-sunys-mus-myli\/\",\"name\":\"Kaip \u0161unys mus myli\",\"isPartOf\":{\"@id\":\"https:\/\/skaitytaknyga.lt\/#website\"},\"primaryImageOfPage\":{\"@id\":\"https:\/\/skaitytaknyga.lt\/produktas\/kaip-sunys-mus-myli\/#primaryimage\"},\"image\":{\"@id\":\"https:\/\/skaitytaknyga.lt\/produktas\/kaip-sunys-mus-myli\/#primaryimage\"},\"thumbnailUrl\":\"https:\/\/skaitytaknyga.lt\/wp-content\/uploads\/2025\/02\/Kaip-sunys-mus-myli.webp\",\"datePublished\":\"2025-02-26T09:34:05+00:00\",\"dateModified\":\"2026-03-18T10:54:18+00:00\",\"description\":\"\u017dmon\u0117s labai vertina su \u0161unimis u\u017esimezgant\u012f stipr\u0173 ry\u0161\u012f. \u0160is i\u0161tikimas, paklusnus ir meilus gyv\u016bnas neabejotinai yra geriausias \u017emogaus draugas. Bet ar\",\"breadcrumb\":{\"@id\":\"https:\/\/skaitytaknyga.lt\/produktas\/kaip-sunys-mus-myli\/#breadcrumb\"},\"inLanguage\":\"en-GB\",\"potentialAction\":[{\"@type\":\"ReadAction\",\"target\":[\"https:\/\/skaitytaknyga.lt\/produktas\/kaip-sunys-mus-myli\/\"]}]},{\"@type\":\"ImageObject\",\"inLanguage\":\"en-GB\",\"@id\":\"https:\/\/skaitytaknyga.lt\/produktas\/kaip-sunys-mus-myli\/#primaryimage\",\"url\":\"https:\/\/skaitytaknyga.lt\/wp-content\/uploads\/2025\/02\/Kaip-sunys-mus-myli.webp\",\"contentUrl\":\"https:\/\/skaitytaknyga.lt\/wp-content\/uploads\/2025\/02\/Kaip-sunys-mus-myli.webp\",\"width\":537,\"height\":800,\"caption\":\"Kaip \u0161unys mus myli\"},{\"@type\":\"BreadcrumbList\",\"@id\":\"https:\/\/skaitytaknyga.lt\/produktas\/kaip-sunys-mus-myli\/#breadcrumb\",\"itemListElement\":[{\"@type\":\"ListItem\",\"position\":1,\"name\":\"Home\",\"item\":\"https:\/\/skaitytaknyga.lt\/\"},{\"@type\":\"ListItem\",\"position\":2,\"name\":\"Parduotuv\u0117\",\"item\":\"https:\/\/skaitytaknyga.lt\/knygu-parduotuve\/\"},{\"@type\":\"ListItem\",\"position\":3,\"name\":\"Kaip \u0161unys mus myli\"}]},{\"@type\":\"WebSite\",\"@id\":\"https:\/\/skaitytaknyga.lt\/#website\",\"url\":\"https:\/\/skaitytaknyga.lt\/\",\"name\":\"skaitytaknyga.lt\",\"description\":\"Skaitytaknyga.lt \u2013 tai ma\u017eas \u0161eimos verslas, kuris prasid\u0117jo nuo meil\u0117s knygoms ir siekio i\u0161gelb\u0117ti knygas nuo likimo prie konteinerio. Kas vienam nereikalingas daiktas \u2013 kitam lobis, o mes esame tarpininkai, kurie padeda abiems tapti laimingesniems ???? \u017dinome kaip nelengva i\u0161gyventi ma\u017eiems verslams, tad nuo \u0161iol, \u010dia rasite ir kit\u0173, ma\u017e\u0173 \u0161eim\u0173 versl\u0173, rank\u0173 darbo, dovan\u0173 sau ir artimiesiems.\",\"publisher\":{\"@id\":\"https:\/\/skaitytaknyga.lt\/#organization\"},\"potentialAction\":[{\"@type\":\"SearchAction\",\"target\":{\"@type\":\"EntryPoint\",\"urlTemplate\":\"https:\/\/skaitytaknyga.lt\/?s={search_term_string}\"},\"query-input\":{\"@type\":\"PropertyValueSpecification\",\"valueRequired\":true,\"valueName\":\"search_term_string\"}}],\"inLanguage\":\"en-GB\"},{\"@type\":\"Organization\",\"@id\":\"https:\/\/skaitytaknyga.lt\/#organization\",\"name\":\"skaitytaknyga.lt\",\"url\":\"https:\/\/skaitytaknyga.lt\/\",\"logo\":{\"@type\":\"ImageObject\",\"inLanguage\":\"en-GB\",\"@id\":\"https:\/\/skaitytaknyga.lt\/#\/schema\/logo\/image\/\",\"url\":\"https:\/\/skaitytaknyga.lt\/wp-content\/uploads\/2024\/05\/cropped-cropped-cropped-02_00843_jt3bggkj1j3HLc7SyY6rEUpg.jpeg\",\"contentUrl\":\"https:\/\/skaitytaknyga.lt\/wp-content\/uploads\/2024\/05\/cropped-cropped-cropped-02_00843_jt3bggkj1j3HLc7SyY6rEUpg.jpeg\",\"width\":1600,\"height\":1600,\"caption\":\"skaitytaknyga.lt\"},\"image\":{\"@id\":\"https:\/\/skaitytaknyga.lt\/#\/schema\/logo\/image\/\"},\"sameAs\":[\"https:\/\/www.facebook.com\/skaitytaknyga\/\"]}]}<\/script>\n<!-- \/ Yoast SEO plugin. -->","yoast_head_json":{"title":"Kaip \u0161unys mus myli","description":"\u017dmon\u0117s labai vertina su \u0161unimis u\u017esimezgant\u012f stipr\u0173 ry\u0161\u012f. \u0160is i\u0161tikimas, paklusnus ir meilus gyv\u016bnas neabejotinai yra geriausias \u017emogaus draugas. Bet ar","robots":{"index":"index","follow":"follow","max-snippet":"max-snippet:-1","max-image-preview":"max-image-preview:large","max-video-preview":"max-video-preview:-1"},"canonical":"https:\/\/skaitytaknyga.lt\/en\/produktas\/kaip-sunys-mus-myli\/","og_locale":"en_GB","og_type":"article","og_title":"[:lt]Kaip \u0161unys mus myli[:] - Skaitytaknyga","og_description":"\u017dmon\u0117s labai vertina su \u0161unimis u\u017esimezgant\u012f stipr\u0173 ry\u0161\u012f. \u0160is i\u0161tikimas, paklusnus ir meilus gyv\u016bnas neabejotinai yra geriausias \u017emogaus draugas. Bet ar","og_url":"https:\/\/skaitytaknyga.lt\/en\/produktas\/kaip-sunys-mus-myli\/","og_site_name":"Skaitytaknyga","article_publisher":"https:\/\/www.facebook.com\/skaitytaknyga\/","article_modified_time":"2026-03-18T10:54:18+00:00","og_image":[{"width":537,"height":800,"url":"https:\/\/skaitytaknyga.lt\/wp-content\/uploads\/2025\/02\/Kaip-sunys-mus-myli.webp","type":"image\/webp"}],"twitter_card":"summary_large_image","twitter_misc":{"Estimated reading time":"2 minutes"},"schema":{"@context":"https:\/\/schema.org","@graph":[{"@type":"WebPage","@id":"https:\/\/skaitytaknyga.lt\/produktas\/kaip-sunys-mus-myli\/","url":"https:\/\/skaitytaknyga.lt\/produktas\/kaip-sunys-mus-myli\/","name":"Kaip \u0161unys mus myli","isPartOf":{"@id":"https:\/\/skaitytaknyga.lt\/#website"},"primaryImageOfPage":{"@id":"https:\/\/skaitytaknyga.lt\/produktas\/kaip-sunys-mus-myli\/#primaryimage"},"image":{"@id":"https:\/\/skaitytaknyga.lt\/produktas\/kaip-sunys-mus-myli\/#primaryimage"},"thumbnailUrl":"https:\/\/skaitytaknyga.lt\/wp-content\/uploads\/2025\/02\/Kaip-sunys-mus-myli.webp","datePublished":"2025-02-26T09:34:05+00:00","dateModified":"2026-03-18T10:54:18+00:00","description":"\u017dmon\u0117s labai vertina su \u0161unimis u\u017esimezgant\u012f stipr\u0173 ry\u0161\u012f. \u0160is i\u0161tikimas, paklusnus ir meilus gyv\u016bnas neabejotinai yra geriausias \u017emogaus draugas. Bet ar","breadcrumb":{"@id":"https:\/\/skaitytaknyga.lt\/produktas\/kaip-sunys-mus-myli\/#breadcrumb"},"inLanguage":"en-GB","potentialAction":[{"@type":"ReadAction","target":["https:\/\/skaitytaknyga.lt\/produktas\/kaip-sunys-mus-myli\/"]}]},{"@type":"ImageObject","inLanguage":"en-GB","@id":"https:\/\/skaitytaknyga.lt\/produktas\/kaip-sunys-mus-myli\/#primaryimage","url":"https:\/\/skaitytaknyga.lt\/wp-content\/uploads\/2025\/02\/Kaip-sunys-mus-myli.webp","contentUrl":"https:\/\/skaitytaknyga.lt\/wp-content\/uploads\/2025\/02\/Kaip-sunys-mus-myli.webp","width":537,"height":800,"caption":"Kaip \u0161unys mus myli"},{"@type":"BreadcrumbList","@id":"https:\/\/skaitytaknyga.lt\/produktas\/kaip-sunys-mus-myli\/#breadcrumb","itemListElement":[{"@type":"ListItem","position":1,"name":"Home","item":"https:\/\/skaitytaknyga.lt\/"},{"@type":"ListItem","position":2,"name":"Parduotuv\u0117","item":"https:\/\/skaitytaknyga.lt\/knygu-parduotuve\/"},{"@type":"ListItem","position":3,"name":"Kaip \u0161unys mus myli"}]},{"@type":"WebSite","@id":"https:\/\/skaitytaknyga.lt\/#website","url":"https:\/\/skaitytaknyga.lt\/","name":"skaitytaknyga.lt","description":"Skaitytaknyga.lt \u2013 tai ma\u017eas \u0161eimos verslas, kuris prasid\u0117jo nuo meil\u0117s knygoms ir siekio i\u0161gelb\u0117ti knygas nuo likimo prie konteinerio. Kas vienam nereikalingas daiktas \u2013 kitam lobis, o mes esame tarpininkai, kurie padeda abiems tapti laimingesniems ???? \u017dinome kaip nelengva i\u0161gyventi ma\u017eiems verslams, tad nuo \u0161iol, \u010dia rasite ir kit\u0173, ma\u017e\u0173 \u0161eim\u0173 versl\u0173, rank\u0173 darbo, dovan\u0173 sau ir artimiesiems.","publisher":{"@id":"https:\/\/skaitytaknyga.lt\/#organization"},"potentialAction":[{"@type":"SearchAction","target":{"@type":"EntryPoint","urlTemplate":"https:\/\/skaitytaknyga.lt\/?s={search_term_string}"},"query-input":{"@type":"PropertyValueSpecification","valueRequired":true,"valueName":"search_term_string"}}],"inLanguage":"en-GB"},{"@type":"Organization","@id":"https:\/\/skaitytaknyga.lt\/#organization","name":"skaitytaknyga.lt","url":"https:\/\/skaitytaknyga.lt\/","logo":{"@type":"ImageObject","inLanguage":"en-GB","@id":"https:\/\/skaitytaknyga.lt\/#\/schema\/logo\/image\/","url":"https:\/\/skaitytaknyga.lt\/wp-content\/uploads\/2024\/05\/cropped-cropped-cropped-02_00843_jt3bggkj1j3HLc7SyY6rEUpg.jpeg","contentUrl":"https:\/\/skaitytaknyga.lt\/wp-content\/uploads\/2024\/05\/cropped-cropped-cropped-02_00843_jt3bggkj1j3HLc7SyY6rEUpg.jpeg","width":1600,"height":1600,"caption":"skaitytaknyga.lt"},"image":{"@id":"https:\/\/skaitytaknyga.lt\/#\/schema\/logo\/image\/"},"sameAs":["https:\/\/www.facebook.com\/skaitytaknyga\/"]}]}},"_links":{"self":[{"href":"https:\/\/skaitytaknyga.lt\/en\/wp-json\/wp\/v2\/product\/16982","targetHints":{"allow":["GET"]}}],"collection":[{"href":"https:\/\/skaitytaknyga.lt\/en\/wp-json\/wp\/v2\/product"}],"about":[{"href":"https:\/\/skaitytaknyga.lt\/en\/wp-json\/wp\/v2\/types\/product"}],"replies":[{"embeddable":true,"href":"https:\/\/skaitytaknyga.lt\/en\/wp-json\/wp\/v2\/comments?post=16982"}],"wp:featuredmedia":[{"embeddable":true,"href":"https:\/\/skaitytaknyga.lt\/en\/wp-json\/wp\/v2\/media\/16983"}],"wp:attachment":[{"href":"https:\/\/skaitytaknyga.lt\/en\/wp-json\/wp\/v2\/media?parent=16982"}],"wp:term":[{"taxonomy":"product_brand","embeddable":true,"href":"https:\/\/skaitytaknyga.lt\/en\/wp-json\/wp\/v2\/product_brand?post=16982"},{"taxonomy":"product_cat","embeddable":true,"href":"https:\/\/skaitytaknyga.lt\/en\/wp-json\/wp\/v2\/product_cat?post=16982"},{"taxonomy":"product_tag","embeddable":true,"href":"https:\/\/skaitytaknyga.lt\/en\/wp-json\/wp\/v2\/product_tag?post=16982"}],"curies":[{"name":"wp","href":"https:\/\/api.w.org\/{rel}","templated":true}]}}