{"id":16977,"date":"2025-02-26T11:27:20","date_gmt":"2025-02-26T09:27:20","guid":{"rendered":"https:\/\/skaitytaknyga.lt\/?post_type=product&#038;p=16977"},"modified":"2025-02-26T11:28:04","modified_gmt":"2025-02-26T09:28:04","slug":"seima-pasaulio-saliu-kulturose","status":"publish","type":"product","link":"https:\/\/skaitytaknyga.lt\/en\/produktas\/seima-pasaulio-saliu-kulturose\/","title":{"rendered":"\u0160eima pasaulio \u0161ali\u0173 kult\u016brose"},"content":{"rendered":"<p>\u0160ios knygos tikslas \u2013 pateikti m\u016bs\u0173 kra\u0161to \u017emon\u0117ms apie kit\u0173 pasaulio kult\u016br\u0173 \u0161eimas, j\u0173 patyrim\u0105, kad skaitytojas gal\u0117t\u0173 pam\u0105styti, pasvarstyti, o galb\u016bt kai k\u0105 pritaikyti savo ar savo \u0161eimos gyvenime.<\/p>\n<p>Knygoje apra\u0161yta amerikie\u010di\u0173, austral\u0173, brit\u0173, ispan\u0173, ital\u0173, japon\u0173, kin\u0173, latvi\u0173, lietuvi\u0173, lenk\u0173, musulmon\u0173, oland\u0173, pranc\u016bz\u0173, rus\u0173, \u0161ved\u0173, vokie\u010di\u0173, \u017eyd\u0173 \u0161eimos ypatumai ir tradicijos, vaik\u0173 ugdymo patirtis.<\/p>\n<ul class=\"about-product d-none d-xl-block mt-4\">\n<li><strong>Autorius:<\/strong>\u00a0K\u0119stutis Mi\u0161kinis<\/li>\n<li><strong>Leid\u0117jas:<\/strong>\u00a0Karminas<\/li>\n<li><strong>Metai:<\/strong>\u00a02006<\/li>\n<li><strong>Puslapiai:<\/strong>\u00a0286<\/li>\n<li class=\"toggleable type-new-formats \"><strong>ISBN:<\/strong>\u00a09955622229<\/li>\n<li class=\"toggleable type-new-formats \"><strong>Formatas:<\/strong>\u00a016 x 23 cm, mink\u0161ti vir\u0161eliai<\/li>\n<li><strong>Kalba:<\/strong>\u00a0Lietuvi\u0173<\/li>\n<\/ul>\n","protected":false},"excerpt":{"rendered":"<p>\u0160ios knygos tikslas \u2013 pateikti m\u016bs\u0173 kra\u0161to \u017emon\u0117ms apie kit\u0173 pasaulio kult\u016br\u0173 \u0161eimas, j\u0173 patyrim\u0105, kad skaitytojas gal\u0117t\u0173 pam\u0105styti, pasvarstyti, o galb\u016bt kai k\u0105 pritaikyti savo ar savo \u0161eimos gyvenime. Knygoje apra\u0161yta amerikie\u010di\u0173, austral\u0173, brit\u0173, ispan\u0173, ital\u0173, japon\u0173, kin\u0173, latvi\u0173, lietuvi\u0173, lenk\u0173, musulmon\u0173, oland\u0173, pranc\u016bz\u0173, rus\u0173, \u0161ved\u0173, vokie\u010di\u0173, \u017eyd\u0173 \u0161eimos ypatumai ir tradicijos, vaik\u0173 ugdymo patirtis. Autorius:\u00a0K\u0119stutis Mi\u0161kinis Leid\u0117jas:\u00a0Karminas Metai:\u00a02006 Puslapiai:\u00a0286 ISBN:\u00a09955622229 Formatas:\u00a016 x 23 cm, mink\u0161ti vir\u0161eliai Kalba:\u00a0Lietuvi\u0173<\/p>\n","protected":false},"featured_media":16978,"comment_status":"closed","ping_status":"closed","template":"","meta":{"_acf_changed":false,"site-sidebar-layout":"default","site-content-layout":"","ast-site-content-layout":"default","site-content-style":"default","site-sidebar-style":"default","ast-global-header-display":"","ast-banner-title-visibility":"","ast-main-header-display":"","ast-hfb-above-header-display":"","ast-hfb-below-header-display":"","ast-hfb-mobile-header-display":"","site-post-title":"","ast-breadcrumbs-content":"","ast-featured-img":"","footer-sml-layout":"","ast-disable-related-posts":"","theme-transparent-header-meta":"default","adv-header-id-meta":"","stick-header-meta":"","header-above-stick-meta":"","header-main-stick-meta":"","header-below-stick-meta":"","astra-migrate-meta-layouts":"set","ast-page-background-enabled":"default","ast-page-background-meta":{"desktop":{"background-color":"","background-image":"","background-repeat":"repeat","background-position":"center center","background-size":"auto","background-attachment":"scroll","background-type":"","background-media":"","overlay-type":"","overlay-color":"","overlay-opacity":"","overlay-gradient":""},"tablet":{"background-color":"","background-image":"","background-repeat":"repeat","background-position":"center center","background-size":"auto","background-attachment":"scroll","background-type":"","background-media":"","overlay-type":"","overlay-color":"","overlay-opacity":"","overlay-gradient":""},"mobile":{"background-color":"","background-image":"","background-repeat":"repeat","background-position":"center center","background-size":"auto","background-attachment":"scroll","background-type":"","background-media":"","overlay-type":"","overlay-color":"","overlay-opacity":"","overlay-gradient":""}},"ast-content-background-meta":{"desktop":{"background-color":"var(--ast-global-color-4)","background-image":"","background-repeat":"repeat","background-position":"center center","background-size":"auto","background-attachment":"scroll","background-type":"","background-media":"","overlay-type":"","overlay-color":"","overlay-opacity":"","overlay-gradient":""},"tablet":{"background-color":"var(--ast-global-color-4)","background-image":"","background-repeat":"repeat","background-position":"center center","background-size":"auto","background-attachment":"scroll","background-type":"","background-media":"","overlay-type":"","overlay-color":"","overlay-opacity":"","overlay-gradient":""},"mobile":{"background-color":"var(--ast-global-color-4)","background-image":"","background-repeat":"repeat","background-position":"center center","background-size":"auto","background-attachment":"scroll","background-type":"","background-media":"","overlay-type":"","overlay-color":"","overlay-opacity":"","overlay-gradient":""}}},"product_brand":[],"product_cat":[174],"product_tag":[],"class_list":{"0":"post-16977","1":"product","2":"type-product","3":"status-publish","4":"has-post-thumbnail","6":"product_cat-istorija-ir-politologija","7":"desktop-align-left","8":"tablet-align-left","9":"mobile-align-left","11":"first","12":"instock","13":"shipping-taxable","14":"purchasable","15":"product-type-simple"},"acf":[],"yoast_head":"<!-- This site is optimized with the Yoast SEO plugin v27.4 - https:\/\/yoast.com\/product\/yoast-seo-wordpress\/ -->\n<title>\u0160eima pasaulio \u0161ali\u0173 kult\u016brose<\/title>\n<meta name=\"description\" content=\"\u0160ios knygos tikslas \u2013 pateikti m\u016bs\u0173 kra\u0161to \u017emon\u0117ms apie kit\u0173 pasaulio kult\u016br\u0173 \u0161eimas, j\u0173 patyrim\u0105, kad skaitytojas gal\u0117t\u0173 pam\u0105styti, pasvarstyti, o galb\u016bt\" \/>\n<meta name=\"robots\" content=\"index, follow, max-snippet:-1, max-image-preview:large, max-video-preview:-1\" \/>\n<link rel=\"canonical\" href=\"https:\/\/skaitytaknyga.lt\/en\/produktas\/seima-pasaulio-saliu-kulturose\/\" \/>\n<meta property=\"og:locale\" content=\"en_GB\" \/>\n<meta property=\"og:locale:alternate\" content=\"lt_LT\" \/>\n<meta property=\"og:type\" content=\"article\" \/>\n<meta property=\"og:title\" content=\"\u0160eima pasaulio \u0161ali\u0173 kult\u016brose\" \/>\n<meta property=\"og:description\" content=\"\u0160ios knygos tikslas \u2013 pateikti m\u016bs\u0173 kra\u0161to \u017emon\u0117ms apie kit\u0173 pasaulio kult\u016br\u0173 \u0161eimas, j\u0173 patyrim\u0105, kad skaitytojas gal\u0117t\u0173 pam\u0105styti, pasvarstyti, o galb\u016bt\" \/>\n<meta property=\"og:url\" content=\"https:\/\/skaitytaknyga.lt\/en\/produktas\/seima-pasaulio-saliu-kulturose\/\" \/>\n<meta property=\"og:site_name\" content=\"Skaitytaknyga\" \/>\n<meta property=\"article:publisher\" content=\"https:\/\/www.facebook.com\/skaitytaknyga\/\" \/>\n<meta property=\"article:modified_time\" content=\"2025-02-26T09:28:04+00:00\" \/>\n<meta property=\"og:image\" content=\"https:\/\/skaitytaknyga.lt\/wp-content\/uploads\/2025\/02\/Seima-pasaulio-saliu-kulturose.webp\" \/>\n\t<meta property=\"og:image:width\" content=\"549\" \/>\n\t<meta property=\"og:image:height\" content=\"799\" \/>\n\t<meta property=\"og:image:type\" content=\"image\/webp\" \/>\n<meta name=\"twitter:card\" content=\"summary_large_image\" \/>\n<meta name=\"twitter:label1\" content=\"Estimated reading time\" \/>\n\t<meta name=\"twitter:data1\" content=\"1 minute\" \/>\n<script type=\"application\/ld+json\" class=\"yoast-schema-graph\">{\"@context\":\"https:\\\/\\\/schema.org\",\"@graph\":[{\"@type\":\"WebPage\",\"@id\":\"https:\\\/\\\/skaitytaknyga.lt\\\/produktas\\\/seima-pasaulio-saliu-kulturose\\\/\",\"url\":\"https:\\\/\\\/skaitytaknyga.lt\\\/produktas\\\/seima-pasaulio-saliu-kulturose\\\/\",\"name\":\"\u0160eima pasaulio \u0161ali\u0173 kult\u016brose\",\"isPartOf\":{\"@id\":\"https:\\\/\\\/skaitytaknyga.lt\\\/#website\"},\"primaryImageOfPage\":{\"@id\":\"https:\\\/\\\/skaitytaknyga.lt\\\/produktas\\\/seima-pasaulio-saliu-kulturose\\\/#primaryimage\"},\"image\":{\"@id\":\"https:\\\/\\\/skaitytaknyga.lt\\\/produktas\\\/seima-pasaulio-saliu-kulturose\\\/#primaryimage\"},\"thumbnailUrl\":\"https:\\\/\\\/skaitytaknyga.lt\\\/wp-content\\\/uploads\\\/2025\\\/02\\\/Seima-pasaulio-saliu-kulturose.webp\",\"datePublished\":\"2025-02-26T09:27:20+00:00\",\"dateModified\":\"2025-02-26T09:28:04+00:00\",\"description\":\"\u0160ios knygos tikslas \u2013 pateikti m\u016bs\u0173 kra\u0161to \u017emon\u0117ms apie kit\u0173 pasaulio kult\u016br\u0173 \u0161eimas, j\u0173 patyrim\u0105, kad skaitytojas gal\u0117t\u0173 pam\u0105styti, pasvarstyti, o galb\u016bt\",\"breadcrumb\":{\"@id\":\"https:\\\/\\\/skaitytaknyga.lt\\\/produktas\\\/seima-pasaulio-saliu-kulturose\\\/#breadcrumb\"},\"inLanguage\":\"en-GB\",\"potentialAction\":[{\"@type\":\"ReadAction\",\"target\":[\"https:\\\/\\\/skaitytaknyga.lt\\\/produktas\\\/seima-pasaulio-saliu-kulturose\\\/\"]}]},{\"@type\":\"ImageObject\",\"inLanguage\":\"en-GB\",\"@id\":\"https:\\\/\\\/skaitytaknyga.lt\\\/produktas\\\/seima-pasaulio-saliu-kulturose\\\/#primaryimage\",\"url\":\"https:\\\/\\\/skaitytaknyga.lt\\\/wp-content\\\/uploads\\\/2025\\\/02\\\/Seima-pasaulio-saliu-kulturose.webp\",\"contentUrl\":\"https:\\\/\\\/skaitytaknyga.lt\\\/wp-content\\\/uploads\\\/2025\\\/02\\\/Seima-pasaulio-saliu-kulturose.webp\",\"width\":549,\"height\":799,\"caption\":\"\u0160eima pasaulio \u0161ali\u0173 kult\u016brose\"},{\"@type\":\"BreadcrumbList\",\"@id\":\"https:\\\/\\\/skaitytaknyga.lt\\\/produktas\\\/seima-pasaulio-saliu-kulturose\\\/#breadcrumb\",\"itemListElement\":[{\"@type\":\"ListItem\",\"position\":1,\"name\":\"Home\",\"item\":\"https:\\\/\\\/skaitytaknyga.lt\\\/\"},{\"@type\":\"ListItem\",\"position\":2,\"name\":\"Parduotuv\u0117\",\"item\":\"https:\\\/\\\/skaitytaknyga.lt\\\/knygu-parduotuve\\\/\"},{\"@type\":\"ListItem\",\"position\":3,\"name\":\"\u0160eima pasaulio \u0161ali\u0173 kult\u016brose\"}]},{\"@type\":\"WebSite\",\"@id\":\"https:\\\/\\\/skaitytaknyga.lt\\\/#website\",\"url\":\"https:\\\/\\\/skaitytaknyga.lt\\\/\",\"name\":\"skaitytaknyga.lt\",\"description\":\"Skaitytaknyga.lt \u2013 tai ma\u017eas \u0161eimos verslas, kuris prasid\u0117jo nuo meil\u0117s knygoms ir siekio i\u0161gelb\u0117ti knygas nuo likimo prie konteinerio. Kas vienam nereikalingas daiktas \u2013 kitam lobis, o mes esame tarpininkai, kurie padeda abiems tapti laimingesniems ???? \u017dinome kaip nelengva i\u0161gyventi ma\u017eiems verslams, tad nuo \u0161iol, \u010dia rasite ir kit\u0173, ma\u017e\u0173 \u0161eim\u0173 versl\u0173, rank\u0173 darbo, dovan\u0173 sau ir artimiesiems.\",\"publisher\":{\"@id\":\"https:\\\/\\\/skaitytaknyga.lt\\\/#organization\"},\"potentialAction\":[{\"@type\":\"SearchAction\",\"target\":{\"@type\":\"EntryPoint\",\"urlTemplate\":\"https:\\\/\\\/skaitytaknyga.lt\\\/?s={search_term_string}\"},\"query-input\":{\"@type\":\"PropertyValueSpecification\",\"valueRequired\":true,\"valueName\":\"search_term_string\"}}],\"inLanguage\":\"en-GB\"},{\"@type\":\"Organization\",\"@id\":\"https:\\\/\\\/skaitytaknyga.lt\\\/#organization\",\"name\":\"skaitytaknyga.lt\",\"url\":\"https:\\\/\\\/skaitytaknyga.lt\\\/\",\"logo\":{\"@type\":\"ImageObject\",\"inLanguage\":\"en-GB\",\"@id\":\"https:\\\/\\\/skaitytaknyga.lt\\\/#\\\/schema\\\/logo\\\/image\\\/\",\"url\":\"https:\\\/\\\/skaitytaknyga.lt\\\/wp-content\\\/uploads\\\/2024\\\/05\\\/cropped-cropped-cropped-02_00843_jt3bggkj1j3HLc7SyY6rEUpg.jpeg\",\"contentUrl\":\"https:\\\/\\\/skaitytaknyga.lt\\\/wp-content\\\/uploads\\\/2024\\\/05\\\/cropped-cropped-cropped-02_00843_jt3bggkj1j3HLc7SyY6rEUpg.jpeg\",\"width\":1600,\"height\":1600,\"caption\":\"skaitytaknyga.lt\"},\"image\":{\"@id\":\"https:\\\/\\\/skaitytaknyga.lt\\\/#\\\/schema\\\/logo\\\/image\\\/\"},\"sameAs\":[\"https:\\\/\\\/www.facebook.com\\\/skaitytaknyga\\\/\"]}]}<\/script>\n<!-- \/ Yoast SEO plugin. -->","yoast_head_json":{"title":"\u0160eima pasaulio \u0161ali\u0173 kult\u016brose","description":"\u0160ios knygos tikslas \u2013 pateikti m\u016bs\u0173 kra\u0161to \u017emon\u0117ms apie kit\u0173 pasaulio kult\u016br\u0173 \u0161eimas, j\u0173 patyrim\u0105, kad skaitytojas gal\u0117t\u0173 pam\u0105styti, pasvarstyti, o galb\u016bt","robots":{"index":"index","follow":"follow","max-snippet":"max-snippet:-1","max-image-preview":"max-image-preview:large","max-video-preview":"max-video-preview:-1"},"canonical":"https:\/\/skaitytaknyga.lt\/en\/produktas\/seima-pasaulio-saliu-kulturose\/","og_locale":"en_GB","og_type":"article","og_title":"[:lt]\u0160eima pasaulio \u0161ali\u0173 kult\u016brose[:] - Skaitytaknyga","og_description":"\u0160ios knygos tikslas \u2013 pateikti m\u016bs\u0173 kra\u0161to \u017emon\u0117ms apie kit\u0173 pasaulio kult\u016br\u0173 \u0161eimas, j\u0173 patyrim\u0105, kad skaitytojas gal\u0117t\u0173 pam\u0105styti, pasvarstyti, o galb\u016bt","og_url":"https:\/\/skaitytaknyga.lt\/en\/produktas\/seima-pasaulio-saliu-kulturose\/","og_site_name":"Skaitytaknyga","article_publisher":"https:\/\/www.facebook.com\/skaitytaknyga\/","article_modified_time":"2025-02-26T09:28:04+00:00","og_image":[{"width":549,"height":799,"url":"https:\/\/skaitytaknyga.lt\/wp-content\/uploads\/2025\/02\/Seima-pasaulio-saliu-kulturose.webp","type":"image\/webp"}],"twitter_card":"summary_large_image","twitter_misc":{"Estimated reading time":"1 minute"},"schema":{"@context":"https:\/\/schema.org","@graph":[{"@type":"WebPage","@id":"https:\/\/skaitytaknyga.lt\/produktas\/seima-pasaulio-saliu-kulturose\/","url":"https:\/\/skaitytaknyga.lt\/produktas\/seima-pasaulio-saliu-kulturose\/","name":"\u0160eima pasaulio \u0161ali\u0173 kult\u016brose","isPartOf":{"@id":"https:\/\/skaitytaknyga.lt\/#website"},"primaryImageOfPage":{"@id":"https:\/\/skaitytaknyga.lt\/produktas\/seima-pasaulio-saliu-kulturose\/#primaryimage"},"image":{"@id":"https:\/\/skaitytaknyga.lt\/produktas\/seima-pasaulio-saliu-kulturose\/#primaryimage"},"thumbnailUrl":"https:\/\/skaitytaknyga.lt\/wp-content\/uploads\/2025\/02\/Seima-pasaulio-saliu-kulturose.webp","datePublished":"2025-02-26T09:27:20+00:00","dateModified":"2025-02-26T09:28:04+00:00","description":"\u0160ios knygos tikslas \u2013 pateikti m\u016bs\u0173 kra\u0161to \u017emon\u0117ms apie kit\u0173 pasaulio kult\u016br\u0173 \u0161eimas, j\u0173 patyrim\u0105, kad skaitytojas gal\u0117t\u0173 pam\u0105styti, pasvarstyti, o galb\u016bt","breadcrumb":{"@id":"https:\/\/skaitytaknyga.lt\/produktas\/seima-pasaulio-saliu-kulturose\/#breadcrumb"},"inLanguage":"en-GB","potentialAction":[{"@type":"ReadAction","target":["https:\/\/skaitytaknyga.lt\/produktas\/seima-pasaulio-saliu-kulturose\/"]}]},{"@type":"ImageObject","inLanguage":"en-GB","@id":"https:\/\/skaitytaknyga.lt\/produktas\/seima-pasaulio-saliu-kulturose\/#primaryimage","url":"https:\/\/skaitytaknyga.lt\/wp-content\/uploads\/2025\/02\/Seima-pasaulio-saliu-kulturose.webp","contentUrl":"https:\/\/skaitytaknyga.lt\/wp-content\/uploads\/2025\/02\/Seima-pasaulio-saliu-kulturose.webp","width":549,"height":799,"caption":"\u0160eima pasaulio \u0161ali\u0173 kult\u016brose"},{"@type":"BreadcrumbList","@id":"https:\/\/skaitytaknyga.lt\/produktas\/seima-pasaulio-saliu-kulturose\/#breadcrumb","itemListElement":[{"@type":"ListItem","position":1,"name":"Home","item":"https:\/\/skaitytaknyga.lt\/"},{"@type":"ListItem","position":2,"name":"Parduotuv\u0117","item":"https:\/\/skaitytaknyga.lt\/knygu-parduotuve\/"},{"@type":"ListItem","position":3,"name":"\u0160eima pasaulio \u0161ali\u0173 kult\u016brose"}]},{"@type":"WebSite","@id":"https:\/\/skaitytaknyga.lt\/#website","url":"https:\/\/skaitytaknyga.lt\/","name":"skaitytaknyga.lt","description":"Skaitytaknyga.lt \u2013 tai ma\u017eas \u0161eimos verslas, kuris prasid\u0117jo nuo meil\u0117s knygoms ir siekio i\u0161gelb\u0117ti knygas nuo likimo prie konteinerio. Kas vienam nereikalingas daiktas \u2013 kitam lobis, o mes esame tarpininkai, kurie padeda abiems tapti laimingesniems ???? \u017dinome kaip nelengva i\u0161gyventi ma\u017eiems verslams, tad nuo \u0161iol, \u010dia rasite ir kit\u0173, ma\u017e\u0173 \u0161eim\u0173 versl\u0173, rank\u0173 darbo, dovan\u0173 sau ir artimiesiems.","publisher":{"@id":"https:\/\/skaitytaknyga.lt\/#organization"},"potentialAction":[{"@type":"SearchAction","target":{"@type":"EntryPoint","urlTemplate":"https:\/\/skaitytaknyga.lt\/?s={search_term_string}"},"query-input":{"@type":"PropertyValueSpecification","valueRequired":true,"valueName":"search_term_string"}}],"inLanguage":"en-GB"},{"@type":"Organization","@id":"https:\/\/skaitytaknyga.lt\/#organization","name":"skaitytaknyga.lt","url":"https:\/\/skaitytaknyga.lt\/","logo":{"@type":"ImageObject","inLanguage":"en-GB","@id":"https:\/\/skaitytaknyga.lt\/#\/schema\/logo\/image\/","url":"https:\/\/skaitytaknyga.lt\/wp-content\/uploads\/2024\/05\/cropped-cropped-cropped-02_00843_jt3bggkj1j3HLc7SyY6rEUpg.jpeg","contentUrl":"https:\/\/skaitytaknyga.lt\/wp-content\/uploads\/2024\/05\/cropped-cropped-cropped-02_00843_jt3bggkj1j3HLc7SyY6rEUpg.jpeg","width":1600,"height":1600,"caption":"skaitytaknyga.lt"},"image":{"@id":"https:\/\/skaitytaknyga.lt\/#\/schema\/logo\/image\/"},"sameAs":["https:\/\/www.facebook.com\/skaitytaknyga\/"]}]}},"_links":{"self":[{"href":"https:\/\/skaitytaknyga.lt\/en\/wp-json\/wp\/v2\/product\/16977","targetHints":{"allow":["GET"]}}],"collection":[{"href":"https:\/\/skaitytaknyga.lt\/en\/wp-json\/wp\/v2\/product"}],"about":[{"href":"https:\/\/skaitytaknyga.lt\/en\/wp-json\/wp\/v2\/types\/product"}],"replies":[{"embeddable":true,"href":"https:\/\/skaitytaknyga.lt\/en\/wp-json\/wp\/v2\/comments?post=16977"}],"wp:featuredmedia":[{"embeddable":true,"href":"https:\/\/skaitytaknyga.lt\/en\/wp-json\/wp\/v2\/media\/16978"}],"wp:attachment":[{"href":"https:\/\/skaitytaknyga.lt\/en\/wp-json\/wp\/v2\/media?parent=16977"}],"wp:term":[{"taxonomy":"product_brand","embeddable":true,"href":"https:\/\/skaitytaknyga.lt\/en\/wp-json\/wp\/v2\/product_brand?post=16977"},{"taxonomy":"product_cat","embeddable":true,"href":"https:\/\/skaitytaknyga.lt\/en\/wp-json\/wp\/v2\/product_cat?post=16977"},{"taxonomy":"product_tag","embeddable":true,"href":"https:\/\/skaitytaknyga.lt\/en\/wp-json\/wp\/v2\/product_tag?post=16977"}],"curies":[{"name":"wp","href":"https:\/\/api.w.org\/{rel}","templated":true}]}}