{"id":16973,"date":"2025-02-26T11:17:33","date_gmt":"2025-02-26T09:17:33","guid":{"rendered":"https:\/\/skaitytaknyga.lt\/?post_type=product&#038;p=16973"},"modified":"2026-03-05T13:20:36","modified_gmt":"2026-03-05T11:20:36","slug":"z-vernas-dvidesimt-tukstanciu-myliu-po-vandeniu","status":"publish","type":"product","link":"https:\/\/skaitytaknyga.lt\/en\/produktas\/z-vernas-dvidesimt-tukstanciu-myliu-po-vandeniu\/","title":{"rendered":"Dvide\u0161imt t\u016bkstan\u010di\u0173 myli\u0173 po vandeniu"},"content":{"rendered":"<p>Profesorius Aronaksas leid\u017eiasi ie\u0161koti did\u017eiul\u0117s j\u016br\u0173 pabaisos, kuri, pasirodo, besanti plienu kaustytas povandeninis laivas. Paslaptingojo kapitono Nemo paimtas \u012f nelaisv\u0119, Aronaksas susipa\u017e\u012fsta su Nemo i\u0161rasto nepaprasto povandeninio laivo NAUTILIUS atliekamais tyrin\u0117jamais. Bet Aronaksui kyla \u012ftarimas, kad kapitonas Nemo beveik kraustosi i\u0161 proto ir priverstas sprukti. Tai nepaprasta kelion\u0117 \u012f jauduli\u0173 ir pavoj\u0173 kupin\u0105 pasaul\u012f. Malvinos Fogel adaptuota versija.<\/p>\n<p>Zenitas<\/p>\n","protected":false},"excerpt":{"rendered":"<p>Profesorius Aronaksas leid\u017eiasi ie\u0161koti did\u017eiul\u0117s j\u016br\u0173 pabaisos, kuri, pasirodo, besanti plienu kaustytas povandeninis laivas. Paslaptingojo kapitono Nemo paimtas \u012f nelaisv\u0119, Aronaksas susipa\u017e\u012fsta su Nemo i\u0161rasto nepaprasto povandeninio laivo NAUTILIUS atliekamais tyrin\u0117jamais. Bet Aronaksui kyla \u012ftarimas, kad kapitonas Nemo beveik kraustosi i\u0161 proto ir priverstas sprukti. Tai nepaprasta kelion\u0117 \u012f jauduli\u0173 ir pavoj\u0173 kupin\u0105 pasaul\u012f. Malvinos Fogel adaptuota versija. Zenitas<\/p>\n","protected":false},"featured_media":16974,"comment_status":"closed","ping_status":"closed","template":"","meta":{"_acf_changed":false,"site-sidebar-layout":"default","site-content-layout":"","ast-site-content-layout":"default","site-content-style":"default","site-sidebar-style":"default","ast-global-header-display":"","ast-banner-title-visibility":"","ast-main-header-display":"","ast-hfb-above-header-display":"","ast-hfb-below-header-display":"","ast-hfb-mobile-header-display":"","site-post-title":"","ast-breadcrumbs-content":"","ast-featured-img":"","footer-sml-layout":"","ast-disable-related-posts":"","theme-transparent-header-meta":"default","adv-header-id-meta":"","stick-header-meta":"","header-above-stick-meta":"","header-main-stick-meta":"","header-below-stick-meta":"","astra-migrate-meta-layouts":"set","ast-page-background-enabled":"default","ast-page-background-meta":{"desktop":{"background-color":"","background-image":"","background-repeat":"repeat","background-position":"center center","background-size":"auto","background-attachment":"scroll","background-type":"","background-media":"","overlay-type":"","overlay-color":"","overlay-opacity":"","overlay-gradient":""},"tablet":{"background-color":"","background-image":"","background-repeat":"repeat","background-position":"center center","background-size":"auto","background-attachment":"scroll","background-type":"","background-media":"","overlay-type":"","overlay-color":"","overlay-opacity":"","overlay-gradient":""},"mobile":{"background-color":"","background-image":"","background-repeat":"repeat","background-position":"center center","background-size":"auto","background-attachment":"scroll","background-type":"","background-media":"","overlay-type":"","overlay-color":"","overlay-opacity":"","overlay-gradient":""}},"ast-content-background-meta":{"desktop":{"background-color":"var(--ast-global-color-4)","background-image":"","background-repeat":"repeat","background-position":"center center","background-size":"auto","background-attachment":"scroll","background-type":"","background-media":"","overlay-type":"","overlay-color":"","overlay-opacity":"","overlay-gradient":""},"tablet":{"background-color":"var(--ast-global-color-4)","background-image":"","background-repeat":"repeat","background-position":"center center","background-size":"auto","background-attachment":"scroll","background-type":"","background-media":"","overlay-type":"","overlay-color":"","overlay-opacity":"","overlay-gradient":""},"mobile":{"background-color":"var(--ast-global-color-4)","background-image":"","background-repeat":"repeat","background-position":"center center","background-size":"auto","background-attachment":"scroll","background-type":"","background-media":"","overlay-type":"","overlay-color":"","overlay-opacity":"","overlay-gradient":""}}},"product_brand":[],"product_cat":[28],"product_tag":[716],"class_list":{"0":"post-16973","1":"product","2":"type-product","3":"status-publish","4":"has-post-thumbnail","6":"product_cat-klasika","7":"product_tag-zenitas","8":"desktop-align-left","9":"tablet-align-left","10":"mobile-align-left","12":"first","13":"instock","14":"shipping-taxable","15":"purchasable","16":"product-type-simple"},"acf":[],"yoast_head":"<!-- This site is optimized with the Yoast SEO plugin v27.0 - https:\/\/yoast.com\/product\/yoast-seo-wordpress\/ -->\n<title>Dvide\u0161imt t\u016bkstan\u010di\u0173 myli\u0173 po vandeniu<\/title>\n<meta name=\"description\" content=\"Profesorius Aronaksas leid\u017eiasi ie\u0161koti did\u017eiul\u0117s j\u016br\u0173 pabaisos, kuri, pasirodo, besanti plienu kaustytas povandeninis laivas. Paslaptingojo kapitono Nemo\" \/>\n<meta name=\"robots\" content=\"index, follow, max-snippet:-1, max-image-preview:large, max-video-preview:-1\" \/>\n<link rel=\"canonical\" href=\"https:\/\/skaitytaknyga.lt\/en\/produktas\/z-vernas-dvidesimt-tukstanciu-myliu-po-vandeniu\/\" \/>\n<meta property=\"og:locale\" content=\"en_GB\" \/>\n<meta property=\"og:locale:alternate\" content=\"lt_LT\" \/>\n<meta property=\"og:type\" content=\"article\" \/>\n<meta property=\"og:title\" content=\"Dvide\u0161imt t\u016bkstan\u010di\u0173 myli\u0173 po vandeniu\" \/>\n<meta property=\"og:description\" content=\"Profesorius Aronaksas leid\u017eiasi ie\u0161koti did\u017eiul\u0117s j\u016br\u0173 pabaisos, kuri, pasirodo, besanti plienu kaustytas povandeninis laivas. Paslaptingojo kapitono Nemo\" \/>\n<meta property=\"og:url\" content=\"https:\/\/skaitytaknyga.lt\/en\/produktas\/z-vernas-dvidesimt-tukstanciu-myliu-po-vandeniu\/\" \/>\n<meta property=\"og:site_name\" content=\"Skaitytaknyga\" \/>\n<meta property=\"article:publisher\" content=\"https:\/\/www.facebook.com\/skaitytaknyga\/\" \/>\n<meta property=\"article:modified_time\" content=\"2026-03-05T11:20:36+00:00\" \/>\n<meta property=\"og:image\" content=\"https:\/\/skaitytaknyga.lt\/wp-content\/uploads\/2025\/02\/Dvidesimt-tukstanciu-myliu-po-vandeniu.webp\" \/>\n\t<meta property=\"og:image:width\" content=\"768\" \/>\n\t<meta property=\"og:image:height\" content=\"1024\" \/>\n\t<meta property=\"og:image:type\" content=\"image\/webp\" \/>\n<meta name=\"twitter:card\" content=\"summary_large_image\" \/>\n<meta name=\"twitter:label1\" content=\"Estimated reading time\" \/>\n\t<meta name=\"twitter:data1\" content=\"1 minute\" \/>\n<script type=\"application\/ld+json\" class=\"yoast-schema-graph\">{\"@context\":\"https:\/\/schema.org\",\"@graph\":[{\"@type\":\"WebPage\",\"@id\":\"https:\/\/skaitytaknyga.lt\/produktas\/z-vernas-dvidesimt-tukstanciu-myliu-po-vandeniu\/\",\"url\":\"https:\/\/skaitytaknyga.lt\/produktas\/z-vernas-dvidesimt-tukstanciu-myliu-po-vandeniu\/\",\"name\":\"Dvide\u0161imt t\u016bkstan\u010di\u0173 myli\u0173 po vandeniu\",\"isPartOf\":{\"@id\":\"https:\/\/skaitytaknyga.lt\/#website\"},\"primaryImageOfPage\":{\"@id\":\"https:\/\/skaitytaknyga.lt\/produktas\/z-vernas-dvidesimt-tukstanciu-myliu-po-vandeniu\/#primaryimage\"},\"image\":{\"@id\":\"https:\/\/skaitytaknyga.lt\/produktas\/z-vernas-dvidesimt-tukstanciu-myliu-po-vandeniu\/#primaryimage\"},\"thumbnailUrl\":\"https:\/\/skaitytaknyga.lt\/wp-content\/uploads\/2025\/02\/Dvidesimt-tukstanciu-myliu-po-vandeniu.webp\",\"datePublished\":\"2025-02-26T09:17:33+00:00\",\"dateModified\":\"2026-03-05T11:20:36+00:00\",\"description\":\"Profesorius Aronaksas leid\u017eiasi ie\u0161koti did\u017eiul\u0117s j\u016br\u0173 pabaisos, kuri, pasirodo, besanti plienu kaustytas povandeninis laivas. Paslaptingojo kapitono Nemo\",\"breadcrumb\":{\"@id\":\"https:\/\/skaitytaknyga.lt\/produktas\/z-vernas-dvidesimt-tukstanciu-myliu-po-vandeniu\/#breadcrumb\"},\"inLanguage\":\"en-GB\",\"potentialAction\":[{\"@type\":\"ReadAction\",\"target\":[\"https:\/\/skaitytaknyga.lt\/produktas\/z-vernas-dvidesimt-tukstanciu-myliu-po-vandeniu\/\"]}]},{\"@type\":\"ImageObject\",\"inLanguage\":\"en-GB\",\"@id\":\"https:\/\/skaitytaknyga.lt\/produktas\/z-vernas-dvidesimt-tukstanciu-myliu-po-vandeniu\/#primaryimage\",\"url\":\"https:\/\/skaitytaknyga.lt\/wp-content\/uploads\/2025\/02\/Dvidesimt-tukstanciu-myliu-po-vandeniu.webp\",\"contentUrl\":\"https:\/\/skaitytaknyga.lt\/wp-content\/uploads\/2025\/02\/Dvidesimt-tukstanciu-myliu-po-vandeniu.webp\",\"width\":768,\"height\":1024,\"caption\":\"Dvide\u0161imt t\u016bkstan\u010di\u0173 myli\u0173 po vandeniu\"},{\"@type\":\"BreadcrumbList\",\"@id\":\"https:\/\/skaitytaknyga.lt\/produktas\/z-vernas-dvidesimt-tukstanciu-myliu-po-vandeniu\/#breadcrumb\",\"itemListElement\":[{\"@type\":\"ListItem\",\"position\":1,\"name\":\"Home\",\"item\":\"https:\/\/skaitytaknyga.lt\/\"},{\"@type\":\"ListItem\",\"position\":2,\"name\":\"Parduotuv\u0117\",\"item\":\"https:\/\/skaitytaknyga.lt\/knygu-parduotuve\/\"},{\"@type\":\"ListItem\",\"position\":3,\"name\":\"Dvide\u0161imt t\u016bkstan\u010di\u0173 myli\u0173 po vandeniu\"}]},{\"@type\":\"WebSite\",\"@id\":\"https:\/\/skaitytaknyga.lt\/#website\",\"url\":\"https:\/\/skaitytaknyga.lt\/\",\"name\":\"skaitytaknyga.lt\",\"description\":\"Skaitytaknyga.lt \u2013 tai ma\u017eas \u0161eimos verslas, kuris prasid\u0117jo nuo meil\u0117s knygoms ir siekio i\u0161gelb\u0117ti knygas nuo likimo prie konteinerio. Kas vienam nereikalingas daiktas \u2013 kitam lobis, o mes esame tarpininkai, kurie padeda abiems tapti laimingesniems ???? \u017dinome kaip nelengva i\u0161gyventi ma\u017eiems verslams, tad nuo \u0161iol, \u010dia rasite ir kit\u0173, ma\u017e\u0173 \u0161eim\u0173 versl\u0173, rank\u0173 darbo, dovan\u0173 sau ir artimiesiems.\",\"publisher\":{\"@id\":\"https:\/\/skaitytaknyga.lt\/#organization\"},\"potentialAction\":[{\"@type\":\"SearchAction\",\"target\":{\"@type\":\"EntryPoint\",\"urlTemplate\":\"https:\/\/skaitytaknyga.lt\/?s={search_term_string}\"},\"query-input\":{\"@type\":\"PropertyValueSpecification\",\"valueRequired\":true,\"valueName\":\"search_term_string\"}}],\"inLanguage\":\"en-GB\"},{\"@type\":\"Organization\",\"@id\":\"https:\/\/skaitytaknyga.lt\/#organization\",\"name\":\"skaitytaknyga.lt\",\"url\":\"https:\/\/skaitytaknyga.lt\/\",\"logo\":{\"@type\":\"ImageObject\",\"inLanguage\":\"en-GB\",\"@id\":\"https:\/\/skaitytaknyga.lt\/#\/schema\/logo\/image\/\",\"url\":\"https:\/\/skaitytaknyga.lt\/wp-content\/uploads\/2024\/05\/cropped-cropped-cropped-02_00843_jt3bggkj1j3HLc7SyY6rEUpg.jpeg\",\"contentUrl\":\"https:\/\/skaitytaknyga.lt\/wp-content\/uploads\/2024\/05\/cropped-cropped-cropped-02_00843_jt3bggkj1j3HLc7SyY6rEUpg.jpeg\",\"width\":1600,\"height\":1600,\"caption\":\"skaitytaknyga.lt\"},\"image\":{\"@id\":\"https:\/\/skaitytaknyga.lt\/#\/schema\/logo\/image\/\"},\"sameAs\":[\"https:\/\/www.facebook.com\/skaitytaknyga\/\"]}]}<\/script>\n<!-- \/ Yoast SEO plugin. -->","yoast_head_json":{"title":"Dvide\u0161imt t\u016bkstan\u010di\u0173 myli\u0173 po vandeniu","description":"Profesorius Aronaksas leid\u017eiasi ie\u0161koti did\u017eiul\u0117s j\u016br\u0173 pabaisos, kuri, pasirodo, besanti plienu kaustytas povandeninis laivas. Paslaptingojo kapitono Nemo","robots":{"index":"index","follow":"follow","max-snippet":"max-snippet:-1","max-image-preview":"max-image-preview:large","max-video-preview":"max-video-preview:-1"},"canonical":"https:\/\/skaitytaknyga.lt\/en\/produktas\/z-vernas-dvidesimt-tukstanciu-myliu-po-vandeniu\/","og_locale":"en_GB","og_type":"article","og_title":"[:lt]Dvide\u0161imt t\u016bkstan\u010di\u0173 myli\u0173 po vandeniu[:] - Skaitytaknyga","og_description":"Profesorius Aronaksas leid\u017eiasi ie\u0161koti did\u017eiul\u0117s j\u016br\u0173 pabaisos, kuri, pasirodo, besanti plienu kaustytas povandeninis laivas. Paslaptingojo kapitono Nemo","og_url":"https:\/\/skaitytaknyga.lt\/en\/produktas\/z-vernas-dvidesimt-tukstanciu-myliu-po-vandeniu\/","og_site_name":"Skaitytaknyga","article_publisher":"https:\/\/www.facebook.com\/skaitytaknyga\/","article_modified_time":"2026-03-05T11:20:36+00:00","og_image":[{"width":768,"height":1024,"url":"https:\/\/skaitytaknyga.lt\/wp-content\/uploads\/2025\/02\/Dvidesimt-tukstanciu-myliu-po-vandeniu.webp","type":"image\/webp"}],"twitter_card":"summary_large_image","twitter_misc":{"Estimated reading time":"1 minute"},"schema":{"@context":"https:\/\/schema.org","@graph":[{"@type":"WebPage","@id":"https:\/\/skaitytaknyga.lt\/produktas\/z-vernas-dvidesimt-tukstanciu-myliu-po-vandeniu\/","url":"https:\/\/skaitytaknyga.lt\/produktas\/z-vernas-dvidesimt-tukstanciu-myliu-po-vandeniu\/","name":"Dvide\u0161imt t\u016bkstan\u010di\u0173 myli\u0173 po vandeniu","isPartOf":{"@id":"https:\/\/skaitytaknyga.lt\/#website"},"primaryImageOfPage":{"@id":"https:\/\/skaitytaknyga.lt\/produktas\/z-vernas-dvidesimt-tukstanciu-myliu-po-vandeniu\/#primaryimage"},"image":{"@id":"https:\/\/skaitytaknyga.lt\/produktas\/z-vernas-dvidesimt-tukstanciu-myliu-po-vandeniu\/#primaryimage"},"thumbnailUrl":"https:\/\/skaitytaknyga.lt\/wp-content\/uploads\/2025\/02\/Dvidesimt-tukstanciu-myliu-po-vandeniu.webp","datePublished":"2025-02-26T09:17:33+00:00","dateModified":"2026-03-05T11:20:36+00:00","description":"Profesorius Aronaksas leid\u017eiasi ie\u0161koti did\u017eiul\u0117s j\u016br\u0173 pabaisos, kuri, pasirodo, besanti plienu kaustytas povandeninis laivas. Paslaptingojo kapitono Nemo","breadcrumb":{"@id":"https:\/\/skaitytaknyga.lt\/produktas\/z-vernas-dvidesimt-tukstanciu-myliu-po-vandeniu\/#breadcrumb"},"inLanguage":"en-GB","potentialAction":[{"@type":"ReadAction","target":["https:\/\/skaitytaknyga.lt\/produktas\/z-vernas-dvidesimt-tukstanciu-myliu-po-vandeniu\/"]}]},{"@type":"ImageObject","inLanguage":"en-GB","@id":"https:\/\/skaitytaknyga.lt\/produktas\/z-vernas-dvidesimt-tukstanciu-myliu-po-vandeniu\/#primaryimage","url":"https:\/\/skaitytaknyga.lt\/wp-content\/uploads\/2025\/02\/Dvidesimt-tukstanciu-myliu-po-vandeniu.webp","contentUrl":"https:\/\/skaitytaknyga.lt\/wp-content\/uploads\/2025\/02\/Dvidesimt-tukstanciu-myliu-po-vandeniu.webp","width":768,"height":1024,"caption":"Dvide\u0161imt t\u016bkstan\u010di\u0173 myli\u0173 po vandeniu"},{"@type":"BreadcrumbList","@id":"https:\/\/skaitytaknyga.lt\/produktas\/z-vernas-dvidesimt-tukstanciu-myliu-po-vandeniu\/#breadcrumb","itemListElement":[{"@type":"ListItem","position":1,"name":"Home","item":"https:\/\/skaitytaknyga.lt\/"},{"@type":"ListItem","position":2,"name":"Parduotuv\u0117","item":"https:\/\/skaitytaknyga.lt\/knygu-parduotuve\/"},{"@type":"ListItem","position":3,"name":"Dvide\u0161imt t\u016bkstan\u010di\u0173 myli\u0173 po vandeniu"}]},{"@type":"WebSite","@id":"https:\/\/skaitytaknyga.lt\/#website","url":"https:\/\/skaitytaknyga.lt\/","name":"skaitytaknyga.lt","description":"Skaitytaknyga.lt \u2013 tai ma\u017eas \u0161eimos verslas, kuris prasid\u0117jo nuo meil\u0117s knygoms ir siekio i\u0161gelb\u0117ti knygas nuo likimo prie konteinerio. Kas vienam nereikalingas daiktas \u2013 kitam lobis, o mes esame tarpininkai, kurie padeda abiems tapti laimingesniems ???? \u017dinome kaip nelengva i\u0161gyventi ma\u017eiems verslams, tad nuo \u0161iol, \u010dia rasite ir kit\u0173, ma\u017e\u0173 \u0161eim\u0173 versl\u0173, rank\u0173 darbo, dovan\u0173 sau ir artimiesiems.","publisher":{"@id":"https:\/\/skaitytaknyga.lt\/#organization"},"potentialAction":[{"@type":"SearchAction","target":{"@type":"EntryPoint","urlTemplate":"https:\/\/skaitytaknyga.lt\/?s={search_term_string}"},"query-input":{"@type":"PropertyValueSpecification","valueRequired":true,"valueName":"search_term_string"}}],"inLanguage":"en-GB"},{"@type":"Organization","@id":"https:\/\/skaitytaknyga.lt\/#organization","name":"skaitytaknyga.lt","url":"https:\/\/skaitytaknyga.lt\/","logo":{"@type":"ImageObject","inLanguage":"en-GB","@id":"https:\/\/skaitytaknyga.lt\/#\/schema\/logo\/image\/","url":"https:\/\/skaitytaknyga.lt\/wp-content\/uploads\/2024\/05\/cropped-cropped-cropped-02_00843_jt3bggkj1j3HLc7SyY6rEUpg.jpeg","contentUrl":"https:\/\/skaitytaknyga.lt\/wp-content\/uploads\/2024\/05\/cropped-cropped-cropped-02_00843_jt3bggkj1j3HLc7SyY6rEUpg.jpeg","width":1600,"height":1600,"caption":"skaitytaknyga.lt"},"image":{"@id":"https:\/\/skaitytaknyga.lt\/#\/schema\/logo\/image\/"},"sameAs":["https:\/\/www.facebook.com\/skaitytaknyga\/"]}]}},"_links":{"self":[{"href":"https:\/\/skaitytaknyga.lt\/en\/wp-json\/wp\/v2\/product\/16973","targetHints":{"allow":["GET"]}}],"collection":[{"href":"https:\/\/skaitytaknyga.lt\/en\/wp-json\/wp\/v2\/product"}],"about":[{"href":"https:\/\/skaitytaknyga.lt\/en\/wp-json\/wp\/v2\/types\/product"}],"replies":[{"embeddable":true,"href":"https:\/\/skaitytaknyga.lt\/en\/wp-json\/wp\/v2\/comments?post=16973"}],"wp:featuredmedia":[{"embeddable":true,"href":"https:\/\/skaitytaknyga.lt\/en\/wp-json\/wp\/v2\/media\/16974"}],"wp:attachment":[{"href":"https:\/\/skaitytaknyga.lt\/en\/wp-json\/wp\/v2\/media?parent=16973"}],"wp:term":[{"taxonomy":"product_brand","embeddable":true,"href":"https:\/\/skaitytaknyga.lt\/en\/wp-json\/wp\/v2\/product_brand?post=16973"},{"taxonomy":"product_cat","embeddable":true,"href":"https:\/\/skaitytaknyga.lt\/en\/wp-json\/wp\/v2\/product_cat?post=16973"},{"taxonomy":"product_tag","embeddable":true,"href":"https:\/\/skaitytaknyga.lt\/en\/wp-json\/wp\/v2\/product_tag?post=16973"}],"curies":[{"name":"wp","href":"https:\/\/api.w.org\/{rel}","templated":true}]}}