{"id":16954,"date":"2025-02-26T10:00:25","date_gmt":"2025-02-26T08:00:25","guid":{"rendered":"https:\/\/skaitytaknyga.lt\/?post_type=product&#038;p=16954"},"modified":"2025-02-26T10:02:13","modified_gmt":"2025-02-26T08:02:13","slug":"regejimu-naktis-vytauto-macernio-gyvenimo-ir-kurybos-vizijos","status":"publish","type":"product","link":"https:\/\/skaitytaknyga.lt\/en\/produktas\/regejimu-naktis-vytauto-macernio-gyvenimo-ir-kurybos-vizijos\/","title":{"rendered":"Reg\u0117jim\u0173 naktis. Vytauto Ma\u010dernio gyvenimo ir k\u016brybos vizijos"},"content":{"rendered":"<p><strong>Vytautas Ma\u010dernis<\/strong>\u00a0&#8211; jauniausias literat\u016bros klasikas, naujosios lietuvi\u0173 poezijos pradininkas,\u00a0sud\u0117tingas ir tragi\u0161kas poetas. Visame jo likime, jo poezijoje- tragi\u0161ka pasaul\u0117jauta. Bet ne pesimistin\u0117, nes tada neb\u016btu buv\u0119 vis nauj\u0173 poetini\u0173 pastang\u0173 skverbtis \u012f \u017emogaus b\u016bties suvokimo gelmes. Viltis grumiasi su rezignacija. Poetas lengvab\u016bdi\u0161kai neb\u0117ga nuo gyvenimo prasm\u0117s ir mirties problem\u0173. Visas jo m\u0105stymas pasi\u017eymi filosofiniu \u017emogaus ir poeto didvyri\u0161kumu: kai nesitraukiama nuo problemos, o norima j\u0105 ligi galo suvokti. Tai i\u0161 dalies primena menin\u012f Bethoveno didvyri\u0161kum\u0105, kai metamas i\u0161\u0161\u016bkis likimui.<\/p>\n<ul class=\"about-product d-none d-xl-block mt-4\">\n<li><strong>Autorius:<\/strong>\u00a0Tomas Sakalauskas<\/li>\n<li><strong>Leid\u0117jas:<\/strong>\u00a0Vaga<\/li>\n<li><strong>Metai:<\/strong>\u00a01994<\/li>\n<li><strong>Puslapiai:<\/strong>\u00a0325<\/li>\n<li class=\"toggleable type-new-formats \"><strong>ISBN:<\/strong>\u00a05415005862<\/li>\n<li class=\"toggleable type-new-formats \"><strong>Formatas:<\/strong>\u00a013,5 x 20 x 2 cm, kieti vir\u0161eliai<\/li>\n<\/ul>\n","protected":false},"excerpt":{"rendered":"<p>Vytautas Ma\u010dernis\u00a0&#8211; jauniausias literat\u016bros klasikas, naujosios lietuvi\u0173 poezijos pradininkas,\u00a0sud\u0117tingas ir tragi\u0161kas poetas. Visame jo likime, jo poezijoje- tragi\u0161ka pasaul\u0117jauta. Bet ne pesimistin\u0117, nes tada neb\u016btu buv\u0119 vis nauj\u0173 poetini\u0173 pastang\u0173 skverbtis \u012f \u017emogaus b\u016bties suvokimo gelmes. Viltis grumiasi su rezignacija. Poetas lengvab\u016bdi\u0161kai neb\u0117ga nuo gyvenimo prasm\u0117s ir mirties problem\u0173. Visas jo m\u0105stymas pasi\u017eymi filosofiniu \u017emogaus ir poeto didvyri\u0161kumu: kai nesitraukiama nuo problemos, o norima j\u0105 ligi galo suvokti. Tai i\u0161 dalies primena menin\u012f Bethoveno didvyri\u0161kum\u0105, kai metamas i\u0161\u0161\u016bkis likimui. Autorius:\u00a0Tomas Sakalauskas Leid\u0117jas:\u00a0Vaga Metai:\u00a01994 Puslapiai:\u00a0325 ISBN:\u00a05415005862 Formatas:\u00a013,5 x 20 x 2 cm, kieti vir\u0161eliai<\/p>\n","protected":false},"featured_media":16955,"comment_status":"closed","ping_status":"closed","template":"","meta":{"_acf_changed":false,"site-sidebar-layout":"default","site-content-layout":"","ast-site-content-layout":"default","site-content-style":"default","site-sidebar-style":"default","ast-global-header-display":"","ast-banner-title-visibility":"","ast-main-header-display":"","ast-hfb-above-header-display":"","ast-hfb-below-header-display":"","ast-hfb-mobile-header-display":"","site-post-title":"","ast-breadcrumbs-content":"","ast-featured-img":"","footer-sml-layout":"","ast-disable-related-posts":"","theme-transparent-header-meta":"default","adv-header-id-meta":"","stick-header-meta":"","header-above-stick-meta":"","header-main-stick-meta":"","header-below-stick-meta":"","astra-migrate-meta-layouts":"set","ast-page-background-enabled":"default","ast-page-background-meta":{"desktop":{"background-color":"","background-image":"","background-repeat":"repeat","background-position":"center center","background-size":"auto","background-attachment":"scroll","background-type":"","background-media":"","overlay-type":"","overlay-color":"","overlay-opacity":"","overlay-gradient":""},"tablet":{"background-color":"","background-image":"","background-repeat":"repeat","background-position":"center center","background-size":"auto","background-attachment":"scroll","background-type":"","background-media":"","overlay-type":"","overlay-color":"","overlay-opacity":"","overlay-gradient":""},"mobile":{"background-color":"","background-image":"","background-repeat":"repeat","background-position":"center center","background-size":"auto","background-attachment":"scroll","background-type":"","background-media":"","overlay-type":"","overlay-color":"","overlay-opacity":"","overlay-gradient":""}},"ast-content-background-meta":{"desktop":{"background-color":"var(--ast-global-color-4)","background-image":"","background-repeat":"repeat","background-position":"center center","background-size":"auto","background-attachment":"scroll","background-type":"","background-media":"","overlay-type":"","overlay-color":"","overlay-opacity":"","overlay-gradient":""},"tablet":{"background-color":"var(--ast-global-color-4)","background-image":"","background-repeat":"repeat","background-position":"center center","background-size":"auto","background-attachment":"scroll","background-type":"","background-media":"","overlay-type":"","overlay-color":"","overlay-opacity":"","overlay-gradient":""},"mobile":{"background-color":"var(--ast-global-color-4)","background-image":"","background-repeat":"repeat","background-position":"center center","background-size":"auto","background-attachment":"scroll","background-type":"","background-media":"","overlay-type":"","overlay-color":"","overlay-opacity":"","overlay-gradient":""}}},"product_brand":[],"product_cat":[33],"product_tag":[],"class_list":{"0":"post-16954","1":"product","2":"type-product","3":"status-publish","4":"has-post-thumbnail","6":"product_cat-biografijos","7":"desktop-align-left","8":"tablet-align-left","9":"mobile-align-left","11":"first","12":"instock","13":"shipping-taxable","14":"purchasable","15":"product-type-simple"},"acf":[],"yoast_head":"<!-- This site is optimized with the Yoast SEO plugin v27.4 - https:\/\/yoast.com\/product\/yoast-seo-wordpress\/ -->\n<title>Reg\u0117jim\u0173 naktis. Vytauto Ma\u010dernio gyvenimo ir k\u016brybos vizijos<\/title>\n<meta name=\"description\" content=\"Vytautas Ma\u010dernis\u00a0- jauniausias literat\u016bros klasikas, naujosios lietuvi\u0173 poezijos pradininkas,\u00a0sud\u0117tingas ir tragi\u0161kas poetas. Visame jo likime, jo\" \/>\n<meta name=\"robots\" content=\"index, follow, max-snippet:-1, max-image-preview:large, max-video-preview:-1\" \/>\n<link rel=\"canonical\" href=\"https:\/\/skaitytaknyga.lt\/en\/produktas\/regejimu-naktis-vytauto-macernio-gyvenimo-ir-kurybos-vizijos\/\" \/>\n<meta property=\"og:locale\" content=\"en_GB\" \/>\n<meta property=\"og:locale:alternate\" content=\"lt_LT\" \/>\n<meta property=\"og:type\" content=\"article\" \/>\n<meta property=\"og:title\" content=\"Reg\u0117jim\u0173 naktis. Vytauto Ma\u010dernio gyvenimo ir k\u016brybos vizijos\" \/>\n<meta property=\"og:description\" content=\"Vytautas Ma\u010dernis\u00a0- jauniausias literat\u016bros klasikas, naujosios lietuvi\u0173 poezijos pradininkas,\u00a0sud\u0117tingas ir tragi\u0161kas poetas. Visame jo likime, jo\" \/>\n<meta property=\"og:url\" content=\"https:\/\/skaitytaknyga.lt\/en\/produktas\/regejimu-naktis-vytauto-macernio-gyvenimo-ir-kurybos-vizijos\/\" \/>\n<meta property=\"og:site_name\" content=\"Skaitytaknyga\" \/>\n<meta property=\"article:publisher\" content=\"https:\/\/www.facebook.com\/skaitytaknyga\/\" \/>\n<meta property=\"article:modified_time\" content=\"2025-02-26T08:02:13+00:00\" \/>\n<meta property=\"og:image\" content=\"https:\/\/skaitytaknyga.lt\/wp-content\/uploads\/2025\/02\/Regejimu-naktis.-Vytauto-Macernio-gyvenimo-ir-kurybos-vizijos.webp\" \/>\n\t<meta property=\"og:image:width\" content=\"544\" \/>\n\t<meta property=\"og:image:height\" content=\"799\" \/>\n\t<meta property=\"og:image:type\" content=\"image\/webp\" \/>\n<meta name=\"twitter:card\" content=\"summary_large_image\" \/>\n<meta name=\"twitter:label1\" content=\"Estimated reading time\" \/>\n\t<meta name=\"twitter:data1\" content=\"1 minute\" \/>\n<script type=\"application\/ld+json\" class=\"yoast-schema-graph\">{\"@context\":\"https:\\\/\\\/schema.org\",\"@graph\":[{\"@type\":\"WebPage\",\"@id\":\"https:\\\/\\\/skaitytaknyga.lt\\\/produktas\\\/regejimu-naktis-vytauto-macernio-gyvenimo-ir-kurybos-vizijos\\\/\",\"url\":\"https:\\\/\\\/skaitytaknyga.lt\\\/produktas\\\/regejimu-naktis-vytauto-macernio-gyvenimo-ir-kurybos-vizijos\\\/\",\"name\":\"Reg\u0117jim\u0173 naktis. Vytauto Ma\u010dernio gyvenimo ir k\u016brybos vizijos\",\"isPartOf\":{\"@id\":\"https:\\\/\\\/skaitytaknyga.lt\\\/#website\"},\"primaryImageOfPage\":{\"@id\":\"https:\\\/\\\/skaitytaknyga.lt\\\/produktas\\\/regejimu-naktis-vytauto-macernio-gyvenimo-ir-kurybos-vizijos\\\/#primaryimage\"},\"image\":{\"@id\":\"https:\\\/\\\/skaitytaknyga.lt\\\/produktas\\\/regejimu-naktis-vytauto-macernio-gyvenimo-ir-kurybos-vizijos\\\/#primaryimage\"},\"thumbnailUrl\":\"https:\\\/\\\/skaitytaknyga.lt\\\/wp-content\\\/uploads\\\/2025\\\/02\\\/Regejimu-naktis.-Vytauto-Macernio-gyvenimo-ir-kurybos-vizijos.webp\",\"datePublished\":\"2025-02-26T08:00:25+00:00\",\"dateModified\":\"2025-02-26T08:02:13+00:00\",\"description\":\"Vytautas Ma\u010dernis\u00a0- jauniausias literat\u016bros klasikas, naujosios lietuvi\u0173 poezijos pradininkas,\u00a0sud\u0117tingas ir tragi\u0161kas poetas. Visame jo likime, jo\",\"breadcrumb\":{\"@id\":\"https:\\\/\\\/skaitytaknyga.lt\\\/produktas\\\/regejimu-naktis-vytauto-macernio-gyvenimo-ir-kurybos-vizijos\\\/#breadcrumb\"},\"inLanguage\":\"en-GB\",\"potentialAction\":[{\"@type\":\"ReadAction\",\"target\":[\"https:\\\/\\\/skaitytaknyga.lt\\\/produktas\\\/regejimu-naktis-vytauto-macernio-gyvenimo-ir-kurybos-vizijos\\\/\"]}]},{\"@type\":\"ImageObject\",\"inLanguage\":\"en-GB\",\"@id\":\"https:\\\/\\\/skaitytaknyga.lt\\\/produktas\\\/regejimu-naktis-vytauto-macernio-gyvenimo-ir-kurybos-vizijos\\\/#primaryimage\",\"url\":\"https:\\\/\\\/skaitytaknyga.lt\\\/wp-content\\\/uploads\\\/2025\\\/02\\\/Regejimu-naktis.-Vytauto-Macernio-gyvenimo-ir-kurybos-vizijos.webp\",\"contentUrl\":\"https:\\\/\\\/skaitytaknyga.lt\\\/wp-content\\\/uploads\\\/2025\\\/02\\\/Regejimu-naktis.-Vytauto-Macernio-gyvenimo-ir-kurybos-vizijos.webp\",\"width\":544,\"height\":799,\"caption\":\"Reg\u0117jim\u0173 naktis. Vytauto Ma\u010dernio gyvenimo ir k\u016brybos vizijos\"},{\"@type\":\"BreadcrumbList\",\"@id\":\"https:\\\/\\\/skaitytaknyga.lt\\\/produktas\\\/regejimu-naktis-vytauto-macernio-gyvenimo-ir-kurybos-vizijos\\\/#breadcrumb\",\"itemListElement\":[{\"@type\":\"ListItem\",\"position\":1,\"name\":\"Home\",\"item\":\"https:\\\/\\\/skaitytaknyga.lt\\\/\"},{\"@type\":\"ListItem\",\"position\":2,\"name\":\"Parduotuv\u0117\",\"item\":\"https:\\\/\\\/skaitytaknyga.lt\\\/knygu-parduotuve\\\/\"},{\"@type\":\"ListItem\",\"position\":3,\"name\":\"Reg\u0117jim\u0173 naktis. Vytauto Ma\u010dernio gyvenimo ir k\u016brybos vizijos\"}]},{\"@type\":\"WebSite\",\"@id\":\"https:\\\/\\\/skaitytaknyga.lt\\\/#website\",\"url\":\"https:\\\/\\\/skaitytaknyga.lt\\\/\",\"name\":\"skaitytaknyga.lt\",\"description\":\"Skaitytaknyga.lt \u2013 tai ma\u017eas \u0161eimos verslas, kuris prasid\u0117jo nuo meil\u0117s knygoms ir siekio i\u0161gelb\u0117ti knygas nuo likimo prie konteinerio. Kas vienam nereikalingas daiktas \u2013 kitam lobis, o mes esame tarpininkai, kurie padeda abiems tapti laimingesniems ???? \u017dinome kaip nelengva i\u0161gyventi ma\u017eiems verslams, tad nuo \u0161iol, \u010dia rasite ir kit\u0173, ma\u017e\u0173 \u0161eim\u0173 versl\u0173, rank\u0173 darbo, dovan\u0173 sau ir artimiesiems.\",\"publisher\":{\"@id\":\"https:\\\/\\\/skaitytaknyga.lt\\\/#organization\"},\"potentialAction\":[{\"@type\":\"SearchAction\",\"target\":{\"@type\":\"EntryPoint\",\"urlTemplate\":\"https:\\\/\\\/skaitytaknyga.lt\\\/?s={search_term_string}\"},\"query-input\":{\"@type\":\"PropertyValueSpecification\",\"valueRequired\":true,\"valueName\":\"search_term_string\"}}],\"inLanguage\":\"en-GB\"},{\"@type\":\"Organization\",\"@id\":\"https:\\\/\\\/skaitytaknyga.lt\\\/#organization\",\"name\":\"skaitytaknyga.lt\",\"url\":\"https:\\\/\\\/skaitytaknyga.lt\\\/\",\"logo\":{\"@type\":\"ImageObject\",\"inLanguage\":\"en-GB\",\"@id\":\"https:\\\/\\\/skaitytaknyga.lt\\\/#\\\/schema\\\/logo\\\/image\\\/\",\"url\":\"https:\\\/\\\/skaitytaknyga.lt\\\/wp-content\\\/uploads\\\/2024\\\/05\\\/cropped-cropped-cropped-02_00843_jt3bggkj1j3HLc7SyY6rEUpg.jpeg\",\"contentUrl\":\"https:\\\/\\\/skaitytaknyga.lt\\\/wp-content\\\/uploads\\\/2024\\\/05\\\/cropped-cropped-cropped-02_00843_jt3bggkj1j3HLc7SyY6rEUpg.jpeg\",\"width\":1600,\"height\":1600,\"caption\":\"skaitytaknyga.lt\"},\"image\":{\"@id\":\"https:\\\/\\\/skaitytaknyga.lt\\\/#\\\/schema\\\/logo\\\/image\\\/\"},\"sameAs\":[\"https:\\\/\\\/www.facebook.com\\\/skaitytaknyga\\\/\"]}]}<\/script>\n<!-- \/ Yoast SEO plugin. -->","yoast_head_json":{"title":"Reg\u0117jim\u0173 naktis. Vytauto Ma\u010dernio gyvenimo ir k\u016brybos vizijos","description":"Vytautas Ma\u010dernis\u00a0- jauniausias literat\u016bros klasikas, naujosios lietuvi\u0173 poezijos pradininkas,\u00a0sud\u0117tingas ir tragi\u0161kas poetas. Visame jo likime, jo","robots":{"index":"index","follow":"follow","max-snippet":"max-snippet:-1","max-image-preview":"max-image-preview:large","max-video-preview":"max-video-preview:-1"},"canonical":"https:\/\/skaitytaknyga.lt\/en\/produktas\/regejimu-naktis-vytauto-macernio-gyvenimo-ir-kurybos-vizijos\/","og_locale":"en_GB","og_type":"article","og_title":"[:lt]Reg\u0117jim\u0173 naktis. Vytauto Ma\u010dernio gyvenimo ir k\u016brybos vizijos[:] - Skaitytaknyga","og_description":"Vytautas Ma\u010dernis\u00a0- jauniausias literat\u016bros klasikas, naujosios lietuvi\u0173 poezijos pradininkas,\u00a0sud\u0117tingas ir tragi\u0161kas poetas. Visame jo likime, jo","og_url":"https:\/\/skaitytaknyga.lt\/en\/produktas\/regejimu-naktis-vytauto-macernio-gyvenimo-ir-kurybos-vizijos\/","og_site_name":"Skaitytaknyga","article_publisher":"https:\/\/www.facebook.com\/skaitytaknyga\/","article_modified_time":"2025-02-26T08:02:13+00:00","og_image":[{"width":544,"height":799,"url":"https:\/\/skaitytaknyga.lt\/wp-content\/uploads\/2025\/02\/Regejimu-naktis.-Vytauto-Macernio-gyvenimo-ir-kurybos-vizijos.webp","type":"image\/webp"}],"twitter_card":"summary_large_image","twitter_misc":{"Estimated reading time":"1 minute"},"schema":{"@context":"https:\/\/schema.org","@graph":[{"@type":"WebPage","@id":"https:\/\/skaitytaknyga.lt\/produktas\/regejimu-naktis-vytauto-macernio-gyvenimo-ir-kurybos-vizijos\/","url":"https:\/\/skaitytaknyga.lt\/produktas\/regejimu-naktis-vytauto-macernio-gyvenimo-ir-kurybos-vizijos\/","name":"Reg\u0117jim\u0173 naktis. Vytauto Ma\u010dernio gyvenimo ir k\u016brybos vizijos","isPartOf":{"@id":"https:\/\/skaitytaknyga.lt\/#website"},"primaryImageOfPage":{"@id":"https:\/\/skaitytaknyga.lt\/produktas\/regejimu-naktis-vytauto-macernio-gyvenimo-ir-kurybos-vizijos\/#primaryimage"},"image":{"@id":"https:\/\/skaitytaknyga.lt\/produktas\/regejimu-naktis-vytauto-macernio-gyvenimo-ir-kurybos-vizijos\/#primaryimage"},"thumbnailUrl":"https:\/\/skaitytaknyga.lt\/wp-content\/uploads\/2025\/02\/Regejimu-naktis.-Vytauto-Macernio-gyvenimo-ir-kurybos-vizijos.webp","datePublished":"2025-02-26T08:00:25+00:00","dateModified":"2025-02-26T08:02:13+00:00","description":"Vytautas Ma\u010dernis\u00a0- jauniausias literat\u016bros klasikas, naujosios lietuvi\u0173 poezijos pradininkas,\u00a0sud\u0117tingas ir tragi\u0161kas poetas. Visame jo likime, jo","breadcrumb":{"@id":"https:\/\/skaitytaknyga.lt\/produktas\/regejimu-naktis-vytauto-macernio-gyvenimo-ir-kurybos-vizijos\/#breadcrumb"},"inLanguage":"en-GB","potentialAction":[{"@type":"ReadAction","target":["https:\/\/skaitytaknyga.lt\/produktas\/regejimu-naktis-vytauto-macernio-gyvenimo-ir-kurybos-vizijos\/"]}]},{"@type":"ImageObject","inLanguage":"en-GB","@id":"https:\/\/skaitytaknyga.lt\/produktas\/regejimu-naktis-vytauto-macernio-gyvenimo-ir-kurybos-vizijos\/#primaryimage","url":"https:\/\/skaitytaknyga.lt\/wp-content\/uploads\/2025\/02\/Regejimu-naktis.-Vytauto-Macernio-gyvenimo-ir-kurybos-vizijos.webp","contentUrl":"https:\/\/skaitytaknyga.lt\/wp-content\/uploads\/2025\/02\/Regejimu-naktis.-Vytauto-Macernio-gyvenimo-ir-kurybos-vizijos.webp","width":544,"height":799,"caption":"Reg\u0117jim\u0173 naktis. Vytauto Ma\u010dernio gyvenimo ir k\u016brybos vizijos"},{"@type":"BreadcrumbList","@id":"https:\/\/skaitytaknyga.lt\/produktas\/regejimu-naktis-vytauto-macernio-gyvenimo-ir-kurybos-vizijos\/#breadcrumb","itemListElement":[{"@type":"ListItem","position":1,"name":"Home","item":"https:\/\/skaitytaknyga.lt\/"},{"@type":"ListItem","position":2,"name":"Parduotuv\u0117","item":"https:\/\/skaitytaknyga.lt\/knygu-parduotuve\/"},{"@type":"ListItem","position":3,"name":"Reg\u0117jim\u0173 naktis. Vytauto Ma\u010dernio gyvenimo ir k\u016brybos vizijos"}]},{"@type":"WebSite","@id":"https:\/\/skaitytaknyga.lt\/#website","url":"https:\/\/skaitytaknyga.lt\/","name":"skaitytaknyga.lt","description":"Skaitytaknyga.lt \u2013 tai ma\u017eas \u0161eimos verslas, kuris prasid\u0117jo nuo meil\u0117s knygoms ir siekio i\u0161gelb\u0117ti knygas nuo likimo prie konteinerio. Kas vienam nereikalingas daiktas \u2013 kitam lobis, o mes esame tarpininkai, kurie padeda abiems tapti laimingesniems ???? \u017dinome kaip nelengva i\u0161gyventi ma\u017eiems verslams, tad nuo \u0161iol, \u010dia rasite ir kit\u0173, ma\u017e\u0173 \u0161eim\u0173 versl\u0173, rank\u0173 darbo, dovan\u0173 sau ir artimiesiems.","publisher":{"@id":"https:\/\/skaitytaknyga.lt\/#organization"},"potentialAction":[{"@type":"SearchAction","target":{"@type":"EntryPoint","urlTemplate":"https:\/\/skaitytaknyga.lt\/?s={search_term_string}"},"query-input":{"@type":"PropertyValueSpecification","valueRequired":true,"valueName":"search_term_string"}}],"inLanguage":"en-GB"},{"@type":"Organization","@id":"https:\/\/skaitytaknyga.lt\/#organization","name":"skaitytaknyga.lt","url":"https:\/\/skaitytaknyga.lt\/","logo":{"@type":"ImageObject","inLanguage":"en-GB","@id":"https:\/\/skaitytaknyga.lt\/#\/schema\/logo\/image\/","url":"https:\/\/skaitytaknyga.lt\/wp-content\/uploads\/2024\/05\/cropped-cropped-cropped-02_00843_jt3bggkj1j3HLc7SyY6rEUpg.jpeg","contentUrl":"https:\/\/skaitytaknyga.lt\/wp-content\/uploads\/2024\/05\/cropped-cropped-cropped-02_00843_jt3bggkj1j3HLc7SyY6rEUpg.jpeg","width":1600,"height":1600,"caption":"skaitytaknyga.lt"},"image":{"@id":"https:\/\/skaitytaknyga.lt\/#\/schema\/logo\/image\/"},"sameAs":["https:\/\/www.facebook.com\/skaitytaknyga\/"]}]}},"_links":{"self":[{"href":"https:\/\/skaitytaknyga.lt\/en\/wp-json\/wp\/v2\/product\/16954","targetHints":{"allow":["GET"]}}],"collection":[{"href":"https:\/\/skaitytaknyga.lt\/en\/wp-json\/wp\/v2\/product"}],"about":[{"href":"https:\/\/skaitytaknyga.lt\/en\/wp-json\/wp\/v2\/types\/product"}],"replies":[{"embeddable":true,"href":"https:\/\/skaitytaknyga.lt\/en\/wp-json\/wp\/v2\/comments?post=16954"}],"wp:featuredmedia":[{"embeddable":true,"href":"https:\/\/skaitytaknyga.lt\/en\/wp-json\/wp\/v2\/media\/16955"}],"wp:attachment":[{"href":"https:\/\/skaitytaknyga.lt\/en\/wp-json\/wp\/v2\/media?parent=16954"}],"wp:term":[{"taxonomy":"product_brand","embeddable":true,"href":"https:\/\/skaitytaknyga.lt\/en\/wp-json\/wp\/v2\/product_brand?post=16954"},{"taxonomy":"product_cat","embeddable":true,"href":"https:\/\/skaitytaknyga.lt\/en\/wp-json\/wp\/v2\/product_cat?post=16954"},{"taxonomy":"product_tag","embeddable":true,"href":"https:\/\/skaitytaknyga.lt\/en\/wp-json\/wp\/v2\/product_tag?post=16954"}],"curies":[{"name":"wp","href":"https:\/\/api.w.org\/{rel}","templated":true}]}}