{"id":16946,"date":"2025-02-26T09:34:00","date_gmt":"2025-02-26T07:34:00","guid":{"rendered":"https:\/\/skaitytaknyga.lt\/?post_type=product&#038;p=16946"},"modified":"2025-05-24T20:53:32","modified_gmt":"2025-05-24T17:53:32","slug":"kremliaus-digerio-pasakeles","status":"publish","type":"product","link":"https:\/\/skaitytaknyga.lt\/en\/produktas\/kremliaus-digerio-pasakeles\/","title":{"rendered":"Kremliaus digerio pasak\u0117l\u0117s"},"content":{"rendered":"<p>\u017durnalist\u0117s Jelenos Tregubovos knyga apie Boriso Jelcino ir Vladimiro Putino Rusijos politikos u\u017ekulisius tapo tikra sensacija ir sudrebino Rusijos politin\u0117s scenos pamatus. Autor\u0117 a\u0161triai ir atvirai apra\u0161\u0117 Rusijos politinio elito gyvenim\u0105 su visomis skandalingomis smulkmenomis. Tai buvo tikra informacin\u0117 bomba. Pasklidus gandams apie knygos tira\u017eo sulaikym\u0105, Maskvoje i\u0161 rank\u0173 \u012f rankas plito signalinio egzemplioriaus kserokopijos. \u201eDisident\u0119\u201c Tregubov\u0105 akimirksniu atleido netgi i\u0161 oligarcho Boriso Berezovskio kontroliuojamo laikra\u0161\u010dio \u201eKommersant\u201c.<\/p>\n<p>Knygoje pateikta \u012f\u017evalgi ir intriguojanti garsiausi\u0173 Rusijos politik\u0173 veiklos analiz\u0117, atskleid\u017eiamos j\u0173 asmenin\u0117s ypatyb\u0117s, pasakojama apie demokratijos ir spaudos laisv\u0117s suvar\u017eymus \u0161alyje, kurios valdymas vis labiau primena KGB metodus. Autor\u0117 negailestinga pliekia ir demaskuoja savo herojus &#8212; Putin\u0105, Jelcin\u0105, Berezovsk\u012f, \u010ciubais\u0105, Volo\u0161in\u0105, Gromov\u0105. Kli\u016bva net tiems, kuriems autor\u0117 \u0161iek tiek simpatizuoja.<\/p>\n<p>\u201eMano knyga buvo geriausias Kremliaus \u201ckokyb\u0117s patikrinimas\u201c. A\u0161 tiesiog papasakojau Putinui ir jo draugams ties\u0105 apie juos pa\u010dius. U\u017e tai i\u0161 prad\u017ei\u0173 buvau atleista i\u0161 darbo, i\u0161 man\u0119s buvo atimta galimyb\u0117 dirbti \u017eurnaliste, o v\u0117liau dar ir pabandyta mane susprogdinti bomba\u201c, &#8211; lietuvi\u0161ko knygos leidimo pratarm\u0117je ra\u0161o Jelena Tregubova. Autor\u0117 baimindamasi d\u0117l sav\u0119s kur\u012f laik\u0105 gyveno u\u017esienyje.<\/p>\n<p>Knyga apdovanota premija \u201eU\u017e met\u0173 bestseler\u012f\u201c ir i\u0161versta ar ver\u010diama \u012f angl\u0173, kin\u0173, pranc\u016bz\u0173, vokie\u010di\u0173, ital\u0173 bei latvi\u0173 kalbas. Autor\u0117 paruo\u0161\u0117 special\u0173 knygos variant\u0105 Lietuvai. Jis apima abi Rusijoje pasirod\u017eiusias knygas.<\/p>\n<ul class=\"about-product d-none d-xl-block mt-4\">\n<li><strong>Autorius:<\/strong>\u00a0Jelena Tregubova<\/li>\n<li><strong>Leid\u0117jas:<\/strong>\u00a0Kitos knygos<\/li>\n<li><strong>Metai:<\/strong>\u00a02005<\/li>\n<li><strong>Puslapiai:<\/strong>\u00a0422<\/li>\n<li class=\"toggleable type-new-formats \"><strong>ISBN:<\/strong>\u00a09789955640028<\/li>\n<li class=\"toggleable type-new-formats \"><strong>Formatas:<\/strong>\u00a016,5 x 20,5 cm, kieti vir\u0161eliai<\/li>\n<li><strong>Kalba:<\/strong>\u00a0Lietuvi\u0173<\/li>\n<li><strong>Vert\u0117jas:<\/strong>\u00a0Aidas Jura\u0161ius<\/li>\n<\/ul>\n","protected":false},"excerpt":{"rendered":"<p>\u017durnalist\u0117s Jelenos Tregubovos knyga apie Boriso Jelcino ir Vladimiro Putino Rusijos politikos u\u017ekulisius tapo tikra sensacija ir sudrebino Rusijos politin\u0117s scenos pamatus. Autor\u0117 a\u0161triai ir atvirai apra\u0161\u0117 Rusijos politinio elito gyvenim\u0105 su visomis skandalingomis smulkmenomis. Tai buvo tikra informacin\u0117 bomba. Pasklidus gandams apie knygos tira\u017eo sulaikym\u0105, Maskvoje i\u0161 rank\u0173 \u012f rankas plito signalinio egzemplioriaus kserokopijos. \u201eDisident\u0119\u201c Tregubov\u0105 akimirksniu atleido netgi i\u0161 oligarcho Boriso Berezovskio kontroliuojamo laikra\u0161\u010dio \u201eKommersant\u201c. Knygoje pateikta \u012f\u017evalgi ir intriguojanti garsiausi\u0173 Rusijos politik\u0173 veiklos analiz\u0117, atskleid\u017eiamos j\u0173 asmenin\u0117s ypatyb\u0117s, pasakojama apie demokratijos ir spaudos laisv\u0117s suvar\u017eymus \u0161alyje, kurios valdymas vis labiau primena KGB metodus. Autor\u0117 negailestinga pliekia ir demaskuoja savo herojus &#8212; Putin\u0105, Jelcin\u0105, Berezovsk\u012f, \u010ciubais\u0105, Volo\u0161in\u0105, Gromov\u0105. Kli\u016bva net tiems, kuriems autor\u0117 \u0161iek tiek simpatizuoja. \u201eMano knyga buvo geriausias Kremliaus \u201ckokyb\u0117s patikrinimas\u201c. A\u0161 tiesiog papasakojau Putinui ir jo draugams ties\u0105 apie juos pa\u010dius. U\u017e tai i\u0161 prad\u017ei\u0173 buvau atleista i\u0161 darbo, i\u0161 man\u0119s buvo atimta galimyb\u0117 dirbti \u017eurnaliste, o v\u0117liau dar ir pabandyta mane susprogdinti bomba\u201c, &#8211; lietuvi\u0161ko knygos leidimo pratarm\u0117je ra\u0161o Jelena Tregubova. Autor\u0117 baimindamasi d\u0117l sav\u0119s kur\u012f laik\u0105 gyveno u\u017esienyje. Knyga apdovanota premija \u201eU\u017e met\u0173 bestseler\u012f\u201c ir i\u0161versta ar ver\u010diama \u012f angl\u0173, kin\u0173, pranc\u016bz\u0173, vokie\u010di\u0173, ital\u0173 bei latvi\u0173 kalbas. Autor\u0117 paruo\u0161\u0117 special\u0173 knygos variant\u0105 Lietuvai. Jis apima abi Rusijoje pasirod\u017eiusias knygas. Autorius:\u00a0Jelena Tregubova Leid\u0117jas:\u00a0Kitos knygos Metai:\u00a02005 Puslapiai:\u00a0422 ISBN:\u00a09789955640028 Formatas:\u00a016,5 x 20,5 cm, kieti vir\u0161eliai Kalba:\u00a0Lietuvi\u0173 Vert\u0117jas:\u00a0Aidas Jura\u0161ius<\/p>\n","protected":false},"featured_media":16947,"comment_status":"closed","ping_status":"closed","template":"","meta":{"_acf_changed":false,"site-sidebar-layout":"default","site-content-layout":"","ast-site-content-layout":"default","site-content-style":"default","site-sidebar-style":"default","ast-global-header-display":"","ast-banner-title-visibility":"","ast-main-header-display":"","ast-hfb-above-header-display":"","ast-hfb-below-header-display":"","ast-hfb-mobile-header-display":"","site-post-title":"","ast-breadcrumbs-content":"","ast-featured-img":"","footer-sml-layout":"","ast-disable-related-posts":"","theme-transparent-header-meta":"default","adv-header-id-meta":"","stick-header-meta":"","header-above-stick-meta":"","header-main-stick-meta":"","header-below-stick-meta":"","astra-migrate-meta-layouts":"set","ast-page-background-enabled":"default","ast-page-background-meta":{"desktop":{"background-color":"","background-image":"","background-repeat":"repeat","background-position":"center center","background-size":"auto","background-attachment":"scroll","background-type":"","background-media":"","overlay-type":"","overlay-color":"","overlay-opacity":"","overlay-gradient":""},"tablet":{"background-color":"","background-image":"","background-repeat":"repeat","background-position":"center center","background-size":"auto","background-attachment":"scroll","background-type":"","background-media":"","overlay-type":"","overlay-color":"","overlay-opacity":"","overlay-gradient":""},"mobile":{"background-color":"","background-image":"","background-repeat":"repeat","background-position":"center center","background-size":"auto","background-attachment":"scroll","background-type":"","background-media":"","overlay-type":"","overlay-color":"","overlay-opacity":"","overlay-gradient":""}},"ast-content-background-meta":{"desktop":{"background-color":"var(--ast-global-color-4)","background-image":"","background-repeat":"repeat","background-position":"center center","background-size":"auto","background-attachment":"scroll","background-type":"","background-media":"","overlay-type":"","overlay-color":"","overlay-opacity":"","overlay-gradient":""},"tablet":{"background-color":"var(--ast-global-color-4)","background-image":"","background-repeat":"repeat","background-position":"center center","background-size":"auto","background-attachment":"scroll","background-type":"","background-media":"","overlay-type":"","overlay-color":"","overlay-opacity":"","overlay-gradient":""},"mobile":{"background-color":"var(--ast-global-color-4)","background-image":"","background-repeat":"repeat","background-position":"center center","background-size":"auto","background-attachment":"scroll","background-type":"","background-media":"","overlay-type":"","overlay-color":"","overlay-opacity":"","overlay-gradient":""}}},"product_brand":[],"product_cat":[174],"product_tag":[],"class_list":{"0":"post-16946","1":"product","2":"type-product","3":"status-publish","4":"has-post-thumbnail","6":"product_cat-istorija-ir-politologija","7":"desktop-align-left","8":"tablet-align-left","9":"mobile-align-left","11":"first","12":"instock","13":"shipping-taxable","14":"purchasable","15":"product-type-simple"},"acf":[],"yoast_head":"<!-- This site is optimized with the Yoast SEO plugin v27.4 - https:\/\/yoast.com\/product\/yoast-seo-wordpress\/ -->\n<title>Kremliaus digerio pasak\u0117l\u0117s<\/title>\n<meta name=\"description\" content=\"\u017durnalist\u0117s Jelenos Tregubovos knyga apie Boriso Jelcino ir Vladimiro Putino Rusijos politikos u\u017ekulisius tapo tikra sensacija ir sudrebino Rusijos\" \/>\n<meta name=\"robots\" content=\"index, follow, max-snippet:-1, max-image-preview:large, max-video-preview:-1\" \/>\n<link rel=\"canonical\" href=\"https:\/\/skaitytaknyga.lt\/en\/produktas\/kremliaus-digerio-pasakeles\/\" \/>\n<meta property=\"og:locale\" content=\"en_GB\" \/>\n<meta property=\"og:locale:alternate\" content=\"lt_LT\" \/>\n<meta property=\"og:type\" content=\"article\" \/>\n<meta property=\"og:title\" content=\"Kremliaus digerio pasak\u0117l\u0117s\" \/>\n<meta property=\"og:description\" content=\"\u017durnalist\u0117s Jelenos Tregubovos knyga apie Boriso Jelcino ir Vladimiro Putino Rusijos politikos u\u017ekulisius tapo tikra sensacija ir sudrebino Rusijos\" \/>\n<meta property=\"og:url\" content=\"https:\/\/skaitytaknyga.lt\/en\/produktas\/kremliaus-digerio-pasakeles\/\" \/>\n<meta property=\"og:site_name\" content=\"Skaitytaknyga\" \/>\n<meta property=\"article:publisher\" content=\"https:\/\/www.facebook.com\/skaitytaknyga\/\" \/>\n<meta property=\"article:modified_time\" content=\"2025-05-24T17:53:32+00:00\" \/>\n<meta property=\"og:image\" content=\"https:\/\/skaitytaknyga.lt\/wp-content\/uploads\/2025\/02\/Kremliaus-digerio-pasakeles.webp\" \/>\n\t<meta property=\"og:image:width\" content=\"632\" \/>\n\t<meta property=\"og:image:height\" content=\"799\" \/>\n\t<meta property=\"og:image:type\" content=\"image\/webp\" \/>\n<meta name=\"twitter:card\" content=\"summary_large_image\" \/>\n<meta name=\"twitter:label1\" content=\"Estimated reading time\" \/>\n\t<meta name=\"twitter:data1\" content=\"2 minutes\" \/>\n<script type=\"application\/ld+json\" class=\"yoast-schema-graph\">{\"@context\":\"https:\\\/\\\/schema.org\",\"@graph\":[{\"@type\":\"WebPage\",\"@id\":\"https:\\\/\\\/skaitytaknyga.lt\\\/produktas\\\/kremliaus-digerio-pasakeles\\\/\",\"url\":\"https:\\\/\\\/skaitytaknyga.lt\\\/produktas\\\/kremliaus-digerio-pasakeles\\\/\",\"name\":\"Kremliaus digerio pasak\u0117l\u0117s\",\"isPartOf\":{\"@id\":\"https:\\\/\\\/skaitytaknyga.lt\\\/#website\"},\"primaryImageOfPage\":{\"@id\":\"https:\\\/\\\/skaitytaknyga.lt\\\/produktas\\\/kremliaus-digerio-pasakeles\\\/#primaryimage\"},\"image\":{\"@id\":\"https:\\\/\\\/skaitytaknyga.lt\\\/produktas\\\/kremliaus-digerio-pasakeles\\\/#primaryimage\"},\"thumbnailUrl\":\"https:\\\/\\\/skaitytaknyga.lt\\\/wp-content\\\/uploads\\\/2025\\\/02\\\/Kremliaus-digerio-pasakeles.webp\",\"datePublished\":\"2025-02-26T07:34:00+00:00\",\"dateModified\":\"2025-05-24T17:53:32+00:00\",\"description\":\"\u017durnalist\u0117s Jelenos Tregubovos knyga apie Boriso Jelcino ir Vladimiro Putino Rusijos politikos u\u017ekulisius tapo tikra sensacija ir sudrebino Rusijos\",\"breadcrumb\":{\"@id\":\"https:\\\/\\\/skaitytaknyga.lt\\\/produktas\\\/kremliaus-digerio-pasakeles\\\/#breadcrumb\"},\"inLanguage\":\"en-GB\",\"potentialAction\":[{\"@type\":\"ReadAction\",\"target\":[\"https:\\\/\\\/skaitytaknyga.lt\\\/produktas\\\/kremliaus-digerio-pasakeles\\\/\"]}]},{\"@type\":\"ImageObject\",\"inLanguage\":\"en-GB\",\"@id\":\"https:\\\/\\\/skaitytaknyga.lt\\\/produktas\\\/kremliaus-digerio-pasakeles\\\/#primaryimage\",\"url\":\"https:\\\/\\\/skaitytaknyga.lt\\\/wp-content\\\/uploads\\\/2025\\\/02\\\/Kremliaus-digerio-pasakeles.webp\",\"contentUrl\":\"https:\\\/\\\/skaitytaknyga.lt\\\/wp-content\\\/uploads\\\/2025\\\/02\\\/Kremliaus-digerio-pasakeles.webp\",\"width\":632,\"height\":799,\"caption\":\"Kremliaus digerio pasak\u0117l\u0117s\"},{\"@type\":\"BreadcrumbList\",\"@id\":\"https:\\\/\\\/skaitytaknyga.lt\\\/produktas\\\/kremliaus-digerio-pasakeles\\\/#breadcrumb\",\"itemListElement\":[{\"@type\":\"ListItem\",\"position\":1,\"name\":\"Home\",\"item\":\"https:\\\/\\\/skaitytaknyga.lt\\\/\"},{\"@type\":\"ListItem\",\"position\":2,\"name\":\"Parduotuv\u0117\",\"item\":\"https:\\\/\\\/skaitytaknyga.lt\\\/knygu-parduotuve\\\/\"},{\"@type\":\"ListItem\",\"position\":3,\"name\":\"Kremliaus digerio pasak\u0117l\u0117s\"}]},{\"@type\":\"WebSite\",\"@id\":\"https:\\\/\\\/skaitytaknyga.lt\\\/#website\",\"url\":\"https:\\\/\\\/skaitytaknyga.lt\\\/\",\"name\":\"skaitytaknyga.lt\",\"description\":\"Skaitytaknyga.lt \u2013 tai ma\u017eas \u0161eimos verslas, kuris prasid\u0117jo nuo meil\u0117s knygoms ir siekio i\u0161gelb\u0117ti knygas nuo likimo prie konteinerio. Kas vienam nereikalingas daiktas \u2013 kitam lobis, o mes esame tarpininkai, kurie padeda abiems tapti laimingesniems ???? \u017dinome kaip nelengva i\u0161gyventi ma\u017eiems verslams, tad nuo \u0161iol, \u010dia rasite ir kit\u0173, ma\u017e\u0173 \u0161eim\u0173 versl\u0173, rank\u0173 darbo, dovan\u0173 sau ir artimiesiems.\",\"publisher\":{\"@id\":\"https:\\\/\\\/skaitytaknyga.lt\\\/#organization\"},\"potentialAction\":[{\"@type\":\"SearchAction\",\"target\":{\"@type\":\"EntryPoint\",\"urlTemplate\":\"https:\\\/\\\/skaitytaknyga.lt\\\/?s={search_term_string}\"},\"query-input\":{\"@type\":\"PropertyValueSpecification\",\"valueRequired\":true,\"valueName\":\"search_term_string\"}}],\"inLanguage\":\"en-GB\"},{\"@type\":\"Organization\",\"@id\":\"https:\\\/\\\/skaitytaknyga.lt\\\/#organization\",\"name\":\"skaitytaknyga.lt\",\"url\":\"https:\\\/\\\/skaitytaknyga.lt\\\/\",\"logo\":{\"@type\":\"ImageObject\",\"inLanguage\":\"en-GB\",\"@id\":\"https:\\\/\\\/skaitytaknyga.lt\\\/#\\\/schema\\\/logo\\\/image\\\/\",\"url\":\"https:\\\/\\\/skaitytaknyga.lt\\\/wp-content\\\/uploads\\\/2024\\\/05\\\/cropped-cropped-cropped-02_00843_jt3bggkj1j3HLc7SyY6rEUpg.jpeg\",\"contentUrl\":\"https:\\\/\\\/skaitytaknyga.lt\\\/wp-content\\\/uploads\\\/2024\\\/05\\\/cropped-cropped-cropped-02_00843_jt3bggkj1j3HLc7SyY6rEUpg.jpeg\",\"width\":1600,\"height\":1600,\"caption\":\"skaitytaknyga.lt\"},\"image\":{\"@id\":\"https:\\\/\\\/skaitytaknyga.lt\\\/#\\\/schema\\\/logo\\\/image\\\/\"},\"sameAs\":[\"https:\\\/\\\/www.facebook.com\\\/skaitytaknyga\\\/\"]}]}<\/script>\n<!-- \/ Yoast SEO plugin. -->","yoast_head_json":{"title":"Kremliaus digerio pasak\u0117l\u0117s","description":"\u017durnalist\u0117s Jelenos Tregubovos knyga apie Boriso Jelcino ir Vladimiro Putino Rusijos politikos u\u017ekulisius tapo tikra sensacija ir sudrebino Rusijos","robots":{"index":"index","follow":"follow","max-snippet":"max-snippet:-1","max-image-preview":"max-image-preview:large","max-video-preview":"max-video-preview:-1"},"canonical":"https:\/\/skaitytaknyga.lt\/en\/produktas\/kremliaus-digerio-pasakeles\/","og_locale":"en_GB","og_type":"article","og_title":"[:lt]Kremliaus digerio pasak\u0117l\u0117s[:] - Skaitytaknyga","og_description":"\u017durnalist\u0117s Jelenos Tregubovos knyga apie Boriso Jelcino ir Vladimiro Putino Rusijos politikos u\u017ekulisius tapo tikra sensacija ir sudrebino Rusijos","og_url":"https:\/\/skaitytaknyga.lt\/en\/produktas\/kremliaus-digerio-pasakeles\/","og_site_name":"Skaitytaknyga","article_publisher":"https:\/\/www.facebook.com\/skaitytaknyga\/","article_modified_time":"2025-05-24T17:53:32+00:00","og_image":[{"width":632,"height":799,"url":"https:\/\/skaitytaknyga.lt\/wp-content\/uploads\/2025\/02\/Kremliaus-digerio-pasakeles.webp","type":"image\/webp"}],"twitter_card":"summary_large_image","twitter_misc":{"Estimated reading time":"2 minutes"},"schema":{"@context":"https:\/\/schema.org","@graph":[{"@type":"WebPage","@id":"https:\/\/skaitytaknyga.lt\/produktas\/kremliaus-digerio-pasakeles\/","url":"https:\/\/skaitytaknyga.lt\/produktas\/kremliaus-digerio-pasakeles\/","name":"Kremliaus digerio pasak\u0117l\u0117s","isPartOf":{"@id":"https:\/\/skaitytaknyga.lt\/#website"},"primaryImageOfPage":{"@id":"https:\/\/skaitytaknyga.lt\/produktas\/kremliaus-digerio-pasakeles\/#primaryimage"},"image":{"@id":"https:\/\/skaitytaknyga.lt\/produktas\/kremliaus-digerio-pasakeles\/#primaryimage"},"thumbnailUrl":"https:\/\/skaitytaknyga.lt\/wp-content\/uploads\/2025\/02\/Kremliaus-digerio-pasakeles.webp","datePublished":"2025-02-26T07:34:00+00:00","dateModified":"2025-05-24T17:53:32+00:00","description":"\u017durnalist\u0117s Jelenos Tregubovos knyga apie Boriso Jelcino ir Vladimiro Putino Rusijos politikos u\u017ekulisius tapo tikra sensacija ir sudrebino Rusijos","breadcrumb":{"@id":"https:\/\/skaitytaknyga.lt\/produktas\/kremliaus-digerio-pasakeles\/#breadcrumb"},"inLanguage":"en-GB","potentialAction":[{"@type":"ReadAction","target":["https:\/\/skaitytaknyga.lt\/produktas\/kremliaus-digerio-pasakeles\/"]}]},{"@type":"ImageObject","inLanguage":"en-GB","@id":"https:\/\/skaitytaknyga.lt\/produktas\/kremliaus-digerio-pasakeles\/#primaryimage","url":"https:\/\/skaitytaknyga.lt\/wp-content\/uploads\/2025\/02\/Kremliaus-digerio-pasakeles.webp","contentUrl":"https:\/\/skaitytaknyga.lt\/wp-content\/uploads\/2025\/02\/Kremliaus-digerio-pasakeles.webp","width":632,"height":799,"caption":"Kremliaus digerio pasak\u0117l\u0117s"},{"@type":"BreadcrumbList","@id":"https:\/\/skaitytaknyga.lt\/produktas\/kremliaus-digerio-pasakeles\/#breadcrumb","itemListElement":[{"@type":"ListItem","position":1,"name":"Home","item":"https:\/\/skaitytaknyga.lt\/"},{"@type":"ListItem","position":2,"name":"Parduotuv\u0117","item":"https:\/\/skaitytaknyga.lt\/knygu-parduotuve\/"},{"@type":"ListItem","position":3,"name":"Kremliaus digerio pasak\u0117l\u0117s"}]},{"@type":"WebSite","@id":"https:\/\/skaitytaknyga.lt\/#website","url":"https:\/\/skaitytaknyga.lt\/","name":"skaitytaknyga.lt","description":"Skaitytaknyga.lt \u2013 tai ma\u017eas \u0161eimos verslas, kuris prasid\u0117jo nuo meil\u0117s knygoms ir siekio i\u0161gelb\u0117ti knygas nuo likimo prie konteinerio. Kas vienam nereikalingas daiktas \u2013 kitam lobis, o mes esame tarpininkai, kurie padeda abiems tapti laimingesniems ???? \u017dinome kaip nelengva i\u0161gyventi ma\u017eiems verslams, tad nuo \u0161iol, \u010dia rasite ir kit\u0173, ma\u017e\u0173 \u0161eim\u0173 versl\u0173, rank\u0173 darbo, dovan\u0173 sau ir artimiesiems.","publisher":{"@id":"https:\/\/skaitytaknyga.lt\/#organization"},"potentialAction":[{"@type":"SearchAction","target":{"@type":"EntryPoint","urlTemplate":"https:\/\/skaitytaknyga.lt\/?s={search_term_string}"},"query-input":{"@type":"PropertyValueSpecification","valueRequired":true,"valueName":"search_term_string"}}],"inLanguage":"en-GB"},{"@type":"Organization","@id":"https:\/\/skaitytaknyga.lt\/#organization","name":"skaitytaknyga.lt","url":"https:\/\/skaitytaknyga.lt\/","logo":{"@type":"ImageObject","inLanguage":"en-GB","@id":"https:\/\/skaitytaknyga.lt\/#\/schema\/logo\/image\/","url":"https:\/\/skaitytaknyga.lt\/wp-content\/uploads\/2024\/05\/cropped-cropped-cropped-02_00843_jt3bggkj1j3HLc7SyY6rEUpg.jpeg","contentUrl":"https:\/\/skaitytaknyga.lt\/wp-content\/uploads\/2024\/05\/cropped-cropped-cropped-02_00843_jt3bggkj1j3HLc7SyY6rEUpg.jpeg","width":1600,"height":1600,"caption":"skaitytaknyga.lt"},"image":{"@id":"https:\/\/skaitytaknyga.lt\/#\/schema\/logo\/image\/"},"sameAs":["https:\/\/www.facebook.com\/skaitytaknyga\/"]}]}},"_links":{"self":[{"href":"https:\/\/skaitytaknyga.lt\/en\/wp-json\/wp\/v2\/product\/16946","targetHints":{"allow":["GET"]}}],"collection":[{"href":"https:\/\/skaitytaknyga.lt\/en\/wp-json\/wp\/v2\/product"}],"about":[{"href":"https:\/\/skaitytaknyga.lt\/en\/wp-json\/wp\/v2\/types\/product"}],"replies":[{"embeddable":true,"href":"https:\/\/skaitytaknyga.lt\/en\/wp-json\/wp\/v2\/comments?post=16946"}],"wp:featuredmedia":[{"embeddable":true,"href":"https:\/\/skaitytaknyga.lt\/en\/wp-json\/wp\/v2\/media\/16947"}],"wp:attachment":[{"href":"https:\/\/skaitytaknyga.lt\/en\/wp-json\/wp\/v2\/media?parent=16946"}],"wp:term":[{"taxonomy":"product_brand","embeddable":true,"href":"https:\/\/skaitytaknyga.lt\/en\/wp-json\/wp\/v2\/product_brand?post=16946"},{"taxonomy":"product_cat","embeddable":true,"href":"https:\/\/skaitytaknyga.lt\/en\/wp-json\/wp\/v2\/product_cat?post=16946"},{"taxonomy":"product_tag","embeddable":true,"href":"https:\/\/skaitytaknyga.lt\/en\/wp-json\/wp\/v2\/product_tag?post=16946"}],"curies":[{"name":"wp","href":"https:\/\/api.w.org\/{rel}","templated":true}]}}