{"id":16929,"date":"2025-02-26T08:17:59","date_gmt":"2025-02-26T06:17:59","guid":{"rendered":"https:\/\/skaitytaknyga.lt\/?post_type=product&#038;p=16929"},"modified":"2025-06-11T07:42:55","modified_gmt":"2025-06-11T04:42:55","slug":"lietuviai-prie-laptevu-juros","status":"publish","type":"product","link":"https:\/\/skaitytaknyga.lt\/en\/produktas\/lietuviai-prie-laptevu-juros\/","title":{"rendered":"Lietuviai prie Laptev\u0173 j\u016bros"},"content":{"rendered":"<p>\u201eDalia Grinkevi\u010di\u016bt\u0117 (1927\u20131987) yra para\u0161iusi svarbiausius, geriausiai \u017einomus lietuvi\u0161kosios tremties literat\u016bros k\u016brinius. Tai memuariniai pasakojimai, pavadinti \u201eAtsiminimais\u201c ir \u201eLietuviai prie Laptev\u0173 j\u016bros\u201c (\u0161ios apybrai\u017eos t\u0119sinys \u2013 \u201eGimtojoj \u017dem\u0117j\u201c). Jie labiausiai vertinami d\u0117l tikrovi\u0161k\u0173 tremties vaizd\u0173, i\u0161rai\u0161kingo \u012fvyki\u0173 traktavimo, did\u017eiulio pirmosios publikacijos (1988) atgarsio s\u0105j\u016bdi\u0161koje Lietuvoje ir d\u0117l to, kad para\u0161yti talentingo \u017emogaus, ypatingos asmenyb\u0117s. D. Grinkevi\u010di\u016bt\u0117s k\u016bryba remiasi jos pa\u010dios patirtimis, jausmais ir apm\u0105stymais. Grinkevi\u010di\u0173 \u0161eima su keturiolikmete Dalia buvo i\u0161tremta 1941 m. bir\u017eelio keturiolikt\u0105j\u0105 ir did\u017ei\u0105j\u0105 dal\u012f laiko kent\u0117jo prie Laptev\u0173 j\u016bros. Daliai leista gr\u012f\u017eti \u012f Lietuv\u0105 1956 m.<\/p>\n<p>Apysaka, leid\u0117j\u0173 pavadinta \u201eAtsiminimais\u201c, para\u0161yta 1949\u20131950 m. Dalia kartu su sergan\u010dia motina stebuklingu b\u016bdu buvo pab\u0117gusios i\u0161 Jakutsko. D. Grinkevi\u010di\u016bt\u0117 slapst\u0117si Kaune, globojo (ir palaidojo) motin\u0105, ra\u0161\u0117. Suprasdama, kad bus suimta (taip ir \u012fvyko), rankra\u0161t\u012f \u012fd\u0117jo \u012f stiklain\u012f ir u\u017ekas\u0117. Jis atsitiktinai buvo surastas\u00a0 tik 1991 m., restauruotas ir pirm\u0105 kart\u0105 i\u0161spausdintas \u017eurnale \u201eMetai\u201c (1996, Nr. 10\u201312, 1997, Nr. 1).<\/p>\n<p>Memuarin\u0117 apybrai\u017ea \u201eLietuviai prie Laptev\u0173 j\u016bros\u201c (Kazio Sajos pasi\u016blytas pavadinimas) para\u0161yta devintojo de\u0161imtme\u010dio prad\u017eioje Laukuvoje, kur D. Grinkevi\u010di\u016bt\u0117, baigusi medicinos studijas Omske ir Kaune, vadovavo ambulatorijai ir ligoninei. Neradusi anks\u010diau min\u0117to rankra\u0161\u010dio, D. Grinkevi\u010di\u016bt\u0117 suk\u016br\u0117 \u0161i\u0105 trump\u0105, koncentruot\u0105, informatyvi\u0105 apybrai\u017e\u0105. Pirm\u0105 kart\u0105 ji buvo i\u0161spausdinta \u017eurnale \u201ePergal\u0117\u201c (dabartiniai \u201eMetai\u201c) 1988 m. spal\u012f (tuometinis \u017eurnalo tira\u017eas 24120 egz.) ir padar\u0117 sprogusios bombos \u012fsp\u016bd\u012f. Tremties vaizdai ir pasakojimo energetika reik\u0161mingai prisid\u0117jo prie okupacijos suvokimo ir Nepriklausomyb\u0117s atk\u016brimo paskat\u0173.<\/p>\n<p>Pasakojimas \u201eGimtojoj \u017dem\u0117j\u201c, datuojamas \u201epo 1979 m.\u201c, vaizduoja i\u0161 tremties gr\u012f\u017eusios D. Grinkevi\u010di\u016bt\u0117s sunkias patirtis susovietintoje Lietuvoje \u2013 \u201eantr\u0105j\u012f Sibir\u0105\u201c, \u2013 Valentinas Sventickas.<\/p>\n<p>Leidimo metai: 2005, 2015<br \/>\nPsl. skai\u010dius: 267 p.<br \/>\nISBN: 9789986399025<\/p>\n","protected":false},"excerpt":{"rendered":"<p>\u201eDalia Grinkevi\u010di\u016bt\u0117 (1927\u20131987) yra para\u0161iusi svarbiausius, geriausiai \u017einomus lietuvi\u0161kosios tremties literat\u016bros k\u016brinius. Tai memuariniai pasakojimai, pavadinti \u201eAtsiminimais\u201c ir \u201eLietuviai prie Laptev\u0173 j\u016bros\u201c (\u0161ios apybrai\u017eos t\u0119sinys \u2013 \u201eGimtojoj \u017dem\u0117j\u201c). Jie labiausiai vertinami d\u0117l tikrovi\u0161k\u0173 tremties vaizd\u0173, i\u0161rai\u0161kingo \u012fvyki\u0173 traktavimo, did\u017eiulio pirmosios publikacijos (1988) atgarsio s\u0105j\u016bdi\u0161koje Lietuvoje ir d\u0117l to, kad para\u0161yti talentingo \u017emogaus, ypatingos asmenyb\u0117s. D. Grinkevi\u010di\u016bt\u0117s k\u016bryba remiasi jos pa\u010dios patirtimis, jausmais ir apm\u0105stymais. Grinkevi\u010di\u0173 \u0161eima su keturiolikmete Dalia buvo i\u0161tremta 1941 m. bir\u017eelio keturiolikt\u0105j\u0105 ir did\u017ei\u0105j\u0105 dal\u012f laiko kent\u0117jo prie Laptev\u0173 j\u016bros. Daliai leista gr\u012f\u017eti \u012f Lietuv\u0105 1956 m. Apysaka, leid\u0117j\u0173 pavadinta \u201eAtsiminimais\u201c, para\u0161yta 1949\u20131950 m. Dalia kartu su sergan\u010dia motina stebuklingu b\u016bdu buvo pab\u0117gusios i\u0161 Jakutsko. D. Grinkevi\u010di\u016bt\u0117 slapst\u0117si Kaune, globojo (ir palaidojo) motin\u0105, ra\u0161\u0117. Suprasdama, kad bus suimta (taip ir \u012fvyko), rankra\u0161t\u012f \u012fd\u0117jo \u012f stiklain\u012f ir u\u017ekas\u0117. Jis atsitiktinai buvo surastas\u00a0 tik 1991 m., restauruotas ir pirm\u0105 kart\u0105 i\u0161spausdintas \u017eurnale \u201eMetai\u201c (1996, Nr. 10\u201312, 1997, Nr. 1). Memuarin\u0117 apybrai\u017ea \u201eLietuviai prie Laptev\u0173 j\u016bros\u201c (Kazio Sajos pasi\u016blytas pavadinimas) para\u0161yta devintojo de\u0161imtme\u010dio prad\u017eioje Laukuvoje, kur D. Grinkevi\u010di\u016bt\u0117, baigusi medicinos studijas Omske ir Kaune, vadovavo ambulatorijai ir ligoninei. Neradusi anks\u010diau min\u0117to rankra\u0161\u010dio, D. Grinkevi\u010di\u016bt\u0117 suk\u016br\u0117 \u0161i\u0105 trump\u0105, koncentruot\u0105, informatyvi\u0105 apybrai\u017e\u0105. Pirm\u0105 kart\u0105 ji buvo i\u0161spausdinta \u017eurnale \u201ePergal\u0117\u201c (dabartiniai \u201eMetai\u201c) 1988 m. spal\u012f (tuometinis \u017eurnalo tira\u017eas 24120 egz.) ir padar\u0117 sprogusios bombos \u012fsp\u016bd\u012f. Tremties vaizdai ir pasakojimo energetika reik\u0161mingai prisid\u0117jo prie okupacijos suvokimo ir Nepriklausomyb\u0117s atk\u016brimo paskat\u0173. Pasakojimas \u201eGimtojoj \u017dem\u0117j\u201c, datuojamas \u201epo 1979 m.\u201c, vaizduoja i\u0161 tremties gr\u012f\u017eusios D. Grinkevi\u010di\u016bt\u0117s sunkias patirtis susovietintoje Lietuvoje \u2013 \u201eantr\u0105j\u012f Sibir\u0105\u201c, \u2013 Valentinas Sventickas. Leidimo metai: 2005, 2015 Psl. skai\u010dius: 267 p. ISBN: 9789986399025<\/p>\n","protected":false},"featured_media":16930,"comment_status":"closed","ping_status":"closed","template":"","meta":{"_acf_changed":false,"site-sidebar-layout":"default","site-content-layout":"","ast-site-content-layout":"default","site-content-style":"default","site-sidebar-style":"default","ast-global-header-display":"","ast-banner-title-visibility":"","ast-main-header-display":"","ast-hfb-above-header-display":"","ast-hfb-below-header-display":"","ast-hfb-mobile-header-display":"","site-post-title":"","ast-breadcrumbs-content":"","ast-featured-img":"","footer-sml-layout":"","ast-disable-related-posts":"","theme-transparent-header-meta":"default","adv-header-id-meta":"","stick-header-meta":"","header-above-stick-meta":"","header-main-stick-meta":"","header-below-stick-meta":"","astra-migrate-meta-layouts":"set","ast-page-background-enabled":"default","ast-page-background-meta":{"desktop":{"background-color":"","background-image":"","background-repeat":"repeat","background-position":"center center","background-size":"auto","background-attachment":"scroll","background-type":"","background-media":"","overlay-type":"","overlay-color":"","overlay-opacity":"","overlay-gradient":""},"tablet":{"background-color":"","background-image":"","background-repeat":"repeat","background-position":"center center","background-size":"auto","background-attachment":"scroll","background-type":"","background-media":"","overlay-type":"","overlay-color":"","overlay-opacity":"","overlay-gradient":""},"mobile":{"background-color":"","background-image":"","background-repeat":"repeat","background-position":"center center","background-size":"auto","background-attachment":"scroll","background-type":"","background-media":"","overlay-type":"","overlay-color":"","overlay-opacity":"","overlay-gradient":""}},"ast-content-background-meta":{"desktop":{"background-color":"var(--ast-global-color-4)","background-image":"","background-repeat":"repeat","background-position":"center center","background-size":"auto","background-attachment":"scroll","background-type":"","background-media":"","overlay-type":"","overlay-color":"","overlay-opacity":"","overlay-gradient":""},"tablet":{"background-color":"var(--ast-global-color-4)","background-image":"","background-repeat":"repeat","background-position":"center center","background-size":"auto","background-attachment":"scroll","background-type":"","background-media":"","overlay-type":"","overlay-color":"","overlay-opacity":"","overlay-gradient":""},"mobile":{"background-color":"var(--ast-global-color-4)","background-image":"","background-repeat":"repeat","background-position":"center center","background-size":"auto","background-attachment":"scroll","background-type":"","background-media":"","overlay-type":"","overlay-color":"","overlay-opacity":"","overlay-gradient":""}}},"product_brand":[],"product_cat":[33,31,174],"product_tag":[1349,4749,4748,3047],"class_list":{"0":"post-16929","1":"product","2":"type-product","3":"status-publish","4":"has-post-thumbnail","6":"product_cat-biografijos","7":"product_cat-grozine-literatura","8":"product_cat-istorija-ir-politologija","9":"product_tag-atsiminimai","10":"product_tag-dalia-grinkeviciute","11":"product_tag-laptevu-jura","12":"product_tag-sibiras","13":"desktop-align-left","14":"tablet-align-left","15":"mobile-align-left","17":"first","18":"outofstock","19":"shipping-taxable","20":"purchasable","21":"product-type-simple"},"acf":[],"yoast_head":"<!-- This site is optimized with the Yoast SEO plugin v27.0 - https:\/\/yoast.com\/product\/yoast-seo-wordpress\/ -->\n<title>Lietuviai prie Laptev\u0173 j\u016bros<\/title>\n<meta name=\"description\" content=\"\u201eDalia Grinkevi\u010di\u016bt\u0117 (1927\u20131987) yra para\u0161iusi svarbiausius, geriausiai \u017einomus lietuvi\u0161kosios tremties literat\u016bros k\u016brinius. Tai memuariniai pasakojimai,\" \/>\n<meta name=\"robots\" content=\"index, follow, max-snippet:-1, max-image-preview:large, max-video-preview:-1\" \/>\n<link rel=\"canonical\" href=\"https:\/\/skaitytaknyga.lt\/en\/produktas\/lietuviai-prie-laptevu-juros\/\" \/>\n<meta property=\"og:locale\" content=\"en_GB\" \/>\n<meta property=\"og:locale:alternate\" content=\"lt_LT\" \/>\n<meta property=\"og:type\" content=\"article\" \/>\n<meta property=\"og:title\" content=\"Lietuviai prie Laptev\u0173 j\u016bros\" \/>\n<meta property=\"og:description\" content=\"\u201eDalia Grinkevi\u010di\u016bt\u0117 (1927\u20131987) yra para\u0161iusi svarbiausius, geriausiai \u017einomus lietuvi\u0161kosios tremties literat\u016bros k\u016brinius. Tai memuariniai pasakojimai,\" \/>\n<meta property=\"og:url\" content=\"https:\/\/skaitytaknyga.lt\/en\/produktas\/lietuviai-prie-laptevu-juros\/\" \/>\n<meta property=\"og:site_name\" content=\"Skaitytaknyga\" \/>\n<meta property=\"article:publisher\" content=\"https:\/\/www.facebook.com\/skaitytaknyga\/\" \/>\n<meta property=\"article:modified_time\" content=\"2025-06-11T04:42:55+00:00\" \/>\n<meta property=\"og:image\" content=\"https:\/\/skaitytaknyga.lt\/wp-content\/uploads\/2025\/02\/grinkeviciute-lietuviai-prie-laptevu-juros-lll_1536161968.jpg\" \/>\n\t<meta property=\"og:image:width\" content=\"945\" \/>\n\t<meta property=\"og:image:height\" content=\"1435\" \/>\n\t<meta property=\"og:image:type\" content=\"image\/jpeg\" \/>\n<meta name=\"twitter:card\" content=\"summary_large_image\" \/>\n<meta name=\"twitter:label1\" content=\"Estimated reading time\" \/>\n\t<meta name=\"twitter:data1\" content=\"2 minutes\" \/>\n<script type=\"application\/ld+json\" class=\"yoast-schema-graph\">{\"@context\":\"https:\/\/schema.org\",\"@graph\":[{\"@type\":\"WebPage\",\"@id\":\"https:\/\/skaitytaknyga.lt\/produktas\/lietuviai-prie-laptevu-juros\/\",\"url\":\"https:\/\/skaitytaknyga.lt\/produktas\/lietuviai-prie-laptevu-juros\/\",\"name\":\"Lietuviai prie Laptev\u0173 j\u016bros\",\"isPartOf\":{\"@id\":\"https:\/\/skaitytaknyga.lt\/#website\"},\"primaryImageOfPage\":{\"@id\":\"https:\/\/skaitytaknyga.lt\/produktas\/lietuviai-prie-laptevu-juros\/#primaryimage\"},\"image\":{\"@id\":\"https:\/\/skaitytaknyga.lt\/produktas\/lietuviai-prie-laptevu-juros\/#primaryimage\"},\"thumbnailUrl\":\"https:\/\/skaitytaknyga.lt\/wp-content\/uploads\/2025\/02\/grinkeviciute-lietuviai-prie-laptevu-juros-lll_1536161968.jpg\",\"datePublished\":\"2025-02-26T06:17:59+00:00\",\"dateModified\":\"2025-06-11T04:42:55+00:00\",\"description\":\"\u201eDalia Grinkevi\u010di\u016bt\u0117 (1927\u20131987) yra para\u0161iusi svarbiausius, geriausiai \u017einomus lietuvi\u0161kosios tremties literat\u016bros k\u016brinius. Tai memuariniai pasakojimai,\",\"breadcrumb\":{\"@id\":\"https:\/\/skaitytaknyga.lt\/produktas\/lietuviai-prie-laptevu-juros\/#breadcrumb\"},\"inLanguage\":\"en-GB\",\"potentialAction\":[{\"@type\":\"ReadAction\",\"target\":[\"https:\/\/skaitytaknyga.lt\/produktas\/lietuviai-prie-laptevu-juros\/\"]}]},{\"@type\":\"ImageObject\",\"inLanguage\":\"en-GB\",\"@id\":\"https:\/\/skaitytaknyga.lt\/produktas\/lietuviai-prie-laptevu-juros\/#primaryimage\",\"url\":\"https:\/\/skaitytaknyga.lt\/wp-content\/uploads\/2025\/02\/grinkeviciute-lietuviai-prie-laptevu-juros-lll_1536161968.jpg\",\"contentUrl\":\"https:\/\/skaitytaknyga.lt\/wp-content\/uploads\/2025\/02\/grinkeviciute-lietuviai-prie-laptevu-juros-lll_1536161968.jpg\",\"width\":945,\"height\":1435,\"caption\":\"Lietuviai prie Laptev\u0173 j\u016bros\"},{\"@type\":\"BreadcrumbList\",\"@id\":\"https:\/\/skaitytaknyga.lt\/produktas\/lietuviai-prie-laptevu-juros\/#breadcrumb\",\"itemListElement\":[{\"@type\":\"ListItem\",\"position\":1,\"name\":\"Home\",\"item\":\"https:\/\/skaitytaknyga.lt\/\"},{\"@type\":\"ListItem\",\"position\":2,\"name\":\"Parduotuv\u0117\",\"item\":\"https:\/\/skaitytaknyga.lt\/knygu-parduotuve\/\"},{\"@type\":\"ListItem\",\"position\":3,\"name\":\"Lietuviai prie Laptev\u0173 j\u016bros\"}]},{\"@type\":\"WebSite\",\"@id\":\"https:\/\/skaitytaknyga.lt\/#website\",\"url\":\"https:\/\/skaitytaknyga.lt\/\",\"name\":\"skaitytaknyga.lt\",\"description\":\"Skaitytaknyga.lt \u2013 tai ma\u017eas \u0161eimos verslas, kuris prasid\u0117jo nuo meil\u0117s knygoms ir siekio i\u0161gelb\u0117ti knygas nuo likimo prie konteinerio. Kas vienam nereikalingas daiktas \u2013 kitam lobis, o mes esame tarpininkai, kurie padeda abiems tapti laimingesniems ???? \u017dinome kaip nelengva i\u0161gyventi ma\u017eiems verslams, tad nuo \u0161iol, \u010dia rasite ir kit\u0173, ma\u017e\u0173 \u0161eim\u0173 versl\u0173, rank\u0173 darbo, dovan\u0173 sau ir artimiesiems.\",\"publisher\":{\"@id\":\"https:\/\/skaitytaknyga.lt\/#organization\"},\"potentialAction\":[{\"@type\":\"SearchAction\",\"target\":{\"@type\":\"EntryPoint\",\"urlTemplate\":\"https:\/\/skaitytaknyga.lt\/?s={search_term_string}\"},\"query-input\":{\"@type\":\"PropertyValueSpecification\",\"valueRequired\":true,\"valueName\":\"search_term_string\"}}],\"inLanguage\":\"en-GB\"},{\"@type\":\"Organization\",\"@id\":\"https:\/\/skaitytaknyga.lt\/#organization\",\"name\":\"skaitytaknyga.lt\",\"url\":\"https:\/\/skaitytaknyga.lt\/\",\"logo\":{\"@type\":\"ImageObject\",\"inLanguage\":\"en-GB\",\"@id\":\"https:\/\/skaitytaknyga.lt\/#\/schema\/logo\/image\/\",\"url\":\"https:\/\/skaitytaknyga.lt\/wp-content\/uploads\/2024\/05\/cropped-cropped-cropped-02_00843_jt3bggkj1j3HLc7SyY6rEUpg.jpeg\",\"contentUrl\":\"https:\/\/skaitytaknyga.lt\/wp-content\/uploads\/2024\/05\/cropped-cropped-cropped-02_00843_jt3bggkj1j3HLc7SyY6rEUpg.jpeg\",\"width\":1600,\"height\":1600,\"caption\":\"skaitytaknyga.lt\"},\"image\":{\"@id\":\"https:\/\/skaitytaknyga.lt\/#\/schema\/logo\/image\/\"},\"sameAs\":[\"https:\/\/www.facebook.com\/skaitytaknyga\/\"]}]}<\/script>\n<!-- \/ Yoast SEO plugin. -->","yoast_head_json":{"title":"Lietuviai prie Laptev\u0173 j\u016bros","description":"\u201eDalia Grinkevi\u010di\u016bt\u0117 (1927\u20131987) yra para\u0161iusi svarbiausius, geriausiai \u017einomus lietuvi\u0161kosios tremties literat\u016bros k\u016brinius. Tai memuariniai pasakojimai,","robots":{"index":"index","follow":"follow","max-snippet":"max-snippet:-1","max-image-preview":"max-image-preview:large","max-video-preview":"max-video-preview:-1"},"canonical":"https:\/\/skaitytaknyga.lt\/en\/produktas\/lietuviai-prie-laptevu-juros\/","og_locale":"en_GB","og_type":"article","og_title":"[:lt]Lietuviai prie Laptev\u0173 j\u016bros[:] - Skaitytaknyga","og_description":"\u201eDalia Grinkevi\u010di\u016bt\u0117 (1927\u20131987) yra para\u0161iusi svarbiausius, geriausiai \u017einomus lietuvi\u0161kosios tremties literat\u016bros k\u016brinius. Tai memuariniai pasakojimai,","og_url":"https:\/\/skaitytaknyga.lt\/en\/produktas\/lietuviai-prie-laptevu-juros\/","og_site_name":"Skaitytaknyga","article_publisher":"https:\/\/www.facebook.com\/skaitytaknyga\/","article_modified_time":"2025-06-11T04:42:55+00:00","og_image":[{"width":945,"height":1435,"url":"https:\/\/skaitytaknyga.lt\/wp-content\/uploads\/2025\/02\/grinkeviciute-lietuviai-prie-laptevu-juros-lll_1536161968.jpg","type":"image\/jpeg"}],"twitter_card":"summary_large_image","twitter_misc":{"Estimated reading time":"2 minutes"},"schema":{"@context":"https:\/\/schema.org","@graph":[{"@type":"WebPage","@id":"https:\/\/skaitytaknyga.lt\/produktas\/lietuviai-prie-laptevu-juros\/","url":"https:\/\/skaitytaknyga.lt\/produktas\/lietuviai-prie-laptevu-juros\/","name":"Lietuviai prie Laptev\u0173 j\u016bros","isPartOf":{"@id":"https:\/\/skaitytaknyga.lt\/#website"},"primaryImageOfPage":{"@id":"https:\/\/skaitytaknyga.lt\/produktas\/lietuviai-prie-laptevu-juros\/#primaryimage"},"image":{"@id":"https:\/\/skaitytaknyga.lt\/produktas\/lietuviai-prie-laptevu-juros\/#primaryimage"},"thumbnailUrl":"https:\/\/skaitytaknyga.lt\/wp-content\/uploads\/2025\/02\/grinkeviciute-lietuviai-prie-laptevu-juros-lll_1536161968.jpg","datePublished":"2025-02-26T06:17:59+00:00","dateModified":"2025-06-11T04:42:55+00:00","description":"\u201eDalia Grinkevi\u010di\u016bt\u0117 (1927\u20131987) yra para\u0161iusi svarbiausius, geriausiai \u017einomus lietuvi\u0161kosios tremties literat\u016bros k\u016brinius. Tai memuariniai pasakojimai,","breadcrumb":{"@id":"https:\/\/skaitytaknyga.lt\/produktas\/lietuviai-prie-laptevu-juros\/#breadcrumb"},"inLanguage":"en-GB","potentialAction":[{"@type":"ReadAction","target":["https:\/\/skaitytaknyga.lt\/produktas\/lietuviai-prie-laptevu-juros\/"]}]},{"@type":"ImageObject","inLanguage":"en-GB","@id":"https:\/\/skaitytaknyga.lt\/produktas\/lietuviai-prie-laptevu-juros\/#primaryimage","url":"https:\/\/skaitytaknyga.lt\/wp-content\/uploads\/2025\/02\/grinkeviciute-lietuviai-prie-laptevu-juros-lll_1536161968.jpg","contentUrl":"https:\/\/skaitytaknyga.lt\/wp-content\/uploads\/2025\/02\/grinkeviciute-lietuviai-prie-laptevu-juros-lll_1536161968.jpg","width":945,"height":1435,"caption":"Lietuviai prie Laptev\u0173 j\u016bros"},{"@type":"BreadcrumbList","@id":"https:\/\/skaitytaknyga.lt\/produktas\/lietuviai-prie-laptevu-juros\/#breadcrumb","itemListElement":[{"@type":"ListItem","position":1,"name":"Home","item":"https:\/\/skaitytaknyga.lt\/"},{"@type":"ListItem","position":2,"name":"Parduotuv\u0117","item":"https:\/\/skaitytaknyga.lt\/knygu-parduotuve\/"},{"@type":"ListItem","position":3,"name":"Lietuviai prie Laptev\u0173 j\u016bros"}]},{"@type":"WebSite","@id":"https:\/\/skaitytaknyga.lt\/#website","url":"https:\/\/skaitytaknyga.lt\/","name":"skaitytaknyga.lt","description":"Skaitytaknyga.lt \u2013 tai ma\u017eas \u0161eimos verslas, kuris prasid\u0117jo nuo meil\u0117s knygoms ir siekio i\u0161gelb\u0117ti knygas nuo likimo prie konteinerio. Kas vienam nereikalingas daiktas \u2013 kitam lobis, o mes esame tarpininkai, kurie padeda abiems tapti laimingesniems ???? \u017dinome kaip nelengva i\u0161gyventi ma\u017eiems verslams, tad nuo \u0161iol, \u010dia rasite ir kit\u0173, ma\u017e\u0173 \u0161eim\u0173 versl\u0173, rank\u0173 darbo, dovan\u0173 sau ir artimiesiems.","publisher":{"@id":"https:\/\/skaitytaknyga.lt\/#organization"},"potentialAction":[{"@type":"SearchAction","target":{"@type":"EntryPoint","urlTemplate":"https:\/\/skaitytaknyga.lt\/?s={search_term_string}"},"query-input":{"@type":"PropertyValueSpecification","valueRequired":true,"valueName":"search_term_string"}}],"inLanguage":"en-GB"},{"@type":"Organization","@id":"https:\/\/skaitytaknyga.lt\/#organization","name":"skaitytaknyga.lt","url":"https:\/\/skaitytaknyga.lt\/","logo":{"@type":"ImageObject","inLanguage":"en-GB","@id":"https:\/\/skaitytaknyga.lt\/#\/schema\/logo\/image\/","url":"https:\/\/skaitytaknyga.lt\/wp-content\/uploads\/2024\/05\/cropped-cropped-cropped-02_00843_jt3bggkj1j3HLc7SyY6rEUpg.jpeg","contentUrl":"https:\/\/skaitytaknyga.lt\/wp-content\/uploads\/2024\/05\/cropped-cropped-cropped-02_00843_jt3bggkj1j3HLc7SyY6rEUpg.jpeg","width":1600,"height":1600,"caption":"skaitytaknyga.lt"},"image":{"@id":"https:\/\/skaitytaknyga.lt\/#\/schema\/logo\/image\/"},"sameAs":["https:\/\/www.facebook.com\/skaitytaknyga\/"]}]}},"_links":{"self":[{"href":"https:\/\/skaitytaknyga.lt\/en\/wp-json\/wp\/v2\/product\/16929","targetHints":{"allow":["GET"]}}],"collection":[{"href":"https:\/\/skaitytaknyga.lt\/en\/wp-json\/wp\/v2\/product"}],"about":[{"href":"https:\/\/skaitytaknyga.lt\/en\/wp-json\/wp\/v2\/types\/product"}],"replies":[{"embeddable":true,"href":"https:\/\/skaitytaknyga.lt\/en\/wp-json\/wp\/v2\/comments?post=16929"}],"wp:featuredmedia":[{"embeddable":true,"href":"https:\/\/skaitytaknyga.lt\/en\/wp-json\/wp\/v2\/media\/16930"}],"wp:attachment":[{"href":"https:\/\/skaitytaknyga.lt\/en\/wp-json\/wp\/v2\/media?parent=16929"}],"wp:term":[{"taxonomy":"product_brand","embeddable":true,"href":"https:\/\/skaitytaknyga.lt\/en\/wp-json\/wp\/v2\/product_brand?post=16929"},{"taxonomy":"product_cat","embeddable":true,"href":"https:\/\/skaitytaknyga.lt\/en\/wp-json\/wp\/v2\/product_cat?post=16929"},{"taxonomy":"product_tag","embeddable":true,"href":"https:\/\/skaitytaknyga.lt\/en\/wp-json\/wp\/v2\/product_tag?post=16929"}],"curies":[{"name":"wp","href":"https:\/\/api.w.org\/{rel}","templated":true}]}}