{"id":16924,"date":"2025-02-24T11:16:01","date_gmt":"2025-02-24T09:16:01","guid":{"rendered":"https:\/\/skaitytaknyga.lt\/?post_type=product&#038;p=16924"},"modified":"2025-06-11T08:55:54","modified_gmt":"2025-06-11T05:55:54","slug":"klara-ir-saule","status":"publish","type":"product","link":"https:\/\/skaitytaknyga.lt\/en\/produktas\/klara-ir-saule\/","title":{"rendered":"Klara ir Saul\u0117"},"content":{"rendered":"<p>\u201eAr tu tiki \u017emogaus \u0161irdim? Ai\u0161ku, turiu omeny ne\u00a0tiesiog organ\u0105. Kalbu apie j\u0105 poetine prasme. \u017dmogaus \u0161irdis.\u00a0Manai, yra toks dalykas? Ka\u017ekas, kas mus daro ypatingus ir individualius?\u201c<\/p>\n<p>Parduotuv\u0117s vitrinoje Klara, vaik\u0173 Dirbtin\u0117 Draug\u0117, gebanti i\u0161skirtinai m\u0105styti ir suprasti \u017emones, atid\u017eiai ir smalsiai stebi pirk\u0117j\u0173 ir praeivi\u0173 lauke elges\u012f. Klara viliasi, kad j\u0105 pagaliau kas nors i\u0161sirinks.\u00a0Bet prie\u0161 i\u0161keliaudama \u012f \u017emoni\u0173\u00a0namus, ji persp\u0117jama, kad\u00a0i\u0161 j\u0173 nei meil\u0117s, nei draugyst\u0117s per daug tik\u0117tis neverta.\u00a0Nors ir protingesn\u0117, naujoji pakyl\u0117t\u0173j\u0173 vaik\u0173 karta yra beprarandanti geb\u0117jim\u0105 nuo\u0161ird\u017eiai bendrauti ir atjausti,\u00a0o suaugusieji, naujame pasaulyje tur\u0117dami daryti sud\u0117tingus sprendimus, link\u0119 elgtis desperati\u0161kai.\u00a0Atsakingai vykdydama savo pareig\u0105 apsaugoti \u017emog\u0173 nuo vienatv\u0117s, Klara bando perprasti \u017emogaus esm\u0119.<\/p>\n<ul class=\"about-product d-none d-xl-block mt-4\">\n<li><strong>Originalus pavadinimas:<\/strong>\u00a0Klara and the Sun<\/li>\n<li><strong>Autorius:<\/strong>\u00a0Kazuo Ishiguro<\/li>\n<li><strong>Leid\u0117jas:<\/strong>\u00a0Baltos lankos<\/li>\n<li><strong>Metai:<\/strong>\u00a02021<\/li>\n<li><strong>Puslapiai:<\/strong>\u00a0336<\/li>\n<li class=\"toggleable type-new-formats \"><strong>ISBN:<\/strong>\u00a09786094795107<\/li>\n<li><strong>Versijos kodas:<\/strong>\u00a05<\/li>\n<li class=\"toggleable type-new-formats \"><strong>Formatas:<\/strong>\u00a014,5 x 21 x 2,5 cm, kieti vir\u0161eliai<\/li>\n<li><strong>Kalba:<\/strong>\u00a0Lietuvi\u0173<\/li>\n<\/ul>\n","protected":false},"excerpt":{"rendered":"<p>\u201eAr tu tiki \u017emogaus \u0161irdim? Ai\u0161ku, turiu omeny ne\u00a0tiesiog organ\u0105. Kalbu apie j\u0105 poetine prasme. \u017dmogaus \u0161irdis.\u00a0Manai, yra toks dalykas? Ka\u017ekas, kas mus daro ypatingus ir individualius?\u201c Parduotuv\u0117s vitrinoje Klara, vaik\u0173 Dirbtin\u0117 Draug\u0117, gebanti i\u0161skirtinai m\u0105styti ir suprasti \u017emones, atid\u017eiai ir smalsiai stebi pirk\u0117j\u0173 ir praeivi\u0173 lauke elges\u012f. Klara viliasi, kad j\u0105 pagaliau kas nors i\u0161sirinks.\u00a0Bet prie\u0161 i\u0161keliaudama \u012f \u017emoni\u0173\u00a0namus, ji persp\u0117jama, kad\u00a0i\u0161 j\u0173 nei meil\u0117s, nei draugyst\u0117s per daug tik\u0117tis neverta.\u00a0Nors ir protingesn\u0117, naujoji pakyl\u0117t\u0173j\u0173 vaik\u0173 karta yra beprarandanti geb\u0117jim\u0105 nuo\u0161ird\u017eiai bendrauti ir atjausti,\u00a0o suaugusieji, naujame pasaulyje tur\u0117dami daryti sud\u0117tingus sprendimus, link\u0119 elgtis desperati\u0161kai.\u00a0Atsakingai vykdydama savo pareig\u0105 apsaugoti \u017emog\u0173 nuo vienatv\u0117s, Klara bando perprasti \u017emogaus esm\u0119. Originalus pavadinimas:\u00a0Klara and the Sun Autorius:\u00a0Kazuo Ishiguro Leid\u0117jas:\u00a0Baltos lankos Metai:\u00a02021 Puslapiai:\u00a0336 ISBN:\u00a09786094795107 Versijos kodas:\u00a05 Formatas:\u00a014,5 x 21 x 2,5 cm, kieti vir\u0161eliai Kalba:\u00a0Lietuvi\u0173<\/p>\n","protected":false},"featured_media":16925,"comment_status":"closed","ping_status":"closed","template":"","meta":{"_acf_changed":false,"site-sidebar-layout":"default","site-content-layout":"","ast-site-content-layout":"default","site-content-style":"default","site-sidebar-style":"default","ast-global-header-display":"","ast-banner-title-visibility":"","ast-main-header-display":"","ast-hfb-above-header-display":"","ast-hfb-below-header-display":"","ast-hfb-mobile-header-display":"","site-post-title":"","ast-breadcrumbs-content":"","ast-featured-img":"","footer-sml-layout":"","ast-disable-related-posts":"","theme-transparent-header-meta":"default","adv-header-id-meta":"","stick-header-meta":"","header-above-stick-meta":"","header-main-stick-meta":"","header-below-stick-meta":"","astra-migrate-meta-layouts":"set","ast-page-background-enabled":"default","ast-page-background-meta":{"desktop":{"background-color":"","background-image":"","background-repeat":"repeat","background-position":"center center","background-size":"auto","background-attachment":"scroll","background-type":"","background-media":"","overlay-type":"","overlay-color":"","overlay-opacity":"","overlay-gradient":""},"tablet":{"background-color":"","background-image":"","background-repeat":"repeat","background-position":"center center","background-size":"auto","background-attachment":"scroll","background-type":"","background-media":"","overlay-type":"","overlay-color":"","overlay-opacity":"","overlay-gradient":""},"mobile":{"background-color":"","background-image":"","background-repeat":"repeat","background-position":"center center","background-size":"auto","background-attachment":"scroll","background-type":"","background-media":"","overlay-type":"","overlay-color":"","overlay-opacity":"","overlay-gradient":""}},"ast-content-background-meta":{"desktop":{"background-color":"var(--ast-global-color-4)","background-image":"","background-repeat":"repeat","background-position":"center center","background-size":"auto","background-attachment":"scroll","background-type":"","background-media":"","overlay-type":"","overlay-color":"","overlay-opacity":"","overlay-gradient":""},"tablet":{"background-color":"var(--ast-global-color-4)","background-image":"","background-repeat":"repeat","background-position":"center center","background-size":"auto","background-attachment":"scroll","background-type":"","background-media":"","overlay-type":"","overlay-color":"","overlay-opacity":"","overlay-gradient":""},"mobile":{"background-color":"var(--ast-global-color-4)","background-image":"","background-repeat":"repeat","background-position":"center center","background-size":"auto","background-attachment":"scroll","background-type":"","background-media":"","overlay-type":"","overlay-color":"","overlay-opacity":"","overlay-gradient":""}}},"product_brand":[],"product_cat":[31],"product_tag":[4894,4893,1673,1525,1627,4891,4892,1796,4895,3241,1713],"class_list":{"0":"post-16924","1":"product","2":"type-product","3":"status-publish","4":"has-post-thumbnail","6":"product_cat-grozine-literatura","7":"product_tag-ateitis","8":"product_tag-dirbtinis-intelektas","9":"product_tag-distopija","10":"product_tag-emocijos","11":"product_tag-gyvenimo-prasme","12":"product_tag-kazuo-ishiguro","13":"product_tag-klara-ir-saule","14":"product_tag-meile","15":"product_tag-sci-fi","16":"product_tag-vienatve","17":"product_tag-zmogaus-prigimtis","18":"desktop-align-left","19":"tablet-align-left","20":"mobile-align-left","22":"first","23":"instock","24":"shipping-taxable","25":"purchasable","26":"product-type-simple"},"acf":[],"yoast_head":"<!-- This site is optimized with the Yoast SEO plugin v27.0 - https:\/\/yoast.com\/product\/yoast-seo-wordpress\/ -->\n<title>Klara ir Saul\u0117<\/title>\n<meta name=\"description\" content=\"\u201eAr tu tiki \u017emogaus \u0161irdim? Ai\u0161ku, turiu omeny ne\u00a0tiesiog organ\u0105. Kalbu apie j\u0105 poetine prasme. \u017dmogaus \u0161irdis.\u00a0Manai, yra toks dalykas? Ka\u017ekas, kas mus\" \/>\n<meta name=\"robots\" content=\"index, follow, max-snippet:-1, max-image-preview:large, max-video-preview:-1\" \/>\n<link rel=\"canonical\" href=\"https:\/\/skaitytaknyga.lt\/en\/produktas\/klara-ir-saule\/\" \/>\n<meta property=\"og:locale\" content=\"en_GB\" \/>\n<meta property=\"og:locale:alternate\" content=\"lt_LT\" \/>\n<meta property=\"og:type\" content=\"article\" \/>\n<meta property=\"og:title\" content=\"Klara ir Saul\u0117\" \/>\n<meta property=\"og:description\" content=\"\u201eAr tu tiki \u017emogaus \u0161irdim? Ai\u0161ku, turiu omeny ne\u00a0tiesiog organ\u0105. Kalbu apie j\u0105 poetine prasme. \u017dmogaus \u0161irdis.\u00a0Manai, yra toks dalykas? Ka\u017ekas, kas mus\" \/>\n<meta property=\"og:url\" content=\"https:\/\/skaitytaknyga.lt\/en\/produktas\/klara-ir-saule\/\" \/>\n<meta property=\"og:site_name\" content=\"Skaitytaknyga\" \/>\n<meta property=\"article:publisher\" content=\"https:\/\/www.facebook.com\/skaitytaknyga\/\" \/>\n<meta property=\"article:modified_time\" content=\"2025-06-11T05:55:54+00:00\" \/>\n<meta property=\"og:image\" content=\"https:\/\/skaitytaknyga.lt\/wp-content\/uploads\/2025\/02\/Klara-ir-Saule.webp\" \/>\n\t<meta property=\"og:image:width\" content=\"450\" \/>\n\t<meta property=\"og:image:height\" content=\"652\" \/>\n\t<meta property=\"og:image:type\" content=\"image\/webp\" \/>\n<meta name=\"twitter:card\" content=\"summary_large_image\" \/>\n<meta name=\"twitter:label1\" content=\"Estimated reading time\" \/>\n\t<meta name=\"twitter:data1\" content=\"2 minutes\" \/>\n<script type=\"application\/ld+json\" class=\"yoast-schema-graph\">{\"@context\":\"https:\/\/schema.org\",\"@graph\":[{\"@type\":\"WebPage\",\"@id\":\"https:\/\/skaitytaknyga.lt\/produktas\/klara-ir-saule\/\",\"url\":\"https:\/\/skaitytaknyga.lt\/produktas\/klara-ir-saule\/\",\"name\":\"Klara ir Saul\u0117\",\"isPartOf\":{\"@id\":\"https:\/\/skaitytaknyga.lt\/#website\"},\"primaryImageOfPage\":{\"@id\":\"https:\/\/skaitytaknyga.lt\/produktas\/klara-ir-saule\/#primaryimage\"},\"image\":{\"@id\":\"https:\/\/skaitytaknyga.lt\/produktas\/klara-ir-saule\/#primaryimage\"},\"thumbnailUrl\":\"https:\/\/skaitytaknyga.lt\/wp-content\/uploads\/2025\/02\/Klara-ir-Saule.webp\",\"datePublished\":\"2025-02-24T09:16:01+00:00\",\"dateModified\":\"2025-06-11T05:55:54+00:00\",\"description\":\"\u201eAr tu tiki \u017emogaus \u0161irdim? Ai\u0161ku, turiu omeny ne\u00a0tiesiog organ\u0105. Kalbu apie j\u0105 poetine prasme. \u017dmogaus \u0161irdis.\u00a0Manai, yra toks dalykas? Ka\u017ekas, kas mus\",\"breadcrumb\":{\"@id\":\"https:\/\/skaitytaknyga.lt\/produktas\/klara-ir-saule\/#breadcrumb\"},\"inLanguage\":\"en-GB\",\"potentialAction\":[{\"@type\":\"ReadAction\",\"target\":[\"https:\/\/skaitytaknyga.lt\/produktas\/klara-ir-saule\/\"]}]},{\"@type\":\"ImageObject\",\"inLanguage\":\"en-GB\",\"@id\":\"https:\/\/skaitytaknyga.lt\/produktas\/klara-ir-saule\/#primaryimage\",\"url\":\"https:\/\/skaitytaknyga.lt\/wp-content\/uploads\/2025\/02\/Klara-ir-Saule.webp\",\"contentUrl\":\"https:\/\/skaitytaknyga.lt\/wp-content\/uploads\/2025\/02\/Klara-ir-Saule.webp\",\"width\":450,\"height\":652,\"caption\":\"Klara ir Saul\u0117\"},{\"@type\":\"BreadcrumbList\",\"@id\":\"https:\/\/skaitytaknyga.lt\/produktas\/klara-ir-saule\/#breadcrumb\",\"itemListElement\":[{\"@type\":\"ListItem\",\"position\":1,\"name\":\"Home\",\"item\":\"https:\/\/skaitytaknyga.lt\/\"},{\"@type\":\"ListItem\",\"position\":2,\"name\":\"Parduotuv\u0117\",\"item\":\"https:\/\/skaitytaknyga.lt\/knygu-parduotuve\/\"},{\"@type\":\"ListItem\",\"position\":3,\"name\":\"Klara ir Saul\u0117\"}]},{\"@type\":\"WebSite\",\"@id\":\"https:\/\/skaitytaknyga.lt\/#website\",\"url\":\"https:\/\/skaitytaknyga.lt\/\",\"name\":\"skaitytaknyga.lt\",\"description\":\"Skaitytaknyga.lt \u2013 tai ma\u017eas \u0161eimos verslas, kuris prasid\u0117jo nuo meil\u0117s knygoms ir siekio i\u0161gelb\u0117ti knygas nuo likimo prie konteinerio. Kas vienam nereikalingas daiktas \u2013 kitam lobis, o mes esame tarpininkai, kurie padeda abiems tapti laimingesniems ???? \u017dinome kaip nelengva i\u0161gyventi ma\u017eiems verslams, tad nuo \u0161iol, \u010dia rasite ir kit\u0173, ma\u017e\u0173 \u0161eim\u0173 versl\u0173, rank\u0173 darbo, dovan\u0173 sau ir artimiesiems.\",\"publisher\":{\"@id\":\"https:\/\/skaitytaknyga.lt\/#organization\"},\"potentialAction\":[{\"@type\":\"SearchAction\",\"target\":{\"@type\":\"EntryPoint\",\"urlTemplate\":\"https:\/\/skaitytaknyga.lt\/?s={search_term_string}\"},\"query-input\":{\"@type\":\"PropertyValueSpecification\",\"valueRequired\":true,\"valueName\":\"search_term_string\"}}],\"inLanguage\":\"en-GB\"},{\"@type\":\"Organization\",\"@id\":\"https:\/\/skaitytaknyga.lt\/#organization\",\"name\":\"skaitytaknyga.lt\",\"url\":\"https:\/\/skaitytaknyga.lt\/\",\"logo\":{\"@type\":\"ImageObject\",\"inLanguage\":\"en-GB\",\"@id\":\"https:\/\/skaitytaknyga.lt\/#\/schema\/logo\/image\/\",\"url\":\"https:\/\/skaitytaknyga.lt\/wp-content\/uploads\/2024\/05\/cropped-cropped-cropped-02_00843_jt3bggkj1j3HLc7SyY6rEUpg.jpeg\",\"contentUrl\":\"https:\/\/skaitytaknyga.lt\/wp-content\/uploads\/2024\/05\/cropped-cropped-cropped-02_00843_jt3bggkj1j3HLc7SyY6rEUpg.jpeg\",\"width\":1600,\"height\":1600,\"caption\":\"skaitytaknyga.lt\"},\"image\":{\"@id\":\"https:\/\/skaitytaknyga.lt\/#\/schema\/logo\/image\/\"},\"sameAs\":[\"https:\/\/www.facebook.com\/skaitytaknyga\/\"]}]}<\/script>\n<!-- \/ Yoast SEO plugin. -->","yoast_head_json":{"title":"Klara ir Saul\u0117","description":"\u201eAr tu tiki \u017emogaus \u0161irdim? Ai\u0161ku, turiu omeny ne\u00a0tiesiog organ\u0105. Kalbu apie j\u0105 poetine prasme. \u017dmogaus \u0161irdis.\u00a0Manai, yra toks dalykas? Ka\u017ekas, kas mus","robots":{"index":"index","follow":"follow","max-snippet":"max-snippet:-1","max-image-preview":"max-image-preview:large","max-video-preview":"max-video-preview:-1"},"canonical":"https:\/\/skaitytaknyga.lt\/en\/produktas\/klara-ir-saule\/","og_locale":"en_GB","og_type":"article","og_title":"[:lt]Klara ir Saul\u0117[:] - Skaitytaknyga","og_description":"\u201eAr tu tiki \u017emogaus \u0161irdim? Ai\u0161ku, turiu omeny ne\u00a0tiesiog organ\u0105. Kalbu apie j\u0105 poetine prasme. \u017dmogaus \u0161irdis.\u00a0Manai, yra toks dalykas? Ka\u017ekas, kas mus","og_url":"https:\/\/skaitytaknyga.lt\/en\/produktas\/klara-ir-saule\/","og_site_name":"Skaitytaknyga","article_publisher":"https:\/\/www.facebook.com\/skaitytaknyga\/","article_modified_time":"2025-06-11T05:55:54+00:00","og_image":[{"width":450,"height":652,"url":"https:\/\/skaitytaknyga.lt\/wp-content\/uploads\/2025\/02\/Klara-ir-Saule.webp","type":"image\/webp"}],"twitter_card":"summary_large_image","twitter_misc":{"Estimated reading time":"2 minutes"},"schema":{"@context":"https:\/\/schema.org","@graph":[{"@type":"WebPage","@id":"https:\/\/skaitytaknyga.lt\/produktas\/klara-ir-saule\/","url":"https:\/\/skaitytaknyga.lt\/produktas\/klara-ir-saule\/","name":"Klara ir Saul\u0117","isPartOf":{"@id":"https:\/\/skaitytaknyga.lt\/#website"},"primaryImageOfPage":{"@id":"https:\/\/skaitytaknyga.lt\/produktas\/klara-ir-saule\/#primaryimage"},"image":{"@id":"https:\/\/skaitytaknyga.lt\/produktas\/klara-ir-saule\/#primaryimage"},"thumbnailUrl":"https:\/\/skaitytaknyga.lt\/wp-content\/uploads\/2025\/02\/Klara-ir-Saule.webp","datePublished":"2025-02-24T09:16:01+00:00","dateModified":"2025-06-11T05:55:54+00:00","description":"\u201eAr tu tiki \u017emogaus \u0161irdim? Ai\u0161ku, turiu omeny ne\u00a0tiesiog organ\u0105. Kalbu apie j\u0105 poetine prasme. \u017dmogaus \u0161irdis.\u00a0Manai, yra toks dalykas? Ka\u017ekas, kas mus","breadcrumb":{"@id":"https:\/\/skaitytaknyga.lt\/produktas\/klara-ir-saule\/#breadcrumb"},"inLanguage":"en-GB","potentialAction":[{"@type":"ReadAction","target":["https:\/\/skaitytaknyga.lt\/produktas\/klara-ir-saule\/"]}]},{"@type":"ImageObject","inLanguage":"en-GB","@id":"https:\/\/skaitytaknyga.lt\/produktas\/klara-ir-saule\/#primaryimage","url":"https:\/\/skaitytaknyga.lt\/wp-content\/uploads\/2025\/02\/Klara-ir-Saule.webp","contentUrl":"https:\/\/skaitytaknyga.lt\/wp-content\/uploads\/2025\/02\/Klara-ir-Saule.webp","width":450,"height":652,"caption":"Klara ir Saul\u0117"},{"@type":"BreadcrumbList","@id":"https:\/\/skaitytaknyga.lt\/produktas\/klara-ir-saule\/#breadcrumb","itemListElement":[{"@type":"ListItem","position":1,"name":"Home","item":"https:\/\/skaitytaknyga.lt\/"},{"@type":"ListItem","position":2,"name":"Parduotuv\u0117","item":"https:\/\/skaitytaknyga.lt\/knygu-parduotuve\/"},{"@type":"ListItem","position":3,"name":"Klara ir Saul\u0117"}]},{"@type":"WebSite","@id":"https:\/\/skaitytaknyga.lt\/#website","url":"https:\/\/skaitytaknyga.lt\/","name":"skaitytaknyga.lt","description":"Skaitytaknyga.lt \u2013 tai ma\u017eas \u0161eimos verslas, kuris prasid\u0117jo nuo meil\u0117s knygoms ir siekio i\u0161gelb\u0117ti knygas nuo likimo prie konteinerio. Kas vienam nereikalingas daiktas \u2013 kitam lobis, o mes esame tarpininkai, kurie padeda abiems tapti laimingesniems ???? \u017dinome kaip nelengva i\u0161gyventi ma\u017eiems verslams, tad nuo \u0161iol, \u010dia rasite ir kit\u0173, ma\u017e\u0173 \u0161eim\u0173 versl\u0173, rank\u0173 darbo, dovan\u0173 sau ir artimiesiems.","publisher":{"@id":"https:\/\/skaitytaknyga.lt\/#organization"},"potentialAction":[{"@type":"SearchAction","target":{"@type":"EntryPoint","urlTemplate":"https:\/\/skaitytaknyga.lt\/?s={search_term_string}"},"query-input":{"@type":"PropertyValueSpecification","valueRequired":true,"valueName":"search_term_string"}}],"inLanguage":"en-GB"},{"@type":"Organization","@id":"https:\/\/skaitytaknyga.lt\/#organization","name":"skaitytaknyga.lt","url":"https:\/\/skaitytaknyga.lt\/","logo":{"@type":"ImageObject","inLanguage":"en-GB","@id":"https:\/\/skaitytaknyga.lt\/#\/schema\/logo\/image\/","url":"https:\/\/skaitytaknyga.lt\/wp-content\/uploads\/2024\/05\/cropped-cropped-cropped-02_00843_jt3bggkj1j3HLc7SyY6rEUpg.jpeg","contentUrl":"https:\/\/skaitytaknyga.lt\/wp-content\/uploads\/2024\/05\/cropped-cropped-cropped-02_00843_jt3bggkj1j3HLc7SyY6rEUpg.jpeg","width":1600,"height":1600,"caption":"skaitytaknyga.lt"},"image":{"@id":"https:\/\/skaitytaknyga.lt\/#\/schema\/logo\/image\/"},"sameAs":["https:\/\/www.facebook.com\/skaitytaknyga\/"]}]}},"_links":{"self":[{"href":"https:\/\/skaitytaknyga.lt\/en\/wp-json\/wp\/v2\/product\/16924","targetHints":{"allow":["GET"]}}],"collection":[{"href":"https:\/\/skaitytaknyga.lt\/en\/wp-json\/wp\/v2\/product"}],"about":[{"href":"https:\/\/skaitytaknyga.lt\/en\/wp-json\/wp\/v2\/types\/product"}],"replies":[{"embeddable":true,"href":"https:\/\/skaitytaknyga.lt\/en\/wp-json\/wp\/v2\/comments?post=16924"}],"wp:featuredmedia":[{"embeddable":true,"href":"https:\/\/skaitytaknyga.lt\/en\/wp-json\/wp\/v2\/media\/16925"}],"wp:attachment":[{"href":"https:\/\/skaitytaknyga.lt\/en\/wp-json\/wp\/v2\/media?parent=16924"}],"wp:term":[{"taxonomy":"product_brand","embeddable":true,"href":"https:\/\/skaitytaknyga.lt\/en\/wp-json\/wp\/v2\/product_brand?post=16924"},{"taxonomy":"product_cat","embeddable":true,"href":"https:\/\/skaitytaknyga.lt\/en\/wp-json\/wp\/v2\/product_cat?post=16924"},{"taxonomy":"product_tag","embeddable":true,"href":"https:\/\/skaitytaknyga.lt\/en\/wp-json\/wp\/v2\/product_tag?post=16924"}],"curies":[{"name":"wp","href":"https:\/\/api.w.org\/{rel}","templated":true}]}}