{"id":16916,"date":"2025-02-24T11:06:47","date_gmt":"2025-02-24T09:06:47","guid":{"rendered":"https:\/\/skaitytaknyga.lt\/?post_type=product&#038;p=16916"},"modified":"2026-03-18T14:59:49","modified_gmt":"2026-03-18T12:59:49","slug":"tai-zemaitija-ir-mazoji-lietuva","status":"publish","type":"product","link":"https:\/\/skaitytaknyga.lt\/en\/produktas\/tai-zemaitija-ir-mazoji-lietuva\/","title":{"rendered":"Tai \u017demaitija ir Ma\u017eoji Lietuva"},"content":{"rendered":"<p>\u017demaitijos jubiliejiniams metams skirtos knygos-fotoalbumo &#8220;Tai \u017demaitija ir Ma\u017eoji Lietuva&#8221; tekstai para\u0161yti lietuvi\u0173, angl\u0173, vokie\u010di\u0173 ir rus\u0173 kalbomis.<\/p>\n<p>\u017demaitijos ir Ma\u017eosios Lietuvos kra\u0161tovaizdis yra \u012fsp\u016bdingas ir nepakartojamas. I\u0161vysite tai, ko m\u016bs\u0173 akys negali pamatyti i\u0161 \u017dem\u0117s. Pasigro\u017e\u0117site \u017demaitija ir Ma\u017e\u0105ja Lietuva i\u0161 pauk\u0161\u010dio skryd\u017eio. Tai prie j\u016bros besiglaud\u017eiantys miesteliai, \u012fsp\u016bdingos ba\u017eny\u010dios, nepakartojami e\u017eer\u0173 sal\u0173 pie\u0161iniai, upi\u0173 vingiai, miest\u0173 panoramos, didvyri\u0173 \u017eygius menantys piliakalniai, j\u016bros skalaujamos kopos, siaura \u017eem\u0117s juostel\u0117, atskirianti marias nuo j\u016bros&#8230;<\/p>\n<ul class=\"about-product d-none d-xl-block mt-4\">\n<li><strong>Autorius:<\/strong>\u00a0Gintautas Jurk\u0117nas<\/li>\n<li><strong>Leid\u0117jas:<\/strong>\u00a0G. Jurk\u0117nas<\/li>\n<li><strong>Metai:<\/strong>\u00a02019<\/li>\n<li><strong>Puslapiai:<\/strong>\u00a0196<\/li>\n<li class=\"toggleable type-new-formats \"><strong>ISBN:<\/strong>\u00a09786094752490<\/li>\n<li class=\"toggleable type-new-formats \"><strong>Formatas:<\/strong>\u00a030 x 23 cm, kieti vir\u0161eliai<\/li>\n<li><strong>Kalba:<\/strong>\u00a0Lietuvi\u0173<\/li>\n<\/ul>\n","protected":false},"excerpt":{"rendered":"<p>\u017demaitijos jubiliejiniams metams skirtos knygos-fotoalbumo &#8220;Tai \u017demaitija ir Ma\u017eoji Lietuva&#8221; tekstai para\u0161yti lietuvi\u0173, angl\u0173, vokie\u010di\u0173 ir rus\u0173 kalbomis. \u017demaitijos ir Ma\u017eosios Lietuvos kra\u0161tovaizdis yra \u012fsp\u016bdingas ir nepakartojamas. I\u0161vysite tai, ko m\u016bs\u0173 akys negali pamatyti i\u0161 \u017dem\u0117s. Pasigro\u017e\u0117site \u017demaitija ir Ma\u017e\u0105ja Lietuva i\u0161 pauk\u0161\u010dio skryd\u017eio. Tai prie j\u016bros besiglaud\u017eiantys miesteliai, \u012fsp\u016bdingos ba\u017eny\u010dios, nepakartojami e\u017eer\u0173 sal\u0173 pie\u0161iniai, upi\u0173 vingiai, miest\u0173 panoramos, didvyri\u0173 \u017eygius menantys piliakalniai, j\u016bros skalaujamos kopos, siaura \u017eem\u0117s juostel\u0117, atskirianti marias nuo j\u016bros&#8230; Autorius:\u00a0Gintautas Jurk\u0117nas Leid\u0117jas:\u00a0G. Jurk\u0117nas Metai:\u00a02019 Puslapiai:\u00a0196 ISBN:\u00a09786094752490 Formatas:\u00a030 x 23 cm, kieti vir\u0161eliai Kalba:\u00a0Lietuvi\u0173<\/p>\n","protected":false},"featured_media":16917,"comment_status":"closed","ping_status":"closed","template":"","meta":{"_acf_changed":false,"site-sidebar-layout":"default","site-content-layout":"","ast-site-content-layout":"default","site-content-style":"default","site-sidebar-style":"default","ast-global-header-display":"","ast-banner-title-visibility":"","ast-main-header-display":"","ast-hfb-above-header-display":"","ast-hfb-below-header-display":"","ast-hfb-mobile-header-display":"","site-post-title":"","ast-breadcrumbs-content":"","ast-featured-img":"","footer-sml-layout":"","ast-disable-related-posts":"","theme-transparent-header-meta":"default","adv-header-id-meta":"","stick-header-meta":"","header-above-stick-meta":"","header-main-stick-meta":"","header-below-stick-meta":"","astra-migrate-meta-layouts":"set","ast-page-background-enabled":"default","ast-page-background-meta":{"desktop":{"background-color":"","background-image":"","background-repeat":"repeat","background-position":"center center","background-size":"auto","background-attachment":"scroll","background-type":"","background-media":"","overlay-type":"","overlay-color":"","overlay-opacity":"","overlay-gradient":""},"tablet":{"background-color":"","background-image":"","background-repeat":"repeat","background-position":"center center","background-size":"auto","background-attachment":"scroll","background-type":"","background-media":"","overlay-type":"","overlay-color":"","overlay-opacity":"","overlay-gradient":""},"mobile":{"background-color":"","background-image":"","background-repeat":"repeat","background-position":"center center","background-size":"auto","background-attachment":"scroll","background-type":"","background-media":"","overlay-type":"","overlay-color":"","overlay-opacity":"","overlay-gradient":""}},"ast-content-background-meta":{"desktop":{"background-color":"var(--ast-global-color-4)","background-image":"","background-repeat":"repeat","background-position":"center center","background-size":"auto","background-attachment":"scroll","background-type":"","background-media":"","overlay-type":"","overlay-color":"","overlay-opacity":"","overlay-gradient":""},"tablet":{"background-color":"var(--ast-global-color-4)","background-image":"","background-repeat":"repeat","background-position":"center center","background-size":"auto","background-attachment":"scroll","background-type":"","background-media":"","overlay-type":"","overlay-color":"","overlay-opacity":"","overlay-gradient":""},"mobile":{"background-color":"var(--ast-global-color-4)","background-image":"","background-repeat":"repeat","background-position":"center center","background-size":"auto","background-attachment":"scroll","background-type":"","background-media":"","overlay-type":"","overlay-color":"","overlay-opacity":"","overlay-gradient":""}}},"product_brand":[],"product_cat":[174,9862],"product_tag":[],"class_list":{"0":"post-16916","1":"product","2":"type-product","3":"status-publish","4":"has-post-thumbnail","6":"product_cat-istorija-ir-politologija","7":"product_cat-lietuvos-istorija","8":"desktop-align-left","9":"tablet-align-left","10":"mobile-align-left","12":"first","13":"instock","14":"shipping-taxable","15":"purchasable","16":"product-type-simple"},"acf":[],"yoast_head":"<!-- This site is optimized with the Yoast SEO plugin v27.4 - https:\/\/yoast.com\/product\/yoast-seo-wordpress\/ -->\n<title>Tai \u017demaitija ir Ma\u017eoji Lietuva<\/title>\n<meta name=\"description\" content=\"\u017demaitijos jubiliejiniams metams skirtos knygos-fotoalbumo &quot;Tai \u017demaitija ir Ma\u017eoji Lietuva&quot; tekstai para\u0161yti lietuvi\u0173, angl\u0173, vokie\u010di\u0173 ir rus\u0173 kalbomis.\" \/>\n<meta name=\"robots\" content=\"index, follow, max-snippet:-1, max-image-preview:large, max-video-preview:-1\" \/>\n<link rel=\"canonical\" href=\"https:\/\/skaitytaknyga.lt\/en\/produktas\/tai-zemaitija-ir-mazoji-lietuva\/\" \/>\n<meta property=\"og:locale\" content=\"en_GB\" \/>\n<meta property=\"og:locale:alternate\" content=\"lt_LT\" \/>\n<meta property=\"og:type\" content=\"article\" \/>\n<meta property=\"og:title\" content=\"Tai \u017demaitija ir Ma\u017eoji Lietuva\" \/>\n<meta property=\"og:description\" content=\"\u017demaitijos jubiliejiniams metams skirtos knygos-fotoalbumo &quot;Tai \u017demaitija ir Ma\u017eoji Lietuva&quot; tekstai para\u0161yti lietuvi\u0173, angl\u0173, vokie\u010di\u0173 ir rus\u0173 kalbomis.\" \/>\n<meta property=\"og:url\" content=\"https:\/\/skaitytaknyga.lt\/en\/produktas\/tai-zemaitija-ir-mazoji-lietuva\/\" \/>\n<meta property=\"og:site_name\" content=\"Skaitytaknyga\" \/>\n<meta property=\"article:publisher\" content=\"https:\/\/www.facebook.com\/skaitytaknyga\/\" \/>\n<meta property=\"article:modified_time\" content=\"2026-03-18T12:59:49+00:00\" \/>\n<meta property=\"og:image\" content=\"https:\/\/skaitytaknyga.lt\/wp-content\/uploads\/2025\/02\/Tai-Zemaitija-ir-Mazoji-Lietuva.webp\" \/>\n\t<meta property=\"og:image:width\" content=\"600\" \/>\n\t<meta property=\"og:image:height\" content=\"464\" \/>\n\t<meta property=\"og:image:type\" content=\"image\/webp\" \/>\n<meta name=\"twitter:card\" content=\"summary_large_image\" \/>\n<meta name=\"twitter:label1\" content=\"Estimated reading time\" \/>\n\t<meta name=\"twitter:data1\" content=\"1 minute\" \/>\n<script type=\"application\/ld+json\" class=\"yoast-schema-graph\">{\"@context\":\"https:\\\/\\\/schema.org\",\"@graph\":[{\"@type\":\"WebPage\",\"@id\":\"https:\\\/\\\/skaitytaknyga.lt\\\/produktas\\\/tai-zemaitija-ir-mazoji-lietuva\\\/\",\"url\":\"https:\\\/\\\/skaitytaknyga.lt\\\/produktas\\\/tai-zemaitija-ir-mazoji-lietuva\\\/\",\"name\":\"Tai \u017demaitija ir Ma\u017eoji Lietuva\",\"isPartOf\":{\"@id\":\"https:\\\/\\\/skaitytaknyga.lt\\\/#website\"},\"primaryImageOfPage\":{\"@id\":\"https:\\\/\\\/skaitytaknyga.lt\\\/produktas\\\/tai-zemaitija-ir-mazoji-lietuva\\\/#primaryimage\"},\"image\":{\"@id\":\"https:\\\/\\\/skaitytaknyga.lt\\\/produktas\\\/tai-zemaitija-ir-mazoji-lietuva\\\/#primaryimage\"},\"thumbnailUrl\":\"https:\\\/\\\/skaitytaknyga.lt\\\/wp-content\\\/uploads\\\/2025\\\/02\\\/Tai-Zemaitija-ir-Mazoji-Lietuva.webp\",\"datePublished\":\"2025-02-24T09:06:47+00:00\",\"dateModified\":\"2026-03-18T12:59:49+00:00\",\"description\":\"\u017demaitijos jubiliejiniams metams skirtos knygos-fotoalbumo \\\"Tai \u017demaitija ir Ma\u017eoji Lietuva\\\" tekstai para\u0161yti lietuvi\u0173, angl\u0173, vokie\u010di\u0173 ir rus\u0173 kalbomis.\",\"breadcrumb\":{\"@id\":\"https:\\\/\\\/skaitytaknyga.lt\\\/produktas\\\/tai-zemaitija-ir-mazoji-lietuva\\\/#breadcrumb\"},\"inLanguage\":\"en-GB\",\"potentialAction\":[{\"@type\":\"ReadAction\",\"target\":[\"https:\\\/\\\/skaitytaknyga.lt\\\/produktas\\\/tai-zemaitija-ir-mazoji-lietuva\\\/\"]}]},{\"@type\":\"ImageObject\",\"inLanguage\":\"en-GB\",\"@id\":\"https:\\\/\\\/skaitytaknyga.lt\\\/produktas\\\/tai-zemaitija-ir-mazoji-lietuva\\\/#primaryimage\",\"url\":\"https:\\\/\\\/skaitytaknyga.lt\\\/wp-content\\\/uploads\\\/2025\\\/02\\\/Tai-Zemaitija-ir-Mazoji-Lietuva.webp\",\"contentUrl\":\"https:\\\/\\\/skaitytaknyga.lt\\\/wp-content\\\/uploads\\\/2025\\\/02\\\/Tai-Zemaitija-ir-Mazoji-Lietuva.webp\",\"width\":600,\"height\":464,\"caption\":\"Tai \u017demaitija ir Ma\u017eoji Lietuva\"},{\"@type\":\"BreadcrumbList\",\"@id\":\"https:\\\/\\\/skaitytaknyga.lt\\\/produktas\\\/tai-zemaitija-ir-mazoji-lietuva\\\/#breadcrumb\",\"itemListElement\":[{\"@type\":\"ListItem\",\"position\":1,\"name\":\"Home\",\"item\":\"https:\\\/\\\/skaitytaknyga.lt\\\/\"},{\"@type\":\"ListItem\",\"position\":2,\"name\":\"Parduotuv\u0117\",\"item\":\"https:\\\/\\\/skaitytaknyga.lt\\\/knygu-parduotuve\\\/\"},{\"@type\":\"ListItem\",\"position\":3,\"name\":\"Tai \u017demaitija ir Ma\u017eoji Lietuva\"}]},{\"@type\":\"WebSite\",\"@id\":\"https:\\\/\\\/skaitytaknyga.lt\\\/#website\",\"url\":\"https:\\\/\\\/skaitytaknyga.lt\\\/\",\"name\":\"skaitytaknyga.lt\",\"description\":\"Skaitytaknyga.lt \u2013 tai ma\u017eas \u0161eimos verslas, kuris prasid\u0117jo nuo meil\u0117s knygoms ir siekio i\u0161gelb\u0117ti knygas nuo likimo prie konteinerio. Kas vienam nereikalingas daiktas \u2013 kitam lobis, o mes esame tarpininkai, kurie padeda abiems tapti laimingesniems ???? \u017dinome kaip nelengva i\u0161gyventi ma\u017eiems verslams, tad nuo \u0161iol, \u010dia rasite ir kit\u0173, ma\u017e\u0173 \u0161eim\u0173 versl\u0173, rank\u0173 darbo, dovan\u0173 sau ir artimiesiems.\",\"publisher\":{\"@id\":\"https:\\\/\\\/skaitytaknyga.lt\\\/#organization\"},\"potentialAction\":[{\"@type\":\"SearchAction\",\"target\":{\"@type\":\"EntryPoint\",\"urlTemplate\":\"https:\\\/\\\/skaitytaknyga.lt\\\/?s={search_term_string}\"},\"query-input\":{\"@type\":\"PropertyValueSpecification\",\"valueRequired\":true,\"valueName\":\"search_term_string\"}}],\"inLanguage\":\"en-GB\"},{\"@type\":\"Organization\",\"@id\":\"https:\\\/\\\/skaitytaknyga.lt\\\/#organization\",\"name\":\"skaitytaknyga.lt\",\"url\":\"https:\\\/\\\/skaitytaknyga.lt\\\/\",\"logo\":{\"@type\":\"ImageObject\",\"inLanguage\":\"en-GB\",\"@id\":\"https:\\\/\\\/skaitytaknyga.lt\\\/#\\\/schema\\\/logo\\\/image\\\/\",\"url\":\"https:\\\/\\\/skaitytaknyga.lt\\\/wp-content\\\/uploads\\\/2024\\\/05\\\/cropped-cropped-cropped-02_00843_jt3bggkj1j3HLc7SyY6rEUpg.jpeg\",\"contentUrl\":\"https:\\\/\\\/skaitytaknyga.lt\\\/wp-content\\\/uploads\\\/2024\\\/05\\\/cropped-cropped-cropped-02_00843_jt3bggkj1j3HLc7SyY6rEUpg.jpeg\",\"width\":1600,\"height\":1600,\"caption\":\"skaitytaknyga.lt\"},\"image\":{\"@id\":\"https:\\\/\\\/skaitytaknyga.lt\\\/#\\\/schema\\\/logo\\\/image\\\/\"},\"sameAs\":[\"https:\\\/\\\/www.facebook.com\\\/skaitytaknyga\\\/\"]}]}<\/script>\n<!-- \/ Yoast SEO plugin. -->","yoast_head_json":{"title":"Tai \u017demaitija ir Ma\u017eoji Lietuva","description":"\u017demaitijos jubiliejiniams metams skirtos knygos-fotoalbumo \"Tai \u017demaitija ir Ma\u017eoji Lietuva\" tekstai para\u0161yti lietuvi\u0173, angl\u0173, vokie\u010di\u0173 ir rus\u0173 kalbomis.","robots":{"index":"index","follow":"follow","max-snippet":"max-snippet:-1","max-image-preview":"max-image-preview:large","max-video-preview":"max-video-preview:-1"},"canonical":"https:\/\/skaitytaknyga.lt\/en\/produktas\/tai-zemaitija-ir-mazoji-lietuva\/","og_locale":"en_GB","og_type":"article","og_title":"[:lt]Tai \u017demaitija ir Ma\u017eoji Lietuva[:] - Skaitytaknyga","og_description":"\u017demaitijos jubiliejiniams metams skirtos knygos-fotoalbumo \"Tai \u017demaitija ir Ma\u017eoji Lietuva\" tekstai para\u0161yti lietuvi\u0173, angl\u0173, vokie\u010di\u0173 ir rus\u0173 kalbomis.","og_url":"https:\/\/skaitytaknyga.lt\/en\/produktas\/tai-zemaitija-ir-mazoji-lietuva\/","og_site_name":"Skaitytaknyga","article_publisher":"https:\/\/www.facebook.com\/skaitytaknyga\/","article_modified_time":"2026-03-18T12:59:49+00:00","og_image":[{"width":600,"height":464,"url":"https:\/\/skaitytaknyga.lt\/wp-content\/uploads\/2025\/02\/Tai-Zemaitija-ir-Mazoji-Lietuva.webp","type":"image\/webp"}],"twitter_card":"summary_large_image","twitter_misc":{"Estimated reading time":"1 minute"},"schema":{"@context":"https:\/\/schema.org","@graph":[{"@type":"WebPage","@id":"https:\/\/skaitytaknyga.lt\/produktas\/tai-zemaitija-ir-mazoji-lietuva\/","url":"https:\/\/skaitytaknyga.lt\/produktas\/tai-zemaitija-ir-mazoji-lietuva\/","name":"Tai \u017demaitija ir Ma\u017eoji Lietuva","isPartOf":{"@id":"https:\/\/skaitytaknyga.lt\/#website"},"primaryImageOfPage":{"@id":"https:\/\/skaitytaknyga.lt\/produktas\/tai-zemaitija-ir-mazoji-lietuva\/#primaryimage"},"image":{"@id":"https:\/\/skaitytaknyga.lt\/produktas\/tai-zemaitija-ir-mazoji-lietuva\/#primaryimage"},"thumbnailUrl":"https:\/\/skaitytaknyga.lt\/wp-content\/uploads\/2025\/02\/Tai-Zemaitija-ir-Mazoji-Lietuva.webp","datePublished":"2025-02-24T09:06:47+00:00","dateModified":"2026-03-18T12:59:49+00:00","description":"\u017demaitijos jubiliejiniams metams skirtos knygos-fotoalbumo \"Tai \u017demaitija ir Ma\u017eoji Lietuva\" tekstai para\u0161yti lietuvi\u0173, angl\u0173, vokie\u010di\u0173 ir rus\u0173 kalbomis.","breadcrumb":{"@id":"https:\/\/skaitytaknyga.lt\/produktas\/tai-zemaitija-ir-mazoji-lietuva\/#breadcrumb"},"inLanguage":"en-GB","potentialAction":[{"@type":"ReadAction","target":["https:\/\/skaitytaknyga.lt\/produktas\/tai-zemaitija-ir-mazoji-lietuva\/"]}]},{"@type":"ImageObject","inLanguage":"en-GB","@id":"https:\/\/skaitytaknyga.lt\/produktas\/tai-zemaitija-ir-mazoji-lietuva\/#primaryimage","url":"https:\/\/skaitytaknyga.lt\/wp-content\/uploads\/2025\/02\/Tai-Zemaitija-ir-Mazoji-Lietuva.webp","contentUrl":"https:\/\/skaitytaknyga.lt\/wp-content\/uploads\/2025\/02\/Tai-Zemaitija-ir-Mazoji-Lietuva.webp","width":600,"height":464,"caption":"Tai \u017demaitija ir Ma\u017eoji Lietuva"},{"@type":"BreadcrumbList","@id":"https:\/\/skaitytaknyga.lt\/produktas\/tai-zemaitija-ir-mazoji-lietuva\/#breadcrumb","itemListElement":[{"@type":"ListItem","position":1,"name":"Home","item":"https:\/\/skaitytaknyga.lt\/"},{"@type":"ListItem","position":2,"name":"Parduotuv\u0117","item":"https:\/\/skaitytaknyga.lt\/knygu-parduotuve\/"},{"@type":"ListItem","position":3,"name":"Tai \u017demaitija ir Ma\u017eoji Lietuva"}]},{"@type":"WebSite","@id":"https:\/\/skaitytaknyga.lt\/#website","url":"https:\/\/skaitytaknyga.lt\/","name":"skaitytaknyga.lt","description":"Skaitytaknyga.lt \u2013 tai ma\u017eas \u0161eimos verslas, kuris prasid\u0117jo nuo meil\u0117s knygoms ir siekio i\u0161gelb\u0117ti knygas nuo likimo prie konteinerio. Kas vienam nereikalingas daiktas \u2013 kitam lobis, o mes esame tarpininkai, kurie padeda abiems tapti laimingesniems ???? \u017dinome kaip nelengva i\u0161gyventi ma\u017eiems verslams, tad nuo \u0161iol, \u010dia rasite ir kit\u0173, ma\u017e\u0173 \u0161eim\u0173 versl\u0173, rank\u0173 darbo, dovan\u0173 sau ir artimiesiems.","publisher":{"@id":"https:\/\/skaitytaknyga.lt\/#organization"},"potentialAction":[{"@type":"SearchAction","target":{"@type":"EntryPoint","urlTemplate":"https:\/\/skaitytaknyga.lt\/?s={search_term_string}"},"query-input":{"@type":"PropertyValueSpecification","valueRequired":true,"valueName":"search_term_string"}}],"inLanguage":"en-GB"},{"@type":"Organization","@id":"https:\/\/skaitytaknyga.lt\/#organization","name":"skaitytaknyga.lt","url":"https:\/\/skaitytaknyga.lt\/","logo":{"@type":"ImageObject","inLanguage":"en-GB","@id":"https:\/\/skaitytaknyga.lt\/#\/schema\/logo\/image\/","url":"https:\/\/skaitytaknyga.lt\/wp-content\/uploads\/2024\/05\/cropped-cropped-cropped-02_00843_jt3bggkj1j3HLc7SyY6rEUpg.jpeg","contentUrl":"https:\/\/skaitytaknyga.lt\/wp-content\/uploads\/2024\/05\/cropped-cropped-cropped-02_00843_jt3bggkj1j3HLc7SyY6rEUpg.jpeg","width":1600,"height":1600,"caption":"skaitytaknyga.lt"},"image":{"@id":"https:\/\/skaitytaknyga.lt\/#\/schema\/logo\/image\/"},"sameAs":["https:\/\/www.facebook.com\/skaitytaknyga\/"]}]}},"_links":{"self":[{"href":"https:\/\/skaitytaknyga.lt\/en\/wp-json\/wp\/v2\/product\/16916","targetHints":{"allow":["GET"]}}],"collection":[{"href":"https:\/\/skaitytaknyga.lt\/en\/wp-json\/wp\/v2\/product"}],"about":[{"href":"https:\/\/skaitytaknyga.lt\/en\/wp-json\/wp\/v2\/types\/product"}],"replies":[{"embeddable":true,"href":"https:\/\/skaitytaknyga.lt\/en\/wp-json\/wp\/v2\/comments?post=16916"}],"wp:featuredmedia":[{"embeddable":true,"href":"https:\/\/skaitytaknyga.lt\/en\/wp-json\/wp\/v2\/media\/16917"}],"wp:attachment":[{"href":"https:\/\/skaitytaknyga.lt\/en\/wp-json\/wp\/v2\/media?parent=16916"}],"wp:term":[{"taxonomy":"product_brand","embeddable":true,"href":"https:\/\/skaitytaknyga.lt\/en\/wp-json\/wp\/v2\/product_brand?post=16916"},{"taxonomy":"product_cat","embeddable":true,"href":"https:\/\/skaitytaknyga.lt\/en\/wp-json\/wp\/v2\/product_cat?post=16916"},{"taxonomy":"product_tag","embeddable":true,"href":"https:\/\/skaitytaknyga.lt\/en\/wp-json\/wp\/v2\/product_tag?post=16916"}],"curies":[{"name":"wp","href":"https:\/\/api.w.org\/{rel}","templated":true}]}}