{"id":16908,"date":"2025-02-16T19:13:58","date_gmt":"2025-02-16T17:13:58","guid":{"rendered":"https:\/\/skaitytaknyga.lt\/?post_type=product&#038;p=16908"},"modified":"2025-05-19T11:03:13","modified_gmt":"2025-05-19T08:03:13","slug":"kriminalistikos-keliai-ir-klystkeliai","status":"publish","type":"product","link":"https:\/\/skaitytaknyga.lt\/en\/produktas\/kriminalistikos-keliai-ir-klystkeliai\/","title":{"rendered":"Kriminalistikos keliai ir klystkeliai"},"content":{"rendered":"<p>\u017dinomo Vakar\u0173 Vokietijos publicisto knygoje pla\u010diai ir populiariai i\u0161d\u0117stoma ma\u017edaug \u0161imtme\u010dio mokslin\u0117s kriminalistikos istorija, nu\u0161vie\u010diama identifikavimo metod\u0173 k\u016brimo sunkumai ir mokslo pasiekimai. Be to, joje glaustai ir \u012fdomiai apra\u0161omos \u012fdomiausios Europos \u0161ali\u0173 ir JAV teism\u0173 bylos, kurias parengiant ir nagrin\u0117jant pirm\u0105 kart\u0105 buvo panaudoti nauji nusikalt\u0117li\u0173 i\u0161ai\u0161kinimo b\u016bdai, supa\u017eindinama su \u012f\u017eymiausi\u0173 kriminalistikos mokslo pradinink\u0173 darbais.<\/p>\n<ul class=\"about-product d-none d-xl-block mt-4\">\n<li><strong>Leid\u0117jas:<\/strong>\u00a0Mintis<\/li>\n<li><strong>Metai:<\/strong>\u00a01981<\/li>\n<li><strong>Puslapiai:<\/strong>\u00a0381<\/li>\n<li class=\"toggleable type-new-formats \"><strong>Formatas:<\/strong>\u00a017,5 x 22 x 2,5 cm, kieti vir\u0161eliai<\/li>\n<\/ul>\n","protected":false},"excerpt":{"rendered":"<p>\u0160ios knygos autorius \u2013 garsus Vokietijos teismo biologas pasakoja apie \u012fdomiausias XX a. kriminalines bylas, savaip jas \u012fvertina, atskleid\u017eia da\u017enai stebinan\u010dius bylos tyrimo pos\u016bkius. Jis semia i\u0161 savo did\u017eiul\u0117s patirties lobyno ir dalinasi su mumis naujausiais mokslin\u0117s kriminalistikos atradimais.<\/p>\n<p>Be kita ko, knygoje gyvai ir vaizdingai svarstomi ir tokie klausimai: ar \u012fmanoma teisin\u0117mis gudryb\u0117mis suklastoti genetinius pir\u0161t\u0173 atspaudus? Kaip palikti gul\u0117ti akiniai susij\u0119s su siaubingomis skerdyn\u0117mis? K\u0105 mums gal\u0117t\u0173 papasakoti kai kurios skruzd\u0117li\u0173 r\u016b\u0161ys? \u0160i knyga leid\u017eiasi \u012f \u017emog\u017eud\u017eio sielos bedugn\u0119 ir pakeri skaitytoj\u0105 kvap\u0105 gniau\u017eian\u010diomis istorijomis?<\/p>\n","protected":false},"featured_media":16909,"comment_status":"closed","ping_status":"closed","template":"","meta":{"_acf_changed":false,"site-sidebar-layout":"default","site-content-layout":"","ast-site-content-layout":"default","site-content-style":"default","site-sidebar-style":"default","ast-global-header-display":"","ast-banner-title-visibility":"","ast-main-header-display":"","ast-hfb-above-header-display":"","ast-hfb-below-header-display":"","ast-hfb-mobile-header-display":"","site-post-title":"","ast-breadcrumbs-content":"","ast-featured-img":"","footer-sml-layout":"","ast-disable-related-posts":"","theme-transparent-header-meta":"default","adv-header-id-meta":"","stick-header-meta":"","header-above-stick-meta":"","header-main-stick-meta":"","header-below-stick-meta":"","astra-migrate-meta-layouts":"set","ast-page-background-enabled":"default","ast-page-background-meta":{"desktop":{"background-color":"","background-image":"","background-repeat":"repeat","background-position":"center center","background-size":"auto","background-attachment":"scroll","background-type":"","background-media":"","overlay-type":"","overlay-color":"","overlay-opacity":"","overlay-gradient":""},"tablet":{"background-color":"","background-image":"","background-repeat":"repeat","background-position":"center center","background-size":"auto","background-attachment":"scroll","background-type":"","background-media":"","overlay-type":"","overlay-color":"","overlay-opacity":"","overlay-gradient":""},"mobile":{"background-color":"","background-image":"","background-repeat":"repeat","background-position":"center center","background-size":"auto","background-attachment":"scroll","background-type":"","background-media":"","overlay-type":"","overlay-color":"","overlay-opacity":"","overlay-gradient":""}},"ast-content-background-meta":{"desktop":{"background-color":"var(--ast-global-color-4)","background-image":"","background-repeat":"repeat","background-position":"center center","background-size":"auto","background-attachment":"scroll","background-type":"","background-media":"","overlay-type":"","overlay-color":"","overlay-opacity":"","overlay-gradient":""},"tablet":{"background-color":"var(--ast-global-color-4)","background-image":"","background-repeat":"repeat","background-position":"center center","background-size":"auto","background-attachment":"scroll","background-type":"","background-media":"","overlay-type":"","overlay-color":"","overlay-opacity":"","overlay-gradient":""},"mobile":{"background-color":"var(--ast-global-color-4)","background-image":"","background-repeat":"repeat","background-position":"center center","background-size":"auto","background-attachment":"scroll","background-type":"","background-media":"","overlay-type":"","overlay-color":"","overlay-opacity":"","overlay-gradient":""}}},"product_brand":[],"product_cat":[174,436],"product_tag":[2224,2096,3358],"class_list":{"0":"post-16908","1":"product","2":"type-product","3":"status-publish","4":"has-post-thumbnail","6":"product_cat-istorija-ir-politologija","7":"product_cat-teise","8":"product_tag-istorija","9":"product_tag-teise","10":"product_tag-vokietija","11":"desktop-align-left","12":"tablet-align-left","13":"mobile-align-left","15":"first","16":"instock","17":"shipping-taxable","18":"purchasable","19":"product-type-simple"},"acf":[],"yoast_head":"<!-- This site is optimized with the Yoast SEO plugin v27.0 - https:\/\/yoast.com\/product\/yoast-seo-wordpress\/ -->\n<title>Kriminalistikos keliai ir klystkeliai<\/title>\n<meta name=\"description\" content=\"\u0160ios knygos autorius \u2013 garsus Vokietijos teismo biologas pasakoja apie \u012fdomiausias XX a. kriminalines bylas, savaip jas \u012fvertina, atskleid\u017eia da\u017enai stebinan\u010dius bylos tyrimo pos\u016bkius. Jis semia i\u0161 savo did\u017eiul\u0117s patirties lobyno ir dalinasi su mumis naujausiais mokslin\u0117s kriminalistikos atradimais.  Be kita ko, knygoje gyvai ir vaizdingai svarstomi ir tokie klausimai: ar \u012fmanoma teisin\u0117mis gudryb\u0117mis suklastoti genetinius pir\u0161t\u0173 atspaudus? Kaip palikti gul\u0117ti akiniai susij\u0119s su siaubingomis skerdyn\u0117mis? K\u0105 mums gal\u0117t\u0173 papasakoti kai kurios skruzd\u0117li\u0173 r\u016b\u0161ys? \u0160i knyga leid\u017eiasi \u012f \u017emog\u017eud\u017eio sielos bedugn\u0119 ir pakeri skaitytoj\u0105 kvap\u0105 gniau\u017eian\u010diomis istorijomis?\" \/>\n<meta name=\"robots\" content=\"index, follow, max-snippet:-1, max-image-preview:large, max-video-preview:-1\" \/>\n<link rel=\"canonical\" href=\"https:\/\/skaitytaknyga.lt\/en\/produktas\/kriminalistikos-keliai-ir-klystkeliai\/\" \/>\n<meta property=\"og:locale\" content=\"en_GB\" \/>\n<meta property=\"og:locale:alternate\" content=\"lt_LT\" \/>\n<meta property=\"og:type\" content=\"article\" \/>\n<meta property=\"og:title\" content=\"Kriminalistikos keliai ir klystkeliai\" \/>\n<meta property=\"og:description\" content=\"\u0160ios knygos autorius \u2013 garsus Vokietijos teismo biologas pasakoja apie \u012fdomiausias XX a. kriminalines bylas, savaip jas \u012fvertina, atskleid\u017eia da\u017enai stebinan\u010dius bylos tyrimo pos\u016bkius. Jis semia i\u0161 savo did\u017eiul\u0117s patirties lobyno ir dalinasi su mumis naujausiais mokslin\u0117s kriminalistikos atradimais.  Be kita ko, knygoje gyvai ir vaizdingai svarstomi ir tokie klausimai: ar \u012fmanoma teisin\u0117mis gudryb\u0117mis suklastoti genetinius pir\u0161t\u0173 atspaudus? Kaip palikti gul\u0117ti akiniai susij\u0119s su siaubingomis skerdyn\u0117mis? K\u0105 mums gal\u0117t\u0173 papasakoti kai kurios skruzd\u0117li\u0173 r\u016b\u0161ys? \u0160i knyga leid\u017eiasi \u012f \u017emog\u017eud\u017eio sielos bedugn\u0119 ir pakeri skaitytoj\u0105 kvap\u0105 gniau\u017eian\u010diomis istorijomis?\" \/>\n<meta property=\"og:url\" content=\"https:\/\/skaitytaknyga.lt\/en\/produktas\/kriminalistikos-keliai-ir-klystkeliai\/\" \/>\n<meta property=\"og:site_name\" content=\"Skaitytaknyga\" \/>\n<meta property=\"article:publisher\" content=\"https:\/\/www.facebook.com\/skaitytaknyga\/\" \/>\n<meta property=\"article:modified_time\" content=\"2025-05-19T08:03:13+00:00\" \/>\n<meta property=\"og:image\" content=\"https:\/\/skaitytaknyga.lt\/wp-content\/uploads\/2025\/02\/Kriminalistikos-keliai-ir-klystkeliai.webp\" \/>\n\t<meta property=\"og:image:width\" content=\"623\" \/>\n\t<meta property=\"og:image:height\" content=\"800\" \/>\n\t<meta property=\"og:image:type\" content=\"image\/webp\" \/>\n<meta name=\"twitter:card\" content=\"summary_large_image\" \/>\n<meta name=\"twitter:label1\" content=\"Estimated reading time\" \/>\n\t<meta name=\"twitter:data1\" content=\"1 minute\" \/>\n<script type=\"application\/ld+json\" class=\"yoast-schema-graph\">{\"@context\":\"https:\/\/schema.org\",\"@graph\":[{\"@type\":\"WebPage\",\"@id\":\"https:\/\/skaitytaknyga.lt\/produktas\/kriminalistikos-keliai-ir-klystkeliai\/\",\"url\":\"https:\/\/skaitytaknyga.lt\/produktas\/kriminalistikos-keliai-ir-klystkeliai\/\",\"name\":\"Kriminalistikos keliai ir klystkeliai\",\"isPartOf\":{\"@id\":\"https:\/\/skaitytaknyga.lt\/#website\"},\"primaryImageOfPage\":{\"@id\":\"https:\/\/skaitytaknyga.lt\/produktas\/kriminalistikos-keliai-ir-klystkeliai\/#primaryimage\"},\"image\":{\"@id\":\"https:\/\/skaitytaknyga.lt\/produktas\/kriminalistikos-keliai-ir-klystkeliai\/#primaryimage\"},\"thumbnailUrl\":\"https:\/\/skaitytaknyga.lt\/wp-content\/uploads\/2025\/02\/Kriminalistikos-keliai-ir-klystkeliai.webp\",\"datePublished\":\"2025-02-16T17:13:58+00:00\",\"dateModified\":\"2025-05-19T08:03:13+00:00\",\"description\":\"\u0160ios knygos autorius \u2013 garsus Vokietijos teismo biologas pasakoja apie \u012fdomiausias XX a. kriminalines bylas, savaip jas \u012fvertina, atskleid\u017eia da\u017enai stebinan\u010dius bylos tyrimo pos\u016bkius. Jis semia i\u0161 savo did\u017eiul\u0117s patirties lobyno ir dalinasi su mumis naujausiais mokslin\u0117s kriminalistikos atradimais. Be kita ko, knygoje gyvai ir vaizdingai svarstomi ir tokie klausimai: ar \u012fmanoma teisin\u0117mis gudryb\u0117mis suklastoti genetinius pir\u0161t\u0173 atspaudus? Kaip palikti gul\u0117ti akiniai susij\u0119s su siaubingomis skerdyn\u0117mis? K\u0105 mums gal\u0117t\u0173 papasakoti kai kurios skruzd\u0117li\u0173 r\u016b\u0161ys? \u0160i knyga leid\u017eiasi \u012f \u017emog\u017eud\u017eio sielos bedugn\u0119 ir pakeri skaitytoj\u0105 kvap\u0105 gniau\u017eian\u010diomis istorijomis?\",\"breadcrumb\":{\"@id\":\"https:\/\/skaitytaknyga.lt\/produktas\/kriminalistikos-keliai-ir-klystkeliai\/#breadcrumb\"},\"inLanguage\":\"en-GB\",\"potentialAction\":[{\"@type\":\"ReadAction\",\"target\":[\"https:\/\/skaitytaknyga.lt\/produktas\/kriminalistikos-keliai-ir-klystkeliai\/\"]}]},{\"@type\":\"ImageObject\",\"inLanguage\":\"en-GB\",\"@id\":\"https:\/\/skaitytaknyga.lt\/produktas\/kriminalistikos-keliai-ir-klystkeliai\/#primaryimage\",\"url\":\"https:\/\/skaitytaknyga.lt\/wp-content\/uploads\/2025\/02\/Kriminalistikos-keliai-ir-klystkeliai.webp\",\"contentUrl\":\"https:\/\/skaitytaknyga.lt\/wp-content\/uploads\/2025\/02\/Kriminalistikos-keliai-ir-klystkeliai.webp\",\"width\":623,\"height\":800,\"caption\":\"Kriminalistikos keliai ir klystkeliai\"},{\"@type\":\"BreadcrumbList\",\"@id\":\"https:\/\/skaitytaknyga.lt\/produktas\/kriminalistikos-keliai-ir-klystkeliai\/#breadcrumb\",\"itemListElement\":[{\"@type\":\"ListItem\",\"position\":1,\"name\":\"Home\",\"item\":\"https:\/\/skaitytaknyga.lt\/\"},{\"@type\":\"ListItem\",\"position\":2,\"name\":\"Parduotuv\u0117\",\"item\":\"https:\/\/skaitytaknyga.lt\/knygu-parduotuve\/\"},{\"@type\":\"ListItem\",\"position\":3,\"name\":\"Kriminalistikos keliai ir klystkeliai\"}]},{\"@type\":\"WebSite\",\"@id\":\"https:\/\/skaitytaknyga.lt\/#website\",\"url\":\"https:\/\/skaitytaknyga.lt\/\",\"name\":\"skaitytaknyga.lt\",\"description\":\"Skaitytaknyga.lt \u2013 tai ma\u017eas \u0161eimos verslas, kuris prasid\u0117jo nuo meil\u0117s knygoms ir siekio i\u0161gelb\u0117ti knygas nuo likimo prie konteinerio. Kas vienam nereikalingas daiktas \u2013 kitam lobis, o mes esame tarpininkai, kurie padeda abiems tapti laimingesniems ???? \u017dinome kaip nelengva i\u0161gyventi ma\u017eiems verslams, tad nuo \u0161iol, \u010dia rasite ir kit\u0173, ma\u017e\u0173 \u0161eim\u0173 versl\u0173, rank\u0173 darbo, dovan\u0173 sau ir artimiesiems.\",\"publisher\":{\"@id\":\"https:\/\/skaitytaknyga.lt\/#organization\"},\"potentialAction\":[{\"@type\":\"SearchAction\",\"target\":{\"@type\":\"EntryPoint\",\"urlTemplate\":\"https:\/\/skaitytaknyga.lt\/?s={search_term_string}\"},\"query-input\":{\"@type\":\"PropertyValueSpecification\",\"valueRequired\":true,\"valueName\":\"search_term_string\"}}],\"inLanguage\":\"en-GB\"},{\"@type\":\"Organization\",\"@id\":\"https:\/\/skaitytaknyga.lt\/#organization\",\"name\":\"skaitytaknyga.lt\",\"url\":\"https:\/\/skaitytaknyga.lt\/\",\"logo\":{\"@type\":\"ImageObject\",\"inLanguage\":\"en-GB\",\"@id\":\"https:\/\/skaitytaknyga.lt\/#\/schema\/logo\/image\/\",\"url\":\"https:\/\/skaitytaknyga.lt\/wp-content\/uploads\/2024\/05\/cropped-cropped-cropped-02_00843_jt3bggkj1j3HLc7SyY6rEUpg.jpeg\",\"contentUrl\":\"https:\/\/skaitytaknyga.lt\/wp-content\/uploads\/2024\/05\/cropped-cropped-cropped-02_00843_jt3bggkj1j3HLc7SyY6rEUpg.jpeg\",\"width\":1600,\"height\":1600,\"caption\":\"skaitytaknyga.lt\"},\"image\":{\"@id\":\"https:\/\/skaitytaknyga.lt\/#\/schema\/logo\/image\/\"},\"sameAs\":[\"https:\/\/www.facebook.com\/skaitytaknyga\/\"]}]}<\/script>\n<!-- \/ Yoast SEO plugin. -->","yoast_head_json":{"title":"Kriminalistikos keliai ir klystkeliai","description":"\u0160ios knygos autorius \u2013 garsus Vokietijos teismo biologas pasakoja apie \u012fdomiausias XX a. kriminalines bylas, savaip jas \u012fvertina, atskleid\u017eia da\u017enai stebinan\u010dius bylos tyrimo pos\u016bkius. Jis semia i\u0161 savo did\u017eiul\u0117s patirties lobyno ir dalinasi su mumis naujausiais mokslin\u0117s kriminalistikos atradimais.  Be kita ko, knygoje gyvai ir vaizdingai svarstomi ir tokie klausimai: ar \u012fmanoma teisin\u0117mis gudryb\u0117mis suklastoti genetinius pir\u0161t\u0173 atspaudus? Kaip palikti gul\u0117ti akiniai susij\u0119s su siaubingomis skerdyn\u0117mis? K\u0105 mums gal\u0117t\u0173 papasakoti kai kurios skruzd\u0117li\u0173 r\u016b\u0161ys? \u0160i knyga leid\u017eiasi \u012f \u017emog\u017eud\u017eio sielos bedugn\u0119 ir pakeri skaitytoj\u0105 kvap\u0105 gniau\u017eian\u010diomis istorijomis?","robots":{"index":"index","follow":"follow","max-snippet":"max-snippet:-1","max-image-preview":"max-image-preview:large","max-video-preview":"max-video-preview:-1"},"canonical":"https:\/\/skaitytaknyga.lt\/en\/produktas\/kriminalistikos-keliai-ir-klystkeliai\/","og_locale":"en_GB","og_type":"article","og_title":"[:lt]Kriminalistikos keliai ir klystkeliai[:] - Skaitytaknyga","og_description":"\u0160ios knygos autorius \u2013 garsus Vokietijos teismo biologas pasakoja apie \u012fdomiausias XX a. kriminalines bylas, savaip jas \u012fvertina, atskleid\u017eia da\u017enai stebinan\u010dius bylos tyrimo pos\u016bkius. Jis semia i\u0161 savo did\u017eiul\u0117s patirties lobyno ir dalinasi su mumis naujausiais mokslin\u0117s kriminalistikos atradimais.  Be kita ko, knygoje gyvai ir vaizdingai svarstomi ir tokie klausimai: ar \u012fmanoma teisin\u0117mis gudryb\u0117mis suklastoti genetinius pir\u0161t\u0173 atspaudus? Kaip palikti gul\u0117ti akiniai susij\u0119s su siaubingomis skerdyn\u0117mis? K\u0105 mums gal\u0117t\u0173 papasakoti kai kurios skruzd\u0117li\u0173 r\u016b\u0161ys? \u0160i knyga leid\u017eiasi \u012f \u017emog\u017eud\u017eio sielos bedugn\u0119 ir pakeri skaitytoj\u0105 kvap\u0105 gniau\u017eian\u010diomis istorijomis?","og_url":"https:\/\/skaitytaknyga.lt\/en\/produktas\/kriminalistikos-keliai-ir-klystkeliai\/","og_site_name":"Skaitytaknyga","article_publisher":"https:\/\/www.facebook.com\/skaitytaknyga\/","article_modified_time":"2025-05-19T08:03:13+00:00","og_image":[{"width":623,"height":800,"url":"https:\/\/skaitytaknyga.lt\/wp-content\/uploads\/2025\/02\/Kriminalistikos-keliai-ir-klystkeliai.webp","type":"image\/webp"}],"twitter_card":"summary_large_image","twitter_misc":{"Estimated reading time":"1 minute"},"schema":{"@context":"https:\/\/schema.org","@graph":[{"@type":"WebPage","@id":"https:\/\/skaitytaknyga.lt\/produktas\/kriminalistikos-keliai-ir-klystkeliai\/","url":"https:\/\/skaitytaknyga.lt\/produktas\/kriminalistikos-keliai-ir-klystkeliai\/","name":"Kriminalistikos keliai ir klystkeliai","isPartOf":{"@id":"https:\/\/skaitytaknyga.lt\/#website"},"primaryImageOfPage":{"@id":"https:\/\/skaitytaknyga.lt\/produktas\/kriminalistikos-keliai-ir-klystkeliai\/#primaryimage"},"image":{"@id":"https:\/\/skaitytaknyga.lt\/produktas\/kriminalistikos-keliai-ir-klystkeliai\/#primaryimage"},"thumbnailUrl":"https:\/\/skaitytaknyga.lt\/wp-content\/uploads\/2025\/02\/Kriminalistikos-keliai-ir-klystkeliai.webp","datePublished":"2025-02-16T17:13:58+00:00","dateModified":"2025-05-19T08:03:13+00:00","description":"\u0160ios knygos autorius \u2013 garsus Vokietijos teismo biologas pasakoja apie \u012fdomiausias XX a. kriminalines bylas, savaip jas \u012fvertina, atskleid\u017eia da\u017enai stebinan\u010dius bylos tyrimo pos\u016bkius. Jis semia i\u0161 savo did\u017eiul\u0117s patirties lobyno ir dalinasi su mumis naujausiais mokslin\u0117s kriminalistikos atradimais. Be kita ko, knygoje gyvai ir vaizdingai svarstomi ir tokie klausimai: ar \u012fmanoma teisin\u0117mis gudryb\u0117mis suklastoti genetinius pir\u0161t\u0173 atspaudus? Kaip palikti gul\u0117ti akiniai susij\u0119s su siaubingomis skerdyn\u0117mis? K\u0105 mums gal\u0117t\u0173 papasakoti kai kurios skruzd\u0117li\u0173 r\u016b\u0161ys? \u0160i knyga leid\u017eiasi \u012f \u017emog\u017eud\u017eio sielos bedugn\u0119 ir pakeri skaitytoj\u0105 kvap\u0105 gniau\u017eian\u010diomis istorijomis?","breadcrumb":{"@id":"https:\/\/skaitytaknyga.lt\/produktas\/kriminalistikos-keliai-ir-klystkeliai\/#breadcrumb"},"inLanguage":"en-GB","potentialAction":[{"@type":"ReadAction","target":["https:\/\/skaitytaknyga.lt\/produktas\/kriminalistikos-keliai-ir-klystkeliai\/"]}]},{"@type":"ImageObject","inLanguage":"en-GB","@id":"https:\/\/skaitytaknyga.lt\/produktas\/kriminalistikos-keliai-ir-klystkeliai\/#primaryimage","url":"https:\/\/skaitytaknyga.lt\/wp-content\/uploads\/2025\/02\/Kriminalistikos-keliai-ir-klystkeliai.webp","contentUrl":"https:\/\/skaitytaknyga.lt\/wp-content\/uploads\/2025\/02\/Kriminalistikos-keliai-ir-klystkeliai.webp","width":623,"height":800,"caption":"Kriminalistikos keliai ir klystkeliai"},{"@type":"BreadcrumbList","@id":"https:\/\/skaitytaknyga.lt\/produktas\/kriminalistikos-keliai-ir-klystkeliai\/#breadcrumb","itemListElement":[{"@type":"ListItem","position":1,"name":"Home","item":"https:\/\/skaitytaknyga.lt\/"},{"@type":"ListItem","position":2,"name":"Parduotuv\u0117","item":"https:\/\/skaitytaknyga.lt\/knygu-parduotuve\/"},{"@type":"ListItem","position":3,"name":"Kriminalistikos keliai ir klystkeliai"}]},{"@type":"WebSite","@id":"https:\/\/skaitytaknyga.lt\/#website","url":"https:\/\/skaitytaknyga.lt\/","name":"skaitytaknyga.lt","description":"Skaitytaknyga.lt \u2013 tai ma\u017eas \u0161eimos verslas, kuris prasid\u0117jo nuo meil\u0117s knygoms ir siekio i\u0161gelb\u0117ti knygas nuo likimo prie konteinerio. Kas vienam nereikalingas daiktas \u2013 kitam lobis, o mes esame tarpininkai, kurie padeda abiems tapti laimingesniems ???? \u017dinome kaip nelengva i\u0161gyventi ma\u017eiems verslams, tad nuo \u0161iol, \u010dia rasite ir kit\u0173, ma\u017e\u0173 \u0161eim\u0173 versl\u0173, rank\u0173 darbo, dovan\u0173 sau ir artimiesiems.","publisher":{"@id":"https:\/\/skaitytaknyga.lt\/#organization"},"potentialAction":[{"@type":"SearchAction","target":{"@type":"EntryPoint","urlTemplate":"https:\/\/skaitytaknyga.lt\/?s={search_term_string}"},"query-input":{"@type":"PropertyValueSpecification","valueRequired":true,"valueName":"search_term_string"}}],"inLanguage":"en-GB"},{"@type":"Organization","@id":"https:\/\/skaitytaknyga.lt\/#organization","name":"skaitytaknyga.lt","url":"https:\/\/skaitytaknyga.lt\/","logo":{"@type":"ImageObject","inLanguage":"en-GB","@id":"https:\/\/skaitytaknyga.lt\/#\/schema\/logo\/image\/","url":"https:\/\/skaitytaknyga.lt\/wp-content\/uploads\/2024\/05\/cropped-cropped-cropped-02_00843_jt3bggkj1j3HLc7SyY6rEUpg.jpeg","contentUrl":"https:\/\/skaitytaknyga.lt\/wp-content\/uploads\/2024\/05\/cropped-cropped-cropped-02_00843_jt3bggkj1j3HLc7SyY6rEUpg.jpeg","width":1600,"height":1600,"caption":"skaitytaknyga.lt"},"image":{"@id":"https:\/\/skaitytaknyga.lt\/#\/schema\/logo\/image\/"},"sameAs":["https:\/\/www.facebook.com\/skaitytaknyga\/"]}]}},"_links":{"self":[{"href":"https:\/\/skaitytaknyga.lt\/en\/wp-json\/wp\/v2\/product\/16908","targetHints":{"allow":["GET"]}}],"collection":[{"href":"https:\/\/skaitytaknyga.lt\/en\/wp-json\/wp\/v2\/product"}],"about":[{"href":"https:\/\/skaitytaknyga.lt\/en\/wp-json\/wp\/v2\/types\/product"}],"replies":[{"embeddable":true,"href":"https:\/\/skaitytaknyga.lt\/en\/wp-json\/wp\/v2\/comments?post=16908"}],"wp:featuredmedia":[{"embeddable":true,"href":"https:\/\/skaitytaknyga.lt\/en\/wp-json\/wp\/v2\/media\/16909"}],"wp:attachment":[{"href":"https:\/\/skaitytaknyga.lt\/en\/wp-json\/wp\/v2\/media?parent=16908"}],"wp:term":[{"taxonomy":"product_brand","embeddable":true,"href":"https:\/\/skaitytaknyga.lt\/en\/wp-json\/wp\/v2\/product_brand?post=16908"},{"taxonomy":"product_cat","embeddable":true,"href":"https:\/\/skaitytaknyga.lt\/en\/wp-json\/wp\/v2\/product_cat?post=16908"},{"taxonomy":"product_tag","embeddable":true,"href":"https:\/\/skaitytaknyga.lt\/en\/wp-json\/wp\/v2\/product_tag?post=16908"}],"curies":[{"name":"wp","href":"https:\/\/api.w.org\/{rel}","templated":true}]}}