{"id":16906,"date":"2025-02-16T19:11:46","date_gmt":"2025-02-16T17:11:46","guid":{"rendered":"https:\/\/skaitytaknyga.lt\/?post_type=product&#038;p=16906"},"modified":"2025-02-16T19:12:19","modified_gmt":"2025-02-16T17:12:19","slug":"lietuviski-angliski-pokalbiai","status":"publish","type":"product","link":"https:\/\/skaitytaknyga.lt\/en\/produktas\/lietuviski-angliski-pokalbiai\/","title":{"rendered":"Lietuvi\u0161ki\u2013angli\u0161ki pokalbiai"},"content":{"rendered":"<p>Puikus vadovas vykstantiems \u012f Did\u017ei\u0105j\u0105 Britanij\u0105 ir \u012f kitas \u0161alis, kuriose kalbama angl\u0173 kalba.<\/p>\n<p>Daugiau kaip 7000 \u017eod\u017ei\u0173 bei sakini\u0173 ir j\u0173 tarimas.<\/p>\n<p>Knygos gale \u2013 trumpa angl\u0173 kalbos gramatika, lietuvi\u0173-angl\u0173 ir angl\u0173-lietuvi\u0173 kalb\u0173 \u017eodyn\u0117liai, dalykin\u0117 rodykl\u0117.<\/p>\n<ul class=\"about-product d-none d-xl-block mt-4\">\n<li><strong>Autorius:<\/strong>\u00a0Sonia Brough<\/li>\n<li><strong>Leid\u0117jas:<\/strong>\u00a0\u0160viesa<\/li>\n<li><strong>Metai:<\/strong>\u00a02001<\/li>\n<li><strong>Puslapiai:<\/strong>\u00a0320<\/li>\n<li class=\"toggleable type-new-formats \"><strong>EAN-13:<\/strong>\u00a04771558300152<\/li>\n<li class=\"toggleable type-new-formats \"><strong>Formatas:<\/strong>\u00a010,5 x 15,5 cm, kieti vir\u0161eliai<\/li>\n<li><strong>Kalba:<\/strong>\u00a0Lietuvi\u0173<\/li>\n<li><strong>Vert\u0117jas:<\/strong>\u00a0Gra\u017eina Matukevi\u010dien\u0117<\/li>\n<\/ul>\n","protected":false},"excerpt":{"rendered":"<p>Puikus vadovas vykstantiems \u012f Did\u017ei\u0105j\u0105 Britanij\u0105 ir \u012f kitas \u0161alis, kuriose kalbama angl\u0173 kalba. Daugiau kaip 7000 \u017eod\u017ei\u0173 bei sakini\u0173 ir j\u0173 tarimas. Knygos gale \u2013 trumpa angl\u0173 kalbos gramatika, lietuvi\u0173-angl\u0173 ir angl\u0173-lietuvi\u0173 kalb\u0173 \u017eodyn\u0117liai, dalykin\u0117 rodykl\u0117. Autorius:\u00a0Sonia Brough Leid\u0117jas:\u00a0\u0160viesa Metai:\u00a02001 Puslapiai:\u00a0320 EAN-13:\u00a04771558300152 Formatas:\u00a010,5 x 15,5 cm, kieti vir\u0161eliai Kalba:\u00a0Lietuvi\u0173 Vert\u0117jas:\u00a0Gra\u017eina Matukevi\u010dien\u0117<\/p>\n","protected":false},"featured_media":16907,"comment_status":"closed","ping_status":"closed","template":"","meta":{"_acf_changed":false,"site-sidebar-layout":"default","site-content-layout":"","ast-site-content-layout":"default","site-content-style":"default","site-sidebar-style":"default","ast-global-header-display":"","ast-banner-title-visibility":"","ast-main-header-display":"","ast-hfb-above-header-display":"","ast-hfb-below-header-display":"","ast-hfb-mobile-header-display":"","site-post-title":"","ast-breadcrumbs-content":"","ast-featured-img":"","footer-sml-layout":"","ast-disable-related-posts":"","theme-transparent-header-meta":"default","adv-header-id-meta":"","stick-header-meta":"","header-above-stick-meta":"","header-main-stick-meta":"","header-below-stick-meta":"","astra-migrate-meta-layouts":"set","ast-page-background-enabled":"default","ast-page-background-meta":{"desktop":{"background-color":"","background-image":"","background-repeat":"repeat","background-position":"center center","background-size":"auto","background-attachment":"scroll","background-type":"","background-media":"","overlay-type":"","overlay-color":"","overlay-opacity":"","overlay-gradient":""},"tablet":{"background-color":"","background-image":"","background-repeat":"repeat","background-position":"center center","background-size":"auto","background-attachment":"scroll","background-type":"","background-media":"","overlay-type":"","overlay-color":"","overlay-opacity":"","overlay-gradient":""},"mobile":{"background-color":"","background-image":"","background-repeat":"repeat","background-position":"center center","background-size":"auto","background-attachment":"scroll","background-type":"","background-media":"","overlay-type":"","overlay-color":"","overlay-opacity":"","overlay-gradient":""}},"ast-content-background-meta":{"desktop":{"background-color":"var(--ast-global-color-4)","background-image":"","background-repeat":"repeat","background-position":"center center","background-size":"auto","background-attachment":"scroll","background-type":"","background-media":"","overlay-type":"","overlay-color":"","overlay-opacity":"","overlay-gradient":""},"tablet":{"background-color":"var(--ast-global-color-4)","background-image":"","background-repeat":"repeat","background-position":"center center","background-size":"auto","background-attachment":"scroll","background-type":"","background-media":"","overlay-type":"","overlay-color":"","overlay-opacity":"","overlay-gradient":""},"mobile":{"background-color":"var(--ast-global-color-4)","background-image":"","background-repeat":"repeat","background-position":"center center","background-size":"auto","background-attachment":"scroll","background-type":"","background-media":"","overlay-type":"","overlay-color":"","overlay-opacity":"","overlay-gradient":""}}},"product_brand":[],"product_cat":[390],"product_tag":[],"class_list":{"0":"post-16906","1":"product","2":"type-product","3":"status-publish","4":"has-post-thumbnail","6":"product_cat-kalba-kalbotyra-zodynai","7":"desktop-align-left","8":"tablet-align-left","9":"mobile-align-left","11":"first","12":"instock","13":"shipping-taxable","14":"purchasable","15":"product-type-simple"},"acf":[],"yoast_head":"<!-- This site is optimized with the Yoast SEO plugin v27.4 - https:\/\/yoast.com\/product\/yoast-seo-wordpress\/ -->\n<title>Lietuvi\u0161ki\u2013angli\u0161ki pokalbiai<\/title>\n<meta name=\"description\" content=\"Puikus vadovas vykstantiems \u012f Did\u017ei\u0105j\u0105 Britanij\u0105 ir \u012f kitas \u0161alis, kuriose kalbama angl\u0173 kalba. Daugiau kaip 7000 \u017eod\u017ei\u0173 bei sakini\u0173 ir j\u0173 tarimas. Knygos\" \/>\n<meta name=\"robots\" content=\"index, follow, max-snippet:-1, max-image-preview:large, max-video-preview:-1\" \/>\n<link rel=\"canonical\" href=\"https:\/\/skaitytaknyga.lt\/en\/produktas\/lietuviski-angliski-pokalbiai\/\" \/>\n<meta property=\"og:locale\" content=\"en_GB\" \/>\n<meta property=\"og:locale:alternate\" content=\"lt_LT\" \/>\n<meta property=\"og:type\" content=\"article\" \/>\n<meta property=\"og:title\" content=\"Lietuvi\u0161ki\u2013angli\u0161ki pokalbiai\" \/>\n<meta property=\"og:description\" content=\"Puikus vadovas vykstantiems \u012f Did\u017ei\u0105j\u0105 Britanij\u0105 ir \u012f kitas \u0161alis, kuriose kalbama angl\u0173 kalba. Daugiau kaip 7000 \u017eod\u017ei\u0173 bei sakini\u0173 ir j\u0173 tarimas. Knygos\" \/>\n<meta property=\"og:url\" content=\"https:\/\/skaitytaknyga.lt\/en\/produktas\/lietuviski-angliski-pokalbiai\/\" \/>\n<meta property=\"og:site_name\" content=\"Skaitytaknyga\" \/>\n<meta property=\"article:publisher\" content=\"https:\/\/www.facebook.com\/skaitytaknyga\/\" \/>\n<meta property=\"article:modified_time\" content=\"2025-02-16T17:12:19+00:00\" \/>\n<meta property=\"og:image\" content=\"https:\/\/skaitytaknyga.lt\/wp-content\/uploads\/2025\/02\/Lietuviski\u2013angliski-pokalbiai.webp\" \/>\n\t<meta property=\"og:image:width\" content=\"374\" \/>\n\t<meta property=\"og:image:height\" content=\"571\" \/>\n\t<meta property=\"og:image:type\" content=\"image\/webp\" \/>\n<meta name=\"twitter:card\" content=\"summary_large_image\" \/>\n<meta name=\"twitter:label1\" content=\"Estimated reading time\" \/>\n\t<meta name=\"twitter:data1\" content=\"1 minute\" \/>\n<script type=\"application\/ld+json\" class=\"yoast-schema-graph\">{\"@context\":\"https:\\\/\\\/schema.org\",\"@graph\":[{\"@type\":\"WebPage\",\"@id\":\"https:\\\/\\\/skaitytaknyga.lt\\\/produktas\\\/lietuviski-angliski-pokalbiai\\\/\",\"url\":\"https:\\\/\\\/skaitytaknyga.lt\\\/produktas\\\/lietuviski-angliski-pokalbiai\\\/\",\"name\":\"Lietuvi\u0161ki\u2013angli\u0161ki pokalbiai\",\"isPartOf\":{\"@id\":\"https:\\\/\\\/skaitytaknyga.lt\\\/#website\"},\"primaryImageOfPage\":{\"@id\":\"https:\\\/\\\/skaitytaknyga.lt\\\/produktas\\\/lietuviski-angliski-pokalbiai\\\/#primaryimage\"},\"image\":{\"@id\":\"https:\\\/\\\/skaitytaknyga.lt\\\/produktas\\\/lietuviski-angliski-pokalbiai\\\/#primaryimage\"},\"thumbnailUrl\":\"https:\\\/\\\/skaitytaknyga.lt\\\/wp-content\\\/uploads\\\/2025\\\/02\\\/Lietuviski\u2013angliski-pokalbiai.webp\",\"datePublished\":\"2025-02-16T17:11:46+00:00\",\"dateModified\":\"2025-02-16T17:12:19+00:00\",\"description\":\"Puikus vadovas vykstantiems \u012f Did\u017ei\u0105j\u0105 Britanij\u0105 ir \u012f kitas \u0161alis, kuriose kalbama angl\u0173 kalba. Daugiau kaip 7000 \u017eod\u017ei\u0173 bei sakini\u0173 ir j\u0173 tarimas. Knygos\",\"breadcrumb\":{\"@id\":\"https:\\\/\\\/skaitytaknyga.lt\\\/produktas\\\/lietuviski-angliski-pokalbiai\\\/#breadcrumb\"},\"inLanguage\":\"en-GB\",\"potentialAction\":[{\"@type\":\"ReadAction\",\"target\":[\"https:\\\/\\\/skaitytaknyga.lt\\\/produktas\\\/lietuviski-angliski-pokalbiai\\\/\"]}]},{\"@type\":\"ImageObject\",\"inLanguage\":\"en-GB\",\"@id\":\"https:\\\/\\\/skaitytaknyga.lt\\\/produktas\\\/lietuviski-angliski-pokalbiai\\\/#primaryimage\",\"url\":\"https:\\\/\\\/skaitytaknyga.lt\\\/wp-content\\\/uploads\\\/2025\\\/02\\\/Lietuviski\u2013angliski-pokalbiai.webp\",\"contentUrl\":\"https:\\\/\\\/skaitytaknyga.lt\\\/wp-content\\\/uploads\\\/2025\\\/02\\\/Lietuviski\u2013angliski-pokalbiai.webp\",\"width\":374,\"height\":571,\"caption\":\"Lietuvi\u0161ki\u2013angli\u0161ki pokalbiai\"},{\"@type\":\"BreadcrumbList\",\"@id\":\"https:\\\/\\\/skaitytaknyga.lt\\\/produktas\\\/lietuviski-angliski-pokalbiai\\\/#breadcrumb\",\"itemListElement\":[{\"@type\":\"ListItem\",\"position\":1,\"name\":\"Home\",\"item\":\"https:\\\/\\\/skaitytaknyga.lt\\\/\"},{\"@type\":\"ListItem\",\"position\":2,\"name\":\"Parduotuv\u0117\",\"item\":\"https:\\\/\\\/skaitytaknyga.lt\\\/knygu-parduotuve\\\/\"},{\"@type\":\"ListItem\",\"position\":3,\"name\":\"Lietuvi\u0161ki\u2013angli\u0161ki pokalbiai\"}]},{\"@type\":\"WebSite\",\"@id\":\"https:\\\/\\\/skaitytaknyga.lt\\\/#website\",\"url\":\"https:\\\/\\\/skaitytaknyga.lt\\\/\",\"name\":\"skaitytaknyga.lt\",\"description\":\"Skaitytaknyga.lt \u2013 tai ma\u017eas \u0161eimos verslas, kuris prasid\u0117jo nuo meil\u0117s knygoms ir siekio i\u0161gelb\u0117ti knygas nuo likimo prie konteinerio. Kas vienam nereikalingas daiktas \u2013 kitam lobis, o mes esame tarpininkai, kurie padeda abiems tapti laimingesniems ???? \u017dinome kaip nelengva i\u0161gyventi ma\u017eiems verslams, tad nuo \u0161iol, \u010dia rasite ir kit\u0173, ma\u017e\u0173 \u0161eim\u0173 versl\u0173, rank\u0173 darbo, dovan\u0173 sau ir artimiesiems.\",\"publisher\":{\"@id\":\"https:\\\/\\\/skaitytaknyga.lt\\\/#organization\"},\"potentialAction\":[{\"@type\":\"SearchAction\",\"target\":{\"@type\":\"EntryPoint\",\"urlTemplate\":\"https:\\\/\\\/skaitytaknyga.lt\\\/?s={search_term_string}\"},\"query-input\":{\"@type\":\"PropertyValueSpecification\",\"valueRequired\":true,\"valueName\":\"search_term_string\"}}],\"inLanguage\":\"en-GB\"},{\"@type\":\"Organization\",\"@id\":\"https:\\\/\\\/skaitytaknyga.lt\\\/#organization\",\"name\":\"skaitytaknyga.lt\",\"url\":\"https:\\\/\\\/skaitytaknyga.lt\\\/\",\"logo\":{\"@type\":\"ImageObject\",\"inLanguage\":\"en-GB\",\"@id\":\"https:\\\/\\\/skaitytaknyga.lt\\\/#\\\/schema\\\/logo\\\/image\\\/\",\"url\":\"https:\\\/\\\/skaitytaknyga.lt\\\/wp-content\\\/uploads\\\/2024\\\/05\\\/cropped-cropped-cropped-02_00843_jt3bggkj1j3HLc7SyY6rEUpg.jpeg\",\"contentUrl\":\"https:\\\/\\\/skaitytaknyga.lt\\\/wp-content\\\/uploads\\\/2024\\\/05\\\/cropped-cropped-cropped-02_00843_jt3bggkj1j3HLc7SyY6rEUpg.jpeg\",\"width\":1600,\"height\":1600,\"caption\":\"skaitytaknyga.lt\"},\"image\":{\"@id\":\"https:\\\/\\\/skaitytaknyga.lt\\\/#\\\/schema\\\/logo\\\/image\\\/\"},\"sameAs\":[\"https:\\\/\\\/www.facebook.com\\\/skaitytaknyga\\\/\"]}]}<\/script>\n<!-- \/ Yoast SEO plugin. -->","yoast_head_json":{"title":"Lietuvi\u0161ki\u2013angli\u0161ki pokalbiai","description":"Puikus vadovas vykstantiems \u012f Did\u017ei\u0105j\u0105 Britanij\u0105 ir \u012f kitas \u0161alis, kuriose kalbama angl\u0173 kalba. Daugiau kaip 7000 \u017eod\u017ei\u0173 bei sakini\u0173 ir j\u0173 tarimas. Knygos","robots":{"index":"index","follow":"follow","max-snippet":"max-snippet:-1","max-image-preview":"max-image-preview:large","max-video-preview":"max-video-preview:-1"},"canonical":"https:\/\/skaitytaknyga.lt\/en\/produktas\/lietuviski-angliski-pokalbiai\/","og_locale":"en_GB","og_type":"article","og_title":"[:lt]Lietuvi\u0161ki\u2013angli\u0161ki pokalbiai[:] - Skaitytaknyga","og_description":"Puikus vadovas vykstantiems \u012f Did\u017ei\u0105j\u0105 Britanij\u0105 ir \u012f kitas \u0161alis, kuriose kalbama angl\u0173 kalba. Daugiau kaip 7000 \u017eod\u017ei\u0173 bei sakini\u0173 ir j\u0173 tarimas. Knygos","og_url":"https:\/\/skaitytaknyga.lt\/en\/produktas\/lietuviski-angliski-pokalbiai\/","og_site_name":"Skaitytaknyga","article_publisher":"https:\/\/www.facebook.com\/skaitytaknyga\/","article_modified_time":"2025-02-16T17:12:19+00:00","og_image":[{"width":374,"height":571,"url":"https:\/\/skaitytaknyga.lt\/wp-content\/uploads\/2025\/02\/Lietuviski\u2013angliski-pokalbiai.webp","type":"image\/webp"}],"twitter_card":"summary_large_image","twitter_misc":{"Estimated reading time":"1 minute"},"schema":{"@context":"https:\/\/schema.org","@graph":[{"@type":"WebPage","@id":"https:\/\/skaitytaknyga.lt\/produktas\/lietuviski-angliski-pokalbiai\/","url":"https:\/\/skaitytaknyga.lt\/produktas\/lietuviski-angliski-pokalbiai\/","name":"Lietuvi\u0161ki\u2013angli\u0161ki pokalbiai","isPartOf":{"@id":"https:\/\/skaitytaknyga.lt\/#website"},"primaryImageOfPage":{"@id":"https:\/\/skaitytaknyga.lt\/produktas\/lietuviski-angliski-pokalbiai\/#primaryimage"},"image":{"@id":"https:\/\/skaitytaknyga.lt\/produktas\/lietuviski-angliski-pokalbiai\/#primaryimage"},"thumbnailUrl":"https:\/\/skaitytaknyga.lt\/wp-content\/uploads\/2025\/02\/Lietuviski\u2013angliski-pokalbiai.webp","datePublished":"2025-02-16T17:11:46+00:00","dateModified":"2025-02-16T17:12:19+00:00","description":"Puikus vadovas vykstantiems \u012f Did\u017ei\u0105j\u0105 Britanij\u0105 ir \u012f kitas \u0161alis, kuriose kalbama angl\u0173 kalba. Daugiau kaip 7000 \u017eod\u017ei\u0173 bei sakini\u0173 ir j\u0173 tarimas. Knygos","breadcrumb":{"@id":"https:\/\/skaitytaknyga.lt\/produktas\/lietuviski-angliski-pokalbiai\/#breadcrumb"},"inLanguage":"en-GB","potentialAction":[{"@type":"ReadAction","target":["https:\/\/skaitytaknyga.lt\/produktas\/lietuviski-angliski-pokalbiai\/"]}]},{"@type":"ImageObject","inLanguage":"en-GB","@id":"https:\/\/skaitytaknyga.lt\/produktas\/lietuviski-angliski-pokalbiai\/#primaryimage","url":"https:\/\/skaitytaknyga.lt\/wp-content\/uploads\/2025\/02\/Lietuviski\u2013angliski-pokalbiai.webp","contentUrl":"https:\/\/skaitytaknyga.lt\/wp-content\/uploads\/2025\/02\/Lietuviski\u2013angliski-pokalbiai.webp","width":374,"height":571,"caption":"Lietuvi\u0161ki\u2013angli\u0161ki pokalbiai"},{"@type":"BreadcrumbList","@id":"https:\/\/skaitytaknyga.lt\/produktas\/lietuviski-angliski-pokalbiai\/#breadcrumb","itemListElement":[{"@type":"ListItem","position":1,"name":"Home","item":"https:\/\/skaitytaknyga.lt\/"},{"@type":"ListItem","position":2,"name":"Parduotuv\u0117","item":"https:\/\/skaitytaknyga.lt\/knygu-parduotuve\/"},{"@type":"ListItem","position":3,"name":"Lietuvi\u0161ki\u2013angli\u0161ki pokalbiai"}]},{"@type":"WebSite","@id":"https:\/\/skaitytaknyga.lt\/#website","url":"https:\/\/skaitytaknyga.lt\/","name":"skaitytaknyga.lt","description":"Skaitytaknyga.lt \u2013 tai ma\u017eas \u0161eimos verslas, kuris prasid\u0117jo nuo meil\u0117s knygoms ir siekio i\u0161gelb\u0117ti knygas nuo likimo prie konteinerio. Kas vienam nereikalingas daiktas \u2013 kitam lobis, o mes esame tarpininkai, kurie padeda abiems tapti laimingesniems ???? \u017dinome kaip nelengva i\u0161gyventi ma\u017eiems verslams, tad nuo \u0161iol, \u010dia rasite ir kit\u0173, ma\u017e\u0173 \u0161eim\u0173 versl\u0173, rank\u0173 darbo, dovan\u0173 sau ir artimiesiems.","publisher":{"@id":"https:\/\/skaitytaknyga.lt\/#organization"},"potentialAction":[{"@type":"SearchAction","target":{"@type":"EntryPoint","urlTemplate":"https:\/\/skaitytaknyga.lt\/?s={search_term_string}"},"query-input":{"@type":"PropertyValueSpecification","valueRequired":true,"valueName":"search_term_string"}}],"inLanguage":"en-GB"},{"@type":"Organization","@id":"https:\/\/skaitytaknyga.lt\/#organization","name":"skaitytaknyga.lt","url":"https:\/\/skaitytaknyga.lt\/","logo":{"@type":"ImageObject","inLanguage":"en-GB","@id":"https:\/\/skaitytaknyga.lt\/#\/schema\/logo\/image\/","url":"https:\/\/skaitytaknyga.lt\/wp-content\/uploads\/2024\/05\/cropped-cropped-cropped-02_00843_jt3bggkj1j3HLc7SyY6rEUpg.jpeg","contentUrl":"https:\/\/skaitytaknyga.lt\/wp-content\/uploads\/2024\/05\/cropped-cropped-cropped-02_00843_jt3bggkj1j3HLc7SyY6rEUpg.jpeg","width":1600,"height":1600,"caption":"skaitytaknyga.lt"},"image":{"@id":"https:\/\/skaitytaknyga.lt\/#\/schema\/logo\/image\/"},"sameAs":["https:\/\/www.facebook.com\/skaitytaknyga\/"]}]}},"_links":{"self":[{"href":"https:\/\/skaitytaknyga.lt\/en\/wp-json\/wp\/v2\/product\/16906","targetHints":{"allow":["GET"]}}],"collection":[{"href":"https:\/\/skaitytaknyga.lt\/en\/wp-json\/wp\/v2\/product"}],"about":[{"href":"https:\/\/skaitytaknyga.lt\/en\/wp-json\/wp\/v2\/types\/product"}],"replies":[{"embeddable":true,"href":"https:\/\/skaitytaknyga.lt\/en\/wp-json\/wp\/v2\/comments?post=16906"}],"wp:featuredmedia":[{"embeddable":true,"href":"https:\/\/skaitytaknyga.lt\/en\/wp-json\/wp\/v2\/media\/16907"}],"wp:attachment":[{"href":"https:\/\/skaitytaknyga.lt\/en\/wp-json\/wp\/v2\/media?parent=16906"}],"wp:term":[{"taxonomy":"product_brand","embeddable":true,"href":"https:\/\/skaitytaknyga.lt\/en\/wp-json\/wp\/v2\/product_brand?post=16906"},{"taxonomy":"product_cat","embeddable":true,"href":"https:\/\/skaitytaknyga.lt\/en\/wp-json\/wp\/v2\/product_cat?post=16906"},{"taxonomy":"product_tag","embeddable":true,"href":"https:\/\/skaitytaknyga.lt\/en\/wp-json\/wp\/v2\/product_tag?post=16906"}],"curies":[{"name":"wp","href":"https:\/\/api.w.org\/{rel}","templated":true}]}}