{"id":16894,"date":"2025-02-16T18:52:03","date_gmt":"2025-02-16T16:52:03","guid":{"rendered":"https:\/\/skaitytaknyga.lt\/?post_type=product&#038;p=16894"},"modified":"2025-06-11T08:55:54","modified_gmt":"2025-06-11T05:55:54","slug":"haus-frau","status":"publish","type":"product","link":"https:\/\/skaitytaknyga.lt\/en\/produktas\/haus-frau\/","title":{"rendered":"Haus Frau"},"content":{"rendered":"<p>Ana Benc, ketvirt\u0105 de\u0161imt\u012f bebaigianti amerikiet\u0117, gyvena su savo vyru, \u0161veicaru bankininku, ir trimis ma\u017eame\u010diais j\u0173dviej\u0173 vaikais Ciuricho priemiestyje, tobulame kaip atvirukas. Nors jos gyvenimas gra\u017eiai sustyguotas, vidujai Ana jau\u010diasi \u017elunganti. Ji m\u0117gina save skatinti naujais potyriais \u2014 vokie\u010di\u0173 kalbos kursais, Jungo psichoanalize, virtine seksualini\u0173 santyki\u0173, \u012f kuriuos leid\u017eiasi taip lengvai, kad net pati nustemba.<\/p>\n<p>Keliaudamas tarp aistros ir meil\u0117s, kalt\u0117s ir g\u0117dos, pasiteisinim\u0173 ir prie\u017eas\u010di\u0173, ilgam \u012fsimenantis Anos Benc persona\u017eas atskleid\u017eia skaitytojams savo pasirinkimus, kuriuos jie atpa\u017eins savyje ir apie kuriuos negal\u0117s nustoti galvoj\u0119. Nepaprasto gro\u017eio ir atvirumo pasakojimas apie tai, kaip mes save sukuriame ir susinaikiname, pri\u0117m\u0119 nelemtus sprendimus sav\u0119s ie\u0161kojimo kelyje.<\/p>\n<p>&#8220;Nuostabiai rami, psichologi\u0161kai sud\u0117tinga ir nepaprastai intymi knyga&#8230; Vienas protingiausi\u0173 roman\u0173 pastaraisiais metais.&#8221;<\/p>\n","protected":false},"excerpt":{"rendered":"<p>Ana Benc, ketvirt\u0105 de\u0161imt\u012f bebaigianti amerikiet\u0117, gyvena su savo vyru, \u0161veicaru bankininku, ir trimis ma\u017eame\u010diais j\u0173dviej\u0173 vaikais Ciuricho priemiestyje, tobulame kaip atvirukas. Nors jos gyvenimas gra\u017eiai sustyguotas, vidujai Ana jau\u010diasi \u017elunganti. Ji m\u0117gina save skatinti naujais potyriais \u2014 vokie\u010di\u0173 kalbos kursais, Jungo psichoanalize, virtine seksualini\u0173 santyki\u0173, \u012f kuriuos leid\u017eiasi taip lengvai, kad net pati nustemba. Keliaudamas tarp aistros ir meil\u0117s, kalt\u0117s ir g\u0117dos, pasiteisinim\u0173 ir prie\u017eas\u010di\u0173, ilgam \u012fsimenantis Anos Benc persona\u017eas atskleid\u017eia skaitytojams savo pasirinkimus, kuriuos jie atpa\u017eins savyje ir apie kuriuos negal\u0117s nustoti galvoj\u0119. Nepaprasto gro\u017eio ir atvirumo pasakojimas apie tai, kaip mes save sukuriame ir susinaikiname, pri\u0117m\u0119 nelemtus sprendimus sav\u0119s ie\u0161kojimo kelyje. &#8220;Nuostabiai rami, psichologi\u0161kai sud\u0117tinga ir nepaprastai intymi knyga&#8230; Vienas protingiausi\u0173 roman\u0173 pastaraisiais metais.&#8221;<\/p>\n","protected":false},"featured_media":16895,"comment_status":"open","ping_status":"closed","template":"","meta":{"_acf_changed":false,"site-sidebar-layout":"default","site-content-layout":"","ast-site-content-layout":"default","site-content-style":"default","site-sidebar-style":"default","ast-global-header-display":"","ast-banner-title-visibility":"","ast-main-header-display":"","ast-hfb-above-header-display":"","ast-hfb-below-header-display":"","ast-hfb-mobile-header-display":"","site-post-title":"","ast-breadcrumbs-content":"","ast-featured-img":"","footer-sml-layout":"","ast-disable-related-posts":"","theme-transparent-header-meta":"default","adv-header-id-meta":"","stick-header-meta":"","header-above-stick-meta":"","header-main-stick-meta":"","header-below-stick-meta":"","astra-migrate-meta-layouts":"set","ast-page-background-enabled":"default","ast-page-background-meta":{"desktop":{"background-color":"","background-image":"","background-repeat":"repeat","background-position":"center center","background-size":"auto","background-attachment":"scroll","background-type":"","background-media":"","overlay-type":"","overlay-color":"","overlay-opacity":"","overlay-gradient":""},"tablet":{"background-color":"","background-image":"","background-repeat":"repeat","background-position":"center center","background-size":"auto","background-attachment":"scroll","background-type":"","background-media":"","overlay-type":"","overlay-color":"","overlay-opacity":"","overlay-gradient":""},"mobile":{"background-color":"","background-image":"","background-repeat":"repeat","background-position":"center center","background-size":"auto","background-attachment":"scroll","background-type":"","background-media":"","overlay-type":"","overlay-color":"","overlay-opacity":"","overlay-gradient":""}},"ast-content-background-meta":{"desktop":{"background-color":"var(--ast-global-color-4)","background-image":"","background-repeat":"repeat","background-position":"center center","background-size":"auto","background-attachment":"scroll","background-type":"","background-media":"","overlay-type":"","overlay-color":"","overlay-opacity":"","overlay-gradient":""},"tablet":{"background-color":"var(--ast-global-color-4)","background-image":"","background-repeat":"repeat","background-position":"center center","background-size":"auto","background-attachment":"scroll","background-type":"","background-media":"","overlay-type":"","overlay-color":"","overlay-opacity":"","overlay-gradient":""},"mobile":{"background-color":"var(--ast-global-color-4)","background-image":"","background-repeat":"repeat","background-position":"center center","background-size":"auto","background-attachment":"scroll","background-type":"","background-media":"","overlay-type":"","overlay-color":"","overlay-opacity":"","overlay-gradient":""}}},"product_brand":[],"product_cat":[15],"product_tag":[2015,3258,4890,4887,4886,4889,4314,1703,1712,2745,4888,1927],"class_list":{"0":"post-16894","1":"product","2":"type-product","3":"status-publish","4":"has-post-thumbnail","6":"product_cat-uncategorized","7":"product_tag-aistra","8":"product_tag-amerika","9":"product_tag-geda","10":"product_tag-haus-frau","11":"product_tag-jill-alexander-essbaum","12":"product_tag-kalte","13":"product_tag-krize","14":"product_tag-moteru-literatura","15":"product_tag-psichologinis-romanas","16":"product_tag-santuoka","17":"product_tag-saves-ieskojimas","18":"product_tag-seksualumas","19":"desktop-align-left","20":"tablet-align-left","21":"mobile-align-left","23":"first","24":"instock","25":"shipping-taxable","26":"purchasable","27":"product-type-simple"},"acf":[],"yoast_head":"<!-- This site is optimized with the Yoast SEO plugin v27.0 - https:\/\/yoast.com\/product\/yoast-seo-wordpress\/ -->\n<title>Haus Frau<\/title>\n<meta name=\"description\" content=\"Ana Benc, ketvirt\u0105 de\u0161imt\u012f bebaigianti amerikiet\u0117, gyvena su savo vyru, \u0161veicaru bankininku, ir trimis ma\u017eame\u010diais j\u0173dviej\u0173 vaikais Ciuricho priemiestyje,\" \/>\n<meta name=\"robots\" content=\"index, follow, max-snippet:-1, max-image-preview:large, max-video-preview:-1\" \/>\n<link rel=\"canonical\" href=\"https:\/\/skaitytaknyga.lt\/en\/produktas\/haus-frau\/\" \/>\n<meta property=\"og:locale\" content=\"en_GB\" \/>\n<meta property=\"og:locale:alternate\" content=\"lt_LT\" \/>\n<meta property=\"og:type\" content=\"article\" \/>\n<meta property=\"og:title\" content=\"Haus Frau\" \/>\n<meta property=\"og:description\" content=\"Ana Benc, ketvirt\u0105 de\u0161imt\u012f bebaigianti amerikiet\u0117, gyvena su savo vyru, \u0161veicaru bankininku, ir trimis ma\u017eame\u010diais j\u0173dviej\u0173 vaikais Ciuricho priemiestyje,\" \/>\n<meta property=\"og:url\" content=\"https:\/\/skaitytaknyga.lt\/en\/produktas\/haus-frau\/\" \/>\n<meta property=\"og:site_name\" content=\"Skaitytaknyga\" \/>\n<meta property=\"article:publisher\" content=\"https:\/\/www.facebook.com\/skaitytaknyga\/\" \/>\n<meta property=\"article:modified_time\" content=\"2025-06-11T05:55:54+00:00\" \/>\n<meta property=\"og:image\" content=\"https:\/\/skaitytaknyga.lt\/wp-content\/uploads\/2025\/02\/Haus-Frau.jpg\" \/>\n\t<meta property=\"og:image:width\" content=\"285\" \/>\n\t<meta property=\"og:image:height\" content=\"450\" \/>\n\t<meta property=\"og:image:type\" content=\"image\/jpeg\" \/>\n<meta name=\"twitter:card\" content=\"summary_large_image\" \/>\n<meta name=\"twitter:label1\" content=\"Estimated reading time\" \/>\n\t<meta name=\"twitter:data1\" content=\"1 minute\" \/>\n<script type=\"application\/ld+json\" class=\"yoast-schema-graph\">{\"@context\":\"https:\/\/schema.org\",\"@graph\":[{\"@type\":\"WebPage\",\"@id\":\"https:\/\/skaitytaknyga.lt\/produktas\/haus-frau\/\",\"url\":\"https:\/\/skaitytaknyga.lt\/produktas\/haus-frau\/\",\"name\":\"Haus Frau\",\"isPartOf\":{\"@id\":\"https:\/\/skaitytaknyga.lt\/#website\"},\"primaryImageOfPage\":{\"@id\":\"https:\/\/skaitytaknyga.lt\/produktas\/haus-frau\/#primaryimage\"},\"image\":{\"@id\":\"https:\/\/skaitytaknyga.lt\/produktas\/haus-frau\/#primaryimage\"},\"thumbnailUrl\":\"https:\/\/skaitytaknyga.lt\/wp-content\/uploads\/2025\/02\/Haus-Frau.jpg\",\"datePublished\":\"2025-02-16T16:52:03+00:00\",\"dateModified\":\"2025-06-11T05:55:54+00:00\",\"description\":\"Ana Benc, ketvirt\u0105 de\u0161imt\u012f bebaigianti amerikiet\u0117, gyvena su savo vyru, \u0161veicaru bankininku, ir trimis ma\u017eame\u010diais j\u0173dviej\u0173 vaikais Ciuricho priemiestyje,\",\"breadcrumb\":{\"@id\":\"https:\/\/skaitytaknyga.lt\/produktas\/haus-frau\/#breadcrumb\"},\"inLanguage\":\"en-GB\",\"potentialAction\":[{\"@type\":\"ReadAction\",\"target\":[\"https:\/\/skaitytaknyga.lt\/produktas\/haus-frau\/\"]}]},{\"@type\":\"ImageObject\",\"inLanguage\":\"en-GB\",\"@id\":\"https:\/\/skaitytaknyga.lt\/produktas\/haus-frau\/#primaryimage\",\"url\":\"https:\/\/skaitytaknyga.lt\/wp-content\/uploads\/2025\/02\/Haus-Frau.jpg\",\"contentUrl\":\"https:\/\/skaitytaknyga.lt\/wp-content\/uploads\/2025\/02\/Haus-Frau.jpg\",\"width\":285,\"height\":450,\"caption\":\"Haus Frau\"},{\"@type\":\"BreadcrumbList\",\"@id\":\"https:\/\/skaitytaknyga.lt\/produktas\/haus-frau\/#breadcrumb\",\"itemListElement\":[{\"@type\":\"ListItem\",\"position\":1,\"name\":\"Home\",\"item\":\"https:\/\/skaitytaknyga.lt\/\"},{\"@type\":\"ListItem\",\"position\":2,\"name\":\"Parduotuv\u0117\",\"item\":\"https:\/\/skaitytaknyga.lt\/knygu-parduotuve\/\"},{\"@type\":\"ListItem\",\"position\":3,\"name\":\"Haus Frau\"}]},{\"@type\":\"WebSite\",\"@id\":\"https:\/\/skaitytaknyga.lt\/#website\",\"url\":\"https:\/\/skaitytaknyga.lt\/\",\"name\":\"skaitytaknyga.lt\",\"description\":\"Skaitytaknyga.lt \u2013 tai ma\u017eas \u0161eimos verslas, kuris prasid\u0117jo nuo meil\u0117s knygoms ir siekio i\u0161gelb\u0117ti knygas nuo likimo prie konteinerio. Kas vienam nereikalingas daiktas \u2013 kitam lobis, o mes esame tarpininkai, kurie padeda abiems tapti laimingesniems ???? \u017dinome kaip nelengva i\u0161gyventi ma\u017eiems verslams, tad nuo \u0161iol, \u010dia rasite ir kit\u0173, ma\u017e\u0173 \u0161eim\u0173 versl\u0173, rank\u0173 darbo, dovan\u0173 sau ir artimiesiems.\",\"publisher\":{\"@id\":\"https:\/\/skaitytaknyga.lt\/#organization\"},\"potentialAction\":[{\"@type\":\"SearchAction\",\"target\":{\"@type\":\"EntryPoint\",\"urlTemplate\":\"https:\/\/skaitytaknyga.lt\/?s={search_term_string}\"},\"query-input\":{\"@type\":\"PropertyValueSpecification\",\"valueRequired\":true,\"valueName\":\"search_term_string\"}}],\"inLanguage\":\"en-GB\"},{\"@type\":\"Organization\",\"@id\":\"https:\/\/skaitytaknyga.lt\/#organization\",\"name\":\"skaitytaknyga.lt\",\"url\":\"https:\/\/skaitytaknyga.lt\/\",\"logo\":{\"@type\":\"ImageObject\",\"inLanguage\":\"en-GB\",\"@id\":\"https:\/\/skaitytaknyga.lt\/#\/schema\/logo\/image\/\",\"url\":\"https:\/\/skaitytaknyga.lt\/wp-content\/uploads\/2024\/05\/cropped-cropped-cropped-02_00843_jt3bggkj1j3HLc7SyY6rEUpg.jpeg\",\"contentUrl\":\"https:\/\/skaitytaknyga.lt\/wp-content\/uploads\/2024\/05\/cropped-cropped-cropped-02_00843_jt3bggkj1j3HLc7SyY6rEUpg.jpeg\",\"width\":1600,\"height\":1600,\"caption\":\"skaitytaknyga.lt\"},\"image\":{\"@id\":\"https:\/\/skaitytaknyga.lt\/#\/schema\/logo\/image\/\"},\"sameAs\":[\"https:\/\/www.facebook.com\/skaitytaknyga\/\"]}]}<\/script>\n<!-- \/ Yoast SEO plugin. -->","yoast_head_json":{"title":"Haus Frau","description":"Ana Benc, ketvirt\u0105 de\u0161imt\u012f bebaigianti amerikiet\u0117, gyvena su savo vyru, \u0161veicaru bankininku, ir trimis ma\u017eame\u010diais j\u0173dviej\u0173 vaikais Ciuricho priemiestyje,","robots":{"index":"index","follow":"follow","max-snippet":"max-snippet:-1","max-image-preview":"max-image-preview:large","max-video-preview":"max-video-preview:-1"},"canonical":"https:\/\/skaitytaknyga.lt\/en\/produktas\/haus-frau\/","og_locale":"en_GB","og_type":"article","og_title":"[:lt]Haus Frau[:] - Skaitytaknyga","og_description":"Ana Benc, ketvirt\u0105 de\u0161imt\u012f bebaigianti amerikiet\u0117, gyvena su savo vyru, \u0161veicaru bankininku, ir trimis ma\u017eame\u010diais j\u0173dviej\u0173 vaikais Ciuricho priemiestyje,","og_url":"https:\/\/skaitytaknyga.lt\/en\/produktas\/haus-frau\/","og_site_name":"Skaitytaknyga","article_publisher":"https:\/\/www.facebook.com\/skaitytaknyga\/","article_modified_time":"2025-06-11T05:55:54+00:00","og_image":[{"width":285,"height":450,"url":"https:\/\/skaitytaknyga.lt\/wp-content\/uploads\/2025\/02\/Haus-Frau.jpg","type":"image\/jpeg"}],"twitter_card":"summary_large_image","twitter_misc":{"Estimated reading time":"1 minute"},"schema":{"@context":"https:\/\/schema.org","@graph":[{"@type":"WebPage","@id":"https:\/\/skaitytaknyga.lt\/produktas\/haus-frau\/","url":"https:\/\/skaitytaknyga.lt\/produktas\/haus-frau\/","name":"Haus Frau","isPartOf":{"@id":"https:\/\/skaitytaknyga.lt\/#website"},"primaryImageOfPage":{"@id":"https:\/\/skaitytaknyga.lt\/produktas\/haus-frau\/#primaryimage"},"image":{"@id":"https:\/\/skaitytaknyga.lt\/produktas\/haus-frau\/#primaryimage"},"thumbnailUrl":"https:\/\/skaitytaknyga.lt\/wp-content\/uploads\/2025\/02\/Haus-Frau.jpg","datePublished":"2025-02-16T16:52:03+00:00","dateModified":"2025-06-11T05:55:54+00:00","description":"Ana Benc, ketvirt\u0105 de\u0161imt\u012f bebaigianti amerikiet\u0117, gyvena su savo vyru, \u0161veicaru bankininku, ir trimis ma\u017eame\u010diais j\u0173dviej\u0173 vaikais Ciuricho priemiestyje,","breadcrumb":{"@id":"https:\/\/skaitytaknyga.lt\/produktas\/haus-frau\/#breadcrumb"},"inLanguage":"en-GB","potentialAction":[{"@type":"ReadAction","target":["https:\/\/skaitytaknyga.lt\/produktas\/haus-frau\/"]}]},{"@type":"ImageObject","inLanguage":"en-GB","@id":"https:\/\/skaitytaknyga.lt\/produktas\/haus-frau\/#primaryimage","url":"https:\/\/skaitytaknyga.lt\/wp-content\/uploads\/2025\/02\/Haus-Frau.jpg","contentUrl":"https:\/\/skaitytaknyga.lt\/wp-content\/uploads\/2025\/02\/Haus-Frau.jpg","width":285,"height":450,"caption":"Haus Frau"},{"@type":"BreadcrumbList","@id":"https:\/\/skaitytaknyga.lt\/produktas\/haus-frau\/#breadcrumb","itemListElement":[{"@type":"ListItem","position":1,"name":"Home","item":"https:\/\/skaitytaknyga.lt\/"},{"@type":"ListItem","position":2,"name":"Parduotuv\u0117","item":"https:\/\/skaitytaknyga.lt\/knygu-parduotuve\/"},{"@type":"ListItem","position":3,"name":"Haus Frau"}]},{"@type":"WebSite","@id":"https:\/\/skaitytaknyga.lt\/#website","url":"https:\/\/skaitytaknyga.lt\/","name":"skaitytaknyga.lt","description":"Skaitytaknyga.lt \u2013 tai ma\u017eas \u0161eimos verslas, kuris prasid\u0117jo nuo meil\u0117s knygoms ir siekio i\u0161gelb\u0117ti knygas nuo likimo prie konteinerio. Kas vienam nereikalingas daiktas \u2013 kitam lobis, o mes esame tarpininkai, kurie padeda abiems tapti laimingesniems ???? \u017dinome kaip nelengva i\u0161gyventi ma\u017eiems verslams, tad nuo \u0161iol, \u010dia rasite ir kit\u0173, ma\u017e\u0173 \u0161eim\u0173 versl\u0173, rank\u0173 darbo, dovan\u0173 sau ir artimiesiems.","publisher":{"@id":"https:\/\/skaitytaknyga.lt\/#organization"},"potentialAction":[{"@type":"SearchAction","target":{"@type":"EntryPoint","urlTemplate":"https:\/\/skaitytaknyga.lt\/?s={search_term_string}"},"query-input":{"@type":"PropertyValueSpecification","valueRequired":true,"valueName":"search_term_string"}}],"inLanguage":"en-GB"},{"@type":"Organization","@id":"https:\/\/skaitytaknyga.lt\/#organization","name":"skaitytaknyga.lt","url":"https:\/\/skaitytaknyga.lt\/","logo":{"@type":"ImageObject","inLanguage":"en-GB","@id":"https:\/\/skaitytaknyga.lt\/#\/schema\/logo\/image\/","url":"https:\/\/skaitytaknyga.lt\/wp-content\/uploads\/2024\/05\/cropped-cropped-cropped-02_00843_jt3bggkj1j3HLc7SyY6rEUpg.jpeg","contentUrl":"https:\/\/skaitytaknyga.lt\/wp-content\/uploads\/2024\/05\/cropped-cropped-cropped-02_00843_jt3bggkj1j3HLc7SyY6rEUpg.jpeg","width":1600,"height":1600,"caption":"skaitytaknyga.lt"},"image":{"@id":"https:\/\/skaitytaknyga.lt\/#\/schema\/logo\/image\/"},"sameAs":["https:\/\/www.facebook.com\/skaitytaknyga\/"]}]}},"_links":{"self":[{"href":"https:\/\/skaitytaknyga.lt\/en\/wp-json\/wp\/v2\/product\/16894","targetHints":{"allow":["GET"]}}],"collection":[{"href":"https:\/\/skaitytaknyga.lt\/en\/wp-json\/wp\/v2\/product"}],"about":[{"href":"https:\/\/skaitytaknyga.lt\/en\/wp-json\/wp\/v2\/types\/product"}],"replies":[{"embeddable":true,"href":"https:\/\/skaitytaknyga.lt\/en\/wp-json\/wp\/v2\/comments?post=16894"}],"wp:featuredmedia":[{"embeddable":true,"href":"https:\/\/skaitytaknyga.lt\/en\/wp-json\/wp\/v2\/media\/16895"}],"wp:attachment":[{"href":"https:\/\/skaitytaknyga.lt\/en\/wp-json\/wp\/v2\/media?parent=16894"}],"wp:term":[{"taxonomy":"product_brand","embeddable":true,"href":"https:\/\/skaitytaknyga.lt\/en\/wp-json\/wp\/v2\/product_brand?post=16894"},{"taxonomy":"product_cat","embeddable":true,"href":"https:\/\/skaitytaknyga.lt\/en\/wp-json\/wp\/v2\/product_cat?post=16894"},{"taxonomy":"product_tag","embeddable":true,"href":"https:\/\/skaitytaknyga.lt\/en\/wp-json\/wp\/v2\/product_tag?post=16894"}],"curies":[{"name":"wp","href":"https:\/\/api.w.org\/{rel}","templated":true}]}}