{"id":16843,"date":"2025-02-12T13:38:27","date_gmt":"2025-02-12T11:38:27","guid":{"rendered":"https:\/\/skaitytaknyga.lt\/?post_type=product&#038;p=16843"},"modified":"2025-02-12T13:39:09","modified_gmt":"2025-02-12T11:39:09","slug":"algimantas-julijonas-stankevicius-stankus-zaliasis-sasiuvinis","status":"publish","type":"product","link":"https:\/\/skaitytaknyga.lt\/en\/produktas\/algimantas-julijonas-stankevicius-stankus-zaliasis-sasiuvinis\/","title":{"rendered":"Algimantas Julijonas Stankevi\u010dius-Stankus. \u017dALIASIS S\u0104SIUVINIS"},"content":{"rendered":"<p>Knyga labai \u012fdomiai sumaketuota (dailininkas A. \u017dvilius) Ta\u010diau svarbiausias yra jos turinys. Stankaus S\u0105siuvinis laikomas vienu pirm\u0173j\u0173 konceptualaus meno pavyzd\u017ei\u0173 Lietuvoje, tokio tipo palikimas labai retas, tod\u0117l \u0161io leidinio atsiradimas itin svarbus. Susipa\u017einti ir analizuoti laikotarpio vizualin\u012f palikim\u0105 gal\u0117s net keli\u0173 specialybi\u0173 meno tyr\u0117jai: dizainas, poligrafija, reklama, kalba, ir t.t.<\/p>\n<p>Knygoje publikuojami ra\u0161ytojo Antano Ramono ir menotyrininko K\u0119stu\u010dio \u0160apokos tekstai, gyvai ir profesionaliai pristatantys dailinink\u0105, jo k\u016bryb\u0105.<\/p>\n<p>Leidinys skirtas meno kolekcininkams, meno moksleiviams, studentams, aktyviems kult\u016bros ir vaizduojamojo meno vartotojams.<\/p>\n<ul class=\"about-product d-none d-xl-block mt-4\">\n<li><strong>Autorius:<\/strong>\u00a0Algimantas Julijonas Stankevi\u010dius-Stankus<\/li>\n<li><strong>Leid\u0117jas:<\/strong>\u00a0Modernaus meno centras<\/li>\n<li><strong>Metai:<\/strong>\u00a02013<\/li>\n<li><strong>Puslapiai:<\/strong>\u00a0300<\/li>\n<li class=\"toggleable type-new-formats \"><strong>ISBN:<\/strong>\u00a09786099540689<\/li>\n<li><strong>Versijos kodas:<\/strong>\u00a0PT.<\/li>\n<li class=\"toggleable type-new-formats \"><strong>Formatas:<\/strong>\u00a020,5 x 25 cm, kieti vir\u0161eliai<\/li>\n<li><strong>Kalba:<\/strong>\u00a0Lietuvi\u0173<\/li>\n<\/ul>\n","protected":false},"excerpt":{"rendered":"<p>Knyga labai \u012fdomiai sumaketuota (dailininkas A. \u017dvilius) Ta\u010diau svarbiausias yra jos turinys. Stankaus S\u0105siuvinis laikomas vienu pirm\u0173j\u0173 konceptualaus meno pavyzd\u017ei\u0173 Lietuvoje, tokio tipo palikimas labai retas, tod\u0117l \u0161io leidinio atsiradimas itin svarbus. Susipa\u017einti ir analizuoti laikotarpio vizualin\u012f palikim\u0105 gal\u0117s net keli\u0173 specialybi\u0173 meno tyr\u0117jai: dizainas, poligrafija, reklama, kalba, ir t.t. Knygoje publikuojami ra\u0161ytojo Antano Ramono ir menotyrininko K\u0119stu\u010dio \u0160apokos tekstai, gyvai ir profesionaliai pristatantys dailinink\u0105, jo k\u016bryb\u0105. Leidinys skirtas meno kolekcininkams, meno moksleiviams, studentams, aktyviems kult\u016bros ir vaizduojamojo meno vartotojams. Autorius:\u00a0Algimantas Julijonas Stankevi\u010dius-Stankus Leid\u0117jas:\u00a0Modernaus meno centras Metai:\u00a02013 Puslapiai:\u00a0300 ISBN:\u00a09786099540689 Versijos kodas:\u00a0PT. Formatas:\u00a020,5 x 25 cm, kieti vir\u0161eliai Kalba:\u00a0Lietuvi\u0173<\/p>\n","protected":false},"featured_media":16844,"comment_status":"closed","ping_status":"closed","template":"","meta":{"_acf_changed":false,"site-sidebar-layout":"default","site-content-layout":"","ast-site-content-layout":"default","site-content-style":"default","site-sidebar-style":"default","ast-global-header-display":"","ast-banner-title-visibility":"","ast-main-header-display":"","ast-hfb-above-header-display":"","ast-hfb-below-header-display":"","ast-hfb-mobile-header-display":"","site-post-title":"","ast-breadcrumbs-content":"","ast-featured-img":"","footer-sml-layout":"","ast-disable-related-posts":"","theme-transparent-header-meta":"default","adv-header-id-meta":"","stick-header-meta":"","header-above-stick-meta":"","header-main-stick-meta":"","header-below-stick-meta":"","astra-migrate-meta-layouts":"set","ast-page-background-enabled":"default","ast-page-background-meta":{"desktop":{"background-color":"","background-image":"","background-repeat":"repeat","background-position":"center center","background-size":"auto","background-attachment":"scroll","background-type":"","background-media":"","overlay-type":"","overlay-color":"","overlay-opacity":"","overlay-gradient":""},"tablet":{"background-color":"","background-image":"","background-repeat":"repeat","background-position":"center center","background-size":"auto","background-attachment":"scroll","background-type":"","background-media":"","overlay-type":"","overlay-color":"","overlay-opacity":"","overlay-gradient":""},"mobile":{"background-color":"","background-image":"","background-repeat":"repeat","background-position":"center center","background-size":"auto","background-attachment":"scroll","background-type":"","background-media":"","overlay-type":"","overlay-color":"","overlay-opacity":"","overlay-gradient":""}},"ast-content-background-meta":{"desktop":{"background-color":"var(--ast-global-color-4)","background-image":"","background-repeat":"repeat","background-position":"center center","background-size":"auto","background-attachment":"scroll","background-type":"","background-media":"","overlay-type":"","overlay-color":"","overlay-opacity":"","overlay-gradient":""},"tablet":{"background-color":"var(--ast-global-color-4)","background-image":"","background-repeat":"repeat","background-position":"center center","background-size":"auto","background-attachment":"scroll","background-type":"","background-media":"","overlay-type":"","overlay-color":"","overlay-opacity":"","overlay-gradient":""},"mobile":{"background-color":"var(--ast-global-color-4)","background-image":"","background-repeat":"repeat","background-position":"center center","background-size":"auto","background-attachment":"scroll","background-type":"","background-media":"","overlay-type":"","overlay-color":"","overlay-opacity":"","overlay-gradient":""}}},"product_brand":[],"product_cat":[57],"product_tag":[],"class_list":{"0":"post-16843","1":"product","2":"type-product","3":"status-publish","4":"has-post-thumbnail","6":"product_cat-menas-ir-albumai","7":"desktop-align-left","8":"tablet-align-left","9":"mobile-align-left","11":"first","12":"instock","13":"shipping-taxable","14":"purchasable","15":"product-type-simple"},"acf":[],"yoast_head":"<!-- This site is optimized with the Yoast SEO plugin v27.4 - https:\/\/yoast.com\/product\/yoast-seo-wordpress\/ -->\n<title>Algimantas Julijonas Stankevi\u010dius-Stankus. \u017dALIASIS S\u0104SIUVINIS<\/title>\n<meta name=\"description\" content=\"Knyga labai \u012fdomiai sumaketuota (dailininkas A. \u017dvilius) Ta\u010diau svarbiausias yra jos turinys. Stankaus S\u0105siuvinis laikomas vienu pirm\u0173j\u0173 konceptualaus\" \/>\n<meta name=\"robots\" content=\"index, follow, max-snippet:-1, max-image-preview:large, max-video-preview:-1\" \/>\n<link rel=\"canonical\" href=\"https:\/\/skaitytaknyga.lt\/en\/produktas\/algimantas-julijonas-stankevicius-stankus-zaliasis-sasiuvinis\/\" \/>\n<meta property=\"og:locale\" content=\"en_GB\" \/>\n<meta property=\"og:locale:alternate\" content=\"lt_LT\" \/>\n<meta property=\"og:type\" content=\"article\" \/>\n<meta property=\"og:title\" content=\"Algimantas Julijonas Stankevi\u010dius-Stankus. \u017dALIASIS S\u0104SIUVINIS\" \/>\n<meta property=\"og:description\" content=\"Knyga labai \u012fdomiai sumaketuota (dailininkas A. \u017dvilius) Ta\u010diau svarbiausias yra jos turinys. Stankaus S\u0105siuvinis laikomas vienu pirm\u0173j\u0173 konceptualaus\" \/>\n<meta property=\"og:url\" content=\"https:\/\/skaitytaknyga.lt\/en\/produktas\/algimantas-julijonas-stankevicius-stankus-zaliasis-sasiuvinis\/\" \/>\n<meta property=\"og:site_name\" content=\"Skaitytaknyga\" \/>\n<meta property=\"article:publisher\" content=\"https:\/\/www.facebook.com\/skaitytaknyga\/\" \/>\n<meta property=\"article:modified_time\" content=\"2025-02-12T11:39:09+00:00\" \/>\n<meta property=\"og:image\" content=\"https:\/\/skaitytaknyga.lt\/wp-content\/uploads\/2025\/02\/Algimantas-Julijonas-Stankevicius-Stankus.-ZALIASIS-SASIUVINIS.webp\" \/>\n\t<meta property=\"og:image:width\" content=\"661\" \/>\n\t<meta property=\"og:image:height\" content=\"800\" \/>\n\t<meta property=\"og:image:type\" content=\"image\/webp\" \/>\n<meta name=\"twitter:card\" content=\"summary_large_image\" \/>\n<meta name=\"twitter:label1\" content=\"Estimated reading time\" \/>\n\t<meta name=\"twitter:data1\" content=\"1 minute\" \/>\n<script type=\"application\/ld+json\" class=\"yoast-schema-graph\">{\"@context\":\"https:\\\/\\\/schema.org\",\"@graph\":[{\"@type\":\"WebPage\",\"@id\":\"https:\\\/\\\/skaitytaknyga.lt\\\/produktas\\\/algimantas-julijonas-stankevicius-stankus-zaliasis-sasiuvinis\\\/\",\"url\":\"https:\\\/\\\/skaitytaknyga.lt\\\/produktas\\\/algimantas-julijonas-stankevicius-stankus-zaliasis-sasiuvinis\\\/\",\"name\":\"Algimantas Julijonas Stankevi\u010dius-Stankus. \u017dALIASIS S\u0104SIUVINIS\",\"isPartOf\":{\"@id\":\"https:\\\/\\\/skaitytaknyga.lt\\\/#website\"},\"primaryImageOfPage\":{\"@id\":\"https:\\\/\\\/skaitytaknyga.lt\\\/produktas\\\/algimantas-julijonas-stankevicius-stankus-zaliasis-sasiuvinis\\\/#primaryimage\"},\"image\":{\"@id\":\"https:\\\/\\\/skaitytaknyga.lt\\\/produktas\\\/algimantas-julijonas-stankevicius-stankus-zaliasis-sasiuvinis\\\/#primaryimage\"},\"thumbnailUrl\":\"https:\\\/\\\/skaitytaknyga.lt\\\/wp-content\\\/uploads\\\/2025\\\/02\\\/Algimantas-Julijonas-Stankevicius-Stankus.-ZALIASIS-SASIUVINIS.webp\",\"datePublished\":\"2025-02-12T11:38:27+00:00\",\"dateModified\":\"2025-02-12T11:39:09+00:00\",\"description\":\"Knyga labai \u012fdomiai sumaketuota (dailininkas A. \u017dvilius) Ta\u010diau svarbiausias yra jos turinys. Stankaus S\u0105siuvinis laikomas vienu pirm\u0173j\u0173 konceptualaus\",\"breadcrumb\":{\"@id\":\"https:\\\/\\\/skaitytaknyga.lt\\\/produktas\\\/algimantas-julijonas-stankevicius-stankus-zaliasis-sasiuvinis\\\/#breadcrumb\"},\"inLanguage\":\"en-GB\",\"potentialAction\":[{\"@type\":\"ReadAction\",\"target\":[\"https:\\\/\\\/skaitytaknyga.lt\\\/produktas\\\/algimantas-julijonas-stankevicius-stankus-zaliasis-sasiuvinis\\\/\"]}]},{\"@type\":\"ImageObject\",\"inLanguage\":\"en-GB\",\"@id\":\"https:\\\/\\\/skaitytaknyga.lt\\\/produktas\\\/algimantas-julijonas-stankevicius-stankus-zaliasis-sasiuvinis\\\/#primaryimage\",\"url\":\"https:\\\/\\\/skaitytaknyga.lt\\\/wp-content\\\/uploads\\\/2025\\\/02\\\/Algimantas-Julijonas-Stankevicius-Stankus.-ZALIASIS-SASIUVINIS.webp\",\"contentUrl\":\"https:\\\/\\\/skaitytaknyga.lt\\\/wp-content\\\/uploads\\\/2025\\\/02\\\/Algimantas-Julijonas-Stankevicius-Stankus.-ZALIASIS-SASIUVINIS.webp\",\"width\":661,\"height\":800,\"caption\":\"Algimantas Julijonas Stankevi\u010dius-Stankus. \u017dALIASIS S\u0104SIUVINIS\"},{\"@type\":\"BreadcrumbList\",\"@id\":\"https:\\\/\\\/skaitytaknyga.lt\\\/produktas\\\/algimantas-julijonas-stankevicius-stankus-zaliasis-sasiuvinis\\\/#breadcrumb\",\"itemListElement\":[{\"@type\":\"ListItem\",\"position\":1,\"name\":\"Home\",\"item\":\"https:\\\/\\\/skaitytaknyga.lt\\\/\"},{\"@type\":\"ListItem\",\"position\":2,\"name\":\"Parduotuv\u0117\",\"item\":\"https:\\\/\\\/skaitytaknyga.lt\\\/knygu-parduotuve\\\/\"},{\"@type\":\"ListItem\",\"position\":3,\"name\":\"Algimantas Julijonas Stankevi\u010dius-Stankus. \u017dALIASIS S\u0104SIUVINIS\"}]},{\"@type\":\"WebSite\",\"@id\":\"https:\\\/\\\/skaitytaknyga.lt\\\/#website\",\"url\":\"https:\\\/\\\/skaitytaknyga.lt\\\/\",\"name\":\"skaitytaknyga.lt\",\"description\":\"Skaitytaknyga.lt \u2013 tai ma\u017eas \u0161eimos verslas, kuris prasid\u0117jo nuo meil\u0117s knygoms ir siekio i\u0161gelb\u0117ti knygas nuo likimo prie konteinerio. Kas vienam nereikalingas daiktas \u2013 kitam lobis, o mes esame tarpininkai, kurie padeda abiems tapti laimingesniems ???? \u017dinome kaip nelengva i\u0161gyventi ma\u017eiems verslams, tad nuo \u0161iol, \u010dia rasite ir kit\u0173, ma\u017e\u0173 \u0161eim\u0173 versl\u0173, rank\u0173 darbo, dovan\u0173 sau ir artimiesiems.\",\"publisher\":{\"@id\":\"https:\\\/\\\/skaitytaknyga.lt\\\/#organization\"},\"potentialAction\":[{\"@type\":\"SearchAction\",\"target\":{\"@type\":\"EntryPoint\",\"urlTemplate\":\"https:\\\/\\\/skaitytaknyga.lt\\\/?s={search_term_string}\"},\"query-input\":{\"@type\":\"PropertyValueSpecification\",\"valueRequired\":true,\"valueName\":\"search_term_string\"}}],\"inLanguage\":\"en-GB\"},{\"@type\":\"Organization\",\"@id\":\"https:\\\/\\\/skaitytaknyga.lt\\\/#organization\",\"name\":\"skaitytaknyga.lt\",\"url\":\"https:\\\/\\\/skaitytaknyga.lt\\\/\",\"logo\":{\"@type\":\"ImageObject\",\"inLanguage\":\"en-GB\",\"@id\":\"https:\\\/\\\/skaitytaknyga.lt\\\/#\\\/schema\\\/logo\\\/image\\\/\",\"url\":\"https:\\\/\\\/skaitytaknyga.lt\\\/wp-content\\\/uploads\\\/2024\\\/05\\\/cropped-cropped-cropped-02_00843_jt3bggkj1j3HLc7SyY6rEUpg.jpeg\",\"contentUrl\":\"https:\\\/\\\/skaitytaknyga.lt\\\/wp-content\\\/uploads\\\/2024\\\/05\\\/cropped-cropped-cropped-02_00843_jt3bggkj1j3HLc7SyY6rEUpg.jpeg\",\"width\":1600,\"height\":1600,\"caption\":\"skaitytaknyga.lt\"},\"image\":{\"@id\":\"https:\\\/\\\/skaitytaknyga.lt\\\/#\\\/schema\\\/logo\\\/image\\\/\"},\"sameAs\":[\"https:\\\/\\\/www.facebook.com\\\/skaitytaknyga\\\/\"]}]}<\/script>\n<!-- \/ Yoast SEO plugin. -->","yoast_head_json":{"title":"Algimantas Julijonas Stankevi\u010dius-Stankus. \u017dALIASIS S\u0104SIUVINIS","description":"Knyga labai \u012fdomiai sumaketuota (dailininkas A. \u017dvilius) Ta\u010diau svarbiausias yra jos turinys. Stankaus S\u0105siuvinis laikomas vienu pirm\u0173j\u0173 konceptualaus","robots":{"index":"index","follow":"follow","max-snippet":"max-snippet:-1","max-image-preview":"max-image-preview:large","max-video-preview":"max-video-preview:-1"},"canonical":"https:\/\/skaitytaknyga.lt\/en\/produktas\/algimantas-julijonas-stankevicius-stankus-zaliasis-sasiuvinis\/","og_locale":"en_GB","og_type":"article","og_title":"[:lt]Algimantas Julijonas Stankevi\u010dius-Stankus. \u017dALIASIS S\u0104SIUVINIS[:] - Skaitytaknyga","og_description":"Knyga labai \u012fdomiai sumaketuota (dailininkas A. \u017dvilius) Ta\u010diau svarbiausias yra jos turinys. Stankaus S\u0105siuvinis laikomas vienu pirm\u0173j\u0173 konceptualaus","og_url":"https:\/\/skaitytaknyga.lt\/en\/produktas\/algimantas-julijonas-stankevicius-stankus-zaliasis-sasiuvinis\/","og_site_name":"Skaitytaknyga","article_publisher":"https:\/\/www.facebook.com\/skaitytaknyga\/","article_modified_time":"2025-02-12T11:39:09+00:00","og_image":[{"width":661,"height":800,"url":"https:\/\/skaitytaknyga.lt\/wp-content\/uploads\/2025\/02\/Algimantas-Julijonas-Stankevicius-Stankus.-ZALIASIS-SASIUVINIS.webp","type":"image\/webp"}],"twitter_card":"summary_large_image","twitter_misc":{"Estimated reading time":"1 minute"},"schema":{"@context":"https:\/\/schema.org","@graph":[{"@type":"WebPage","@id":"https:\/\/skaitytaknyga.lt\/produktas\/algimantas-julijonas-stankevicius-stankus-zaliasis-sasiuvinis\/","url":"https:\/\/skaitytaknyga.lt\/produktas\/algimantas-julijonas-stankevicius-stankus-zaliasis-sasiuvinis\/","name":"Algimantas Julijonas Stankevi\u010dius-Stankus. \u017dALIASIS S\u0104SIUVINIS","isPartOf":{"@id":"https:\/\/skaitytaknyga.lt\/#website"},"primaryImageOfPage":{"@id":"https:\/\/skaitytaknyga.lt\/produktas\/algimantas-julijonas-stankevicius-stankus-zaliasis-sasiuvinis\/#primaryimage"},"image":{"@id":"https:\/\/skaitytaknyga.lt\/produktas\/algimantas-julijonas-stankevicius-stankus-zaliasis-sasiuvinis\/#primaryimage"},"thumbnailUrl":"https:\/\/skaitytaknyga.lt\/wp-content\/uploads\/2025\/02\/Algimantas-Julijonas-Stankevicius-Stankus.-ZALIASIS-SASIUVINIS.webp","datePublished":"2025-02-12T11:38:27+00:00","dateModified":"2025-02-12T11:39:09+00:00","description":"Knyga labai \u012fdomiai sumaketuota (dailininkas A. \u017dvilius) Ta\u010diau svarbiausias yra jos turinys. Stankaus S\u0105siuvinis laikomas vienu pirm\u0173j\u0173 konceptualaus","breadcrumb":{"@id":"https:\/\/skaitytaknyga.lt\/produktas\/algimantas-julijonas-stankevicius-stankus-zaliasis-sasiuvinis\/#breadcrumb"},"inLanguage":"en-GB","potentialAction":[{"@type":"ReadAction","target":["https:\/\/skaitytaknyga.lt\/produktas\/algimantas-julijonas-stankevicius-stankus-zaliasis-sasiuvinis\/"]}]},{"@type":"ImageObject","inLanguage":"en-GB","@id":"https:\/\/skaitytaknyga.lt\/produktas\/algimantas-julijonas-stankevicius-stankus-zaliasis-sasiuvinis\/#primaryimage","url":"https:\/\/skaitytaknyga.lt\/wp-content\/uploads\/2025\/02\/Algimantas-Julijonas-Stankevicius-Stankus.-ZALIASIS-SASIUVINIS.webp","contentUrl":"https:\/\/skaitytaknyga.lt\/wp-content\/uploads\/2025\/02\/Algimantas-Julijonas-Stankevicius-Stankus.-ZALIASIS-SASIUVINIS.webp","width":661,"height":800,"caption":"Algimantas Julijonas Stankevi\u010dius-Stankus. \u017dALIASIS S\u0104SIUVINIS"},{"@type":"BreadcrumbList","@id":"https:\/\/skaitytaknyga.lt\/produktas\/algimantas-julijonas-stankevicius-stankus-zaliasis-sasiuvinis\/#breadcrumb","itemListElement":[{"@type":"ListItem","position":1,"name":"Home","item":"https:\/\/skaitytaknyga.lt\/"},{"@type":"ListItem","position":2,"name":"Parduotuv\u0117","item":"https:\/\/skaitytaknyga.lt\/knygu-parduotuve\/"},{"@type":"ListItem","position":3,"name":"Algimantas Julijonas Stankevi\u010dius-Stankus. \u017dALIASIS S\u0104SIUVINIS"}]},{"@type":"WebSite","@id":"https:\/\/skaitytaknyga.lt\/#website","url":"https:\/\/skaitytaknyga.lt\/","name":"skaitytaknyga.lt","description":"Skaitytaknyga.lt \u2013 tai ma\u017eas \u0161eimos verslas, kuris prasid\u0117jo nuo meil\u0117s knygoms ir siekio i\u0161gelb\u0117ti knygas nuo likimo prie konteinerio. Kas vienam nereikalingas daiktas \u2013 kitam lobis, o mes esame tarpininkai, kurie padeda abiems tapti laimingesniems ???? \u017dinome kaip nelengva i\u0161gyventi ma\u017eiems verslams, tad nuo \u0161iol, \u010dia rasite ir kit\u0173, ma\u017e\u0173 \u0161eim\u0173 versl\u0173, rank\u0173 darbo, dovan\u0173 sau ir artimiesiems.","publisher":{"@id":"https:\/\/skaitytaknyga.lt\/#organization"},"potentialAction":[{"@type":"SearchAction","target":{"@type":"EntryPoint","urlTemplate":"https:\/\/skaitytaknyga.lt\/?s={search_term_string}"},"query-input":{"@type":"PropertyValueSpecification","valueRequired":true,"valueName":"search_term_string"}}],"inLanguage":"en-GB"},{"@type":"Organization","@id":"https:\/\/skaitytaknyga.lt\/#organization","name":"skaitytaknyga.lt","url":"https:\/\/skaitytaknyga.lt\/","logo":{"@type":"ImageObject","inLanguage":"en-GB","@id":"https:\/\/skaitytaknyga.lt\/#\/schema\/logo\/image\/","url":"https:\/\/skaitytaknyga.lt\/wp-content\/uploads\/2024\/05\/cropped-cropped-cropped-02_00843_jt3bggkj1j3HLc7SyY6rEUpg.jpeg","contentUrl":"https:\/\/skaitytaknyga.lt\/wp-content\/uploads\/2024\/05\/cropped-cropped-cropped-02_00843_jt3bggkj1j3HLc7SyY6rEUpg.jpeg","width":1600,"height":1600,"caption":"skaitytaknyga.lt"},"image":{"@id":"https:\/\/skaitytaknyga.lt\/#\/schema\/logo\/image\/"},"sameAs":["https:\/\/www.facebook.com\/skaitytaknyga\/"]}]}},"_links":{"self":[{"href":"https:\/\/skaitytaknyga.lt\/en\/wp-json\/wp\/v2\/product\/16843","targetHints":{"allow":["GET"]}}],"collection":[{"href":"https:\/\/skaitytaknyga.lt\/en\/wp-json\/wp\/v2\/product"}],"about":[{"href":"https:\/\/skaitytaknyga.lt\/en\/wp-json\/wp\/v2\/types\/product"}],"replies":[{"embeddable":true,"href":"https:\/\/skaitytaknyga.lt\/en\/wp-json\/wp\/v2\/comments?post=16843"}],"wp:featuredmedia":[{"embeddable":true,"href":"https:\/\/skaitytaknyga.lt\/en\/wp-json\/wp\/v2\/media\/16844"}],"wp:attachment":[{"href":"https:\/\/skaitytaknyga.lt\/en\/wp-json\/wp\/v2\/media?parent=16843"}],"wp:term":[{"taxonomy":"product_brand","embeddable":true,"href":"https:\/\/skaitytaknyga.lt\/en\/wp-json\/wp\/v2\/product_brand?post=16843"},{"taxonomy":"product_cat","embeddable":true,"href":"https:\/\/skaitytaknyga.lt\/en\/wp-json\/wp\/v2\/product_cat?post=16843"},{"taxonomy":"product_tag","embeddable":true,"href":"https:\/\/skaitytaknyga.lt\/en\/wp-json\/wp\/v2\/product_tag?post=16843"}],"curies":[{"name":"wp","href":"https:\/\/api.w.org\/{rel}","templated":true}]}}