{"id":16834,"date":"2025-02-12T11:11:35","date_gmt":"2025-02-12T09:11:35","guid":{"rendered":"https:\/\/skaitytaknyga.lt\/?post_type=product&#038;p=16834"},"modified":"2025-02-12T11:12:21","modified_gmt":"2025-02-12T09:12:21","slug":"sushi-nuo-a-iki-z","status":"publish","type":"product","link":"https:\/\/skaitytaknyga.lt\/en\/produktas\/sushi-nuo-a-iki-z\/","title":{"rendered":"Sushi. Nuo A iki Z"},"content":{"rendered":"<p>Su\u0161is \u2013 skanus, sveikas ir ak\u012f d\u017eiuginantis japoni\u0161kos virtuv\u0117s patiekalas, kurio gerb\u0117j\u0173 b\u016brys nuolat auga.<\/p>\n<p>Gali atrodyti, kad \u0161io patiekalo gaminimas yra labai su\u0117tingas, ta\u010diau taip n\u0117ra. Tur\u0117dami \u0161iek tiek \u017eini\u0173, kantryb\u0117s ir i\u0161radingumo patys namuose nesunkiai pasigaminsite \u012fvairiausi\u0173 su\u0161i\u0173. \u0160ioje knygoje pateikti receptai yra nesud\u0117tingi, bet labai \u012fvair\u016bs. Nesibaiminkite egzoti\u0161k\u0173 pavadinim\u0173 \u2013 vis\u0173 gaminimui reikaling\u0173 sud\u0117tini\u0173 dali\u0173 galima \u012fsigyti Lietuvoje.<\/p>\n<p>\u0160ioje gausiai iliustruotoje knygoje rasite:<\/p>\n<ul>\n<li>daugiau nei 50 su\u0161i\u0173 ir kit\u0173 japoni\u0161k\u0173 patiekal\u0173 recept\u0173,<\/li>\n<li>i\u0161samias ry\u017ei\u0173 paruo\u0161imo bei su\u0161i\u0173 ritin\u0117li\u0173 sukimo instrukcijas,<\/li>\n<li>daug nauding\u0173 gaminimo pavyzd\u017ei\u0173.<\/li>\n<li>Su\u0161i\u0173 pateikimo ir valgymo etiketo taisykles.<\/li>\n<\/ul>\n<p>Nesibaiminkite egzoti\u0161k\u0173 pavadinim\u0173, vis\u0173 knygoje minim\u0173 produkt\u0173 galima \u012fsigyti Lietuvoje!<br \/>\n\u012esitikinkite, kad gaminti su\u0161ius lengva ir smagu.<\/p>\n<ul class=\"about-product d-none d-xl-block mt-4\">\n<li><strong>Autorius:<\/strong>\u00a0Raminta Nagelyt\u0117<\/li>\n<li><strong>Leid\u0117jas:<\/strong>\u00a0Smaguris<\/li>\n<li><strong>Metai:<\/strong>\u00a02013<\/li>\n<li><strong>Puslapiai:<\/strong>\u00a0192<\/li>\n<li class=\"toggleable type-new-formats \"><strong>ISBN:<\/strong>\u00a09786094035760<\/li>\n<li class=\"toggleable type-new-formats \"><strong>Formatas:<\/strong>\u00a020 x 20 cm, kieti vir\u0161eliai<\/li>\n<li><strong>Kalba:<\/strong>\u00a0Lietuvi\u0173<\/li>\n<\/ul>\n","protected":false},"excerpt":{"rendered":"<p>Su\u0161is \u2013 skanus, sveikas ir ak\u012f d\u017eiuginantis japoni\u0161kos virtuv\u0117s patiekalas, kurio gerb\u0117j\u0173 b\u016brys nuolat auga. Gali atrodyti, kad \u0161io patiekalo gaminimas yra labai su\u0117tingas, ta\u010diau taip n\u0117ra. Tur\u0117dami \u0161iek tiek \u017eini\u0173, kantryb\u0117s ir i\u0161radingumo patys namuose nesunkiai pasigaminsite \u012fvairiausi\u0173 su\u0161i\u0173. \u0160ioje knygoje pateikti receptai yra nesud\u0117tingi, bet labai \u012fvair\u016bs. Nesibaiminkite egzoti\u0161k\u0173 pavadinim\u0173 \u2013 vis\u0173 gaminimui reikaling\u0173 sud\u0117tini\u0173 dali\u0173 galima \u012fsigyti Lietuvoje. \u0160ioje gausiai iliustruotoje knygoje rasite: daugiau nei 50 su\u0161i\u0173 ir kit\u0173 japoni\u0161k\u0173 patiekal\u0173 recept\u0173, i\u0161samias ry\u017ei\u0173 paruo\u0161imo bei su\u0161i\u0173 ritin\u0117li\u0173 sukimo instrukcijas, daug nauding\u0173 gaminimo pavyzd\u017ei\u0173. Su\u0161i\u0173 pateikimo ir valgymo etiketo taisykles. Nesibaiminkite egzoti\u0161k\u0173 pavadinim\u0173, vis\u0173 knygoje minim\u0173 produkt\u0173 galima \u012fsigyti Lietuvoje! \u012esitikinkite, kad gaminti su\u0161ius lengva ir smagu. Autorius:\u00a0Raminta Nagelyt\u0117 Leid\u0117jas:\u00a0Smaguris Metai:\u00a02013 Puslapiai:\u00a0192 ISBN:\u00a09786094035760 Formatas:\u00a020 x 20 cm, kieti vir\u0161eliai Kalba:\u00a0Lietuvi\u0173<\/p>\n","protected":false},"featured_media":16835,"comment_status":"open","ping_status":"closed","template":"","meta":{"_acf_changed":false,"site-sidebar-layout":"default","site-content-layout":"","ast-site-content-layout":"default","site-content-style":"default","site-sidebar-style":"default","ast-global-header-display":"","ast-banner-title-visibility":"","ast-main-header-display":"","ast-hfb-above-header-display":"","ast-hfb-below-header-display":"","ast-hfb-mobile-header-display":"","site-post-title":"","ast-breadcrumbs-content":"","ast-featured-img":"","footer-sml-layout":"","ast-disable-related-posts":"","theme-transparent-header-meta":"default","adv-header-id-meta":"","stick-header-meta":"","header-above-stick-meta":"","header-main-stick-meta":"","header-below-stick-meta":"","astra-migrate-meta-layouts":"set","ast-page-background-enabled":"default","ast-page-background-meta":{"desktop":{"background-color":"","background-image":"","background-repeat":"repeat","background-position":"center center","background-size":"auto","background-attachment":"scroll","background-type":"","background-media":"","overlay-type":"","overlay-color":"","overlay-opacity":"","overlay-gradient":""},"tablet":{"background-color":"","background-image":"","background-repeat":"repeat","background-position":"center center","background-size":"auto","background-attachment":"scroll","background-type":"","background-media":"","overlay-type":"","overlay-color":"","overlay-opacity":"","overlay-gradient":""},"mobile":{"background-color":"","background-image":"","background-repeat":"repeat","background-position":"center center","background-size":"auto","background-attachment":"scroll","background-type":"","background-media":"","overlay-type":"","overlay-color":"","overlay-opacity":"","overlay-gradient":""}},"ast-content-background-meta":{"desktop":{"background-color":"var(--ast-global-color-4)","background-image":"","background-repeat":"repeat","background-position":"center center","background-size":"auto","background-attachment":"scroll","background-type":"","background-media":"","overlay-type":"","overlay-color":"","overlay-opacity":"","overlay-gradient":""},"tablet":{"background-color":"var(--ast-global-color-4)","background-image":"","background-repeat":"repeat","background-position":"center center","background-size":"auto","background-attachment":"scroll","background-type":"","background-media":"","overlay-type":"","overlay-color":"","overlay-opacity":"","overlay-gradient":""},"mobile":{"background-color":"var(--ast-global-color-4)","background-image":"","background-repeat":"repeat","background-position":"center center","background-size":"auto","background-attachment":"scroll","background-type":"","background-media":"","overlay-type":"","overlay-color":"","overlay-opacity":"","overlay-gradient":""}}},"product_brand":[],"product_cat":[58,15],"product_tag":[],"class_list":{"0":"post-16834","1":"product","2":"type-product","3":"status-publish","4":"has-post-thumbnail","6":"product_cat-receptai","7":"product_cat-uncategorized","8":"desktop-align-left","9":"tablet-align-left","10":"mobile-align-left","12":"first","13":"instock","14":"shipping-taxable","15":"purchasable","16":"product-type-simple"},"acf":[],"yoast_head":"<!-- This site is optimized with the Yoast SEO plugin v27.4 - https:\/\/yoast.com\/product\/yoast-seo-wordpress\/ -->\n<title>Sushi. Nuo A iki Z<\/title>\n<meta name=\"description\" content=\"Su\u0161is \u2013 skanus, sveikas ir ak\u012f d\u017eiuginantis japoni\u0161kos virtuv\u0117s patiekalas, kurio gerb\u0117j\u0173 b\u016brys nuolat auga. Gali atrodyti, kad \u0161io patiekalo gaminimas\" \/>\n<meta name=\"robots\" content=\"index, follow, max-snippet:-1, max-image-preview:large, max-video-preview:-1\" \/>\n<link rel=\"canonical\" href=\"https:\/\/skaitytaknyga.lt\/en\/produktas\/sushi-nuo-a-iki-z\/\" \/>\n<meta property=\"og:locale\" content=\"en_GB\" \/>\n<meta property=\"og:locale:alternate\" content=\"lt_LT\" \/>\n<meta property=\"og:type\" content=\"article\" \/>\n<meta property=\"og:title\" content=\"Sushi. Nuo A iki Z\" \/>\n<meta property=\"og:description\" content=\"Su\u0161is \u2013 skanus, sveikas ir ak\u012f d\u017eiuginantis japoni\u0161kos virtuv\u0117s patiekalas, kurio gerb\u0117j\u0173 b\u016brys nuolat auga. Gali atrodyti, kad \u0161io patiekalo gaminimas\" \/>\n<meta property=\"og:url\" content=\"https:\/\/skaitytaknyga.lt\/en\/produktas\/sushi-nuo-a-iki-z\/\" \/>\n<meta property=\"og:site_name\" content=\"Skaitytaknyga\" \/>\n<meta property=\"article:publisher\" content=\"https:\/\/www.facebook.com\/skaitytaknyga\/\" \/>\n<meta property=\"article:modified_time\" content=\"2025-02-12T09:12:21+00:00\" \/>\n<meta property=\"og:image\" content=\"https:\/\/skaitytaknyga.lt\/wp-content\/uploads\/2025\/02\/Sushi.-Nuo-A-iki-Z.jpg\" \/>\n\t<meta property=\"og:image:width\" content=\"450\" \/>\n\t<meta property=\"og:image:height\" content=\"450\" \/>\n\t<meta property=\"og:image:type\" content=\"image\/jpeg\" \/>\n<meta name=\"twitter:card\" content=\"summary_large_image\" \/>\n<meta name=\"twitter:label1\" content=\"Estimated reading time\" \/>\n\t<meta name=\"twitter:data1\" content=\"1 minute\" \/>\n<script type=\"application\/ld+json\" class=\"yoast-schema-graph\">{\"@context\":\"https:\\\/\\\/schema.org\",\"@graph\":[{\"@type\":\"WebPage\",\"@id\":\"https:\\\/\\\/skaitytaknyga.lt\\\/produktas\\\/sushi-nuo-a-iki-z\\\/\",\"url\":\"https:\\\/\\\/skaitytaknyga.lt\\\/produktas\\\/sushi-nuo-a-iki-z\\\/\",\"name\":\"Sushi. Nuo A iki Z\",\"isPartOf\":{\"@id\":\"https:\\\/\\\/skaitytaknyga.lt\\\/#website\"},\"primaryImageOfPage\":{\"@id\":\"https:\\\/\\\/skaitytaknyga.lt\\\/produktas\\\/sushi-nuo-a-iki-z\\\/#primaryimage\"},\"image\":{\"@id\":\"https:\\\/\\\/skaitytaknyga.lt\\\/produktas\\\/sushi-nuo-a-iki-z\\\/#primaryimage\"},\"thumbnailUrl\":\"https:\\\/\\\/skaitytaknyga.lt\\\/wp-content\\\/uploads\\\/2025\\\/02\\\/Sushi.-Nuo-A-iki-Z.jpg\",\"datePublished\":\"2025-02-12T09:11:35+00:00\",\"dateModified\":\"2025-02-12T09:12:21+00:00\",\"description\":\"Su\u0161is \u2013 skanus, sveikas ir ak\u012f d\u017eiuginantis japoni\u0161kos virtuv\u0117s patiekalas, kurio gerb\u0117j\u0173 b\u016brys nuolat auga. Gali atrodyti, kad \u0161io patiekalo gaminimas\",\"breadcrumb\":{\"@id\":\"https:\\\/\\\/skaitytaknyga.lt\\\/produktas\\\/sushi-nuo-a-iki-z\\\/#breadcrumb\"},\"inLanguage\":\"en-GB\",\"potentialAction\":[{\"@type\":\"ReadAction\",\"target\":[\"https:\\\/\\\/skaitytaknyga.lt\\\/produktas\\\/sushi-nuo-a-iki-z\\\/\"]}]},{\"@type\":\"ImageObject\",\"inLanguage\":\"en-GB\",\"@id\":\"https:\\\/\\\/skaitytaknyga.lt\\\/produktas\\\/sushi-nuo-a-iki-z\\\/#primaryimage\",\"url\":\"https:\\\/\\\/skaitytaknyga.lt\\\/wp-content\\\/uploads\\\/2025\\\/02\\\/Sushi.-Nuo-A-iki-Z.jpg\",\"contentUrl\":\"https:\\\/\\\/skaitytaknyga.lt\\\/wp-content\\\/uploads\\\/2025\\\/02\\\/Sushi.-Nuo-A-iki-Z.jpg\",\"width\":450,\"height\":450,\"caption\":\"Sushi. Nuo A iki Z\"},{\"@type\":\"BreadcrumbList\",\"@id\":\"https:\\\/\\\/skaitytaknyga.lt\\\/produktas\\\/sushi-nuo-a-iki-z\\\/#breadcrumb\",\"itemListElement\":[{\"@type\":\"ListItem\",\"position\":1,\"name\":\"Home\",\"item\":\"https:\\\/\\\/skaitytaknyga.lt\\\/\"},{\"@type\":\"ListItem\",\"position\":2,\"name\":\"Parduotuv\u0117\",\"item\":\"https:\\\/\\\/skaitytaknyga.lt\\\/knygu-parduotuve\\\/\"},{\"@type\":\"ListItem\",\"position\":3,\"name\":\"Sushi. Nuo A iki Z\"}]},{\"@type\":\"WebSite\",\"@id\":\"https:\\\/\\\/skaitytaknyga.lt\\\/#website\",\"url\":\"https:\\\/\\\/skaitytaknyga.lt\\\/\",\"name\":\"skaitytaknyga.lt\",\"description\":\"Skaitytaknyga.lt \u2013 tai ma\u017eas \u0161eimos verslas, kuris prasid\u0117jo nuo meil\u0117s knygoms ir siekio i\u0161gelb\u0117ti knygas nuo likimo prie konteinerio. Kas vienam nereikalingas daiktas \u2013 kitam lobis, o mes esame tarpininkai, kurie padeda abiems tapti laimingesniems ???? \u017dinome kaip nelengva i\u0161gyventi ma\u017eiems verslams, tad nuo \u0161iol, \u010dia rasite ir kit\u0173, ma\u017e\u0173 \u0161eim\u0173 versl\u0173, rank\u0173 darbo, dovan\u0173 sau ir artimiesiems.\",\"publisher\":{\"@id\":\"https:\\\/\\\/skaitytaknyga.lt\\\/#organization\"},\"potentialAction\":[{\"@type\":\"SearchAction\",\"target\":{\"@type\":\"EntryPoint\",\"urlTemplate\":\"https:\\\/\\\/skaitytaknyga.lt\\\/?s={search_term_string}\"},\"query-input\":{\"@type\":\"PropertyValueSpecification\",\"valueRequired\":true,\"valueName\":\"search_term_string\"}}],\"inLanguage\":\"en-GB\"},{\"@type\":\"Organization\",\"@id\":\"https:\\\/\\\/skaitytaknyga.lt\\\/#organization\",\"name\":\"skaitytaknyga.lt\",\"url\":\"https:\\\/\\\/skaitytaknyga.lt\\\/\",\"logo\":{\"@type\":\"ImageObject\",\"inLanguage\":\"en-GB\",\"@id\":\"https:\\\/\\\/skaitytaknyga.lt\\\/#\\\/schema\\\/logo\\\/image\\\/\",\"url\":\"https:\\\/\\\/skaitytaknyga.lt\\\/wp-content\\\/uploads\\\/2024\\\/05\\\/cropped-cropped-cropped-02_00843_jt3bggkj1j3HLc7SyY6rEUpg.jpeg\",\"contentUrl\":\"https:\\\/\\\/skaitytaknyga.lt\\\/wp-content\\\/uploads\\\/2024\\\/05\\\/cropped-cropped-cropped-02_00843_jt3bggkj1j3HLc7SyY6rEUpg.jpeg\",\"width\":1600,\"height\":1600,\"caption\":\"skaitytaknyga.lt\"},\"image\":{\"@id\":\"https:\\\/\\\/skaitytaknyga.lt\\\/#\\\/schema\\\/logo\\\/image\\\/\"},\"sameAs\":[\"https:\\\/\\\/www.facebook.com\\\/skaitytaknyga\\\/\"]}]}<\/script>\n<!-- \/ Yoast SEO plugin. -->","yoast_head_json":{"title":"Sushi. Nuo A iki Z","description":"Su\u0161is \u2013 skanus, sveikas ir ak\u012f d\u017eiuginantis japoni\u0161kos virtuv\u0117s patiekalas, kurio gerb\u0117j\u0173 b\u016brys nuolat auga. Gali atrodyti, kad \u0161io patiekalo gaminimas","robots":{"index":"index","follow":"follow","max-snippet":"max-snippet:-1","max-image-preview":"max-image-preview:large","max-video-preview":"max-video-preview:-1"},"canonical":"https:\/\/skaitytaknyga.lt\/en\/produktas\/sushi-nuo-a-iki-z\/","og_locale":"en_GB","og_type":"article","og_title":"[:lt]Sushi. Nuo A iki Z[:] - Skaitytaknyga","og_description":"Su\u0161is \u2013 skanus, sveikas ir ak\u012f d\u017eiuginantis japoni\u0161kos virtuv\u0117s patiekalas, kurio gerb\u0117j\u0173 b\u016brys nuolat auga. Gali atrodyti, kad \u0161io patiekalo gaminimas","og_url":"https:\/\/skaitytaknyga.lt\/en\/produktas\/sushi-nuo-a-iki-z\/","og_site_name":"Skaitytaknyga","article_publisher":"https:\/\/www.facebook.com\/skaitytaknyga\/","article_modified_time":"2025-02-12T09:12:21+00:00","og_image":[{"width":450,"height":450,"url":"https:\/\/skaitytaknyga.lt\/wp-content\/uploads\/2025\/02\/Sushi.-Nuo-A-iki-Z.jpg","type":"image\/jpeg"}],"twitter_card":"summary_large_image","twitter_misc":{"Estimated reading time":"1 minute"},"schema":{"@context":"https:\/\/schema.org","@graph":[{"@type":"WebPage","@id":"https:\/\/skaitytaknyga.lt\/produktas\/sushi-nuo-a-iki-z\/","url":"https:\/\/skaitytaknyga.lt\/produktas\/sushi-nuo-a-iki-z\/","name":"Sushi. Nuo A iki Z","isPartOf":{"@id":"https:\/\/skaitytaknyga.lt\/#website"},"primaryImageOfPage":{"@id":"https:\/\/skaitytaknyga.lt\/produktas\/sushi-nuo-a-iki-z\/#primaryimage"},"image":{"@id":"https:\/\/skaitytaknyga.lt\/produktas\/sushi-nuo-a-iki-z\/#primaryimage"},"thumbnailUrl":"https:\/\/skaitytaknyga.lt\/wp-content\/uploads\/2025\/02\/Sushi.-Nuo-A-iki-Z.jpg","datePublished":"2025-02-12T09:11:35+00:00","dateModified":"2025-02-12T09:12:21+00:00","description":"Su\u0161is \u2013 skanus, sveikas ir ak\u012f d\u017eiuginantis japoni\u0161kos virtuv\u0117s patiekalas, kurio gerb\u0117j\u0173 b\u016brys nuolat auga. Gali atrodyti, kad \u0161io patiekalo gaminimas","breadcrumb":{"@id":"https:\/\/skaitytaknyga.lt\/produktas\/sushi-nuo-a-iki-z\/#breadcrumb"},"inLanguage":"en-GB","potentialAction":[{"@type":"ReadAction","target":["https:\/\/skaitytaknyga.lt\/produktas\/sushi-nuo-a-iki-z\/"]}]},{"@type":"ImageObject","inLanguage":"en-GB","@id":"https:\/\/skaitytaknyga.lt\/produktas\/sushi-nuo-a-iki-z\/#primaryimage","url":"https:\/\/skaitytaknyga.lt\/wp-content\/uploads\/2025\/02\/Sushi.-Nuo-A-iki-Z.jpg","contentUrl":"https:\/\/skaitytaknyga.lt\/wp-content\/uploads\/2025\/02\/Sushi.-Nuo-A-iki-Z.jpg","width":450,"height":450,"caption":"Sushi. Nuo A iki Z"},{"@type":"BreadcrumbList","@id":"https:\/\/skaitytaknyga.lt\/produktas\/sushi-nuo-a-iki-z\/#breadcrumb","itemListElement":[{"@type":"ListItem","position":1,"name":"Home","item":"https:\/\/skaitytaknyga.lt\/"},{"@type":"ListItem","position":2,"name":"Parduotuv\u0117","item":"https:\/\/skaitytaknyga.lt\/knygu-parduotuve\/"},{"@type":"ListItem","position":3,"name":"Sushi. Nuo A iki Z"}]},{"@type":"WebSite","@id":"https:\/\/skaitytaknyga.lt\/#website","url":"https:\/\/skaitytaknyga.lt\/","name":"skaitytaknyga.lt","description":"Skaitytaknyga.lt \u2013 tai ma\u017eas \u0161eimos verslas, kuris prasid\u0117jo nuo meil\u0117s knygoms ir siekio i\u0161gelb\u0117ti knygas nuo likimo prie konteinerio. Kas vienam nereikalingas daiktas \u2013 kitam lobis, o mes esame tarpininkai, kurie padeda abiems tapti laimingesniems ???? \u017dinome kaip nelengva i\u0161gyventi ma\u017eiems verslams, tad nuo \u0161iol, \u010dia rasite ir kit\u0173, ma\u017e\u0173 \u0161eim\u0173 versl\u0173, rank\u0173 darbo, dovan\u0173 sau ir artimiesiems.","publisher":{"@id":"https:\/\/skaitytaknyga.lt\/#organization"},"potentialAction":[{"@type":"SearchAction","target":{"@type":"EntryPoint","urlTemplate":"https:\/\/skaitytaknyga.lt\/?s={search_term_string}"},"query-input":{"@type":"PropertyValueSpecification","valueRequired":true,"valueName":"search_term_string"}}],"inLanguage":"en-GB"},{"@type":"Organization","@id":"https:\/\/skaitytaknyga.lt\/#organization","name":"skaitytaknyga.lt","url":"https:\/\/skaitytaknyga.lt\/","logo":{"@type":"ImageObject","inLanguage":"en-GB","@id":"https:\/\/skaitytaknyga.lt\/#\/schema\/logo\/image\/","url":"https:\/\/skaitytaknyga.lt\/wp-content\/uploads\/2024\/05\/cropped-cropped-cropped-02_00843_jt3bggkj1j3HLc7SyY6rEUpg.jpeg","contentUrl":"https:\/\/skaitytaknyga.lt\/wp-content\/uploads\/2024\/05\/cropped-cropped-cropped-02_00843_jt3bggkj1j3HLc7SyY6rEUpg.jpeg","width":1600,"height":1600,"caption":"skaitytaknyga.lt"},"image":{"@id":"https:\/\/skaitytaknyga.lt\/#\/schema\/logo\/image\/"},"sameAs":["https:\/\/www.facebook.com\/skaitytaknyga\/"]}]}},"_links":{"self":[{"href":"https:\/\/skaitytaknyga.lt\/en\/wp-json\/wp\/v2\/product\/16834","targetHints":{"allow":["GET"]}}],"collection":[{"href":"https:\/\/skaitytaknyga.lt\/en\/wp-json\/wp\/v2\/product"}],"about":[{"href":"https:\/\/skaitytaknyga.lt\/en\/wp-json\/wp\/v2\/types\/product"}],"replies":[{"embeddable":true,"href":"https:\/\/skaitytaknyga.lt\/en\/wp-json\/wp\/v2\/comments?post=16834"}],"wp:featuredmedia":[{"embeddable":true,"href":"https:\/\/skaitytaknyga.lt\/en\/wp-json\/wp\/v2\/media\/16835"}],"wp:attachment":[{"href":"https:\/\/skaitytaknyga.lt\/en\/wp-json\/wp\/v2\/media?parent=16834"}],"wp:term":[{"taxonomy":"product_brand","embeddable":true,"href":"https:\/\/skaitytaknyga.lt\/en\/wp-json\/wp\/v2\/product_brand?post=16834"},{"taxonomy":"product_cat","embeddable":true,"href":"https:\/\/skaitytaknyga.lt\/en\/wp-json\/wp\/v2\/product_cat?post=16834"},{"taxonomy":"product_tag","embeddable":true,"href":"https:\/\/skaitytaknyga.lt\/en\/wp-json\/wp\/v2\/product_tag?post=16834"}],"curies":[{"name":"wp","href":"https:\/\/api.w.org\/{rel}","templated":true}]}}