{"id":16832,"date":"2025-02-12T11:07:03","date_gmt":"2025-02-12T09:07:03","guid":{"rendered":"https:\/\/skaitytaknyga.lt\/?post_type=product&#038;p=16832"},"modified":"2025-06-11T08:55:54","modified_gmt":"2025-06-11T05:55:54","slug":"tegul-meile-tesiasi-amzinai","status":"publish","type":"product","link":"https:\/\/skaitytaknyga.lt\/en\/produktas\/tegul-meile-tesiasi-amzinai\/","title":{"rendered":"Tegul meil\u0117 t\u0119siasi am\u017einai"},"content":{"rendered":"<p>Perkamiausi\u0173 knyg\u0173 autor\u0117, \u017eymi santyki\u0173 ekspert\u0117, filosofijos daktar\u0117 Barbara de Angelis moko slapt\u0173 priemoni\u0173, kurios bendravim\u0105 padaro s\u0117kming\u0105 ir jaudinant\u012f, o meil\u0119 prat\u0119sia iki gyvenimo pabaigos.<\/p>\n<p>Knygoje j\u016bs rasite:<br \/>\nkaip i\u0161 naujo \u012f\u017eiebti aistr\u0105 ir i\u0161laikyti j\u0105 liepsnojan\u010di\u0105 met\u0173 metais;<br \/>\nkod\u0117l i\u0161 tikr\u0173j\u0173 meil\u0117 baigiasi ir kaip to i\u0161vengti;<br \/>\nbendravimo paslaptis, kaip &#8220;pasiekti&#8221; gyvenimo draug\u0105;<br \/>\nkaip seks\u0105 paversti tikru myl\u0117jimusi;<br \/>\nketurias pagrindines priemones, kaip neprarasti meil\u0117s;<br \/>\nkaip pakreipti gin\u010d\u0105 kita linkme, kad j\u012f baig\u0119, dar labiau vienas kit\u0105 myl\u0117tum\u0117te.<\/p>\n<p>Kas j\u016bs beb\u016btum\u0117te: vieni\u0161i ir ie\u0161kantys meil\u0117s ar u\u017emezg\u0119 santykius ir norintys juos dar labiau pagerinti, knygoje \u201eTegul meil\u0117 t\u0119siasi am\u017einai&#8221; rasite atsakymus, kuri\u0173 ilgai ie\u0161kojote.<\/p>\n<ul class=\"about-product d-none d-xl-block mt-4\">\n<li><strong>Autorius:<\/strong>\u00a0Barbara De Angels<\/li>\n<li><strong>Leid\u0117jas:<\/strong>\u00a0Gardenija<\/li>\n<li><strong>Metai:<\/strong>\u00a02005<\/li>\n<li><strong>Puslapiai:<\/strong>\u00a0520<\/li>\n<li class=\"toggleable type-new-formats \"><strong>ISBN-10:<\/strong>\u00a09986855330<\/li>\n<li class=\"toggleable type-new-formats \"><strong>ISBN-13:<\/strong>\u00a09789986855330<\/li>\n<li><strong>Prek\u0117s kodas:<\/strong>\u00a02200001002371<\/li>\n<li><strong>Versijos kodas:<\/strong>\u00a0PT.<\/li>\n<li class=\"toggleable type-new-formats \"><strong>Formatas:<\/strong>\u00a013,5 x 20 cm, mink\u0161ti vir\u0161eliai<\/li>\n<li><strong>Kalba:<\/strong>\u00a0Lietuvi\u0173<\/li>\n<li><strong>Vert\u0117jas:<\/strong>\u00a0A. Gu\u017eauskait\u0117<\/li>\n<\/ul>\n","protected":false},"excerpt":{"rendered":"<p>Perkamiausi\u0173 knyg\u0173 autor\u0117, \u017eymi santyki\u0173 ekspert\u0117, filosofijos daktar\u0117 Barbara de Angelis moko slapt\u0173 priemoni\u0173, kurios bendravim\u0105 padaro s\u0117kming\u0105 ir jaudinant\u012f, o meil\u0119 prat\u0119sia iki gyvenimo pabaigos. Knygoje j\u016bs rasite: kaip i\u0161 naujo \u012f\u017eiebti aistr\u0105 ir i\u0161laikyti j\u0105 liepsnojan\u010di\u0105 met\u0173 metais; kod\u0117l i\u0161 tikr\u0173j\u0173 meil\u0117 baigiasi ir kaip to i\u0161vengti; bendravimo paslaptis, kaip &#8220;pasiekti&#8221; gyvenimo draug\u0105; kaip seks\u0105 paversti tikru myl\u0117jimusi; keturias pagrindines priemones, kaip neprarasti meil\u0117s; kaip pakreipti gin\u010d\u0105 kita linkme, kad j\u012f baig\u0119, dar labiau vienas kit\u0105 myl\u0117tum\u0117te. Kas j\u016bs beb\u016btum\u0117te: vieni\u0161i ir ie\u0161kantys meil\u0117s ar u\u017emezg\u0119 santykius ir norintys juos dar labiau pagerinti, knygoje \u201eTegul meil\u0117 t\u0119siasi am\u017einai&#8221; rasite atsakymus, kuri\u0173 ilgai ie\u0161kojote. Autorius:\u00a0Barbara De Angels Leid\u0117jas:\u00a0Gardenija Metai:\u00a02005 Puslapiai:\u00a0520 ISBN-10:\u00a09986855330 ISBN-13:\u00a09789986855330 Prek\u0117s kodas:\u00a02200001002371 Versijos kodas:\u00a0PT. Formatas:\u00a013,5 x 20 cm, mink\u0161ti vir\u0161eliai Kalba:\u00a0Lietuvi\u0173 Vert\u0117jas:\u00a0A. Gu\u017eauskait\u0117<\/p>\n","protected":false},"featured_media":16833,"comment_status":"open","ping_status":"closed","template":"","meta":{"_acf_changed":false,"site-sidebar-layout":"default","site-content-layout":"","ast-site-content-layout":"default","site-content-style":"default","site-sidebar-style":"default","ast-global-header-display":"","ast-banner-title-visibility":"","ast-main-header-display":"","ast-hfb-above-header-display":"","ast-hfb-below-header-display":"","ast-hfb-mobile-header-display":"","site-post-title":"","ast-breadcrumbs-content":"","ast-featured-img":"","footer-sml-layout":"","ast-disable-related-posts":"","theme-transparent-header-meta":"default","adv-header-id-meta":"","stick-header-meta":"","header-above-stick-meta":"","header-main-stick-meta":"","header-below-stick-meta":"","astra-migrate-meta-layouts":"set","ast-page-background-enabled":"default","ast-page-background-meta":{"desktop":{"background-color":"","background-image":"","background-repeat":"repeat","background-position":"center center","background-size":"auto","background-attachment":"scroll","background-type":"","background-media":"","overlay-type":"","overlay-color":"","overlay-opacity":"","overlay-gradient":""},"tablet":{"background-color":"","background-image":"","background-repeat":"repeat","background-position":"center center","background-size":"auto","background-attachment":"scroll","background-type":"","background-media":"","overlay-type":"","overlay-color":"","overlay-opacity":"","overlay-gradient":""},"mobile":{"background-color":"","background-image":"","background-repeat":"repeat","background-position":"center center","background-size":"auto","background-attachment":"scroll","background-type":"","background-media":"","overlay-type":"","overlay-color":"","overlay-opacity":"","overlay-gradient":""}},"ast-content-background-meta":{"desktop":{"background-color":"var(--ast-global-color-4)","background-image":"","background-repeat":"repeat","background-position":"center center","background-size":"auto","background-attachment":"scroll","background-type":"","background-media":"","overlay-type":"","overlay-color":"","overlay-opacity":"","overlay-gradient":""},"tablet":{"background-color":"var(--ast-global-color-4)","background-image":"","background-repeat":"repeat","background-position":"center center","background-size":"auto","background-attachment":"scroll","background-type":"","background-media":"","overlay-type":"","overlay-color":"","overlay-opacity":"","overlay-gradient":""},"mobile":{"background-color":"var(--ast-global-color-4)","background-image":"","background-repeat":"repeat","background-position":"center center","background-size":"auto","background-attachment":"scroll","background-type":"","background-media":"","overlay-type":"","overlay-color":"","overlay-opacity":"","overlay-gradient":""}}},"product_brand":[],"product_cat":[15,30],"product_tag":[2015,4882,4884,1561,4883,1392,2745,1417,4885,1646],"class_list":{"0":"post-16832","1":"product","2":"type-product","3":"status-publish","4":"has-post-thumbnail","6":"product_cat-uncategorized","7":"product_cat-psichologija-ir-saviugda","8":"product_tag-aistra","9":"product_tag-barbara-de-angels","10":"product_tag-ilgaamze-meile","11":"product_tag-komunikacija","12":"product_tag-meiles-patarimai","13":"product_tag-psichologija","14":"product_tag-santuoka","15":"product_tag-santykiai","16":"product_tag-santykiu-eksperte","17":"product_tag-seima","18":"desktop-align-left","19":"tablet-align-left","20":"mobile-align-left","22":"first","23":"outofstock","24":"shipping-taxable","25":"purchasable","26":"product-type-simple"},"acf":[],"yoast_head":"<!-- This site is optimized with the Yoast SEO plugin v27.0 - https:\/\/yoast.com\/product\/yoast-seo-wordpress\/ -->\n<title>Tegul meil\u0117 t\u0119siasi am\u017einai<\/title>\n<meta name=\"description\" content=\"Perkamiausi\u0173 knyg\u0173 autor\u0117, \u017eymi santyki\u0173 ekspert\u0117, filosofijos daktar\u0117 Barbara de Angelis moko slapt\u0173 priemoni\u0173, kurios bendravim\u0105 padaro s\u0117kming\u0105 ir\" \/>\n<meta name=\"robots\" content=\"index, follow, max-snippet:-1, max-image-preview:large, max-video-preview:-1\" \/>\n<link rel=\"canonical\" href=\"https:\/\/skaitytaknyga.lt\/en\/produktas\/tegul-meile-tesiasi-amzinai\/\" \/>\n<meta property=\"og:locale\" content=\"en_GB\" \/>\n<meta property=\"og:locale:alternate\" content=\"lt_LT\" \/>\n<meta property=\"og:type\" content=\"article\" \/>\n<meta property=\"og:title\" content=\"Tegul meil\u0117 t\u0119siasi am\u017einai\" \/>\n<meta property=\"og:description\" content=\"Perkamiausi\u0173 knyg\u0173 autor\u0117, \u017eymi santyki\u0173 ekspert\u0117, filosofijos daktar\u0117 Barbara de Angelis moko slapt\u0173 priemoni\u0173, kurios bendravim\u0105 padaro s\u0117kming\u0105 ir\" \/>\n<meta property=\"og:url\" content=\"https:\/\/skaitytaknyga.lt\/en\/produktas\/tegul-meile-tesiasi-amzinai\/\" \/>\n<meta property=\"og:site_name\" content=\"Skaitytaknyga\" \/>\n<meta property=\"article:publisher\" content=\"https:\/\/www.facebook.com\/skaitytaknyga\/\" \/>\n<meta property=\"article:modified_time\" content=\"2025-06-11T05:55:54+00:00\" \/>\n<meta property=\"og:image\" content=\"https:\/\/skaitytaknyga.lt\/wp-content\/uploads\/2025\/02\/Tegul-meile-tesiasi-amzinai.webp\" \/>\n\t<meta property=\"og:image:width\" content=\"539\" \/>\n\t<meta property=\"og:image:height\" content=\"800\" \/>\n\t<meta property=\"og:image:type\" content=\"image\/webp\" \/>\n<meta name=\"twitter:card\" content=\"summary_large_image\" \/>\n<meta name=\"twitter:label1\" content=\"Estimated reading time\" \/>\n\t<meta name=\"twitter:data1\" content=\"1 minute\" \/>\n<script type=\"application\/ld+json\" class=\"yoast-schema-graph\">{\"@context\":\"https:\/\/schema.org\",\"@graph\":[{\"@type\":\"WebPage\",\"@id\":\"https:\/\/skaitytaknyga.lt\/produktas\/tegul-meile-tesiasi-amzinai\/\",\"url\":\"https:\/\/skaitytaknyga.lt\/produktas\/tegul-meile-tesiasi-amzinai\/\",\"name\":\"Tegul meil\u0117 t\u0119siasi am\u017einai\",\"isPartOf\":{\"@id\":\"https:\/\/skaitytaknyga.lt\/#website\"},\"primaryImageOfPage\":{\"@id\":\"https:\/\/skaitytaknyga.lt\/produktas\/tegul-meile-tesiasi-amzinai\/#primaryimage\"},\"image\":{\"@id\":\"https:\/\/skaitytaknyga.lt\/produktas\/tegul-meile-tesiasi-amzinai\/#primaryimage\"},\"thumbnailUrl\":\"https:\/\/skaitytaknyga.lt\/wp-content\/uploads\/2025\/02\/Tegul-meile-tesiasi-amzinai.webp\",\"datePublished\":\"2025-02-12T09:07:03+00:00\",\"dateModified\":\"2025-06-11T05:55:54+00:00\",\"description\":\"Perkamiausi\u0173 knyg\u0173 autor\u0117, \u017eymi santyki\u0173 ekspert\u0117, filosofijos daktar\u0117 Barbara de Angelis moko slapt\u0173 priemoni\u0173, kurios bendravim\u0105 padaro s\u0117kming\u0105 ir\",\"breadcrumb\":{\"@id\":\"https:\/\/skaitytaknyga.lt\/produktas\/tegul-meile-tesiasi-amzinai\/#breadcrumb\"},\"inLanguage\":\"en-GB\",\"potentialAction\":[{\"@type\":\"ReadAction\",\"target\":[\"https:\/\/skaitytaknyga.lt\/produktas\/tegul-meile-tesiasi-amzinai\/\"]}]},{\"@type\":\"ImageObject\",\"inLanguage\":\"en-GB\",\"@id\":\"https:\/\/skaitytaknyga.lt\/produktas\/tegul-meile-tesiasi-amzinai\/#primaryimage\",\"url\":\"https:\/\/skaitytaknyga.lt\/wp-content\/uploads\/2025\/02\/Tegul-meile-tesiasi-amzinai.webp\",\"contentUrl\":\"https:\/\/skaitytaknyga.lt\/wp-content\/uploads\/2025\/02\/Tegul-meile-tesiasi-amzinai.webp\",\"width\":539,\"height\":800,\"caption\":\"Tegul meil\u0117 t\u0119siasi am\u017einai\"},{\"@type\":\"BreadcrumbList\",\"@id\":\"https:\/\/skaitytaknyga.lt\/produktas\/tegul-meile-tesiasi-amzinai\/#breadcrumb\",\"itemListElement\":[{\"@type\":\"ListItem\",\"position\":1,\"name\":\"Home\",\"item\":\"https:\/\/skaitytaknyga.lt\/\"},{\"@type\":\"ListItem\",\"position\":2,\"name\":\"Parduotuv\u0117\",\"item\":\"https:\/\/skaitytaknyga.lt\/knygu-parduotuve\/\"},{\"@type\":\"ListItem\",\"position\":3,\"name\":\"Tegul meil\u0117 t\u0119siasi am\u017einai\"}]},{\"@type\":\"WebSite\",\"@id\":\"https:\/\/skaitytaknyga.lt\/#website\",\"url\":\"https:\/\/skaitytaknyga.lt\/\",\"name\":\"skaitytaknyga.lt\",\"description\":\"Skaitytaknyga.lt \u2013 tai ma\u017eas \u0161eimos verslas, kuris prasid\u0117jo nuo meil\u0117s knygoms ir siekio i\u0161gelb\u0117ti knygas nuo likimo prie konteinerio. Kas vienam nereikalingas daiktas \u2013 kitam lobis, o mes esame tarpininkai, kurie padeda abiems tapti laimingesniems ???? \u017dinome kaip nelengva i\u0161gyventi ma\u017eiems verslams, tad nuo \u0161iol, \u010dia rasite ir kit\u0173, ma\u017e\u0173 \u0161eim\u0173 versl\u0173, rank\u0173 darbo, dovan\u0173 sau ir artimiesiems.\",\"publisher\":{\"@id\":\"https:\/\/skaitytaknyga.lt\/#organization\"},\"potentialAction\":[{\"@type\":\"SearchAction\",\"target\":{\"@type\":\"EntryPoint\",\"urlTemplate\":\"https:\/\/skaitytaknyga.lt\/?s={search_term_string}\"},\"query-input\":{\"@type\":\"PropertyValueSpecification\",\"valueRequired\":true,\"valueName\":\"search_term_string\"}}],\"inLanguage\":\"en-GB\"},{\"@type\":\"Organization\",\"@id\":\"https:\/\/skaitytaknyga.lt\/#organization\",\"name\":\"skaitytaknyga.lt\",\"url\":\"https:\/\/skaitytaknyga.lt\/\",\"logo\":{\"@type\":\"ImageObject\",\"inLanguage\":\"en-GB\",\"@id\":\"https:\/\/skaitytaknyga.lt\/#\/schema\/logo\/image\/\",\"url\":\"https:\/\/skaitytaknyga.lt\/wp-content\/uploads\/2024\/05\/cropped-cropped-cropped-02_00843_jt3bggkj1j3HLc7SyY6rEUpg.jpeg\",\"contentUrl\":\"https:\/\/skaitytaknyga.lt\/wp-content\/uploads\/2024\/05\/cropped-cropped-cropped-02_00843_jt3bggkj1j3HLc7SyY6rEUpg.jpeg\",\"width\":1600,\"height\":1600,\"caption\":\"skaitytaknyga.lt\"},\"image\":{\"@id\":\"https:\/\/skaitytaknyga.lt\/#\/schema\/logo\/image\/\"},\"sameAs\":[\"https:\/\/www.facebook.com\/skaitytaknyga\/\"]}]}<\/script>\n<!-- \/ Yoast SEO plugin. -->","yoast_head_json":{"title":"Tegul meil\u0117 t\u0119siasi am\u017einai","description":"Perkamiausi\u0173 knyg\u0173 autor\u0117, \u017eymi santyki\u0173 ekspert\u0117, filosofijos daktar\u0117 Barbara de Angelis moko slapt\u0173 priemoni\u0173, kurios bendravim\u0105 padaro s\u0117kming\u0105 ir","robots":{"index":"index","follow":"follow","max-snippet":"max-snippet:-1","max-image-preview":"max-image-preview:large","max-video-preview":"max-video-preview:-1"},"canonical":"https:\/\/skaitytaknyga.lt\/en\/produktas\/tegul-meile-tesiasi-amzinai\/","og_locale":"en_GB","og_type":"article","og_title":"[:lt]Tegul meil\u0117 t\u0119siasi am\u017einai[:] - Skaitytaknyga","og_description":"Perkamiausi\u0173 knyg\u0173 autor\u0117, \u017eymi santyki\u0173 ekspert\u0117, filosofijos daktar\u0117 Barbara de Angelis moko slapt\u0173 priemoni\u0173, kurios bendravim\u0105 padaro s\u0117kming\u0105 ir","og_url":"https:\/\/skaitytaknyga.lt\/en\/produktas\/tegul-meile-tesiasi-amzinai\/","og_site_name":"Skaitytaknyga","article_publisher":"https:\/\/www.facebook.com\/skaitytaknyga\/","article_modified_time":"2025-06-11T05:55:54+00:00","og_image":[{"width":539,"height":800,"url":"https:\/\/skaitytaknyga.lt\/wp-content\/uploads\/2025\/02\/Tegul-meile-tesiasi-amzinai.webp","type":"image\/webp"}],"twitter_card":"summary_large_image","twitter_misc":{"Estimated reading time":"1 minute"},"schema":{"@context":"https:\/\/schema.org","@graph":[{"@type":"WebPage","@id":"https:\/\/skaitytaknyga.lt\/produktas\/tegul-meile-tesiasi-amzinai\/","url":"https:\/\/skaitytaknyga.lt\/produktas\/tegul-meile-tesiasi-amzinai\/","name":"Tegul meil\u0117 t\u0119siasi am\u017einai","isPartOf":{"@id":"https:\/\/skaitytaknyga.lt\/#website"},"primaryImageOfPage":{"@id":"https:\/\/skaitytaknyga.lt\/produktas\/tegul-meile-tesiasi-amzinai\/#primaryimage"},"image":{"@id":"https:\/\/skaitytaknyga.lt\/produktas\/tegul-meile-tesiasi-amzinai\/#primaryimage"},"thumbnailUrl":"https:\/\/skaitytaknyga.lt\/wp-content\/uploads\/2025\/02\/Tegul-meile-tesiasi-amzinai.webp","datePublished":"2025-02-12T09:07:03+00:00","dateModified":"2025-06-11T05:55:54+00:00","description":"Perkamiausi\u0173 knyg\u0173 autor\u0117, \u017eymi santyki\u0173 ekspert\u0117, filosofijos daktar\u0117 Barbara de Angelis moko slapt\u0173 priemoni\u0173, kurios bendravim\u0105 padaro s\u0117kming\u0105 ir","breadcrumb":{"@id":"https:\/\/skaitytaknyga.lt\/produktas\/tegul-meile-tesiasi-amzinai\/#breadcrumb"},"inLanguage":"en-GB","potentialAction":[{"@type":"ReadAction","target":["https:\/\/skaitytaknyga.lt\/produktas\/tegul-meile-tesiasi-amzinai\/"]}]},{"@type":"ImageObject","inLanguage":"en-GB","@id":"https:\/\/skaitytaknyga.lt\/produktas\/tegul-meile-tesiasi-amzinai\/#primaryimage","url":"https:\/\/skaitytaknyga.lt\/wp-content\/uploads\/2025\/02\/Tegul-meile-tesiasi-amzinai.webp","contentUrl":"https:\/\/skaitytaknyga.lt\/wp-content\/uploads\/2025\/02\/Tegul-meile-tesiasi-amzinai.webp","width":539,"height":800,"caption":"Tegul meil\u0117 t\u0119siasi am\u017einai"},{"@type":"BreadcrumbList","@id":"https:\/\/skaitytaknyga.lt\/produktas\/tegul-meile-tesiasi-amzinai\/#breadcrumb","itemListElement":[{"@type":"ListItem","position":1,"name":"Home","item":"https:\/\/skaitytaknyga.lt\/"},{"@type":"ListItem","position":2,"name":"Parduotuv\u0117","item":"https:\/\/skaitytaknyga.lt\/knygu-parduotuve\/"},{"@type":"ListItem","position":3,"name":"Tegul meil\u0117 t\u0119siasi am\u017einai"}]},{"@type":"WebSite","@id":"https:\/\/skaitytaknyga.lt\/#website","url":"https:\/\/skaitytaknyga.lt\/","name":"skaitytaknyga.lt","description":"Skaitytaknyga.lt \u2013 tai ma\u017eas \u0161eimos verslas, kuris prasid\u0117jo nuo meil\u0117s knygoms ir siekio i\u0161gelb\u0117ti knygas nuo likimo prie konteinerio. Kas vienam nereikalingas daiktas \u2013 kitam lobis, o mes esame tarpininkai, kurie padeda abiems tapti laimingesniems ???? \u017dinome kaip nelengva i\u0161gyventi ma\u017eiems verslams, tad nuo \u0161iol, \u010dia rasite ir kit\u0173, ma\u017e\u0173 \u0161eim\u0173 versl\u0173, rank\u0173 darbo, dovan\u0173 sau ir artimiesiems.","publisher":{"@id":"https:\/\/skaitytaknyga.lt\/#organization"},"potentialAction":[{"@type":"SearchAction","target":{"@type":"EntryPoint","urlTemplate":"https:\/\/skaitytaknyga.lt\/?s={search_term_string}"},"query-input":{"@type":"PropertyValueSpecification","valueRequired":true,"valueName":"search_term_string"}}],"inLanguage":"en-GB"},{"@type":"Organization","@id":"https:\/\/skaitytaknyga.lt\/#organization","name":"skaitytaknyga.lt","url":"https:\/\/skaitytaknyga.lt\/","logo":{"@type":"ImageObject","inLanguage":"en-GB","@id":"https:\/\/skaitytaknyga.lt\/#\/schema\/logo\/image\/","url":"https:\/\/skaitytaknyga.lt\/wp-content\/uploads\/2024\/05\/cropped-cropped-cropped-02_00843_jt3bggkj1j3HLc7SyY6rEUpg.jpeg","contentUrl":"https:\/\/skaitytaknyga.lt\/wp-content\/uploads\/2024\/05\/cropped-cropped-cropped-02_00843_jt3bggkj1j3HLc7SyY6rEUpg.jpeg","width":1600,"height":1600,"caption":"skaitytaknyga.lt"},"image":{"@id":"https:\/\/skaitytaknyga.lt\/#\/schema\/logo\/image\/"},"sameAs":["https:\/\/www.facebook.com\/skaitytaknyga\/"]}]}},"_links":{"self":[{"href":"https:\/\/skaitytaknyga.lt\/en\/wp-json\/wp\/v2\/product\/16832","targetHints":{"allow":["GET"]}}],"collection":[{"href":"https:\/\/skaitytaknyga.lt\/en\/wp-json\/wp\/v2\/product"}],"about":[{"href":"https:\/\/skaitytaknyga.lt\/en\/wp-json\/wp\/v2\/types\/product"}],"replies":[{"embeddable":true,"href":"https:\/\/skaitytaknyga.lt\/en\/wp-json\/wp\/v2\/comments?post=16832"}],"wp:featuredmedia":[{"embeddable":true,"href":"https:\/\/skaitytaknyga.lt\/en\/wp-json\/wp\/v2\/media\/16833"}],"wp:attachment":[{"href":"https:\/\/skaitytaknyga.lt\/en\/wp-json\/wp\/v2\/media?parent=16832"}],"wp:term":[{"taxonomy":"product_brand","embeddable":true,"href":"https:\/\/skaitytaknyga.lt\/en\/wp-json\/wp\/v2\/product_brand?post=16832"},{"taxonomy":"product_cat","embeddable":true,"href":"https:\/\/skaitytaknyga.lt\/en\/wp-json\/wp\/v2\/product_cat?post=16832"},{"taxonomy":"product_tag","embeddable":true,"href":"https:\/\/skaitytaknyga.lt\/en\/wp-json\/wp\/v2\/product_tag?post=16832"}],"curies":[{"name":"wp","href":"https:\/\/api.w.org\/{rel}","templated":true}]}}