{"id":16818,"date":"2025-02-12T10:32:45","date_gmt":"2025-02-12T08:32:45","guid":{"rendered":"https:\/\/skaitytaknyga.lt\/?post_type=product&#038;p=16818"},"modified":"2025-05-15T08:53:27","modified_gmt":"2025-05-15T05:53:27","slug":"baldras-seselio-sunus","status":"publish","type":"product","link":"https:\/\/skaitytaknyga.lt\/en\/produktas\/baldras-seselio-sunus\/","title":{"rendered":"Baldras, \u0160e\u0161\u0117lio s\u016bnus"},"content":{"rendered":"<p><em>1883-ieji. Vidur\u017eiemis. Kartu su pastoriumi Baldru Skugasonu leid\u017eiam\u0117s \u012f \u017eydrosios lap\u0117s med\u017eiokl\u0119.<\/em><\/p>\n<p>\u0160e\u0161\u0117lis Baldras island\u0173 tautosakoje \u2013 nuo\u017emus ir baisus \u017ev\u0117ris. Buvo tikima, kad \u0161i pikta lemianti tamsos ir \u0161e\u0161\u0117li\u0173 pasaulio vyri\u0161kosios gimin\u0117s mitologin\u0117 b\u016btyb\u0117 yra katino ir lap\u0117s palikuonis.<\/p>\n<p>At\u0161iauraus islandi\u0161ko peiza\u017eo fone rutuliojasi trij\u0173 persona\u017e\u0173, kuri\u0173 likimai keistai persipyn\u0119, gyvenimo istorija. Romanas para\u0161ytas XIX a. romantizmo literat\u016bros dvasia, nors jam netr\u016bksta ir \u0161maik\u0161tumo. Jame gausu mitologini\u0173 ir biblini\u0173 motyv\u0173, per kuriuos atsiskleid\u017eia daugyb\u0117 senajai ir naujajai islandi\u0161kai literat\u016brinei tradicijai b\u016bding\u0173 klod\u0173.<\/p>\n<p><strong>\u201eBaldras, \u0160e\u0161\u0117lio s\u016bnus&#8221;<\/strong>\u00a0\u2013 antrasis ra\u0161ytojo romanas lietuvi\u0161kai (pirmasis \u2013\u00a0\u201eTavo akys mat\u0117 mane: meil\u0117s istorija<a href=\"https:\/\/www.knygos.lt\/lt\/knygos\/tavo-akys-mate-mane\/\">&#8220;<\/a>, 2005)<\/p>\n<p>Island\u0173 ra\u0161ytojo\u00a0<strong>Sjono<\/strong>\u00a0(Sigurjon B. Sigurdsson, g. 1962) romanas-sakm\u0117\u00a0<strong>\u201eBaldras, \u0160e\u0161\u0117lio s\u016bnus&#8221;<\/strong>\u00a02005 m. apdovanotas \u0160iaur\u0117s tarybos literat\u016bros premija, dar vadinama \u201ema\u017euoju Nobeliu&#8221;, ir i\u0161verstas \u012f daugel\u012f kalb\u0173. Pasak premijos \u017eiuri prane\u0161imo, \u201e\u0161is k\u016brinys meistri\u0161kai balansuoja ties poezijos ir prozos riba. Pasitelk\u0119s islandi\u0161k\u0173j\u0173 sag\u0173 temas ir romantinio pasakojimo men\u0105, ra\u0161ytojas nuaud\u017eia \u012fstabi\u0105 istorij\u0105, kurioje visu ry\u0161kumu i\u0161kyla \u0161i\u0173 dien\u0173 etiniai klausimai&#8221;.<\/p>\n<ul class=\"about-product d-none d-xl-block mt-4\">\n<li><strong>Originalus pavadinimas:<\/strong>\u00a0Skugga-Baldur<\/li>\n<li><strong>Autorius:<\/strong>\u00a0Sj\u00f3n<\/li>\n<li><strong>Leid\u0117jas:<\/strong>\u00a0Apostrofa<\/li>\n<li><strong>Metai:<\/strong>\u00a02009<\/li>\n<li><strong>Puslapiai:<\/strong>\u00a0114<\/li>\n<li class=\"toggleable type-new-formats \"><strong>ISBN:<\/strong>\u00a09789955605522<\/li>\n<li class=\"toggleable type-new-formats \"><strong>Formatas:<\/strong>\u00a015 x 20 x 1 cm, mink\u0161ti vir\u0161eliai<\/li>\n<li><strong>Kalba:<\/strong>\u00a0Lietuvi\u0173<\/li>\n<li><strong>Vert\u0117jas:<\/strong>\u00a0Rasa Baranauskien\u0117<\/li>\n<\/ul>\n","protected":false},"excerpt":{"rendered":"<p>Klasikas romane vaizduoja apsukr\u0173 ir energing\u0105 kapitalist\u0105 Oktav\u0105 Mur\u0117, didel\u0117s Pary\u017eiaus parduotuv\u0117s savinink\u0105, negailestingai eksploatuojant\u012f smulkius prekiautojus ir savo tarnautojus.<\/p>\n<p>Kapitalistui Mur\u0117 prie\u0161pastatomi paprasti, kukl\u016bs darbuotojai &#8211; Polina, Dalo\u0161as, Deniza. Jos paveikslu ra\u0161ytojas i\u0161auk\u0161tina \u017emogi\u0161k\u0105 vert\u0119, tyrum\u0105.<\/p>\n","protected":false},"featured_media":16819,"comment_status":"closed","ping_status":"closed","template":"","meta":{"_acf_changed":false,"site-sidebar-layout":"default","site-content-layout":"","ast-site-content-layout":"default","site-content-style":"default","site-sidebar-style":"default","ast-global-header-display":"","ast-banner-title-visibility":"","ast-main-header-display":"","ast-hfb-above-header-display":"","ast-hfb-below-header-display":"","ast-hfb-mobile-header-display":"","site-post-title":"","ast-breadcrumbs-content":"","ast-featured-img":"","footer-sml-layout":"","ast-disable-related-posts":"","theme-transparent-header-meta":"default","adv-header-id-meta":"","stick-header-meta":"","header-above-stick-meta":"","header-main-stick-meta":"","header-below-stick-meta":"","astra-migrate-meta-layouts":"set","ast-page-background-enabled":"default","ast-page-background-meta":{"desktop":{"background-color":"","background-image":"","background-repeat":"repeat","background-position":"center center","background-size":"auto","background-attachment":"scroll","background-type":"","background-media":"","overlay-type":"","overlay-color":"","overlay-opacity":"","overlay-gradient":""},"tablet":{"background-color":"","background-image":"","background-repeat":"repeat","background-position":"center center","background-size":"auto","background-attachment":"scroll","background-type":"","background-media":"","overlay-type":"","overlay-color":"","overlay-opacity":"","overlay-gradient":""},"mobile":{"background-color":"","background-image":"","background-repeat":"repeat","background-position":"center center","background-size":"auto","background-attachment":"scroll","background-type":"","background-media":"","overlay-type":"","overlay-color":"","overlay-opacity":"","overlay-gradient":""}},"ast-content-background-meta":{"desktop":{"background-color":"var(--ast-global-color-4)","background-image":"","background-repeat":"repeat","background-position":"center center","background-size":"auto","background-attachment":"scroll","background-type":"","background-media":"","overlay-type":"","overlay-color":"","overlay-opacity":"","overlay-gradient":""},"tablet":{"background-color":"var(--ast-global-color-4)","background-image":"","background-repeat":"repeat","background-position":"center center","background-size":"auto","background-attachment":"scroll","background-type":"","background-media":"","overlay-type":"","overlay-color":"","overlay-opacity":"","overlay-gradient":""},"mobile":{"background-color":"var(--ast-global-color-4)","background-image":"","background-repeat":"repeat","background-position":"center center","background-size":"auto","background-attachment":"scroll","background-type":"","background-media":"","overlay-type":"","overlay-color":"","overlay-opacity":"","overlay-gradient":""}}},"product_brand":[],"product_cat":[31],"product_tag":[2702,2695,1115,2701,2696,2697,2698,2694,2699,2700],"class_list":{"0":"post-16818","1":"product","2":"type-product","3":"status-publish","4":"has-post-thumbnail","6":"product_cat-grozine-literatura","7":"product_tag-etika","8":"product_tag-islandu-literatura","9":"product_tag-mitologija","10":"product_tag-pastorius","11":"product_tag-romantizmas","12":"product_tag-sakme","13":"product_tag-siaures-tarybos-literaturos-premija","14":"product_tag-sjon","15":"product_tag-xix-a-islandija","16":"product_tag-zydrosios-lapes-medziokle","17":"desktop-align-left","18":"tablet-align-left","19":"mobile-align-left","21":"first","22":"instock","23":"shipping-taxable","24":"purchasable","25":"product-type-simple"},"acf":[],"yoast_head":"<!-- This site is optimized with the Yoast SEO plugin v27.0 - https:\/\/yoast.com\/product\/yoast-seo-wordpress\/ -->\n<title>Baldras, \u0160e\u0161\u0117lio s\u016bnus<\/title>\n<meta name=\"description\" content=\"Klasikas romane vaizduoja apsukr\u0173 ir energing\u0105 kapitalist\u0105 Oktav\u0105 Mur\u0117, didel\u0117s Pary\u017eiaus parduotuv\u0117s savinink\u0105, negailestingai eksploatuojant\u012f smulkius prekiautojus ir savo tarnautojus.  Kapitalistui Mur\u0117 prie\u0161pastatomi paprasti, kukl\u016bs darbuotojai - Polina, Dalo\u0161as, Deniza. Jos paveikslu ra\u0161ytojas i\u0161auk\u0161tina \u017emogi\u0161k\u0105 vert\u0119, tyrum\u0105.\" \/>\n<meta name=\"robots\" content=\"index, follow, max-snippet:-1, max-image-preview:large, max-video-preview:-1\" \/>\n<link rel=\"canonical\" href=\"https:\/\/skaitytaknyga.lt\/en\/produktas\/baldras-seselio-sunus\/\" \/>\n<meta property=\"og:locale\" content=\"en_GB\" \/>\n<meta property=\"og:locale:alternate\" content=\"lt_LT\" \/>\n<meta property=\"og:type\" content=\"article\" \/>\n<meta property=\"og:title\" content=\"Baldras, \u0160e\u0161\u0117lio s\u016bnus\" \/>\n<meta property=\"og:description\" content=\"Klasikas romane vaizduoja apsukr\u0173 ir energing\u0105 kapitalist\u0105 Oktav\u0105 Mur\u0117, didel\u0117s Pary\u017eiaus parduotuv\u0117s savinink\u0105, negailestingai eksploatuojant\u012f smulkius prekiautojus ir savo tarnautojus.  Kapitalistui Mur\u0117 prie\u0161pastatomi paprasti, kukl\u016bs darbuotojai - Polina, Dalo\u0161as, Deniza. Jos paveikslu ra\u0161ytojas i\u0161auk\u0161tina \u017emogi\u0161k\u0105 vert\u0119, tyrum\u0105.\" \/>\n<meta property=\"og:url\" content=\"https:\/\/skaitytaknyga.lt\/en\/produktas\/baldras-seselio-sunus\/\" \/>\n<meta property=\"og:site_name\" content=\"Skaitytaknyga\" \/>\n<meta property=\"article:publisher\" content=\"https:\/\/www.facebook.com\/skaitytaknyga\/\" \/>\n<meta property=\"article:modified_time\" content=\"2025-05-15T05:53:27+00:00\" \/>\n<meta property=\"og:image\" content=\"https:\/\/skaitytaknyga.lt\/wp-content\/uploads\/2025\/02\/Baldras-Seselio-sunus.webp\" \/>\n\t<meta property=\"og:image:width\" content=\"604\" \/>\n\t<meta property=\"og:image:height\" content=\"800\" \/>\n\t<meta property=\"og:image:type\" content=\"image\/webp\" \/>\n<meta name=\"twitter:card\" content=\"summary_large_image\" \/>\n<meta name=\"twitter:label1\" content=\"Estimated reading time\" \/>\n\t<meta name=\"twitter:data1\" content=\"2 minutes\" \/>\n<script type=\"application\/ld+json\" class=\"yoast-schema-graph\">{\"@context\":\"https:\/\/schema.org\",\"@graph\":[{\"@type\":\"WebPage\",\"@id\":\"https:\/\/skaitytaknyga.lt\/produktas\/baldras-seselio-sunus\/\",\"url\":\"https:\/\/skaitytaknyga.lt\/produktas\/baldras-seselio-sunus\/\",\"name\":\"Baldras, \u0160e\u0161\u0117lio s\u016bnus\",\"isPartOf\":{\"@id\":\"https:\/\/skaitytaknyga.lt\/#website\"},\"primaryImageOfPage\":{\"@id\":\"https:\/\/skaitytaknyga.lt\/produktas\/baldras-seselio-sunus\/#primaryimage\"},\"image\":{\"@id\":\"https:\/\/skaitytaknyga.lt\/produktas\/baldras-seselio-sunus\/#primaryimage\"},\"thumbnailUrl\":\"https:\/\/skaitytaknyga.lt\/wp-content\/uploads\/2025\/02\/Baldras-Seselio-sunus.webp\",\"datePublished\":\"2025-02-12T08:32:45+00:00\",\"dateModified\":\"2025-05-15T05:53:27+00:00\",\"description\":\"Klasikas romane vaizduoja apsukr\u0173 ir energing\u0105 kapitalist\u0105 Oktav\u0105 Mur\u0117, didel\u0117s Pary\u017eiaus parduotuv\u0117s savinink\u0105, negailestingai eksploatuojant\u012f smulkius prekiautojus ir savo tarnautojus. Kapitalistui Mur\u0117 prie\u0161pastatomi paprasti, kukl\u016bs darbuotojai - Polina, Dalo\u0161as, Deniza. Jos paveikslu ra\u0161ytojas i\u0161auk\u0161tina \u017emogi\u0161k\u0105 vert\u0119, tyrum\u0105.\",\"breadcrumb\":{\"@id\":\"https:\/\/skaitytaknyga.lt\/produktas\/baldras-seselio-sunus\/#breadcrumb\"},\"inLanguage\":\"en-GB\",\"potentialAction\":[{\"@type\":\"ReadAction\",\"target\":[\"https:\/\/skaitytaknyga.lt\/produktas\/baldras-seselio-sunus\/\"]}]},{\"@type\":\"ImageObject\",\"inLanguage\":\"en-GB\",\"@id\":\"https:\/\/skaitytaknyga.lt\/produktas\/baldras-seselio-sunus\/#primaryimage\",\"url\":\"https:\/\/skaitytaknyga.lt\/wp-content\/uploads\/2025\/02\/Baldras-Seselio-sunus.webp\",\"contentUrl\":\"https:\/\/skaitytaknyga.lt\/wp-content\/uploads\/2025\/02\/Baldras-Seselio-sunus.webp\",\"width\":604,\"height\":800,\"caption\":\"Baldras, \u0160e\u0161\u0117lio s\u016bnus\"},{\"@type\":\"BreadcrumbList\",\"@id\":\"https:\/\/skaitytaknyga.lt\/produktas\/baldras-seselio-sunus\/#breadcrumb\",\"itemListElement\":[{\"@type\":\"ListItem\",\"position\":1,\"name\":\"Home\",\"item\":\"https:\/\/skaitytaknyga.lt\/\"},{\"@type\":\"ListItem\",\"position\":2,\"name\":\"Parduotuv\u0117\",\"item\":\"https:\/\/skaitytaknyga.lt\/knygu-parduotuve\/\"},{\"@type\":\"ListItem\",\"position\":3,\"name\":\"Baldras, \u0160e\u0161\u0117lio s\u016bnus\"}]},{\"@type\":\"WebSite\",\"@id\":\"https:\/\/skaitytaknyga.lt\/#website\",\"url\":\"https:\/\/skaitytaknyga.lt\/\",\"name\":\"skaitytaknyga.lt\",\"description\":\"Skaitytaknyga.lt \u2013 tai ma\u017eas \u0161eimos verslas, kuris prasid\u0117jo nuo meil\u0117s knygoms ir siekio i\u0161gelb\u0117ti knygas nuo likimo prie konteinerio. Kas vienam nereikalingas daiktas \u2013 kitam lobis, o mes esame tarpininkai, kurie padeda abiems tapti laimingesniems ???? \u017dinome kaip nelengva i\u0161gyventi ma\u017eiems verslams, tad nuo \u0161iol, \u010dia rasite ir kit\u0173, ma\u017e\u0173 \u0161eim\u0173 versl\u0173, rank\u0173 darbo, dovan\u0173 sau ir artimiesiems.\",\"publisher\":{\"@id\":\"https:\/\/skaitytaknyga.lt\/#organization\"},\"potentialAction\":[{\"@type\":\"SearchAction\",\"target\":{\"@type\":\"EntryPoint\",\"urlTemplate\":\"https:\/\/skaitytaknyga.lt\/?s={search_term_string}\"},\"query-input\":{\"@type\":\"PropertyValueSpecification\",\"valueRequired\":true,\"valueName\":\"search_term_string\"}}],\"inLanguage\":\"en-GB\"},{\"@type\":\"Organization\",\"@id\":\"https:\/\/skaitytaknyga.lt\/#organization\",\"name\":\"skaitytaknyga.lt\",\"url\":\"https:\/\/skaitytaknyga.lt\/\",\"logo\":{\"@type\":\"ImageObject\",\"inLanguage\":\"en-GB\",\"@id\":\"https:\/\/skaitytaknyga.lt\/#\/schema\/logo\/image\/\",\"url\":\"https:\/\/skaitytaknyga.lt\/wp-content\/uploads\/2024\/05\/cropped-cropped-cropped-02_00843_jt3bggkj1j3HLc7SyY6rEUpg.jpeg\",\"contentUrl\":\"https:\/\/skaitytaknyga.lt\/wp-content\/uploads\/2024\/05\/cropped-cropped-cropped-02_00843_jt3bggkj1j3HLc7SyY6rEUpg.jpeg\",\"width\":1600,\"height\":1600,\"caption\":\"skaitytaknyga.lt\"},\"image\":{\"@id\":\"https:\/\/skaitytaknyga.lt\/#\/schema\/logo\/image\/\"},\"sameAs\":[\"https:\/\/www.facebook.com\/skaitytaknyga\/\"]}]}<\/script>\n<!-- \/ Yoast SEO plugin. -->","yoast_head_json":{"title":"Baldras, \u0160e\u0161\u0117lio s\u016bnus","description":"Klasikas romane vaizduoja apsukr\u0173 ir energing\u0105 kapitalist\u0105 Oktav\u0105 Mur\u0117, didel\u0117s Pary\u017eiaus parduotuv\u0117s savinink\u0105, negailestingai eksploatuojant\u012f smulkius prekiautojus ir savo tarnautojus.  Kapitalistui Mur\u0117 prie\u0161pastatomi paprasti, kukl\u016bs darbuotojai - Polina, Dalo\u0161as, Deniza. Jos paveikslu ra\u0161ytojas i\u0161auk\u0161tina \u017emogi\u0161k\u0105 vert\u0119, tyrum\u0105.","robots":{"index":"index","follow":"follow","max-snippet":"max-snippet:-1","max-image-preview":"max-image-preview:large","max-video-preview":"max-video-preview:-1"},"canonical":"https:\/\/skaitytaknyga.lt\/en\/produktas\/baldras-seselio-sunus\/","og_locale":"en_GB","og_type":"article","og_title":"[:lt]Baldras, \u0160e\u0161\u0117lio s\u016bnus[:] - Skaitytaknyga","og_description":"Klasikas romane vaizduoja apsukr\u0173 ir energing\u0105 kapitalist\u0105 Oktav\u0105 Mur\u0117, didel\u0117s Pary\u017eiaus parduotuv\u0117s savinink\u0105, negailestingai eksploatuojant\u012f smulkius prekiautojus ir savo tarnautojus.  Kapitalistui Mur\u0117 prie\u0161pastatomi paprasti, kukl\u016bs darbuotojai - Polina, Dalo\u0161as, Deniza. Jos paveikslu ra\u0161ytojas i\u0161auk\u0161tina \u017emogi\u0161k\u0105 vert\u0119, tyrum\u0105.","og_url":"https:\/\/skaitytaknyga.lt\/en\/produktas\/baldras-seselio-sunus\/","og_site_name":"Skaitytaknyga","article_publisher":"https:\/\/www.facebook.com\/skaitytaknyga\/","article_modified_time":"2025-05-15T05:53:27+00:00","og_image":[{"width":604,"height":800,"url":"https:\/\/skaitytaknyga.lt\/wp-content\/uploads\/2025\/02\/Baldras-Seselio-sunus.webp","type":"image\/webp"}],"twitter_card":"summary_large_image","twitter_misc":{"Estimated reading time":"2 minutes"},"schema":{"@context":"https:\/\/schema.org","@graph":[{"@type":"WebPage","@id":"https:\/\/skaitytaknyga.lt\/produktas\/baldras-seselio-sunus\/","url":"https:\/\/skaitytaknyga.lt\/produktas\/baldras-seselio-sunus\/","name":"Baldras, \u0160e\u0161\u0117lio s\u016bnus","isPartOf":{"@id":"https:\/\/skaitytaknyga.lt\/#website"},"primaryImageOfPage":{"@id":"https:\/\/skaitytaknyga.lt\/produktas\/baldras-seselio-sunus\/#primaryimage"},"image":{"@id":"https:\/\/skaitytaknyga.lt\/produktas\/baldras-seselio-sunus\/#primaryimage"},"thumbnailUrl":"https:\/\/skaitytaknyga.lt\/wp-content\/uploads\/2025\/02\/Baldras-Seselio-sunus.webp","datePublished":"2025-02-12T08:32:45+00:00","dateModified":"2025-05-15T05:53:27+00:00","description":"Klasikas romane vaizduoja apsukr\u0173 ir energing\u0105 kapitalist\u0105 Oktav\u0105 Mur\u0117, didel\u0117s Pary\u017eiaus parduotuv\u0117s savinink\u0105, negailestingai eksploatuojant\u012f smulkius prekiautojus ir savo tarnautojus. Kapitalistui Mur\u0117 prie\u0161pastatomi paprasti, kukl\u016bs darbuotojai - Polina, Dalo\u0161as, Deniza. Jos paveikslu ra\u0161ytojas i\u0161auk\u0161tina \u017emogi\u0161k\u0105 vert\u0119, tyrum\u0105.","breadcrumb":{"@id":"https:\/\/skaitytaknyga.lt\/produktas\/baldras-seselio-sunus\/#breadcrumb"},"inLanguage":"en-GB","potentialAction":[{"@type":"ReadAction","target":["https:\/\/skaitytaknyga.lt\/produktas\/baldras-seselio-sunus\/"]}]},{"@type":"ImageObject","inLanguage":"en-GB","@id":"https:\/\/skaitytaknyga.lt\/produktas\/baldras-seselio-sunus\/#primaryimage","url":"https:\/\/skaitytaknyga.lt\/wp-content\/uploads\/2025\/02\/Baldras-Seselio-sunus.webp","contentUrl":"https:\/\/skaitytaknyga.lt\/wp-content\/uploads\/2025\/02\/Baldras-Seselio-sunus.webp","width":604,"height":800,"caption":"Baldras, \u0160e\u0161\u0117lio s\u016bnus"},{"@type":"BreadcrumbList","@id":"https:\/\/skaitytaknyga.lt\/produktas\/baldras-seselio-sunus\/#breadcrumb","itemListElement":[{"@type":"ListItem","position":1,"name":"Home","item":"https:\/\/skaitytaknyga.lt\/"},{"@type":"ListItem","position":2,"name":"Parduotuv\u0117","item":"https:\/\/skaitytaknyga.lt\/knygu-parduotuve\/"},{"@type":"ListItem","position":3,"name":"Baldras, \u0160e\u0161\u0117lio s\u016bnus"}]},{"@type":"WebSite","@id":"https:\/\/skaitytaknyga.lt\/#website","url":"https:\/\/skaitytaknyga.lt\/","name":"skaitytaknyga.lt","description":"Skaitytaknyga.lt \u2013 tai ma\u017eas \u0161eimos verslas, kuris prasid\u0117jo nuo meil\u0117s knygoms ir siekio i\u0161gelb\u0117ti knygas nuo likimo prie konteinerio. Kas vienam nereikalingas daiktas \u2013 kitam lobis, o mes esame tarpininkai, kurie padeda abiems tapti laimingesniems ???? \u017dinome kaip nelengva i\u0161gyventi ma\u017eiems verslams, tad nuo \u0161iol, \u010dia rasite ir kit\u0173, ma\u017e\u0173 \u0161eim\u0173 versl\u0173, rank\u0173 darbo, dovan\u0173 sau ir artimiesiems.","publisher":{"@id":"https:\/\/skaitytaknyga.lt\/#organization"},"potentialAction":[{"@type":"SearchAction","target":{"@type":"EntryPoint","urlTemplate":"https:\/\/skaitytaknyga.lt\/?s={search_term_string}"},"query-input":{"@type":"PropertyValueSpecification","valueRequired":true,"valueName":"search_term_string"}}],"inLanguage":"en-GB"},{"@type":"Organization","@id":"https:\/\/skaitytaknyga.lt\/#organization","name":"skaitytaknyga.lt","url":"https:\/\/skaitytaknyga.lt\/","logo":{"@type":"ImageObject","inLanguage":"en-GB","@id":"https:\/\/skaitytaknyga.lt\/#\/schema\/logo\/image\/","url":"https:\/\/skaitytaknyga.lt\/wp-content\/uploads\/2024\/05\/cropped-cropped-cropped-02_00843_jt3bggkj1j3HLc7SyY6rEUpg.jpeg","contentUrl":"https:\/\/skaitytaknyga.lt\/wp-content\/uploads\/2024\/05\/cropped-cropped-cropped-02_00843_jt3bggkj1j3HLc7SyY6rEUpg.jpeg","width":1600,"height":1600,"caption":"skaitytaknyga.lt"},"image":{"@id":"https:\/\/skaitytaknyga.lt\/#\/schema\/logo\/image\/"},"sameAs":["https:\/\/www.facebook.com\/skaitytaknyga\/"]}]}},"_links":{"self":[{"href":"https:\/\/skaitytaknyga.lt\/en\/wp-json\/wp\/v2\/product\/16818","targetHints":{"allow":["GET"]}}],"collection":[{"href":"https:\/\/skaitytaknyga.lt\/en\/wp-json\/wp\/v2\/product"}],"about":[{"href":"https:\/\/skaitytaknyga.lt\/en\/wp-json\/wp\/v2\/types\/product"}],"replies":[{"embeddable":true,"href":"https:\/\/skaitytaknyga.lt\/en\/wp-json\/wp\/v2\/comments?post=16818"}],"wp:featuredmedia":[{"embeddable":true,"href":"https:\/\/skaitytaknyga.lt\/en\/wp-json\/wp\/v2\/media\/16819"}],"wp:attachment":[{"href":"https:\/\/skaitytaknyga.lt\/en\/wp-json\/wp\/v2\/media?parent=16818"}],"wp:term":[{"taxonomy":"product_brand","embeddable":true,"href":"https:\/\/skaitytaknyga.lt\/en\/wp-json\/wp\/v2\/product_brand?post=16818"},{"taxonomy":"product_cat","embeddable":true,"href":"https:\/\/skaitytaknyga.lt\/en\/wp-json\/wp\/v2\/product_cat?post=16818"},{"taxonomy":"product_tag","embeddable":true,"href":"https:\/\/skaitytaknyga.lt\/en\/wp-json\/wp\/v2\/product_tag?post=16818"}],"curies":[{"name":"wp","href":"https:\/\/api.w.org\/{rel}","templated":true}]}}