{"id":16814,"date":"2025-02-12T10:27:19","date_gmt":"2025-02-12T08:27:19","guid":{"rendered":"https:\/\/skaitytaknyga.lt\/?post_type=product&#038;p=16814"},"modified":"2025-07-02T21:41:48","modified_gmt":"2025-07-02T18:41:48","slug":"vilniaus-maldos-namai","status":"publish","type":"product","link":"https:\/\/skaitytaknyga.lt\/en\/produktas\/vilniaus-maldos-namai\/","title":{"rendered":"Vilniaus maldos namai"},"content":{"rendered":"<div><em>&#8220;Per ilgus \u0161imtme\u010dius Vilniaus miestas daug kart\u0173 buvo griaunamas, deginamas, naikinamas \u012fvairi\u0173 u\u017ekariautoj\u0173, gaisr\u0173, mar\u0173, ta\u010diau kiekvien\u0105 kart\u0105 v\u0117l kildavo i\u0161 pelen\u0173 ir su naujos, to laiko architekt\u016bros bruo\u017eais nu\u0161visdavo dar gra\u017eiau ir \u012fvairiau. Vilniuje ne tik kilo ba\u017eny\u010di\u0173 bok\u0161tai, bet ir pats miestas i\u0161 Neries ir Vilnel\u0117s sl\u0117nio u\u017elipo ant kalv\u0173 ir nusidriek\u0117 toli \u012f \u0161iaur\u0119 bei vakarus.<\/em><\/div>\n<p>&nbsp;<\/p>\n<div><em>Vis d\u0117lto nauj\u0173j\u0173 statyb\u0173 auk\u0161tuminiai namai nenustelb\u0117 Senamies\u010dio ba\u017eny\u010di\u0173 ansamblio. Juk tai &#8211; gra\u017eiausia panorama, ar \u017evelgtum nuo Gedimino kalno, ar nuo Karolini\u0161ki\u0173 kalv\u0173.<\/em><\/div>\n<p>&nbsp;<\/p>\n<div><em>Nuo vaikyst\u0117s pamil\u0119s Vilniaus senamiest\u012f, nutariau nuotraukomis \u012fam\u017einti dar esamas \u0161ventoves, i\u0161 \u012fvairi\u0173 \u0161altini\u0173 surinkti j\u0173 trump\u0105 apra\u0161ym\u0105.<\/em><\/div>\n<p>&nbsp;<\/p>\n<div><em>\u0160\u012f album\u0117l\u012f skiriu paprastam skaitytojui kaip pa\u017eintin\u0119 med\u017eiag\u0105 apie Vilniaus ba\u017eny\u010dias ir kitas \u0161ventyklas.<\/em><\/div>\n<p>&nbsp;<\/p>\n<div><em>\u0160iuo metu yra:<\/em><\/div>\n<p>&nbsp;<\/p>\n<div><em>Katalik\u0173 ba\u017eny\u010di\u0173 ir koply\u010di\u0173: veikian\u010di\u0173 &#8211; 30; dar u\u017edaryt\u0173 &#8211; 9.<\/em><\/div>\n<p>&nbsp;<\/p>\n<div><em>Cerkvi\u0173: veikian\u010di\u0173 &#8211; 10; dar u\u017edaryt\u0173 &#8211; 4.<\/em><\/div>\n<p>&nbsp;<\/p>\n<div><em>Kit\u0173 religij\u0173 ba\u017eny\u010di\u0173 ir maldos nam\u0173 &#8211; 9.<\/em><\/div>\n<p>&nbsp;<\/p>\n<div><em>U\u017e param\u0105 ir organizacin\u012f darb\u0105, leid\u017eiant knyg\u0105 esu labai d\u0117kingas Giedriui, Rimantui, Birutei \u0160iaudiniams, Danutei, Mindaugui ir Algiui Bilkiams, Skaidrei Dervinienei, Antanui Panavui, \u201eDiemed\u017eio&#8221; leidyklai, visiems par\u0117musiems, patarusiems, suteikusiems \u012fvairios informacijos.<\/em><\/div>\n<p>&nbsp;<\/p>\n<div><em>Pra\u0161om atleisti, jei rasite netikslum\u0173.&#8221;<\/em><\/div>\n","protected":false},"excerpt":{"rendered":"<p>&#8220;Per ilgus \u0161imtme\u010dius Vilniaus miestas daug kart\u0173 buvo griaunamas, deginamas, naikinamas \u012fvairi\u0173 u\u017ekariautoj\u0173, gaisr\u0173, mar\u0173, ta\u010diau kiekvien\u0105 kart\u0105 v\u0117l kildavo i\u0161 pelen\u0173 ir su naujos, to laiko architekt\u016bros bruo\u017eais nu\u0161visdavo dar gra\u017eiau ir \u012fvairiau. Vilniuje ne tik kilo ba\u017eny\u010di\u0173 bok\u0161tai, bet ir pats miestas i\u0161 Neries ir Vilnel\u0117s sl\u0117nio u\u017elipo ant kalv\u0173 ir nusidriek\u0117 toli \u012f \u0161iaur\u0119 bei vakarus. &nbsp; Vis d\u0117lto nauj\u0173j\u0173 statyb\u0173 auk\u0161tuminiai namai nenustelb\u0117 Senamies\u010dio ba\u017eny\u010di\u0173 ansamblio. Juk tai &#8211; gra\u017eiausia panorama, ar \u017evelgtum nuo Gedimino kalno, ar nuo Karolini\u0161ki\u0173 kalv\u0173. &nbsp; Nuo vaikyst\u0117s pamil\u0119s Vilniaus senamiest\u012f, nutariau nuotraukomis \u012fam\u017einti dar esamas \u0161ventoves, i\u0161 \u012fvairi\u0173 \u0161altini\u0173 surinkti j\u0173 trump\u0105 apra\u0161ym\u0105. &nbsp; \u0160\u012f album\u0117l\u012f skiriu paprastam skaitytojui kaip pa\u017eintin\u0119 med\u017eiag\u0105 apie Vilniaus ba\u017eny\u010dias ir kitas \u0161ventyklas. &nbsp; \u0160iuo metu yra: &nbsp; Katalik\u0173 ba\u017eny\u010di\u0173 ir koply\u010di\u0173: veikian\u010di\u0173 &#8211; 30; dar u\u017edaryt\u0173 &#8211; 9. &nbsp; Cerkvi\u0173: veikian\u010di\u0173 &#8211; 10; dar u\u017edaryt\u0173 &#8211; 4. &nbsp; Kit\u0173 religij\u0173 ba\u017eny\u010di\u0173 ir maldos nam\u0173 &#8211; 9. &nbsp; U\u017e param\u0105 ir organizacin\u012f darb\u0105, leid\u017eiant knyg\u0105 esu labai d\u0117kingas Giedriui, Rimantui, Birutei \u0160iaudiniams, Danutei, Mindaugui ir Algiui Bilkiams, Skaidrei Dervinienei, Antanui Panavui, \u201eDiemed\u017eio&#8221; leidyklai, visiems par\u0117musiems, patarusiems, suteikusiems \u012fvairios informacijos. &nbsp; Pra\u0161om atleisti, jei rasite netikslum\u0173.&#8221;<\/p>\n","protected":false},"featured_media":16815,"comment_status":"open","ping_status":"closed","template":"","meta":{"_acf_changed":false,"site-sidebar-layout":"default","site-content-layout":"","ast-site-content-layout":"default","site-content-style":"default","site-sidebar-style":"default","ast-global-header-display":"","ast-banner-title-visibility":"","ast-main-header-display":"","ast-hfb-above-header-display":"","ast-hfb-below-header-display":"","ast-hfb-mobile-header-display":"","site-post-title":"","ast-breadcrumbs-content":"","ast-featured-img":"","footer-sml-layout":"","ast-disable-related-posts":"","theme-transparent-header-meta":"default","adv-header-id-meta":"","stick-header-meta":"","header-above-stick-meta":"","header-main-stick-meta":"","header-below-stick-meta":"","astra-migrate-meta-layouts":"set","ast-page-background-enabled":"default","ast-page-background-meta":{"desktop":{"background-color":"","background-image":"","background-repeat":"repeat","background-position":"center center","background-size":"auto","background-attachment":"scroll","background-type":"","background-media":"","overlay-type":"","overlay-color":"","overlay-opacity":"","overlay-gradient":""},"tablet":{"background-color":"","background-image":"","background-repeat":"repeat","background-position":"center center","background-size":"auto","background-attachment":"scroll","background-type":"","background-media":"","overlay-type":"","overlay-color":"","overlay-opacity":"","overlay-gradient":""},"mobile":{"background-color":"","background-image":"","background-repeat":"repeat","background-position":"center center","background-size":"auto","background-attachment":"scroll","background-type":"","background-media":"","overlay-type":"","overlay-color":"","overlay-opacity":"","overlay-gradient":""}},"ast-content-background-meta":{"desktop":{"background-color":"var(--ast-global-color-4)","background-image":"","background-repeat":"repeat","background-position":"center center","background-size":"auto","background-attachment":"scroll","background-type":"","background-media":"","overlay-type":"","overlay-color":"","overlay-opacity":"","overlay-gradient":""},"tablet":{"background-color":"var(--ast-global-color-4)","background-image":"","background-repeat":"repeat","background-position":"center center","background-size":"auto","background-attachment":"scroll","background-type":"","background-media":"","overlay-type":"","overlay-color":"","overlay-opacity":"","overlay-gradient":""},"mobile":{"background-color":"var(--ast-global-color-4)","background-image":"","background-repeat":"repeat","background-position":"center center","background-size":"auto","background-attachment":"scroll","background-type":"","background-media":"","overlay-type":"","overlay-color":"","overlay-opacity":"","overlay-gradient":""}}},"product_brand":[],"product_cat":[165,15],"product_tag":[],"class_list":{"0":"post-16814","1":"product","2":"type-product","3":"status-publish","4":"has-post-thumbnail","6":"product_cat-religija-filosofija-ir-ezoterika","7":"product_cat-uncategorized","8":"desktop-align-left","9":"tablet-align-left","10":"mobile-align-left","12":"first","13":"instock","14":"shipping-taxable","15":"purchasable","16":"product-type-simple"},"acf":[],"yoast_head":"<!-- This site is optimized with the Yoast SEO plugin v27.4 - https:\/\/yoast.com\/product\/yoast-seo-wordpress\/ -->\n<title>Vilniaus maldos namai<\/title>\n<meta name=\"description\" content=\"&quot;Per ilgus \u0161imtme\u010dius Vilniaus miestas daug kart\u0173 buvo griaunamas, deginamas, naikinamas \u012fvairi\u0173 u\u017ekariautoj\u0173, gaisr\u0173, mar\u0173, ta\u010diau kiekvien\u0105 kart\u0105 v\u0117l\" \/>\n<meta name=\"robots\" content=\"index, follow, max-snippet:-1, max-image-preview:large, max-video-preview:-1\" \/>\n<link rel=\"canonical\" href=\"https:\/\/skaitytaknyga.lt\/en\/produktas\/vilniaus-maldos-namai\/\" \/>\n<meta property=\"og:locale\" content=\"en_GB\" \/>\n<meta property=\"og:locale:alternate\" content=\"lt_LT\" \/>\n<meta property=\"og:type\" content=\"article\" \/>\n<meta property=\"og:title\" content=\"Vilniaus maldos namai\" \/>\n<meta property=\"og:description\" content=\"&quot;Per ilgus \u0161imtme\u010dius Vilniaus miestas daug kart\u0173 buvo griaunamas, deginamas, naikinamas \u012fvairi\u0173 u\u017ekariautoj\u0173, gaisr\u0173, mar\u0173, ta\u010diau kiekvien\u0105 kart\u0105 v\u0117l\" \/>\n<meta property=\"og:url\" content=\"https:\/\/skaitytaknyga.lt\/en\/produktas\/vilniaus-maldos-namai\/\" \/>\n<meta property=\"og:site_name\" content=\"Skaitytaknyga\" \/>\n<meta property=\"article:publisher\" content=\"https:\/\/www.facebook.com\/skaitytaknyga\/\" \/>\n<meta property=\"article:modified_time\" content=\"2025-07-02T18:41:48+00:00\" \/>\n<meta property=\"og:image\" content=\"https:\/\/skaitytaknyga.lt\/wp-content\/uploads\/2025\/02\/Vilniaus-maldos-namai.jpg\" \/>\n\t<meta property=\"og:image:width\" content=\"322\" \/>\n\t<meta property=\"og:image:height\" content=\"450\" \/>\n\t<meta property=\"og:image:type\" content=\"image\/jpeg\" \/>\n<meta name=\"twitter:card\" content=\"summary_large_image\" \/>\n<meta name=\"twitter:label1\" content=\"Estimated reading time\" \/>\n\t<meta name=\"twitter:data1\" content=\"2 minutes\" \/>\n<script type=\"application\/ld+json\" class=\"yoast-schema-graph\">{\"@context\":\"https:\\\/\\\/schema.org\",\"@graph\":[{\"@type\":\"WebPage\",\"@id\":\"https:\\\/\\\/skaitytaknyga.lt\\\/produktas\\\/vilniaus-maldos-namai\\\/\",\"url\":\"https:\\\/\\\/skaitytaknyga.lt\\\/produktas\\\/vilniaus-maldos-namai\\\/\",\"name\":\"Vilniaus maldos namai\",\"isPartOf\":{\"@id\":\"https:\\\/\\\/skaitytaknyga.lt\\\/#website\"},\"primaryImageOfPage\":{\"@id\":\"https:\\\/\\\/skaitytaknyga.lt\\\/produktas\\\/vilniaus-maldos-namai\\\/#primaryimage\"},\"image\":{\"@id\":\"https:\\\/\\\/skaitytaknyga.lt\\\/produktas\\\/vilniaus-maldos-namai\\\/#primaryimage\"},\"thumbnailUrl\":\"https:\\\/\\\/skaitytaknyga.lt\\\/wp-content\\\/uploads\\\/2025\\\/02\\\/Vilniaus-maldos-namai.jpg\",\"datePublished\":\"2025-02-12T08:27:19+00:00\",\"dateModified\":\"2025-07-02T18:41:48+00:00\",\"description\":\"\\\"Per ilgus \u0161imtme\u010dius Vilniaus miestas daug kart\u0173 buvo griaunamas, deginamas, naikinamas \u012fvairi\u0173 u\u017ekariautoj\u0173, gaisr\u0173, mar\u0173, ta\u010diau kiekvien\u0105 kart\u0105 v\u0117l\",\"breadcrumb\":{\"@id\":\"https:\\\/\\\/skaitytaknyga.lt\\\/produktas\\\/vilniaus-maldos-namai\\\/#breadcrumb\"},\"inLanguage\":\"en-GB\",\"potentialAction\":[{\"@type\":\"ReadAction\",\"target\":[\"https:\\\/\\\/skaitytaknyga.lt\\\/produktas\\\/vilniaus-maldos-namai\\\/\"]}]},{\"@type\":\"ImageObject\",\"inLanguage\":\"en-GB\",\"@id\":\"https:\\\/\\\/skaitytaknyga.lt\\\/produktas\\\/vilniaus-maldos-namai\\\/#primaryimage\",\"url\":\"https:\\\/\\\/skaitytaknyga.lt\\\/wp-content\\\/uploads\\\/2025\\\/02\\\/Vilniaus-maldos-namai.jpg\",\"contentUrl\":\"https:\\\/\\\/skaitytaknyga.lt\\\/wp-content\\\/uploads\\\/2025\\\/02\\\/Vilniaus-maldos-namai.jpg\",\"width\":322,\"height\":450,\"caption\":\"Vilniaus maldos namai\"},{\"@type\":\"BreadcrumbList\",\"@id\":\"https:\\\/\\\/skaitytaknyga.lt\\\/produktas\\\/vilniaus-maldos-namai\\\/#breadcrumb\",\"itemListElement\":[{\"@type\":\"ListItem\",\"position\":1,\"name\":\"Home\",\"item\":\"https:\\\/\\\/skaitytaknyga.lt\\\/\"},{\"@type\":\"ListItem\",\"position\":2,\"name\":\"Parduotuv\u0117\",\"item\":\"https:\\\/\\\/skaitytaknyga.lt\\\/knygu-parduotuve\\\/\"},{\"@type\":\"ListItem\",\"position\":3,\"name\":\"Vilniaus maldos namai\"}]},{\"@type\":\"WebSite\",\"@id\":\"https:\\\/\\\/skaitytaknyga.lt\\\/#website\",\"url\":\"https:\\\/\\\/skaitytaknyga.lt\\\/\",\"name\":\"skaitytaknyga.lt\",\"description\":\"Skaitytaknyga.lt \u2013 tai ma\u017eas \u0161eimos verslas, kuris prasid\u0117jo nuo meil\u0117s knygoms ir siekio i\u0161gelb\u0117ti knygas nuo likimo prie konteinerio. Kas vienam nereikalingas daiktas \u2013 kitam lobis, o mes esame tarpininkai, kurie padeda abiems tapti laimingesniems ???? \u017dinome kaip nelengva i\u0161gyventi ma\u017eiems verslams, tad nuo \u0161iol, \u010dia rasite ir kit\u0173, ma\u017e\u0173 \u0161eim\u0173 versl\u0173, rank\u0173 darbo, dovan\u0173 sau ir artimiesiems.\",\"publisher\":{\"@id\":\"https:\\\/\\\/skaitytaknyga.lt\\\/#organization\"},\"potentialAction\":[{\"@type\":\"SearchAction\",\"target\":{\"@type\":\"EntryPoint\",\"urlTemplate\":\"https:\\\/\\\/skaitytaknyga.lt\\\/?s={search_term_string}\"},\"query-input\":{\"@type\":\"PropertyValueSpecification\",\"valueRequired\":true,\"valueName\":\"search_term_string\"}}],\"inLanguage\":\"en-GB\"},{\"@type\":\"Organization\",\"@id\":\"https:\\\/\\\/skaitytaknyga.lt\\\/#organization\",\"name\":\"skaitytaknyga.lt\",\"url\":\"https:\\\/\\\/skaitytaknyga.lt\\\/\",\"logo\":{\"@type\":\"ImageObject\",\"inLanguage\":\"en-GB\",\"@id\":\"https:\\\/\\\/skaitytaknyga.lt\\\/#\\\/schema\\\/logo\\\/image\\\/\",\"url\":\"https:\\\/\\\/skaitytaknyga.lt\\\/wp-content\\\/uploads\\\/2024\\\/05\\\/cropped-cropped-cropped-02_00843_jt3bggkj1j3HLc7SyY6rEUpg.jpeg\",\"contentUrl\":\"https:\\\/\\\/skaitytaknyga.lt\\\/wp-content\\\/uploads\\\/2024\\\/05\\\/cropped-cropped-cropped-02_00843_jt3bggkj1j3HLc7SyY6rEUpg.jpeg\",\"width\":1600,\"height\":1600,\"caption\":\"skaitytaknyga.lt\"},\"image\":{\"@id\":\"https:\\\/\\\/skaitytaknyga.lt\\\/#\\\/schema\\\/logo\\\/image\\\/\"},\"sameAs\":[\"https:\\\/\\\/www.facebook.com\\\/skaitytaknyga\\\/\"]}]}<\/script>\n<!-- \/ Yoast SEO plugin. -->","yoast_head_json":{"title":"Vilniaus maldos namai","description":"\"Per ilgus \u0161imtme\u010dius Vilniaus miestas daug kart\u0173 buvo griaunamas, deginamas, naikinamas \u012fvairi\u0173 u\u017ekariautoj\u0173, gaisr\u0173, mar\u0173, ta\u010diau kiekvien\u0105 kart\u0105 v\u0117l","robots":{"index":"index","follow":"follow","max-snippet":"max-snippet:-1","max-image-preview":"max-image-preview:large","max-video-preview":"max-video-preview:-1"},"canonical":"https:\/\/skaitytaknyga.lt\/en\/produktas\/vilniaus-maldos-namai\/","og_locale":"en_GB","og_type":"article","og_title":"[:lt]Vilniaus maldos namai[:] - Skaitytaknyga","og_description":"\"Per ilgus \u0161imtme\u010dius Vilniaus miestas daug kart\u0173 buvo griaunamas, deginamas, naikinamas \u012fvairi\u0173 u\u017ekariautoj\u0173, gaisr\u0173, mar\u0173, ta\u010diau kiekvien\u0105 kart\u0105 v\u0117l","og_url":"https:\/\/skaitytaknyga.lt\/en\/produktas\/vilniaus-maldos-namai\/","og_site_name":"Skaitytaknyga","article_publisher":"https:\/\/www.facebook.com\/skaitytaknyga\/","article_modified_time":"2025-07-02T18:41:48+00:00","og_image":[{"width":322,"height":450,"url":"https:\/\/skaitytaknyga.lt\/wp-content\/uploads\/2025\/02\/Vilniaus-maldos-namai.jpg","type":"image\/jpeg"}],"twitter_card":"summary_large_image","twitter_misc":{"Estimated reading time":"2 minutes"},"schema":{"@context":"https:\/\/schema.org","@graph":[{"@type":"WebPage","@id":"https:\/\/skaitytaknyga.lt\/produktas\/vilniaus-maldos-namai\/","url":"https:\/\/skaitytaknyga.lt\/produktas\/vilniaus-maldos-namai\/","name":"Vilniaus maldos namai","isPartOf":{"@id":"https:\/\/skaitytaknyga.lt\/#website"},"primaryImageOfPage":{"@id":"https:\/\/skaitytaknyga.lt\/produktas\/vilniaus-maldos-namai\/#primaryimage"},"image":{"@id":"https:\/\/skaitytaknyga.lt\/produktas\/vilniaus-maldos-namai\/#primaryimage"},"thumbnailUrl":"https:\/\/skaitytaknyga.lt\/wp-content\/uploads\/2025\/02\/Vilniaus-maldos-namai.jpg","datePublished":"2025-02-12T08:27:19+00:00","dateModified":"2025-07-02T18:41:48+00:00","description":"\"Per ilgus \u0161imtme\u010dius Vilniaus miestas daug kart\u0173 buvo griaunamas, deginamas, naikinamas \u012fvairi\u0173 u\u017ekariautoj\u0173, gaisr\u0173, mar\u0173, ta\u010diau kiekvien\u0105 kart\u0105 v\u0117l","breadcrumb":{"@id":"https:\/\/skaitytaknyga.lt\/produktas\/vilniaus-maldos-namai\/#breadcrumb"},"inLanguage":"en-GB","potentialAction":[{"@type":"ReadAction","target":["https:\/\/skaitytaknyga.lt\/produktas\/vilniaus-maldos-namai\/"]}]},{"@type":"ImageObject","inLanguage":"en-GB","@id":"https:\/\/skaitytaknyga.lt\/produktas\/vilniaus-maldos-namai\/#primaryimage","url":"https:\/\/skaitytaknyga.lt\/wp-content\/uploads\/2025\/02\/Vilniaus-maldos-namai.jpg","contentUrl":"https:\/\/skaitytaknyga.lt\/wp-content\/uploads\/2025\/02\/Vilniaus-maldos-namai.jpg","width":322,"height":450,"caption":"Vilniaus maldos namai"},{"@type":"BreadcrumbList","@id":"https:\/\/skaitytaknyga.lt\/produktas\/vilniaus-maldos-namai\/#breadcrumb","itemListElement":[{"@type":"ListItem","position":1,"name":"Home","item":"https:\/\/skaitytaknyga.lt\/"},{"@type":"ListItem","position":2,"name":"Parduotuv\u0117","item":"https:\/\/skaitytaknyga.lt\/knygu-parduotuve\/"},{"@type":"ListItem","position":3,"name":"Vilniaus maldos namai"}]},{"@type":"WebSite","@id":"https:\/\/skaitytaknyga.lt\/#website","url":"https:\/\/skaitytaknyga.lt\/","name":"skaitytaknyga.lt","description":"Skaitytaknyga.lt \u2013 tai ma\u017eas \u0161eimos verslas, kuris prasid\u0117jo nuo meil\u0117s knygoms ir siekio i\u0161gelb\u0117ti knygas nuo likimo prie konteinerio. Kas vienam nereikalingas daiktas \u2013 kitam lobis, o mes esame tarpininkai, kurie padeda abiems tapti laimingesniems ???? \u017dinome kaip nelengva i\u0161gyventi ma\u017eiems verslams, tad nuo \u0161iol, \u010dia rasite ir kit\u0173, ma\u017e\u0173 \u0161eim\u0173 versl\u0173, rank\u0173 darbo, dovan\u0173 sau ir artimiesiems.","publisher":{"@id":"https:\/\/skaitytaknyga.lt\/#organization"},"potentialAction":[{"@type":"SearchAction","target":{"@type":"EntryPoint","urlTemplate":"https:\/\/skaitytaknyga.lt\/?s={search_term_string}"},"query-input":{"@type":"PropertyValueSpecification","valueRequired":true,"valueName":"search_term_string"}}],"inLanguage":"en-GB"},{"@type":"Organization","@id":"https:\/\/skaitytaknyga.lt\/#organization","name":"skaitytaknyga.lt","url":"https:\/\/skaitytaknyga.lt\/","logo":{"@type":"ImageObject","inLanguage":"en-GB","@id":"https:\/\/skaitytaknyga.lt\/#\/schema\/logo\/image\/","url":"https:\/\/skaitytaknyga.lt\/wp-content\/uploads\/2024\/05\/cropped-cropped-cropped-02_00843_jt3bggkj1j3HLc7SyY6rEUpg.jpeg","contentUrl":"https:\/\/skaitytaknyga.lt\/wp-content\/uploads\/2024\/05\/cropped-cropped-cropped-02_00843_jt3bggkj1j3HLc7SyY6rEUpg.jpeg","width":1600,"height":1600,"caption":"skaitytaknyga.lt"},"image":{"@id":"https:\/\/skaitytaknyga.lt\/#\/schema\/logo\/image\/"},"sameAs":["https:\/\/www.facebook.com\/skaitytaknyga\/"]}]}},"_links":{"self":[{"href":"https:\/\/skaitytaknyga.lt\/en\/wp-json\/wp\/v2\/product\/16814","targetHints":{"allow":["GET"]}}],"collection":[{"href":"https:\/\/skaitytaknyga.lt\/en\/wp-json\/wp\/v2\/product"}],"about":[{"href":"https:\/\/skaitytaknyga.lt\/en\/wp-json\/wp\/v2\/types\/product"}],"replies":[{"embeddable":true,"href":"https:\/\/skaitytaknyga.lt\/en\/wp-json\/wp\/v2\/comments?post=16814"}],"wp:featuredmedia":[{"embeddable":true,"href":"https:\/\/skaitytaknyga.lt\/en\/wp-json\/wp\/v2\/media\/16815"}],"wp:attachment":[{"href":"https:\/\/skaitytaknyga.lt\/en\/wp-json\/wp\/v2\/media?parent=16814"}],"wp:term":[{"taxonomy":"product_brand","embeddable":true,"href":"https:\/\/skaitytaknyga.lt\/en\/wp-json\/wp\/v2\/product_brand?post=16814"},{"taxonomy":"product_cat","embeddable":true,"href":"https:\/\/skaitytaknyga.lt\/en\/wp-json\/wp\/v2\/product_cat?post=16814"},{"taxonomy":"product_tag","embeddable":true,"href":"https:\/\/skaitytaknyga.lt\/en\/wp-json\/wp\/v2\/product_tag?post=16814"}],"curies":[{"name":"wp","href":"https:\/\/api.w.org\/{rel}","templated":true}]}}