{"id":16812,"date":"2025-02-12T10:25:16","date_gmt":"2025-02-12T08:25:16","guid":{"rendered":"https:\/\/skaitytaknyga.lt\/?post_type=product&#038;p=16812"},"modified":"2026-03-18T13:14:45","modified_gmt":"2026-03-18T11:14:45","slug":"fitoterapija-akuserijoje-ir-ginekologijoje","status":"publish","type":"product","link":"https:\/\/skaitytaknyga.lt\/en\/produktas\/fitoterapija-akuserijoje-ir-ginekologijoje\/","title":{"rendered":"Fitoterapija aku\u0161erijoje ir ginekologijoje"},"content":{"rendered":"<p>Leidinyje pla\u010diau i\u0161d\u0117stomos \u0161iandienin\u0117s galimyb\u0117s pasitelkiant fitoterapij\u0105 i\u0161vengti da\u017enai pasitaikan\u010di\u0173 m\u0117nesini\u0173 ciklo sutrikim\u0173, palengvinti kai kuriuos n\u0117\u0161\u010di\u0173j\u0173 , taip pat klimakterinio laikotarpio negalavimus. Estrogen\u0173 turintys augaliniai preparatai gali b\u016bti saugi ir nat\u016brali alternatyva pakaitinei hormon\u0173 terapijai, jei jos atsisakoma d\u0117l \u012fvairi\u0173 prie\u017eas\u010di\u0173, ypa\u010d vyresniame am\u017eiuje. Medicinos praktikoje augaliniai preparatai, pasi\u017eymintys hormoniniu poveikiu, nelabai da\u017enai naudojami. Taip yra d\u0117l menko j\u0173 pasirinkimo, nepakankamos klinikin\u0117s praktikos ir dalies gydytoj\u0173 i\u0161ankstini\u0173 abejoni\u0173 d\u0117l negreito j\u0173 gydomojo efekto, nors visuomen\u0117 tuo nelabai domisi.<\/p>\n<p>Visais gyvenimo atvejais b\u016btinas saikingumas. Tai galima pritaikyti ir fitoterapijoje.<\/p>\n<p>\u0160is leidinys skiriamas \u0161eimos gydytojams, aku\u0161eriams ginekologams ir visiems, besidomintiems \u0161ios srities fitoterapija.<\/p>\n<ul class=\"about-product d-none d-xl-block mt-4\">\n<li><strong>Autorius:<\/strong>\u00a0Regina Mekien\u0117,\u00a0Rima Ruzgien\u0117<\/li>\n<li><strong>Metai:<\/strong>\u00a02005<\/li>\n<li><strong>Puslapiai:<\/strong>\u00a0255<\/li>\n<li class=\"toggleable type-new-formats \"><strong>ISBN:<\/strong>\u00a09789955685036<\/li>\n<li class=\"toggleable type-new-formats \"><strong>Formatas:<\/strong>\u00a015 x 23 x 1,5 cm, mink\u0161ti vir\u0161eliai<\/li>\n<li><strong>Kalba:<\/strong>\u00a0Lietuvi\u0173<\/li>\n<\/ul>\n","protected":false},"excerpt":{"rendered":"<p>Leidinyje pla\u010diau i\u0161d\u0117stomos \u0161iandienin\u0117s galimyb\u0117s pasitelkiant fitoterapij\u0105 i\u0161vengti da\u017enai pasitaikan\u010di\u0173 m\u0117nesini\u0173 ciklo sutrikim\u0173, palengvinti kai kuriuos n\u0117\u0161\u010di\u0173j\u0173 , taip pat klimakterinio laikotarpio negalavimus. Estrogen\u0173 turintys augaliniai preparatai gali b\u016bti saugi ir nat\u016brali alternatyva pakaitinei hormon\u0173 terapijai, jei jos atsisakoma d\u0117l \u012fvairi\u0173 prie\u017eas\u010di\u0173, ypa\u010d vyresniame am\u017eiuje. Medicinos praktikoje augaliniai preparatai, pasi\u017eymintys hormoniniu poveikiu, nelabai da\u017enai naudojami. Taip yra d\u0117l menko j\u0173 pasirinkimo, nepakankamos klinikin\u0117s praktikos ir dalies gydytoj\u0173 i\u0161ankstini\u0173 abejoni\u0173 d\u0117l negreito j\u0173 gydomojo efekto, nors visuomen\u0117 tuo nelabai domisi. Visais gyvenimo atvejais b\u016btinas saikingumas. Tai galima pritaikyti ir fitoterapijoje. \u0160is leidinys skiriamas \u0161eimos gydytojams, aku\u0161eriams ginekologams ir visiems, besidomintiems \u0161ios srities fitoterapija. Autorius:\u00a0Regina Mekien\u0117,\u00a0Rima Ruzgien\u0117 Metai:\u00a02005 Puslapiai:\u00a0255 ISBN:\u00a09789955685036 Formatas:\u00a015 x 23 x 1,5 cm, mink\u0161ti vir\u0161eliai Kalba:\u00a0Lietuvi\u0173<\/p>\n","protected":false},"featured_media":16813,"comment_status":"open","ping_status":"closed","template":"","meta":{"_acf_changed":false,"site-sidebar-layout":"default","site-content-layout":"","ast-site-content-layout":"default","site-content-style":"default","site-sidebar-style":"default","ast-global-header-display":"","ast-banner-title-visibility":"","ast-main-header-display":"","ast-hfb-above-header-display":"","ast-hfb-below-header-display":"","ast-hfb-mobile-header-display":"","site-post-title":"","ast-breadcrumbs-content":"","ast-featured-img":"","footer-sml-layout":"","ast-disable-related-posts":"","theme-transparent-header-meta":"default","adv-header-id-meta":"","stick-header-meta":"","header-above-stick-meta":"","header-main-stick-meta":"","header-below-stick-meta":"","astra-migrate-meta-layouts":"set","ast-page-background-enabled":"default","ast-page-background-meta":{"desktop":{"background-color":"","background-image":"","background-repeat":"repeat","background-position":"center center","background-size":"auto","background-attachment":"scroll","background-type":"","background-media":"","overlay-type":"","overlay-color":"","overlay-opacity":"","overlay-gradient":""},"tablet":{"background-color":"","background-image":"","background-repeat":"repeat","background-position":"center center","background-size":"auto","background-attachment":"scroll","background-type":"","background-media":"","overlay-type":"","overlay-color":"","overlay-opacity":"","overlay-gradient":""},"mobile":{"background-color":"","background-image":"","background-repeat":"repeat","background-position":"center center","background-size":"auto","background-attachment":"scroll","background-type":"","background-media":"","overlay-type":"","overlay-color":"","overlay-opacity":"","overlay-gradient":""}},"ast-content-background-meta":{"desktop":{"background-color":"var(--ast-global-color-4)","background-image":"","background-repeat":"repeat","background-position":"center center","background-size":"auto","background-attachment":"scroll","background-type":"","background-media":"","overlay-type":"","overlay-color":"","overlay-opacity":"","overlay-gradient":""},"tablet":{"background-color":"var(--ast-global-color-4)","background-image":"","background-repeat":"repeat","background-position":"center center","background-size":"auto","background-attachment":"scroll","background-type":"","background-media":"","overlay-type":"","overlay-color":"","overlay-opacity":"","overlay-gradient":""},"mobile":{"background-color":"var(--ast-global-color-4)","background-image":"","background-repeat":"repeat","background-position":"center center","background-size":"auto","background-attachment":"scroll","background-type":"","background-media":"","overlay-type":"","overlay-color":"","overlay-opacity":"","overlay-gradient":""}}},"product_brand":[],"product_cat":[9854,55],"product_tag":[],"class_list":{"0":"post-16812","1":"product","2":"type-product","3":"status-publish","4":"has-post-thumbnail","6":"product_cat-medicina","7":"product_cat-sveikata-ir-sveika-mityba","8":"desktop-align-left","9":"tablet-align-left","10":"mobile-align-left","12":"first","13":"instock","14":"shipping-taxable","15":"purchasable","16":"product-type-simple"},"acf":[],"yoast_head":"<!-- This site is optimized with the Yoast SEO plugin v27.0 - https:\/\/yoast.com\/product\/yoast-seo-wordpress\/ -->\n<title>Fitoterapija aku\u0161erijoje ir ginekologijoje<\/title>\n<meta name=\"description\" content=\"Leidinyje pla\u010diau i\u0161d\u0117stomos \u0161iandienin\u0117s galimyb\u0117s pasitelkiant fitoterapij\u0105 i\u0161vengti da\u017enai pasitaikan\u010di\u0173 m\u0117nesini\u0173 ciklo sutrikim\u0173, palengvinti kai\" \/>\n<meta name=\"robots\" content=\"index, follow, max-snippet:-1, max-image-preview:large, max-video-preview:-1\" \/>\n<link rel=\"canonical\" href=\"https:\/\/skaitytaknyga.lt\/en\/produktas\/fitoterapija-akuserijoje-ir-ginekologijoje\/\" \/>\n<meta property=\"og:locale\" content=\"en_GB\" \/>\n<meta property=\"og:locale:alternate\" content=\"lt_LT\" \/>\n<meta property=\"og:type\" content=\"article\" \/>\n<meta property=\"og:title\" content=\"Fitoterapija aku\u0161erijoje ir ginekologijoje\" \/>\n<meta property=\"og:description\" content=\"Leidinyje pla\u010diau i\u0161d\u0117stomos \u0161iandienin\u0117s galimyb\u0117s pasitelkiant fitoterapij\u0105 i\u0161vengti da\u017enai pasitaikan\u010di\u0173 m\u0117nesini\u0173 ciklo sutrikim\u0173, palengvinti kai\" \/>\n<meta property=\"og:url\" content=\"https:\/\/skaitytaknyga.lt\/en\/produktas\/fitoterapija-akuserijoje-ir-ginekologijoje\/\" \/>\n<meta property=\"og:site_name\" content=\"Skaitytaknyga\" \/>\n<meta property=\"article:publisher\" content=\"https:\/\/www.facebook.com\/skaitytaknyga\/\" \/>\n<meta property=\"article:modified_time\" content=\"2026-03-18T11:14:45+00:00\" \/>\n<meta property=\"og:image\" content=\"https:\/\/skaitytaknyga.lt\/wp-content\/uploads\/2025\/02\/Fitoterapija-akuserijoje-ir-ginekologijoje.webp\" \/>\n\t<meta property=\"og:image:width\" content=\"569\" \/>\n\t<meta property=\"og:image:height\" content=\"800\" \/>\n\t<meta property=\"og:image:type\" content=\"image\/webp\" \/>\n<meta name=\"twitter:card\" content=\"summary_large_image\" \/>\n<meta name=\"twitter:label1\" content=\"Estimated reading time\" \/>\n\t<meta name=\"twitter:data1\" content=\"1 minute\" \/>\n<script type=\"application\/ld+json\" class=\"yoast-schema-graph\">{\"@context\":\"https:\/\/schema.org\",\"@graph\":[{\"@type\":\"WebPage\",\"@id\":\"https:\/\/skaitytaknyga.lt\/produktas\/fitoterapija-akuserijoje-ir-ginekologijoje\/\",\"url\":\"https:\/\/skaitytaknyga.lt\/produktas\/fitoterapija-akuserijoje-ir-ginekologijoje\/\",\"name\":\"Fitoterapija aku\u0161erijoje ir ginekologijoje\",\"isPartOf\":{\"@id\":\"https:\/\/skaitytaknyga.lt\/#website\"},\"primaryImageOfPage\":{\"@id\":\"https:\/\/skaitytaknyga.lt\/produktas\/fitoterapija-akuserijoje-ir-ginekologijoje\/#primaryimage\"},\"image\":{\"@id\":\"https:\/\/skaitytaknyga.lt\/produktas\/fitoterapija-akuserijoje-ir-ginekologijoje\/#primaryimage\"},\"thumbnailUrl\":\"https:\/\/skaitytaknyga.lt\/wp-content\/uploads\/2025\/02\/Fitoterapija-akuserijoje-ir-ginekologijoje.webp\",\"datePublished\":\"2025-02-12T08:25:16+00:00\",\"dateModified\":\"2026-03-18T11:14:45+00:00\",\"description\":\"Leidinyje pla\u010diau i\u0161d\u0117stomos \u0161iandienin\u0117s galimyb\u0117s pasitelkiant fitoterapij\u0105 i\u0161vengti da\u017enai pasitaikan\u010di\u0173 m\u0117nesini\u0173 ciklo sutrikim\u0173, palengvinti kai\",\"breadcrumb\":{\"@id\":\"https:\/\/skaitytaknyga.lt\/produktas\/fitoterapija-akuserijoje-ir-ginekologijoje\/#breadcrumb\"},\"inLanguage\":\"en-GB\",\"potentialAction\":[{\"@type\":\"ReadAction\",\"target\":[\"https:\/\/skaitytaknyga.lt\/produktas\/fitoterapija-akuserijoje-ir-ginekologijoje\/\"]}]},{\"@type\":\"ImageObject\",\"inLanguage\":\"en-GB\",\"@id\":\"https:\/\/skaitytaknyga.lt\/produktas\/fitoterapija-akuserijoje-ir-ginekologijoje\/#primaryimage\",\"url\":\"https:\/\/skaitytaknyga.lt\/wp-content\/uploads\/2025\/02\/Fitoterapija-akuserijoje-ir-ginekologijoje.webp\",\"contentUrl\":\"https:\/\/skaitytaknyga.lt\/wp-content\/uploads\/2025\/02\/Fitoterapija-akuserijoje-ir-ginekologijoje.webp\",\"width\":569,\"height\":800,\"caption\":\"Fitoterapija aku\u0161erijoje ir ginekologijoje\"},{\"@type\":\"BreadcrumbList\",\"@id\":\"https:\/\/skaitytaknyga.lt\/produktas\/fitoterapija-akuserijoje-ir-ginekologijoje\/#breadcrumb\",\"itemListElement\":[{\"@type\":\"ListItem\",\"position\":1,\"name\":\"Home\",\"item\":\"https:\/\/skaitytaknyga.lt\/\"},{\"@type\":\"ListItem\",\"position\":2,\"name\":\"Parduotuv\u0117\",\"item\":\"https:\/\/skaitytaknyga.lt\/knygu-parduotuve\/\"},{\"@type\":\"ListItem\",\"position\":3,\"name\":\"Fitoterapija aku\u0161erijoje ir ginekologijoje\"}]},{\"@type\":\"WebSite\",\"@id\":\"https:\/\/skaitytaknyga.lt\/#website\",\"url\":\"https:\/\/skaitytaknyga.lt\/\",\"name\":\"skaitytaknyga.lt\",\"description\":\"Skaitytaknyga.lt \u2013 tai ma\u017eas \u0161eimos verslas, kuris prasid\u0117jo nuo meil\u0117s knygoms ir siekio i\u0161gelb\u0117ti knygas nuo likimo prie konteinerio. Kas vienam nereikalingas daiktas \u2013 kitam lobis, o mes esame tarpininkai, kurie padeda abiems tapti laimingesniems ???? \u017dinome kaip nelengva i\u0161gyventi ma\u017eiems verslams, tad nuo \u0161iol, \u010dia rasite ir kit\u0173, ma\u017e\u0173 \u0161eim\u0173 versl\u0173, rank\u0173 darbo, dovan\u0173 sau ir artimiesiems.\",\"publisher\":{\"@id\":\"https:\/\/skaitytaknyga.lt\/#organization\"},\"potentialAction\":[{\"@type\":\"SearchAction\",\"target\":{\"@type\":\"EntryPoint\",\"urlTemplate\":\"https:\/\/skaitytaknyga.lt\/?s={search_term_string}\"},\"query-input\":{\"@type\":\"PropertyValueSpecification\",\"valueRequired\":true,\"valueName\":\"search_term_string\"}}],\"inLanguage\":\"en-GB\"},{\"@type\":\"Organization\",\"@id\":\"https:\/\/skaitytaknyga.lt\/#organization\",\"name\":\"skaitytaknyga.lt\",\"url\":\"https:\/\/skaitytaknyga.lt\/\",\"logo\":{\"@type\":\"ImageObject\",\"inLanguage\":\"en-GB\",\"@id\":\"https:\/\/skaitytaknyga.lt\/#\/schema\/logo\/image\/\",\"url\":\"https:\/\/skaitytaknyga.lt\/wp-content\/uploads\/2024\/05\/cropped-cropped-cropped-02_00843_jt3bggkj1j3HLc7SyY6rEUpg.jpeg\",\"contentUrl\":\"https:\/\/skaitytaknyga.lt\/wp-content\/uploads\/2024\/05\/cropped-cropped-cropped-02_00843_jt3bggkj1j3HLc7SyY6rEUpg.jpeg\",\"width\":1600,\"height\":1600,\"caption\":\"skaitytaknyga.lt\"},\"image\":{\"@id\":\"https:\/\/skaitytaknyga.lt\/#\/schema\/logo\/image\/\"},\"sameAs\":[\"https:\/\/www.facebook.com\/skaitytaknyga\/\"]}]}<\/script>\n<!-- \/ Yoast SEO plugin. -->","yoast_head_json":{"title":"Fitoterapija aku\u0161erijoje ir ginekologijoje","description":"Leidinyje pla\u010diau i\u0161d\u0117stomos \u0161iandienin\u0117s galimyb\u0117s pasitelkiant fitoterapij\u0105 i\u0161vengti da\u017enai pasitaikan\u010di\u0173 m\u0117nesini\u0173 ciklo sutrikim\u0173, palengvinti kai","robots":{"index":"index","follow":"follow","max-snippet":"max-snippet:-1","max-image-preview":"max-image-preview:large","max-video-preview":"max-video-preview:-1"},"canonical":"https:\/\/skaitytaknyga.lt\/en\/produktas\/fitoterapija-akuserijoje-ir-ginekologijoje\/","og_locale":"en_GB","og_type":"article","og_title":"[:lt]Fitoterapija aku\u0161erijoje ir ginekologijoje[:] - Skaitytaknyga","og_description":"Leidinyje pla\u010diau i\u0161d\u0117stomos \u0161iandienin\u0117s galimyb\u0117s pasitelkiant fitoterapij\u0105 i\u0161vengti da\u017enai pasitaikan\u010di\u0173 m\u0117nesini\u0173 ciklo sutrikim\u0173, palengvinti kai","og_url":"https:\/\/skaitytaknyga.lt\/en\/produktas\/fitoterapija-akuserijoje-ir-ginekologijoje\/","og_site_name":"Skaitytaknyga","article_publisher":"https:\/\/www.facebook.com\/skaitytaknyga\/","article_modified_time":"2026-03-18T11:14:45+00:00","og_image":[{"width":569,"height":800,"url":"https:\/\/skaitytaknyga.lt\/wp-content\/uploads\/2025\/02\/Fitoterapija-akuserijoje-ir-ginekologijoje.webp","type":"image\/webp"}],"twitter_card":"summary_large_image","twitter_misc":{"Estimated reading time":"1 minute"},"schema":{"@context":"https:\/\/schema.org","@graph":[{"@type":"WebPage","@id":"https:\/\/skaitytaknyga.lt\/produktas\/fitoterapija-akuserijoje-ir-ginekologijoje\/","url":"https:\/\/skaitytaknyga.lt\/produktas\/fitoterapija-akuserijoje-ir-ginekologijoje\/","name":"Fitoterapija aku\u0161erijoje ir ginekologijoje","isPartOf":{"@id":"https:\/\/skaitytaknyga.lt\/#website"},"primaryImageOfPage":{"@id":"https:\/\/skaitytaknyga.lt\/produktas\/fitoterapija-akuserijoje-ir-ginekologijoje\/#primaryimage"},"image":{"@id":"https:\/\/skaitytaknyga.lt\/produktas\/fitoterapija-akuserijoje-ir-ginekologijoje\/#primaryimage"},"thumbnailUrl":"https:\/\/skaitytaknyga.lt\/wp-content\/uploads\/2025\/02\/Fitoterapija-akuserijoje-ir-ginekologijoje.webp","datePublished":"2025-02-12T08:25:16+00:00","dateModified":"2026-03-18T11:14:45+00:00","description":"Leidinyje pla\u010diau i\u0161d\u0117stomos \u0161iandienin\u0117s galimyb\u0117s pasitelkiant fitoterapij\u0105 i\u0161vengti da\u017enai pasitaikan\u010di\u0173 m\u0117nesini\u0173 ciklo sutrikim\u0173, palengvinti kai","breadcrumb":{"@id":"https:\/\/skaitytaknyga.lt\/produktas\/fitoterapija-akuserijoje-ir-ginekologijoje\/#breadcrumb"},"inLanguage":"en-GB","potentialAction":[{"@type":"ReadAction","target":["https:\/\/skaitytaknyga.lt\/produktas\/fitoterapija-akuserijoje-ir-ginekologijoje\/"]}]},{"@type":"ImageObject","inLanguage":"en-GB","@id":"https:\/\/skaitytaknyga.lt\/produktas\/fitoterapija-akuserijoje-ir-ginekologijoje\/#primaryimage","url":"https:\/\/skaitytaknyga.lt\/wp-content\/uploads\/2025\/02\/Fitoterapija-akuserijoje-ir-ginekologijoje.webp","contentUrl":"https:\/\/skaitytaknyga.lt\/wp-content\/uploads\/2025\/02\/Fitoterapija-akuserijoje-ir-ginekologijoje.webp","width":569,"height":800,"caption":"Fitoterapija aku\u0161erijoje ir ginekologijoje"},{"@type":"BreadcrumbList","@id":"https:\/\/skaitytaknyga.lt\/produktas\/fitoterapija-akuserijoje-ir-ginekologijoje\/#breadcrumb","itemListElement":[{"@type":"ListItem","position":1,"name":"Home","item":"https:\/\/skaitytaknyga.lt\/"},{"@type":"ListItem","position":2,"name":"Parduotuv\u0117","item":"https:\/\/skaitytaknyga.lt\/knygu-parduotuve\/"},{"@type":"ListItem","position":3,"name":"Fitoterapija aku\u0161erijoje ir ginekologijoje"}]},{"@type":"WebSite","@id":"https:\/\/skaitytaknyga.lt\/#website","url":"https:\/\/skaitytaknyga.lt\/","name":"skaitytaknyga.lt","description":"Skaitytaknyga.lt \u2013 tai ma\u017eas \u0161eimos verslas, kuris prasid\u0117jo nuo meil\u0117s knygoms ir siekio i\u0161gelb\u0117ti knygas nuo likimo prie konteinerio. Kas vienam nereikalingas daiktas \u2013 kitam lobis, o mes esame tarpininkai, kurie padeda abiems tapti laimingesniems ???? \u017dinome kaip nelengva i\u0161gyventi ma\u017eiems verslams, tad nuo \u0161iol, \u010dia rasite ir kit\u0173, ma\u017e\u0173 \u0161eim\u0173 versl\u0173, rank\u0173 darbo, dovan\u0173 sau ir artimiesiems.","publisher":{"@id":"https:\/\/skaitytaknyga.lt\/#organization"},"potentialAction":[{"@type":"SearchAction","target":{"@type":"EntryPoint","urlTemplate":"https:\/\/skaitytaknyga.lt\/?s={search_term_string}"},"query-input":{"@type":"PropertyValueSpecification","valueRequired":true,"valueName":"search_term_string"}}],"inLanguage":"en-GB"},{"@type":"Organization","@id":"https:\/\/skaitytaknyga.lt\/#organization","name":"skaitytaknyga.lt","url":"https:\/\/skaitytaknyga.lt\/","logo":{"@type":"ImageObject","inLanguage":"en-GB","@id":"https:\/\/skaitytaknyga.lt\/#\/schema\/logo\/image\/","url":"https:\/\/skaitytaknyga.lt\/wp-content\/uploads\/2024\/05\/cropped-cropped-cropped-02_00843_jt3bggkj1j3HLc7SyY6rEUpg.jpeg","contentUrl":"https:\/\/skaitytaknyga.lt\/wp-content\/uploads\/2024\/05\/cropped-cropped-cropped-02_00843_jt3bggkj1j3HLc7SyY6rEUpg.jpeg","width":1600,"height":1600,"caption":"skaitytaknyga.lt"},"image":{"@id":"https:\/\/skaitytaknyga.lt\/#\/schema\/logo\/image\/"},"sameAs":["https:\/\/www.facebook.com\/skaitytaknyga\/"]}]}},"_links":{"self":[{"href":"https:\/\/skaitytaknyga.lt\/en\/wp-json\/wp\/v2\/product\/16812","targetHints":{"allow":["GET"]}}],"collection":[{"href":"https:\/\/skaitytaknyga.lt\/en\/wp-json\/wp\/v2\/product"}],"about":[{"href":"https:\/\/skaitytaknyga.lt\/en\/wp-json\/wp\/v2\/types\/product"}],"replies":[{"embeddable":true,"href":"https:\/\/skaitytaknyga.lt\/en\/wp-json\/wp\/v2\/comments?post=16812"}],"wp:featuredmedia":[{"embeddable":true,"href":"https:\/\/skaitytaknyga.lt\/en\/wp-json\/wp\/v2\/media\/16813"}],"wp:attachment":[{"href":"https:\/\/skaitytaknyga.lt\/en\/wp-json\/wp\/v2\/media?parent=16812"}],"wp:term":[{"taxonomy":"product_brand","embeddable":true,"href":"https:\/\/skaitytaknyga.lt\/en\/wp-json\/wp\/v2\/product_brand?post=16812"},{"taxonomy":"product_cat","embeddable":true,"href":"https:\/\/skaitytaknyga.lt\/en\/wp-json\/wp\/v2\/product_cat?post=16812"},{"taxonomy":"product_tag","embeddable":true,"href":"https:\/\/skaitytaknyga.lt\/en\/wp-json\/wp\/v2\/product_tag?post=16812"}],"curies":[{"name":"wp","href":"https:\/\/api.w.org\/{rel}","templated":true}]}}