{"id":16808,"date":"2025-02-12T10:11:58","date_gmt":"2025-02-12T08:11:58","guid":{"rendered":"https:\/\/skaitytaknyga.lt\/?post_type=product&#038;p=16808"},"modified":"2025-05-19T11:03:05","modified_gmt":"2025-05-19T08:03:05","slug":"paryziaus-dienorastis","status":"publish","type":"product","link":"https:\/\/skaitytaknyga.lt\/en\/produktas\/paryziaus-dienorastis\/","title":{"rendered":"Pary\u017eiaus dienora\u0161tis"},"content":{"rendered":"<p>\u0160ios informacijos n\u0117ra turistams skirtuose leidiniuose. Tai ra\u0161ytojo Jaroslavo Melniko, Pary\u017eiuje praleidusio daug laiko, dienora\u0161tis. Kas lank\u0117si Pary\u017eiuje, pa\u0117m\u0119s \u012f rankas \u0161i\u0105 knyg\u0105, tarsi sugr\u012f\u0161 atgal. Kas nesilank\u0117 \u2013 pavie\u0161\u0117s jame drauge su autoriumi.<\/p>\n<p>Ra\u0161ytojas tikisi \u012fmin\u0119s bent dal\u012f Pary\u017eiaus magijos ir pranc\u016bz\u0173 laim\u0117s paslap\u010di\u0173 ir savo atradimais dalinasi su skaitytojais.<\/p>\n<p><strong>Jaroslavas Melnikas<\/strong>\u00a0\u2013 ra\u0161ytojas, literat\u016bros kritikas, filosofas. Jo knygos, i\u0161leistos Lietuvoje ir u\u017e jos rib\u0173, sulauk\u0117 ger\u0173 lietuvi\u0173 ir u\u017esienio kritik\u0173 atsiliepim\u0173. Romanas \u201e<em>Les Parias d\u2019Eden\u201c<\/em><em>\u00a0<\/em>(\u201eI\u0161guitieji i\u0161 Edeno\u201c) pasirod\u0117 pranc\u016bz\u0173 kalba vienoje did\u017eiausi\u0173 Pranc\u016bzijos leidykl\u0173. Dirbo\u00a0<em>Laimos<\/em>\u00a0ir\u00a0<em>Moters<\/em>\u00a0redakcijose, ilgai bendradarbiavo su pranc\u016bz\u0173 \u017eurnalu\u00a0<em>ELLE<\/em>.<\/p>\n<p>Lietuvos ra\u0161ytoj\u0173 s\u0105jungos narys nuo 1989 met\u0173.<\/p>\n<p>Ra\u0161ytojo k\u016bryba versta \u012f angl\u0173, pranc\u016bz\u0173, vokie\u010di\u0173, ital\u0173, rus\u0173, ukrainie\u010di\u0173, rumun\u0173, kroat\u0173 ir kt. kalbas.<\/p>\n<ul class=\"about-product d-none d-xl-block mt-4\">\n<li><strong>Autorius:<\/strong>\u00a0Jaroslavas Melnikas<\/li>\n<li><strong>Leid\u0117jas:<\/strong>\u00a0Alma littera<\/li>\n<li><strong>Metai:<\/strong>\u00a02013<\/li>\n<li><strong>Puslapiai:<\/strong>\u00a0176<\/li>\n<li class=\"toggleable type-new-formats \"><strong>ISBN:<\/strong>\u00a09786090108154<\/li>\n<li><strong>Versijos kodas:<\/strong>\u00a0PT.<\/li>\n<li class=\"toggleable type-new-formats \"><strong>Formatas:<\/strong>\u00a014,5 x 21 cm, mink\u0161ti vir\u0161eliai<\/li>\n<li><strong>Kalba:<\/strong>\u00a0Lietuvi\u0173<\/li>\n<\/ul>\n","protected":false},"excerpt":{"rendered":"<p>Klasikas romane vaizduoja apsukr\u0173 ir energing\u0105 kapitalist\u0105 Oktav\u0105 Mur\u0117, didel\u0117s Pary\u017eiaus parduotuv\u0117s savinink\u0105, negailestingai eksploatuojant\u012f smulkius prekiautojus ir savo tarnautojus.<\/p>\n<p>Kapitalistui Mur\u0117 prie\u0161pastatomi paprasti, kukl\u016bs darbuotojai &#8211; Polina, Dalo\u0161as, Deniza. Jos paveikslu ra\u0161ytojas i\u0161auk\u0161tina \u017emogi\u0161k\u0105 vert\u0119, tyrum\u0105.<\/p>\n","protected":false},"featured_media":16809,"comment_status":"closed","ping_status":"closed","template":"","meta":{"_acf_changed":false,"site-sidebar-layout":"default","site-content-layout":"","ast-site-content-layout":"default","site-content-style":"default","site-sidebar-style":"default","ast-global-header-display":"","ast-banner-title-visibility":"","ast-main-header-display":"","ast-hfb-above-header-display":"","ast-hfb-below-header-display":"","ast-hfb-mobile-header-display":"","site-post-title":"","ast-breadcrumbs-content":"","ast-featured-img":"","footer-sml-layout":"","ast-disable-related-posts":"","theme-transparent-header-meta":"default","adv-header-id-meta":"","stick-header-meta":"","header-above-stick-meta":"","header-main-stick-meta":"","header-below-stick-meta":"","astra-migrate-meta-layouts":"set","ast-page-background-enabled":"default","ast-page-background-meta":{"desktop":{"background-color":"","background-image":"","background-repeat":"repeat","background-position":"center center","background-size":"auto","background-attachment":"scroll","background-type":"","background-media":"","overlay-type":"","overlay-color":"","overlay-opacity":"","overlay-gradient":""},"tablet":{"background-color":"","background-image":"","background-repeat":"repeat","background-position":"center center","background-size":"auto","background-attachment":"scroll","background-type":"","background-media":"","overlay-type":"","overlay-color":"","overlay-opacity":"","overlay-gradient":""},"mobile":{"background-color":"","background-image":"","background-repeat":"repeat","background-position":"center center","background-size":"auto","background-attachment":"scroll","background-type":"","background-media":"","overlay-type":"","overlay-color":"","overlay-opacity":"","overlay-gradient":""}},"ast-content-background-meta":{"desktop":{"background-color":"var(--ast-global-color-4)","background-image":"","background-repeat":"repeat","background-position":"center center","background-size":"auto","background-attachment":"scroll","background-type":"","background-media":"","overlay-type":"","overlay-color":"","overlay-opacity":"","overlay-gradient":""},"tablet":{"background-color":"var(--ast-global-color-4)","background-image":"","background-repeat":"repeat","background-position":"center center","background-size":"auto","background-attachment":"scroll","background-type":"","background-media":"","overlay-type":"","overlay-color":"","overlay-opacity":"","overlay-gradient":""},"mobile":{"background-color":"var(--ast-global-color-4)","background-image":"","background-repeat":"repeat","background-position":"center center","background-size":"auto","background-attachment":"scroll","background-type":"","background-media":"","overlay-type":"","overlay-color":"","overlay-opacity":"","overlay-gradient":""}}},"product_brand":[],"product_cat":[31],"product_tag":[3916,2008,1250,1764,3917],"class_list":{"0":"post-16808","1":"product","2":"type-product","3":"status-publish","4":"has-post-thumbnail","6":"product_cat-grozine-literatura","7":"product_tag-dienorastis","8":"product_tag-eseistika","9":"product_tag-jaroslavas-melnikas","10":"product_tag-paryzius","11":"product_tag-prancuzu-kultura","12":"desktop-align-left","13":"tablet-align-left","14":"mobile-align-left","16":"first","17":"instock","18":"shipping-taxable","19":"purchasable","20":"product-type-simple"},"acf":[],"yoast_head":"<!-- This site is optimized with the Yoast SEO plugin v27.0 - https:\/\/yoast.com\/product\/yoast-seo-wordpress\/ -->\n<title>Pary\u017eiaus dienora\u0161tis<\/title>\n<meta name=\"description\" content=\"Klasikas romane vaizduoja apsukr\u0173 ir energing\u0105 kapitalist\u0105 Oktav\u0105 Mur\u0117, didel\u0117s Pary\u017eiaus parduotuv\u0117s savinink\u0105, negailestingai eksploatuojant\u012f smulkius prekiautojus ir savo tarnautojus.  Kapitalistui Mur\u0117 prie\u0161pastatomi paprasti, kukl\u016bs darbuotojai - Polina, Dalo\u0161as, Deniza. Jos paveikslu ra\u0161ytojas i\u0161auk\u0161tina \u017emogi\u0161k\u0105 vert\u0119, tyrum\u0105.\" \/>\n<meta name=\"robots\" content=\"index, follow, max-snippet:-1, max-image-preview:large, max-video-preview:-1\" \/>\n<link rel=\"canonical\" href=\"https:\/\/skaitytaknyga.lt\/en\/produktas\/paryziaus-dienorastis\/\" \/>\n<meta property=\"og:locale\" content=\"en_GB\" \/>\n<meta property=\"og:locale:alternate\" content=\"lt_LT\" \/>\n<meta property=\"og:type\" content=\"article\" \/>\n<meta property=\"og:title\" content=\"Pary\u017eiaus dienora\u0161tis\" \/>\n<meta property=\"og:description\" content=\"Klasikas romane vaizduoja apsukr\u0173 ir energing\u0105 kapitalist\u0105 Oktav\u0105 Mur\u0117, didel\u0117s Pary\u017eiaus parduotuv\u0117s savinink\u0105, negailestingai eksploatuojant\u012f smulkius prekiautojus ir savo tarnautojus.  Kapitalistui Mur\u0117 prie\u0161pastatomi paprasti, kukl\u016bs darbuotojai - Polina, Dalo\u0161as, Deniza. Jos paveikslu ra\u0161ytojas i\u0161auk\u0161tina \u017emogi\u0161k\u0105 vert\u0119, tyrum\u0105.\" \/>\n<meta property=\"og:url\" content=\"https:\/\/skaitytaknyga.lt\/en\/produktas\/paryziaus-dienorastis\/\" \/>\n<meta property=\"og:site_name\" content=\"Skaitytaknyga\" \/>\n<meta property=\"article:publisher\" content=\"https:\/\/www.facebook.com\/skaitytaknyga\/\" \/>\n<meta property=\"article:modified_time\" content=\"2025-05-19T08:03:05+00:00\" \/>\n<meta property=\"og:image\" content=\"https:\/\/skaitytaknyga.lt\/wp-content\/uploads\/2025\/02\/Paryziaus-dienorastis.webp\" \/>\n\t<meta property=\"og:image:width\" content=\"500\" \/>\n\t<meta property=\"og:image:height\" content=\"719\" \/>\n\t<meta property=\"og:image:type\" content=\"image\/webp\" \/>\n<meta name=\"twitter:card\" content=\"summary_large_image\" \/>\n<meta name=\"twitter:label1\" content=\"Estimated reading time\" \/>\n\t<meta name=\"twitter:data1\" content=\"1 minute\" \/>\n<script type=\"application\/ld+json\" class=\"yoast-schema-graph\">{\"@context\":\"https:\/\/schema.org\",\"@graph\":[{\"@type\":\"WebPage\",\"@id\":\"https:\/\/skaitytaknyga.lt\/produktas\/paryziaus-dienorastis\/\",\"url\":\"https:\/\/skaitytaknyga.lt\/produktas\/paryziaus-dienorastis\/\",\"name\":\"Pary\u017eiaus dienora\u0161tis\",\"isPartOf\":{\"@id\":\"https:\/\/skaitytaknyga.lt\/#website\"},\"primaryImageOfPage\":{\"@id\":\"https:\/\/skaitytaknyga.lt\/produktas\/paryziaus-dienorastis\/#primaryimage\"},\"image\":{\"@id\":\"https:\/\/skaitytaknyga.lt\/produktas\/paryziaus-dienorastis\/#primaryimage\"},\"thumbnailUrl\":\"https:\/\/skaitytaknyga.lt\/wp-content\/uploads\/2025\/02\/Paryziaus-dienorastis.webp\",\"datePublished\":\"2025-02-12T08:11:58+00:00\",\"dateModified\":\"2025-05-19T08:03:05+00:00\",\"description\":\"Klasikas romane vaizduoja apsukr\u0173 ir energing\u0105 kapitalist\u0105 Oktav\u0105 Mur\u0117, didel\u0117s Pary\u017eiaus parduotuv\u0117s savinink\u0105, negailestingai eksploatuojant\u012f smulkius prekiautojus ir savo tarnautojus. Kapitalistui Mur\u0117 prie\u0161pastatomi paprasti, kukl\u016bs darbuotojai - Polina, Dalo\u0161as, Deniza. Jos paveikslu ra\u0161ytojas i\u0161auk\u0161tina \u017emogi\u0161k\u0105 vert\u0119, tyrum\u0105.\",\"breadcrumb\":{\"@id\":\"https:\/\/skaitytaknyga.lt\/produktas\/paryziaus-dienorastis\/#breadcrumb\"},\"inLanguage\":\"en-GB\",\"potentialAction\":[{\"@type\":\"ReadAction\",\"target\":[\"https:\/\/skaitytaknyga.lt\/produktas\/paryziaus-dienorastis\/\"]}]},{\"@type\":\"ImageObject\",\"inLanguage\":\"en-GB\",\"@id\":\"https:\/\/skaitytaknyga.lt\/produktas\/paryziaus-dienorastis\/#primaryimage\",\"url\":\"https:\/\/skaitytaknyga.lt\/wp-content\/uploads\/2025\/02\/Paryziaus-dienorastis.webp\",\"contentUrl\":\"https:\/\/skaitytaknyga.lt\/wp-content\/uploads\/2025\/02\/Paryziaus-dienorastis.webp\",\"width\":500,\"height\":719,\"caption\":\"Pary\u017eiaus dienora\u0161tis\"},{\"@type\":\"BreadcrumbList\",\"@id\":\"https:\/\/skaitytaknyga.lt\/produktas\/paryziaus-dienorastis\/#breadcrumb\",\"itemListElement\":[{\"@type\":\"ListItem\",\"position\":1,\"name\":\"Home\",\"item\":\"https:\/\/skaitytaknyga.lt\/\"},{\"@type\":\"ListItem\",\"position\":2,\"name\":\"Parduotuv\u0117\",\"item\":\"https:\/\/skaitytaknyga.lt\/knygu-parduotuve\/\"},{\"@type\":\"ListItem\",\"position\":3,\"name\":\"Pary\u017eiaus dienora\u0161tis\"}]},{\"@type\":\"WebSite\",\"@id\":\"https:\/\/skaitytaknyga.lt\/#website\",\"url\":\"https:\/\/skaitytaknyga.lt\/\",\"name\":\"skaitytaknyga.lt\",\"description\":\"Skaitytaknyga.lt \u2013 tai ma\u017eas \u0161eimos verslas, kuris prasid\u0117jo nuo meil\u0117s knygoms ir siekio i\u0161gelb\u0117ti knygas nuo likimo prie konteinerio. Kas vienam nereikalingas daiktas \u2013 kitam lobis, o mes esame tarpininkai, kurie padeda abiems tapti laimingesniems ???? \u017dinome kaip nelengva i\u0161gyventi ma\u017eiems verslams, tad nuo \u0161iol, \u010dia rasite ir kit\u0173, ma\u017e\u0173 \u0161eim\u0173 versl\u0173, rank\u0173 darbo, dovan\u0173 sau ir artimiesiems.\",\"publisher\":{\"@id\":\"https:\/\/skaitytaknyga.lt\/#organization\"},\"potentialAction\":[{\"@type\":\"SearchAction\",\"target\":{\"@type\":\"EntryPoint\",\"urlTemplate\":\"https:\/\/skaitytaknyga.lt\/?s={search_term_string}\"},\"query-input\":{\"@type\":\"PropertyValueSpecification\",\"valueRequired\":true,\"valueName\":\"search_term_string\"}}],\"inLanguage\":\"en-GB\"},{\"@type\":\"Organization\",\"@id\":\"https:\/\/skaitytaknyga.lt\/#organization\",\"name\":\"skaitytaknyga.lt\",\"url\":\"https:\/\/skaitytaknyga.lt\/\",\"logo\":{\"@type\":\"ImageObject\",\"inLanguage\":\"en-GB\",\"@id\":\"https:\/\/skaitytaknyga.lt\/#\/schema\/logo\/image\/\",\"url\":\"https:\/\/skaitytaknyga.lt\/wp-content\/uploads\/2024\/05\/cropped-cropped-cropped-02_00843_jt3bggkj1j3HLc7SyY6rEUpg.jpeg\",\"contentUrl\":\"https:\/\/skaitytaknyga.lt\/wp-content\/uploads\/2024\/05\/cropped-cropped-cropped-02_00843_jt3bggkj1j3HLc7SyY6rEUpg.jpeg\",\"width\":1600,\"height\":1600,\"caption\":\"skaitytaknyga.lt\"},\"image\":{\"@id\":\"https:\/\/skaitytaknyga.lt\/#\/schema\/logo\/image\/\"},\"sameAs\":[\"https:\/\/www.facebook.com\/skaitytaknyga\/\"]}]}<\/script>\n<!-- \/ Yoast SEO plugin. -->","yoast_head_json":{"title":"Pary\u017eiaus dienora\u0161tis","description":"Klasikas romane vaizduoja apsukr\u0173 ir energing\u0105 kapitalist\u0105 Oktav\u0105 Mur\u0117, didel\u0117s Pary\u017eiaus parduotuv\u0117s savinink\u0105, negailestingai eksploatuojant\u012f smulkius prekiautojus ir savo tarnautojus.  Kapitalistui Mur\u0117 prie\u0161pastatomi paprasti, kukl\u016bs darbuotojai - Polina, Dalo\u0161as, Deniza. Jos paveikslu ra\u0161ytojas i\u0161auk\u0161tina \u017emogi\u0161k\u0105 vert\u0119, tyrum\u0105.","robots":{"index":"index","follow":"follow","max-snippet":"max-snippet:-1","max-image-preview":"max-image-preview:large","max-video-preview":"max-video-preview:-1"},"canonical":"https:\/\/skaitytaknyga.lt\/en\/produktas\/paryziaus-dienorastis\/","og_locale":"en_GB","og_type":"article","og_title":"[:lt]Pary\u017eiaus dienora\u0161tis[:] - Skaitytaknyga","og_description":"Klasikas romane vaizduoja apsukr\u0173 ir energing\u0105 kapitalist\u0105 Oktav\u0105 Mur\u0117, didel\u0117s Pary\u017eiaus parduotuv\u0117s savinink\u0105, negailestingai eksploatuojant\u012f smulkius prekiautojus ir savo tarnautojus.  Kapitalistui Mur\u0117 prie\u0161pastatomi paprasti, kukl\u016bs darbuotojai - Polina, Dalo\u0161as, Deniza. Jos paveikslu ra\u0161ytojas i\u0161auk\u0161tina \u017emogi\u0161k\u0105 vert\u0119, tyrum\u0105.","og_url":"https:\/\/skaitytaknyga.lt\/en\/produktas\/paryziaus-dienorastis\/","og_site_name":"Skaitytaknyga","article_publisher":"https:\/\/www.facebook.com\/skaitytaknyga\/","article_modified_time":"2025-05-19T08:03:05+00:00","og_image":[{"width":500,"height":719,"url":"https:\/\/skaitytaknyga.lt\/wp-content\/uploads\/2025\/02\/Paryziaus-dienorastis.webp","type":"image\/webp"}],"twitter_card":"summary_large_image","twitter_misc":{"Estimated reading time":"1 minute"},"schema":{"@context":"https:\/\/schema.org","@graph":[{"@type":"WebPage","@id":"https:\/\/skaitytaknyga.lt\/produktas\/paryziaus-dienorastis\/","url":"https:\/\/skaitytaknyga.lt\/produktas\/paryziaus-dienorastis\/","name":"Pary\u017eiaus dienora\u0161tis","isPartOf":{"@id":"https:\/\/skaitytaknyga.lt\/#website"},"primaryImageOfPage":{"@id":"https:\/\/skaitytaknyga.lt\/produktas\/paryziaus-dienorastis\/#primaryimage"},"image":{"@id":"https:\/\/skaitytaknyga.lt\/produktas\/paryziaus-dienorastis\/#primaryimage"},"thumbnailUrl":"https:\/\/skaitytaknyga.lt\/wp-content\/uploads\/2025\/02\/Paryziaus-dienorastis.webp","datePublished":"2025-02-12T08:11:58+00:00","dateModified":"2025-05-19T08:03:05+00:00","description":"Klasikas romane vaizduoja apsukr\u0173 ir energing\u0105 kapitalist\u0105 Oktav\u0105 Mur\u0117, didel\u0117s Pary\u017eiaus parduotuv\u0117s savinink\u0105, negailestingai eksploatuojant\u012f smulkius prekiautojus ir savo tarnautojus. Kapitalistui Mur\u0117 prie\u0161pastatomi paprasti, kukl\u016bs darbuotojai - Polina, Dalo\u0161as, Deniza. Jos paveikslu ra\u0161ytojas i\u0161auk\u0161tina \u017emogi\u0161k\u0105 vert\u0119, tyrum\u0105.","breadcrumb":{"@id":"https:\/\/skaitytaknyga.lt\/produktas\/paryziaus-dienorastis\/#breadcrumb"},"inLanguage":"en-GB","potentialAction":[{"@type":"ReadAction","target":["https:\/\/skaitytaknyga.lt\/produktas\/paryziaus-dienorastis\/"]}]},{"@type":"ImageObject","inLanguage":"en-GB","@id":"https:\/\/skaitytaknyga.lt\/produktas\/paryziaus-dienorastis\/#primaryimage","url":"https:\/\/skaitytaknyga.lt\/wp-content\/uploads\/2025\/02\/Paryziaus-dienorastis.webp","contentUrl":"https:\/\/skaitytaknyga.lt\/wp-content\/uploads\/2025\/02\/Paryziaus-dienorastis.webp","width":500,"height":719,"caption":"Pary\u017eiaus dienora\u0161tis"},{"@type":"BreadcrumbList","@id":"https:\/\/skaitytaknyga.lt\/produktas\/paryziaus-dienorastis\/#breadcrumb","itemListElement":[{"@type":"ListItem","position":1,"name":"Home","item":"https:\/\/skaitytaknyga.lt\/"},{"@type":"ListItem","position":2,"name":"Parduotuv\u0117","item":"https:\/\/skaitytaknyga.lt\/knygu-parduotuve\/"},{"@type":"ListItem","position":3,"name":"Pary\u017eiaus dienora\u0161tis"}]},{"@type":"WebSite","@id":"https:\/\/skaitytaknyga.lt\/#website","url":"https:\/\/skaitytaknyga.lt\/","name":"skaitytaknyga.lt","description":"Skaitytaknyga.lt \u2013 tai ma\u017eas \u0161eimos verslas, kuris prasid\u0117jo nuo meil\u0117s knygoms ir siekio i\u0161gelb\u0117ti knygas nuo likimo prie konteinerio. Kas vienam nereikalingas daiktas \u2013 kitam lobis, o mes esame tarpininkai, kurie padeda abiems tapti laimingesniems ???? \u017dinome kaip nelengva i\u0161gyventi ma\u017eiems verslams, tad nuo \u0161iol, \u010dia rasite ir kit\u0173, ma\u017e\u0173 \u0161eim\u0173 versl\u0173, rank\u0173 darbo, dovan\u0173 sau ir artimiesiems.","publisher":{"@id":"https:\/\/skaitytaknyga.lt\/#organization"},"potentialAction":[{"@type":"SearchAction","target":{"@type":"EntryPoint","urlTemplate":"https:\/\/skaitytaknyga.lt\/?s={search_term_string}"},"query-input":{"@type":"PropertyValueSpecification","valueRequired":true,"valueName":"search_term_string"}}],"inLanguage":"en-GB"},{"@type":"Organization","@id":"https:\/\/skaitytaknyga.lt\/#organization","name":"skaitytaknyga.lt","url":"https:\/\/skaitytaknyga.lt\/","logo":{"@type":"ImageObject","inLanguage":"en-GB","@id":"https:\/\/skaitytaknyga.lt\/#\/schema\/logo\/image\/","url":"https:\/\/skaitytaknyga.lt\/wp-content\/uploads\/2024\/05\/cropped-cropped-cropped-02_00843_jt3bggkj1j3HLc7SyY6rEUpg.jpeg","contentUrl":"https:\/\/skaitytaknyga.lt\/wp-content\/uploads\/2024\/05\/cropped-cropped-cropped-02_00843_jt3bggkj1j3HLc7SyY6rEUpg.jpeg","width":1600,"height":1600,"caption":"skaitytaknyga.lt"},"image":{"@id":"https:\/\/skaitytaknyga.lt\/#\/schema\/logo\/image\/"},"sameAs":["https:\/\/www.facebook.com\/skaitytaknyga\/"]}]}},"_links":{"self":[{"href":"https:\/\/skaitytaknyga.lt\/en\/wp-json\/wp\/v2\/product\/16808","targetHints":{"allow":["GET"]}}],"collection":[{"href":"https:\/\/skaitytaknyga.lt\/en\/wp-json\/wp\/v2\/product"}],"about":[{"href":"https:\/\/skaitytaknyga.lt\/en\/wp-json\/wp\/v2\/types\/product"}],"replies":[{"embeddable":true,"href":"https:\/\/skaitytaknyga.lt\/en\/wp-json\/wp\/v2\/comments?post=16808"}],"wp:featuredmedia":[{"embeddable":true,"href":"https:\/\/skaitytaknyga.lt\/en\/wp-json\/wp\/v2\/media\/16809"}],"wp:attachment":[{"href":"https:\/\/skaitytaknyga.lt\/en\/wp-json\/wp\/v2\/media?parent=16808"}],"wp:term":[{"taxonomy":"product_brand","embeddable":true,"href":"https:\/\/skaitytaknyga.lt\/en\/wp-json\/wp\/v2\/product_brand?post=16808"},{"taxonomy":"product_cat","embeddable":true,"href":"https:\/\/skaitytaknyga.lt\/en\/wp-json\/wp\/v2\/product_cat?post=16808"},{"taxonomy":"product_tag","embeddable":true,"href":"https:\/\/skaitytaknyga.lt\/en\/wp-json\/wp\/v2\/product_tag?post=16808"}],"curies":[{"name":"wp","href":"https:\/\/api.w.org\/{rel}","templated":true}]}}