{"id":16799,"date":"2025-02-12T09:51:56","date_gmt":"2025-02-12T07:51:56","guid":{"rendered":"https:\/\/skaitytaknyga.lt\/?post_type=product&#038;p=16799"},"modified":"2025-02-12T09:52:52","modified_gmt":"2025-02-12T07:52:52","slug":"viespaties-diena-jau-arti","status":"publish","type":"product","link":"https:\/\/skaitytaknyga.lt\/en\/produktas\/viespaties-diena-jau-arti\/","title":{"rendered":"Vie\u0161paties diena jau arti? Katalik\u0173 po\u017ei\u016bris \u012f Antr\u0105j\u012f J\u0117zaus at\u0117jim\u0105"},"content":{"rendered":"<p>Vie\u0161paties diena jau arti? \u2013 tai kataliki\u0161kas po\u017ei\u016bris \u012f \u0161iomis dienomis itin aktuali\u0105, ta\u010diau daugelio katalik\u0173 primir\u0161t\u0105 ir menkai pa\u017e\u012fstam\u0105 J\u0117zaus Antrojo at\u0117jimo tem\u0105. Remdamasis kataliki\u0161komis \u0160ventojo Ra\u0161to ir teologijos studijomis Ralph Martin populiariai aptaria kvap\u0105 gniau\u017eian\u010dius Vie\u0161paties at\u0117jimo klausimus.<\/p>\n<p>\u201ePaskutiniesiems \u012fvykiams\u201c art\u0117jant, u\u017euot dreb\u0117j\u0119, tur\u0117tume su d\u017eiaugsmingu nekantrumu j\u0173 laukti, nes art\u0117ja visi\u0161kas m\u016bs\u0173 atpirkimas. \u0160i knyga pad\u0117s s\u0117kmingai perplaukti sumai\u0161ties verpetus ir pagelb\u0117s \u012f\u017evalgiau bei patikimiau \u012fvertinti art\u0117jant\u012f met\u0105.<\/p>\n","protected":false},"excerpt":{"rendered":"<p>Vie\u0161paties diena jau arti? \u2013 tai kataliki\u0161kas po\u017ei\u016bris \u012f \u0161iomis dienomis itin aktuali\u0105, ta\u010diau daugelio katalik\u0173 primir\u0161t\u0105 ir menkai pa\u017e\u012fstam\u0105 J\u0117zaus Antrojo at\u0117jimo tem\u0105. Remdamasis kataliki\u0161komis \u0160ventojo Ra\u0161to ir teologijos studijomis Ralph Martin populiariai aptaria kvap\u0105 gniau\u017eian\u010dius Vie\u0161paties at\u0117jimo klausimus. \u201ePaskutiniesiems \u012fvykiams\u201c art\u0117jant, u\u017euot dreb\u0117j\u0119, tur\u0117tume su d\u017eiaugsmingu nekantrumu j\u0173 laukti, nes art\u0117ja visi\u0161kas m\u016bs\u0173 atpirkimas. \u0160i knyga pad\u0117s s\u0117kmingai perplaukti sumai\u0161ties verpetus ir pagelb\u0117s \u012f\u017evalgiau bei patikimiau \u012fvertinti art\u0117jant\u012f met\u0105.<\/p>\n","protected":false},"featured_media":16800,"comment_status":"open","ping_status":"closed","template":"","meta":{"_acf_changed":false,"site-sidebar-layout":"default","site-content-layout":"","ast-site-content-layout":"default","site-content-style":"default","site-sidebar-style":"default","ast-global-header-display":"","ast-banner-title-visibility":"","ast-main-header-display":"","ast-hfb-above-header-display":"","ast-hfb-below-header-display":"","ast-hfb-mobile-header-display":"","site-post-title":"","ast-breadcrumbs-content":"","ast-featured-img":"","footer-sml-layout":"","ast-disable-related-posts":"","theme-transparent-header-meta":"default","adv-header-id-meta":"","stick-header-meta":"","header-above-stick-meta":"","header-main-stick-meta":"","header-below-stick-meta":"","astra-migrate-meta-layouts":"set","ast-page-background-enabled":"default","ast-page-background-meta":{"desktop":{"background-color":"","background-image":"","background-repeat":"repeat","background-position":"center center","background-size":"auto","background-attachment":"scroll","background-type":"","background-media":"","overlay-type":"","overlay-color":"","overlay-opacity":"","overlay-gradient":""},"tablet":{"background-color":"","background-image":"","background-repeat":"repeat","background-position":"center center","background-size":"auto","background-attachment":"scroll","background-type":"","background-media":"","overlay-type":"","overlay-color":"","overlay-opacity":"","overlay-gradient":""},"mobile":{"background-color":"","background-image":"","background-repeat":"repeat","background-position":"center center","background-size":"auto","background-attachment":"scroll","background-type":"","background-media":"","overlay-type":"","overlay-color":"","overlay-opacity":"","overlay-gradient":""}},"ast-content-background-meta":{"desktop":{"background-color":"var(--ast-global-color-4)","background-image":"","background-repeat":"repeat","background-position":"center center","background-size":"auto","background-attachment":"scroll","background-type":"","background-media":"","overlay-type":"","overlay-color":"","overlay-opacity":"","overlay-gradient":""},"tablet":{"background-color":"var(--ast-global-color-4)","background-image":"","background-repeat":"repeat","background-position":"center center","background-size":"auto","background-attachment":"scroll","background-type":"","background-media":"","overlay-type":"","overlay-color":"","overlay-opacity":"","overlay-gradient":""},"mobile":{"background-color":"var(--ast-global-color-4)","background-image":"","background-repeat":"repeat","background-position":"center center","background-size":"auto","background-attachment":"scroll","background-type":"","background-media":"","overlay-type":"","overlay-color":"","overlay-opacity":"","overlay-gradient":""}}},"product_brand":[],"product_cat":[165,15],"product_tag":[],"class_list":{"0":"post-16799","1":"product","2":"type-product","3":"status-publish","4":"has-post-thumbnail","6":"product_cat-religija-filosofija-ir-ezoterika","7":"product_cat-uncategorized","8":"desktop-align-left","9":"tablet-align-left","10":"mobile-align-left","12":"first","13":"instock","14":"shipping-taxable","15":"purchasable","16":"product-type-simple"},"acf":[],"yoast_head":"<!-- This site is optimized with the Yoast SEO plugin v27.4 - https:\/\/yoast.com\/product\/yoast-seo-wordpress\/ -->\n<title>Vie\u0161paties diena jau arti? Katalik\u0173 po\u017ei\u016bris \u012f Antr\u0105j\u012f J\u0117zaus at\u0117jim\u0105<\/title>\n<meta name=\"description\" content=\"Vie\u0161paties diena jau arti? \u2013 tai kataliki\u0161kas po\u017ei\u016bris \u012f \u0161iomis dienomis itin aktuali\u0105, ta\u010diau daugelio katalik\u0173 primir\u0161t\u0105 ir menkai pa\u017e\u012fstam\u0105 J\u0117zaus\" \/>\n<meta name=\"robots\" content=\"index, follow, max-snippet:-1, max-image-preview:large, max-video-preview:-1\" \/>\n<link rel=\"canonical\" href=\"https:\/\/skaitytaknyga.lt\/en\/produktas\/viespaties-diena-jau-arti\/\" \/>\n<meta property=\"og:locale\" content=\"en_GB\" \/>\n<meta property=\"og:locale:alternate\" content=\"lt_LT\" \/>\n<meta property=\"og:type\" content=\"article\" \/>\n<meta property=\"og:title\" content=\"Vie\u0161paties diena jau arti? Katalik\u0173 po\u017ei\u016bris \u012f Antr\u0105j\u012f J\u0117zaus at\u0117jim\u0105\" \/>\n<meta property=\"og:description\" content=\"Vie\u0161paties diena jau arti? \u2013 tai kataliki\u0161kas po\u017ei\u016bris \u012f \u0161iomis dienomis itin aktuali\u0105, ta\u010diau daugelio katalik\u0173 primir\u0161t\u0105 ir menkai pa\u017e\u012fstam\u0105 J\u0117zaus\" \/>\n<meta property=\"og:url\" content=\"https:\/\/skaitytaknyga.lt\/en\/produktas\/viespaties-diena-jau-arti\/\" \/>\n<meta property=\"og:site_name\" content=\"Skaitytaknyga\" \/>\n<meta property=\"article:publisher\" content=\"https:\/\/www.facebook.com\/skaitytaknyga\/\" \/>\n<meta property=\"article:modified_time\" content=\"2025-02-12T07:52:52+00:00\" \/>\n<meta property=\"og:image\" content=\"https:\/\/skaitytaknyga.lt\/wp-content\/uploads\/2025\/02\/Viespaties-diena-jau-arti-e1739346746130.webp\" \/>\n\t<meta property=\"og:image:width\" content=\"313\" \/>\n\t<meta property=\"og:image:height\" content=\"475\" \/>\n\t<meta property=\"og:image:type\" content=\"image\/webp\" \/>\n<meta name=\"twitter:card\" content=\"summary_large_image\" \/>\n<meta name=\"twitter:label1\" content=\"Estimated reading time\" \/>\n\t<meta name=\"twitter:data1\" content=\"1 minute\" \/>\n<script type=\"application\/ld+json\" class=\"yoast-schema-graph\">{\"@context\":\"https:\\\/\\\/schema.org\",\"@graph\":[{\"@type\":\"WebPage\",\"@id\":\"https:\\\/\\\/skaitytaknyga.lt\\\/produktas\\\/viespaties-diena-jau-arti\\\/\",\"url\":\"https:\\\/\\\/skaitytaknyga.lt\\\/produktas\\\/viespaties-diena-jau-arti\\\/\",\"name\":\"Vie\u0161paties diena jau arti? Katalik\u0173 po\u017ei\u016bris \u012f Antr\u0105j\u012f J\u0117zaus at\u0117jim\u0105\",\"isPartOf\":{\"@id\":\"https:\\\/\\\/skaitytaknyga.lt\\\/#website\"},\"primaryImageOfPage\":{\"@id\":\"https:\\\/\\\/skaitytaknyga.lt\\\/produktas\\\/viespaties-diena-jau-arti\\\/#primaryimage\"},\"image\":{\"@id\":\"https:\\\/\\\/skaitytaknyga.lt\\\/produktas\\\/viespaties-diena-jau-arti\\\/#primaryimage\"},\"thumbnailUrl\":\"https:\\\/\\\/skaitytaknyga.lt\\\/wp-content\\\/uploads\\\/2025\\\/02\\\/Viespaties-diena-jau-arti-e1739346746130.webp\",\"datePublished\":\"2025-02-12T07:51:56+00:00\",\"dateModified\":\"2025-02-12T07:52:52+00:00\",\"description\":\"Vie\u0161paties diena jau arti? \u2013 tai kataliki\u0161kas po\u017ei\u016bris \u012f \u0161iomis dienomis itin aktuali\u0105, ta\u010diau daugelio katalik\u0173 primir\u0161t\u0105 ir menkai pa\u017e\u012fstam\u0105 J\u0117zaus\",\"breadcrumb\":{\"@id\":\"https:\\\/\\\/skaitytaknyga.lt\\\/produktas\\\/viespaties-diena-jau-arti\\\/#breadcrumb\"},\"inLanguage\":\"en-GB\",\"potentialAction\":[{\"@type\":\"ReadAction\",\"target\":[\"https:\\\/\\\/skaitytaknyga.lt\\\/produktas\\\/viespaties-diena-jau-arti\\\/\"]}]},{\"@type\":\"ImageObject\",\"inLanguage\":\"en-GB\",\"@id\":\"https:\\\/\\\/skaitytaknyga.lt\\\/produktas\\\/viespaties-diena-jau-arti\\\/#primaryimage\",\"url\":\"https:\\\/\\\/skaitytaknyga.lt\\\/wp-content\\\/uploads\\\/2025\\\/02\\\/Viespaties-diena-jau-arti-e1739346746130.webp\",\"contentUrl\":\"https:\\\/\\\/skaitytaknyga.lt\\\/wp-content\\\/uploads\\\/2025\\\/02\\\/Viespaties-diena-jau-arti-e1739346746130.webp\",\"width\":313,\"height\":475,\"caption\":\"Vie\u0161paties diena jau arti\"},{\"@type\":\"BreadcrumbList\",\"@id\":\"https:\\\/\\\/skaitytaknyga.lt\\\/produktas\\\/viespaties-diena-jau-arti\\\/#breadcrumb\",\"itemListElement\":[{\"@type\":\"ListItem\",\"position\":1,\"name\":\"Home\",\"item\":\"https:\\\/\\\/skaitytaknyga.lt\\\/\"},{\"@type\":\"ListItem\",\"position\":2,\"name\":\"Parduotuv\u0117\",\"item\":\"https:\\\/\\\/skaitytaknyga.lt\\\/knygu-parduotuve\\\/\"},{\"@type\":\"ListItem\",\"position\":3,\"name\":\"Vie\u0161paties diena jau arti? Katalik\u0173 po\u017ei\u016bris \u012f Antr\u0105j\u012f J\u0117zaus at\u0117jim\u0105\"}]},{\"@type\":\"WebSite\",\"@id\":\"https:\\\/\\\/skaitytaknyga.lt\\\/#website\",\"url\":\"https:\\\/\\\/skaitytaknyga.lt\\\/\",\"name\":\"skaitytaknyga.lt\",\"description\":\"Skaitytaknyga.lt \u2013 tai ma\u017eas \u0161eimos verslas, kuris prasid\u0117jo nuo meil\u0117s knygoms ir siekio i\u0161gelb\u0117ti knygas nuo likimo prie konteinerio. Kas vienam nereikalingas daiktas \u2013 kitam lobis, o mes esame tarpininkai, kurie padeda abiems tapti laimingesniems ???? \u017dinome kaip nelengva i\u0161gyventi ma\u017eiems verslams, tad nuo \u0161iol, \u010dia rasite ir kit\u0173, ma\u017e\u0173 \u0161eim\u0173 versl\u0173, rank\u0173 darbo, dovan\u0173 sau ir artimiesiems.\",\"publisher\":{\"@id\":\"https:\\\/\\\/skaitytaknyga.lt\\\/#organization\"},\"potentialAction\":[{\"@type\":\"SearchAction\",\"target\":{\"@type\":\"EntryPoint\",\"urlTemplate\":\"https:\\\/\\\/skaitytaknyga.lt\\\/?s={search_term_string}\"},\"query-input\":{\"@type\":\"PropertyValueSpecification\",\"valueRequired\":true,\"valueName\":\"search_term_string\"}}],\"inLanguage\":\"en-GB\"},{\"@type\":\"Organization\",\"@id\":\"https:\\\/\\\/skaitytaknyga.lt\\\/#organization\",\"name\":\"skaitytaknyga.lt\",\"url\":\"https:\\\/\\\/skaitytaknyga.lt\\\/\",\"logo\":{\"@type\":\"ImageObject\",\"inLanguage\":\"en-GB\",\"@id\":\"https:\\\/\\\/skaitytaknyga.lt\\\/#\\\/schema\\\/logo\\\/image\\\/\",\"url\":\"https:\\\/\\\/skaitytaknyga.lt\\\/wp-content\\\/uploads\\\/2024\\\/05\\\/cropped-cropped-cropped-02_00843_jt3bggkj1j3HLc7SyY6rEUpg.jpeg\",\"contentUrl\":\"https:\\\/\\\/skaitytaknyga.lt\\\/wp-content\\\/uploads\\\/2024\\\/05\\\/cropped-cropped-cropped-02_00843_jt3bggkj1j3HLc7SyY6rEUpg.jpeg\",\"width\":1600,\"height\":1600,\"caption\":\"skaitytaknyga.lt\"},\"image\":{\"@id\":\"https:\\\/\\\/skaitytaknyga.lt\\\/#\\\/schema\\\/logo\\\/image\\\/\"},\"sameAs\":[\"https:\\\/\\\/www.facebook.com\\\/skaitytaknyga\\\/\"]}]}<\/script>\n<!-- \/ Yoast SEO plugin. -->","yoast_head_json":{"title":"Vie\u0161paties diena jau arti? Katalik\u0173 po\u017ei\u016bris \u012f Antr\u0105j\u012f J\u0117zaus at\u0117jim\u0105","description":"Vie\u0161paties diena jau arti? \u2013 tai kataliki\u0161kas po\u017ei\u016bris \u012f \u0161iomis dienomis itin aktuali\u0105, ta\u010diau daugelio katalik\u0173 primir\u0161t\u0105 ir menkai pa\u017e\u012fstam\u0105 J\u0117zaus","robots":{"index":"index","follow":"follow","max-snippet":"max-snippet:-1","max-image-preview":"max-image-preview:large","max-video-preview":"max-video-preview:-1"},"canonical":"https:\/\/skaitytaknyga.lt\/en\/produktas\/viespaties-diena-jau-arti\/","og_locale":"en_GB","og_type":"article","og_title":"[:lt]Vie\u0161paties diena jau arti? Katalik\u0173 po\u017ei\u016bris \u012f Antr\u0105j\u012f J\u0117zaus at\u0117jim\u0105[:] - Skaitytaknyga","og_description":"Vie\u0161paties diena jau arti? \u2013 tai kataliki\u0161kas po\u017ei\u016bris \u012f \u0161iomis dienomis itin aktuali\u0105, ta\u010diau daugelio katalik\u0173 primir\u0161t\u0105 ir menkai pa\u017e\u012fstam\u0105 J\u0117zaus","og_url":"https:\/\/skaitytaknyga.lt\/en\/produktas\/viespaties-diena-jau-arti\/","og_site_name":"Skaitytaknyga","article_publisher":"https:\/\/www.facebook.com\/skaitytaknyga\/","article_modified_time":"2025-02-12T07:52:52+00:00","og_image":[{"width":313,"height":475,"url":"https:\/\/skaitytaknyga.lt\/wp-content\/uploads\/2025\/02\/Viespaties-diena-jau-arti-e1739346746130.webp","type":"image\/webp"}],"twitter_card":"summary_large_image","twitter_misc":{"Estimated reading time":"1 minute"},"schema":{"@context":"https:\/\/schema.org","@graph":[{"@type":"WebPage","@id":"https:\/\/skaitytaknyga.lt\/produktas\/viespaties-diena-jau-arti\/","url":"https:\/\/skaitytaknyga.lt\/produktas\/viespaties-diena-jau-arti\/","name":"Vie\u0161paties diena jau arti? Katalik\u0173 po\u017ei\u016bris \u012f Antr\u0105j\u012f J\u0117zaus at\u0117jim\u0105","isPartOf":{"@id":"https:\/\/skaitytaknyga.lt\/#website"},"primaryImageOfPage":{"@id":"https:\/\/skaitytaknyga.lt\/produktas\/viespaties-diena-jau-arti\/#primaryimage"},"image":{"@id":"https:\/\/skaitytaknyga.lt\/produktas\/viespaties-diena-jau-arti\/#primaryimage"},"thumbnailUrl":"https:\/\/skaitytaknyga.lt\/wp-content\/uploads\/2025\/02\/Viespaties-diena-jau-arti-e1739346746130.webp","datePublished":"2025-02-12T07:51:56+00:00","dateModified":"2025-02-12T07:52:52+00:00","description":"Vie\u0161paties diena jau arti? \u2013 tai kataliki\u0161kas po\u017ei\u016bris \u012f \u0161iomis dienomis itin aktuali\u0105, ta\u010diau daugelio katalik\u0173 primir\u0161t\u0105 ir menkai pa\u017e\u012fstam\u0105 J\u0117zaus","breadcrumb":{"@id":"https:\/\/skaitytaknyga.lt\/produktas\/viespaties-diena-jau-arti\/#breadcrumb"},"inLanguage":"en-GB","potentialAction":[{"@type":"ReadAction","target":["https:\/\/skaitytaknyga.lt\/produktas\/viespaties-diena-jau-arti\/"]}]},{"@type":"ImageObject","inLanguage":"en-GB","@id":"https:\/\/skaitytaknyga.lt\/produktas\/viespaties-diena-jau-arti\/#primaryimage","url":"https:\/\/skaitytaknyga.lt\/wp-content\/uploads\/2025\/02\/Viespaties-diena-jau-arti-e1739346746130.webp","contentUrl":"https:\/\/skaitytaknyga.lt\/wp-content\/uploads\/2025\/02\/Viespaties-diena-jau-arti-e1739346746130.webp","width":313,"height":475,"caption":"Vie\u0161paties diena jau arti"},{"@type":"BreadcrumbList","@id":"https:\/\/skaitytaknyga.lt\/produktas\/viespaties-diena-jau-arti\/#breadcrumb","itemListElement":[{"@type":"ListItem","position":1,"name":"Home","item":"https:\/\/skaitytaknyga.lt\/"},{"@type":"ListItem","position":2,"name":"Parduotuv\u0117","item":"https:\/\/skaitytaknyga.lt\/knygu-parduotuve\/"},{"@type":"ListItem","position":3,"name":"Vie\u0161paties diena jau arti? Katalik\u0173 po\u017ei\u016bris \u012f Antr\u0105j\u012f J\u0117zaus at\u0117jim\u0105"}]},{"@type":"WebSite","@id":"https:\/\/skaitytaknyga.lt\/#website","url":"https:\/\/skaitytaknyga.lt\/","name":"skaitytaknyga.lt","description":"Skaitytaknyga.lt \u2013 tai ma\u017eas \u0161eimos verslas, kuris prasid\u0117jo nuo meil\u0117s knygoms ir siekio i\u0161gelb\u0117ti knygas nuo likimo prie konteinerio. Kas vienam nereikalingas daiktas \u2013 kitam lobis, o mes esame tarpininkai, kurie padeda abiems tapti laimingesniems ???? \u017dinome kaip nelengva i\u0161gyventi ma\u017eiems verslams, tad nuo \u0161iol, \u010dia rasite ir kit\u0173, ma\u017e\u0173 \u0161eim\u0173 versl\u0173, rank\u0173 darbo, dovan\u0173 sau ir artimiesiems.","publisher":{"@id":"https:\/\/skaitytaknyga.lt\/#organization"},"potentialAction":[{"@type":"SearchAction","target":{"@type":"EntryPoint","urlTemplate":"https:\/\/skaitytaknyga.lt\/?s={search_term_string}"},"query-input":{"@type":"PropertyValueSpecification","valueRequired":true,"valueName":"search_term_string"}}],"inLanguage":"en-GB"},{"@type":"Organization","@id":"https:\/\/skaitytaknyga.lt\/#organization","name":"skaitytaknyga.lt","url":"https:\/\/skaitytaknyga.lt\/","logo":{"@type":"ImageObject","inLanguage":"en-GB","@id":"https:\/\/skaitytaknyga.lt\/#\/schema\/logo\/image\/","url":"https:\/\/skaitytaknyga.lt\/wp-content\/uploads\/2024\/05\/cropped-cropped-cropped-02_00843_jt3bggkj1j3HLc7SyY6rEUpg.jpeg","contentUrl":"https:\/\/skaitytaknyga.lt\/wp-content\/uploads\/2024\/05\/cropped-cropped-cropped-02_00843_jt3bggkj1j3HLc7SyY6rEUpg.jpeg","width":1600,"height":1600,"caption":"skaitytaknyga.lt"},"image":{"@id":"https:\/\/skaitytaknyga.lt\/#\/schema\/logo\/image\/"},"sameAs":["https:\/\/www.facebook.com\/skaitytaknyga\/"]}]}},"_links":{"self":[{"href":"https:\/\/skaitytaknyga.lt\/en\/wp-json\/wp\/v2\/product\/16799","targetHints":{"allow":["GET"]}}],"collection":[{"href":"https:\/\/skaitytaknyga.lt\/en\/wp-json\/wp\/v2\/product"}],"about":[{"href":"https:\/\/skaitytaknyga.lt\/en\/wp-json\/wp\/v2\/types\/product"}],"replies":[{"embeddable":true,"href":"https:\/\/skaitytaknyga.lt\/en\/wp-json\/wp\/v2\/comments?post=16799"}],"wp:featuredmedia":[{"embeddable":true,"href":"https:\/\/skaitytaknyga.lt\/en\/wp-json\/wp\/v2\/media\/16800"}],"wp:attachment":[{"href":"https:\/\/skaitytaknyga.lt\/en\/wp-json\/wp\/v2\/media?parent=16799"}],"wp:term":[{"taxonomy":"product_brand","embeddable":true,"href":"https:\/\/skaitytaknyga.lt\/en\/wp-json\/wp\/v2\/product_brand?post=16799"},{"taxonomy":"product_cat","embeddable":true,"href":"https:\/\/skaitytaknyga.lt\/en\/wp-json\/wp\/v2\/product_cat?post=16799"},{"taxonomy":"product_tag","embeddable":true,"href":"https:\/\/skaitytaknyga.lt\/en\/wp-json\/wp\/v2\/product_tag?post=16799"}],"curies":[{"name":"wp","href":"https:\/\/api.w.org\/{rel}","templated":true}]}}