{"id":16787,"date":"2025-02-12T09:24:02","date_gmt":"2025-02-12T07:24:02","guid":{"rendered":"https:\/\/skaitytaknyga.lt\/?post_type=product&#038;p=16787"},"modified":"2025-06-26T15:27:57","modified_gmt":"2025-06-26T12:27:57","slug":"kunigas-juozas-vailokaitis","status":"publish","type":"product","link":"https:\/\/skaitytaknyga.lt\/en\/produktas\/kunigas-juozas-vailokaitis\/","title":{"rendered":"Kunigas Juozas Vailokaitis"},"content":{"rendered":"<p>Juozas Vailokaitis baig\u0119s\u00a0Sein\u0173 kunig\u0173 seminarij\u0105, studijavo\u00a0Peterburgo dvasin\u0117je akademijoje, kuri\u0105 baig\u0117\u00a01905 m. teologijos magistro laipsniu. Tais pa\u010diais metais \u012f\u0161ventintas kunigu.\u00a0Gr\u012f\u017e\u0119s \u012f Lietuv\u0105, trumpai dirbo Kalvarijoje, i\u0161 kur po met\u0173 buvo pakviestas \u012f Seinus, 1907\u20131910 m. redagavo kataliki\u0161k\u0105 savaitra\u0161t\u012f \u201e\u0160altin\u012f\u201c. Dirbdamas redakcijoje, u\u017e straipsnius, i\u0161kelian\u010dius rus\u0173 vald\u017eios daromas skriaudas, ne kart\u0105 buvo baustas pinigin\u0117mis baudomis ir kal\u0117jimu, d\u0117l to tur\u0117jo ir i\u0161 \u201e\u0160altinio\u201c redaktoriaus pareig\u0173 pasitraukti. Jis aktyviai dalyvavo \u016bkin\u0117s krik\u0161\u010dioni\u0161kos \u201e\u017dagr\u0117s\u201c draugijos veikloje.<\/p>\n<p>Chicago, 279 p.<br \/>\n500 egz.<\/p>\n","protected":false},"excerpt":{"rendered":"<p>Juozas Vailokaitis baig\u0119s\u00a0Sein\u0173 kunig\u0173 seminarij\u0105, studijavo\u00a0Peterburgo dvasin\u0117je akademijoje, kuri\u0105 baig\u0117\u00a01905 m. teologijos magistro laipsniu. Tais pa\u010diais metais \u012f\u0161ventintas kunigu.\u00a0Gr\u012f\u017e\u0119s \u012f Lietuv\u0105, trumpai dirbo Kalvarijoje, i\u0161 kur po met\u0173 buvo pakviestas \u012f Seinus, 1907\u20131910 m. redagavo kataliki\u0161k\u0105 savaitra\u0161t\u012f \u201e\u0160altin\u012f\u201c. Dirbdamas redakcijoje, u\u017e straipsnius, i\u0161kelian\u010dius rus\u0173 vald\u017eios daromas skriaudas, ne kart\u0105 buvo baustas pinigin\u0117mis baudomis ir kal\u0117jimu, d\u0117l to tur\u0117jo ir i\u0161 \u201e\u0160altinio\u201c redaktoriaus pareig\u0173 pasitraukti. Jis aktyviai dalyvavo \u016bkin\u0117s krik\u0161\u010dioni\u0161kos \u201e\u017dagr\u0117s\u201c draugijos veikloje. Chicago, 279 p. 500 egz.<\/p>\n","protected":false},"featured_media":16788,"comment_status":"open","ping_status":"closed","template":"","meta":{"_acf_changed":false,"site-sidebar-layout":"default","site-content-layout":"","ast-site-content-layout":"default","site-content-style":"default","site-sidebar-style":"default","ast-global-header-display":"","ast-banner-title-visibility":"","ast-main-header-display":"","ast-hfb-above-header-display":"","ast-hfb-below-header-display":"","ast-hfb-mobile-header-display":"","site-post-title":"","ast-breadcrumbs-content":"","ast-featured-img":"","footer-sml-layout":"","ast-disable-related-posts":"","theme-transparent-header-meta":"default","adv-header-id-meta":"","stick-header-meta":"","header-above-stick-meta":"","header-main-stick-meta":"","header-below-stick-meta":"","astra-migrate-meta-layouts":"set","ast-page-background-enabled":"default","ast-page-background-meta":{"desktop":{"background-color":"","background-image":"","background-repeat":"repeat","background-position":"center center","background-size":"auto","background-attachment":"scroll","background-type":"","background-media":"","overlay-type":"","overlay-color":"","overlay-opacity":"","overlay-gradient":""},"tablet":{"background-color":"","background-image":"","background-repeat":"repeat","background-position":"center center","background-size":"auto","background-attachment":"scroll","background-type":"","background-media":"","overlay-type":"","overlay-color":"","overlay-opacity":"","overlay-gradient":""},"mobile":{"background-color":"","background-image":"","background-repeat":"repeat","background-position":"center center","background-size":"auto","background-attachment":"scroll","background-type":"","background-media":"","overlay-type":"","overlay-color":"","overlay-opacity":"","overlay-gradient":""}},"ast-content-background-meta":{"desktop":{"background-color":"var(--ast-global-color-4)","background-image":"","background-repeat":"repeat","background-position":"center center","background-size":"auto","background-attachment":"scroll","background-type":"","background-media":"","overlay-type":"","overlay-color":"","overlay-opacity":"","overlay-gradient":""},"tablet":{"background-color":"var(--ast-global-color-4)","background-image":"","background-repeat":"repeat","background-position":"center center","background-size":"auto","background-attachment":"scroll","background-type":"","background-media":"","overlay-type":"","overlay-color":"","overlay-opacity":"","overlay-gradient":""},"mobile":{"background-color":"var(--ast-global-color-4)","background-image":"","background-repeat":"repeat","background-position":"center center","background-size":"auto","background-attachment":"scroll","background-type":"","background-media":"","overlay-type":"","overlay-color":"","overlay-opacity":"","overlay-gradient":""}}},"product_brand":[],"product_cat":[33,15,165],"product_tag":[2045,5739,5738,5737,2228],"class_list":{"0":"post-16787","1":"product","2":"type-product","3":"status-publish","4":"has-post-thumbnail","6":"product_cat-biografijos","7":"product_cat-uncategorized","8":"product_cat-religija-filosofija-ir-ezoterika","9":"product_tag-biografija","10":"product_tag-cenzura","11":"product_tag-katalikiska-veikla","12":"product_tag-kunigas","13":"product_tag-lietuvos-istorija","14":"desktop-align-left","15":"tablet-align-left","16":"mobile-align-left","18":"first","19":"instock","20":"shipping-taxable","21":"purchasable","22":"product-type-simple"},"acf":[],"yoast_head":"<!-- This site is optimized with the Yoast SEO plugin v27.0 - https:\/\/yoast.com\/product\/yoast-seo-wordpress\/ -->\n<title>Kunigas Juozas Vailokaitis<\/title>\n<meta name=\"description\" content=\"Juozas Vailokaitis baig\u0119s\u00a0Sein\u0173 kunig\u0173 seminarij\u0105, studijavo\u00a0Peterburgo dvasin\u0117je akademijoje, kuri\u0105 baig\u0117\u00a01905 m. teologijos magistro laipsniu. Tais\" \/>\n<meta name=\"robots\" content=\"index, follow, max-snippet:-1, max-image-preview:large, max-video-preview:-1\" \/>\n<link rel=\"canonical\" href=\"https:\/\/skaitytaknyga.lt\/en\/produktas\/kunigas-juozas-vailokaitis\/\" \/>\n<meta property=\"og:locale\" content=\"en_GB\" \/>\n<meta property=\"og:locale:alternate\" content=\"lt_LT\" \/>\n<meta property=\"og:type\" content=\"article\" \/>\n<meta property=\"og:title\" content=\"Kunigas Juozas Vailokaitis\" \/>\n<meta property=\"og:description\" content=\"Juozas Vailokaitis baig\u0119s\u00a0Sein\u0173 kunig\u0173 seminarij\u0105, studijavo\u00a0Peterburgo dvasin\u0117je akademijoje, kuri\u0105 baig\u0117\u00a01905 m. teologijos magistro laipsniu. Tais\" \/>\n<meta property=\"og:url\" content=\"https:\/\/skaitytaknyga.lt\/en\/produktas\/kunigas-juozas-vailokaitis\/\" \/>\n<meta property=\"og:site_name\" content=\"Skaitytaknyga\" \/>\n<meta property=\"article:publisher\" content=\"https:\/\/www.facebook.com\/skaitytaknyga\/\" \/>\n<meta property=\"article:modified_time\" content=\"2025-06-26T12:27:57+00:00\" \/>\n<meta property=\"og:image\" content=\"https:\/\/skaitytaknyga.lt\/wp-content\/uploads\/2025\/02\/Kunigas-Juozas-Vailokaitis.jpg\" \/>\n\t<meta property=\"og:image:width\" content=\"580\" \/>\n\t<meta property=\"og:image:height\" content=\"754\" \/>\n\t<meta property=\"og:image:type\" content=\"image\/jpeg\" \/>\n<meta name=\"twitter:card\" content=\"summary_large_image\" \/>\n<meta name=\"twitter:label1\" content=\"Estimated reading time\" \/>\n\t<meta name=\"twitter:data1\" content=\"1 minute\" \/>\n<script type=\"application\/ld+json\" class=\"yoast-schema-graph\">{\"@context\":\"https:\/\/schema.org\",\"@graph\":[{\"@type\":\"WebPage\",\"@id\":\"https:\/\/skaitytaknyga.lt\/produktas\/kunigas-juozas-vailokaitis\/\",\"url\":\"https:\/\/skaitytaknyga.lt\/produktas\/kunigas-juozas-vailokaitis\/\",\"name\":\"Kunigas Juozas Vailokaitis\",\"isPartOf\":{\"@id\":\"https:\/\/skaitytaknyga.lt\/#website\"},\"primaryImageOfPage\":{\"@id\":\"https:\/\/skaitytaknyga.lt\/produktas\/kunigas-juozas-vailokaitis\/#primaryimage\"},\"image\":{\"@id\":\"https:\/\/skaitytaknyga.lt\/produktas\/kunigas-juozas-vailokaitis\/#primaryimage\"},\"thumbnailUrl\":\"https:\/\/skaitytaknyga.lt\/wp-content\/uploads\/2025\/02\/Kunigas-Juozas-Vailokaitis.jpg\",\"datePublished\":\"2025-02-12T07:24:02+00:00\",\"dateModified\":\"2025-06-26T12:27:57+00:00\",\"description\":\"Juozas Vailokaitis baig\u0119s\u00a0Sein\u0173 kunig\u0173 seminarij\u0105, studijavo\u00a0Peterburgo dvasin\u0117je akademijoje, kuri\u0105 baig\u0117\u00a01905 m. teologijos magistro laipsniu. Tais\",\"breadcrumb\":{\"@id\":\"https:\/\/skaitytaknyga.lt\/produktas\/kunigas-juozas-vailokaitis\/#breadcrumb\"},\"inLanguage\":\"en-GB\",\"potentialAction\":[{\"@type\":\"ReadAction\",\"target\":[\"https:\/\/skaitytaknyga.lt\/produktas\/kunigas-juozas-vailokaitis\/\"]}]},{\"@type\":\"ImageObject\",\"inLanguage\":\"en-GB\",\"@id\":\"https:\/\/skaitytaknyga.lt\/produktas\/kunigas-juozas-vailokaitis\/#primaryimage\",\"url\":\"https:\/\/skaitytaknyga.lt\/wp-content\/uploads\/2025\/02\/Kunigas-Juozas-Vailokaitis.jpg\",\"contentUrl\":\"https:\/\/skaitytaknyga.lt\/wp-content\/uploads\/2025\/02\/Kunigas-Juozas-Vailokaitis.jpg\",\"width\":580,\"height\":754,\"caption\":\"Kunigas Juozas Vailokaitis\"},{\"@type\":\"BreadcrumbList\",\"@id\":\"https:\/\/skaitytaknyga.lt\/produktas\/kunigas-juozas-vailokaitis\/#breadcrumb\",\"itemListElement\":[{\"@type\":\"ListItem\",\"position\":1,\"name\":\"Home\",\"item\":\"https:\/\/skaitytaknyga.lt\/\"},{\"@type\":\"ListItem\",\"position\":2,\"name\":\"Parduotuv\u0117\",\"item\":\"https:\/\/skaitytaknyga.lt\/knygu-parduotuve\/\"},{\"@type\":\"ListItem\",\"position\":3,\"name\":\"Kunigas Juozas Vailokaitis\"}]},{\"@type\":\"WebSite\",\"@id\":\"https:\/\/skaitytaknyga.lt\/#website\",\"url\":\"https:\/\/skaitytaknyga.lt\/\",\"name\":\"skaitytaknyga.lt\",\"description\":\"Skaitytaknyga.lt \u2013 tai ma\u017eas \u0161eimos verslas, kuris prasid\u0117jo nuo meil\u0117s knygoms ir siekio i\u0161gelb\u0117ti knygas nuo likimo prie konteinerio. Kas vienam nereikalingas daiktas \u2013 kitam lobis, o mes esame tarpininkai, kurie padeda abiems tapti laimingesniems ???? \u017dinome kaip nelengva i\u0161gyventi ma\u017eiems verslams, tad nuo \u0161iol, \u010dia rasite ir kit\u0173, ma\u017e\u0173 \u0161eim\u0173 versl\u0173, rank\u0173 darbo, dovan\u0173 sau ir artimiesiems.\",\"publisher\":{\"@id\":\"https:\/\/skaitytaknyga.lt\/#organization\"},\"potentialAction\":[{\"@type\":\"SearchAction\",\"target\":{\"@type\":\"EntryPoint\",\"urlTemplate\":\"https:\/\/skaitytaknyga.lt\/?s={search_term_string}\"},\"query-input\":{\"@type\":\"PropertyValueSpecification\",\"valueRequired\":true,\"valueName\":\"search_term_string\"}}],\"inLanguage\":\"en-GB\"},{\"@type\":\"Organization\",\"@id\":\"https:\/\/skaitytaknyga.lt\/#organization\",\"name\":\"skaitytaknyga.lt\",\"url\":\"https:\/\/skaitytaknyga.lt\/\",\"logo\":{\"@type\":\"ImageObject\",\"inLanguage\":\"en-GB\",\"@id\":\"https:\/\/skaitytaknyga.lt\/#\/schema\/logo\/image\/\",\"url\":\"https:\/\/skaitytaknyga.lt\/wp-content\/uploads\/2024\/05\/cropped-cropped-cropped-02_00843_jt3bggkj1j3HLc7SyY6rEUpg.jpeg\",\"contentUrl\":\"https:\/\/skaitytaknyga.lt\/wp-content\/uploads\/2024\/05\/cropped-cropped-cropped-02_00843_jt3bggkj1j3HLc7SyY6rEUpg.jpeg\",\"width\":1600,\"height\":1600,\"caption\":\"skaitytaknyga.lt\"},\"image\":{\"@id\":\"https:\/\/skaitytaknyga.lt\/#\/schema\/logo\/image\/\"},\"sameAs\":[\"https:\/\/www.facebook.com\/skaitytaknyga\/\"]}]}<\/script>\n<!-- \/ Yoast SEO plugin. -->","yoast_head_json":{"title":"Kunigas Juozas Vailokaitis","description":"Juozas Vailokaitis baig\u0119s\u00a0Sein\u0173 kunig\u0173 seminarij\u0105, studijavo\u00a0Peterburgo dvasin\u0117je akademijoje, kuri\u0105 baig\u0117\u00a01905 m. teologijos magistro laipsniu. Tais","robots":{"index":"index","follow":"follow","max-snippet":"max-snippet:-1","max-image-preview":"max-image-preview:large","max-video-preview":"max-video-preview:-1"},"canonical":"https:\/\/skaitytaknyga.lt\/en\/produktas\/kunigas-juozas-vailokaitis\/","og_locale":"en_GB","og_type":"article","og_title":"[:lt]Kunigas Juozas Vailokaitis[:] - Skaitytaknyga","og_description":"Juozas Vailokaitis baig\u0119s\u00a0Sein\u0173 kunig\u0173 seminarij\u0105, studijavo\u00a0Peterburgo dvasin\u0117je akademijoje, kuri\u0105 baig\u0117\u00a01905 m. teologijos magistro laipsniu. Tais","og_url":"https:\/\/skaitytaknyga.lt\/en\/produktas\/kunigas-juozas-vailokaitis\/","og_site_name":"Skaitytaknyga","article_publisher":"https:\/\/www.facebook.com\/skaitytaknyga\/","article_modified_time":"2025-06-26T12:27:57+00:00","og_image":[{"width":580,"height":754,"url":"https:\/\/skaitytaknyga.lt\/wp-content\/uploads\/2025\/02\/Kunigas-Juozas-Vailokaitis.jpg","type":"image\/jpeg"}],"twitter_card":"summary_large_image","twitter_misc":{"Estimated reading time":"1 minute"},"schema":{"@context":"https:\/\/schema.org","@graph":[{"@type":"WebPage","@id":"https:\/\/skaitytaknyga.lt\/produktas\/kunigas-juozas-vailokaitis\/","url":"https:\/\/skaitytaknyga.lt\/produktas\/kunigas-juozas-vailokaitis\/","name":"Kunigas Juozas Vailokaitis","isPartOf":{"@id":"https:\/\/skaitytaknyga.lt\/#website"},"primaryImageOfPage":{"@id":"https:\/\/skaitytaknyga.lt\/produktas\/kunigas-juozas-vailokaitis\/#primaryimage"},"image":{"@id":"https:\/\/skaitytaknyga.lt\/produktas\/kunigas-juozas-vailokaitis\/#primaryimage"},"thumbnailUrl":"https:\/\/skaitytaknyga.lt\/wp-content\/uploads\/2025\/02\/Kunigas-Juozas-Vailokaitis.jpg","datePublished":"2025-02-12T07:24:02+00:00","dateModified":"2025-06-26T12:27:57+00:00","description":"Juozas Vailokaitis baig\u0119s\u00a0Sein\u0173 kunig\u0173 seminarij\u0105, studijavo\u00a0Peterburgo dvasin\u0117je akademijoje, kuri\u0105 baig\u0117\u00a01905 m. teologijos magistro laipsniu. Tais","breadcrumb":{"@id":"https:\/\/skaitytaknyga.lt\/produktas\/kunigas-juozas-vailokaitis\/#breadcrumb"},"inLanguage":"en-GB","potentialAction":[{"@type":"ReadAction","target":["https:\/\/skaitytaknyga.lt\/produktas\/kunigas-juozas-vailokaitis\/"]}]},{"@type":"ImageObject","inLanguage":"en-GB","@id":"https:\/\/skaitytaknyga.lt\/produktas\/kunigas-juozas-vailokaitis\/#primaryimage","url":"https:\/\/skaitytaknyga.lt\/wp-content\/uploads\/2025\/02\/Kunigas-Juozas-Vailokaitis.jpg","contentUrl":"https:\/\/skaitytaknyga.lt\/wp-content\/uploads\/2025\/02\/Kunigas-Juozas-Vailokaitis.jpg","width":580,"height":754,"caption":"Kunigas Juozas Vailokaitis"},{"@type":"BreadcrumbList","@id":"https:\/\/skaitytaknyga.lt\/produktas\/kunigas-juozas-vailokaitis\/#breadcrumb","itemListElement":[{"@type":"ListItem","position":1,"name":"Home","item":"https:\/\/skaitytaknyga.lt\/"},{"@type":"ListItem","position":2,"name":"Parduotuv\u0117","item":"https:\/\/skaitytaknyga.lt\/knygu-parduotuve\/"},{"@type":"ListItem","position":3,"name":"Kunigas Juozas Vailokaitis"}]},{"@type":"WebSite","@id":"https:\/\/skaitytaknyga.lt\/#website","url":"https:\/\/skaitytaknyga.lt\/","name":"skaitytaknyga.lt","description":"Skaitytaknyga.lt \u2013 tai ma\u017eas \u0161eimos verslas, kuris prasid\u0117jo nuo meil\u0117s knygoms ir siekio i\u0161gelb\u0117ti knygas nuo likimo prie konteinerio. Kas vienam nereikalingas daiktas \u2013 kitam lobis, o mes esame tarpininkai, kurie padeda abiems tapti laimingesniems ???? \u017dinome kaip nelengva i\u0161gyventi ma\u017eiems verslams, tad nuo \u0161iol, \u010dia rasite ir kit\u0173, ma\u017e\u0173 \u0161eim\u0173 versl\u0173, rank\u0173 darbo, dovan\u0173 sau ir artimiesiems.","publisher":{"@id":"https:\/\/skaitytaknyga.lt\/#organization"},"potentialAction":[{"@type":"SearchAction","target":{"@type":"EntryPoint","urlTemplate":"https:\/\/skaitytaknyga.lt\/?s={search_term_string}"},"query-input":{"@type":"PropertyValueSpecification","valueRequired":true,"valueName":"search_term_string"}}],"inLanguage":"en-GB"},{"@type":"Organization","@id":"https:\/\/skaitytaknyga.lt\/#organization","name":"skaitytaknyga.lt","url":"https:\/\/skaitytaknyga.lt\/","logo":{"@type":"ImageObject","inLanguage":"en-GB","@id":"https:\/\/skaitytaknyga.lt\/#\/schema\/logo\/image\/","url":"https:\/\/skaitytaknyga.lt\/wp-content\/uploads\/2024\/05\/cropped-cropped-cropped-02_00843_jt3bggkj1j3HLc7SyY6rEUpg.jpeg","contentUrl":"https:\/\/skaitytaknyga.lt\/wp-content\/uploads\/2024\/05\/cropped-cropped-cropped-02_00843_jt3bggkj1j3HLc7SyY6rEUpg.jpeg","width":1600,"height":1600,"caption":"skaitytaknyga.lt"},"image":{"@id":"https:\/\/skaitytaknyga.lt\/#\/schema\/logo\/image\/"},"sameAs":["https:\/\/www.facebook.com\/skaitytaknyga\/"]}]}},"_links":{"self":[{"href":"https:\/\/skaitytaknyga.lt\/en\/wp-json\/wp\/v2\/product\/16787","targetHints":{"allow":["GET"]}}],"collection":[{"href":"https:\/\/skaitytaknyga.lt\/en\/wp-json\/wp\/v2\/product"}],"about":[{"href":"https:\/\/skaitytaknyga.lt\/en\/wp-json\/wp\/v2\/types\/product"}],"replies":[{"embeddable":true,"href":"https:\/\/skaitytaknyga.lt\/en\/wp-json\/wp\/v2\/comments?post=16787"}],"wp:featuredmedia":[{"embeddable":true,"href":"https:\/\/skaitytaknyga.lt\/en\/wp-json\/wp\/v2\/media\/16788"}],"wp:attachment":[{"href":"https:\/\/skaitytaknyga.lt\/en\/wp-json\/wp\/v2\/media?parent=16787"}],"wp:term":[{"taxonomy":"product_brand","embeddable":true,"href":"https:\/\/skaitytaknyga.lt\/en\/wp-json\/wp\/v2\/product_brand?post=16787"},{"taxonomy":"product_cat","embeddable":true,"href":"https:\/\/skaitytaknyga.lt\/en\/wp-json\/wp\/v2\/product_cat?post=16787"},{"taxonomy":"product_tag","embeddable":true,"href":"https:\/\/skaitytaknyga.lt\/en\/wp-json\/wp\/v2\/product_tag?post=16787"}],"curies":[{"name":"wp","href":"https:\/\/api.w.org\/{rel}","templated":true}]}}