{"id":16781,"date":"2025-02-12T09:12:40","date_gmt":"2025-02-12T07:12:40","guid":{"rendered":"https:\/\/skaitytaknyga.lt\/?post_type=product&#038;p=16781"},"modified":"2025-02-12T09:15:45","modified_gmt":"2025-02-12T07:15:45","slug":"naujieji-sekso-dziaugsmai","status":"publish","type":"product","link":"https:\/\/skaitytaknyga.lt\/en\/produktas\/naujieji-sekso-dziaugsmai\/","title":{"rendered":"Naujieji sekso d\u017eiaugsmai"},"content":{"rendered":"<p>\u201eSekso d\u017eiaugsmai\u201c \u2013 geriausias sekso vadov\u0117lis. \u0160i i\u0161 pagrind\u0173 visk\u0105 kei\u010dianti knyga propaguoja abipus\u0119 \u012fsimyl\u0117j\u0117li\u0173 pagarb\u0105 ir \u0161velnum\u0105.<\/p>\n<p>1972 m. i\u0161leistas ir tap\u0119s tarptautiniu bestseleriu klasikinis profesoriaus Alexo Comforto veikalas \u017emogaus fizinio intymumo d\u017eiaugsm\u0105 i\u0161auk\u0161tino taip i\u0161kalbingai ir taip atvirai, kad visa karta pasijuto galinti m\u0117gautis seksu.<\/p>\n<p>Jokiai kitai knygai nepavyko taip vaizdingai, be var\u017eymosi ir smagiai mokyti myl\u0117tis. M\u016bs\u0173 laikais nenusisekusi\u0173 seksualini\u0173 santyki\u0173 prie\u017eastys skiriasi nuo tuometin\u0117s Alexo Comforto auditorijos i\u0161gyvent\u0173. \u0160is naujasis \u201eSekso d\u017eiaugsm\u0173\u201c leidimas, sekspert\u0117s ir santyki\u0173 psicholog\u0117s Susan Quilliam per\u017ei\u016br\u0117tas ir pataisytas, turi daugiau kaip 40 visai nauj\u0173 skyri\u0173.<\/p>\n<ul class=\"about-product d-none d-xl-block mt-4\">\n<li><strong>Autorius:<\/strong>\u00a0Alex Comfort,\u00a0Susan Quilliam<\/li>\n<li><strong>Leid\u0117jas:<\/strong>\u00a0Charibd\u0117<\/li>\n<li><strong>Metai:<\/strong>\u00a02009<\/li>\n<li><strong>Puslapiai:<\/strong>\u00a0288<\/li>\n<li class=\"toggleable type-new-formats \"><strong>ISBN:<\/strong>\u00a09789955739166<\/li>\n<li class=\"toggleable type-new-formats \"><strong>Formatas:<\/strong>\u00a018 x 23,7 x 3 cm, kieti vir\u0161eliai<\/li>\n<li><strong>Kalba:<\/strong>\u00a0Lietuvi\u0173<\/li>\n<li><strong>Vert\u0117jas:<\/strong>\u00a0Jolita Parvickien\u0117<\/li>\n<\/ul>\n","protected":false},"excerpt":{"rendered":"<p>\u201eSekso d\u017eiaugsmai\u201c \u2013 geriausias sekso vadov\u0117lis. \u0160i i\u0161 pagrind\u0173 visk\u0105 kei\u010dianti knyga propaguoja abipus\u0119 \u012fsimyl\u0117j\u0117li\u0173 pagarb\u0105 ir \u0161velnum\u0105. 1972 m. i\u0161leistas ir tap\u0119s tarptautiniu bestseleriu klasikinis profesoriaus Alexo Comforto veikalas \u017emogaus fizinio intymumo d\u017eiaugsm\u0105 i\u0161auk\u0161tino taip i\u0161kalbingai ir taip atvirai, kad visa karta pasijuto galinti m\u0117gautis seksu. Jokiai kitai knygai nepavyko taip vaizdingai, be var\u017eymosi ir smagiai mokyti myl\u0117tis. M\u016bs\u0173 laikais nenusisekusi\u0173 seksualini\u0173 santyki\u0173 prie\u017eastys skiriasi nuo tuometin\u0117s Alexo Comforto auditorijos i\u0161gyvent\u0173. \u0160is naujasis \u201eSekso d\u017eiaugsm\u0173\u201c leidimas, sekspert\u0117s ir santyki\u0173 psicholog\u0117s Susan Quilliam per\u017ei\u016br\u0117tas ir pataisytas, turi daugiau kaip 40 visai nauj\u0173 skyri\u0173. Autorius:\u00a0Alex Comfort,\u00a0Susan Quilliam Leid\u0117jas:\u00a0Charibd\u0117 Metai:\u00a02009 Puslapiai:\u00a0288 ISBN:\u00a09789955739166 Formatas:\u00a018 x 23,7 x 3 cm, kieti vir\u0161eliai Kalba:\u00a0Lietuvi\u0173 Vert\u0117jas:\u00a0Jolita Parvickien\u0117<\/p>\n","protected":false},"featured_media":16782,"comment_status":"open","ping_status":"closed","template":"","meta":{"_acf_changed":false,"site-sidebar-layout":"default","site-content-layout":"","ast-site-content-layout":"default","site-content-style":"default","site-sidebar-style":"default","ast-global-header-display":"","ast-banner-title-visibility":"","ast-main-header-display":"","ast-hfb-above-header-display":"","ast-hfb-below-header-display":"","ast-hfb-mobile-header-display":"","site-post-title":"","ast-breadcrumbs-content":"","ast-featured-img":"","footer-sml-layout":"","ast-disable-related-posts":"","theme-transparent-header-meta":"default","adv-header-id-meta":"","stick-header-meta":"","header-above-stick-meta":"","header-main-stick-meta":"","header-below-stick-meta":"","astra-migrate-meta-layouts":"set","ast-page-background-enabled":"default","ast-page-background-meta":{"desktop":{"background-color":"","background-image":"","background-repeat":"repeat","background-position":"center center","background-size":"auto","background-attachment":"scroll","background-type":"","background-media":"","overlay-type":"","overlay-color":"","overlay-opacity":"","overlay-gradient":""},"tablet":{"background-color":"","background-image":"","background-repeat":"repeat","background-position":"center center","background-size":"auto","background-attachment":"scroll","background-type":"","background-media":"","overlay-type":"","overlay-color":"","overlay-opacity":"","overlay-gradient":""},"mobile":{"background-color":"","background-image":"","background-repeat":"repeat","background-position":"center center","background-size":"auto","background-attachment":"scroll","background-type":"","background-media":"","overlay-type":"","overlay-color":"","overlay-opacity":"","overlay-gradient":""}},"ast-content-background-meta":{"desktop":{"background-color":"var(--ast-global-color-4)","background-image":"","background-repeat":"repeat","background-position":"center center","background-size":"auto","background-attachment":"scroll","background-type":"","background-media":"","overlay-type":"","overlay-color":"","overlay-opacity":"","overlay-gradient":""},"tablet":{"background-color":"var(--ast-global-color-4)","background-image":"","background-repeat":"repeat","background-position":"center center","background-size":"auto","background-attachment":"scroll","background-type":"","background-media":"","overlay-type":"","overlay-color":"","overlay-opacity":"","overlay-gradient":""},"mobile":{"background-color":"var(--ast-global-color-4)","background-image":"","background-repeat":"repeat","background-position":"center center","background-size":"auto","background-attachment":"scroll","background-type":"","background-media":"","overlay-type":"","overlay-color":"","overlay-opacity":"","overlay-gradient":""}}},"product_brand":[],"product_cat":[27,15],"product_tag":[],"class_list":{"0":"post-16781","1":"product","2":"type-product","3":"status-publish","4":"has-post-thumbnail","6":"product_cat-sportas-laisvalaikis-rankdarbiai","7":"product_cat-uncategorized","8":"desktop-align-left","9":"tablet-align-left","10":"mobile-align-left","12":"first","13":"instock","14":"shipping-taxable","15":"purchasable","16":"product-type-simple"},"acf":[],"yoast_head":"<!-- This site is optimized with the Yoast SEO plugin v27.4 - https:\/\/yoast.com\/product\/yoast-seo-wordpress\/ -->\n<title>Naujieji sekso d\u017eiaugsmai<\/title>\n<meta name=\"description\" content=\"\u201eSekso d\u017eiaugsmai\u201c \u2013 geriausias sekso vadov\u0117lis. \u0160i i\u0161 pagrind\u0173 visk\u0105 kei\u010dianti knyga propaguoja abipus\u0119 \u012fsimyl\u0117j\u0117li\u0173 pagarb\u0105 ir \u0161velnum\u0105. 1972 m.\" \/>\n<meta name=\"robots\" content=\"index, follow, max-snippet:-1, max-image-preview:large, max-video-preview:-1\" \/>\n<link rel=\"canonical\" href=\"https:\/\/skaitytaknyga.lt\/en\/produktas\/naujieji-sekso-dziaugsmai\/\" \/>\n<meta property=\"og:locale\" content=\"en_GB\" \/>\n<meta property=\"og:locale:alternate\" content=\"lt_LT\" \/>\n<meta property=\"og:type\" content=\"article\" \/>\n<meta property=\"og:title\" content=\"Naujieji sekso d\u017eiaugsmai\" \/>\n<meta property=\"og:description\" content=\"\u201eSekso d\u017eiaugsmai\u201c \u2013 geriausias sekso vadov\u0117lis. \u0160i i\u0161 pagrind\u0173 visk\u0105 kei\u010dianti knyga propaguoja abipus\u0119 \u012fsimyl\u0117j\u0117li\u0173 pagarb\u0105 ir \u0161velnum\u0105. 1972 m.\" \/>\n<meta property=\"og:url\" content=\"https:\/\/skaitytaknyga.lt\/en\/produktas\/naujieji-sekso-dziaugsmai\/\" \/>\n<meta property=\"og:site_name\" content=\"Skaitytaknyga\" \/>\n<meta property=\"article:publisher\" content=\"https:\/\/www.facebook.com\/skaitytaknyga\/\" \/>\n<meta property=\"article:modified_time\" content=\"2025-02-12T07:15:45+00:00\" \/>\n<meta property=\"og:image\" content=\"https:\/\/skaitytaknyga.lt\/wp-content\/uploads\/2025\/02\/Naujieji-sekso-dziaugsmai.webp\" \/>\n\t<meta property=\"og:image:width\" content=\"505\" \/>\n\t<meta property=\"og:image:height\" content=\"690\" \/>\n\t<meta property=\"og:image:type\" content=\"image\/webp\" \/>\n<meta name=\"twitter:card\" content=\"summary_large_image\" \/>\n<meta name=\"twitter:label1\" content=\"Estimated reading time\" \/>\n\t<meta name=\"twitter:data1\" content=\"1 minute\" \/>\n<script type=\"application\/ld+json\" class=\"yoast-schema-graph\">{\"@context\":\"https:\\\/\\\/schema.org\",\"@graph\":[{\"@type\":\"WebPage\",\"@id\":\"https:\\\/\\\/skaitytaknyga.lt\\\/produktas\\\/naujieji-sekso-dziaugsmai\\\/\",\"url\":\"https:\\\/\\\/skaitytaknyga.lt\\\/produktas\\\/naujieji-sekso-dziaugsmai\\\/\",\"name\":\"Naujieji sekso d\u017eiaugsmai\",\"isPartOf\":{\"@id\":\"https:\\\/\\\/skaitytaknyga.lt\\\/#website\"},\"primaryImageOfPage\":{\"@id\":\"https:\\\/\\\/skaitytaknyga.lt\\\/produktas\\\/naujieji-sekso-dziaugsmai\\\/#primaryimage\"},\"image\":{\"@id\":\"https:\\\/\\\/skaitytaknyga.lt\\\/produktas\\\/naujieji-sekso-dziaugsmai\\\/#primaryimage\"},\"thumbnailUrl\":\"https:\\\/\\\/skaitytaknyga.lt\\\/wp-content\\\/uploads\\\/2025\\\/02\\\/Naujieji-sekso-dziaugsmai.webp\",\"datePublished\":\"2025-02-12T07:12:40+00:00\",\"dateModified\":\"2025-02-12T07:15:45+00:00\",\"description\":\"\u201eSekso d\u017eiaugsmai\u201c \u2013 geriausias sekso vadov\u0117lis. \u0160i i\u0161 pagrind\u0173 visk\u0105 kei\u010dianti knyga propaguoja abipus\u0119 \u012fsimyl\u0117j\u0117li\u0173 pagarb\u0105 ir \u0161velnum\u0105. 1972 m.\",\"breadcrumb\":{\"@id\":\"https:\\\/\\\/skaitytaknyga.lt\\\/produktas\\\/naujieji-sekso-dziaugsmai\\\/#breadcrumb\"},\"inLanguage\":\"en-GB\",\"potentialAction\":[{\"@type\":\"ReadAction\",\"target\":[\"https:\\\/\\\/skaitytaknyga.lt\\\/produktas\\\/naujieji-sekso-dziaugsmai\\\/\"]}]},{\"@type\":\"ImageObject\",\"inLanguage\":\"en-GB\",\"@id\":\"https:\\\/\\\/skaitytaknyga.lt\\\/produktas\\\/naujieji-sekso-dziaugsmai\\\/#primaryimage\",\"url\":\"https:\\\/\\\/skaitytaknyga.lt\\\/wp-content\\\/uploads\\\/2025\\\/02\\\/Naujieji-sekso-dziaugsmai.webp\",\"contentUrl\":\"https:\\\/\\\/skaitytaknyga.lt\\\/wp-content\\\/uploads\\\/2025\\\/02\\\/Naujieji-sekso-dziaugsmai.webp\",\"width\":505,\"height\":690,\"caption\":\"Naujieji sekso d\u017eiaugsmai\"},{\"@type\":\"BreadcrumbList\",\"@id\":\"https:\\\/\\\/skaitytaknyga.lt\\\/produktas\\\/naujieji-sekso-dziaugsmai\\\/#breadcrumb\",\"itemListElement\":[{\"@type\":\"ListItem\",\"position\":1,\"name\":\"Home\",\"item\":\"https:\\\/\\\/skaitytaknyga.lt\\\/\"},{\"@type\":\"ListItem\",\"position\":2,\"name\":\"Parduotuv\u0117\",\"item\":\"https:\\\/\\\/skaitytaknyga.lt\\\/knygu-parduotuve\\\/\"},{\"@type\":\"ListItem\",\"position\":3,\"name\":\"Naujieji sekso d\u017eiaugsmai\"}]},{\"@type\":\"WebSite\",\"@id\":\"https:\\\/\\\/skaitytaknyga.lt\\\/#website\",\"url\":\"https:\\\/\\\/skaitytaknyga.lt\\\/\",\"name\":\"skaitytaknyga.lt\",\"description\":\"Skaitytaknyga.lt \u2013 tai ma\u017eas \u0161eimos verslas, kuris prasid\u0117jo nuo meil\u0117s knygoms ir siekio i\u0161gelb\u0117ti knygas nuo likimo prie konteinerio. Kas vienam nereikalingas daiktas \u2013 kitam lobis, o mes esame tarpininkai, kurie padeda abiems tapti laimingesniems ???? \u017dinome kaip nelengva i\u0161gyventi ma\u017eiems verslams, tad nuo \u0161iol, \u010dia rasite ir kit\u0173, ma\u017e\u0173 \u0161eim\u0173 versl\u0173, rank\u0173 darbo, dovan\u0173 sau ir artimiesiems.\",\"publisher\":{\"@id\":\"https:\\\/\\\/skaitytaknyga.lt\\\/#organization\"},\"potentialAction\":[{\"@type\":\"SearchAction\",\"target\":{\"@type\":\"EntryPoint\",\"urlTemplate\":\"https:\\\/\\\/skaitytaknyga.lt\\\/?s={search_term_string}\"},\"query-input\":{\"@type\":\"PropertyValueSpecification\",\"valueRequired\":true,\"valueName\":\"search_term_string\"}}],\"inLanguage\":\"en-GB\"},{\"@type\":\"Organization\",\"@id\":\"https:\\\/\\\/skaitytaknyga.lt\\\/#organization\",\"name\":\"skaitytaknyga.lt\",\"url\":\"https:\\\/\\\/skaitytaknyga.lt\\\/\",\"logo\":{\"@type\":\"ImageObject\",\"inLanguage\":\"en-GB\",\"@id\":\"https:\\\/\\\/skaitytaknyga.lt\\\/#\\\/schema\\\/logo\\\/image\\\/\",\"url\":\"https:\\\/\\\/skaitytaknyga.lt\\\/wp-content\\\/uploads\\\/2024\\\/05\\\/cropped-cropped-cropped-02_00843_jt3bggkj1j3HLc7SyY6rEUpg.jpeg\",\"contentUrl\":\"https:\\\/\\\/skaitytaknyga.lt\\\/wp-content\\\/uploads\\\/2024\\\/05\\\/cropped-cropped-cropped-02_00843_jt3bggkj1j3HLc7SyY6rEUpg.jpeg\",\"width\":1600,\"height\":1600,\"caption\":\"skaitytaknyga.lt\"},\"image\":{\"@id\":\"https:\\\/\\\/skaitytaknyga.lt\\\/#\\\/schema\\\/logo\\\/image\\\/\"},\"sameAs\":[\"https:\\\/\\\/www.facebook.com\\\/skaitytaknyga\\\/\"]}]}<\/script>\n<!-- \/ Yoast SEO plugin. -->","yoast_head_json":{"title":"Naujieji sekso d\u017eiaugsmai","description":"\u201eSekso d\u017eiaugsmai\u201c \u2013 geriausias sekso vadov\u0117lis. \u0160i i\u0161 pagrind\u0173 visk\u0105 kei\u010dianti knyga propaguoja abipus\u0119 \u012fsimyl\u0117j\u0117li\u0173 pagarb\u0105 ir \u0161velnum\u0105. 1972 m.","robots":{"index":"index","follow":"follow","max-snippet":"max-snippet:-1","max-image-preview":"max-image-preview:large","max-video-preview":"max-video-preview:-1"},"canonical":"https:\/\/skaitytaknyga.lt\/en\/produktas\/naujieji-sekso-dziaugsmai\/","og_locale":"en_GB","og_type":"article","og_title":"[:lt]Naujieji sekso d\u017eiaugsmai[:] - Skaitytaknyga","og_description":"\u201eSekso d\u017eiaugsmai\u201c \u2013 geriausias sekso vadov\u0117lis. \u0160i i\u0161 pagrind\u0173 visk\u0105 kei\u010dianti knyga propaguoja abipus\u0119 \u012fsimyl\u0117j\u0117li\u0173 pagarb\u0105 ir \u0161velnum\u0105. 1972 m.","og_url":"https:\/\/skaitytaknyga.lt\/en\/produktas\/naujieji-sekso-dziaugsmai\/","og_site_name":"Skaitytaknyga","article_publisher":"https:\/\/www.facebook.com\/skaitytaknyga\/","article_modified_time":"2025-02-12T07:15:45+00:00","og_image":[{"width":505,"height":690,"url":"https:\/\/skaitytaknyga.lt\/wp-content\/uploads\/2025\/02\/Naujieji-sekso-dziaugsmai.webp","type":"image\/webp"}],"twitter_card":"summary_large_image","twitter_misc":{"Estimated reading time":"1 minute"},"schema":{"@context":"https:\/\/schema.org","@graph":[{"@type":"WebPage","@id":"https:\/\/skaitytaknyga.lt\/produktas\/naujieji-sekso-dziaugsmai\/","url":"https:\/\/skaitytaknyga.lt\/produktas\/naujieji-sekso-dziaugsmai\/","name":"Naujieji sekso d\u017eiaugsmai","isPartOf":{"@id":"https:\/\/skaitytaknyga.lt\/#website"},"primaryImageOfPage":{"@id":"https:\/\/skaitytaknyga.lt\/produktas\/naujieji-sekso-dziaugsmai\/#primaryimage"},"image":{"@id":"https:\/\/skaitytaknyga.lt\/produktas\/naujieji-sekso-dziaugsmai\/#primaryimage"},"thumbnailUrl":"https:\/\/skaitytaknyga.lt\/wp-content\/uploads\/2025\/02\/Naujieji-sekso-dziaugsmai.webp","datePublished":"2025-02-12T07:12:40+00:00","dateModified":"2025-02-12T07:15:45+00:00","description":"\u201eSekso d\u017eiaugsmai\u201c \u2013 geriausias sekso vadov\u0117lis. \u0160i i\u0161 pagrind\u0173 visk\u0105 kei\u010dianti knyga propaguoja abipus\u0119 \u012fsimyl\u0117j\u0117li\u0173 pagarb\u0105 ir \u0161velnum\u0105. 1972 m.","breadcrumb":{"@id":"https:\/\/skaitytaknyga.lt\/produktas\/naujieji-sekso-dziaugsmai\/#breadcrumb"},"inLanguage":"en-GB","potentialAction":[{"@type":"ReadAction","target":["https:\/\/skaitytaknyga.lt\/produktas\/naujieji-sekso-dziaugsmai\/"]}]},{"@type":"ImageObject","inLanguage":"en-GB","@id":"https:\/\/skaitytaknyga.lt\/produktas\/naujieji-sekso-dziaugsmai\/#primaryimage","url":"https:\/\/skaitytaknyga.lt\/wp-content\/uploads\/2025\/02\/Naujieji-sekso-dziaugsmai.webp","contentUrl":"https:\/\/skaitytaknyga.lt\/wp-content\/uploads\/2025\/02\/Naujieji-sekso-dziaugsmai.webp","width":505,"height":690,"caption":"Naujieji sekso d\u017eiaugsmai"},{"@type":"BreadcrumbList","@id":"https:\/\/skaitytaknyga.lt\/produktas\/naujieji-sekso-dziaugsmai\/#breadcrumb","itemListElement":[{"@type":"ListItem","position":1,"name":"Home","item":"https:\/\/skaitytaknyga.lt\/"},{"@type":"ListItem","position":2,"name":"Parduotuv\u0117","item":"https:\/\/skaitytaknyga.lt\/knygu-parduotuve\/"},{"@type":"ListItem","position":3,"name":"Naujieji sekso d\u017eiaugsmai"}]},{"@type":"WebSite","@id":"https:\/\/skaitytaknyga.lt\/#website","url":"https:\/\/skaitytaknyga.lt\/","name":"skaitytaknyga.lt","description":"Skaitytaknyga.lt \u2013 tai ma\u017eas \u0161eimos verslas, kuris prasid\u0117jo nuo meil\u0117s knygoms ir siekio i\u0161gelb\u0117ti knygas nuo likimo prie konteinerio. Kas vienam nereikalingas daiktas \u2013 kitam lobis, o mes esame tarpininkai, kurie padeda abiems tapti laimingesniems ???? \u017dinome kaip nelengva i\u0161gyventi ma\u017eiems verslams, tad nuo \u0161iol, \u010dia rasite ir kit\u0173, ma\u017e\u0173 \u0161eim\u0173 versl\u0173, rank\u0173 darbo, dovan\u0173 sau ir artimiesiems.","publisher":{"@id":"https:\/\/skaitytaknyga.lt\/#organization"},"potentialAction":[{"@type":"SearchAction","target":{"@type":"EntryPoint","urlTemplate":"https:\/\/skaitytaknyga.lt\/?s={search_term_string}"},"query-input":{"@type":"PropertyValueSpecification","valueRequired":true,"valueName":"search_term_string"}}],"inLanguage":"en-GB"},{"@type":"Organization","@id":"https:\/\/skaitytaknyga.lt\/#organization","name":"skaitytaknyga.lt","url":"https:\/\/skaitytaknyga.lt\/","logo":{"@type":"ImageObject","inLanguage":"en-GB","@id":"https:\/\/skaitytaknyga.lt\/#\/schema\/logo\/image\/","url":"https:\/\/skaitytaknyga.lt\/wp-content\/uploads\/2024\/05\/cropped-cropped-cropped-02_00843_jt3bggkj1j3HLc7SyY6rEUpg.jpeg","contentUrl":"https:\/\/skaitytaknyga.lt\/wp-content\/uploads\/2024\/05\/cropped-cropped-cropped-02_00843_jt3bggkj1j3HLc7SyY6rEUpg.jpeg","width":1600,"height":1600,"caption":"skaitytaknyga.lt"},"image":{"@id":"https:\/\/skaitytaknyga.lt\/#\/schema\/logo\/image\/"},"sameAs":["https:\/\/www.facebook.com\/skaitytaknyga\/"]}]}},"_links":{"self":[{"href":"https:\/\/skaitytaknyga.lt\/en\/wp-json\/wp\/v2\/product\/16781","targetHints":{"allow":["GET"]}}],"collection":[{"href":"https:\/\/skaitytaknyga.lt\/en\/wp-json\/wp\/v2\/product"}],"about":[{"href":"https:\/\/skaitytaknyga.lt\/en\/wp-json\/wp\/v2\/types\/product"}],"replies":[{"embeddable":true,"href":"https:\/\/skaitytaknyga.lt\/en\/wp-json\/wp\/v2\/comments?post=16781"}],"wp:featuredmedia":[{"embeddable":true,"href":"https:\/\/skaitytaknyga.lt\/en\/wp-json\/wp\/v2\/media\/16782"}],"wp:attachment":[{"href":"https:\/\/skaitytaknyga.lt\/en\/wp-json\/wp\/v2\/media?parent=16781"}],"wp:term":[{"taxonomy":"product_brand","embeddable":true,"href":"https:\/\/skaitytaknyga.lt\/en\/wp-json\/wp\/v2\/product_brand?post=16781"},{"taxonomy":"product_cat","embeddable":true,"href":"https:\/\/skaitytaknyga.lt\/en\/wp-json\/wp\/v2\/product_cat?post=16781"},{"taxonomy":"product_tag","embeddable":true,"href":"https:\/\/skaitytaknyga.lt\/en\/wp-json\/wp\/v2\/product_tag?post=16781"}],"curies":[{"name":"wp","href":"https:\/\/api.w.org\/{rel}","templated":true}]}}