{"id":16778,"date":"2025-02-12T09:10:30","date_gmt":"2025-02-12T07:10:30","guid":{"rendered":"https:\/\/skaitytaknyga.lt\/?post_type=product&#038;p=16778"},"modified":"2025-02-12T09:11:32","modified_gmt":"2025-02-12T07:11:32","slug":"naujas-prancuzu-lietuviu-ir-lietuviu-prancuzu-k-zodynas","status":"publish","type":"product","link":"https:\/\/skaitytaknyga.lt\/en\/produktas\/naujas-prancuzu-lietuviu-ir-lietuviu-prancuzu-k-zodynas\/","title":{"rendered":"Naujas pranc\u016bz\u0173-lietuvi\u0173 ir lietuvi\u0173-pranc\u016bz\u0173 k. \u017eodynas"},"content":{"rendered":"<p>\u017dodynas sudarytas remiantis naujausiais Pranc\u016bzijoje i\u0161leistais \u017eodynais bei autor\u0117s kalbine patirtimi, \u012fgyta gyvenant Pranc\u016bzijoje. Kaip atskiri priedai jame pateikti populiariausi\u0173 kompiuterini\u0173 termin\u0173 \u017eodyn\u0117lis, da\u017eniausiai pasitaikan\u010dios santrumpos, taip pat pridedama geografini\u0173 vard\u0173 s\u0105ra\u0161as ir veiksma\u017eod\u017ei\u0173 asmenavimo lentel\u0117s.<\/p>\n<p>\u012e \u017eodyn\u0105 s\u0105moningai ne\u012ftraukti pasen\u0119 dabar jau nebevartojami \u017eod\u017eiai ar j\u0173 reik\u0161m\u0117s. Visi pranc\u016bzi\u0161kieji antra\u0161tiniai \u017eod\u017eiai pateikiami transkripuoti, o lietuvi\u0161kieji antra\u0161tiniai \u017eod\u017eiai \u2013 sukir\u010diuoti.<\/p>\n<p>\u017dodyne yra apie 62 000 \u017eod\u017ei\u0173 ir \u017eod\u017ei\u0173 jungini\u0173.<\/p>\n<ul class=\"about-product d-none d-xl-block mt-4\">\n<li><strong>Autorius:<\/strong>\u00a0Danguol\u0117 Melnikien\u0117<\/li>\n<li><strong>Leid\u0117jas:<\/strong>\u00a0\u017dara<\/li>\n<li><strong>Metai:<\/strong>\u00a02001<\/li>\n<li><strong>Puslapiai:<\/strong>\u00a0688<\/li>\n<li class=\"toggleable type-new-formats \"><strong>ISBN-10:<\/strong>\u00a09986340608<\/li>\n<li class=\"toggleable type-new-formats \"><strong>ISBN-13:<\/strong>\u00a09789986340607<\/li>\n<li><strong>Prek\u0117s kodas:<\/strong>\u00a022001005839<\/li>\n<li><strong>Versijos kodas:<\/strong>\u00a03<\/li>\n<li class=\"toggleable type-new-formats \"><strong>Formatas:<\/strong>\u00a017,5 x 24,5 cm, kieti vir\u0161eliai<\/li>\n<li><strong>Kalba:<\/strong>\u00a0Lietuvi\u0173,\u00a0Pranc\u016bz\u0173<\/li>\n<\/ul>\n","protected":false},"excerpt":{"rendered":"<p>\u017dodynas sudarytas remiantis naujausiais Pranc\u016bzijoje i\u0161leistais \u017eodynais bei autor\u0117s kalbine patirtimi, \u012fgyta gyvenant Pranc\u016bzijoje. Kaip atskiri priedai jame pateikti populiariausi\u0173 kompiuterini\u0173 termin\u0173 \u017eodyn\u0117lis, da\u017eniausiai pasitaikan\u010dios santrumpos, taip pat pridedama geografini\u0173 vard\u0173 s\u0105ra\u0161as ir veiksma\u017eod\u017ei\u0173 asmenavimo lentel\u0117s. \u012e \u017eodyn\u0105 s\u0105moningai ne\u012ftraukti pasen\u0119 dabar jau nebevartojami \u017eod\u017eiai ar j\u0173 reik\u0161m\u0117s. Visi pranc\u016bzi\u0161kieji antra\u0161tiniai \u017eod\u017eiai pateikiami transkripuoti, o lietuvi\u0161kieji antra\u0161tiniai \u017eod\u017eiai \u2013 sukir\u010diuoti. \u017dodyne yra apie 62 000 \u017eod\u017ei\u0173 ir \u017eod\u017ei\u0173 jungini\u0173. Autorius:\u00a0Danguol\u0117 Melnikien\u0117 Leid\u0117jas:\u00a0\u017dara Metai:\u00a02001 Puslapiai:\u00a0688 ISBN-10:\u00a09986340608 ISBN-13:\u00a09789986340607 Prek\u0117s kodas:\u00a022001005839 Versijos kodas:\u00a03 Formatas:\u00a017,5 x 24,5 cm, kieti vir\u0161eliai Kalba:\u00a0Lietuvi\u0173,\u00a0Pranc\u016bz\u0173<\/p>\n","protected":false},"featured_media":16779,"comment_status":"closed","ping_status":"closed","template":"","meta":{"_acf_changed":false,"site-sidebar-layout":"default","site-content-layout":"","ast-site-content-layout":"default","site-content-style":"default","site-sidebar-style":"default","ast-global-header-display":"","ast-banner-title-visibility":"","ast-main-header-display":"","ast-hfb-above-header-display":"","ast-hfb-below-header-display":"","ast-hfb-mobile-header-display":"","site-post-title":"","ast-breadcrumbs-content":"","ast-featured-img":"","footer-sml-layout":"","ast-disable-related-posts":"","theme-transparent-header-meta":"default","adv-header-id-meta":"","stick-header-meta":"","header-above-stick-meta":"","header-main-stick-meta":"","header-below-stick-meta":"","astra-migrate-meta-layouts":"set","ast-page-background-enabled":"default","ast-page-background-meta":{"desktop":{"background-color":"","background-image":"","background-repeat":"repeat","background-position":"center center","background-size":"auto","background-attachment":"scroll","background-type":"","background-media":"","overlay-type":"","overlay-color":"","overlay-opacity":"","overlay-gradient":""},"tablet":{"background-color":"","background-image":"","background-repeat":"repeat","background-position":"center center","background-size":"auto","background-attachment":"scroll","background-type":"","background-media":"","overlay-type":"","overlay-color":"","overlay-opacity":"","overlay-gradient":""},"mobile":{"background-color":"","background-image":"","background-repeat":"repeat","background-position":"center center","background-size":"auto","background-attachment":"scroll","background-type":"","background-media":"","overlay-type":"","overlay-color":"","overlay-opacity":"","overlay-gradient":""}},"ast-content-background-meta":{"desktop":{"background-color":"var(--ast-global-color-4)","background-image":"","background-repeat":"repeat","background-position":"center center","background-size":"auto","background-attachment":"scroll","background-type":"","background-media":"","overlay-type":"","overlay-color":"","overlay-opacity":"","overlay-gradient":""},"tablet":{"background-color":"var(--ast-global-color-4)","background-image":"","background-repeat":"repeat","background-position":"center center","background-size":"auto","background-attachment":"scroll","background-type":"","background-media":"","overlay-type":"","overlay-color":"","overlay-opacity":"","overlay-gradient":""},"mobile":{"background-color":"var(--ast-global-color-4)","background-image":"","background-repeat":"repeat","background-position":"center center","background-size":"auto","background-attachment":"scroll","background-type":"","background-media":"","overlay-type":"","overlay-color":"","overlay-opacity":"","overlay-gradient":""}}},"product_brand":[],"product_cat":[390],"product_tag":[],"class_list":{"0":"post-16778","1":"product","2":"type-product","3":"status-publish","4":"has-post-thumbnail","6":"product_cat-kalba-kalbotyra-zodynai","7":"desktop-align-left","8":"tablet-align-left","9":"mobile-align-left","11":"first","12":"instock","13":"shipping-taxable","14":"purchasable","15":"product-type-simple"},"acf":[],"yoast_head":"<!-- This site is optimized with the Yoast SEO plugin v27.0 - https:\/\/yoast.com\/product\/yoast-seo-wordpress\/ -->\n<title>Naujas pranc\u016bz\u0173-lietuvi\u0173 ir lietuvi\u0173-pranc\u016bz\u0173 k. \u017eodynas<\/title>\n<meta name=\"description\" content=\"\u017dodynas sudarytas remiantis naujausiais Pranc\u016bzijoje i\u0161leistais \u017eodynais bei autor\u0117s kalbine patirtimi, \u012fgyta gyvenant Pranc\u016bzijoje. Kaip atskiri priedai\" \/>\n<meta name=\"robots\" content=\"index, follow, max-snippet:-1, max-image-preview:large, max-video-preview:-1\" \/>\n<link rel=\"canonical\" href=\"https:\/\/skaitytaknyga.lt\/en\/produktas\/naujas-prancuzu-lietuviu-ir-lietuviu-prancuzu-k-zodynas\/\" \/>\n<meta property=\"og:locale\" content=\"en_GB\" \/>\n<meta property=\"og:locale:alternate\" content=\"lt_LT\" \/>\n<meta property=\"og:type\" content=\"article\" \/>\n<meta property=\"og:title\" content=\"Naujas pranc\u016bz\u0173-lietuvi\u0173 ir lietuvi\u0173-pranc\u016bz\u0173 k. \u017eodynas\" \/>\n<meta property=\"og:description\" content=\"\u017dodynas sudarytas remiantis naujausiais Pranc\u016bzijoje i\u0161leistais \u017eodynais bei autor\u0117s kalbine patirtimi, \u012fgyta gyvenant Pranc\u016bzijoje. Kaip atskiri priedai\" \/>\n<meta property=\"og:url\" content=\"https:\/\/skaitytaknyga.lt\/en\/produktas\/naujas-prancuzu-lietuviu-ir-lietuviu-prancuzu-k-zodynas\/\" \/>\n<meta property=\"og:site_name\" content=\"Skaitytaknyga\" \/>\n<meta property=\"article:publisher\" content=\"https:\/\/www.facebook.com\/skaitytaknyga\/\" \/>\n<meta property=\"article:modified_time\" content=\"2025-02-12T07:11:32+00:00\" \/>\n<meta property=\"og:image\" content=\"https:\/\/skaitytaknyga.lt\/wp-content\/uploads\/2025\/02\/Naujas-prancuzu-lietuviu-ir-lietuviu-prancuzu-k.-zodynas.webp\" \/>\n\t<meta property=\"og:image:width\" content=\"545\" \/>\n\t<meta property=\"og:image:height\" content=\"800\" \/>\n\t<meta property=\"og:image:type\" content=\"image\/webp\" \/>\n<meta name=\"twitter:card\" content=\"summary_large_image\" \/>\n<meta name=\"twitter:label1\" content=\"Estimated reading time\" \/>\n\t<meta name=\"twitter:data1\" content=\"1 minute\" \/>\n<script type=\"application\/ld+json\" class=\"yoast-schema-graph\">{\"@context\":\"https:\/\/schema.org\",\"@graph\":[{\"@type\":\"WebPage\",\"@id\":\"https:\/\/skaitytaknyga.lt\/produktas\/naujas-prancuzu-lietuviu-ir-lietuviu-prancuzu-k-zodynas\/\",\"url\":\"https:\/\/skaitytaknyga.lt\/produktas\/naujas-prancuzu-lietuviu-ir-lietuviu-prancuzu-k-zodynas\/\",\"name\":\"Naujas pranc\u016bz\u0173-lietuvi\u0173 ir lietuvi\u0173-pranc\u016bz\u0173 k. \u017eodynas\",\"isPartOf\":{\"@id\":\"https:\/\/skaitytaknyga.lt\/#website\"},\"primaryImageOfPage\":{\"@id\":\"https:\/\/skaitytaknyga.lt\/produktas\/naujas-prancuzu-lietuviu-ir-lietuviu-prancuzu-k-zodynas\/#primaryimage\"},\"image\":{\"@id\":\"https:\/\/skaitytaknyga.lt\/produktas\/naujas-prancuzu-lietuviu-ir-lietuviu-prancuzu-k-zodynas\/#primaryimage\"},\"thumbnailUrl\":\"https:\/\/skaitytaknyga.lt\/wp-content\/uploads\/2025\/02\/Naujas-prancuzu-lietuviu-ir-lietuviu-prancuzu-k.-zodynas.webp\",\"datePublished\":\"2025-02-12T07:10:30+00:00\",\"dateModified\":\"2025-02-12T07:11:32+00:00\",\"description\":\"\u017dodynas sudarytas remiantis naujausiais Pranc\u016bzijoje i\u0161leistais \u017eodynais bei autor\u0117s kalbine patirtimi, \u012fgyta gyvenant Pranc\u016bzijoje. Kaip atskiri priedai\",\"breadcrumb\":{\"@id\":\"https:\/\/skaitytaknyga.lt\/produktas\/naujas-prancuzu-lietuviu-ir-lietuviu-prancuzu-k-zodynas\/#breadcrumb\"},\"inLanguage\":\"en-GB\",\"potentialAction\":[{\"@type\":\"ReadAction\",\"target\":[\"https:\/\/skaitytaknyga.lt\/produktas\/naujas-prancuzu-lietuviu-ir-lietuviu-prancuzu-k-zodynas\/\"]}]},{\"@type\":\"ImageObject\",\"inLanguage\":\"en-GB\",\"@id\":\"https:\/\/skaitytaknyga.lt\/produktas\/naujas-prancuzu-lietuviu-ir-lietuviu-prancuzu-k-zodynas\/#primaryimage\",\"url\":\"https:\/\/skaitytaknyga.lt\/wp-content\/uploads\/2025\/02\/Naujas-prancuzu-lietuviu-ir-lietuviu-prancuzu-k.-zodynas.webp\",\"contentUrl\":\"https:\/\/skaitytaknyga.lt\/wp-content\/uploads\/2025\/02\/Naujas-prancuzu-lietuviu-ir-lietuviu-prancuzu-k.-zodynas.webp\",\"width\":545,\"height\":800,\"caption\":\"Naujas pranc\u016bz\u0173-lietuvi\u0173 ir lietuvi\u0173-pranc\u016bz\u0173 k. \u017eodynas\"},{\"@type\":\"BreadcrumbList\",\"@id\":\"https:\/\/skaitytaknyga.lt\/produktas\/naujas-prancuzu-lietuviu-ir-lietuviu-prancuzu-k-zodynas\/#breadcrumb\",\"itemListElement\":[{\"@type\":\"ListItem\",\"position\":1,\"name\":\"Home\",\"item\":\"https:\/\/skaitytaknyga.lt\/\"},{\"@type\":\"ListItem\",\"position\":2,\"name\":\"Parduotuv\u0117\",\"item\":\"https:\/\/skaitytaknyga.lt\/knygu-parduotuve\/\"},{\"@type\":\"ListItem\",\"position\":3,\"name\":\"Naujas pranc\u016bz\u0173-lietuvi\u0173 ir lietuvi\u0173-pranc\u016bz\u0173 k. \u017eodynas\"}]},{\"@type\":\"WebSite\",\"@id\":\"https:\/\/skaitytaknyga.lt\/#website\",\"url\":\"https:\/\/skaitytaknyga.lt\/\",\"name\":\"skaitytaknyga.lt\",\"description\":\"Skaitytaknyga.lt \u2013 tai ma\u017eas \u0161eimos verslas, kuris prasid\u0117jo nuo meil\u0117s knygoms ir siekio i\u0161gelb\u0117ti knygas nuo likimo prie konteinerio. Kas vienam nereikalingas daiktas \u2013 kitam lobis, o mes esame tarpininkai, kurie padeda abiems tapti laimingesniems ???? \u017dinome kaip nelengva i\u0161gyventi ma\u017eiems verslams, tad nuo \u0161iol, \u010dia rasite ir kit\u0173, ma\u017e\u0173 \u0161eim\u0173 versl\u0173, rank\u0173 darbo, dovan\u0173 sau ir artimiesiems.\",\"publisher\":{\"@id\":\"https:\/\/skaitytaknyga.lt\/#organization\"},\"potentialAction\":[{\"@type\":\"SearchAction\",\"target\":{\"@type\":\"EntryPoint\",\"urlTemplate\":\"https:\/\/skaitytaknyga.lt\/?s={search_term_string}\"},\"query-input\":{\"@type\":\"PropertyValueSpecification\",\"valueRequired\":true,\"valueName\":\"search_term_string\"}}],\"inLanguage\":\"en-GB\"},{\"@type\":\"Organization\",\"@id\":\"https:\/\/skaitytaknyga.lt\/#organization\",\"name\":\"skaitytaknyga.lt\",\"url\":\"https:\/\/skaitytaknyga.lt\/\",\"logo\":{\"@type\":\"ImageObject\",\"inLanguage\":\"en-GB\",\"@id\":\"https:\/\/skaitytaknyga.lt\/#\/schema\/logo\/image\/\",\"url\":\"https:\/\/skaitytaknyga.lt\/wp-content\/uploads\/2024\/05\/cropped-cropped-cropped-02_00843_jt3bggkj1j3HLc7SyY6rEUpg.jpeg\",\"contentUrl\":\"https:\/\/skaitytaknyga.lt\/wp-content\/uploads\/2024\/05\/cropped-cropped-cropped-02_00843_jt3bggkj1j3HLc7SyY6rEUpg.jpeg\",\"width\":1600,\"height\":1600,\"caption\":\"skaitytaknyga.lt\"},\"image\":{\"@id\":\"https:\/\/skaitytaknyga.lt\/#\/schema\/logo\/image\/\"},\"sameAs\":[\"https:\/\/www.facebook.com\/skaitytaknyga\/\"]}]}<\/script>\n<!-- \/ Yoast SEO plugin. -->","yoast_head_json":{"title":"Naujas pranc\u016bz\u0173-lietuvi\u0173 ir lietuvi\u0173-pranc\u016bz\u0173 k. \u017eodynas","description":"\u017dodynas sudarytas remiantis naujausiais Pranc\u016bzijoje i\u0161leistais \u017eodynais bei autor\u0117s kalbine patirtimi, \u012fgyta gyvenant Pranc\u016bzijoje. Kaip atskiri priedai","robots":{"index":"index","follow":"follow","max-snippet":"max-snippet:-1","max-image-preview":"max-image-preview:large","max-video-preview":"max-video-preview:-1"},"canonical":"https:\/\/skaitytaknyga.lt\/en\/produktas\/naujas-prancuzu-lietuviu-ir-lietuviu-prancuzu-k-zodynas\/","og_locale":"en_GB","og_type":"article","og_title":"[:lt]Naujas pranc\u016bz\u0173-lietuvi\u0173 ir lietuvi\u0173-pranc\u016bz\u0173 k. \u017eodynas[:] - Skaitytaknyga","og_description":"\u017dodynas sudarytas remiantis naujausiais Pranc\u016bzijoje i\u0161leistais \u017eodynais bei autor\u0117s kalbine patirtimi, \u012fgyta gyvenant Pranc\u016bzijoje. Kaip atskiri priedai","og_url":"https:\/\/skaitytaknyga.lt\/en\/produktas\/naujas-prancuzu-lietuviu-ir-lietuviu-prancuzu-k-zodynas\/","og_site_name":"Skaitytaknyga","article_publisher":"https:\/\/www.facebook.com\/skaitytaknyga\/","article_modified_time":"2025-02-12T07:11:32+00:00","og_image":[{"width":545,"height":800,"url":"https:\/\/skaitytaknyga.lt\/wp-content\/uploads\/2025\/02\/Naujas-prancuzu-lietuviu-ir-lietuviu-prancuzu-k.-zodynas.webp","type":"image\/webp"}],"twitter_card":"summary_large_image","twitter_misc":{"Estimated reading time":"1 minute"},"schema":{"@context":"https:\/\/schema.org","@graph":[{"@type":"WebPage","@id":"https:\/\/skaitytaknyga.lt\/produktas\/naujas-prancuzu-lietuviu-ir-lietuviu-prancuzu-k-zodynas\/","url":"https:\/\/skaitytaknyga.lt\/produktas\/naujas-prancuzu-lietuviu-ir-lietuviu-prancuzu-k-zodynas\/","name":"Naujas pranc\u016bz\u0173-lietuvi\u0173 ir lietuvi\u0173-pranc\u016bz\u0173 k. \u017eodynas","isPartOf":{"@id":"https:\/\/skaitytaknyga.lt\/#website"},"primaryImageOfPage":{"@id":"https:\/\/skaitytaknyga.lt\/produktas\/naujas-prancuzu-lietuviu-ir-lietuviu-prancuzu-k-zodynas\/#primaryimage"},"image":{"@id":"https:\/\/skaitytaknyga.lt\/produktas\/naujas-prancuzu-lietuviu-ir-lietuviu-prancuzu-k-zodynas\/#primaryimage"},"thumbnailUrl":"https:\/\/skaitytaknyga.lt\/wp-content\/uploads\/2025\/02\/Naujas-prancuzu-lietuviu-ir-lietuviu-prancuzu-k.-zodynas.webp","datePublished":"2025-02-12T07:10:30+00:00","dateModified":"2025-02-12T07:11:32+00:00","description":"\u017dodynas sudarytas remiantis naujausiais Pranc\u016bzijoje i\u0161leistais \u017eodynais bei autor\u0117s kalbine patirtimi, \u012fgyta gyvenant Pranc\u016bzijoje. Kaip atskiri priedai","breadcrumb":{"@id":"https:\/\/skaitytaknyga.lt\/produktas\/naujas-prancuzu-lietuviu-ir-lietuviu-prancuzu-k-zodynas\/#breadcrumb"},"inLanguage":"en-GB","potentialAction":[{"@type":"ReadAction","target":["https:\/\/skaitytaknyga.lt\/produktas\/naujas-prancuzu-lietuviu-ir-lietuviu-prancuzu-k-zodynas\/"]}]},{"@type":"ImageObject","inLanguage":"en-GB","@id":"https:\/\/skaitytaknyga.lt\/produktas\/naujas-prancuzu-lietuviu-ir-lietuviu-prancuzu-k-zodynas\/#primaryimage","url":"https:\/\/skaitytaknyga.lt\/wp-content\/uploads\/2025\/02\/Naujas-prancuzu-lietuviu-ir-lietuviu-prancuzu-k.-zodynas.webp","contentUrl":"https:\/\/skaitytaknyga.lt\/wp-content\/uploads\/2025\/02\/Naujas-prancuzu-lietuviu-ir-lietuviu-prancuzu-k.-zodynas.webp","width":545,"height":800,"caption":"Naujas pranc\u016bz\u0173-lietuvi\u0173 ir lietuvi\u0173-pranc\u016bz\u0173 k. \u017eodynas"},{"@type":"BreadcrumbList","@id":"https:\/\/skaitytaknyga.lt\/produktas\/naujas-prancuzu-lietuviu-ir-lietuviu-prancuzu-k-zodynas\/#breadcrumb","itemListElement":[{"@type":"ListItem","position":1,"name":"Home","item":"https:\/\/skaitytaknyga.lt\/"},{"@type":"ListItem","position":2,"name":"Parduotuv\u0117","item":"https:\/\/skaitytaknyga.lt\/knygu-parduotuve\/"},{"@type":"ListItem","position":3,"name":"Naujas pranc\u016bz\u0173-lietuvi\u0173 ir lietuvi\u0173-pranc\u016bz\u0173 k. \u017eodynas"}]},{"@type":"WebSite","@id":"https:\/\/skaitytaknyga.lt\/#website","url":"https:\/\/skaitytaknyga.lt\/","name":"skaitytaknyga.lt","description":"Skaitytaknyga.lt \u2013 tai ma\u017eas \u0161eimos verslas, kuris prasid\u0117jo nuo meil\u0117s knygoms ir siekio i\u0161gelb\u0117ti knygas nuo likimo prie konteinerio. Kas vienam nereikalingas daiktas \u2013 kitam lobis, o mes esame tarpininkai, kurie padeda abiems tapti laimingesniems ???? \u017dinome kaip nelengva i\u0161gyventi ma\u017eiems verslams, tad nuo \u0161iol, \u010dia rasite ir kit\u0173, ma\u017e\u0173 \u0161eim\u0173 versl\u0173, rank\u0173 darbo, dovan\u0173 sau ir artimiesiems.","publisher":{"@id":"https:\/\/skaitytaknyga.lt\/#organization"},"potentialAction":[{"@type":"SearchAction","target":{"@type":"EntryPoint","urlTemplate":"https:\/\/skaitytaknyga.lt\/?s={search_term_string}"},"query-input":{"@type":"PropertyValueSpecification","valueRequired":true,"valueName":"search_term_string"}}],"inLanguage":"en-GB"},{"@type":"Organization","@id":"https:\/\/skaitytaknyga.lt\/#organization","name":"skaitytaknyga.lt","url":"https:\/\/skaitytaknyga.lt\/","logo":{"@type":"ImageObject","inLanguage":"en-GB","@id":"https:\/\/skaitytaknyga.lt\/#\/schema\/logo\/image\/","url":"https:\/\/skaitytaknyga.lt\/wp-content\/uploads\/2024\/05\/cropped-cropped-cropped-02_00843_jt3bggkj1j3HLc7SyY6rEUpg.jpeg","contentUrl":"https:\/\/skaitytaknyga.lt\/wp-content\/uploads\/2024\/05\/cropped-cropped-cropped-02_00843_jt3bggkj1j3HLc7SyY6rEUpg.jpeg","width":1600,"height":1600,"caption":"skaitytaknyga.lt"},"image":{"@id":"https:\/\/skaitytaknyga.lt\/#\/schema\/logo\/image\/"},"sameAs":["https:\/\/www.facebook.com\/skaitytaknyga\/"]}]}},"_links":{"self":[{"href":"https:\/\/skaitytaknyga.lt\/en\/wp-json\/wp\/v2\/product\/16778","targetHints":{"allow":["GET"]}}],"collection":[{"href":"https:\/\/skaitytaknyga.lt\/en\/wp-json\/wp\/v2\/product"}],"about":[{"href":"https:\/\/skaitytaknyga.lt\/en\/wp-json\/wp\/v2\/types\/product"}],"replies":[{"embeddable":true,"href":"https:\/\/skaitytaknyga.lt\/en\/wp-json\/wp\/v2\/comments?post=16778"}],"wp:featuredmedia":[{"embeddable":true,"href":"https:\/\/skaitytaknyga.lt\/en\/wp-json\/wp\/v2\/media\/16779"}],"wp:attachment":[{"href":"https:\/\/skaitytaknyga.lt\/en\/wp-json\/wp\/v2\/media?parent=16778"}],"wp:term":[{"taxonomy":"product_brand","embeddable":true,"href":"https:\/\/skaitytaknyga.lt\/en\/wp-json\/wp\/v2\/product_brand?post=16778"},{"taxonomy":"product_cat","embeddable":true,"href":"https:\/\/skaitytaknyga.lt\/en\/wp-json\/wp\/v2\/product_cat?post=16778"},{"taxonomy":"product_tag","embeddable":true,"href":"https:\/\/skaitytaknyga.lt\/en\/wp-json\/wp\/v2\/product_tag?post=16778"}],"curies":[{"name":"wp","href":"https:\/\/api.w.org\/{rel}","templated":true}]}}