{"id":16776,"date":"2025-02-12T09:08:10","date_gmt":"2025-02-12T07:08:10","guid":{"rendered":"https:\/\/skaitytaknyga.lt\/?post_type=product&#038;p=16776"},"modified":"2025-06-11T09:04:02","modified_gmt":"2025-06-11T06:04:02","slug":"marijos-sunaus-gyvenimas-kristaus-gyvenimu-iliustruota-amziu-sandura","status":"publish","type":"product","link":"https:\/\/skaitytaknyga.lt\/en\/produktas\/marijos-sunaus-gyvenimas-kristaus-gyvenimu-iliustruota-amziu-sandura\/","title":{"rendered":"Marijos s\u016bnaus gyvenimas. Kristaus gyvenimu iliustruota am\u017ei\u0173 sand\u016bra"},"content":{"rendered":"<p>\u201eO am\u017einasis gyvenimas \u2013 tai pa\u017einti tave, vienintel\u012f tikr\u0105j\u012f Diev\u0105, ir tavo si\u0173st\u0105j\u012f J\u0117z\u0173 \u2013 mesij\u0105.\u201c (Jono 17,3).<\/p>\n<p>Kristus, b\u016bdamas k\u016br\u0117jas, per kur\u012f Dievas sutv\u0117r\u0117 pasaulius, savo \u017emogi\u0161kumu prisilyt\u0117jo prie \u017emonijos. Meil\u0117s auka jis sujung\u0117 \u017eem\u0117s ir dangaus gyventojus su Dievu nenutraukiamais ry\u0161iais.<\/p>\n<p>Kiekvienoje malon\u0117s tiesoje, atskleistoje \u0160ventajame Ra\u0161te, kiekviename d\u017eiaugsmo pa\u017eade, kiekviename meil\u0117s darbe, kiekvienoje dievi\u0161kojo \u017eavesio kibirk\u0161ty, kuri\u0105 skleid\u0117 i\u0161gelb\u0117tojo gyvenimas \u017eem\u0117je, mes regime \u201eDiev\u0105 su mumis\u201c.<\/p>\n<p>Ar viltingai laukiate jo, antr\u0105 kart\u0105 ateinan\u010dio dangaus debesyse su did\u017eia galybe ir \u0161love?<\/p>\n<ul class=\"about-product d-none d-xl-block mt-4\">\n<li><strong>Autorius:<\/strong>\u00a0Elena Vait<\/li>\n<li><strong>Metai:<\/strong>\u00a02012<\/li>\n<li><strong>Puslapiai:<\/strong>\u00a0587<\/li>\n<li class=\"toggleable type-new-formats \"><strong>ISBN:<\/strong>\u00a09788770931083<\/li>\n<li class=\"toggleable type-new-formats \"><strong>Formatas:<\/strong>\u00a015 x 21 cm, mink\u0161ti vir\u0161eliai<\/li>\n<li><strong>Kalba:<\/strong>\u00a0Lietuvi\u0173<\/li>\n<li><strong>Vert\u0117jas:<\/strong>\u00a0Jolanta Kri\u016bnien\u0117<\/li>\n<\/ul>\n","protected":false},"excerpt":{"rendered":"<p>\u201eO am\u017einasis gyvenimas \u2013 tai pa\u017einti tave, vienintel\u012f tikr\u0105j\u012f Diev\u0105, ir tavo si\u0173st\u0105j\u012f J\u0117z\u0173 \u2013 mesij\u0105.\u201c (Jono 17,3). Kristus, b\u016bdamas k\u016br\u0117jas, per kur\u012f Dievas sutv\u0117r\u0117 pasaulius, savo \u017emogi\u0161kumu prisilyt\u0117jo prie \u017emonijos. Meil\u0117s auka jis sujung\u0117 \u017eem\u0117s ir dangaus gyventojus su Dievu nenutraukiamais ry\u0161iais. Kiekvienoje malon\u0117s tiesoje, atskleistoje \u0160ventajame Ra\u0161te, kiekviename d\u017eiaugsmo pa\u017eade, kiekviename meil\u0117s darbe, kiekvienoje dievi\u0161kojo \u017eavesio kibirk\u0161ty, kuri\u0105 skleid\u0117 i\u0161gelb\u0117tojo gyvenimas \u017eem\u0117je, mes regime \u201eDiev\u0105 su mumis\u201c. Ar viltingai laukiate jo, antr\u0105 kart\u0105 ateinan\u010dio dangaus debesyse su did\u017eia galybe ir \u0161love? Autorius:\u00a0Elena Vait Metai:\u00a02012 Puslapiai:\u00a0587 ISBN:\u00a09788770931083 Formatas:\u00a015 x 21 cm, mink\u0161ti vir\u0161eliai Kalba:\u00a0Lietuvi\u0173 Vert\u0117jas:\u00a0Jolanta Kri\u016bnien\u0117<\/p>\n","protected":false},"featured_media":16777,"comment_status":"open","ping_status":"closed","template":"","meta":{"_acf_changed":false,"site-sidebar-layout":"default","site-content-layout":"","ast-site-content-layout":"default","site-content-style":"default","site-sidebar-style":"default","ast-global-header-display":"","ast-banner-title-visibility":"","ast-main-header-display":"","ast-hfb-above-header-display":"","ast-hfb-below-header-display":"","ast-hfb-mobile-header-display":"","site-post-title":"","ast-breadcrumbs-content":"","ast-featured-img":"","footer-sml-layout":"","ast-disable-related-posts":"","theme-transparent-header-meta":"default","adv-header-id-meta":"","stick-header-meta":"","header-above-stick-meta":"","header-main-stick-meta":"","header-below-stick-meta":"","astra-migrate-meta-layouts":"set","ast-page-background-enabled":"default","ast-page-background-meta":{"desktop":{"background-color":"","background-image":"","background-repeat":"repeat","background-position":"center center","background-size":"auto","background-attachment":"scroll","background-type":"","background-media":"","overlay-type":"","overlay-color":"","overlay-opacity":"","overlay-gradient":""},"tablet":{"background-color":"","background-image":"","background-repeat":"repeat","background-position":"center center","background-size":"auto","background-attachment":"scroll","background-type":"","background-media":"","overlay-type":"","overlay-color":"","overlay-opacity":"","overlay-gradient":""},"mobile":{"background-color":"","background-image":"","background-repeat":"repeat","background-position":"center center","background-size":"auto","background-attachment":"scroll","background-type":"","background-media":"","overlay-type":"","overlay-color":"","overlay-opacity":"","overlay-gradient":""}},"ast-content-background-meta":{"desktop":{"background-color":"var(--ast-global-color-4)","background-image":"","background-repeat":"repeat","background-position":"center center","background-size":"auto","background-attachment":"scroll","background-type":"","background-media":"","overlay-type":"","overlay-color":"","overlay-opacity":"","overlay-gradient":""},"tablet":{"background-color":"var(--ast-global-color-4)","background-image":"","background-repeat":"repeat","background-position":"center center","background-size":"auto","background-attachment":"scroll","background-type":"","background-media":"","overlay-type":"","overlay-color":"","overlay-opacity":"","overlay-gradient":""},"mobile":{"background-color":"var(--ast-global-color-4)","background-image":"","background-repeat":"repeat","background-position":"center center","background-size":"auto","background-attachment":"scroll","background-type":"","background-media":"","overlay-type":"","overlay-color":"","overlay-opacity":"","overlay-gradient":""}}},"product_brand":[],"product_cat":[15,165],"product_tag":[2257,4500,1942,4907,2277,1581],"class_list":{"0":"post-16776","1":"product","2":"type-product","3":"status-publish","4":"has-post-thumbnail","6":"product_cat-uncategorized","7":"product_cat-religija-filosofija-ir-ezoterika","8":"product_tag-dvasinis-gyvenimas","9":"product_tag-elena-vait","10":"product_tag-krikscionybe","11":"product_tag-kristus","12":"product_tag-religija","13":"product_tag-tikejimas","14":"desktop-align-left","15":"tablet-align-left","16":"mobile-align-left","18":"first","19":"instock","20":"shipping-taxable","21":"purchasable","22":"product-type-simple"},"acf":[],"yoast_head":"<!-- This site is optimized with the Yoast SEO plugin v27.0 - https:\/\/yoast.com\/product\/yoast-seo-wordpress\/ -->\n<title>Marijos s\u016bnaus gyvenimas. Kristaus gyvenimu iliustruota am\u017ei\u0173 sand\u016bra<\/title>\n<meta name=\"description\" content=\"\u201eO am\u017einasis gyvenimas \u2013 tai pa\u017einti tave, vienintel\u012f tikr\u0105j\u012f Diev\u0105, ir tavo si\u0173st\u0105j\u012f J\u0117z\u0173 \u2013 mesij\u0105.\u201c (Jono 17,3). Kristus, b\u016bdamas k\u016br\u0117jas, per kur\u012f\" \/>\n<meta name=\"robots\" content=\"index, follow, max-snippet:-1, max-image-preview:large, max-video-preview:-1\" \/>\n<link rel=\"canonical\" href=\"https:\/\/skaitytaknyga.lt\/en\/produktas\/marijos-sunaus-gyvenimas-kristaus-gyvenimu-iliustruota-amziu-sandura\/\" \/>\n<meta property=\"og:locale\" content=\"en_GB\" \/>\n<meta property=\"og:locale:alternate\" content=\"lt_LT\" \/>\n<meta property=\"og:type\" content=\"article\" \/>\n<meta property=\"og:title\" content=\"Marijos s\u016bnaus gyvenimas. Kristaus gyvenimu iliustruota am\u017ei\u0173 sand\u016bra\" \/>\n<meta property=\"og:description\" content=\"\u201eO am\u017einasis gyvenimas \u2013 tai pa\u017einti tave, vienintel\u012f tikr\u0105j\u012f Diev\u0105, ir tavo si\u0173st\u0105j\u012f J\u0117z\u0173 \u2013 mesij\u0105.\u201c (Jono 17,3). Kristus, b\u016bdamas k\u016br\u0117jas, per kur\u012f\" \/>\n<meta property=\"og:url\" content=\"https:\/\/skaitytaknyga.lt\/en\/produktas\/marijos-sunaus-gyvenimas-kristaus-gyvenimu-iliustruota-amziu-sandura\/\" \/>\n<meta property=\"og:site_name\" content=\"Skaitytaknyga\" \/>\n<meta property=\"article:publisher\" content=\"https:\/\/www.facebook.com\/skaitytaknyga\/\" \/>\n<meta property=\"article:modified_time\" content=\"2025-06-11T06:04:02+00:00\" \/>\n<meta property=\"og:image\" content=\"https:\/\/skaitytaknyga.lt\/wp-content\/uploads\/2025\/02\/Marijos-sunaus-gyvenimas.-Kristaus-gyvenimu-iliustruota-amziu-sandura.webp\" \/>\n\t<meta property=\"og:image:width\" content=\"555\" \/>\n\t<meta property=\"og:image:height\" content=\"800\" \/>\n\t<meta property=\"og:image:type\" content=\"image\/webp\" \/>\n<meta name=\"twitter:card\" content=\"summary_large_image\" \/>\n<meta name=\"twitter:label1\" content=\"Estimated reading time\" \/>\n\t<meta name=\"twitter:data1\" content=\"1 minute\" \/>\n<script type=\"application\/ld+json\" class=\"yoast-schema-graph\">{\"@context\":\"https:\/\/schema.org\",\"@graph\":[{\"@type\":\"WebPage\",\"@id\":\"https:\/\/skaitytaknyga.lt\/produktas\/marijos-sunaus-gyvenimas-kristaus-gyvenimu-iliustruota-amziu-sandura\/\",\"url\":\"https:\/\/skaitytaknyga.lt\/produktas\/marijos-sunaus-gyvenimas-kristaus-gyvenimu-iliustruota-amziu-sandura\/\",\"name\":\"Marijos s\u016bnaus gyvenimas. Kristaus gyvenimu iliustruota am\u017ei\u0173 sand\u016bra\",\"isPartOf\":{\"@id\":\"https:\/\/skaitytaknyga.lt\/#website\"},\"primaryImageOfPage\":{\"@id\":\"https:\/\/skaitytaknyga.lt\/produktas\/marijos-sunaus-gyvenimas-kristaus-gyvenimu-iliustruota-amziu-sandura\/#primaryimage\"},\"image\":{\"@id\":\"https:\/\/skaitytaknyga.lt\/produktas\/marijos-sunaus-gyvenimas-kristaus-gyvenimu-iliustruota-amziu-sandura\/#primaryimage\"},\"thumbnailUrl\":\"https:\/\/skaitytaknyga.lt\/wp-content\/uploads\/2025\/02\/Marijos-sunaus-gyvenimas.-Kristaus-gyvenimu-iliustruota-amziu-sandura.webp\",\"datePublished\":\"2025-02-12T07:08:10+00:00\",\"dateModified\":\"2025-06-11T06:04:02+00:00\",\"description\":\"\u201eO am\u017einasis gyvenimas \u2013 tai pa\u017einti tave, vienintel\u012f tikr\u0105j\u012f Diev\u0105, ir tavo si\u0173st\u0105j\u012f J\u0117z\u0173 \u2013 mesij\u0105.\u201c (Jono 17,3). Kristus, b\u016bdamas k\u016br\u0117jas, per kur\u012f\",\"breadcrumb\":{\"@id\":\"https:\/\/skaitytaknyga.lt\/produktas\/marijos-sunaus-gyvenimas-kristaus-gyvenimu-iliustruota-amziu-sandura\/#breadcrumb\"},\"inLanguage\":\"en-GB\",\"potentialAction\":[{\"@type\":\"ReadAction\",\"target\":[\"https:\/\/skaitytaknyga.lt\/produktas\/marijos-sunaus-gyvenimas-kristaus-gyvenimu-iliustruota-amziu-sandura\/\"]}]},{\"@type\":\"ImageObject\",\"inLanguage\":\"en-GB\",\"@id\":\"https:\/\/skaitytaknyga.lt\/produktas\/marijos-sunaus-gyvenimas-kristaus-gyvenimu-iliustruota-amziu-sandura\/#primaryimage\",\"url\":\"https:\/\/skaitytaknyga.lt\/wp-content\/uploads\/2025\/02\/Marijos-sunaus-gyvenimas.-Kristaus-gyvenimu-iliustruota-amziu-sandura.webp\",\"contentUrl\":\"https:\/\/skaitytaknyga.lt\/wp-content\/uploads\/2025\/02\/Marijos-sunaus-gyvenimas.-Kristaus-gyvenimu-iliustruota-amziu-sandura.webp\",\"width\":555,\"height\":800,\"caption\":\"Marijos s\u016bnaus gyvenimas. Kristaus gyvenimu iliustruota am\u017ei\u0173 sand\u016bra\"},{\"@type\":\"BreadcrumbList\",\"@id\":\"https:\/\/skaitytaknyga.lt\/produktas\/marijos-sunaus-gyvenimas-kristaus-gyvenimu-iliustruota-amziu-sandura\/#breadcrumb\",\"itemListElement\":[{\"@type\":\"ListItem\",\"position\":1,\"name\":\"Home\",\"item\":\"https:\/\/skaitytaknyga.lt\/\"},{\"@type\":\"ListItem\",\"position\":2,\"name\":\"Parduotuv\u0117\",\"item\":\"https:\/\/skaitytaknyga.lt\/knygu-parduotuve\/\"},{\"@type\":\"ListItem\",\"position\":3,\"name\":\"Marijos s\u016bnaus gyvenimas. Kristaus gyvenimu iliustruota am\u017ei\u0173 sand\u016bra\"}]},{\"@type\":\"WebSite\",\"@id\":\"https:\/\/skaitytaknyga.lt\/#website\",\"url\":\"https:\/\/skaitytaknyga.lt\/\",\"name\":\"skaitytaknyga.lt\",\"description\":\"Skaitytaknyga.lt \u2013 tai ma\u017eas \u0161eimos verslas, kuris prasid\u0117jo nuo meil\u0117s knygoms ir siekio i\u0161gelb\u0117ti knygas nuo likimo prie konteinerio. Kas vienam nereikalingas daiktas \u2013 kitam lobis, o mes esame tarpininkai, kurie padeda abiems tapti laimingesniems ???? \u017dinome kaip nelengva i\u0161gyventi ma\u017eiems verslams, tad nuo \u0161iol, \u010dia rasite ir kit\u0173, ma\u017e\u0173 \u0161eim\u0173 versl\u0173, rank\u0173 darbo, dovan\u0173 sau ir artimiesiems.\",\"publisher\":{\"@id\":\"https:\/\/skaitytaknyga.lt\/#organization\"},\"potentialAction\":[{\"@type\":\"SearchAction\",\"target\":{\"@type\":\"EntryPoint\",\"urlTemplate\":\"https:\/\/skaitytaknyga.lt\/?s={search_term_string}\"},\"query-input\":{\"@type\":\"PropertyValueSpecification\",\"valueRequired\":true,\"valueName\":\"search_term_string\"}}],\"inLanguage\":\"en-GB\"},{\"@type\":\"Organization\",\"@id\":\"https:\/\/skaitytaknyga.lt\/#organization\",\"name\":\"skaitytaknyga.lt\",\"url\":\"https:\/\/skaitytaknyga.lt\/\",\"logo\":{\"@type\":\"ImageObject\",\"inLanguage\":\"en-GB\",\"@id\":\"https:\/\/skaitytaknyga.lt\/#\/schema\/logo\/image\/\",\"url\":\"https:\/\/skaitytaknyga.lt\/wp-content\/uploads\/2024\/05\/cropped-cropped-cropped-02_00843_jt3bggkj1j3HLc7SyY6rEUpg.jpeg\",\"contentUrl\":\"https:\/\/skaitytaknyga.lt\/wp-content\/uploads\/2024\/05\/cropped-cropped-cropped-02_00843_jt3bggkj1j3HLc7SyY6rEUpg.jpeg\",\"width\":1600,\"height\":1600,\"caption\":\"skaitytaknyga.lt\"},\"image\":{\"@id\":\"https:\/\/skaitytaknyga.lt\/#\/schema\/logo\/image\/\"},\"sameAs\":[\"https:\/\/www.facebook.com\/skaitytaknyga\/\"]}]}<\/script>\n<!-- \/ Yoast SEO plugin. -->","yoast_head_json":{"title":"Marijos s\u016bnaus gyvenimas. Kristaus gyvenimu iliustruota am\u017ei\u0173 sand\u016bra","description":"\u201eO am\u017einasis gyvenimas \u2013 tai pa\u017einti tave, vienintel\u012f tikr\u0105j\u012f Diev\u0105, ir tavo si\u0173st\u0105j\u012f J\u0117z\u0173 \u2013 mesij\u0105.\u201c (Jono 17,3). Kristus, b\u016bdamas k\u016br\u0117jas, per kur\u012f","robots":{"index":"index","follow":"follow","max-snippet":"max-snippet:-1","max-image-preview":"max-image-preview:large","max-video-preview":"max-video-preview:-1"},"canonical":"https:\/\/skaitytaknyga.lt\/en\/produktas\/marijos-sunaus-gyvenimas-kristaus-gyvenimu-iliustruota-amziu-sandura\/","og_locale":"en_GB","og_type":"article","og_title":"[:lt]Marijos s\u016bnaus gyvenimas. Kristaus gyvenimu iliustruota am\u017ei\u0173 sand\u016bra[:] - Skaitytaknyga","og_description":"\u201eO am\u017einasis gyvenimas \u2013 tai pa\u017einti tave, vienintel\u012f tikr\u0105j\u012f Diev\u0105, ir tavo si\u0173st\u0105j\u012f J\u0117z\u0173 \u2013 mesij\u0105.\u201c (Jono 17,3). Kristus, b\u016bdamas k\u016br\u0117jas, per kur\u012f","og_url":"https:\/\/skaitytaknyga.lt\/en\/produktas\/marijos-sunaus-gyvenimas-kristaus-gyvenimu-iliustruota-amziu-sandura\/","og_site_name":"Skaitytaknyga","article_publisher":"https:\/\/www.facebook.com\/skaitytaknyga\/","article_modified_time":"2025-06-11T06:04:02+00:00","og_image":[{"width":555,"height":800,"url":"https:\/\/skaitytaknyga.lt\/wp-content\/uploads\/2025\/02\/Marijos-sunaus-gyvenimas.-Kristaus-gyvenimu-iliustruota-amziu-sandura.webp","type":"image\/webp"}],"twitter_card":"summary_large_image","twitter_misc":{"Estimated reading time":"1 minute"},"schema":{"@context":"https:\/\/schema.org","@graph":[{"@type":"WebPage","@id":"https:\/\/skaitytaknyga.lt\/produktas\/marijos-sunaus-gyvenimas-kristaus-gyvenimu-iliustruota-amziu-sandura\/","url":"https:\/\/skaitytaknyga.lt\/produktas\/marijos-sunaus-gyvenimas-kristaus-gyvenimu-iliustruota-amziu-sandura\/","name":"Marijos s\u016bnaus gyvenimas. Kristaus gyvenimu iliustruota am\u017ei\u0173 sand\u016bra","isPartOf":{"@id":"https:\/\/skaitytaknyga.lt\/#website"},"primaryImageOfPage":{"@id":"https:\/\/skaitytaknyga.lt\/produktas\/marijos-sunaus-gyvenimas-kristaus-gyvenimu-iliustruota-amziu-sandura\/#primaryimage"},"image":{"@id":"https:\/\/skaitytaknyga.lt\/produktas\/marijos-sunaus-gyvenimas-kristaus-gyvenimu-iliustruota-amziu-sandura\/#primaryimage"},"thumbnailUrl":"https:\/\/skaitytaknyga.lt\/wp-content\/uploads\/2025\/02\/Marijos-sunaus-gyvenimas.-Kristaus-gyvenimu-iliustruota-amziu-sandura.webp","datePublished":"2025-02-12T07:08:10+00:00","dateModified":"2025-06-11T06:04:02+00:00","description":"\u201eO am\u017einasis gyvenimas \u2013 tai pa\u017einti tave, vienintel\u012f tikr\u0105j\u012f Diev\u0105, ir tavo si\u0173st\u0105j\u012f J\u0117z\u0173 \u2013 mesij\u0105.\u201c (Jono 17,3). Kristus, b\u016bdamas k\u016br\u0117jas, per kur\u012f","breadcrumb":{"@id":"https:\/\/skaitytaknyga.lt\/produktas\/marijos-sunaus-gyvenimas-kristaus-gyvenimu-iliustruota-amziu-sandura\/#breadcrumb"},"inLanguage":"en-GB","potentialAction":[{"@type":"ReadAction","target":["https:\/\/skaitytaknyga.lt\/produktas\/marijos-sunaus-gyvenimas-kristaus-gyvenimu-iliustruota-amziu-sandura\/"]}]},{"@type":"ImageObject","inLanguage":"en-GB","@id":"https:\/\/skaitytaknyga.lt\/produktas\/marijos-sunaus-gyvenimas-kristaus-gyvenimu-iliustruota-amziu-sandura\/#primaryimage","url":"https:\/\/skaitytaknyga.lt\/wp-content\/uploads\/2025\/02\/Marijos-sunaus-gyvenimas.-Kristaus-gyvenimu-iliustruota-amziu-sandura.webp","contentUrl":"https:\/\/skaitytaknyga.lt\/wp-content\/uploads\/2025\/02\/Marijos-sunaus-gyvenimas.-Kristaus-gyvenimu-iliustruota-amziu-sandura.webp","width":555,"height":800,"caption":"Marijos s\u016bnaus gyvenimas. Kristaus gyvenimu iliustruota am\u017ei\u0173 sand\u016bra"},{"@type":"BreadcrumbList","@id":"https:\/\/skaitytaknyga.lt\/produktas\/marijos-sunaus-gyvenimas-kristaus-gyvenimu-iliustruota-amziu-sandura\/#breadcrumb","itemListElement":[{"@type":"ListItem","position":1,"name":"Home","item":"https:\/\/skaitytaknyga.lt\/"},{"@type":"ListItem","position":2,"name":"Parduotuv\u0117","item":"https:\/\/skaitytaknyga.lt\/knygu-parduotuve\/"},{"@type":"ListItem","position":3,"name":"Marijos s\u016bnaus gyvenimas. Kristaus gyvenimu iliustruota am\u017ei\u0173 sand\u016bra"}]},{"@type":"WebSite","@id":"https:\/\/skaitytaknyga.lt\/#website","url":"https:\/\/skaitytaknyga.lt\/","name":"skaitytaknyga.lt","description":"Skaitytaknyga.lt \u2013 tai ma\u017eas \u0161eimos verslas, kuris prasid\u0117jo nuo meil\u0117s knygoms ir siekio i\u0161gelb\u0117ti knygas nuo likimo prie konteinerio. Kas vienam nereikalingas daiktas \u2013 kitam lobis, o mes esame tarpininkai, kurie padeda abiems tapti laimingesniems ???? \u017dinome kaip nelengva i\u0161gyventi ma\u017eiems verslams, tad nuo \u0161iol, \u010dia rasite ir kit\u0173, ma\u017e\u0173 \u0161eim\u0173 versl\u0173, rank\u0173 darbo, dovan\u0173 sau ir artimiesiems.","publisher":{"@id":"https:\/\/skaitytaknyga.lt\/#organization"},"potentialAction":[{"@type":"SearchAction","target":{"@type":"EntryPoint","urlTemplate":"https:\/\/skaitytaknyga.lt\/?s={search_term_string}"},"query-input":{"@type":"PropertyValueSpecification","valueRequired":true,"valueName":"search_term_string"}}],"inLanguage":"en-GB"},{"@type":"Organization","@id":"https:\/\/skaitytaknyga.lt\/#organization","name":"skaitytaknyga.lt","url":"https:\/\/skaitytaknyga.lt\/","logo":{"@type":"ImageObject","inLanguage":"en-GB","@id":"https:\/\/skaitytaknyga.lt\/#\/schema\/logo\/image\/","url":"https:\/\/skaitytaknyga.lt\/wp-content\/uploads\/2024\/05\/cropped-cropped-cropped-02_00843_jt3bggkj1j3HLc7SyY6rEUpg.jpeg","contentUrl":"https:\/\/skaitytaknyga.lt\/wp-content\/uploads\/2024\/05\/cropped-cropped-cropped-02_00843_jt3bggkj1j3HLc7SyY6rEUpg.jpeg","width":1600,"height":1600,"caption":"skaitytaknyga.lt"},"image":{"@id":"https:\/\/skaitytaknyga.lt\/#\/schema\/logo\/image\/"},"sameAs":["https:\/\/www.facebook.com\/skaitytaknyga\/"]}]}},"_links":{"self":[{"href":"https:\/\/skaitytaknyga.lt\/en\/wp-json\/wp\/v2\/product\/16776","targetHints":{"allow":["GET"]}}],"collection":[{"href":"https:\/\/skaitytaknyga.lt\/en\/wp-json\/wp\/v2\/product"}],"about":[{"href":"https:\/\/skaitytaknyga.lt\/en\/wp-json\/wp\/v2\/types\/product"}],"replies":[{"embeddable":true,"href":"https:\/\/skaitytaknyga.lt\/en\/wp-json\/wp\/v2\/comments?post=16776"}],"wp:featuredmedia":[{"embeddable":true,"href":"https:\/\/skaitytaknyga.lt\/en\/wp-json\/wp\/v2\/media\/16777"}],"wp:attachment":[{"href":"https:\/\/skaitytaknyga.lt\/en\/wp-json\/wp\/v2\/media?parent=16776"}],"wp:term":[{"taxonomy":"product_brand","embeddable":true,"href":"https:\/\/skaitytaknyga.lt\/en\/wp-json\/wp\/v2\/product_brand?post=16776"},{"taxonomy":"product_cat","embeddable":true,"href":"https:\/\/skaitytaknyga.lt\/en\/wp-json\/wp\/v2\/product_cat?post=16776"},{"taxonomy":"product_tag","embeddable":true,"href":"https:\/\/skaitytaknyga.lt\/en\/wp-json\/wp\/v2\/product_tag?post=16776"}],"curies":[{"name":"wp","href":"https:\/\/api.w.org\/{rel}","templated":true}]}}