{"id":16772,"date":"2025-02-12T09:01:27","date_gmt":"2025-02-12T07:01:27","guid":{"rendered":"https:\/\/skaitytaknyga.lt\/?post_type=product&#038;p=16772"},"modified":"2025-02-12T09:04:52","modified_gmt":"2025-02-12T07:04:52","slug":"1000-gudrybiu-ir-patarimu-kaip-fotografuoti-ir-filmuoti","status":"publish","type":"product","link":"https:\/\/skaitytaknyga.lt\/en\/produktas\/1000-gudrybiu-ir-patarimu-kaip-fotografuoti-ir-filmuoti\/","title":{"rendered":"1000 gudrybi\u0173 ir patarim\u0173, kaip fotografuoti ir filmuoti"},"content":{"rendered":"<p>\u0160i knyga tikras fotografo ir operatoriaus draugas.<\/p>\n<p>Ji-ne tik spalvinga ir vaizdinga,bet ir ai\u0161ki,nes sukurta vadovaujantis taisykle: \u201e\u017dingsnis po \u017eingsnio\u201c.<\/p>\n<p>Knyga labai ai\u0161ki, atskleid\u017eia skaitmenin\u0117s fotografijos ir filmavimo specifik\u0105, padeda pasiekti profesionalumo ir akivaizd\u017ei\u0173 rezulatat\u0173.<\/p>\n<ul class=\"about-product d-none d-xl-block mt-4\">\n<li><strong>Autorius:<\/strong>\u00a0Philip Andrews,\u00a0Jamie Ewbank,\u00a0Lee Frost<\/li>\n<li><strong>Leid\u0117jas:<\/strong>\u00a0Akt\u0117ja<\/li>\n<li><strong>Metai:<\/strong>\u00a02012<\/li>\n<li><strong>Puslapiai:<\/strong>\u00a0256<\/li>\n<li class=\"toggleable type-new-formats \"><strong>ISBN:<\/strong>\u00a09789955212478<\/li>\n<li><strong>Versijos kodas:<\/strong>\u00a0PT.<\/li>\n<li class=\"toggleable type-new-formats \"><strong>Formatas:<\/strong>\u00a020,5 x 23 cm, mink\u0161ti vir\u0161eliai<\/li>\n<li><strong>Kalba:<\/strong>\u00a0Lietuvi\u0173<\/li>\n<li><strong>Vert\u0117jas:<\/strong>\u00a0Kazys Sadauskas<\/li>\n<\/ul>\n","protected":false},"excerpt":{"rendered":"<p>\u0160i knyga tikras fotografo ir operatoriaus draugas. Ji-ne tik spalvinga ir vaizdinga,bet ir ai\u0161ki,nes sukurta vadovaujantis taisykle: \u201e\u017dingsnis po \u017eingsnio\u201c. Knyga labai ai\u0161ki, atskleid\u017eia skaitmenin\u0117s fotografijos ir filmavimo specifik\u0105, padeda pasiekti profesionalumo ir akivaizd\u017ei\u0173 rezulatat\u0173. Autorius:\u00a0Philip Andrews,\u00a0Jamie Ewbank,\u00a0Lee Frost Leid\u0117jas:\u00a0Akt\u0117ja Metai:\u00a02012 Puslapiai:\u00a0256 ISBN:\u00a09789955212478 Versijos kodas:\u00a0PT. Formatas:\u00a020,5 x 23 cm, mink\u0161ti vir\u0161eliai Kalba:\u00a0Lietuvi\u0173 Vert\u0117jas:\u00a0Kazys Sadauskas<\/p>\n","protected":false},"featured_media":16773,"comment_status":"closed","ping_status":"closed","template":"","meta":{"_acf_changed":false,"site-sidebar-layout":"default","site-content-layout":"","ast-site-content-layout":"default","site-content-style":"default","site-sidebar-style":"default","ast-global-header-display":"","ast-banner-title-visibility":"","ast-main-header-display":"","ast-hfb-above-header-display":"","ast-hfb-below-header-display":"","ast-hfb-mobile-header-display":"","site-post-title":"","ast-breadcrumbs-content":"","ast-featured-img":"","footer-sml-layout":"","ast-disable-related-posts":"","theme-transparent-header-meta":"default","adv-header-id-meta":"","stick-header-meta":"","header-above-stick-meta":"","header-main-stick-meta":"","header-below-stick-meta":"","astra-migrate-meta-layouts":"set","ast-page-background-enabled":"default","ast-page-background-meta":{"desktop":{"background-color":"","background-image":"","background-repeat":"repeat","background-position":"center center","background-size":"auto","background-attachment":"scroll","background-type":"","background-media":"","overlay-type":"","overlay-color":"","overlay-opacity":"","overlay-gradient":""},"tablet":{"background-color":"","background-image":"","background-repeat":"repeat","background-position":"center center","background-size":"auto","background-attachment":"scroll","background-type":"","background-media":"","overlay-type":"","overlay-color":"","overlay-opacity":"","overlay-gradient":""},"mobile":{"background-color":"","background-image":"","background-repeat":"repeat","background-position":"center center","background-size":"auto","background-attachment":"scroll","background-type":"","background-media":"","overlay-type":"","overlay-color":"","overlay-opacity":"","overlay-gradient":""}},"ast-content-background-meta":{"desktop":{"background-color":"var(--ast-global-color-4)","background-image":"","background-repeat":"repeat","background-position":"center center","background-size":"auto","background-attachment":"scroll","background-type":"","background-media":"","overlay-type":"","overlay-color":"","overlay-opacity":"","overlay-gradient":""},"tablet":{"background-color":"var(--ast-global-color-4)","background-image":"","background-repeat":"repeat","background-position":"center center","background-size":"auto","background-attachment":"scroll","background-type":"","background-media":"","overlay-type":"","overlay-color":"","overlay-opacity":"","overlay-gradient":""},"mobile":{"background-color":"var(--ast-global-color-4)","background-image":"","background-repeat":"repeat","background-position":"center center","background-size":"auto","background-attachment":"scroll","background-type":"","background-media":"","overlay-type":"","overlay-color":"","overlay-opacity":"","overlay-gradient":""}}},"product_brand":[],"product_cat":[57],"product_tag":[],"class_list":{"0":"post-16772","1":"product","2":"type-product","3":"status-publish","4":"has-post-thumbnail","6":"product_cat-menas-ir-albumai","7":"desktop-align-left","8":"tablet-align-left","9":"mobile-align-left","11":"first","12":"instock","13":"shipping-taxable","14":"purchasable","15":"product-type-simple"},"acf":[],"yoast_head":"<!-- This site is optimized with the Yoast SEO plugin v27.4 - https:\/\/yoast.com\/product\/yoast-seo-wordpress\/ -->\n<title>1000 gudrybi\u0173 ir patarim\u0173, kaip fotografuoti ir filmuoti<\/title>\n<meta name=\"description\" content=\"\u0160i knyga tikras fotografo ir operatoriaus draugas. Ji-ne tik spalvinga ir vaizdinga,bet ir ai\u0161ki,nes sukurta vadovaujantis taisykle: \u201e\u017dingsnis po\" \/>\n<meta name=\"robots\" content=\"index, follow, max-snippet:-1, max-image-preview:large, max-video-preview:-1\" \/>\n<link rel=\"canonical\" href=\"https:\/\/skaitytaknyga.lt\/en\/produktas\/1000-gudrybiu-ir-patarimu-kaip-fotografuoti-ir-filmuoti\/\" \/>\n<meta property=\"og:locale\" content=\"en_GB\" \/>\n<meta property=\"og:locale:alternate\" content=\"lt_LT\" \/>\n<meta property=\"og:type\" content=\"article\" \/>\n<meta property=\"og:title\" content=\"1000 gudrybi\u0173 ir patarim\u0173, kaip fotografuoti ir filmuoti\" \/>\n<meta property=\"og:description\" content=\"\u0160i knyga tikras fotografo ir operatoriaus draugas. Ji-ne tik spalvinga ir vaizdinga,bet ir ai\u0161ki,nes sukurta vadovaujantis taisykle: \u201e\u017dingsnis po\" \/>\n<meta property=\"og:url\" content=\"https:\/\/skaitytaknyga.lt\/en\/produktas\/1000-gudrybiu-ir-patarimu-kaip-fotografuoti-ir-filmuoti\/\" \/>\n<meta property=\"og:site_name\" content=\"Skaitytaknyga\" \/>\n<meta property=\"article:publisher\" content=\"https:\/\/www.facebook.com\/skaitytaknyga\/\" \/>\n<meta property=\"article:modified_time\" content=\"2025-02-12T07:04:52+00:00\" \/>\n<meta property=\"og:image\" content=\"https:\/\/skaitytaknyga.lt\/wp-content\/uploads\/2025\/02\/1000-gudrybiu-ir-patarimu-kaip-fotografuoti-ir-filmuoti.webp\" \/>\n\t<meta property=\"og:image:width\" content=\"902\" \/>\n\t<meta property=\"og:image:height\" content=\"800\" \/>\n\t<meta property=\"og:image:type\" content=\"image\/webp\" \/>\n<meta name=\"twitter:card\" content=\"summary_large_image\" \/>\n<meta name=\"twitter:label1\" content=\"Estimated reading time\" \/>\n\t<meta name=\"twitter:data1\" content=\"1 minute\" \/>\n<script type=\"application\/ld+json\" class=\"yoast-schema-graph\">{\"@context\":\"https:\\\/\\\/schema.org\",\"@graph\":[{\"@type\":\"WebPage\",\"@id\":\"https:\\\/\\\/skaitytaknyga.lt\\\/produktas\\\/1000-gudrybiu-ir-patarimu-kaip-fotografuoti-ir-filmuoti\\\/\",\"url\":\"https:\\\/\\\/skaitytaknyga.lt\\\/produktas\\\/1000-gudrybiu-ir-patarimu-kaip-fotografuoti-ir-filmuoti\\\/\",\"name\":\"1000 gudrybi\u0173 ir patarim\u0173, kaip fotografuoti ir filmuoti\",\"isPartOf\":{\"@id\":\"https:\\\/\\\/skaitytaknyga.lt\\\/#website\"},\"primaryImageOfPage\":{\"@id\":\"https:\\\/\\\/skaitytaknyga.lt\\\/produktas\\\/1000-gudrybiu-ir-patarimu-kaip-fotografuoti-ir-filmuoti\\\/#primaryimage\"},\"image\":{\"@id\":\"https:\\\/\\\/skaitytaknyga.lt\\\/produktas\\\/1000-gudrybiu-ir-patarimu-kaip-fotografuoti-ir-filmuoti\\\/#primaryimage\"},\"thumbnailUrl\":\"https:\\\/\\\/skaitytaknyga.lt\\\/wp-content\\\/uploads\\\/2025\\\/02\\\/1000-gudrybiu-ir-patarimu-kaip-fotografuoti-ir-filmuoti.webp\",\"datePublished\":\"2025-02-12T07:01:27+00:00\",\"dateModified\":\"2025-02-12T07:04:52+00:00\",\"description\":\"\u0160i knyga tikras fotografo ir operatoriaus draugas. Ji-ne tik spalvinga ir vaizdinga,bet ir ai\u0161ki,nes sukurta vadovaujantis taisykle: \u201e\u017dingsnis po\",\"breadcrumb\":{\"@id\":\"https:\\\/\\\/skaitytaknyga.lt\\\/produktas\\\/1000-gudrybiu-ir-patarimu-kaip-fotografuoti-ir-filmuoti\\\/#breadcrumb\"},\"inLanguage\":\"en-GB\",\"potentialAction\":[{\"@type\":\"ReadAction\",\"target\":[\"https:\\\/\\\/skaitytaknyga.lt\\\/produktas\\\/1000-gudrybiu-ir-patarimu-kaip-fotografuoti-ir-filmuoti\\\/\"]}]},{\"@type\":\"ImageObject\",\"inLanguage\":\"en-GB\",\"@id\":\"https:\\\/\\\/skaitytaknyga.lt\\\/produktas\\\/1000-gudrybiu-ir-patarimu-kaip-fotografuoti-ir-filmuoti\\\/#primaryimage\",\"url\":\"https:\\\/\\\/skaitytaknyga.lt\\\/wp-content\\\/uploads\\\/2025\\\/02\\\/1000-gudrybiu-ir-patarimu-kaip-fotografuoti-ir-filmuoti.webp\",\"contentUrl\":\"https:\\\/\\\/skaitytaknyga.lt\\\/wp-content\\\/uploads\\\/2025\\\/02\\\/1000-gudrybiu-ir-patarimu-kaip-fotografuoti-ir-filmuoti.webp\",\"width\":902,\"height\":800,\"caption\":\"1000 gudrybi\u0173 ir patarim\u0173, kaip fotografuoti ir filmuoti\"},{\"@type\":\"BreadcrumbList\",\"@id\":\"https:\\\/\\\/skaitytaknyga.lt\\\/produktas\\\/1000-gudrybiu-ir-patarimu-kaip-fotografuoti-ir-filmuoti\\\/#breadcrumb\",\"itemListElement\":[{\"@type\":\"ListItem\",\"position\":1,\"name\":\"Home\",\"item\":\"https:\\\/\\\/skaitytaknyga.lt\\\/\"},{\"@type\":\"ListItem\",\"position\":2,\"name\":\"Parduotuv\u0117\",\"item\":\"https:\\\/\\\/skaitytaknyga.lt\\\/knygu-parduotuve\\\/\"},{\"@type\":\"ListItem\",\"position\":3,\"name\":\"1000 gudrybi\u0173 ir patarim\u0173, kaip fotografuoti ir filmuoti\"}]},{\"@type\":\"WebSite\",\"@id\":\"https:\\\/\\\/skaitytaknyga.lt\\\/#website\",\"url\":\"https:\\\/\\\/skaitytaknyga.lt\\\/\",\"name\":\"skaitytaknyga.lt\",\"description\":\"Skaitytaknyga.lt \u2013 tai ma\u017eas \u0161eimos verslas, kuris prasid\u0117jo nuo meil\u0117s knygoms ir siekio i\u0161gelb\u0117ti knygas nuo likimo prie konteinerio. Kas vienam nereikalingas daiktas \u2013 kitam lobis, o mes esame tarpininkai, kurie padeda abiems tapti laimingesniems ???? \u017dinome kaip nelengva i\u0161gyventi ma\u017eiems verslams, tad nuo \u0161iol, \u010dia rasite ir kit\u0173, ma\u017e\u0173 \u0161eim\u0173 versl\u0173, rank\u0173 darbo, dovan\u0173 sau ir artimiesiems.\",\"publisher\":{\"@id\":\"https:\\\/\\\/skaitytaknyga.lt\\\/#organization\"},\"potentialAction\":[{\"@type\":\"SearchAction\",\"target\":{\"@type\":\"EntryPoint\",\"urlTemplate\":\"https:\\\/\\\/skaitytaknyga.lt\\\/?s={search_term_string}\"},\"query-input\":{\"@type\":\"PropertyValueSpecification\",\"valueRequired\":true,\"valueName\":\"search_term_string\"}}],\"inLanguage\":\"en-GB\"},{\"@type\":\"Organization\",\"@id\":\"https:\\\/\\\/skaitytaknyga.lt\\\/#organization\",\"name\":\"skaitytaknyga.lt\",\"url\":\"https:\\\/\\\/skaitytaknyga.lt\\\/\",\"logo\":{\"@type\":\"ImageObject\",\"inLanguage\":\"en-GB\",\"@id\":\"https:\\\/\\\/skaitytaknyga.lt\\\/#\\\/schema\\\/logo\\\/image\\\/\",\"url\":\"https:\\\/\\\/skaitytaknyga.lt\\\/wp-content\\\/uploads\\\/2024\\\/05\\\/cropped-cropped-cropped-02_00843_jt3bggkj1j3HLc7SyY6rEUpg.jpeg\",\"contentUrl\":\"https:\\\/\\\/skaitytaknyga.lt\\\/wp-content\\\/uploads\\\/2024\\\/05\\\/cropped-cropped-cropped-02_00843_jt3bggkj1j3HLc7SyY6rEUpg.jpeg\",\"width\":1600,\"height\":1600,\"caption\":\"skaitytaknyga.lt\"},\"image\":{\"@id\":\"https:\\\/\\\/skaitytaknyga.lt\\\/#\\\/schema\\\/logo\\\/image\\\/\"},\"sameAs\":[\"https:\\\/\\\/www.facebook.com\\\/skaitytaknyga\\\/\"]}]}<\/script>\n<!-- \/ Yoast SEO plugin. -->","yoast_head_json":{"title":"1000 gudrybi\u0173 ir patarim\u0173, kaip fotografuoti ir filmuoti","description":"\u0160i knyga tikras fotografo ir operatoriaus draugas. Ji-ne tik spalvinga ir vaizdinga,bet ir ai\u0161ki,nes sukurta vadovaujantis taisykle: \u201e\u017dingsnis po","robots":{"index":"index","follow":"follow","max-snippet":"max-snippet:-1","max-image-preview":"max-image-preview:large","max-video-preview":"max-video-preview:-1"},"canonical":"https:\/\/skaitytaknyga.lt\/en\/produktas\/1000-gudrybiu-ir-patarimu-kaip-fotografuoti-ir-filmuoti\/","og_locale":"en_GB","og_type":"article","og_title":"[:lt]1000 gudrybi\u0173 ir patarim\u0173, kaip fotografuoti ir filmuoti[:] - Skaitytaknyga","og_description":"\u0160i knyga tikras fotografo ir operatoriaus draugas. Ji-ne tik spalvinga ir vaizdinga,bet ir ai\u0161ki,nes sukurta vadovaujantis taisykle: \u201e\u017dingsnis po","og_url":"https:\/\/skaitytaknyga.lt\/en\/produktas\/1000-gudrybiu-ir-patarimu-kaip-fotografuoti-ir-filmuoti\/","og_site_name":"Skaitytaknyga","article_publisher":"https:\/\/www.facebook.com\/skaitytaknyga\/","article_modified_time":"2025-02-12T07:04:52+00:00","og_image":[{"width":902,"height":800,"url":"https:\/\/skaitytaknyga.lt\/wp-content\/uploads\/2025\/02\/1000-gudrybiu-ir-patarimu-kaip-fotografuoti-ir-filmuoti.webp","type":"image\/webp"}],"twitter_card":"summary_large_image","twitter_misc":{"Estimated reading time":"1 minute"},"schema":{"@context":"https:\/\/schema.org","@graph":[{"@type":"WebPage","@id":"https:\/\/skaitytaknyga.lt\/produktas\/1000-gudrybiu-ir-patarimu-kaip-fotografuoti-ir-filmuoti\/","url":"https:\/\/skaitytaknyga.lt\/produktas\/1000-gudrybiu-ir-patarimu-kaip-fotografuoti-ir-filmuoti\/","name":"1000 gudrybi\u0173 ir patarim\u0173, kaip fotografuoti ir filmuoti","isPartOf":{"@id":"https:\/\/skaitytaknyga.lt\/#website"},"primaryImageOfPage":{"@id":"https:\/\/skaitytaknyga.lt\/produktas\/1000-gudrybiu-ir-patarimu-kaip-fotografuoti-ir-filmuoti\/#primaryimage"},"image":{"@id":"https:\/\/skaitytaknyga.lt\/produktas\/1000-gudrybiu-ir-patarimu-kaip-fotografuoti-ir-filmuoti\/#primaryimage"},"thumbnailUrl":"https:\/\/skaitytaknyga.lt\/wp-content\/uploads\/2025\/02\/1000-gudrybiu-ir-patarimu-kaip-fotografuoti-ir-filmuoti.webp","datePublished":"2025-02-12T07:01:27+00:00","dateModified":"2025-02-12T07:04:52+00:00","description":"\u0160i knyga tikras fotografo ir operatoriaus draugas. Ji-ne tik spalvinga ir vaizdinga,bet ir ai\u0161ki,nes sukurta vadovaujantis taisykle: \u201e\u017dingsnis po","breadcrumb":{"@id":"https:\/\/skaitytaknyga.lt\/produktas\/1000-gudrybiu-ir-patarimu-kaip-fotografuoti-ir-filmuoti\/#breadcrumb"},"inLanguage":"en-GB","potentialAction":[{"@type":"ReadAction","target":["https:\/\/skaitytaknyga.lt\/produktas\/1000-gudrybiu-ir-patarimu-kaip-fotografuoti-ir-filmuoti\/"]}]},{"@type":"ImageObject","inLanguage":"en-GB","@id":"https:\/\/skaitytaknyga.lt\/produktas\/1000-gudrybiu-ir-patarimu-kaip-fotografuoti-ir-filmuoti\/#primaryimage","url":"https:\/\/skaitytaknyga.lt\/wp-content\/uploads\/2025\/02\/1000-gudrybiu-ir-patarimu-kaip-fotografuoti-ir-filmuoti.webp","contentUrl":"https:\/\/skaitytaknyga.lt\/wp-content\/uploads\/2025\/02\/1000-gudrybiu-ir-patarimu-kaip-fotografuoti-ir-filmuoti.webp","width":902,"height":800,"caption":"1000 gudrybi\u0173 ir patarim\u0173, kaip fotografuoti ir filmuoti"},{"@type":"BreadcrumbList","@id":"https:\/\/skaitytaknyga.lt\/produktas\/1000-gudrybiu-ir-patarimu-kaip-fotografuoti-ir-filmuoti\/#breadcrumb","itemListElement":[{"@type":"ListItem","position":1,"name":"Home","item":"https:\/\/skaitytaknyga.lt\/"},{"@type":"ListItem","position":2,"name":"Parduotuv\u0117","item":"https:\/\/skaitytaknyga.lt\/knygu-parduotuve\/"},{"@type":"ListItem","position":3,"name":"1000 gudrybi\u0173 ir patarim\u0173, kaip fotografuoti ir filmuoti"}]},{"@type":"WebSite","@id":"https:\/\/skaitytaknyga.lt\/#website","url":"https:\/\/skaitytaknyga.lt\/","name":"skaitytaknyga.lt","description":"Skaitytaknyga.lt \u2013 tai ma\u017eas \u0161eimos verslas, kuris prasid\u0117jo nuo meil\u0117s knygoms ir siekio i\u0161gelb\u0117ti knygas nuo likimo prie konteinerio. Kas vienam nereikalingas daiktas \u2013 kitam lobis, o mes esame tarpininkai, kurie padeda abiems tapti laimingesniems ???? \u017dinome kaip nelengva i\u0161gyventi ma\u017eiems verslams, tad nuo \u0161iol, \u010dia rasite ir kit\u0173, ma\u017e\u0173 \u0161eim\u0173 versl\u0173, rank\u0173 darbo, dovan\u0173 sau ir artimiesiems.","publisher":{"@id":"https:\/\/skaitytaknyga.lt\/#organization"},"potentialAction":[{"@type":"SearchAction","target":{"@type":"EntryPoint","urlTemplate":"https:\/\/skaitytaknyga.lt\/?s={search_term_string}"},"query-input":{"@type":"PropertyValueSpecification","valueRequired":true,"valueName":"search_term_string"}}],"inLanguage":"en-GB"},{"@type":"Organization","@id":"https:\/\/skaitytaknyga.lt\/#organization","name":"skaitytaknyga.lt","url":"https:\/\/skaitytaknyga.lt\/","logo":{"@type":"ImageObject","inLanguage":"en-GB","@id":"https:\/\/skaitytaknyga.lt\/#\/schema\/logo\/image\/","url":"https:\/\/skaitytaknyga.lt\/wp-content\/uploads\/2024\/05\/cropped-cropped-cropped-02_00843_jt3bggkj1j3HLc7SyY6rEUpg.jpeg","contentUrl":"https:\/\/skaitytaknyga.lt\/wp-content\/uploads\/2024\/05\/cropped-cropped-cropped-02_00843_jt3bggkj1j3HLc7SyY6rEUpg.jpeg","width":1600,"height":1600,"caption":"skaitytaknyga.lt"},"image":{"@id":"https:\/\/skaitytaknyga.lt\/#\/schema\/logo\/image\/"},"sameAs":["https:\/\/www.facebook.com\/skaitytaknyga\/"]}]}},"_links":{"self":[{"href":"https:\/\/skaitytaknyga.lt\/en\/wp-json\/wp\/v2\/product\/16772","targetHints":{"allow":["GET"]}}],"collection":[{"href":"https:\/\/skaitytaknyga.lt\/en\/wp-json\/wp\/v2\/product"}],"about":[{"href":"https:\/\/skaitytaknyga.lt\/en\/wp-json\/wp\/v2\/types\/product"}],"replies":[{"embeddable":true,"href":"https:\/\/skaitytaknyga.lt\/en\/wp-json\/wp\/v2\/comments?post=16772"}],"wp:featuredmedia":[{"embeddable":true,"href":"https:\/\/skaitytaknyga.lt\/en\/wp-json\/wp\/v2\/media\/16773"}],"wp:attachment":[{"href":"https:\/\/skaitytaknyga.lt\/en\/wp-json\/wp\/v2\/media?parent=16772"}],"wp:term":[{"taxonomy":"product_brand","embeddable":true,"href":"https:\/\/skaitytaknyga.lt\/en\/wp-json\/wp\/v2\/product_brand?post=16772"},{"taxonomy":"product_cat","embeddable":true,"href":"https:\/\/skaitytaknyga.lt\/en\/wp-json\/wp\/v2\/product_cat?post=16772"},{"taxonomy":"product_tag","embeddable":true,"href":"https:\/\/skaitytaknyga.lt\/en\/wp-json\/wp\/v2\/product_tag?post=16772"}],"curies":[{"name":"wp","href":"https:\/\/api.w.org\/{rel}","templated":true}]}}